{"id":36374,"date":"2022-11-25T16:03:11","date_gmt":"2022-11-25T09:03:11","guid":{"rendered":"https:\/\/mouldking.store\/?post_type=product&#038;p=36374"},"modified":"2022-11-25T16:03:11","modified_gmt":"2022-11-25T09:03:11","slug":"tuole-6012-tank-mega-commander-with-4052-pieces","status":"publish","type":"product","link":"https:\/\/mouldking.store\/nb\/shop\/tuole-6012-tank-mega-commander-with-4052-pieces\/","title":{"rendered":"TUOLE 6012 Tank Mega Commander med 4052 stk"},"content":{"rendered":"<p>Produktinformasjon:<\/p>\n<ol>\n<li>Merke: TUOLE<\/li>\n<li>Kj\u00f8nn: Unisex<\/li>\n<li>Name: Tank Mega Commander<\/li>\n<li>Aldersgruppe: &gt; 6 \u00e5r gammel<\/li>\n<li>Model Number: 6012<\/li>\n<li>Klassifisering: Montering<\/li>\n<li>Plastblokkform: Selvl\u00e5sende murstein<\/li>\n<li>Materiale: Plast<\/li>\n<li>Plasttype: ABS<\/li>\n<li>Bricks Blocks:4052 PCS<\/li>\n<li>Size: 30.4 \u00d7 23.4 \u00d7 42.3 cm<\/li>\n<li>Inneholder detaljerte monteringsanvisninger.<\/li>\n<\/ol>\n<p>Legge merke til:<br \/>\n1. Uten original eske, men vi garanterer at v\u00e5re produkter har kvalitetssikring og pen emballasje.<br \/>\n2. Som alle delene vi har sjekket f\u00f8r frakt, s\u00e5 hvis du finner noen deler savnet eller skadet, ikke bekymre deg og bare kontakt oss, s\u00e5 kan vi sende dem til deg p\u00e5 nytt umiddelbart gratis.<\/p>\n<figure id=\"attachment_36375\" aria-describedby=\"caption-attachment-36375\" style=\"width: 800px\" class=\"wp-caption aligncenter\"><img fetchpriority=\"high\" decoding=\"async\" class=\"wp-image-36375 size-full\" src=\"https:\/\/mouldking.store\/wp-content\/uploads\/2022\/11\/Tank-Mega-Commander-TUOLE-6012-3.jpg\" alt=\"TUOLE 6012 Tank Mega Commander With 4052 Pieces\" width=\"800\" height=\"800\" title=\"-\" srcset=\"https:\/\/mouldking.store\/wp-content\/uploads\/2022\/11\/Tank-Mega-Commander-TUOLE-6012-3.jpg 800w, https:\/\/mouldking.store\/wp-content\/uploads\/2022\/11\/Tank-Mega-Commander-TUOLE-6012-3-300x300.jpg 300w, https:\/\/mouldking.store\/wp-content\/uploads\/2022\/11\/Tank-Mega-Commander-TUOLE-6012-3-768x768.jpg 768w, https:\/\/mouldking.store\/wp-content\/uploads\/2022\/11\/Tank-Mega-Commander-TUOLE-6012-3-600x600.jpg 600w, https:\/\/mouldking.store\/wp-content\/uploads\/2022\/11\/Tank-Mega-Commander-TUOLE-6012-3-150x150.jpg 150w, https:\/\/mouldking.store\/wp-content\/uploads\/2022\/11\/Tank-Mega-Commander-TUOLE-6012-3-60x60.jpg 60w, https:\/\/mouldking.store\/wp-content\/uploads\/2022\/11\/Tank-Mega-Commander-TUOLE-6012-3-90x90.jpg 90w\" sizes=\"(max-width: 800px) 100vw, 800px\" \/><figcaption id=\"caption-attachment-36375\" class=\"wp-caption-text\">TUOLE 6012 Tank Mega Commander med 4052 stk<\/figcaption><\/figure>\n<figure id=\"attachment_36376\" aria-describedby=\"caption-attachment-36376\" style=\"width: 800px\" class=\"wp-caption aligncenter\"><img decoding=\"async\" class=\"wp-image-36376 size-full\" src=\"https:\/\/mouldking.store\/wp-content\/uploads\/2022\/11\/Tank-Mega-Commander-TUOLE-6012-2.jpg\" alt=\"TUOLE 6012 Tank Mega Commander With 4052 Pieces\" width=\"800\" height=\"800\" title=\"-\" srcset=\"https:\/\/mouldking.store\/wp-content\/uploads\/2022\/11\/Tank-Mega-Commander-TUOLE-6012-2.jpg 800w, https:\/\/mouldking.store\/wp-content\/uploads\/2022\/11\/Tank-Mega-Commander-TUOLE-6012-2-300x300.jpg 300w, https:\/\/mouldking.store\/wp-content\/uploads\/2022\/11\/Tank-Mega-Commander-TUOLE-6012-2-768x768.jpg 768w, https:\/\/mouldking.store\/wp-content\/uploads\/2022\/11\/Tank-Mega-Commander-TUOLE-6012-2-600x600.jpg 600w, https:\/\/mouldking.store\/wp-content\/uploads\/2022\/11\/Tank-Mega-Commander-TUOLE-6012-2-150x150.jpg 150w, https:\/\/mouldking.store\/wp-content\/uploads\/2022\/11\/Tank-Mega-Commander-TUOLE-6012-2-60x60.jpg 60w, https:\/\/mouldking.store\/wp-content\/uploads\/2022\/11\/Tank-Mega-Commander-TUOLE-6012-2-90x90.jpg 90w\" sizes=\"(max-width: 800px) 100vw, 800px\" \/><figcaption id=\"caption-attachment-36376\" class=\"wp-caption-text\">TUOLE 6012 Tank Mega Commander med 4052 stk<\/figcaption><\/figure>\n<figure id=\"attachment_36377\" aria-describedby=\"caption-attachment-36377\" style=\"width: 800px\" class=\"wp-caption aligncenter\"><img decoding=\"async\" class=\"wp-image-36377 size-full\" src=\"https:\/\/mouldking.store\/wp-content\/uploads\/2022\/11\/Tank-Mega-Commander-TUOLE-6012-1.jpg\" alt=\"TUOLE 6012 Tank Mega Commander With 4052 Pieces\" width=\"800\" height=\"800\" title=\"-\" srcset=\"https:\/\/mouldking.store\/wp-content\/uploads\/2022\/11\/Tank-Mega-Commander-TUOLE-6012-1.jpg 800w, https:\/\/mouldking.store\/wp-content\/uploads\/2022\/11\/Tank-Mega-Commander-TUOLE-6012-1-300x300.jpg 300w, https:\/\/mouldking.store\/wp-content\/uploads\/2022\/11\/Tank-Mega-Commander-TUOLE-6012-1-768x768.jpg 768w, https:\/\/mouldking.store\/wp-content\/uploads\/2022\/11\/Tank-Mega-Commander-TUOLE-6012-1-600x600.jpg 600w, https:\/\/mouldking.store\/wp-content\/uploads\/2022\/11\/Tank-Mega-Commander-TUOLE-6012-1-150x150.jpg 150w, https:\/\/mouldking.store\/wp-content\/uploads\/2022\/11\/Tank-Mega-Commander-TUOLE-6012-1-60x60.jpg 60w, https:\/\/mouldking.store\/wp-content\/uploads\/2022\/11\/Tank-Mega-Commander-TUOLE-6012-1-90x90.jpg 90w\" sizes=\"(max-width: 800px) 100vw, 800px\" \/><figcaption id=\"caption-attachment-36377\" class=\"wp-caption-text\">TUOLE 6012 Tank Mega Commander med 4052 stk<\/figcaption><\/figure>","protected":false},"excerpt":{"rendered":"<p>Product information: Brand: TUOLE Gender: Unisex Name: Tank Mega Commander Age Range: &gt; 6 years old Model Number: 6012 Classification: Assemblage Plastic Block Shape: Self-Locking Bricks Material: Plastic Plastic Type: ABS Bricks Blocks:4052 PCS Size: 30.4 \u00d7 23.4 \u00d7 42.3 cm Contains detailed assembly instructions. Notice: 1. Without an original box, but we guarantee our [&hellip;]<\/p>","protected":false},"featured_media":36375,"comment_status":"closed","ping_status":"closed","template":"","meta":{"_acf_changed":false},"product_cat":[581],"product_tag":[8366,8368,8367,485,8370,7803,8369,8371,8365],"class_list":["product","first","instock","shipping-taxable","purchasable","product-type-simple"],"acf":[],"_links":{"self":[{"href":"https:\/\/mouldking.store\/nb\/wp-json\/wp\/v2\/product\/36374","targetHints":{"allow":["GET"]}}],"collection":[{"href":"https:\/\/mouldking.store\/nb\/wp-json\/wp\/v2\/product"}],"about":[{"href":"https:\/\/mouldking.store\/nb\/wp-json\/wp\/v2\/types\/product"}],"replies":[{"embeddable":true,"href":"https:\/\/mouldking.store\/nb\/wp-json\/wp\/v2\/comments?post=36374"}],"wp:featuredmedia":[{"embeddable":true,"href":"https:\/\/mouldking.store\/nb\/wp-json\/wp\/v2\/media\/36375"}],"wp:attachment":[{"href":"https:\/\/mouldking.store\/nb\/wp-json\/wp\/v2\/media?parent=36374"}],"wp:term":[{"taxonomy":"product_cat","embeddable":true,"href":"https:\/\/mouldking.store\/nb\/wp-json\/wp\/v2\/product_cat?post=36374"},{"taxonomy":"product_tag","embeddable":true,"href":"https:\/\/mouldking.store\/nb\/wp-json\/wp\/v2\/product_tag?post=36374"}],"curies":[{"name":"wp","href":"https:\/\/api.w.org\/{rel}","templated":true}]}}