{"id":36378,"date":"2022-11-25T16:09:31","date_gmt":"2022-11-25T09:09:31","guid":{"rendered":"https:\/\/mouldking.store\/?post_type=product&#038;p=36378"},"modified":"2022-11-25T16:09:31","modified_gmt":"2022-11-25T09:09:31","slug":"rihio-g5-03-roaster","status":"publish","type":"product","link":"https:\/\/mouldking.store\/nb\/shop\/rihio-g5-03-roaster\/","title":{"rendered":"RIHIO G5-03 ROSTER"},"content":{"rendered":"<p>Produktinformasjon:<\/p>\n<ol>\n<li>Merke: RIHIO<\/li>\n<li>Kj\u00f8nn: Unisex<\/li>\n<li>Navn: ROASTER<\/li>\n<li>Aldersgruppe: &gt; 6 \u00e5r gammel<\/li>\n<li>Modellnummer: G5-03<\/li>\n<li>Klassifisering: Montering<\/li>\n<li>Plastblokkform: Selvl\u00e5sende murstein<\/li>\n<li>Materiale: Plast<\/li>\n<li>Plasttype: ABS<\/li>\n<li>St\u00f8rrelse: 8,5 cm<\/li>\n<li>Inneholder detaljerte monteringsanvisninger.<\/li>\n<\/ol>\n<p>Legge merke til:<br \/>\n1. Uten original eske, men vi garanterer at v\u00e5re produkter har kvalitetssikring og pen emballasje.<br \/>\n2. Som alle delene vi har sjekket f\u00f8r frakt, s\u00e5 hvis du finner noen deler savnet eller skadet, ikke bekymre deg og bare kontakt oss, s\u00e5 kan vi sende dem til deg p\u00e5 nytt umiddelbart gratis.<\/p>\n<figure id=\"attachment_36379\" aria-describedby=\"caption-attachment-36379\" style=\"width: 800px\" class=\"wp-caption aligncenter\"><img fetchpriority=\"high\" decoding=\"async\" class=\"wp-image-36379 size-full\" src=\"https:\/\/mouldking.store\/wp-content\/uploads\/2022\/11\/RIHIO-G5-03-ROASTER-9.jpg\" alt=\"RIHIO G5-03 ROASTER\" width=\"800\" height=\"800\" title=\"-\" srcset=\"https:\/\/mouldking.store\/wp-content\/uploads\/2022\/11\/RIHIO-G5-03-ROASTER-9.jpg 800w, https:\/\/mouldking.store\/wp-content\/uploads\/2022\/11\/RIHIO-G5-03-ROASTER-9-300x300.jpg 300w, https:\/\/mouldking.store\/wp-content\/uploads\/2022\/11\/RIHIO-G5-03-ROASTER-9-768x768.jpg 768w, https:\/\/mouldking.store\/wp-content\/uploads\/2022\/11\/RIHIO-G5-03-ROASTER-9-600x600.jpg 600w, https:\/\/mouldking.store\/wp-content\/uploads\/2022\/11\/RIHIO-G5-03-ROASTER-9-150x150.jpg 150w, https:\/\/mouldking.store\/wp-content\/uploads\/2022\/11\/RIHIO-G5-03-ROASTER-9-60x60.jpg 60w, https:\/\/mouldking.store\/wp-content\/uploads\/2022\/11\/RIHIO-G5-03-ROASTER-9-90x90.jpg 90w\" sizes=\"(max-width: 800px) 100vw, 800px\" \/><figcaption id=\"caption-attachment-36379\" class=\"wp-caption-text\">RIHIO G5-03 ROSTER<\/figcaption><\/figure>\n<figure id=\"attachment_36380\" aria-describedby=\"caption-attachment-36380\" style=\"width: 800px\" class=\"wp-caption aligncenter\"><img decoding=\"async\" class=\"wp-image-36380 size-full\" src=\"https:\/\/mouldking.store\/wp-content\/uploads\/2022\/11\/RIHIO-G5-03-ROASTER-8.jpg\" alt=\"RIHIO G5-03 ROASTER\" width=\"800\" height=\"800\" title=\"-\" srcset=\"https:\/\/mouldking.store\/wp-content\/uploads\/2022\/11\/RIHIO-G5-03-ROASTER-8.jpg 800w, https:\/\/mouldking.store\/wp-content\/uploads\/2022\/11\/RIHIO-G5-03-ROASTER-8-300x300.jpg 300w, https:\/\/mouldking.store\/wp-content\/uploads\/2022\/11\/RIHIO-G5-03-ROASTER-8-768x768.jpg 768w, https:\/\/mouldking.store\/wp-content\/uploads\/2022\/11\/RIHIO-G5-03-ROASTER-8-600x600.jpg 600w, https:\/\/mouldking.store\/wp-content\/uploads\/2022\/11\/RIHIO-G5-03-ROASTER-8-150x150.jpg 150w, https:\/\/mouldking.store\/wp-content\/uploads\/2022\/11\/RIHIO-G5-03-ROASTER-8-60x60.jpg 60w, https:\/\/mouldking.store\/wp-content\/uploads\/2022\/11\/RIHIO-G5-03-ROASTER-8-90x90.jpg 90w\" sizes=\"(max-width: 800px) 100vw, 800px\" \/><figcaption id=\"caption-attachment-36380\" class=\"wp-caption-text\">RIHIO G5-03 ROSTER<\/figcaption><\/figure>\n<figure id=\"attachment_36381\" aria-describedby=\"caption-attachment-36381\" style=\"width: 800px\" class=\"wp-caption aligncenter\"><img decoding=\"async\" class=\"wp-image-36381 size-full\" src=\"https:\/\/mouldking.store\/wp-content\/uploads\/2022\/11\/RIHIO-G5-03-ROASTER-7.jpg\" alt=\"RIHIO G5-03 ROASTER\" width=\"800\" height=\"800\" title=\"-\" srcset=\"https:\/\/mouldking.store\/wp-content\/uploads\/2022\/11\/RIHIO-G5-03-ROASTER-7.jpg 800w, https:\/\/mouldking.store\/wp-content\/uploads\/2022\/11\/RIHIO-G5-03-ROASTER-7-300x300.jpg 300w, https:\/\/mouldking.store\/wp-content\/uploads\/2022\/11\/RIHIO-G5-03-ROASTER-7-768x768.jpg 768w, https:\/\/mouldking.store\/wp-content\/uploads\/2022\/11\/RIHIO-G5-03-ROASTER-7-600x600.jpg 600w, https:\/\/mouldking.store\/wp-content\/uploads\/2022\/11\/RIHIO-G5-03-ROASTER-7-150x150.jpg 150w, https:\/\/mouldking.store\/wp-content\/uploads\/2022\/11\/RIHIO-G5-03-ROASTER-7-60x60.jpg 60w, https:\/\/mouldking.store\/wp-content\/uploads\/2022\/11\/RIHIO-G5-03-ROASTER-7-90x90.jpg 90w\" sizes=\"(max-width: 800px) 100vw, 800px\" \/><figcaption id=\"caption-attachment-36381\" class=\"wp-caption-text\">RIHIO G5-03 ROSTER<\/figcaption><\/figure>\n<figure id=\"attachment_36382\" aria-describedby=\"caption-attachment-36382\" style=\"width: 800px\" class=\"wp-caption aligncenter\"><img loading=\"lazy\" decoding=\"async\" class=\"wp-image-36382 size-full\" src=\"https:\/\/mouldking.store\/wp-content\/uploads\/2022\/11\/RIHIO-G5-03-ROASTER-6.jpg\" alt=\"RIHIO G5-03 ROASTER\" width=\"800\" height=\"800\" title=\"-\" srcset=\"https:\/\/mouldking.store\/wp-content\/uploads\/2022\/11\/RIHIO-G5-03-ROASTER-6.jpg 800w, https:\/\/mouldking.store\/wp-content\/uploads\/2022\/11\/RIHIO-G5-03-ROASTER-6-300x300.jpg 300w, https:\/\/mouldking.store\/wp-content\/uploads\/2022\/11\/RIHIO-G5-03-ROASTER-6-768x768.jpg 768w, https:\/\/mouldking.store\/wp-content\/uploads\/2022\/11\/RIHIO-G5-03-ROASTER-6-600x600.jpg 600w, https:\/\/mouldking.store\/wp-content\/uploads\/2022\/11\/RIHIO-G5-03-ROASTER-6-150x150.jpg 150w, https:\/\/mouldking.store\/wp-content\/uploads\/2022\/11\/RIHIO-G5-03-ROASTER-6-60x60.jpg 60w, https:\/\/mouldking.store\/wp-content\/uploads\/2022\/11\/RIHIO-G5-03-ROASTER-6-90x90.jpg 90w\" sizes=\"(max-width: 800px) 100vw, 800px\" \/><figcaption id=\"caption-attachment-36382\" class=\"wp-caption-text\">RIHIO G5-03 ROSTER<\/figcaption><\/figure>\n<figure id=\"attachment_36383\" aria-describedby=\"caption-attachment-36383\" style=\"width: 800px\" class=\"wp-caption aligncenter\"><img loading=\"lazy\" decoding=\"async\" class=\"wp-image-36383 size-full\" src=\"https:\/\/mouldking.store\/wp-content\/uploads\/2022\/11\/RIHIO-G5-03-ROASTER-5.jpg\" alt=\"RIHIO G5-03 ROASTER\" width=\"800\" height=\"800\" title=\"-\" srcset=\"https:\/\/mouldking.store\/wp-content\/uploads\/2022\/11\/RIHIO-G5-03-ROASTER-5.jpg 800w, https:\/\/mouldking.store\/wp-content\/uploads\/2022\/11\/RIHIO-G5-03-ROASTER-5-300x300.jpg 300w, https:\/\/mouldking.store\/wp-content\/uploads\/2022\/11\/RIHIO-G5-03-ROASTER-5-768x768.jpg 768w, https:\/\/mouldking.store\/wp-content\/uploads\/2022\/11\/RIHIO-G5-03-ROASTER-5-600x600.jpg 600w, https:\/\/mouldking.store\/wp-content\/uploads\/2022\/11\/RIHIO-G5-03-ROASTER-5-150x150.jpg 150w, https:\/\/mouldking.store\/wp-content\/uploads\/2022\/11\/RIHIO-G5-03-ROASTER-5-60x60.jpg 60w, https:\/\/mouldking.store\/wp-content\/uploads\/2022\/11\/RIHIO-G5-03-ROASTER-5-90x90.jpg 90w\" sizes=\"(max-width: 800px) 100vw, 800px\" \/><figcaption id=\"caption-attachment-36383\" class=\"wp-caption-text\">RIHIO G5-03 ROSTER<\/figcaption><\/figure>\n<figure id=\"attachment_36384\" aria-describedby=\"caption-attachment-36384\" style=\"width: 1024px\" class=\"wp-caption aligncenter\"><img loading=\"lazy\" decoding=\"async\" class=\"wp-image-36384 size-full\" src=\"https:\/\/mouldking.store\/wp-content\/uploads\/2022\/11\/RIHIO-G5-03-ROASTER-4.jpg\" alt=\"RIHIO G5-03 ROASTER\" width=\"1024\" height=\"997\" title=\"-\" srcset=\"https:\/\/mouldking.store\/wp-content\/uploads\/2022\/11\/RIHIO-G5-03-ROASTER-4.jpg 1024w, https:\/\/mouldking.store\/wp-content\/uploads\/2022\/11\/RIHIO-G5-03-ROASTER-4-300x292.jpg 300w, https:\/\/mouldking.store\/wp-content\/uploads\/2022\/11\/RIHIO-G5-03-ROASTER-4-768x748.jpg 768w, https:\/\/mouldking.store\/wp-content\/uploads\/2022\/11\/RIHIO-G5-03-ROASTER-4-600x584.jpg 600w, https:\/\/mouldking.store\/wp-content\/uploads\/2022\/11\/RIHIO-G5-03-ROASTER-4-150x146.jpg 150w, https:\/\/mouldking.store\/wp-content\/uploads\/2022\/11\/RIHIO-G5-03-ROASTER-4-62x60.jpg 62w, https:\/\/mouldking.store\/wp-content\/uploads\/2022\/11\/RIHIO-G5-03-ROASTER-4-92x90.jpg 92w\" sizes=\"(max-width: 1024px) 100vw, 1024px\" \/><figcaption id=\"caption-attachment-36384\" class=\"wp-caption-text\">RIHIO G5-03 ROSTER<\/figcaption><\/figure>\n<figure id=\"attachment_36385\" aria-describedby=\"caption-attachment-36385\" style=\"width: 792px\" class=\"wp-caption aligncenter\"><img loading=\"lazy\" decoding=\"async\" class=\"wp-image-36385 size-full\" src=\"https:\/\/mouldking.store\/wp-content\/uploads\/2022\/11\/RIHIO-G5-03-ROASTER-3.jpg\" alt=\"RIHIO G5-03 ROASTER\" width=\"792\" height=\"1024\" title=\"-\" srcset=\"https:\/\/mouldking.store\/wp-content\/uploads\/2022\/11\/RIHIO-G5-03-ROASTER-3.jpg 792w, https:\/\/mouldking.store\/wp-content\/uploads\/2022\/11\/RIHIO-G5-03-ROASTER-3-232x300.jpg 232w, https:\/\/mouldking.store\/wp-content\/uploads\/2022\/11\/RIHIO-G5-03-ROASTER-3-768x993.jpg 768w, https:\/\/mouldking.store\/wp-content\/uploads\/2022\/11\/RIHIO-G5-03-ROASTER-3-300x388.jpg 300w, https:\/\/mouldking.store\/wp-content\/uploads\/2022\/11\/RIHIO-G5-03-ROASTER-3-600x776.jpg 600w, https:\/\/mouldking.store\/wp-content\/uploads\/2022\/11\/RIHIO-G5-03-ROASTER-3-116x150.jpg 116w, https:\/\/mouldking.store\/wp-content\/uploads\/2022\/11\/RIHIO-G5-03-ROASTER-3-46x60.jpg 46w, https:\/\/mouldking.store\/wp-content\/uploads\/2022\/11\/RIHIO-G5-03-ROASTER-3-70x90.jpg 70w\" sizes=\"(max-width: 792px) 100vw, 792px\" \/><figcaption id=\"caption-attachment-36385\" class=\"wp-caption-text\">RIHIO G5-03 ROSTER<\/figcaption><\/figure>\n<figure id=\"attachment_36386\" aria-describedby=\"caption-attachment-36386\" style=\"width: 987px\" class=\"wp-caption aligncenter\"><img loading=\"lazy\" decoding=\"async\" class=\"wp-image-36386 size-full\" src=\"https:\/\/mouldking.store\/wp-content\/uploads\/2022\/11\/RIHIO-G5-03-ROASTER-2.jpg\" alt=\"RIHIO G5-03 ROASTER\" width=\"987\" height=\"1024\" title=\"-\" srcset=\"https:\/\/mouldking.store\/wp-content\/uploads\/2022\/11\/RIHIO-G5-03-ROASTER-2.jpg 987w, https:\/\/mouldking.store\/wp-content\/uploads\/2022\/11\/RIHIO-G5-03-ROASTER-2-289x300.jpg 289w, https:\/\/mouldking.store\/wp-content\/uploads\/2022\/11\/RIHIO-G5-03-ROASTER-2-768x797.jpg 768w, https:\/\/mouldking.store\/wp-content\/uploads\/2022\/11\/RIHIO-G5-03-ROASTER-2-300x311.jpg 300w, https:\/\/mouldking.store\/wp-content\/uploads\/2022\/11\/RIHIO-G5-03-ROASTER-2-600x622.jpg 600w, https:\/\/mouldking.store\/wp-content\/uploads\/2022\/11\/RIHIO-G5-03-ROASTER-2-145x150.jpg 145w, https:\/\/mouldking.store\/wp-content\/uploads\/2022\/11\/RIHIO-G5-03-ROASTER-2-58x60.jpg 58w, https:\/\/mouldking.store\/wp-content\/uploads\/2022\/11\/RIHIO-G5-03-ROASTER-2-87x90.jpg 87w\" sizes=\"(max-width: 987px) 100vw, 987px\" \/><figcaption id=\"caption-attachment-36386\" class=\"wp-caption-text\">RIHIO G5-03 ROSTER<\/figcaption><\/figure>\n<figure id=\"attachment_36387\" aria-describedby=\"caption-attachment-36387\" style=\"width: 922px\" class=\"wp-caption aligncenter\"><img loading=\"lazy\" decoding=\"async\" class=\"wp-image-36387 size-full\" src=\"https:\/\/mouldking.store\/wp-content\/uploads\/2022\/11\/RIHIO-G5-03-ROASTER-1.jpg\" alt=\"RIHIO G5-03 ROASTER\" width=\"922\" height=\"1024\" title=\"-\" srcset=\"https:\/\/mouldking.store\/wp-content\/uploads\/2022\/11\/RIHIO-G5-03-ROASTER-1.jpg 922w, https:\/\/mouldking.store\/wp-content\/uploads\/2022\/11\/RIHIO-G5-03-ROASTER-1-270x300.jpg 270w, https:\/\/mouldking.store\/wp-content\/uploads\/2022\/11\/RIHIO-G5-03-ROASTER-1-768x853.jpg 768w, https:\/\/mouldking.store\/wp-content\/uploads\/2022\/11\/RIHIO-G5-03-ROASTER-1-300x333.jpg 300w, https:\/\/mouldking.store\/wp-content\/uploads\/2022\/11\/RIHIO-G5-03-ROASTER-1-600x666.jpg 600w, https:\/\/mouldking.store\/wp-content\/uploads\/2022\/11\/RIHIO-G5-03-ROASTER-1-135x150.jpg 135w, https:\/\/mouldking.store\/wp-content\/uploads\/2022\/11\/RIHIO-G5-03-ROASTER-1-54x60.jpg 54w, https:\/\/mouldking.store\/wp-content\/uploads\/2022\/11\/RIHIO-G5-03-ROASTER-1-81x90.jpg 81w\" sizes=\"(max-width: 922px) 100vw, 922px\" \/><figcaption id=\"caption-attachment-36387\" class=\"wp-caption-text\">RIHIO G5-03 ROSTER<\/figcaption><\/figure>","protected":false},"excerpt":{"rendered":"<p>Product information: Brand: RIHIO Gender: Unisex Name: ROASTER Age Range: &gt; 6 years old Model Number: G5-03 Classification: Assemblage Plastic Block Shape: Self-Locking Bricks Material: Plastic Plastic Type: ABS Size: 8.5 cm Contains detailed assembly instructions. Notice: 1. Without an original box, but we guarantee our products have quality assurance and nice packaging. 2. As [&hellip;]<\/p>","protected":false},"featured_media":36379,"comment_status":"closed","ping_status":"closed","template":"","meta":{"_acf_changed":false},"product_cat":[1365],"product_tag":[8374,8373,8376,8372,8375],"class_list":["product","first","instock","shipping-taxable","purchasable","product-type-simple"],"acf":[],"_links":{"self":[{"href":"https:\/\/mouldking.store\/nb\/wp-json\/wp\/v2\/product\/36378","targetHints":{"allow":["GET"]}}],"collection":[{"href":"https:\/\/mouldking.store\/nb\/wp-json\/wp\/v2\/product"}],"about":[{"href":"https:\/\/mouldking.store\/nb\/wp-json\/wp\/v2\/types\/product"}],"replies":[{"embeddable":true,"href":"https:\/\/mouldking.store\/nb\/wp-json\/wp\/v2\/comments?post=36378"}],"wp:featuredmedia":[{"embeddable":true,"href":"https:\/\/mouldking.store\/nb\/wp-json\/wp\/v2\/media\/36379"}],"wp:attachment":[{"href":"https:\/\/mouldking.store\/nb\/wp-json\/wp\/v2\/media?parent=36378"}],"wp:term":[{"taxonomy":"product_cat","embeddable":true,"href":"https:\/\/mouldking.store\/nb\/wp-json\/wp\/v2\/product_cat?post=36378"},{"taxonomy":"product_tag","embeddable":true,"href":"https:\/\/mouldking.store\/nb\/wp-json\/wp\/v2\/product_tag?post=36378"}],"curies":[{"name":"wp","href":"https:\/\/api.w.org\/{rel}","templated":true}]}}