{"id":36399,"date":"2022-11-25T16:23:08","date_gmt":"2022-11-25T09:23:08","guid":{"rendered":"https:\/\/mouldking.store\/?post_type=product&#038;p=36399"},"modified":"2022-11-25T16:23:08","modified_gmt":"2022-11-25T09:23:08","slug":"rihio-g5-01-snag-hater","status":"publish","type":"product","link":"https:\/\/mouldking.store\/nb\/shop\/rihio-g5-01-snag-hater\/","title":{"rendered":"RIHIO G5-01 SNAG HATER"},"content":{"rendered":"<p>Produktinformasjon:<\/p>\n<ol>\n<li>Merke: RIHIO<\/li>\n<li>Kj\u00f8nn: Unisex<\/li>\n<li>Name: SNAG HATER<\/li>\n<li>Aldersgruppe: &gt; 6 \u00e5r gammel<\/li>\n<li>Model Number: G5-01<\/li>\n<li>Klassifisering: Montering<\/li>\n<li>Plastblokkform: Selvl\u00e5sende murstein<\/li>\n<li>Materiale: Plast<\/li>\n<li>Plasttype: ABS<\/li>\n<li>Size:4.5 x 10 x 5 cm<\/li>\n<li>Inneholder detaljerte monteringsanvisninger.<\/li>\n<\/ol>\n<p>Legge merke til:<br \/>\n1. Uten original eske, men vi garanterer at v\u00e5re produkter har kvalitetssikring og pen emballasje.<br \/>\n2. Som alle delene vi har sjekket f\u00f8r frakt, s\u00e5 hvis du finner noen deler savnet eller skadet, ikke bekymre deg og bare kontakt oss, s\u00e5 kan vi sende dem til deg p\u00e5 nytt umiddelbart gratis.<\/p>\n<figure id=\"attachment_36400\" aria-describedby=\"caption-attachment-36400\" style=\"width: 800px\" class=\"wp-caption aligncenter\"><img fetchpriority=\"high\" decoding=\"async\" class=\"wp-image-36400 size-full\" src=\"https:\/\/mouldking.store\/wp-content\/uploads\/2022\/11\/RIHIO-G5-01-SNAG-HATER-9.jpg\" alt=\"RIHIO G5-01 SNAG HATER \" width=\"800\" height=\"800\" title=\"-\" srcset=\"https:\/\/mouldking.store\/wp-content\/uploads\/2022\/11\/RIHIO-G5-01-SNAG-HATER-9.jpg 800w, https:\/\/mouldking.store\/wp-content\/uploads\/2022\/11\/RIHIO-G5-01-SNAG-HATER-9-300x300.jpg 300w, https:\/\/mouldking.store\/wp-content\/uploads\/2022\/11\/RIHIO-G5-01-SNAG-HATER-9-768x768.jpg 768w, https:\/\/mouldking.store\/wp-content\/uploads\/2022\/11\/RIHIO-G5-01-SNAG-HATER-9-600x600.jpg 600w, https:\/\/mouldking.store\/wp-content\/uploads\/2022\/11\/RIHIO-G5-01-SNAG-HATER-9-150x150.jpg 150w, https:\/\/mouldking.store\/wp-content\/uploads\/2022\/11\/RIHIO-G5-01-SNAG-HATER-9-60x60.jpg 60w, https:\/\/mouldking.store\/wp-content\/uploads\/2022\/11\/RIHIO-G5-01-SNAG-HATER-9-90x90.jpg 90w\" sizes=\"(max-width: 800px) 100vw, 800px\" \/><figcaption id=\"caption-attachment-36400\" class=\"wp-caption-text\">RIHIO G5-01 SNAG HATER<\/figcaption><\/figure>\n<figure id=\"attachment_36401\" aria-describedby=\"caption-attachment-36401\" style=\"width: 800px\" class=\"wp-caption aligncenter\"><img decoding=\"async\" class=\"wp-image-36401 size-full\" src=\"https:\/\/mouldking.store\/wp-content\/uploads\/2022\/11\/RIHIO-G5-01-SNAG-HATER-8.jpg\" alt=\"RIHIO G5-01 SNAG HATER \" width=\"800\" height=\"800\" title=\"-\" srcset=\"https:\/\/mouldking.store\/wp-content\/uploads\/2022\/11\/RIHIO-G5-01-SNAG-HATER-8.jpg 800w, https:\/\/mouldking.store\/wp-content\/uploads\/2022\/11\/RIHIO-G5-01-SNAG-HATER-8-300x300.jpg 300w, https:\/\/mouldking.store\/wp-content\/uploads\/2022\/11\/RIHIO-G5-01-SNAG-HATER-8-768x768.jpg 768w, https:\/\/mouldking.store\/wp-content\/uploads\/2022\/11\/RIHIO-G5-01-SNAG-HATER-8-600x600.jpg 600w, https:\/\/mouldking.store\/wp-content\/uploads\/2022\/11\/RIHIO-G5-01-SNAG-HATER-8-150x150.jpg 150w, https:\/\/mouldking.store\/wp-content\/uploads\/2022\/11\/RIHIO-G5-01-SNAG-HATER-8-60x60.jpg 60w, https:\/\/mouldking.store\/wp-content\/uploads\/2022\/11\/RIHIO-G5-01-SNAG-HATER-8-90x90.jpg 90w\" sizes=\"(max-width: 800px) 100vw, 800px\" \/><figcaption id=\"caption-attachment-36401\" class=\"wp-caption-text\">RIHIO G5-01 SNAG HATER<\/figcaption><\/figure>\n<figure id=\"attachment_36402\" aria-describedby=\"caption-attachment-36402\" style=\"width: 800px\" class=\"wp-caption aligncenter\"><img decoding=\"async\" class=\"wp-image-36402 size-full\" src=\"https:\/\/mouldking.store\/wp-content\/uploads\/2022\/11\/RIHIO-G5-01-SNAG-HATER-7.jpg\" alt=\"RIHIO G5-01 SNAG HATER \" width=\"800\" height=\"800\" title=\"-\" srcset=\"https:\/\/mouldking.store\/wp-content\/uploads\/2022\/11\/RIHIO-G5-01-SNAG-HATER-7.jpg 800w, https:\/\/mouldking.store\/wp-content\/uploads\/2022\/11\/RIHIO-G5-01-SNAG-HATER-7-300x300.jpg 300w, https:\/\/mouldking.store\/wp-content\/uploads\/2022\/11\/RIHIO-G5-01-SNAG-HATER-7-768x768.jpg 768w, https:\/\/mouldking.store\/wp-content\/uploads\/2022\/11\/RIHIO-G5-01-SNAG-HATER-7-600x600.jpg 600w, https:\/\/mouldking.store\/wp-content\/uploads\/2022\/11\/RIHIO-G5-01-SNAG-HATER-7-150x150.jpg 150w, https:\/\/mouldking.store\/wp-content\/uploads\/2022\/11\/RIHIO-G5-01-SNAG-HATER-7-60x60.jpg 60w, https:\/\/mouldking.store\/wp-content\/uploads\/2022\/11\/RIHIO-G5-01-SNAG-HATER-7-90x90.jpg 90w\" sizes=\"(max-width: 800px) 100vw, 800px\" \/><figcaption id=\"caption-attachment-36402\" class=\"wp-caption-text\">RIHIO G5-01 SNAG HATER<\/figcaption><\/figure>\n<figure id=\"attachment_36403\" aria-describedby=\"caption-attachment-36403\" style=\"width: 800px\" class=\"wp-caption aligncenter\"><img loading=\"lazy\" decoding=\"async\" class=\"wp-image-36403 size-full\" src=\"https:\/\/mouldking.store\/wp-content\/uploads\/2022\/11\/RIHIO-G5-01-SNAG-HATER-6.jpg\" alt=\"RIHIO G5-01 SNAG HATER \" width=\"800\" height=\"800\" title=\"-\" srcset=\"https:\/\/mouldking.store\/wp-content\/uploads\/2022\/11\/RIHIO-G5-01-SNAG-HATER-6.jpg 800w, https:\/\/mouldking.store\/wp-content\/uploads\/2022\/11\/RIHIO-G5-01-SNAG-HATER-6-300x300.jpg 300w, https:\/\/mouldking.store\/wp-content\/uploads\/2022\/11\/RIHIO-G5-01-SNAG-HATER-6-768x768.jpg 768w, https:\/\/mouldking.store\/wp-content\/uploads\/2022\/11\/RIHIO-G5-01-SNAG-HATER-6-600x600.jpg 600w, https:\/\/mouldking.store\/wp-content\/uploads\/2022\/11\/RIHIO-G5-01-SNAG-HATER-6-150x150.jpg 150w, https:\/\/mouldking.store\/wp-content\/uploads\/2022\/11\/RIHIO-G5-01-SNAG-HATER-6-60x60.jpg 60w, https:\/\/mouldking.store\/wp-content\/uploads\/2022\/11\/RIHIO-G5-01-SNAG-HATER-6-90x90.jpg 90w\" sizes=\"(max-width: 800px) 100vw, 800px\" \/><figcaption id=\"caption-attachment-36403\" class=\"wp-caption-text\">RIHIO G5-01 SNAG HATER<\/figcaption><\/figure>\n<figure id=\"attachment_36404\" aria-describedby=\"caption-attachment-36404\" style=\"width: 800px\" class=\"wp-caption aligncenter\"><img loading=\"lazy\" decoding=\"async\" class=\"wp-image-36404 size-full\" src=\"https:\/\/mouldking.store\/wp-content\/uploads\/2022\/11\/RIHIO-G5-01-SNAG-HATER-5.jpg\" alt=\"RIHIO G5-01 SNAG HATER \" width=\"800\" height=\"800\" title=\"-\" srcset=\"https:\/\/mouldking.store\/wp-content\/uploads\/2022\/11\/RIHIO-G5-01-SNAG-HATER-5.jpg 800w, https:\/\/mouldking.store\/wp-content\/uploads\/2022\/11\/RIHIO-G5-01-SNAG-HATER-5-300x300.jpg 300w, https:\/\/mouldking.store\/wp-content\/uploads\/2022\/11\/RIHIO-G5-01-SNAG-HATER-5-768x768.jpg 768w, https:\/\/mouldking.store\/wp-content\/uploads\/2022\/11\/RIHIO-G5-01-SNAG-HATER-5-600x600.jpg 600w, https:\/\/mouldking.store\/wp-content\/uploads\/2022\/11\/RIHIO-G5-01-SNAG-HATER-5-150x150.jpg 150w, https:\/\/mouldking.store\/wp-content\/uploads\/2022\/11\/RIHIO-G5-01-SNAG-HATER-5-60x60.jpg 60w, https:\/\/mouldking.store\/wp-content\/uploads\/2022\/11\/RIHIO-G5-01-SNAG-HATER-5-90x90.jpg 90w\" sizes=\"(max-width: 800px) 100vw, 800px\" \/><figcaption id=\"caption-attachment-36404\" class=\"wp-caption-text\">RIHIO G5-01 SNAG HATER<\/figcaption><\/figure>\n<figure id=\"attachment_36405\" aria-describedby=\"caption-attachment-36405\" style=\"width: 1024px\" class=\"wp-caption aligncenter\"><img loading=\"lazy\" decoding=\"async\" class=\"wp-image-36405 size-full\" src=\"https:\/\/mouldking.store\/wp-content\/uploads\/2022\/11\/RIHIO-G5-01-SNAG-HATER-4.jpg\" alt=\"RIHIO G5-01 SNAG HATER \" width=\"1024\" height=\"967\" title=\"-\" srcset=\"https:\/\/mouldking.store\/wp-content\/uploads\/2022\/11\/RIHIO-G5-01-SNAG-HATER-4.jpg 1024w, https:\/\/mouldking.store\/wp-content\/uploads\/2022\/11\/RIHIO-G5-01-SNAG-HATER-4-300x283.jpg 300w, https:\/\/mouldking.store\/wp-content\/uploads\/2022\/11\/RIHIO-G5-01-SNAG-HATER-4-768x725.jpg 768w, https:\/\/mouldking.store\/wp-content\/uploads\/2022\/11\/RIHIO-G5-01-SNAG-HATER-4-600x567.jpg 600w, https:\/\/mouldking.store\/wp-content\/uploads\/2022\/11\/RIHIO-G5-01-SNAG-HATER-4-150x142.jpg 150w, https:\/\/mouldking.store\/wp-content\/uploads\/2022\/11\/RIHIO-G5-01-SNAG-HATER-4-64x60.jpg 64w, https:\/\/mouldking.store\/wp-content\/uploads\/2022\/11\/RIHIO-G5-01-SNAG-HATER-4-95x90.jpg 95w\" sizes=\"(max-width: 1024px) 100vw, 1024px\" \/><figcaption id=\"caption-attachment-36405\" class=\"wp-caption-text\">RIHIO G5-01 SNAG HATER<\/figcaption><\/figure>\n<figure id=\"attachment_36406\" aria-describedby=\"caption-attachment-36406\" style=\"width: 797px\" class=\"wp-caption aligncenter\"><img loading=\"lazy\" decoding=\"async\" class=\"wp-image-36406 size-full\" src=\"https:\/\/mouldking.store\/wp-content\/uploads\/2022\/11\/RIHIO-G5-01-SNAG-HATER-3.jpg\" alt=\"RIHIO G5-01 SNAG HATER \" width=\"797\" height=\"1024\" title=\"-\" srcset=\"https:\/\/mouldking.store\/wp-content\/uploads\/2022\/11\/RIHIO-G5-01-SNAG-HATER-3.jpg 797w, https:\/\/mouldking.store\/wp-content\/uploads\/2022\/11\/RIHIO-G5-01-SNAG-HATER-3-233x300.jpg 233w, https:\/\/mouldking.store\/wp-content\/uploads\/2022\/11\/RIHIO-G5-01-SNAG-HATER-3-768x987.jpg 768w, https:\/\/mouldking.store\/wp-content\/uploads\/2022\/11\/RIHIO-G5-01-SNAG-HATER-3-300x385.jpg 300w, https:\/\/mouldking.store\/wp-content\/uploads\/2022\/11\/RIHIO-G5-01-SNAG-HATER-3-600x771.jpg 600w, https:\/\/mouldking.store\/wp-content\/uploads\/2022\/11\/RIHIO-G5-01-SNAG-HATER-3-117x150.jpg 117w, https:\/\/mouldking.store\/wp-content\/uploads\/2022\/11\/RIHIO-G5-01-SNAG-HATER-3-47x60.jpg 47w, https:\/\/mouldking.store\/wp-content\/uploads\/2022\/11\/RIHIO-G5-01-SNAG-HATER-3-70x90.jpg 70w\" sizes=\"(max-width: 797px) 100vw, 797px\" \/><figcaption id=\"caption-attachment-36406\" class=\"wp-caption-text\">RIHIO G5-01 SNAG HATER<\/figcaption><\/figure>\n<figure id=\"attachment_36407\" aria-describedby=\"caption-attachment-36407\" style=\"width: 991px\" class=\"wp-caption aligncenter\"><img loading=\"lazy\" decoding=\"async\" class=\"wp-image-36407 size-full\" src=\"https:\/\/mouldking.store\/wp-content\/uploads\/2022\/11\/RIHIO-G5-01-SNAG-HATER-2.jpg\" alt=\"RIHIO G5-01 SNAG HATER \" width=\"991\" height=\"1024\" title=\"-\" srcset=\"https:\/\/mouldking.store\/wp-content\/uploads\/2022\/11\/RIHIO-G5-01-SNAG-HATER-2.jpg 991w, https:\/\/mouldking.store\/wp-content\/uploads\/2022\/11\/RIHIO-G5-01-SNAG-HATER-2-290x300.jpg 290w, https:\/\/mouldking.store\/wp-content\/uploads\/2022\/11\/RIHIO-G5-01-SNAG-HATER-2-768x794.jpg 768w, https:\/\/mouldking.store\/wp-content\/uploads\/2022\/11\/RIHIO-G5-01-SNAG-HATER-2-300x310.jpg 300w, https:\/\/mouldking.store\/wp-content\/uploads\/2022\/11\/RIHIO-G5-01-SNAG-HATER-2-600x620.jpg 600w, https:\/\/mouldking.store\/wp-content\/uploads\/2022\/11\/RIHIO-G5-01-SNAG-HATER-2-145x150.jpg 145w, https:\/\/mouldking.store\/wp-content\/uploads\/2022\/11\/RIHIO-G5-01-SNAG-HATER-2-58x60.jpg 58w, https:\/\/mouldking.store\/wp-content\/uploads\/2022\/11\/RIHIO-G5-01-SNAG-HATER-2-87x90.jpg 87w\" sizes=\"(max-width: 991px) 100vw, 991px\" \/><figcaption id=\"caption-attachment-36407\" class=\"wp-caption-text\">RIHIO G5-01 SNAG HATER<\/figcaption><\/figure>\n<figure id=\"attachment_36408\" aria-describedby=\"caption-attachment-36408\" style=\"width: 833px\" class=\"wp-caption aligncenter\"><img loading=\"lazy\" decoding=\"async\" class=\"wp-image-36408 size-full\" src=\"https:\/\/mouldking.store\/wp-content\/uploads\/2022\/11\/RIHIO-G5-01-SNAG-HATER-1.jpg\" alt=\"RIHIO G5-01 SNAG HATER \" width=\"833\" height=\"1024\" title=\"-\" srcset=\"https:\/\/mouldking.store\/wp-content\/uploads\/2022\/11\/RIHIO-G5-01-SNAG-HATER-1.jpg 833w, https:\/\/mouldking.store\/wp-content\/uploads\/2022\/11\/RIHIO-G5-01-SNAG-HATER-1-244x300.jpg 244w, https:\/\/mouldking.store\/wp-content\/uploads\/2022\/11\/RIHIO-G5-01-SNAG-HATER-1-768x944.jpg 768w, https:\/\/mouldking.store\/wp-content\/uploads\/2022\/11\/RIHIO-G5-01-SNAG-HATER-1-300x369.jpg 300w, https:\/\/mouldking.store\/wp-content\/uploads\/2022\/11\/RIHIO-G5-01-SNAG-HATER-1-600x738.jpg 600w, https:\/\/mouldking.store\/wp-content\/uploads\/2022\/11\/RIHIO-G5-01-SNAG-HATER-1-122x150.jpg 122w, https:\/\/mouldking.store\/wp-content\/uploads\/2022\/11\/RIHIO-G5-01-SNAG-HATER-1-49x60.jpg 49w, https:\/\/mouldking.store\/wp-content\/uploads\/2022\/11\/RIHIO-G5-01-SNAG-HATER-1-73x90.jpg 73w\" sizes=\"(max-width: 833px) 100vw, 833px\" \/><figcaption id=\"caption-attachment-36408\" class=\"wp-caption-text\">RIHIO G5-01 SNAG HATER<\/figcaption><\/figure>","protected":false},"excerpt":{"rendered":"<p>Ingen minifigurer<\/p>","protected":false},"featured_media":36400,"comment_status":"closed","ping_status":"closed","template":"","meta":{"_acf_changed":false},"product_cat":[1365],"product_tag":[8382,8384,8373,8386,8381,8383,8385],"class_list":["product","first","instock","shipping-taxable","purchasable","product-type-simple"],"acf":[],"_links":{"self":[{"href":"https:\/\/mouldking.store\/nb\/wp-json\/wp\/v2\/product\/36399","targetHints":{"allow":["GET"]}}],"collection":[{"href":"https:\/\/mouldking.store\/nb\/wp-json\/wp\/v2\/product"}],"about":[{"href":"https:\/\/mouldking.store\/nb\/wp-json\/wp\/v2\/types\/product"}],"replies":[{"embeddable":true,"href":"https:\/\/mouldking.store\/nb\/wp-json\/wp\/v2\/comments?post=36399"}],"wp:featuredmedia":[{"embeddable":true,"href":"https:\/\/mouldking.store\/nb\/wp-json\/wp\/v2\/media\/36400"}],"wp:attachment":[{"href":"https:\/\/mouldking.store\/nb\/wp-json\/wp\/v2\/media?parent=36399"}],"wp:term":[{"taxonomy":"product_cat","embeddable":true,"href":"https:\/\/mouldking.store\/nb\/wp-json\/wp\/v2\/product_cat?post=36399"},{"taxonomy":"product_tag","embeddable":true,"href":"https:\/\/mouldking.store\/nb\/wp-json\/wp\/v2\/product_tag?post=36399"}],"curies":[{"name":"wp","href":"https:\/\/api.w.org\/{rel}","templated":true}]}}