{"id":36409,"date":"2022-11-25T16:34:31","date_gmt":"2022-11-25T09:34:31","guid":{"rendered":"https:\/\/mouldking.store\/?post_type=product&#038;p=36409"},"modified":"2022-11-28T16:57:54","modified_gmt":"2022-11-28T09:57:54","slug":"rihio-mm010-dragonfly","status":"publish","type":"product","link":"https:\/\/mouldking.store\/nb\/shop\/rihio-mm010-dragonfly\/","title":{"rendered":"RIHIO MM010 LYSE"},"content":{"rendered":"<p>Produktinformasjon:<\/p>\n<ol>\n<li>Merke: RIHIO<\/li>\n<li>Kj\u00f8nn: Unisex<\/li>\n<li>Name: DRAGONFLY<\/li>\n<li>Aldersgruppe: &gt; 6 \u00e5r gammel<\/li>\n<li>Model Number: MM010<\/li>\n<li>Klassifisering: Montering<\/li>\n<li>Plastblokkform: Selvl\u00e5sende murstein<\/li>\n<li>Materiale: Plast<\/li>\n<li>Plasttype: ABS<\/li>\n<li>Size: \u00a011 x 24 x 10 cm<\/li>\n<li>Inneholder detaljerte monteringsanvisninger.<\/li>\n<\/ol>\n<p>Legge merke til:<br \/>\n1. Uten original eske, men vi garanterer at v\u00e5re produkter har kvalitetssikring og pen emballasje.<br \/>\n2. Som alle delene vi har sjekket f\u00f8r frakt, s\u00e5 hvis du finner noen deler savnet eller skadet, ikke bekymre deg og bare kontakt oss, s\u00e5 kan vi sende dem til deg p\u00e5 nytt umiddelbart gratis.<\/p>\n<figure id=\"attachment_36410\" aria-describedby=\"caption-attachment-36410\" style=\"width: 800px\" class=\"wp-caption aligncenter\"><img fetchpriority=\"high\" decoding=\"async\" class=\"wp-image-36410 size-full\" src=\"https:\/\/mouldking.store\/wp-content\/uploads\/2022\/11\/RIHIO-MM010-DRAGONFLY-17.jpg\" alt=\"RIHIO MM010 DRAGONFLY \" width=\"800\" height=\"800\" title=\"-\" srcset=\"https:\/\/mouldking.store\/wp-content\/uploads\/2022\/11\/RIHIO-MM010-DRAGONFLY-17.jpg 800w, https:\/\/mouldking.store\/wp-content\/uploads\/2022\/11\/RIHIO-MM010-DRAGONFLY-17-300x300.jpg 300w, https:\/\/mouldking.store\/wp-content\/uploads\/2022\/11\/RIHIO-MM010-DRAGONFLY-17-768x768.jpg 768w, https:\/\/mouldking.store\/wp-content\/uploads\/2022\/11\/RIHIO-MM010-DRAGONFLY-17-600x600.jpg 600w, https:\/\/mouldking.store\/wp-content\/uploads\/2022\/11\/RIHIO-MM010-DRAGONFLY-17-150x150.jpg 150w, https:\/\/mouldking.store\/wp-content\/uploads\/2022\/11\/RIHIO-MM010-DRAGONFLY-17-60x60.jpg 60w, https:\/\/mouldking.store\/wp-content\/uploads\/2022\/11\/RIHIO-MM010-DRAGONFLY-17-90x90.jpg 90w\" sizes=\"(max-width: 800px) 100vw, 800px\" \/><figcaption id=\"caption-attachment-36410\" class=\"wp-caption-text\">RIHIO MM010 LYSE<\/figcaption><\/figure>\n<figure id=\"attachment_36411\" aria-describedby=\"caption-attachment-36411\" style=\"width: 800px\" class=\"wp-caption aligncenter\"><img decoding=\"async\" class=\"wp-image-36411 size-full\" src=\"https:\/\/mouldking.store\/wp-content\/uploads\/2022\/11\/RIHIO-MM010-DRAGONFLY-16.jpg\" alt=\"RIHIO MM010 DRAGONFLY \" width=\"800\" height=\"800\" title=\"-\" srcset=\"https:\/\/mouldking.store\/wp-content\/uploads\/2022\/11\/RIHIO-MM010-DRAGONFLY-16.jpg 800w, https:\/\/mouldking.store\/wp-content\/uploads\/2022\/11\/RIHIO-MM010-DRAGONFLY-16-300x300.jpg 300w, https:\/\/mouldking.store\/wp-content\/uploads\/2022\/11\/RIHIO-MM010-DRAGONFLY-16-768x768.jpg 768w, https:\/\/mouldking.store\/wp-content\/uploads\/2022\/11\/RIHIO-MM010-DRAGONFLY-16-600x600.jpg 600w, https:\/\/mouldking.store\/wp-content\/uploads\/2022\/11\/RIHIO-MM010-DRAGONFLY-16-150x150.jpg 150w, https:\/\/mouldking.store\/wp-content\/uploads\/2022\/11\/RIHIO-MM010-DRAGONFLY-16-60x60.jpg 60w, https:\/\/mouldking.store\/wp-content\/uploads\/2022\/11\/RIHIO-MM010-DRAGONFLY-16-90x90.jpg 90w\" sizes=\"(max-width: 800px) 100vw, 800px\" \/><figcaption id=\"caption-attachment-36411\" class=\"wp-caption-text\">RIHIO MM010 LYSE<\/figcaption><\/figure>\n<figure id=\"attachment_36412\" aria-describedby=\"caption-attachment-36412\" style=\"width: 800px\" class=\"wp-caption aligncenter\"><img decoding=\"async\" class=\"wp-image-36412 size-full\" src=\"https:\/\/mouldking.store\/wp-content\/uploads\/2022\/11\/RIHIO-MM010-DRAGONFLY-15.jpg\" alt=\"RIHIO MM010 DRAGONFLY \" width=\"800\" height=\"800\" title=\"-\" srcset=\"https:\/\/mouldking.store\/wp-content\/uploads\/2022\/11\/RIHIO-MM010-DRAGONFLY-15.jpg 800w, https:\/\/mouldking.store\/wp-content\/uploads\/2022\/11\/RIHIO-MM010-DRAGONFLY-15-300x300.jpg 300w, https:\/\/mouldking.store\/wp-content\/uploads\/2022\/11\/RIHIO-MM010-DRAGONFLY-15-768x768.jpg 768w, https:\/\/mouldking.store\/wp-content\/uploads\/2022\/11\/RIHIO-MM010-DRAGONFLY-15-600x600.jpg 600w, https:\/\/mouldking.store\/wp-content\/uploads\/2022\/11\/RIHIO-MM010-DRAGONFLY-15-150x150.jpg 150w, https:\/\/mouldking.store\/wp-content\/uploads\/2022\/11\/RIHIO-MM010-DRAGONFLY-15-60x60.jpg 60w, https:\/\/mouldking.store\/wp-content\/uploads\/2022\/11\/RIHIO-MM010-DRAGONFLY-15-90x90.jpg 90w\" sizes=\"(max-width: 800px) 100vw, 800px\" \/><figcaption id=\"caption-attachment-36412\" class=\"wp-caption-text\">RIHIO MM010 LYSE<\/figcaption><\/figure>\n<figure id=\"attachment_36413\" aria-describedby=\"caption-attachment-36413\" style=\"width: 800px\" class=\"wp-caption aligncenter\"><img loading=\"lazy\" decoding=\"async\" class=\"wp-image-36413 size-full\" src=\"https:\/\/mouldking.store\/wp-content\/uploads\/2022\/11\/RIHIO-MM010-DRAGONFLY-14.jpg\" alt=\"RIHIO MM010 DRAGONFLY \" width=\"800\" height=\"800\" title=\"-\" srcset=\"https:\/\/mouldking.store\/wp-content\/uploads\/2022\/11\/RIHIO-MM010-DRAGONFLY-14.jpg 800w, https:\/\/mouldking.store\/wp-content\/uploads\/2022\/11\/RIHIO-MM010-DRAGONFLY-14-300x300.jpg 300w, https:\/\/mouldking.store\/wp-content\/uploads\/2022\/11\/RIHIO-MM010-DRAGONFLY-14-768x768.jpg 768w, https:\/\/mouldking.store\/wp-content\/uploads\/2022\/11\/RIHIO-MM010-DRAGONFLY-14-600x600.jpg 600w, https:\/\/mouldking.store\/wp-content\/uploads\/2022\/11\/RIHIO-MM010-DRAGONFLY-14-150x150.jpg 150w, https:\/\/mouldking.store\/wp-content\/uploads\/2022\/11\/RIHIO-MM010-DRAGONFLY-14-60x60.jpg 60w, https:\/\/mouldking.store\/wp-content\/uploads\/2022\/11\/RIHIO-MM010-DRAGONFLY-14-90x90.jpg 90w\" sizes=\"(max-width: 800px) 100vw, 800px\" \/><figcaption id=\"caption-attachment-36413\" class=\"wp-caption-text\">RIHIO MM010 LYSE<\/figcaption><\/figure>\n<figure id=\"attachment_36414\" aria-describedby=\"caption-attachment-36414\" style=\"width: 800px\" class=\"wp-caption aligncenter\"><img loading=\"lazy\" decoding=\"async\" class=\"wp-image-36414 size-full\" src=\"https:\/\/mouldking.store\/wp-content\/uploads\/2022\/11\/RIHIO-MM010-DRAGONFLY-13.jpg\" alt=\"RIHIO MM010 DRAGONFLY \" width=\"800\" height=\"800\" title=\"-\" srcset=\"https:\/\/mouldking.store\/wp-content\/uploads\/2022\/11\/RIHIO-MM010-DRAGONFLY-13.jpg 800w, https:\/\/mouldking.store\/wp-content\/uploads\/2022\/11\/RIHIO-MM010-DRAGONFLY-13-300x300.jpg 300w, https:\/\/mouldking.store\/wp-content\/uploads\/2022\/11\/RIHIO-MM010-DRAGONFLY-13-768x768.jpg 768w, https:\/\/mouldking.store\/wp-content\/uploads\/2022\/11\/RIHIO-MM010-DRAGONFLY-13-600x600.jpg 600w, https:\/\/mouldking.store\/wp-content\/uploads\/2022\/11\/RIHIO-MM010-DRAGONFLY-13-150x150.jpg 150w, https:\/\/mouldking.store\/wp-content\/uploads\/2022\/11\/RIHIO-MM010-DRAGONFLY-13-60x60.jpg 60w, https:\/\/mouldking.store\/wp-content\/uploads\/2022\/11\/RIHIO-MM010-DRAGONFLY-13-90x90.jpg 90w\" sizes=\"(max-width: 800px) 100vw, 800px\" \/><figcaption id=\"caption-attachment-36414\" class=\"wp-caption-text\">RIHIO MM010 LYSE<\/figcaption><\/figure>\n<figure id=\"attachment_36415\" aria-describedby=\"caption-attachment-36415\" style=\"width: 1024px\" class=\"wp-caption aligncenter\"><img loading=\"lazy\" decoding=\"async\" class=\"wp-image-36415 size-full\" src=\"https:\/\/mouldking.store\/wp-content\/uploads\/2022\/11\/RIHIO-MM010-DRAGONFLY-12.jpg\" alt=\"RIHIO MM010 DRAGONFLY \" width=\"1024\" height=\"1016\" title=\"-\" srcset=\"https:\/\/mouldking.store\/wp-content\/uploads\/2022\/11\/RIHIO-MM010-DRAGONFLY-12.jpg 1024w, https:\/\/mouldking.store\/wp-content\/uploads\/2022\/11\/RIHIO-MM010-DRAGONFLY-12-300x298.jpg 300w, https:\/\/mouldking.store\/wp-content\/uploads\/2022\/11\/RIHIO-MM010-DRAGONFLY-12-768x762.jpg 768w, https:\/\/mouldking.store\/wp-content\/uploads\/2022\/11\/RIHIO-MM010-DRAGONFLY-12-600x595.jpg 600w, https:\/\/mouldking.store\/wp-content\/uploads\/2022\/11\/RIHIO-MM010-DRAGONFLY-12-150x150.jpg 150w, https:\/\/mouldking.store\/wp-content\/uploads\/2022\/11\/RIHIO-MM010-DRAGONFLY-12-60x60.jpg 60w, https:\/\/mouldking.store\/wp-content\/uploads\/2022\/11\/RIHIO-MM010-DRAGONFLY-12-91x90.jpg 91w\" sizes=\"(max-width: 1024px) 100vw, 1024px\" \/><figcaption id=\"caption-attachment-36415\" class=\"wp-caption-text\">RIHIO MM010 LYSE<\/figcaption><\/figure>\n<figure id=\"attachment_36416\" aria-describedby=\"caption-attachment-36416\" style=\"width: 838px\" class=\"wp-caption aligncenter\"><img loading=\"lazy\" decoding=\"async\" class=\"wp-image-36416 size-full\" src=\"https:\/\/mouldking.store\/wp-content\/uploads\/2022\/11\/RIHIO-MM010-DRAGONFLY-11.jpg\" alt=\"RIHIO MM010 DRAGONFLY \" width=\"838\" height=\"1024\" title=\"-\" srcset=\"https:\/\/mouldking.store\/wp-content\/uploads\/2022\/11\/RIHIO-MM010-DRAGONFLY-11.jpg 838w, https:\/\/mouldking.store\/wp-content\/uploads\/2022\/11\/RIHIO-MM010-DRAGONFLY-11-246x300.jpg 246w, https:\/\/mouldking.store\/wp-content\/uploads\/2022\/11\/RIHIO-MM010-DRAGONFLY-11-768x938.jpg 768w, https:\/\/mouldking.store\/wp-content\/uploads\/2022\/11\/RIHIO-MM010-DRAGONFLY-11-300x367.jpg 300w, https:\/\/mouldking.store\/wp-content\/uploads\/2022\/11\/RIHIO-MM010-DRAGONFLY-11-600x733.jpg 600w, https:\/\/mouldking.store\/wp-content\/uploads\/2022\/11\/RIHIO-MM010-DRAGONFLY-11-123x150.jpg 123w, https:\/\/mouldking.store\/wp-content\/uploads\/2022\/11\/RIHIO-MM010-DRAGONFLY-11-49x60.jpg 49w, https:\/\/mouldking.store\/wp-content\/uploads\/2022\/11\/RIHIO-MM010-DRAGONFLY-11-74x90.jpg 74w\" sizes=\"(max-width: 838px) 100vw, 838px\" \/><figcaption id=\"caption-attachment-36416\" class=\"wp-caption-text\">RIHIO MM010 LYSE<\/figcaption><\/figure>\n<figure id=\"attachment_36417\" aria-describedby=\"caption-attachment-36417\" style=\"width: 895px\" class=\"wp-caption aligncenter\"><img loading=\"lazy\" decoding=\"async\" class=\"wp-image-36417 size-full\" src=\"https:\/\/mouldking.store\/wp-content\/uploads\/2022\/11\/RIHIO-MM010-DRAGONFLY-10.jpg\" alt=\"RIHIO MM010 DRAGONFLY \" width=\"895\" height=\"1024\" title=\"-\" srcset=\"https:\/\/mouldking.store\/wp-content\/uploads\/2022\/11\/RIHIO-MM010-DRAGONFLY-10.jpg 895w, https:\/\/mouldking.store\/wp-content\/uploads\/2022\/11\/RIHIO-MM010-DRAGONFLY-10-262x300.jpg 262w, https:\/\/mouldking.store\/wp-content\/uploads\/2022\/11\/RIHIO-MM010-DRAGONFLY-10-768x879.jpg 768w, https:\/\/mouldking.store\/wp-content\/uploads\/2022\/11\/RIHIO-MM010-DRAGONFLY-10-300x343.jpg 300w, https:\/\/mouldking.store\/wp-content\/uploads\/2022\/11\/RIHIO-MM010-DRAGONFLY-10-600x686.jpg 600w, https:\/\/mouldking.store\/wp-content\/uploads\/2022\/11\/RIHIO-MM010-DRAGONFLY-10-131x150.jpg 131w, https:\/\/mouldking.store\/wp-content\/uploads\/2022\/11\/RIHIO-MM010-DRAGONFLY-10-52x60.jpg 52w, https:\/\/mouldking.store\/wp-content\/uploads\/2022\/11\/RIHIO-MM010-DRAGONFLY-10-79x90.jpg 79w\" sizes=\"(max-width: 895px) 100vw, 895px\" \/><figcaption id=\"caption-attachment-36417\" class=\"wp-caption-text\">RIHIO MM010 LYSE<\/figcaption><\/figure>\n<figure id=\"attachment_36418\" aria-describedby=\"caption-attachment-36418\" style=\"width: 1024px\" class=\"wp-caption aligncenter\"><img loading=\"lazy\" decoding=\"async\" class=\"wp-image-36418 size-full\" src=\"https:\/\/mouldking.store\/wp-content\/uploads\/2022\/11\/RIHIO-MM010-DRAGONFLY-9.jpg\" alt=\"RIHIO MM010 DRAGONFLY \" width=\"1024\" height=\"1013\" title=\"-\" srcset=\"https:\/\/mouldking.store\/wp-content\/uploads\/2022\/11\/RIHIO-MM010-DRAGONFLY-9.jpg 1024w, https:\/\/mouldking.store\/wp-content\/uploads\/2022\/11\/RIHIO-MM010-DRAGONFLY-9-300x297.jpg 300w, https:\/\/mouldking.store\/wp-content\/uploads\/2022\/11\/RIHIO-MM010-DRAGONFLY-9-768x760.jpg 768w, https:\/\/mouldking.store\/wp-content\/uploads\/2022\/11\/RIHIO-MM010-DRAGONFLY-9-600x594.jpg 600w, https:\/\/mouldking.store\/wp-content\/uploads\/2022\/11\/RIHIO-MM010-DRAGONFLY-9-150x148.jpg 150w, https:\/\/mouldking.store\/wp-content\/uploads\/2022\/11\/RIHIO-MM010-DRAGONFLY-9-61x60.jpg 61w, https:\/\/mouldking.store\/wp-content\/uploads\/2022\/11\/RIHIO-MM010-DRAGONFLY-9-91x90.jpg 91w\" sizes=\"(max-width: 1024px) 100vw, 1024px\" \/><figcaption id=\"caption-attachment-36418\" class=\"wp-caption-text\">RIHIO MM010 LYSE<\/figcaption><\/figure>\n<figure id=\"attachment_36419\" aria-describedby=\"caption-attachment-36419\" style=\"width: 1024px\" class=\"wp-caption aligncenter\"><img loading=\"lazy\" decoding=\"async\" class=\"wp-image-36419 size-full\" src=\"https:\/\/mouldking.store\/wp-content\/uploads\/2022\/11\/RIHIO-MM010-DRAGONFLY-8.jpg\" alt=\"RIHIO MM010 DRAGONFLY \" width=\"1024\" height=\"841\" title=\"-\" srcset=\"https:\/\/mouldking.store\/wp-content\/uploads\/2022\/11\/RIHIO-MM010-DRAGONFLY-8.jpg 1024w, https:\/\/mouldking.store\/wp-content\/uploads\/2022\/11\/RIHIO-MM010-DRAGONFLY-8-300x246.jpg 300w, https:\/\/mouldking.store\/wp-content\/uploads\/2022\/11\/RIHIO-MM010-DRAGONFLY-8-768x631.jpg 768w, https:\/\/mouldking.store\/wp-content\/uploads\/2022\/11\/RIHIO-MM010-DRAGONFLY-8-600x493.jpg 600w, https:\/\/mouldking.store\/wp-content\/uploads\/2022\/11\/RIHIO-MM010-DRAGONFLY-8-150x123.jpg 150w, https:\/\/mouldking.store\/wp-content\/uploads\/2022\/11\/RIHIO-MM010-DRAGONFLY-8-73x60.jpg 73w, https:\/\/mouldking.store\/wp-content\/uploads\/2022\/11\/RIHIO-MM010-DRAGONFLY-8-110x90.jpg 110w\" sizes=\"(max-width: 1024px) 100vw, 1024px\" \/><figcaption id=\"caption-attachment-36419\" class=\"wp-caption-text\">RIHIO MM010 LYSE<\/figcaption><\/figure>\n<figure id=\"attachment_36420\" aria-describedby=\"caption-attachment-36420\" style=\"width: 895px\" class=\"wp-caption aligncenter\"><img loading=\"lazy\" decoding=\"async\" class=\"wp-image-36420 size-full\" src=\"https:\/\/mouldking.store\/wp-content\/uploads\/2022\/11\/RIHIO-MM010-DRAGONFLY-7.jpg\" alt=\"RIHIO MM010 DRAGONFLY \" width=\"895\" height=\"1024\" title=\"-\" srcset=\"https:\/\/mouldking.store\/wp-content\/uploads\/2022\/11\/RIHIO-MM010-DRAGONFLY-7.jpg 895w, https:\/\/mouldking.store\/wp-content\/uploads\/2022\/11\/RIHIO-MM010-DRAGONFLY-7-262x300.jpg 262w, https:\/\/mouldking.store\/wp-content\/uploads\/2022\/11\/RIHIO-MM010-DRAGONFLY-7-768x879.jpg 768w, https:\/\/mouldking.store\/wp-content\/uploads\/2022\/11\/RIHIO-MM010-DRAGONFLY-7-300x343.jpg 300w, https:\/\/mouldking.store\/wp-content\/uploads\/2022\/11\/RIHIO-MM010-DRAGONFLY-7-600x686.jpg 600w, https:\/\/mouldking.store\/wp-content\/uploads\/2022\/11\/RIHIO-MM010-DRAGONFLY-7-131x150.jpg 131w, https:\/\/mouldking.store\/wp-content\/uploads\/2022\/11\/RIHIO-MM010-DRAGONFLY-7-52x60.jpg 52w, https:\/\/mouldking.store\/wp-content\/uploads\/2022\/11\/RIHIO-MM010-DRAGONFLY-7-79x90.jpg 79w\" sizes=\"(max-width: 895px) 100vw, 895px\" \/><figcaption id=\"caption-attachment-36420\" class=\"wp-caption-text\">RIHIO MM010 LYSE<\/figcaption><\/figure>\n<figure id=\"attachment_36421\" aria-describedby=\"caption-attachment-36421\" style=\"width: 991px\" class=\"wp-caption aligncenter\"><img loading=\"lazy\" decoding=\"async\" class=\"wp-image-36421 size-full\" src=\"https:\/\/mouldking.store\/wp-content\/uploads\/2022\/11\/RIHIO-MM010-DRAGONFLY-6.jpg\" alt=\"RIHIO MM010 DRAGONFLY \" width=\"991\" height=\"1024\" title=\"-\" srcset=\"https:\/\/mouldking.store\/wp-content\/uploads\/2022\/11\/RIHIO-MM010-DRAGONFLY-6.jpg 991w, https:\/\/mouldking.store\/wp-content\/uploads\/2022\/11\/RIHIO-MM010-DRAGONFLY-6-290x300.jpg 290w, https:\/\/mouldking.store\/wp-content\/uploads\/2022\/11\/RIHIO-MM010-DRAGONFLY-6-768x794.jpg 768w, https:\/\/mouldking.store\/wp-content\/uploads\/2022\/11\/RIHIO-MM010-DRAGONFLY-6-300x310.jpg 300w, https:\/\/mouldking.store\/wp-content\/uploads\/2022\/11\/RIHIO-MM010-DRAGONFLY-6-600x620.jpg 600w, https:\/\/mouldking.store\/wp-content\/uploads\/2022\/11\/RIHIO-MM010-DRAGONFLY-6-145x150.jpg 145w, https:\/\/mouldking.store\/wp-content\/uploads\/2022\/11\/RIHIO-MM010-DRAGONFLY-6-58x60.jpg 58w, https:\/\/mouldking.store\/wp-content\/uploads\/2022\/11\/RIHIO-MM010-DRAGONFLY-6-87x90.jpg 87w\" sizes=\"(max-width: 991px) 100vw, 991px\" \/><figcaption id=\"caption-attachment-36421\" class=\"wp-caption-text\">RIHIO MM010 LYSE<\/figcaption><\/figure>\n<figure id=\"attachment_36422\" aria-describedby=\"caption-attachment-36422\" style=\"width: 1002px\" class=\"wp-caption aligncenter\"><img loading=\"lazy\" decoding=\"async\" class=\"wp-image-36422 size-full\" src=\"https:\/\/mouldking.store\/wp-content\/uploads\/2022\/11\/RIHIO-MM010-DRAGONFLY-5.jpg\" alt=\"RIHIO MM010 DRAGONFLY \" width=\"1002\" height=\"1024\" title=\"-\" srcset=\"https:\/\/mouldking.store\/wp-content\/uploads\/2022\/11\/RIHIO-MM010-DRAGONFLY-5.jpg 1002w, https:\/\/mouldking.store\/wp-content\/uploads\/2022\/11\/RIHIO-MM010-DRAGONFLY-5-294x300.jpg 294w, https:\/\/mouldking.store\/wp-content\/uploads\/2022\/11\/RIHIO-MM010-DRAGONFLY-5-768x785.jpg 768w, https:\/\/mouldking.store\/wp-content\/uploads\/2022\/11\/RIHIO-MM010-DRAGONFLY-5-300x307.jpg 300w, https:\/\/mouldking.store\/wp-content\/uploads\/2022\/11\/RIHIO-MM010-DRAGONFLY-5-600x613.jpg 600w, https:\/\/mouldking.store\/wp-content\/uploads\/2022\/11\/RIHIO-MM010-DRAGONFLY-5-147x150.jpg 147w, https:\/\/mouldking.store\/wp-content\/uploads\/2022\/11\/RIHIO-MM010-DRAGONFLY-5-59x60.jpg 59w, https:\/\/mouldking.store\/wp-content\/uploads\/2022\/11\/RIHIO-MM010-DRAGONFLY-5-88x90.jpg 88w\" sizes=\"(max-width: 1002px) 100vw, 1002px\" \/><figcaption id=\"caption-attachment-36422\" class=\"wp-caption-text\">RIHIO MM010 LYSE<\/figcaption><\/figure>\n<figure id=\"attachment_36423\" aria-describedby=\"caption-attachment-36423\" style=\"width: 1024px\" class=\"wp-caption aligncenter\"><img loading=\"lazy\" decoding=\"async\" class=\"wp-image-36423 size-full\" src=\"https:\/\/mouldking.store\/wp-content\/uploads\/2022\/11\/RIHIO-MM010-DRAGONFLY-4.jpg\" alt=\"RIHIO MM010 DRAGONFLY \" width=\"1024\" height=\"1024\" title=\"-\" srcset=\"https:\/\/mouldking.store\/wp-content\/uploads\/2022\/11\/RIHIO-MM010-DRAGONFLY-4.jpg 1024w, https:\/\/mouldking.store\/wp-content\/uploads\/2022\/11\/RIHIO-MM010-DRAGONFLY-4-300x300.jpg 300w, https:\/\/mouldking.store\/wp-content\/uploads\/2022\/11\/RIHIO-MM010-DRAGONFLY-4-768x768.jpg 768w, https:\/\/mouldking.store\/wp-content\/uploads\/2022\/11\/RIHIO-MM010-DRAGONFLY-4-600x600.jpg 600w, https:\/\/mouldking.store\/wp-content\/uploads\/2022\/11\/RIHIO-MM010-DRAGONFLY-4-150x150.jpg 150w, https:\/\/mouldking.store\/wp-content\/uploads\/2022\/11\/RIHIO-MM010-DRAGONFLY-4-60x60.jpg 60w, https:\/\/mouldking.store\/wp-content\/uploads\/2022\/11\/RIHIO-MM010-DRAGONFLY-4-90x90.jpg 90w\" sizes=\"(max-width: 1024px) 100vw, 1024px\" \/><figcaption id=\"caption-attachment-36423\" class=\"wp-caption-text\">RIHIO MM010 LYSE<\/figcaption><\/figure>\n<figure id=\"attachment_36424\" aria-describedby=\"caption-attachment-36424\" style=\"width: 1024px\" class=\"wp-caption aligncenter\"><img loading=\"lazy\" decoding=\"async\" class=\"wp-image-36424 size-full\" src=\"https:\/\/mouldking.store\/wp-content\/uploads\/2022\/11\/RIHIO-MM010-DRAGONFLY-3.jpg\" alt=\"RIHIO MM010 DRAGONFLY \" width=\"1024\" height=\"1024\" title=\"-\" srcset=\"https:\/\/mouldking.store\/wp-content\/uploads\/2022\/11\/RIHIO-MM010-DRAGONFLY-3.jpg 1024w, https:\/\/mouldking.store\/wp-content\/uploads\/2022\/11\/RIHIO-MM010-DRAGONFLY-3-300x300.jpg 300w, https:\/\/mouldking.store\/wp-content\/uploads\/2022\/11\/RIHIO-MM010-DRAGONFLY-3-768x768.jpg 768w, https:\/\/mouldking.store\/wp-content\/uploads\/2022\/11\/RIHIO-MM010-DRAGONFLY-3-600x600.jpg 600w, https:\/\/mouldking.store\/wp-content\/uploads\/2022\/11\/RIHIO-MM010-DRAGONFLY-3-150x150.jpg 150w, https:\/\/mouldking.store\/wp-content\/uploads\/2022\/11\/RIHIO-MM010-DRAGONFLY-3-60x60.jpg 60w, https:\/\/mouldking.store\/wp-content\/uploads\/2022\/11\/RIHIO-MM010-DRAGONFLY-3-90x90.jpg 90w\" sizes=\"(max-width: 1024px) 100vw, 1024px\" \/><figcaption id=\"caption-attachment-36424\" class=\"wp-caption-text\">RIHIO MM010 LYSE<\/figcaption><\/figure>\n<figure id=\"attachment_36425\" aria-describedby=\"caption-attachment-36425\" style=\"width: 1024px\" class=\"wp-caption aligncenter\"><img loading=\"lazy\" decoding=\"async\" class=\"wp-image-36425 size-full\" src=\"https:\/\/mouldking.store\/wp-content\/uploads\/2022\/11\/RIHIO-MM010-DRAGONFLY-2.jpg\" alt=\"RIHIO MM010 DRAGONFLY \" width=\"1024\" height=\"1024\" title=\"-\" srcset=\"https:\/\/mouldking.store\/wp-content\/uploads\/2022\/11\/RIHIO-MM010-DRAGONFLY-2.jpg 1024w, https:\/\/mouldking.store\/wp-content\/uploads\/2022\/11\/RIHIO-MM010-DRAGONFLY-2-300x300.jpg 300w, https:\/\/mouldking.store\/wp-content\/uploads\/2022\/11\/RIHIO-MM010-DRAGONFLY-2-768x768.jpg 768w, https:\/\/mouldking.store\/wp-content\/uploads\/2022\/11\/RIHIO-MM010-DRAGONFLY-2-600x600.jpg 600w, https:\/\/mouldking.store\/wp-content\/uploads\/2022\/11\/RIHIO-MM010-DRAGONFLY-2-150x150.jpg 150w, https:\/\/mouldking.store\/wp-content\/uploads\/2022\/11\/RIHIO-MM010-DRAGONFLY-2-60x60.jpg 60w, https:\/\/mouldking.store\/wp-content\/uploads\/2022\/11\/RIHIO-MM010-DRAGONFLY-2-90x90.jpg 90w\" sizes=\"(max-width: 1024px) 100vw, 1024px\" \/><figcaption id=\"caption-attachment-36425\" class=\"wp-caption-text\">RIHIO MM010 LYSE<\/figcaption><\/figure>\n<figure id=\"attachment_36426\" aria-describedby=\"caption-attachment-36426\" style=\"width: 1024px\" class=\"wp-caption aligncenter\"><img loading=\"lazy\" decoding=\"async\" class=\"wp-image-36426 size-full\" src=\"https:\/\/mouldking.store\/wp-content\/uploads\/2022\/11\/RIHIO-MM010-DRAGONFLY-1.jpg\" alt=\"RIHIO MM010 DRAGONFLY \" width=\"1024\" height=\"1020\" title=\"-\" srcset=\"https:\/\/mouldking.store\/wp-content\/uploads\/2022\/11\/RIHIO-MM010-DRAGONFLY-1.jpg 1024w, https:\/\/mouldking.store\/wp-content\/uploads\/2022\/11\/RIHIO-MM010-DRAGONFLY-1-300x299.jpg 300w, https:\/\/mouldking.store\/wp-content\/uploads\/2022\/11\/RIHIO-MM010-DRAGONFLY-1-768x765.jpg 768w, https:\/\/mouldking.store\/wp-content\/uploads\/2022\/11\/RIHIO-MM010-DRAGONFLY-1-600x598.jpg 600w, https:\/\/mouldking.store\/wp-content\/uploads\/2022\/11\/RIHIO-MM010-DRAGONFLY-1-150x150.jpg 150w, https:\/\/mouldking.store\/wp-content\/uploads\/2022\/11\/RIHIO-MM010-DRAGONFLY-1-60x60.jpg 60w, https:\/\/mouldking.store\/wp-content\/uploads\/2022\/11\/RIHIO-MM010-DRAGONFLY-1-90x90.jpg 90w\" sizes=\"(max-width: 1024px) 100vw, 1024px\" \/><figcaption id=\"caption-attachment-36426\" class=\"wp-caption-text\">RIHIO MM010 LYSE<\/figcaption><\/figure>","protected":false},"excerpt":{"rendered":"<p>Product information: Brand: RIHIO Gender: Unisex Name: DRAGONFLY Age Range: &gt; 6 years old Model Number: MM010 Classification: Assemblage Plastic Block Shape: Self-Locking Bricks Material: Plastic Plastic Type: ABS Size: \u00a011 x 24 x 10 cm Contains detailed assembly instructions. Notice: 1. Without an original box, but we guarantee our products have quality assurance and [&hellip;]<\/p>","protected":false},"featured_media":36410,"comment_status":"closed","ping_status":"closed","template":"","meta":{"_acf_changed":false},"product_cat":[1365],"product_tag":[8389,8388,8373,8390,8387],"class_list":["product","first","instock","shipping-taxable","purchasable","product-type-variable"],"acf":[],"_links":{"self":[{"href":"https:\/\/mouldking.store\/nb\/wp-json\/wp\/v2\/product\/36409","targetHints":{"allow":["GET"]}}],"collection":[{"href":"https:\/\/mouldking.store\/nb\/wp-json\/wp\/v2\/product"}],"about":[{"href":"https:\/\/mouldking.store\/nb\/wp-json\/wp\/v2\/types\/product"}],"replies":[{"embeddable":true,"href":"https:\/\/mouldking.store\/nb\/wp-json\/wp\/v2\/comments?post=36409"}],"wp:featuredmedia":[{"embeddable":true,"href":"https:\/\/mouldking.store\/nb\/wp-json\/wp\/v2\/media\/36410"}],"wp:attachment":[{"href":"https:\/\/mouldking.store\/nb\/wp-json\/wp\/v2\/media?parent=36409"}],"wp:term":[{"taxonomy":"product_cat","embeddable":true,"href":"https:\/\/mouldking.store\/nb\/wp-json\/wp\/v2\/product_cat?post=36409"},{"taxonomy":"product_tag","embeddable":true,"href":"https:\/\/mouldking.store\/nb\/wp-json\/wp\/v2\/product_tag?post=36409"}],"curies":[{"name":"wp","href":"https:\/\/api.w.org\/{rel}","templated":true}]}}