{"id":36490,"date":"2022-11-25T17:18:39","date_gmt":"2022-11-25T10:18:39","guid":{"rendered":"https:\/\/mouldking.store\/?post_type=product&#038;p=36490"},"modified":"2022-11-25T17:18:39","modified_gmt":"2022-11-25T10:18:39","slug":"rihio-mm006-pangolin","status":"publish","type":"product","link":"https:\/\/mouldking.store\/nb\/shop\/rihio-mm006-pangolin\/","title":{"rendered":"RIHIO MM006 PANGOLIN"},"content":{"rendered":"<p>Produktinformasjon:<\/p>\n<ol>\n<li>Merke: RIHIO<\/li>\n<li>Kj\u00f8nn: Unisex<\/li>\n<li>Name: PANGOLIN<\/li>\n<li>Aldersgruppe: &gt; 6 \u00e5r gammel<\/li>\n<li>Model Number: MM006<\/li>\n<li>Klassifisering: Montering<\/li>\n<li>Plastblokkform: Selvl\u00e5sende murstein<\/li>\n<li>Materiale: Plast<\/li>\n<li>Plasttype: ABS<\/li>\n<li>Size: \u00a016.5 x 6 cm<\/li>\n<li>Inneholder detaljerte monteringsanvisninger.<\/li>\n<\/ol>\n<p>Legge merke til:<br \/>\n1. Without an original box, we guarantee our products have quality assurance and nice packaging.<br \/>\n2. Som alle delene vi har sjekket f\u00f8r frakt, s\u00e5 hvis du finner noen deler savnet eller skadet, ikke bekymre deg og bare kontakt oss, s\u00e5 kan vi sende dem til deg p\u00e5 nytt umiddelbart gratis.<\/p>\n<figure id=\"attachment_36491\" aria-describedby=\"caption-attachment-36491\" style=\"width: 800px\" class=\"wp-caption aligncenter\"><img fetchpriority=\"high\" decoding=\"async\" class=\"wp-image-36491 size-full\" src=\"https:\/\/mouldking.store\/wp-content\/uploads\/2022\/11\/RIHIO-MM006-PANGOLIN-16.jpg\" alt=\"RIHIO MM006 PANGOLIN\" width=\"800\" height=\"800\" title=\"-\" srcset=\"https:\/\/mouldking.store\/wp-content\/uploads\/2022\/11\/RIHIO-MM006-PANGOLIN-16.jpg 800w, https:\/\/mouldking.store\/wp-content\/uploads\/2022\/11\/RIHIO-MM006-PANGOLIN-16-300x300.jpg 300w, https:\/\/mouldking.store\/wp-content\/uploads\/2022\/11\/RIHIO-MM006-PANGOLIN-16-768x768.jpg 768w, https:\/\/mouldking.store\/wp-content\/uploads\/2022\/11\/RIHIO-MM006-PANGOLIN-16-600x600.jpg 600w, https:\/\/mouldking.store\/wp-content\/uploads\/2022\/11\/RIHIO-MM006-PANGOLIN-16-150x150.jpg 150w, https:\/\/mouldking.store\/wp-content\/uploads\/2022\/11\/RIHIO-MM006-PANGOLIN-16-60x60.jpg 60w, https:\/\/mouldking.store\/wp-content\/uploads\/2022\/11\/RIHIO-MM006-PANGOLIN-16-90x90.jpg 90w\" sizes=\"(max-width: 800px) 100vw, 800px\" \/><figcaption id=\"caption-attachment-36491\" class=\"wp-caption-text\">RIHIO MM006 PANGOLIN<\/figcaption><\/figure>\n<figure id=\"attachment_36492\" aria-describedby=\"caption-attachment-36492\" style=\"width: 800px\" class=\"wp-caption aligncenter\"><img decoding=\"async\" class=\"wp-image-36492 size-full\" src=\"https:\/\/mouldking.store\/wp-content\/uploads\/2022\/11\/RIHIO-MM006-PANGOLIN-15.jpg\" alt=\"RIHIO MM006 PANGOLIN\" width=\"800\" height=\"800\" title=\"-\" srcset=\"https:\/\/mouldking.store\/wp-content\/uploads\/2022\/11\/RIHIO-MM006-PANGOLIN-15.jpg 800w, https:\/\/mouldking.store\/wp-content\/uploads\/2022\/11\/RIHIO-MM006-PANGOLIN-15-300x300.jpg 300w, https:\/\/mouldking.store\/wp-content\/uploads\/2022\/11\/RIHIO-MM006-PANGOLIN-15-768x768.jpg 768w, https:\/\/mouldking.store\/wp-content\/uploads\/2022\/11\/RIHIO-MM006-PANGOLIN-15-600x600.jpg 600w, https:\/\/mouldking.store\/wp-content\/uploads\/2022\/11\/RIHIO-MM006-PANGOLIN-15-150x150.jpg 150w, https:\/\/mouldking.store\/wp-content\/uploads\/2022\/11\/RIHIO-MM006-PANGOLIN-15-60x60.jpg 60w, https:\/\/mouldking.store\/wp-content\/uploads\/2022\/11\/RIHIO-MM006-PANGOLIN-15-90x90.jpg 90w\" sizes=\"(max-width: 800px) 100vw, 800px\" \/><figcaption id=\"caption-attachment-36492\" class=\"wp-caption-text\">RIHIO MM006 PANGOLIN<\/figcaption><\/figure>\n<figure id=\"attachment_36493\" aria-describedby=\"caption-attachment-36493\" style=\"width: 800px\" class=\"wp-caption aligncenter\"><img decoding=\"async\" class=\"wp-image-36493 size-full\" src=\"https:\/\/mouldking.store\/wp-content\/uploads\/2022\/11\/RIHIO-MM006-PANGOLIN-14.jpg\" alt=\"RIHIO MM006 PANGOLIN\" width=\"800\" height=\"800\" title=\"-\" srcset=\"https:\/\/mouldking.store\/wp-content\/uploads\/2022\/11\/RIHIO-MM006-PANGOLIN-14.jpg 800w, https:\/\/mouldking.store\/wp-content\/uploads\/2022\/11\/RIHIO-MM006-PANGOLIN-14-300x300.jpg 300w, https:\/\/mouldking.store\/wp-content\/uploads\/2022\/11\/RIHIO-MM006-PANGOLIN-14-768x768.jpg 768w, https:\/\/mouldking.store\/wp-content\/uploads\/2022\/11\/RIHIO-MM006-PANGOLIN-14-600x600.jpg 600w, https:\/\/mouldking.store\/wp-content\/uploads\/2022\/11\/RIHIO-MM006-PANGOLIN-14-150x150.jpg 150w, https:\/\/mouldking.store\/wp-content\/uploads\/2022\/11\/RIHIO-MM006-PANGOLIN-14-60x60.jpg 60w, https:\/\/mouldking.store\/wp-content\/uploads\/2022\/11\/RIHIO-MM006-PANGOLIN-14-90x90.jpg 90w\" sizes=\"(max-width: 800px) 100vw, 800px\" \/><figcaption id=\"caption-attachment-36493\" class=\"wp-caption-text\">RIHIO MM006 PANGOLIN<\/figcaption><\/figure>\n<figure id=\"attachment_36494\" aria-describedby=\"caption-attachment-36494\" style=\"width: 800px\" class=\"wp-caption aligncenter\"><img loading=\"lazy\" decoding=\"async\" class=\"wp-image-36494 size-full\" src=\"https:\/\/mouldking.store\/wp-content\/uploads\/2022\/11\/RIHIO-MM006-PANGOLIN-13.jpg\" alt=\"RIHIO MM006 PANGOLIN\" width=\"800\" height=\"800\" title=\"-\" srcset=\"https:\/\/mouldking.store\/wp-content\/uploads\/2022\/11\/RIHIO-MM006-PANGOLIN-13.jpg 800w, https:\/\/mouldking.store\/wp-content\/uploads\/2022\/11\/RIHIO-MM006-PANGOLIN-13-300x300.jpg 300w, https:\/\/mouldking.store\/wp-content\/uploads\/2022\/11\/RIHIO-MM006-PANGOLIN-13-768x768.jpg 768w, https:\/\/mouldking.store\/wp-content\/uploads\/2022\/11\/RIHIO-MM006-PANGOLIN-13-600x600.jpg 600w, https:\/\/mouldking.store\/wp-content\/uploads\/2022\/11\/RIHIO-MM006-PANGOLIN-13-150x150.jpg 150w, https:\/\/mouldking.store\/wp-content\/uploads\/2022\/11\/RIHIO-MM006-PANGOLIN-13-60x60.jpg 60w, https:\/\/mouldking.store\/wp-content\/uploads\/2022\/11\/RIHIO-MM006-PANGOLIN-13-90x90.jpg 90w\" sizes=\"(max-width: 800px) 100vw, 800px\" \/><figcaption id=\"caption-attachment-36494\" class=\"wp-caption-text\">RIHIO MM006 PANGOLIN<\/figcaption><\/figure>\n<figure id=\"attachment_36495\" aria-describedby=\"caption-attachment-36495\" style=\"width: 788px\" class=\"wp-caption aligncenter\"><img loading=\"lazy\" decoding=\"async\" class=\"wp-image-36495 size-full\" src=\"https:\/\/mouldking.store\/wp-content\/uploads\/2022\/11\/RIHIO-MM006-PANGOLIN-12.jpg\" alt=\"RIHIO MM006 PANGOLIN\" width=\"788\" height=\"788\" title=\"-\" srcset=\"https:\/\/mouldking.store\/wp-content\/uploads\/2022\/11\/RIHIO-MM006-PANGOLIN-12.jpg 788w, https:\/\/mouldking.store\/wp-content\/uploads\/2022\/11\/RIHIO-MM006-PANGOLIN-12-300x300.jpg 300w, https:\/\/mouldking.store\/wp-content\/uploads\/2022\/11\/RIHIO-MM006-PANGOLIN-12-768x768.jpg 768w, https:\/\/mouldking.store\/wp-content\/uploads\/2022\/11\/RIHIO-MM006-PANGOLIN-12-600x600.jpg 600w, https:\/\/mouldking.store\/wp-content\/uploads\/2022\/11\/RIHIO-MM006-PANGOLIN-12-150x150.jpg 150w, https:\/\/mouldking.store\/wp-content\/uploads\/2022\/11\/RIHIO-MM006-PANGOLIN-12-60x60.jpg 60w, https:\/\/mouldking.store\/wp-content\/uploads\/2022\/11\/RIHIO-MM006-PANGOLIN-12-90x90.jpg 90w\" sizes=\"(max-width: 788px) 100vw, 788px\" \/><figcaption id=\"caption-attachment-36495\" class=\"wp-caption-text\">RIHIO MM006 PANGOLIN<\/figcaption><\/figure>\n<figure id=\"attachment_36496\" aria-describedby=\"caption-attachment-36496\" style=\"width: 1024px\" class=\"wp-caption aligncenter\"><img loading=\"lazy\" decoding=\"async\" class=\"wp-image-36496 size-full\" src=\"https:\/\/mouldking.store\/wp-content\/uploads\/2022\/11\/RIHIO-MM006-PANGOLIN-11.jpg\" alt=\"RIHIO MM006 PANGOLIN\" width=\"1024\" height=\"860\" title=\"-\" srcset=\"https:\/\/mouldking.store\/wp-content\/uploads\/2022\/11\/RIHIO-MM006-PANGOLIN-11.jpg 1024w, https:\/\/mouldking.store\/wp-content\/uploads\/2022\/11\/RIHIO-MM006-PANGOLIN-11-300x252.jpg 300w, https:\/\/mouldking.store\/wp-content\/uploads\/2022\/11\/RIHIO-MM006-PANGOLIN-11-768x645.jpg 768w, https:\/\/mouldking.store\/wp-content\/uploads\/2022\/11\/RIHIO-MM006-PANGOLIN-11-600x504.jpg 600w, https:\/\/mouldking.store\/wp-content\/uploads\/2022\/11\/RIHIO-MM006-PANGOLIN-11-150x126.jpg 150w, https:\/\/mouldking.store\/wp-content\/uploads\/2022\/11\/RIHIO-MM006-PANGOLIN-11-71x60.jpg 71w, https:\/\/mouldking.store\/wp-content\/uploads\/2022\/11\/RIHIO-MM006-PANGOLIN-11-107x90.jpg 107w\" sizes=\"(max-width: 1024px) 100vw, 1024px\" \/><figcaption id=\"caption-attachment-36496\" class=\"wp-caption-text\">RIHIO MM006 PANGOLIN<\/figcaption><\/figure>\n<figure id=\"attachment_36497\" aria-describedby=\"caption-attachment-36497\" style=\"width: 1002px\" class=\"wp-caption aligncenter\"><img loading=\"lazy\" decoding=\"async\" class=\"wp-image-36497 size-full\" src=\"https:\/\/mouldking.store\/wp-content\/uploads\/2022\/11\/RIHIO-MM006-PANGOLIN-10.jpg\" alt=\"RIHIO MM006 PANGOLIN\" width=\"1002\" height=\"1024\" title=\"-\" srcset=\"https:\/\/mouldking.store\/wp-content\/uploads\/2022\/11\/RIHIO-MM006-PANGOLIN-10.jpg 1002w, https:\/\/mouldking.store\/wp-content\/uploads\/2022\/11\/RIHIO-MM006-PANGOLIN-10-294x300.jpg 294w, https:\/\/mouldking.store\/wp-content\/uploads\/2022\/11\/RIHIO-MM006-PANGOLIN-10-768x785.jpg 768w, https:\/\/mouldking.store\/wp-content\/uploads\/2022\/11\/RIHIO-MM006-PANGOLIN-10-300x307.jpg 300w, https:\/\/mouldking.store\/wp-content\/uploads\/2022\/11\/RIHIO-MM006-PANGOLIN-10-600x613.jpg 600w, https:\/\/mouldking.store\/wp-content\/uploads\/2022\/11\/RIHIO-MM006-PANGOLIN-10-147x150.jpg 147w, https:\/\/mouldking.store\/wp-content\/uploads\/2022\/11\/RIHIO-MM006-PANGOLIN-10-59x60.jpg 59w, https:\/\/mouldking.store\/wp-content\/uploads\/2022\/11\/RIHIO-MM006-PANGOLIN-10-88x90.jpg 88w\" sizes=\"(max-width: 1002px) 100vw, 1002px\" \/><figcaption id=\"caption-attachment-36497\" class=\"wp-caption-text\">RIHIO MM006 PANGOLIN<\/figcaption><\/figure>\n<figure id=\"attachment_36498\" aria-describedby=\"caption-attachment-36498\" style=\"width: 977px\" class=\"wp-caption aligncenter\"><img loading=\"lazy\" decoding=\"async\" class=\"wp-image-36498 size-full\" src=\"https:\/\/mouldking.store\/wp-content\/uploads\/2022\/11\/RIHIO-MM006-PANGOLIN-9.jpg\" alt=\"RIHIO MM006 PANGOLIN\" width=\"977\" height=\"1024\" title=\"-\" srcset=\"https:\/\/mouldking.store\/wp-content\/uploads\/2022\/11\/RIHIO-MM006-PANGOLIN-9.jpg 977w, https:\/\/mouldking.store\/wp-content\/uploads\/2022\/11\/RIHIO-MM006-PANGOLIN-9-286x300.jpg 286w, https:\/\/mouldking.store\/wp-content\/uploads\/2022\/11\/RIHIO-MM006-PANGOLIN-9-768x805.jpg 768w, https:\/\/mouldking.store\/wp-content\/uploads\/2022\/11\/RIHIO-MM006-PANGOLIN-9-300x314.jpg 300w, https:\/\/mouldking.store\/wp-content\/uploads\/2022\/11\/RIHIO-MM006-PANGOLIN-9-600x629.jpg 600w, https:\/\/mouldking.store\/wp-content\/uploads\/2022\/11\/RIHIO-MM006-PANGOLIN-9-143x150.jpg 143w, https:\/\/mouldking.store\/wp-content\/uploads\/2022\/11\/RIHIO-MM006-PANGOLIN-9-57x60.jpg 57w, https:\/\/mouldking.store\/wp-content\/uploads\/2022\/11\/RIHIO-MM006-PANGOLIN-9-86x90.jpg 86w\" sizes=\"(max-width: 977px) 100vw, 977px\" \/><figcaption id=\"caption-attachment-36498\" class=\"wp-caption-text\">RIHIO MM006 PANGOLIN<\/figcaption><\/figure>\n<figure id=\"attachment_36499\" aria-describedby=\"caption-attachment-36499\" style=\"width: 925px\" class=\"wp-caption aligncenter\"><img loading=\"lazy\" decoding=\"async\" class=\"wp-image-36499 size-full\" src=\"https:\/\/mouldking.store\/wp-content\/uploads\/2022\/11\/RIHIO-MM006-PANGOLIN-8.jpg\" alt=\"RIHIO MM006 PANGOLIN\" width=\"925\" height=\"1024\" title=\"-\" srcset=\"https:\/\/mouldking.store\/wp-content\/uploads\/2022\/11\/RIHIO-MM006-PANGOLIN-8.jpg 925w, https:\/\/mouldking.store\/wp-content\/uploads\/2022\/11\/RIHIO-MM006-PANGOLIN-8-271x300.jpg 271w, https:\/\/mouldking.store\/wp-content\/uploads\/2022\/11\/RIHIO-MM006-PANGOLIN-8-768x850.jpg 768w, https:\/\/mouldking.store\/wp-content\/uploads\/2022\/11\/RIHIO-MM006-PANGOLIN-8-300x332.jpg 300w, https:\/\/mouldking.store\/wp-content\/uploads\/2022\/11\/RIHIO-MM006-PANGOLIN-8-600x664.jpg 600w, https:\/\/mouldking.store\/wp-content\/uploads\/2022\/11\/RIHIO-MM006-PANGOLIN-8-135x150.jpg 135w, https:\/\/mouldking.store\/wp-content\/uploads\/2022\/11\/RIHIO-MM006-PANGOLIN-8-54x60.jpg 54w, https:\/\/mouldking.store\/wp-content\/uploads\/2022\/11\/RIHIO-MM006-PANGOLIN-8-81x90.jpg 81w\" sizes=\"(max-width: 925px) 100vw, 925px\" \/><figcaption id=\"caption-attachment-36499\" class=\"wp-caption-text\">RIHIO MM006 PANGOLIN<\/figcaption><\/figure>\n<figure id=\"attachment_36500\" aria-describedby=\"caption-attachment-36500\" style=\"width: 925px\" class=\"wp-caption aligncenter\"><img loading=\"lazy\" decoding=\"async\" class=\"wp-image-36500 size-full\" src=\"https:\/\/mouldking.store\/wp-content\/uploads\/2022\/11\/RIHIO-MM006-PANGOLIN-7.jpg\" alt=\"RIHIO MM006 PANGOLIN\" width=\"925\" height=\"1024\" title=\"-\" srcset=\"https:\/\/mouldking.store\/wp-content\/uploads\/2022\/11\/RIHIO-MM006-PANGOLIN-7.jpg 925w, https:\/\/mouldking.store\/wp-content\/uploads\/2022\/11\/RIHIO-MM006-PANGOLIN-7-271x300.jpg 271w, https:\/\/mouldking.store\/wp-content\/uploads\/2022\/11\/RIHIO-MM006-PANGOLIN-7-768x850.jpg 768w, https:\/\/mouldking.store\/wp-content\/uploads\/2022\/11\/RIHIO-MM006-PANGOLIN-7-300x332.jpg 300w, https:\/\/mouldking.store\/wp-content\/uploads\/2022\/11\/RIHIO-MM006-PANGOLIN-7-600x664.jpg 600w, https:\/\/mouldking.store\/wp-content\/uploads\/2022\/11\/RIHIO-MM006-PANGOLIN-7-135x150.jpg 135w, https:\/\/mouldking.store\/wp-content\/uploads\/2022\/11\/RIHIO-MM006-PANGOLIN-7-54x60.jpg 54w, https:\/\/mouldking.store\/wp-content\/uploads\/2022\/11\/RIHIO-MM006-PANGOLIN-7-81x90.jpg 81w\" sizes=\"(max-width: 925px) 100vw, 925px\" \/><figcaption id=\"caption-attachment-36500\" class=\"wp-caption-text\">RIHIO MM006 PANGOLIN<\/figcaption><\/figure>\n<figure id=\"attachment_36501\" aria-describedby=\"caption-attachment-36501\" style=\"width: 1024px\" class=\"wp-caption aligncenter\"><img loading=\"lazy\" decoding=\"async\" class=\"wp-image-36501 size-full\" src=\"https:\/\/mouldking.store\/wp-content\/uploads\/2022\/11\/RIHIO-MM006-PANGOLIN-6.jpg\" alt=\"RIHIO MM006 PANGOLIN\" width=\"1024\" height=\"1016\" title=\"-\" srcset=\"https:\/\/mouldking.store\/wp-content\/uploads\/2022\/11\/RIHIO-MM006-PANGOLIN-6.jpg 1024w, https:\/\/mouldking.store\/wp-content\/uploads\/2022\/11\/RIHIO-MM006-PANGOLIN-6-300x298.jpg 300w, https:\/\/mouldking.store\/wp-content\/uploads\/2022\/11\/RIHIO-MM006-PANGOLIN-6-768x762.jpg 768w, https:\/\/mouldking.store\/wp-content\/uploads\/2022\/11\/RIHIO-MM006-PANGOLIN-6-600x595.jpg 600w, https:\/\/mouldking.store\/wp-content\/uploads\/2022\/11\/RIHIO-MM006-PANGOLIN-6-150x150.jpg 150w, https:\/\/mouldking.store\/wp-content\/uploads\/2022\/11\/RIHIO-MM006-PANGOLIN-6-60x60.jpg 60w, https:\/\/mouldking.store\/wp-content\/uploads\/2022\/11\/RIHIO-MM006-PANGOLIN-6-91x90.jpg 91w\" sizes=\"(max-width: 1024px) 100vw, 1024px\" \/><figcaption id=\"caption-attachment-36501\" class=\"wp-caption-text\">RIHIO MM006 PANGOLIN<\/figcaption><\/figure>\n<figure id=\"attachment_36502\" aria-describedby=\"caption-attachment-36502\" style=\"width: 1024px\" class=\"wp-caption aligncenter\"><img loading=\"lazy\" decoding=\"async\" class=\"wp-image-36502 size-full\" src=\"https:\/\/mouldking.store\/wp-content\/uploads\/2022\/11\/RIHIO-MM006-PANGOLIN-5.jpg\" alt=\"RIHIO MM006 PANGOLIN\" width=\"1024\" height=\"822\" title=\"-\" srcset=\"https:\/\/mouldking.store\/wp-content\/uploads\/2022\/11\/RIHIO-MM006-PANGOLIN-5.jpg 1024w, https:\/\/mouldking.store\/wp-content\/uploads\/2022\/11\/RIHIO-MM006-PANGOLIN-5-300x241.jpg 300w, https:\/\/mouldking.store\/wp-content\/uploads\/2022\/11\/RIHIO-MM006-PANGOLIN-5-768x617.jpg 768w, https:\/\/mouldking.store\/wp-content\/uploads\/2022\/11\/RIHIO-MM006-PANGOLIN-5-600x482.jpg 600w, https:\/\/mouldking.store\/wp-content\/uploads\/2022\/11\/RIHIO-MM006-PANGOLIN-5-150x120.jpg 150w, https:\/\/mouldking.store\/wp-content\/uploads\/2022\/11\/RIHIO-MM006-PANGOLIN-5-75x60.jpg 75w, https:\/\/mouldking.store\/wp-content\/uploads\/2022\/11\/RIHIO-MM006-PANGOLIN-5-112x90.jpg 112w\" sizes=\"(max-width: 1024px) 100vw, 1024px\" \/><figcaption id=\"caption-attachment-36502\" class=\"wp-caption-text\">RIHIO MM006 PANGOLIN<\/figcaption><\/figure>\n<figure id=\"attachment_36503\" aria-describedby=\"caption-attachment-36503\" style=\"width: 1024px\" class=\"wp-caption aligncenter\"><img loading=\"lazy\" decoding=\"async\" class=\"wp-image-36503 size-full\" src=\"https:\/\/mouldking.store\/wp-content\/uploads\/2022\/11\/RIHIO-MM006-PANGOLIN-4.jpg\" alt=\"RIHIO MM006 PANGOLIN\" width=\"1024\" height=\"1024\" title=\"-\" srcset=\"https:\/\/mouldking.store\/wp-content\/uploads\/2022\/11\/RIHIO-MM006-PANGOLIN-4.jpg 1024w, https:\/\/mouldking.store\/wp-content\/uploads\/2022\/11\/RIHIO-MM006-PANGOLIN-4-300x300.jpg 300w, https:\/\/mouldking.store\/wp-content\/uploads\/2022\/11\/RIHIO-MM006-PANGOLIN-4-768x768.jpg 768w, https:\/\/mouldking.store\/wp-content\/uploads\/2022\/11\/RIHIO-MM006-PANGOLIN-4-600x600.jpg 600w, https:\/\/mouldking.store\/wp-content\/uploads\/2022\/11\/RIHIO-MM006-PANGOLIN-4-150x150.jpg 150w, https:\/\/mouldking.store\/wp-content\/uploads\/2022\/11\/RIHIO-MM006-PANGOLIN-4-60x60.jpg 60w, https:\/\/mouldking.store\/wp-content\/uploads\/2022\/11\/RIHIO-MM006-PANGOLIN-4-90x90.jpg 90w\" sizes=\"(max-width: 1024px) 100vw, 1024px\" \/><figcaption id=\"caption-attachment-36503\" class=\"wp-caption-text\">RIHIO MM006 PANGOLIN<\/figcaption><\/figure>\n<figure id=\"attachment_36504\" aria-describedby=\"caption-attachment-36504\" style=\"width: 1024px\" class=\"wp-caption aligncenter\"><img loading=\"lazy\" decoding=\"async\" class=\"wp-image-36504 size-full\" src=\"https:\/\/mouldking.store\/wp-content\/uploads\/2022\/11\/RIHIO-MM006-PANGOLIN-3.jpg\" alt=\"RIHIO MM006 PANGOLIN\" width=\"1024\" height=\"1024\" title=\"-\" srcset=\"https:\/\/mouldking.store\/wp-content\/uploads\/2022\/11\/RIHIO-MM006-PANGOLIN-3.jpg 1024w, https:\/\/mouldking.store\/wp-content\/uploads\/2022\/11\/RIHIO-MM006-PANGOLIN-3-300x300.jpg 300w, https:\/\/mouldking.store\/wp-content\/uploads\/2022\/11\/RIHIO-MM006-PANGOLIN-3-768x768.jpg 768w, https:\/\/mouldking.store\/wp-content\/uploads\/2022\/11\/RIHIO-MM006-PANGOLIN-3-600x600.jpg 600w, https:\/\/mouldking.store\/wp-content\/uploads\/2022\/11\/RIHIO-MM006-PANGOLIN-3-150x150.jpg 150w, https:\/\/mouldking.store\/wp-content\/uploads\/2022\/11\/RIHIO-MM006-PANGOLIN-3-60x60.jpg 60w, https:\/\/mouldking.store\/wp-content\/uploads\/2022\/11\/RIHIO-MM006-PANGOLIN-3-90x90.jpg 90w\" sizes=\"(max-width: 1024px) 100vw, 1024px\" \/><figcaption id=\"caption-attachment-36504\" class=\"wp-caption-text\">RIHIO MM006 PANGOLIN<\/figcaption><\/figure>\n<figure id=\"attachment_36505\" aria-describedby=\"caption-attachment-36505\" style=\"width: 800px\" class=\"wp-caption aligncenter\"><img loading=\"lazy\" decoding=\"async\" class=\"wp-image-36505 size-full\" src=\"https:\/\/mouldking.store\/wp-content\/uploads\/2022\/11\/RIHIO-MM006-PANGOLIN-2.jpg\" alt=\"RIHIO MM006 PANGOLIN\" width=\"800\" height=\"800\" title=\"-\" srcset=\"https:\/\/mouldking.store\/wp-content\/uploads\/2022\/11\/RIHIO-MM006-PANGOLIN-2.jpg 800w, https:\/\/mouldking.store\/wp-content\/uploads\/2022\/11\/RIHIO-MM006-PANGOLIN-2-300x300.jpg 300w, https:\/\/mouldking.store\/wp-content\/uploads\/2022\/11\/RIHIO-MM006-PANGOLIN-2-768x768.jpg 768w, https:\/\/mouldking.store\/wp-content\/uploads\/2022\/11\/RIHIO-MM006-PANGOLIN-2-600x600.jpg 600w, https:\/\/mouldking.store\/wp-content\/uploads\/2022\/11\/RIHIO-MM006-PANGOLIN-2-150x150.jpg 150w, https:\/\/mouldking.store\/wp-content\/uploads\/2022\/11\/RIHIO-MM006-PANGOLIN-2-60x60.jpg 60w, https:\/\/mouldking.store\/wp-content\/uploads\/2022\/11\/RIHIO-MM006-PANGOLIN-2-90x90.jpg 90w\" sizes=\"(max-width: 800px) 100vw, 800px\" \/><figcaption id=\"caption-attachment-36505\" class=\"wp-caption-text\">RIHIO MM006 PANGOLIN<\/figcaption><\/figure>\n<figure id=\"attachment_36506\" aria-describedby=\"caption-attachment-36506\" style=\"width: 1024px\" class=\"wp-caption aligncenter\"><img loading=\"lazy\" decoding=\"async\" class=\"wp-image-36506 size-full\" src=\"https:\/\/mouldking.store\/wp-content\/uploads\/2022\/11\/RIHIO-MM006-PANGOLIN-1.jpg\" alt=\"RIHIO MM006 PANGOLIN\" width=\"1024\" height=\"1024\" title=\"-\" srcset=\"https:\/\/mouldking.store\/wp-content\/uploads\/2022\/11\/RIHIO-MM006-PANGOLIN-1.jpg 1024w, https:\/\/mouldking.store\/wp-content\/uploads\/2022\/11\/RIHIO-MM006-PANGOLIN-1-300x300.jpg 300w, https:\/\/mouldking.store\/wp-content\/uploads\/2022\/11\/RIHIO-MM006-PANGOLIN-1-768x768.jpg 768w, https:\/\/mouldking.store\/wp-content\/uploads\/2022\/11\/RIHIO-MM006-PANGOLIN-1-600x600.jpg 600w, https:\/\/mouldking.store\/wp-content\/uploads\/2022\/11\/RIHIO-MM006-PANGOLIN-1-150x150.jpg 150w, https:\/\/mouldking.store\/wp-content\/uploads\/2022\/11\/RIHIO-MM006-PANGOLIN-1-60x60.jpg 60w, https:\/\/mouldking.store\/wp-content\/uploads\/2022\/11\/RIHIO-MM006-PANGOLIN-1-90x90.jpg 90w\" sizes=\"(max-width: 1024px) 100vw, 1024px\" \/><figcaption id=\"caption-attachment-36506\" class=\"wp-caption-text\">RIHIO MM006 PANGOLIN<\/figcaption><\/figure>","protected":false},"excerpt":{"rendered":"<p>Product information: Brand: RIHIO Gender: Unisex Name: PANGOLIN Age Range: &gt; 6 years old Model Number: MM006 Classification: Assemblage Plastic Block Shape: Self-Locking Bricks Material: Plastic Plastic Type: ABS Size: \u00a016.5 x 6 cm Contains detailed assembly instructions. Notice: 1. Without an original box, we guarantee our products have quality assurance and nice packaging. 2. [&hellip;]<\/p>","protected":false},"featured_media":36491,"comment_status":"closed","ping_status":"closed","template":"","meta":{"_acf_changed":false},"product_cat":[1365],"product_tag":[8405,8406,8373,8407,8404],"class_list":["product","first","instock","shipping-taxable","purchasable","product-type-variable"],"acf":[],"_links":{"self":[{"href":"https:\/\/mouldking.store\/nb\/wp-json\/wp\/v2\/product\/36490","targetHints":{"allow":["GET"]}}],"collection":[{"href":"https:\/\/mouldking.store\/nb\/wp-json\/wp\/v2\/product"}],"about":[{"href":"https:\/\/mouldking.store\/nb\/wp-json\/wp\/v2\/types\/product"}],"replies":[{"embeddable":true,"href":"https:\/\/mouldking.store\/nb\/wp-json\/wp\/v2\/comments?post=36490"}],"wp:featuredmedia":[{"embeddable":true,"href":"https:\/\/mouldking.store\/nb\/wp-json\/wp\/v2\/media\/36491"}],"wp:attachment":[{"href":"https:\/\/mouldking.store\/nb\/wp-json\/wp\/v2\/media?parent=36490"}],"wp:term":[{"taxonomy":"product_cat","embeddable":true,"href":"https:\/\/mouldking.store\/nb\/wp-json\/wp\/v2\/product_cat?post=36490"},{"taxonomy":"product_tag","embeddable":true,"href":"https:\/\/mouldking.store\/nb\/wp-json\/wp\/v2\/product_tag?post=36490"}],"curies":[{"name":"wp","href":"https:\/\/api.w.org\/{rel}","templated":true}]}}