{"id":36532,"date":"2022-11-25T17:41:15","date_gmt":"2022-11-25T10:41:15","guid":{"rendered":"https:\/\/mouldking.store\/?post_type=product&#038;p=36532"},"modified":"2022-11-25T17:41:15","modified_gmt":"2022-11-25T10:41:15","slug":"rihio-mm004-sky-limulusground-horsefoot","status":"publish","type":"product","link":"https:\/\/mouldking.store\/nb\/shop\/rihio-mm004-sky-limulusground-horsefoot\/","title":{"rendered":"RIHIO MM004 SKY LIMULUS&amp;GRUNDHESTEFOT"},"content":{"rendered":"<p>Produktinformasjon:<\/p>\n<ol>\n<li>Merke: RIHIO<\/li>\n<li>Kj\u00f8nn: Unisex<\/li>\n<li>Name: SKY LIMULUS&amp;GROUND HORSEFOOT<\/li>\n<li>Aldersgruppe: &gt; 6 \u00e5r gammel<\/li>\n<li>Model Number: MM004<\/li>\n<li>Klassifisering: Montering<\/li>\n<li>Plastblokkform: Selvl\u00e5sende murstein<\/li>\n<li>Materiale: Plast<\/li>\n<li>Plasttype: ABS<\/li>\n<li>Size: 30 x 24 cm<\/li>\n<li>Inneholder detaljerte monteringsanvisninger.<\/li>\n<\/ol>\n<p>Legge merke til:<br \/>\n1. Uten original eske, men vi garanterer at v\u00e5re produkter har kvalitetssikring og pen emballasje.<br \/>\n2. Som alle delene vi har sjekket f\u00f8r frakt, s\u00e5 hvis du finner noen deler savnet eller skadet, ikke bekymre deg og bare kontakt oss, s\u00e5 kan vi sende dem til deg p\u00e5 nytt umiddelbart gratis.<\/p>\n<figure id=\"attachment_36533\" aria-describedby=\"caption-attachment-36533\" style=\"width: 800px\" class=\"wp-caption aligncenter\"><img fetchpriority=\"high\" decoding=\"async\" class=\"wp-image-36533 size-full\" src=\"https:\/\/mouldking.store\/wp-content\/uploads\/2022\/11\/RIHIO-MM004-SKY-LIMULUSGROUND-HORSEFOOT-17.jpg\" alt=\"RIHIO MM004 SKY LIMULUS&amp;GROUND HORSEFOOT\" width=\"800\" height=\"800\" title=\"-\" srcset=\"https:\/\/mouldking.store\/wp-content\/uploads\/2022\/11\/RIHIO-MM004-SKY-LIMULUSGROUND-HORSEFOOT-17.jpg 800w, https:\/\/mouldking.store\/wp-content\/uploads\/2022\/11\/RIHIO-MM004-SKY-LIMULUSGROUND-HORSEFOOT-17-300x300.jpg 300w, https:\/\/mouldking.store\/wp-content\/uploads\/2022\/11\/RIHIO-MM004-SKY-LIMULUSGROUND-HORSEFOOT-17-768x768.jpg 768w, https:\/\/mouldking.store\/wp-content\/uploads\/2022\/11\/RIHIO-MM004-SKY-LIMULUSGROUND-HORSEFOOT-17-600x600.jpg 600w, https:\/\/mouldking.store\/wp-content\/uploads\/2022\/11\/RIHIO-MM004-SKY-LIMULUSGROUND-HORSEFOOT-17-150x150.jpg 150w, https:\/\/mouldking.store\/wp-content\/uploads\/2022\/11\/RIHIO-MM004-SKY-LIMULUSGROUND-HORSEFOOT-17-60x60.jpg 60w, https:\/\/mouldking.store\/wp-content\/uploads\/2022\/11\/RIHIO-MM004-SKY-LIMULUSGROUND-HORSEFOOT-17-90x90.jpg 90w\" sizes=\"(max-width: 800px) 100vw, 800px\" \/><figcaption id=\"caption-attachment-36533\" class=\"wp-caption-text\">RIHIO MM004 SKY LIMULUS&amp;GRUNDHESTEFOT<\/figcaption><\/figure>\n<figure id=\"attachment_36534\" aria-describedby=\"caption-attachment-36534\" style=\"width: 800px\" class=\"wp-caption aligncenter\"><img decoding=\"async\" class=\"wp-image-36534 size-full\" src=\"https:\/\/mouldking.store\/wp-content\/uploads\/2022\/11\/RIHIO-MM004-SKY-LIMULUSGROUND-HORSEFOOT-16.jpg\" alt=\"RIHIO MM004 SKY LIMULUS&amp;GROUND HORSEFOOT\" width=\"800\" height=\"800\" title=\"-\" srcset=\"https:\/\/mouldking.store\/wp-content\/uploads\/2022\/11\/RIHIO-MM004-SKY-LIMULUSGROUND-HORSEFOOT-16.jpg 800w, https:\/\/mouldking.store\/wp-content\/uploads\/2022\/11\/RIHIO-MM004-SKY-LIMULUSGROUND-HORSEFOOT-16-300x300.jpg 300w, https:\/\/mouldking.store\/wp-content\/uploads\/2022\/11\/RIHIO-MM004-SKY-LIMULUSGROUND-HORSEFOOT-16-768x768.jpg 768w, https:\/\/mouldking.store\/wp-content\/uploads\/2022\/11\/RIHIO-MM004-SKY-LIMULUSGROUND-HORSEFOOT-16-600x600.jpg 600w, https:\/\/mouldking.store\/wp-content\/uploads\/2022\/11\/RIHIO-MM004-SKY-LIMULUSGROUND-HORSEFOOT-16-150x150.jpg 150w, https:\/\/mouldking.store\/wp-content\/uploads\/2022\/11\/RIHIO-MM004-SKY-LIMULUSGROUND-HORSEFOOT-16-60x60.jpg 60w, https:\/\/mouldking.store\/wp-content\/uploads\/2022\/11\/RIHIO-MM004-SKY-LIMULUSGROUND-HORSEFOOT-16-90x90.jpg 90w\" sizes=\"(max-width: 800px) 100vw, 800px\" \/><figcaption id=\"caption-attachment-36534\" class=\"wp-caption-text\">RIHIO MM004 SKY LIMULUS&amp;GRUNDHESTEFOT<\/figcaption><\/figure>\n<figure id=\"attachment_36535\" aria-describedby=\"caption-attachment-36535\" style=\"width: 800px\" class=\"wp-caption aligncenter\"><img decoding=\"async\" class=\"wp-image-36535 size-full\" src=\"https:\/\/mouldking.store\/wp-content\/uploads\/2022\/11\/RIHIO-MM004-SKY-LIMULUSGROUND-HORSEFOOT-15.jpg\" alt=\"RIHIO MM004 SKY LIMULUS&amp;GROUND HORSEFOOT\" width=\"800\" height=\"800\" title=\"-\" srcset=\"https:\/\/mouldking.store\/wp-content\/uploads\/2022\/11\/RIHIO-MM004-SKY-LIMULUSGROUND-HORSEFOOT-15.jpg 800w, https:\/\/mouldking.store\/wp-content\/uploads\/2022\/11\/RIHIO-MM004-SKY-LIMULUSGROUND-HORSEFOOT-15-300x300.jpg 300w, https:\/\/mouldking.store\/wp-content\/uploads\/2022\/11\/RIHIO-MM004-SKY-LIMULUSGROUND-HORSEFOOT-15-768x768.jpg 768w, https:\/\/mouldking.store\/wp-content\/uploads\/2022\/11\/RIHIO-MM004-SKY-LIMULUSGROUND-HORSEFOOT-15-600x600.jpg 600w, https:\/\/mouldking.store\/wp-content\/uploads\/2022\/11\/RIHIO-MM004-SKY-LIMULUSGROUND-HORSEFOOT-15-150x150.jpg 150w, https:\/\/mouldking.store\/wp-content\/uploads\/2022\/11\/RIHIO-MM004-SKY-LIMULUSGROUND-HORSEFOOT-15-60x60.jpg 60w, https:\/\/mouldking.store\/wp-content\/uploads\/2022\/11\/RIHIO-MM004-SKY-LIMULUSGROUND-HORSEFOOT-15-90x90.jpg 90w\" sizes=\"(max-width: 800px) 100vw, 800px\" \/><figcaption id=\"caption-attachment-36535\" class=\"wp-caption-text\">RIHIO MM004 SKY LIMULUS&amp;GRUNDHESTEFOT<\/figcaption><\/figure>\n<figure id=\"attachment_36536\" aria-describedby=\"caption-attachment-36536\" style=\"width: 800px\" class=\"wp-caption aligncenter\"><img loading=\"lazy\" decoding=\"async\" class=\"wp-image-36536 size-full\" src=\"https:\/\/mouldking.store\/wp-content\/uploads\/2022\/11\/RIHIO-MM004-SKY-LIMULUSGROUND-HORSEFOOT-14.jpg\" alt=\"RIHIO MM004 SKY LIMULUS&amp;GROUND HORSEFOOT\" width=\"800\" height=\"800\" title=\"-\" srcset=\"https:\/\/mouldking.store\/wp-content\/uploads\/2022\/11\/RIHIO-MM004-SKY-LIMULUSGROUND-HORSEFOOT-14.jpg 800w, https:\/\/mouldking.store\/wp-content\/uploads\/2022\/11\/RIHIO-MM004-SKY-LIMULUSGROUND-HORSEFOOT-14-300x300.jpg 300w, https:\/\/mouldking.store\/wp-content\/uploads\/2022\/11\/RIHIO-MM004-SKY-LIMULUSGROUND-HORSEFOOT-14-768x768.jpg 768w, https:\/\/mouldking.store\/wp-content\/uploads\/2022\/11\/RIHIO-MM004-SKY-LIMULUSGROUND-HORSEFOOT-14-600x600.jpg 600w, https:\/\/mouldking.store\/wp-content\/uploads\/2022\/11\/RIHIO-MM004-SKY-LIMULUSGROUND-HORSEFOOT-14-150x150.jpg 150w, https:\/\/mouldking.store\/wp-content\/uploads\/2022\/11\/RIHIO-MM004-SKY-LIMULUSGROUND-HORSEFOOT-14-60x60.jpg 60w, https:\/\/mouldking.store\/wp-content\/uploads\/2022\/11\/RIHIO-MM004-SKY-LIMULUSGROUND-HORSEFOOT-14-90x90.jpg 90w\" sizes=\"(max-width: 800px) 100vw, 800px\" \/><figcaption id=\"caption-attachment-36536\" class=\"wp-caption-text\">RIHIO MM004 SKY LIMULUS&amp;GRUNDHESTEFOT<\/figcaption><\/figure>\n<figure id=\"attachment_36537\" aria-describedby=\"caption-attachment-36537\" style=\"width: 788px\" class=\"wp-caption aligncenter\"><img loading=\"lazy\" decoding=\"async\" class=\"wp-image-36537 size-full\" src=\"https:\/\/mouldking.store\/wp-content\/uploads\/2022\/11\/RIHIO-MM004-SKY-LIMULUSGROUND-HORSEFOOT-13.jpg\" alt=\"RIHIO MM004 SKY LIMULUS&amp;GROUND HORSEFOOT\" width=\"788\" height=\"788\" title=\"-\" srcset=\"https:\/\/mouldking.store\/wp-content\/uploads\/2022\/11\/RIHIO-MM004-SKY-LIMULUSGROUND-HORSEFOOT-13.jpg 788w, https:\/\/mouldking.store\/wp-content\/uploads\/2022\/11\/RIHIO-MM004-SKY-LIMULUSGROUND-HORSEFOOT-13-300x300.jpg 300w, https:\/\/mouldking.store\/wp-content\/uploads\/2022\/11\/RIHIO-MM004-SKY-LIMULUSGROUND-HORSEFOOT-13-768x768.jpg 768w, https:\/\/mouldking.store\/wp-content\/uploads\/2022\/11\/RIHIO-MM004-SKY-LIMULUSGROUND-HORSEFOOT-13-600x600.jpg 600w, https:\/\/mouldking.store\/wp-content\/uploads\/2022\/11\/RIHIO-MM004-SKY-LIMULUSGROUND-HORSEFOOT-13-150x150.jpg 150w, https:\/\/mouldking.store\/wp-content\/uploads\/2022\/11\/RIHIO-MM004-SKY-LIMULUSGROUND-HORSEFOOT-13-60x60.jpg 60w, https:\/\/mouldking.store\/wp-content\/uploads\/2022\/11\/RIHIO-MM004-SKY-LIMULUSGROUND-HORSEFOOT-13-90x90.jpg 90w\" sizes=\"(max-width: 788px) 100vw, 788px\" \/><figcaption id=\"caption-attachment-36537\" class=\"wp-caption-text\">RIHIO MM004 SKY LIMULUS&amp;GRUNDHESTEFOT<\/figcaption><\/figure>\n<figure id=\"attachment_36538\" aria-describedby=\"caption-attachment-36538\" style=\"width: 1024px\" class=\"wp-caption aligncenter\"><img loading=\"lazy\" decoding=\"async\" class=\"wp-image-36538 size-full\" src=\"https:\/\/mouldking.store\/wp-content\/uploads\/2022\/11\/RIHIO-MM004-SKY-LIMULUSGROUND-HORSEFOOT-12.jpg\" alt=\"RIHIO MM004 SKY LIMULUS&amp;GROUND HORSEFOOT\" width=\"1024\" height=\"800\" title=\"-\" srcset=\"https:\/\/mouldking.store\/wp-content\/uploads\/2022\/11\/RIHIO-MM004-SKY-LIMULUSGROUND-HORSEFOOT-12.jpg 1024w, https:\/\/mouldking.store\/wp-content\/uploads\/2022\/11\/RIHIO-MM004-SKY-LIMULUSGROUND-HORSEFOOT-12-300x234.jpg 300w, https:\/\/mouldking.store\/wp-content\/uploads\/2022\/11\/RIHIO-MM004-SKY-LIMULUSGROUND-HORSEFOOT-12-768x600.jpg 768w, https:\/\/mouldking.store\/wp-content\/uploads\/2022\/11\/RIHIO-MM004-SKY-LIMULUSGROUND-HORSEFOOT-12-600x469.jpg 600w, https:\/\/mouldking.store\/wp-content\/uploads\/2022\/11\/RIHIO-MM004-SKY-LIMULUSGROUND-HORSEFOOT-12-150x117.jpg 150w, https:\/\/mouldking.store\/wp-content\/uploads\/2022\/11\/RIHIO-MM004-SKY-LIMULUSGROUND-HORSEFOOT-12-77x60.jpg 77w, https:\/\/mouldking.store\/wp-content\/uploads\/2022\/11\/RIHIO-MM004-SKY-LIMULUSGROUND-HORSEFOOT-12-115x90.jpg 115w\" sizes=\"(max-width: 1024px) 100vw, 1024px\" \/><figcaption id=\"caption-attachment-36538\" class=\"wp-caption-text\">RIHIO MM004 SKY LIMULUS&amp;GRUNDHESTEFOT<\/figcaption><\/figure>\n<figure id=\"attachment_36539\" aria-describedby=\"caption-attachment-36539\" style=\"width: 788px\" class=\"wp-caption aligncenter\"><img loading=\"lazy\" decoding=\"async\" class=\"wp-image-36539 size-full\" src=\"https:\/\/mouldking.store\/wp-content\/uploads\/2022\/11\/RIHIO-MM004-SKY-LIMULUSGROUND-HORSEFOOT-11.jpg\" alt=\"RIHIO MM004 SKY LIMULUS&amp;GROUND HORSEFOOT\" width=\"788\" height=\"772\" title=\"-\" srcset=\"https:\/\/mouldking.store\/wp-content\/uploads\/2022\/11\/RIHIO-MM004-SKY-LIMULUSGROUND-HORSEFOOT-11.jpg 788w, https:\/\/mouldking.store\/wp-content\/uploads\/2022\/11\/RIHIO-MM004-SKY-LIMULUSGROUND-HORSEFOOT-11-300x294.jpg 300w, https:\/\/mouldking.store\/wp-content\/uploads\/2022\/11\/RIHIO-MM004-SKY-LIMULUSGROUND-HORSEFOOT-11-768x752.jpg 768w, https:\/\/mouldking.store\/wp-content\/uploads\/2022\/11\/RIHIO-MM004-SKY-LIMULUSGROUND-HORSEFOOT-11-600x588.jpg 600w, https:\/\/mouldking.store\/wp-content\/uploads\/2022\/11\/RIHIO-MM004-SKY-LIMULUSGROUND-HORSEFOOT-11-150x147.jpg 150w, https:\/\/mouldking.store\/wp-content\/uploads\/2022\/11\/RIHIO-MM004-SKY-LIMULUSGROUND-HORSEFOOT-11-61x60.jpg 61w, https:\/\/mouldking.store\/wp-content\/uploads\/2022\/11\/RIHIO-MM004-SKY-LIMULUSGROUND-HORSEFOOT-11-92x90.jpg 92w\" sizes=\"(max-width: 788px) 100vw, 788px\" \/><figcaption id=\"caption-attachment-36539\" class=\"wp-caption-text\">RIHIO MM004 SKY LIMULUS&amp;GRUNDHESTEFOT<\/figcaption><\/figure>\n<figure id=\"attachment_36540\" aria-describedby=\"caption-attachment-36540\" style=\"width: 1024px\" class=\"wp-caption aligncenter\"><img loading=\"lazy\" decoding=\"async\" class=\"wp-image-36540 size-full\" src=\"https:\/\/mouldking.store\/wp-content\/uploads\/2022\/11\/RIHIO-MM004-SKY-LIMULUSGROUND-HORSEFOOT-10.jpg\" alt=\"RIHIO MM004 SKY LIMULUS&amp;GROUND HORSEFOOT\" width=\"1024\" height=\"1024\" title=\"-\" srcset=\"https:\/\/mouldking.store\/wp-content\/uploads\/2022\/11\/RIHIO-MM004-SKY-LIMULUSGROUND-HORSEFOOT-10.jpg 1024w, https:\/\/mouldking.store\/wp-content\/uploads\/2022\/11\/RIHIO-MM004-SKY-LIMULUSGROUND-HORSEFOOT-10-300x300.jpg 300w, https:\/\/mouldking.store\/wp-content\/uploads\/2022\/11\/RIHIO-MM004-SKY-LIMULUSGROUND-HORSEFOOT-10-768x768.jpg 768w, https:\/\/mouldking.store\/wp-content\/uploads\/2022\/11\/RIHIO-MM004-SKY-LIMULUSGROUND-HORSEFOOT-10-600x600.jpg 600w, https:\/\/mouldking.store\/wp-content\/uploads\/2022\/11\/RIHIO-MM004-SKY-LIMULUSGROUND-HORSEFOOT-10-150x150.jpg 150w, https:\/\/mouldking.store\/wp-content\/uploads\/2022\/11\/RIHIO-MM004-SKY-LIMULUSGROUND-HORSEFOOT-10-60x60.jpg 60w, https:\/\/mouldking.store\/wp-content\/uploads\/2022\/11\/RIHIO-MM004-SKY-LIMULUSGROUND-HORSEFOOT-10-90x90.jpg 90w\" sizes=\"(max-width: 1024px) 100vw, 1024px\" \/><figcaption id=\"caption-attachment-36540\" class=\"wp-caption-text\">RIHIO MM004 SKY LIMULUS&amp;GRUNDHESTEFOT<\/figcaption><\/figure>\n<figure id=\"attachment_36541\" aria-describedby=\"caption-attachment-36541\" style=\"width: 960px\" class=\"wp-caption aligncenter\"><img loading=\"lazy\" decoding=\"async\" class=\"wp-image-36541 size-full\" src=\"https:\/\/mouldking.store\/wp-content\/uploads\/2022\/11\/RIHIO-MM004-SKY-LIMULUSGROUND-HORSEFOOT-9.jpg\" alt=\"RIHIO MM004 SKY LIMULUS&amp;GROUND HORSEFOOT\" width=\"960\" height=\"1024\" title=\"-\" srcset=\"https:\/\/mouldking.store\/wp-content\/uploads\/2022\/11\/RIHIO-MM004-SKY-LIMULUSGROUND-HORSEFOOT-9.jpg 960w, https:\/\/mouldking.store\/wp-content\/uploads\/2022\/11\/RIHIO-MM004-SKY-LIMULUSGROUND-HORSEFOOT-9-281x300.jpg 281w, https:\/\/mouldking.store\/wp-content\/uploads\/2022\/11\/RIHIO-MM004-SKY-LIMULUSGROUND-HORSEFOOT-9-768x819.jpg 768w, https:\/\/mouldking.store\/wp-content\/uploads\/2022\/11\/RIHIO-MM004-SKY-LIMULUSGROUND-HORSEFOOT-9-300x320.jpg 300w, https:\/\/mouldking.store\/wp-content\/uploads\/2022\/11\/RIHIO-MM004-SKY-LIMULUSGROUND-HORSEFOOT-9-600x640.jpg 600w, https:\/\/mouldking.store\/wp-content\/uploads\/2022\/11\/RIHIO-MM004-SKY-LIMULUSGROUND-HORSEFOOT-9-141x150.jpg 141w, https:\/\/mouldking.store\/wp-content\/uploads\/2022\/11\/RIHIO-MM004-SKY-LIMULUSGROUND-HORSEFOOT-9-56x60.jpg 56w, https:\/\/mouldking.store\/wp-content\/uploads\/2022\/11\/RIHIO-MM004-SKY-LIMULUSGROUND-HORSEFOOT-9-84x90.jpg 84w\" sizes=\"(max-width: 960px) 100vw, 960px\" \/><figcaption id=\"caption-attachment-36541\" class=\"wp-caption-text\">RIHIO MM004 SKY LIMULUS&amp;GRUNDHESTEFOT<\/figcaption><\/figure>\n<figure id=\"attachment_36542\" aria-describedby=\"caption-attachment-36542\" style=\"width: 892px\" class=\"wp-caption aligncenter\"><img loading=\"lazy\" decoding=\"async\" class=\"wp-image-36542 size-full\" src=\"https:\/\/mouldking.store\/wp-content\/uploads\/2022\/11\/RIHIO-MM004-SKY-LIMULUSGROUND-HORSEFOOT-8.jpg\" alt=\"RIHIO MM004 SKY LIMULUS&amp;GROUND HORSEFOOT\" width=\"892\" height=\"1024\" title=\"-\" srcset=\"https:\/\/mouldking.store\/wp-content\/uploads\/2022\/11\/RIHIO-MM004-SKY-LIMULUSGROUND-HORSEFOOT-8.jpg 892w, https:\/\/mouldking.store\/wp-content\/uploads\/2022\/11\/RIHIO-MM004-SKY-LIMULUSGROUND-HORSEFOOT-8-261x300.jpg 261w, https:\/\/mouldking.store\/wp-content\/uploads\/2022\/11\/RIHIO-MM004-SKY-LIMULUSGROUND-HORSEFOOT-8-768x882.jpg 768w, https:\/\/mouldking.store\/wp-content\/uploads\/2022\/11\/RIHIO-MM004-SKY-LIMULUSGROUND-HORSEFOOT-8-300x344.jpg 300w, https:\/\/mouldking.store\/wp-content\/uploads\/2022\/11\/RIHIO-MM004-SKY-LIMULUSGROUND-HORSEFOOT-8-600x689.jpg 600w, https:\/\/mouldking.store\/wp-content\/uploads\/2022\/11\/RIHIO-MM004-SKY-LIMULUSGROUND-HORSEFOOT-8-131x150.jpg 131w, https:\/\/mouldking.store\/wp-content\/uploads\/2022\/11\/RIHIO-MM004-SKY-LIMULUSGROUND-HORSEFOOT-8-52x60.jpg 52w, https:\/\/mouldking.store\/wp-content\/uploads\/2022\/11\/RIHIO-MM004-SKY-LIMULUSGROUND-HORSEFOOT-8-78x90.jpg 78w\" sizes=\"(max-width: 892px) 100vw, 892px\" \/><figcaption id=\"caption-attachment-36542\" class=\"wp-caption-text\">RIHIO MM004 SKY LIMULUS&amp;GRUNDHESTEFOT<\/figcaption><\/figure>\n<figure id=\"attachment_36543\" aria-describedby=\"caption-attachment-36543\" style=\"width: 1024px\" class=\"wp-caption aligncenter\"><img loading=\"lazy\" decoding=\"async\" class=\"wp-image-36543 size-full\" src=\"https:\/\/mouldking.store\/wp-content\/uploads\/2022\/11\/RIHIO-MM004-SKY-LIMULUSGROUND-HORSEFOOT-7.jpg\" alt=\"RIHIO MM004 SKY LIMULUS&amp;GROUND HORSEFOOT\" width=\"1024\" height=\"759\" title=\"-\" srcset=\"https:\/\/mouldking.store\/wp-content\/uploads\/2022\/11\/RIHIO-MM004-SKY-LIMULUSGROUND-HORSEFOOT-7.jpg 1024w, https:\/\/mouldking.store\/wp-content\/uploads\/2022\/11\/RIHIO-MM004-SKY-LIMULUSGROUND-HORSEFOOT-7-300x222.jpg 300w, https:\/\/mouldking.store\/wp-content\/uploads\/2022\/11\/RIHIO-MM004-SKY-LIMULUSGROUND-HORSEFOOT-7-768x569.jpg 768w, https:\/\/mouldking.store\/wp-content\/uploads\/2022\/11\/RIHIO-MM004-SKY-LIMULUSGROUND-HORSEFOOT-7-600x445.jpg 600w, https:\/\/mouldking.store\/wp-content\/uploads\/2022\/11\/RIHIO-MM004-SKY-LIMULUSGROUND-HORSEFOOT-7-150x111.jpg 150w, https:\/\/mouldking.store\/wp-content\/uploads\/2022\/11\/RIHIO-MM004-SKY-LIMULUSGROUND-HORSEFOOT-7-81x60.jpg 81w, https:\/\/mouldking.store\/wp-content\/uploads\/2022\/11\/RIHIO-MM004-SKY-LIMULUSGROUND-HORSEFOOT-7-121x90.jpg 121w\" sizes=\"(max-width: 1024px) 100vw, 1024px\" \/><figcaption id=\"caption-attachment-36543\" class=\"wp-caption-text\">RIHIO MM004 SKY LIMULUS&amp;GRUNDHESTEFOT<\/figcaption><\/figure>\n<figure id=\"attachment_36544\" aria-describedby=\"caption-attachment-36544\" style=\"width: 790px\" class=\"wp-caption aligncenter\"><img loading=\"lazy\" decoding=\"async\" class=\"wp-image-36544 size-full\" src=\"https:\/\/mouldking.store\/wp-content\/uploads\/2022\/11\/RIHIO-MM004-SKY-LIMULUSGROUND-HORSEFOOT-6.jpg\" alt=\"RIHIO MM004 SKY LIMULUS&amp;GROUND HORSEFOOT\" width=\"790\" height=\"906\" title=\"-\" srcset=\"https:\/\/mouldking.store\/wp-content\/uploads\/2022\/11\/RIHIO-MM004-SKY-LIMULUSGROUND-HORSEFOOT-6.jpg 790w, https:\/\/mouldking.store\/wp-content\/uploads\/2022\/11\/RIHIO-MM004-SKY-LIMULUSGROUND-HORSEFOOT-6-262x300.jpg 262w, https:\/\/mouldking.store\/wp-content\/uploads\/2022\/11\/RIHIO-MM004-SKY-LIMULUSGROUND-HORSEFOOT-6-768x881.jpg 768w, https:\/\/mouldking.store\/wp-content\/uploads\/2022\/11\/RIHIO-MM004-SKY-LIMULUSGROUND-HORSEFOOT-6-300x344.jpg 300w, https:\/\/mouldking.store\/wp-content\/uploads\/2022\/11\/RIHIO-MM004-SKY-LIMULUSGROUND-HORSEFOOT-6-600x688.jpg 600w, https:\/\/mouldking.store\/wp-content\/uploads\/2022\/11\/RIHIO-MM004-SKY-LIMULUSGROUND-HORSEFOOT-6-131x150.jpg 131w, https:\/\/mouldking.store\/wp-content\/uploads\/2022\/11\/RIHIO-MM004-SKY-LIMULUSGROUND-HORSEFOOT-6-52x60.jpg 52w, https:\/\/mouldking.store\/wp-content\/uploads\/2022\/11\/RIHIO-MM004-SKY-LIMULUSGROUND-HORSEFOOT-6-78x90.jpg 78w\" sizes=\"(max-width: 790px) 100vw, 790px\" \/><figcaption id=\"caption-attachment-36544\" class=\"wp-caption-text\">RIHIO MM004 SKY LIMULUS&amp;GRUNDHESTEFOT<\/figcaption><\/figure>\n<figure id=\"attachment_36545\" aria-describedby=\"caption-attachment-36545\" style=\"width: 800px\" class=\"wp-caption aligncenter\"><img loading=\"lazy\" decoding=\"async\" class=\"wp-image-36545 size-full\" src=\"https:\/\/mouldking.store\/wp-content\/uploads\/2022\/11\/RIHIO-MM004-SKY-LIMULUSGROUND-HORSEFOOT-5.jpg\" alt=\"RIHIO MM004 SKY LIMULUS&amp;GROUND HORSEFOOT\" width=\"800\" height=\"800\" title=\"-\" srcset=\"https:\/\/mouldking.store\/wp-content\/uploads\/2022\/11\/RIHIO-MM004-SKY-LIMULUSGROUND-HORSEFOOT-5.jpg 800w, https:\/\/mouldking.store\/wp-content\/uploads\/2022\/11\/RIHIO-MM004-SKY-LIMULUSGROUND-HORSEFOOT-5-300x300.jpg 300w, https:\/\/mouldking.store\/wp-content\/uploads\/2022\/11\/RIHIO-MM004-SKY-LIMULUSGROUND-HORSEFOOT-5-768x768.jpg 768w, https:\/\/mouldking.store\/wp-content\/uploads\/2022\/11\/RIHIO-MM004-SKY-LIMULUSGROUND-HORSEFOOT-5-600x600.jpg 600w, https:\/\/mouldking.store\/wp-content\/uploads\/2022\/11\/RIHIO-MM004-SKY-LIMULUSGROUND-HORSEFOOT-5-150x150.jpg 150w, https:\/\/mouldking.store\/wp-content\/uploads\/2022\/11\/RIHIO-MM004-SKY-LIMULUSGROUND-HORSEFOOT-5-60x60.jpg 60w, https:\/\/mouldking.store\/wp-content\/uploads\/2022\/11\/RIHIO-MM004-SKY-LIMULUSGROUND-HORSEFOOT-5-90x90.jpg 90w\" sizes=\"(max-width: 800px) 100vw, 800px\" \/><figcaption id=\"caption-attachment-36545\" class=\"wp-caption-text\">RIHIO MM004 SKY LIMULUS&amp;GRUNDHESTEFOT<\/figcaption><\/figure>\n<figure id=\"attachment_36546\" aria-describedby=\"caption-attachment-36546\" style=\"width: 800px\" class=\"wp-caption aligncenter\"><img loading=\"lazy\" decoding=\"async\" class=\"wp-image-36546 size-full\" src=\"https:\/\/mouldking.store\/wp-content\/uploads\/2022\/11\/RIHIO-MM004-SKY-LIMULUSGROUND-HORSEFOOT-4.jpg\" alt=\"RIHIO MM004 SKY LIMULUS&amp;GROUND HORSEFOOT\" width=\"800\" height=\"800\" title=\"-\" srcset=\"https:\/\/mouldking.store\/wp-content\/uploads\/2022\/11\/RIHIO-MM004-SKY-LIMULUSGROUND-HORSEFOOT-4.jpg 800w, https:\/\/mouldking.store\/wp-content\/uploads\/2022\/11\/RIHIO-MM004-SKY-LIMULUSGROUND-HORSEFOOT-4-300x300.jpg 300w, https:\/\/mouldking.store\/wp-content\/uploads\/2022\/11\/RIHIO-MM004-SKY-LIMULUSGROUND-HORSEFOOT-4-768x768.jpg 768w, https:\/\/mouldking.store\/wp-content\/uploads\/2022\/11\/RIHIO-MM004-SKY-LIMULUSGROUND-HORSEFOOT-4-600x600.jpg 600w, https:\/\/mouldking.store\/wp-content\/uploads\/2022\/11\/RIHIO-MM004-SKY-LIMULUSGROUND-HORSEFOOT-4-150x150.jpg 150w, https:\/\/mouldking.store\/wp-content\/uploads\/2022\/11\/RIHIO-MM004-SKY-LIMULUSGROUND-HORSEFOOT-4-60x60.jpg 60w, https:\/\/mouldking.store\/wp-content\/uploads\/2022\/11\/RIHIO-MM004-SKY-LIMULUSGROUND-HORSEFOOT-4-90x90.jpg 90w\" sizes=\"(max-width: 800px) 100vw, 800px\" \/><figcaption id=\"caption-attachment-36546\" class=\"wp-caption-text\">RIHIO MM004 SKY LIMULUS&amp;GRUNDHESTEFOT<\/figcaption><\/figure>\n<figure id=\"attachment_36547\" aria-describedby=\"caption-attachment-36547\" style=\"width: 800px\" class=\"wp-caption aligncenter\"><img loading=\"lazy\" decoding=\"async\" class=\"wp-image-36547 size-full\" src=\"https:\/\/mouldking.store\/wp-content\/uploads\/2022\/11\/RIHIO-MM004-SKY-LIMULUSGROUND-HORSEFOOT-3.jpg\" alt=\"RIHIO MM004 SKY LIMULUS&amp;GROUND HORSEFOOT\" width=\"800\" height=\"800\" title=\"-\" srcset=\"https:\/\/mouldking.store\/wp-content\/uploads\/2022\/11\/RIHIO-MM004-SKY-LIMULUSGROUND-HORSEFOOT-3.jpg 800w, https:\/\/mouldking.store\/wp-content\/uploads\/2022\/11\/RIHIO-MM004-SKY-LIMULUSGROUND-HORSEFOOT-3-300x300.jpg 300w, https:\/\/mouldking.store\/wp-content\/uploads\/2022\/11\/RIHIO-MM004-SKY-LIMULUSGROUND-HORSEFOOT-3-768x768.jpg 768w, https:\/\/mouldking.store\/wp-content\/uploads\/2022\/11\/RIHIO-MM004-SKY-LIMULUSGROUND-HORSEFOOT-3-600x600.jpg 600w, https:\/\/mouldking.store\/wp-content\/uploads\/2022\/11\/RIHIO-MM004-SKY-LIMULUSGROUND-HORSEFOOT-3-150x150.jpg 150w, https:\/\/mouldking.store\/wp-content\/uploads\/2022\/11\/RIHIO-MM004-SKY-LIMULUSGROUND-HORSEFOOT-3-60x60.jpg 60w, https:\/\/mouldking.store\/wp-content\/uploads\/2022\/11\/RIHIO-MM004-SKY-LIMULUSGROUND-HORSEFOOT-3-90x90.jpg 90w\" sizes=\"(max-width: 800px) 100vw, 800px\" \/><figcaption id=\"caption-attachment-36547\" class=\"wp-caption-text\">RIHIO MM004 SKY LIMULUS&amp;GRUNDHESTEFOT<\/figcaption><\/figure>\n<figure id=\"attachment_36548\" aria-describedby=\"caption-attachment-36548\" style=\"width: 800px\" class=\"wp-caption aligncenter\"><img loading=\"lazy\" decoding=\"async\" class=\"wp-image-36548 size-full\" src=\"https:\/\/mouldking.store\/wp-content\/uploads\/2022\/11\/RIHIO-MM004-SKY-LIMULUSGROUND-HORSEFOOT-2.jpg\" alt=\"RIHIO MM004 SKY LIMULUS&amp;GROUND HORSEFOOT\" width=\"800\" height=\"800\" title=\"-\" srcset=\"https:\/\/mouldking.store\/wp-content\/uploads\/2022\/11\/RIHIO-MM004-SKY-LIMULUSGROUND-HORSEFOOT-2.jpg 800w, https:\/\/mouldking.store\/wp-content\/uploads\/2022\/11\/RIHIO-MM004-SKY-LIMULUSGROUND-HORSEFOOT-2-300x300.jpg 300w, https:\/\/mouldking.store\/wp-content\/uploads\/2022\/11\/RIHIO-MM004-SKY-LIMULUSGROUND-HORSEFOOT-2-768x768.jpg 768w, https:\/\/mouldking.store\/wp-content\/uploads\/2022\/11\/RIHIO-MM004-SKY-LIMULUSGROUND-HORSEFOOT-2-600x600.jpg 600w, https:\/\/mouldking.store\/wp-content\/uploads\/2022\/11\/RIHIO-MM004-SKY-LIMULUSGROUND-HORSEFOOT-2-150x150.jpg 150w, https:\/\/mouldking.store\/wp-content\/uploads\/2022\/11\/RIHIO-MM004-SKY-LIMULUSGROUND-HORSEFOOT-2-60x60.jpg 60w, https:\/\/mouldking.store\/wp-content\/uploads\/2022\/11\/RIHIO-MM004-SKY-LIMULUSGROUND-HORSEFOOT-2-90x90.jpg 90w\" sizes=\"(max-width: 800px) 100vw, 800px\" \/><figcaption id=\"caption-attachment-36548\" class=\"wp-caption-text\">RIHIO MM004 SKY LIMULUS&amp;GRUNDHESTEFOT<\/figcaption><\/figure>\n<figure id=\"attachment_36549\" aria-describedby=\"caption-attachment-36549\" style=\"width: 800px\" class=\"wp-caption aligncenter\"><img loading=\"lazy\" decoding=\"async\" class=\"wp-image-36549 size-full\" src=\"https:\/\/mouldking.store\/wp-content\/uploads\/2022\/11\/RIHIO-MM004-SKY-LIMULUSGROUND-HORSEFOOT-1.jpg\" alt=\"RIHIO MM004 SKY LIMULUS&amp;GROUND HORSEFOOT\" width=\"800\" height=\"800\" title=\"-\" srcset=\"https:\/\/mouldking.store\/wp-content\/uploads\/2022\/11\/RIHIO-MM004-SKY-LIMULUSGROUND-HORSEFOOT-1.jpg 800w, https:\/\/mouldking.store\/wp-content\/uploads\/2022\/11\/RIHIO-MM004-SKY-LIMULUSGROUND-HORSEFOOT-1-300x300.jpg 300w, https:\/\/mouldking.store\/wp-content\/uploads\/2022\/11\/RIHIO-MM004-SKY-LIMULUSGROUND-HORSEFOOT-1-768x768.jpg 768w, https:\/\/mouldking.store\/wp-content\/uploads\/2022\/11\/RIHIO-MM004-SKY-LIMULUSGROUND-HORSEFOOT-1-600x600.jpg 600w, https:\/\/mouldking.store\/wp-content\/uploads\/2022\/11\/RIHIO-MM004-SKY-LIMULUSGROUND-HORSEFOOT-1-150x150.jpg 150w, https:\/\/mouldking.store\/wp-content\/uploads\/2022\/11\/RIHIO-MM004-SKY-LIMULUSGROUND-HORSEFOOT-1-60x60.jpg 60w, https:\/\/mouldking.store\/wp-content\/uploads\/2022\/11\/RIHIO-MM004-SKY-LIMULUSGROUND-HORSEFOOT-1-90x90.jpg 90w\" sizes=\"(max-width: 800px) 100vw, 800px\" \/><figcaption id=\"caption-attachment-36549\" class=\"wp-caption-text\">RIHIO MM004 SKY LIMULUS&amp;GRUNDHESTEFOT<\/figcaption><\/figure>","protected":false},"excerpt":{"rendered":"<p>Product information: Brand: RIHIO Gender: Unisex Name: SKY LIMULUS&amp;GROUND HORSEFOOT Age Range: &gt; 6 years old Model Number: MM004 Classification: Assemblage Plastic Block Shape: Self-Locking Bricks Material: Plastic Plastic Type: ABS Size: 30 x 24 cm Contains detailed assembly instructions. Notice: 1. Without an original box, but we guarantee our products have quality assurance and [&hellip;]<\/p>","protected":false},"author":1145,"featured_media":36533,"comment_status":"closed","ping_status":"closed","template":"","meta":{"_acf_changed":false},"product_cat":[1365],"product_tag":[8421,8424,8422,8420,8419,8373,8426,8418,790,8423,8425],"class_list":["product","first","instock","shipping-taxable","purchasable","product-type-variable"],"acf":[],"_links":{"self":[{"href":"https:\/\/mouldking.store\/nb\/wp-json\/wp\/v2\/product\/36532","targetHints":{"allow":["GET"]}}],"collection":[{"href":"https:\/\/mouldking.store\/nb\/wp-json\/wp\/v2\/product"}],"about":[{"href":"https:\/\/mouldking.store\/nb\/wp-json\/wp\/v2\/types\/product"}],"author":[{"embeddable":true,"href":"https:\/\/mouldking.store\/nb\/wp-json\/wp\/v2\/users\/1145"}],"replies":[{"embeddable":true,"href":"https:\/\/mouldking.store\/nb\/wp-json\/wp\/v2\/comments?post=36532"}],"wp:featuredmedia":[{"embeddable":true,"href":"https:\/\/mouldking.store\/nb\/wp-json\/wp\/v2\/media\/36533"}],"wp:attachment":[{"href":"https:\/\/mouldking.store\/nb\/wp-json\/wp\/v2\/media?parent=36532"}],"wp:term":[{"taxonomy":"product_cat","embeddable":true,"href":"https:\/\/mouldking.store\/nb\/wp-json\/wp\/v2\/product_cat?post=36532"},{"taxonomy":"product_tag","embeddable":true,"href":"https:\/\/mouldking.store\/nb\/wp-json\/wp\/v2\/product_tag?post=36532"}],"curies":[{"name":"wp","href":"https:\/\/api.w.org\/{rel}","templated":true}]}}