{"id":36601,"date":"2022-11-25T18:20:19","date_gmt":"2022-11-25T11:20:19","guid":{"rendered":"https:\/\/mouldking.store\/?post_type=product&#038;p=36601"},"modified":"2022-11-25T18:20:19","modified_gmt":"2022-11-25T11:20:19","slug":"rihio-mm001-strikerlogistic-set","status":"publish","type":"product","link":"https:\/\/mouldking.store\/nb\/shop\/rihio-mm001-strikerlogistic-set\/","title":{"rendered":"RIHIO MM001 STRIKER+LOGISTIKKSETT"},"content":{"rendered":"<p>Produktinformasjon:<\/p>\n<ol>\n<li>Merke: RIHIO<\/li>\n<li>Kj\u00f8nn: Unisex<\/li>\n<li>Name: STRIKER+LOGISTIC SET<\/li>\n<li>Aldersgruppe: &gt; 6 \u00e5r gammel<\/li>\n<li>Model Number: MM001<\/li>\n<li>Klassifisering: Montering<\/li>\n<li>Plastblokkform: Selvl\u00e5sende murstein<\/li>\n<li>Materiale: Plast<\/li>\n<li>Plasttype: ABS<\/li>\n<li>Size: 6.5 x 6.5 cm<\/li>\n<li>Inneholder detaljerte monteringsanvisninger.<\/li>\n<\/ol>\n<p>Legge merke til:<br \/>\n1. Uten original eske, men vi garanterer at v\u00e5re produkter har kvalitetssikring og pen emballasje.<br \/>\n2. Som alle delene vi har sjekket f\u00f8r frakt, s\u00e5 hvis du finner noen deler savnet eller skadet, ikke bekymre deg og bare kontakt oss, s\u00e5 kan vi sende dem til deg p\u00e5 nytt umiddelbart gratis.<\/p>\n<figure id=\"attachment_36602\" aria-describedby=\"caption-attachment-36602\" style=\"width: 800px\" class=\"wp-caption aligncenter\"><img fetchpriority=\"high\" decoding=\"async\" class=\"wp-image-36602 size-full\" src=\"https:\/\/mouldking.store\/wp-content\/uploads\/2022\/11\/RIHIO-MM001-STRIKERLOGISTIC-SET-18.jpg\" alt=\"RIHIO MM001 STRIKER+LOGISTIC SET\" width=\"800\" height=\"800\" title=\"-\" srcset=\"https:\/\/mouldking.store\/wp-content\/uploads\/2022\/11\/RIHIO-MM001-STRIKERLOGISTIC-SET-18.jpg 800w, https:\/\/mouldking.store\/wp-content\/uploads\/2022\/11\/RIHIO-MM001-STRIKERLOGISTIC-SET-18-300x300.jpg 300w, https:\/\/mouldking.store\/wp-content\/uploads\/2022\/11\/RIHIO-MM001-STRIKERLOGISTIC-SET-18-768x768.jpg 768w, https:\/\/mouldking.store\/wp-content\/uploads\/2022\/11\/RIHIO-MM001-STRIKERLOGISTIC-SET-18-600x600.jpg 600w, https:\/\/mouldking.store\/wp-content\/uploads\/2022\/11\/RIHIO-MM001-STRIKERLOGISTIC-SET-18-150x150.jpg 150w, https:\/\/mouldking.store\/wp-content\/uploads\/2022\/11\/RIHIO-MM001-STRIKERLOGISTIC-SET-18-60x60.jpg 60w, https:\/\/mouldking.store\/wp-content\/uploads\/2022\/11\/RIHIO-MM001-STRIKERLOGISTIC-SET-18-90x90.jpg 90w\" sizes=\"(max-width: 800px) 100vw, 800px\" \/><figcaption id=\"caption-attachment-36602\" class=\"wp-caption-text\">RIHIO MM001 STRIKER+LOGISTIKKSETT<\/figcaption><\/figure>\n<figure id=\"attachment_36603\" aria-describedby=\"caption-attachment-36603\" style=\"width: 800px\" class=\"wp-caption aligncenter\"><img decoding=\"async\" class=\"wp-image-36603 size-full\" src=\"https:\/\/mouldking.store\/wp-content\/uploads\/2022\/11\/RIHIO-MM001-STRIKERLOGISTIC-SET-17.jpg\" alt=\"RIHIO MM001 STRIKER+LOGISTIC SET\" width=\"800\" height=\"800\" title=\"-\" srcset=\"https:\/\/mouldking.store\/wp-content\/uploads\/2022\/11\/RIHIO-MM001-STRIKERLOGISTIC-SET-17.jpg 800w, https:\/\/mouldking.store\/wp-content\/uploads\/2022\/11\/RIHIO-MM001-STRIKERLOGISTIC-SET-17-300x300.jpg 300w, https:\/\/mouldking.store\/wp-content\/uploads\/2022\/11\/RIHIO-MM001-STRIKERLOGISTIC-SET-17-768x768.jpg 768w, https:\/\/mouldking.store\/wp-content\/uploads\/2022\/11\/RIHIO-MM001-STRIKERLOGISTIC-SET-17-600x600.jpg 600w, https:\/\/mouldking.store\/wp-content\/uploads\/2022\/11\/RIHIO-MM001-STRIKERLOGISTIC-SET-17-150x150.jpg 150w, https:\/\/mouldking.store\/wp-content\/uploads\/2022\/11\/RIHIO-MM001-STRIKERLOGISTIC-SET-17-60x60.jpg 60w, https:\/\/mouldking.store\/wp-content\/uploads\/2022\/11\/RIHIO-MM001-STRIKERLOGISTIC-SET-17-90x90.jpg 90w\" sizes=\"(max-width: 800px) 100vw, 800px\" \/><figcaption id=\"caption-attachment-36603\" class=\"wp-caption-text\">RIHIO MM001 STRIKER+LOGISTIKKSETT<\/figcaption><\/figure>\n<figure id=\"attachment_36604\" aria-describedby=\"caption-attachment-36604\" style=\"width: 800px\" class=\"wp-caption aligncenter\"><img decoding=\"async\" class=\"wp-image-36604 size-full\" src=\"https:\/\/mouldking.store\/wp-content\/uploads\/2022\/11\/RIHIO-MM001-STRIKERLOGISTIC-SET-16.jpg\" alt=\"RIHIO MM001 STRIKER+LOGISTIC SET\" width=\"800\" height=\"800\" title=\"-\" srcset=\"https:\/\/mouldking.store\/wp-content\/uploads\/2022\/11\/RIHIO-MM001-STRIKERLOGISTIC-SET-16.jpg 800w, https:\/\/mouldking.store\/wp-content\/uploads\/2022\/11\/RIHIO-MM001-STRIKERLOGISTIC-SET-16-300x300.jpg 300w, https:\/\/mouldking.store\/wp-content\/uploads\/2022\/11\/RIHIO-MM001-STRIKERLOGISTIC-SET-16-768x768.jpg 768w, https:\/\/mouldking.store\/wp-content\/uploads\/2022\/11\/RIHIO-MM001-STRIKERLOGISTIC-SET-16-600x600.jpg 600w, https:\/\/mouldking.store\/wp-content\/uploads\/2022\/11\/RIHIO-MM001-STRIKERLOGISTIC-SET-16-150x150.jpg 150w, https:\/\/mouldking.store\/wp-content\/uploads\/2022\/11\/RIHIO-MM001-STRIKERLOGISTIC-SET-16-60x60.jpg 60w, https:\/\/mouldking.store\/wp-content\/uploads\/2022\/11\/RIHIO-MM001-STRIKERLOGISTIC-SET-16-90x90.jpg 90w\" sizes=\"(max-width: 800px) 100vw, 800px\" \/><figcaption id=\"caption-attachment-36604\" class=\"wp-caption-text\">RIHIO MM001 STRIKER+LOGISTIKKSETT<\/figcaption><\/figure>\n<figure id=\"attachment_36605\" aria-describedby=\"caption-attachment-36605\" style=\"width: 800px\" class=\"wp-caption aligncenter\"><img loading=\"lazy\" decoding=\"async\" class=\"wp-image-36605 size-full\" src=\"https:\/\/mouldking.store\/wp-content\/uploads\/2022\/11\/RIHIO-MM001-STRIKERLOGISTIC-SET-15.jpg\" alt=\"RIHIO MM001 STRIKER+LOGISTIC SET\" width=\"800\" height=\"800\" title=\"-\" srcset=\"https:\/\/mouldking.store\/wp-content\/uploads\/2022\/11\/RIHIO-MM001-STRIKERLOGISTIC-SET-15.jpg 800w, https:\/\/mouldking.store\/wp-content\/uploads\/2022\/11\/RIHIO-MM001-STRIKERLOGISTIC-SET-15-300x300.jpg 300w, https:\/\/mouldking.store\/wp-content\/uploads\/2022\/11\/RIHIO-MM001-STRIKERLOGISTIC-SET-15-768x768.jpg 768w, https:\/\/mouldking.store\/wp-content\/uploads\/2022\/11\/RIHIO-MM001-STRIKERLOGISTIC-SET-15-600x600.jpg 600w, https:\/\/mouldking.store\/wp-content\/uploads\/2022\/11\/RIHIO-MM001-STRIKERLOGISTIC-SET-15-150x150.jpg 150w, https:\/\/mouldking.store\/wp-content\/uploads\/2022\/11\/RIHIO-MM001-STRIKERLOGISTIC-SET-15-60x60.jpg 60w, https:\/\/mouldking.store\/wp-content\/uploads\/2022\/11\/RIHIO-MM001-STRIKERLOGISTIC-SET-15-90x90.jpg 90w\" sizes=\"(max-width: 800px) 100vw, 800px\" \/><figcaption id=\"caption-attachment-36605\" class=\"wp-caption-text\">RIHIO MM001 STRIKER+LOGISTIKKSETT<\/figcaption><\/figure>\n<figure id=\"attachment_36606\" aria-describedby=\"caption-attachment-36606\" style=\"width: 800px\" class=\"wp-caption aligncenter\"><img loading=\"lazy\" decoding=\"async\" class=\"wp-image-36606 size-full\" src=\"https:\/\/mouldking.store\/wp-content\/uploads\/2022\/11\/RIHIO-MM001-STRIKERLOGISTIC-SET-14.jpg\" alt=\"RIHIO MM001 STRIKER+LOGISTIC SET\" width=\"800\" height=\"800\" title=\"-\" srcset=\"https:\/\/mouldking.store\/wp-content\/uploads\/2022\/11\/RIHIO-MM001-STRIKERLOGISTIC-SET-14.jpg 800w, https:\/\/mouldking.store\/wp-content\/uploads\/2022\/11\/RIHIO-MM001-STRIKERLOGISTIC-SET-14-300x300.jpg 300w, https:\/\/mouldking.store\/wp-content\/uploads\/2022\/11\/RIHIO-MM001-STRIKERLOGISTIC-SET-14-768x768.jpg 768w, https:\/\/mouldking.store\/wp-content\/uploads\/2022\/11\/RIHIO-MM001-STRIKERLOGISTIC-SET-14-600x600.jpg 600w, https:\/\/mouldking.store\/wp-content\/uploads\/2022\/11\/RIHIO-MM001-STRIKERLOGISTIC-SET-14-150x150.jpg 150w, https:\/\/mouldking.store\/wp-content\/uploads\/2022\/11\/RIHIO-MM001-STRIKERLOGISTIC-SET-14-60x60.jpg 60w, https:\/\/mouldking.store\/wp-content\/uploads\/2022\/11\/RIHIO-MM001-STRIKERLOGISTIC-SET-14-90x90.jpg 90w\" sizes=\"(max-width: 800px) 100vw, 800px\" \/><figcaption id=\"caption-attachment-36606\" class=\"wp-caption-text\">RIHIO MM001 STRIKER+LOGISTIKKSETT<\/figcaption><\/figure>\n<figure id=\"attachment_36607\" aria-describedby=\"caption-attachment-36607\" style=\"width: 750px\" class=\"wp-caption aligncenter\"><img loading=\"lazy\" decoding=\"async\" class=\"wp-image-36607 size-full\" src=\"https:\/\/mouldking.store\/wp-content\/uploads\/2022\/11\/RIHIO-MM001-STRIKERLOGISTIC-SET-13.jpg\" alt=\"RIHIO MM001 STRIKER+LOGISTIC SET\" width=\"750\" height=\"639\" title=\"-\" srcset=\"https:\/\/mouldking.store\/wp-content\/uploads\/2022\/11\/RIHIO-MM001-STRIKERLOGISTIC-SET-13.jpg 750w, https:\/\/mouldking.store\/wp-content\/uploads\/2022\/11\/RIHIO-MM001-STRIKERLOGISTIC-SET-13-300x256.jpg 300w, https:\/\/mouldking.store\/wp-content\/uploads\/2022\/11\/RIHIO-MM001-STRIKERLOGISTIC-SET-13-600x511.jpg 600w, https:\/\/mouldking.store\/wp-content\/uploads\/2022\/11\/RIHIO-MM001-STRIKERLOGISTIC-SET-13-150x128.jpg 150w, https:\/\/mouldking.store\/wp-content\/uploads\/2022\/11\/RIHIO-MM001-STRIKERLOGISTIC-SET-13-70x60.jpg 70w, https:\/\/mouldking.store\/wp-content\/uploads\/2022\/11\/RIHIO-MM001-STRIKERLOGISTIC-SET-13-106x90.jpg 106w\" sizes=\"(max-width: 750px) 100vw, 750px\" \/><figcaption id=\"caption-attachment-36607\" class=\"wp-caption-text\">RIHIO MM001 STRIKER+LOGISTIKKSETT<\/figcaption><\/figure>\n<figure id=\"attachment_36608\" aria-describedby=\"caption-attachment-36608\" style=\"width: 750px\" class=\"wp-caption aligncenter\"><img loading=\"lazy\" decoding=\"async\" class=\"wp-image-36608 size-full\" src=\"https:\/\/mouldking.store\/wp-content\/uploads\/2022\/11\/RIHIO-MM001-STRIKERLOGISTIC-SET-12.jpg\" alt=\"RIHIO MM001 STRIKER+LOGISTIC SET\" width=\"750\" height=\"639\" title=\"-\" srcset=\"https:\/\/mouldking.store\/wp-content\/uploads\/2022\/11\/RIHIO-MM001-STRIKERLOGISTIC-SET-12.jpg 750w, https:\/\/mouldking.store\/wp-content\/uploads\/2022\/11\/RIHIO-MM001-STRIKERLOGISTIC-SET-12-300x256.jpg 300w, https:\/\/mouldking.store\/wp-content\/uploads\/2022\/11\/RIHIO-MM001-STRIKERLOGISTIC-SET-12-600x511.jpg 600w, https:\/\/mouldking.store\/wp-content\/uploads\/2022\/11\/RIHIO-MM001-STRIKERLOGISTIC-SET-12-150x128.jpg 150w, https:\/\/mouldking.store\/wp-content\/uploads\/2022\/11\/RIHIO-MM001-STRIKERLOGISTIC-SET-12-70x60.jpg 70w, https:\/\/mouldking.store\/wp-content\/uploads\/2022\/11\/RIHIO-MM001-STRIKERLOGISTIC-SET-12-106x90.jpg 106w\" sizes=\"(max-width: 750px) 100vw, 750px\" \/><figcaption id=\"caption-attachment-36608\" class=\"wp-caption-text\">RIHIO MM001 STRIKER+LOGISTIKKSETT<\/figcaption><\/figure>\n<figure id=\"attachment_36609\" aria-describedby=\"caption-attachment-36609\" style=\"width: 750px\" class=\"wp-caption aligncenter\"><img loading=\"lazy\" decoding=\"async\" class=\"wp-image-36609 size-full\" src=\"https:\/\/mouldking.store\/wp-content\/uploads\/2022\/11\/RIHIO-MM001-STRIKERLOGISTIC-SET-11.jpg\" alt=\"RIHIO MM001 STRIKER+LOGISTIC SET\" width=\"750\" height=\"639\" title=\"-\" srcset=\"https:\/\/mouldking.store\/wp-content\/uploads\/2022\/11\/RIHIO-MM001-STRIKERLOGISTIC-SET-11.jpg 750w, https:\/\/mouldking.store\/wp-content\/uploads\/2022\/11\/RIHIO-MM001-STRIKERLOGISTIC-SET-11-300x256.jpg 300w, https:\/\/mouldking.store\/wp-content\/uploads\/2022\/11\/RIHIO-MM001-STRIKERLOGISTIC-SET-11-600x511.jpg 600w, https:\/\/mouldking.store\/wp-content\/uploads\/2022\/11\/RIHIO-MM001-STRIKERLOGISTIC-SET-11-150x128.jpg 150w, https:\/\/mouldking.store\/wp-content\/uploads\/2022\/11\/RIHIO-MM001-STRIKERLOGISTIC-SET-11-70x60.jpg 70w, https:\/\/mouldking.store\/wp-content\/uploads\/2022\/11\/RIHIO-MM001-STRIKERLOGISTIC-SET-11-106x90.jpg 106w\" sizes=\"(max-width: 750px) 100vw, 750px\" \/><figcaption id=\"caption-attachment-36609\" class=\"wp-caption-text\">RIHIO MM001 STRIKER+LOGISTIKKSETT<\/figcaption><\/figure>\n<figure id=\"attachment_36610\" aria-describedby=\"caption-attachment-36610\" style=\"width: 748px\" class=\"wp-caption aligncenter\"><img loading=\"lazy\" decoding=\"async\" class=\"wp-image-36610 size-full\" src=\"https:\/\/mouldking.store\/wp-content\/uploads\/2022\/11\/RIHIO-MM001-STRIKERLOGISTIC-SET-10.jpg\" alt=\"RIHIO MM001 STRIKER+LOGISTIC SET\" width=\"748\" height=\"800\" title=\"-\" srcset=\"https:\/\/mouldking.store\/wp-content\/uploads\/2022\/11\/RIHIO-MM001-STRIKERLOGISTIC-SET-10.jpg 748w, https:\/\/mouldking.store\/wp-content\/uploads\/2022\/11\/RIHIO-MM001-STRIKERLOGISTIC-SET-10-281x300.jpg 281w, https:\/\/mouldking.store\/wp-content\/uploads\/2022\/11\/RIHIO-MM001-STRIKERLOGISTIC-SET-10-300x321.jpg 300w, https:\/\/mouldking.store\/wp-content\/uploads\/2022\/11\/RIHIO-MM001-STRIKERLOGISTIC-SET-10-600x642.jpg 600w, https:\/\/mouldking.store\/wp-content\/uploads\/2022\/11\/RIHIO-MM001-STRIKERLOGISTIC-SET-10-140x150.jpg 140w, https:\/\/mouldking.store\/wp-content\/uploads\/2022\/11\/RIHIO-MM001-STRIKERLOGISTIC-SET-10-56x60.jpg 56w, https:\/\/mouldking.store\/wp-content\/uploads\/2022\/11\/RIHIO-MM001-STRIKERLOGISTIC-SET-10-84x90.jpg 84w\" sizes=\"(max-width: 748px) 100vw, 748px\" \/><figcaption id=\"caption-attachment-36610\" class=\"wp-caption-text\">RIHIO MM001 STRIKER+LOGISTIKKSETT<\/figcaption><\/figure>\n<figure id=\"attachment_36611\" aria-describedby=\"caption-attachment-36611\" style=\"width: 788px\" class=\"wp-caption aligncenter\"><img loading=\"lazy\" decoding=\"async\" class=\"wp-image-36611 size-full\" src=\"https:\/\/mouldking.store\/wp-content\/uploads\/2022\/11\/RIHIO-MM001-STRIKERLOGISTIC-SET-9.jpg\" alt=\"RIHIO MM001 STRIKER+LOGISTIC SET\" width=\"788\" height=\"656\" title=\"-\" srcset=\"https:\/\/mouldking.store\/wp-content\/uploads\/2022\/11\/RIHIO-MM001-STRIKERLOGISTIC-SET-9.jpg 788w, https:\/\/mouldking.store\/wp-content\/uploads\/2022\/11\/RIHIO-MM001-STRIKERLOGISTIC-SET-9-300x250.jpg 300w, https:\/\/mouldking.store\/wp-content\/uploads\/2022\/11\/RIHIO-MM001-STRIKERLOGISTIC-SET-9-768x639.jpg 768w, https:\/\/mouldking.store\/wp-content\/uploads\/2022\/11\/RIHIO-MM001-STRIKERLOGISTIC-SET-9-600x499.jpg 600w, https:\/\/mouldking.store\/wp-content\/uploads\/2022\/11\/RIHIO-MM001-STRIKERLOGISTIC-SET-9-150x125.jpg 150w, https:\/\/mouldking.store\/wp-content\/uploads\/2022\/11\/RIHIO-MM001-STRIKERLOGISTIC-SET-9-72x60.jpg 72w, https:\/\/mouldking.store\/wp-content\/uploads\/2022\/11\/RIHIO-MM001-STRIKERLOGISTIC-SET-9-108x90.jpg 108w\" sizes=\"(max-width: 788px) 100vw, 788px\" \/><figcaption id=\"caption-attachment-36611\" class=\"wp-caption-text\">RIHIO MM001 STRIKER+LOGISTIKKSETT<\/figcaption><\/figure>\n<figure id=\"attachment_36612\" aria-describedby=\"caption-attachment-36612\" style=\"width: 1005px\" class=\"wp-caption aligncenter\"><img loading=\"lazy\" decoding=\"async\" class=\"wp-image-36612 size-full\" src=\"https:\/\/mouldking.store\/wp-content\/uploads\/2022\/11\/RIHIO-MM001-STRIKERLOGISTIC-SET-8.jpg\" alt=\"RIHIO MM001 STRIKER+LOGISTIC SET\" width=\"1005\" height=\"1024\" title=\"-\" srcset=\"https:\/\/mouldking.store\/wp-content\/uploads\/2022\/11\/RIHIO-MM001-STRIKERLOGISTIC-SET-8.jpg 1005w, https:\/\/mouldking.store\/wp-content\/uploads\/2022\/11\/RIHIO-MM001-STRIKERLOGISTIC-SET-8-294x300.jpg 294w, https:\/\/mouldking.store\/wp-content\/uploads\/2022\/11\/RIHIO-MM001-STRIKERLOGISTIC-SET-8-768x783.jpg 768w, https:\/\/mouldking.store\/wp-content\/uploads\/2022\/11\/RIHIO-MM001-STRIKERLOGISTIC-SET-8-300x306.jpg 300w, https:\/\/mouldking.store\/wp-content\/uploads\/2022\/11\/RIHIO-MM001-STRIKERLOGISTIC-SET-8-600x611.jpg 600w, https:\/\/mouldking.store\/wp-content\/uploads\/2022\/11\/RIHIO-MM001-STRIKERLOGISTIC-SET-8-147x150.jpg 147w, https:\/\/mouldking.store\/wp-content\/uploads\/2022\/11\/RIHIO-MM001-STRIKERLOGISTIC-SET-8-59x60.jpg 59w, https:\/\/mouldking.store\/wp-content\/uploads\/2022\/11\/RIHIO-MM001-STRIKERLOGISTIC-SET-8-88x90.jpg 88w\" sizes=\"(max-width: 1005px) 100vw, 1005px\" \/><figcaption id=\"caption-attachment-36612\" class=\"wp-caption-text\">RIHIO MM001 STRIKER+LOGISTIKKSETT<\/figcaption><\/figure>\n<figure id=\"attachment_36613\" aria-describedby=\"caption-attachment-36613\" style=\"width: 800px\" class=\"wp-caption aligncenter\"><img loading=\"lazy\" decoding=\"async\" class=\"wp-image-36613 size-full\" src=\"https:\/\/mouldking.store\/wp-content\/uploads\/2022\/11\/RIHIO-MM001-STRIKERLOGISTIC-SET-7.jpg\" alt=\"RIHIO MM001 STRIKER+LOGISTIC SET\" width=\"800\" height=\"800\" title=\"-\" srcset=\"https:\/\/mouldking.store\/wp-content\/uploads\/2022\/11\/RIHIO-MM001-STRIKERLOGISTIC-SET-7.jpg 800w, https:\/\/mouldking.store\/wp-content\/uploads\/2022\/11\/RIHIO-MM001-STRIKERLOGISTIC-SET-7-300x300.jpg 300w, https:\/\/mouldking.store\/wp-content\/uploads\/2022\/11\/RIHIO-MM001-STRIKERLOGISTIC-SET-7-768x768.jpg 768w, https:\/\/mouldking.store\/wp-content\/uploads\/2022\/11\/RIHIO-MM001-STRIKERLOGISTIC-SET-7-600x600.jpg 600w, https:\/\/mouldking.store\/wp-content\/uploads\/2022\/11\/RIHIO-MM001-STRIKERLOGISTIC-SET-7-150x150.jpg 150w, https:\/\/mouldking.store\/wp-content\/uploads\/2022\/11\/RIHIO-MM001-STRIKERLOGISTIC-SET-7-60x60.jpg 60w, https:\/\/mouldking.store\/wp-content\/uploads\/2022\/11\/RIHIO-MM001-STRIKERLOGISTIC-SET-7-90x90.jpg 90w\" sizes=\"(max-width: 800px) 100vw, 800px\" \/><figcaption id=\"caption-attachment-36613\" class=\"wp-caption-text\">RIHIO MM001 STRIKER+LOGISTIKKSETT<\/figcaption><\/figure>\n<figure id=\"attachment_36614\" aria-describedby=\"caption-attachment-36614\" style=\"width: 800px\" class=\"wp-caption aligncenter\"><img loading=\"lazy\" decoding=\"async\" class=\"wp-image-36614 size-full\" src=\"https:\/\/mouldking.store\/wp-content\/uploads\/2022\/11\/RIHIO-MM001-STRIKERLOGISTIC-SET-6.jpg\" alt=\"RIHIO MM001 STRIKER+LOGISTIC SET\" width=\"800\" height=\"800\" title=\"-\" srcset=\"https:\/\/mouldking.store\/wp-content\/uploads\/2022\/11\/RIHIO-MM001-STRIKERLOGISTIC-SET-6.jpg 800w, https:\/\/mouldking.store\/wp-content\/uploads\/2022\/11\/RIHIO-MM001-STRIKERLOGISTIC-SET-6-300x300.jpg 300w, https:\/\/mouldking.store\/wp-content\/uploads\/2022\/11\/RIHIO-MM001-STRIKERLOGISTIC-SET-6-768x768.jpg 768w, https:\/\/mouldking.store\/wp-content\/uploads\/2022\/11\/RIHIO-MM001-STRIKERLOGISTIC-SET-6-600x600.jpg 600w, https:\/\/mouldking.store\/wp-content\/uploads\/2022\/11\/RIHIO-MM001-STRIKERLOGISTIC-SET-6-150x150.jpg 150w, https:\/\/mouldking.store\/wp-content\/uploads\/2022\/11\/RIHIO-MM001-STRIKERLOGISTIC-SET-6-60x60.jpg 60w, https:\/\/mouldking.store\/wp-content\/uploads\/2022\/11\/RIHIO-MM001-STRIKERLOGISTIC-SET-6-90x90.jpg 90w\" sizes=\"(max-width: 800px) 100vw, 800px\" \/><figcaption id=\"caption-attachment-36614\" class=\"wp-caption-text\">RIHIO MM001 STRIKER+LOGISTIKKSETT<\/figcaption><\/figure>\n<figure id=\"attachment_36615\" aria-describedby=\"caption-attachment-36615\" style=\"width: 800px\" class=\"wp-caption aligncenter\"><img loading=\"lazy\" decoding=\"async\" class=\"wp-image-36615 size-full\" src=\"https:\/\/mouldking.store\/wp-content\/uploads\/2022\/11\/RIHIO-MM001-STRIKERLOGISTIC-SET-5.jpg\" alt=\"RIHIO MM001 STRIKER+LOGISTIC SET\" width=\"800\" height=\"800\" title=\"-\" srcset=\"https:\/\/mouldking.store\/wp-content\/uploads\/2022\/11\/RIHIO-MM001-STRIKERLOGISTIC-SET-5.jpg 800w, https:\/\/mouldking.store\/wp-content\/uploads\/2022\/11\/RIHIO-MM001-STRIKERLOGISTIC-SET-5-300x300.jpg 300w, https:\/\/mouldking.store\/wp-content\/uploads\/2022\/11\/RIHIO-MM001-STRIKERLOGISTIC-SET-5-768x768.jpg 768w, https:\/\/mouldking.store\/wp-content\/uploads\/2022\/11\/RIHIO-MM001-STRIKERLOGISTIC-SET-5-600x600.jpg 600w, https:\/\/mouldking.store\/wp-content\/uploads\/2022\/11\/RIHIO-MM001-STRIKERLOGISTIC-SET-5-150x150.jpg 150w, https:\/\/mouldking.store\/wp-content\/uploads\/2022\/11\/RIHIO-MM001-STRIKERLOGISTIC-SET-5-60x60.jpg 60w, https:\/\/mouldking.store\/wp-content\/uploads\/2022\/11\/RIHIO-MM001-STRIKERLOGISTIC-SET-5-90x90.jpg 90w\" sizes=\"(max-width: 800px) 100vw, 800px\" \/><figcaption id=\"caption-attachment-36615\" class=\"wp-caption-text\">RIHIO MM001 STRIKER+LOGISTIKKSETT<\/figcaption><\/figure>\n<figure id=\"attachment_36616\" aria-describedby=\"caption-attachment-36616\" style=\"width: 800px\" class=\"wp-caption aligncenter\"><img loading=\"lazy\" decoding=\"async\" class=\"wp-image-36616 size-full\" src=\"https:\/\/mouldking.store\/wp-content\/uploads\/2022\/11\/RIHIO-MM001-STRIKERLOGISTIC-SET-4.jpg\" alt=\"RIHIO MM001 STRIKER+LOGISTIC SET\" width=\"800\" height=\"800\" title=\"-\" srcset=\"https:\/\/mouldking.store\/wp-content\/uploads\/2022\/11\/RIHIO-MM001-STRIKERLOGISTIC-SET-4.jpg 800w, https:\/\/mouldking.store\/wp-content\/uploads\/2022\/11\/RIHIO-MM001-STRIKERLOGISTIC-SET-4-300x300.jpg 300w, https:\/\/mouldking.store\/wp-content\/uploads\/2022\/11\/RIHIO-MM001-STRIKERLOGISTIC-SET-4-768x768.jpg 768w, https:\/\/mouldking.store\/wp-content\/uploads\/2022\/11\/RIHIO-MM001-STRIKERLOGISTIC-SET-4-600x600.jpg 600w, https:\/\/mouldking.store\/wp-content\/uploads\/2022\/11\/RIHIO-MM001-STRIKERLOGISTIC-SET-4-150x150.jpg 150w, https:\/\/mouldking.store\/wp-content\/uploads\/2022\/11\/RIHIO-MM001-STRIKERLOGISTIC-SET-4-60x60.jpg 60w, https:\/\/mouldking.store\/wp-content\/uploads\/2022\/11\/RIHIO-MM001-STRIKERLOGISTIC-SET-4-90x90.jpg 90w\" sizes=\"(max-width: 800px) 100vw, 800px\" \/><figcaption id=\"caption-attachment-36616\" class=\"wp-caption-text\">RIHIO MM001 STRIKER+LOGISTIKKSETT<\/figcaption><\/figure>\n<figure id=\"attachment_36617\" aria-describedby=\"caption-attachment-36617\" style=\"width: 800px\" class=\"wp-caption aligncenter\"><img loading=\"lazy\" decoding=\"async\" class=\"wp-image-36617 size-full\" src=\"https:\/\/mouldking.store\/wp-content\/uploads\/2022\/11\/RIHIO-MM001-STRIKERLOGISTIC-SET-3.jpg\" alt=\"RIHIO MM001 STRIKER+LOGISTIC SET\" width=\"800\" height=\"800\" title=\"-\" srcset=\"https:\/\/mouldking.store\/wp-content\/uploads\/2022\/11\/RIHIO-MM001-STRIKERLOGISTIC-SET-3.jpg 800w, https:\/\/mouldking.store\/wp-content\/uploads\/2022\/11\/RIHIO-MM001-STRIKERLOGISTIC-SET-3-300x300.jpg 300w, https:\/\/mouldking.store\/wp-content\/uploads\/2022\/11\/RIHIO-MM001-STRIKERLOGISTIC-SET-3-768x768.jpg 768w, https:\/\/mouldking.store\/wp-content\/uploads\/2022\/11\/RIHIO-MM001-STRIKERLOGISTIC-SET-3-600x600.jpg 600w, https:\/\/mouldking.store\/wp-content\/uploads\/2022\/11\/RIHIO-MM001-STRIKERLOGISTIC-SET-3-150x150.jpg 150w, https:\/\/mouldking.store\/wp-content\/uploads\/2022\/11\/RIHIO-MM001-STRIKERLOGISTIC-SET-3-60x60.jpg 60w, https:\/\/mouldking.store\/wp-content\/uploads\/2022\/11\/RIHIO-MM001-STRIKERLOGISTIC-SET-3-90x90.jpg 90w\" sizes=\"(max-width: 800px) 100vw, 800px\" \/><figcaption id=\"caption-attachment-36617\" class=\"wp-caption-text\">RIHIO MM001 STRIKER+LOGISTIKKSETT<\/figcaption><\/figure>\n<figure id=\"attachment_36618\" aria-describedby=\"caption-attachment-36618\" style=\"width: 800px\" class=\"wp-caption aligncenter\"><img loading=\"lazy\" decoding=\"async\" class=\"wp-image-36618 size-full\" src=\"https:\/\/mouldking.store\/wp-content\/uploads\/2022\/11\/RIHIO-MM001-STRIKERLOGISTIC-SET-2.jpg\" alt=\"RIHIO MM001 STRIKER+LOGISTIC SET\" width=\"800\" height=\"800\" title=\"-\" srcset=\"https:\/\/mouldking.store\/wp-content\/uploads\/2022\/11\/RIHIO-MM001-STRIKERLOGISTIC-SET-2.jpg 800w, https:\/\/mouldking.store\/wp-content\/uploads\/2022\/11\/RIHIO-MM001-STRIKERLOGISTIC-SET-2-300x300.jpg 300w, https:\/\/mouldking.store\/wp-content\/uploads\/2022\/11\/RIHIO-MM001-STRIKERLOGISTIC-SET-2-768x768.jpg 768w, https:\/\/mouldking.store\/wp-content\/uploads\/2022\/11\/RIHIO-MM001-STRIKERLOGISTIC-SET-2-600x600.jpg 600w, https:\/\/mouldking.store\/wp-content\/uploads\/2022\/11\/RIHIO-MM001-STRIKERLOGISTIC-SET-2-150x150.jpg 150w, https:\/\/mouldking.store\/wp-content\/uploads\/2022\/11\/RIHIO-MM001-STRIKERLOGISTIC-SET-2-60x60.jpg 60w, https:\/\/mouldking.store\/wp-content\/uploads\/2022\/11\/RIHIO-MM001-STRIKERLOGISTIC-SET-2-90x90.jpg 90w\" sizes=\"(max-width: 800px) 100vw, 800px\" \/><figcaption id=\"caption-attachment-36618\" class=\"wp-caption-text\">RIHIO MM001 STRIKER+LOGISTIKKSETT<\/figcaption><\/figure>\n<figure id=\"attachment_36619\" aria-describedby=\"caption-attachment-36619\" style=\"width: 800px\" class=\"wp-caption aligncenter\"><img loading=\"lazy\" decoding=\"async\" class=\"wp-image-36619 size-full\" src=\"https:\/\/mouldking.store\/wp-content\/uploads\/2022\/11\/RIHIO-MM001-STRIKERLOGISTIC-SET-1.jpg\" alt=\"RIHIO MM001 STRIKER+LOGISTIC SET\" width=\"800\" height=\"800\" title=\"-\" srcset=\"https:\/\/mouldking.store\/wp-content\/uploads\/2022\/11\/RIHIO-MM001-STRIKERLOGISTIC-SET-1.jpg 800w, https:\/\/mouldking.store\/wp-content\/uploads\/2022\/11\/RIHIO-MM001-STRIKERLOGISTIC-SET-1-300x300.jpg 300w, https:\/\/mouldking.store\/wp-content\/uploads\/2022\/11\/RIHIO-MM001-STRIKERLOGISTIC-SET-1-768x768.jpg 768w, https:\/\/mouldking.store\/wp-content\/uploads\/2022\/11\/RIHIO-MM001-STRIKERLOGISTIC-SET-1-600x600.jpg 600w, https:\/\/mouldking.store\/wp-content\/uploads\/2022\/11\/RIHIO-MM001-STRIKERLOGISTIC-SET-1-150x150.jpg 150w, https:\/\/mouldking.store\/wp-content\/uploads\/2022\/11\/RIHIO-MM001-STRIKERLOGISTIC-SET-1-60x60.jpg 60w, https:\/\/mouldking.store\/wp-content\/uploads\/2022\/11\/RIHIO-MM001-STRIKERLOGISTIC-SET-1-90x90.jpg 90w\" sizes=\"(max-width: 800px) 100vw, 800px\" \/><figcaption id=\"caption-attachment-36619\" class=\"wp-caption-text\">RIHIO MM001 STRIKER+LOGISTIKKSETT<\/figcaption><\/figure>","protected":false},"excerpt":{"rendered":"<p>Product information: Brand: RIHIO Gender: Unisex Name: STRIKER+LOGISTIC SET Age Range: &gt; 6 years old Model Number: MM001 Classification: Assemblage Plastic Block Shape: Self-Locking Bricks Material: Plastic Plastic Type: ABS Size: 6.5 x 6.5 cm Contains detailed assembly instructions. Notice: 1. Without an original box, but we guarantee our products have quality assurance and nice [&hellip;]<\/p>","protected":false},"featured_media":36602,"comment_status":"closed","ping_status":"closed","template":"","meta":{"_acf_changed":false},"product_cat":[1365],"product_tag":[8439,8437,8373,8441,8436,8438,8440],"class_list":["product","first","instock","shipping-taxable","purchasable","product-type-variable"],"acf":[],"_links":{"self":[{"href":"https:\/\/mouldking.store\/nb\/wp-json\/wp\/v2\/product\/36601","targetHints":{"allow":["GET"]}}],"collection":[{"href":"https:\/\/mouldking.store\/nb\/wp-json\/wp\/v2\/product"}],"about":[{"href":"https:\/\/mouldking.store\/nb\/wp-json\/wp\/v2\/types\/product"}],"replies":[{"embeddable":true,"href":"https:\/\/mouldking.store\/nb\/wp-json\/wp\/v2\/comments?post=36601"}],"wp:featuredmedia":[{"embeddable":true,"href":"https:\/\/mouldking.store\/nb\/wp-json\/wp\/v2\/media\/36602"}],"wp:attachment":[{"href":"https:\/\/mouldking.store\/nb\/wp-json\/wp\/v2\/media?parent=36601"}],"wp:term":[{"taxonomy":"product_cat","embeddable":true,"href":"https:\/\/mouldking.store\/nb\/wp-json\/wp\/v2\/product_cat?post=36601"},{"taxonomy":"product_tag","embeddable":true,"href":"https:\/\/mouldking.store\/nb\/wp-json\/wp\/v2\/product_tag?post=36601"}],"curies":[{"name":"wp","href":"https:\/\/api.w.org\/{rel}","templated":true}]}}