{"id":36647,"date":"2022-11-28T11:45:13","date_gmt":"2022-11-28T04:45:13","guid":{"rendered":"https:\/\/mouldking.store\/?post_type=product&#038;p=36647"},"modified":"2022-11-28T11:45:15","modified_gmt":"2022-11-28T04:45:15","slug":"jaki-9116-astronaut","status":"publish","type":"product","link":"https:\/\/mouldking.store\/nb\/shop\/jaki-9116-astronaut\/","title":{"rendered":"JAKI 9116 Astronaut"},"content":{"rendered":"<p>Produktinformasjon:<\/p>\n<ol>\n<li>Merke: JAKI<\/li>\n<li>Kj\u00f8nn: Unisex<\/li>\n<li>Name: Astronaut<\/li>\n<li>Aldersgruppe: &gt; 6 \u00e5r gammel<\/li>\n<li>Model Number: 9116<\/li>\n<li>Klassifisering: Montering<\/li>\n<li>Plastblokkform: Selvl\u00e5sende murstein<\/li>\n<li>Materiale: Plast<\/li>\n<li>Plasttype: ABS<\/li>\n<li>Size: 15.6 \u00d7 12.7 \u00d7 24.5 cm<\/li>\n<li>Inneholder detaljerte monteringsanvisninger.<\/li>\n<\/ol>\n<p>Legge merke til:<br \/>\n1. Uten original eske, men vi garanterer at v\u00e5re produkter har kvalitetssikring og pen emballasje.<br \/>\n2. Som alle delene vi har sjekket f\u00f8r frakt, s\u00e5 hvis du finner noen deler savnet eller skadet, ikke bekymre deg og bare kontakt oss, s\u00e5 kan vi sende dem til deg p\u00e5 nytt umiddelbart gratis.<\/p>\n<figure id=\"attachment_36648\" aria-describedby=\"caption-attachment-36648\" style=\"width: 800px\" class=\"wp-caption aligncenter\"><img fetchpriority=\"high\" decoding=\"async\" class=\"wp-image-36648 size-full\" src=\"https:\/\/mouldking.store\/wp-content\/uploads\/2022\/11\/JAKI-9116-Astronaut-6.jpg\" alt=\"JAKI 9116 Astronaut \" width=\"800\" height=\"800\" title=\"-\" srcset=\"https:\/\/mouldking.store\/wp-content\/uploads\/2022\/11\/JAKI-9116-Astronaut-6.jpg 800w, https:\/\/mouldking.store\/wp-content\/uploads\/2022\/11\/JAKI-9116-Astronaut-6-300x300.jpg 300w, https:\/\/mouldking.store\/wp-content\/uploads\/2022\/11\/JAKI-9116-Astronaut-6-768x768.jpg 768w, https:\/\/mouldking.store\/wp-content\/uploads\/2022\/11\/JAKI-9116-Astronaut-6-600x600.jpg 600w, https:\/\/mouldking.store\/wp-content\/uploads\/2022\/11\/JAKI-9116-Astronaut-6-150x150.jpg 150w, https:\/\/mouldking.store\/wp-content\/uploads\/2022\/11\/JAKI-9116-Astronaut-6-60x60.jpg 60w, https:\/\/mouldking.store\/wp-content\/uploads\/2022\/11\/JAKI-9116-Astronaut-6-90x90.jpg 90w\" sizes=\"(max-width: 800px) 100vw, 800px\" \/><figcaption id=\"caption-attachment-36648\" class=\"wp-caption-text\">JAKI 9116 Astronaut<\/figcaption><\/figure>\n<figure id=\"attachment_36649\" aria-describedby=\"caption-attachment-36649\" style=\"width: 750px\" class=\"wp-caption aligncenter\"><img decoding=\"async\" class=\"wp-image-36649 size-full\" src=\"https:\/\/mouldking.store\/wp-content\/uploads\/2022\/11\/JAKI-9116-Astronaut-5.jpg\" alt=\"JAKI 9116 Astronaut \" width=\"750\" height=\"1000\" title=\"-\" srcset=\"https:\/\/mouldking.store\/wp-content\/uploads\/2022\/11\/JAKI-9116-Astronaut-5.jpg 750w, https:\/\/mouldking.store\/wp-content\/uploads\/2022\/11\/JAKI-9116-Astronaut-5-225x300.jpg 225w, https:\/\/mouldking.store\/wp-content\/uploads\/2022\/11\/JAKI-9116-Astronaut-5-300x400.jpg 300w, https:\/\/mouldking.store\/wp-content\/uploads\/2022\/11\/JAKI-9116-Astronaut-5-600x800.jpg 600w, https:\/\/mouldking.store\/wp-content\/uploads\/2022\/11\/JAKI-9116-Astronaut-5-113x150.jpg 113w, https:\/\/mouldking.store\/wp-content\/uploads\/2022\/11\/JAKI-9116-Astronaut-5-45x60.jpg 45w, https:\/\/mouldking.store\/wp-content\/uploads\/2022\/11\/JAKI-9116-Astronaut-5-68x90.jpg 68w\" sizes=\"(max-width: 750px) 100vw, 750px\" \/><figcaption id=\"caption-attachment-36649\" class=\"wp-caption-text\">JAKI 9116 Astronaut<\/figcaption><\/figure>\n<figure id=\"attachment_36650\" aria-describedby=\"caption-attachment-36650\" style=\"width: 750px\" class=\"wp-caption aligncenter\"><img decoding=\"async\" class=\"wp-image-36650 size-full\" src=\"https:\/\/mouldking.store\/wp-content\/uploads\/2022\/11\/JAKI-9116-Astronaut-4.jpg\" alt=\"JAKI 9116 Astronaut \" width=\"750\" height=\"1000\" title=\"-\" srcset=\"https:\/\/mouldking.store\/wp-content\/uploads\/2022\/11\/JAKI-9116-Astronaut-4.jpg 750w, https:\/\/mouldking.store\/wp-content\/uploads\/2022\/11\/JAKI-9116-Astronaut-4-225x300.jpg 225w, https:\/\/mouldking.store\/wp-content\/uploads\/2022\/11\/JAKI-9116-Astronaut-4-300x400.jpg 300w, https:\/\/mouldking.store\/wp-content\/uploads\/2022\/11\/JAKI-9116-Astronaut-4-600x800.jpg 600w, https:\/\/mouldking.store\/wp-content\/uploads\/2022\/11\/JAKI-9116-Astronaut-4-113x150.jpg 113w, https:\/\/mouldking.store\/wp-content\/uploads\/2022\/11\/JAKI-9116-Astronaut-4-45x60.jpg 45w, https:\/\/mouldking.store\/wp-content\/uploads\/2022\/11\/JAKI-9116-Astronaut-4-68x90.jpg 68w\" sizes=\"(max-width: 750px) 100vw, 750px\" \/><figcaption id=\"caption-attachment-36650\" class=\"wp-caption-text\">JAKI 9116 Astronaut<\/figcaption><\/figure>\n<figure id=\"attachment_36651\" aria-describedby=\"caption-attachment-36651\" style=\"width: 750px\" class=\"wp-caption aligncenter\"><img loading=\"lazy\" decoding=\"async\" class=\"wp-image-36651 size-full\" src=\"https:\/\/mouldking.store\/wp-content\/uploads\/2022\/11\/JAKI-9116-Astronaut-3.jpg\" alt=\"JAKI 9116 Astronaut \" width=\"750\" height=\"1000\" title=\"-\" srcset=\"https:\/\/mouldking.store\/wp-content\/uploads\/2022\/11\/JAKI-9116-Astronaut-3.jpg 750w, https:\/\/mouldking.store\/wp-content\/uploads\/2022\/11\/JAKI-9116-Astronaut-3-225x300.jpg 225w, https:\/\/mouldking.store\/wp-content\/uploads\/2022\/11\/JAKI-9116-Astronaut-3-300x400.jpg 300w, https:\/\/mouldking.store\/wp-content\/uploads\/2022\/11\/JAKI-9116-Astronaut-3-600x800.jpg 600w, https:\/\/mouldking.store\/wp-content\/uploads\/2022\/11\/JAKI-9116-Astronaut-3-113x150.jpg 113w, https:\/\/mouldking.store\/wp-content\/uploads\/2022\/11\/JAKI-9116-Astronaut-3-45x60.jpg 45w, https:\/\/mouldking.store\/wp-content\/uploads\/2022\/11\/JAKI-9116-Astronaut-3-68x90.jpg 68w\" sizes=\"(max-width: 750px) 100vw, 750px\" \/><figcaption id=\"caption-attachment-36651\" class=\"wp-caption-text\">JAKI 9116 Astronaut<\/figcaption><\/figure>\n<figure id=\"attachment_36652\" aria-describedby=\"caption-attachment-36652\" style=\"width: 750px\" class=\"wp-caption aligncenter\"><img loading=\"lazy\" decoding=\"async\" class=\"wp-image-36652 size-full\" src=\"https:\/\/mouldking.store\/wp-content\/uploads\/2022\/11\/JAKI-9116-Astronaut-2.jpg\" alt=\"JAKI 9116 Astronaut \" width=\"750\" height=\"1000\" title=\"-\" srcset=\"https:\/\/mouldking.store\/wp-content\/uploads\/2022\/11\/JAKI-9116-Astronaut-2.jpg 750w, https:\/\/mouldking.store\/wp-content\/uploads\/2022\/11\/JAKI-9116-Astronaut-2-225x300.jpg 225w, https:\/\/mouldking.store\/wp-content\/uploads\/2022\/11\/JAKI-9116-Astronaut-2-300x400.jpg 300w, https:\/\/mouldking.store\/wp-content\/uploads\/2022\/11\/JAKI-9116-Astronaut-2-600x800.jpg 600w, https:\/\/mouldking.store\/wp-content\/uploads\/2022\/11\/JAKI-9116-Astronaut-2-113x150.jpg 113w, https:\/\/mouldking.store\/wp-content\/uploads\/2022\/11\/JAKI-9116-Astronaut-2-45x60.jpg 45w, https:\/\/mouldking.store\/wp-content\/uploads\/2022\/11\/JAKI-9116-Astronaut-2-68x90.jpg 68w\" sizes=\"(max-width: 750px) 100vw, 750px\" \/><figcaption id=\"caption-attachment-36652\" class=\"wp-caption-text\">JAKI 9116 Astronaut<\/figcaption><\/figure>\n<figure id=\"attachment_36653\" aria-describedby=\"caption-attachment-36653\" style=\"width: 790px\" class=\"wp-caption aligncenter\"><img loading=\"lazy\" decoding=\"async\" class=\"wp-image-36653 size-full\" src=\"https:\/\/mouldking.store\/wp-content\/uploads\/2022\/11\/JAKI-9116-Astronaut-1.jpg\" alt=\"JAKI 9116 Astronaut \" width=\"790\" height=\"946\" title=\"-\" srcset=\"https:\/\/mouldking.store\/wp-content\/uploads\/2022\/11\/JAKI-9116-Astronaut-1.jpg 790w, https:\/\/mouldking.store\/wp-content\/uploads\/2022\/11\/JAKI-9116-Astronaut-1-251x300.jpg 251w, https:\/\/mouldking.store\/wp-content\/uploads\/2022\/11\/JAKI-9116-Astronaut-1-768x920.jpg 768w, https:\/\/mouldking.store\/wp-content\/uploads\/2022\/11\/JAKI-9116-Astronaut-1-300x359.jpg 300w, https:\/\/mouldking.store\/wp-content\/uploads\/2022\/11\/JAKI-9116-Astronaut-1-600x718.jpg 600w, https:\/\/mouldking.store\/wp-content\/uploads\/2022\/11\/JAKI-9116-Astronaut-1-125x150.jpg 125w, https:\/\/mouldking.store\/wp-content\/uploads\/2022\/11\/JAKI-9116-Astronaut-1-50x60.jpg 50w, https:\/\/mouldking.store\/wp-content\/uploads\/2022\/11\/JAKI-9116-Astronaut-1-75x90.jpg 75w\" sizes=\"(max-width: 790px) 100vw, 790px\" \/><figcaption id=\"caption-attachment-36653\" class=\"wp-caption-text\">JAKI 9116 Astronaut<\/figcaption><\/figure>","protected":false},"excerpt":{"rendered":"<p>Product information: Brand: JAKI Gender: Unisex Name: Astronaut Age Range: &gt; 6 years old Model Number: 9116 Classification: Assemblage Plastic Block Shape: Self-Locking Bricks Material: Plastic Plastic Type: ABS Size: 15.6 \u00d7 12.7 \u00d7 24.5 cm Contains detailed assembly instructions. Notice: 1. Without an original box, but we guarantee our products have quality assurance and [&hellip;]<\/p>","protected":false},"featured_media":36648,"comment_status":"closed","ping_status":"closed","template":"","meta":{"_acf_changed":false},"product_cat":[1365],"product_tag":[8455,6341,6440,8456,8454],"class_list":["product","first","instock","shipping-taxable","purchasable","product-type-simple"],"acf":[],"_links":{"self":[{"href":"https:\/\/mouldking.store\/nb\/wp-json\/wp\/v2\/product\/36647","targetHints":{"allow":["GET"]}}],"collection":[{"href":"https:\/\/mouldking.store\/nb\/wp-json\/wp\/v2\/product"}],"about":[{"href":"https:\/\/mouldking.store\/nb\/wp-json\/wp\/v2\/types\/product"}],"replies":[{"embeddable":true,"href":"https:\/\/mouldking.store\/nb\/wp-json\/wp\/v2\/comments?post=36647"}],"wp:featuredmedia":[{"embeddable":true,"href":"https:\/\/mouldking.store\/nb\/wp-json\/wp\/v2\/media\/36648"}],"wp:attachment":[{"href":"https:\/\/mouldking.store\/nb\/wp-json\/wp\/v2\/media?parent=36647"}],"wp:term":[{"taxonomy":"product_cat","embeddable":true,"href":"https:\/\/mouldking.store\/nb\/wp-json\/wp\/v2\/product_cat?post=36647"},{"taxonomy":"product_tag","embeddable":true,"href":"https:\/\/mouldking.store\/nb\/wp-json\/wp\/v2\/product_tag?post=36647"}],"curies":[{"name":"wp","href":"https:\/\/api.w.org\/{rel}","templated":true}]}}