{"id":36680,"date":"2022-11-28T12:04:03","date_gmt":"2022-11-28T05:04:03","guid":{"rendered":"https:\/\/mouldking.store\/?post_type=product&#038;p=36680"},"modified":"2022-11-28T12:04:03","modified_gmt":"2022-11-28T05:04:03","slug":"pzx-8829-1-darth-vader-with-3850-pieces","status":"publish","type":"product","link":"https:\/\/mouldking.store\/nb\/shop\/pzx-8829-1-darth-vader-with-3850-pieces\/","title":{"rendered":"PZX 8829-1 Darth Vader med 3850 deler"},"content":{"rendered":"<p>Produktinformasjon:<\/p>\n<ol>\n<li>Merke: PZX<\/li>\n<li>Kj\u00f8nn: Unisex<\/li>\n<li>Name: Darth Vader<\/li>\n<li>Aldersgruppe: &gt; 6 \u00e5r gammel<\/li>\n<li>Model Number: 8829-1<\/li>\n<li>Klassifisering: Montering<\/li>\n<li>Plastblokkform: Selvl\u00e5sende murstein<\/li>\n<li>Materiale: Plast<\/li>\n<li>Plasttype: ABS<\/li>\n<li>Bricks Blocks:3850PCS<\/li>\n<li>Inneholder detaljerte monteringsanvisninger.<\/li>\n<\/ol>\n<p>Legge merke til:<br \/>\n1. Uten original eske, men vi garanterer at v\u00e5re produkter har kvalitetssikring og pen emballasje.<br \/>\n2. Som alle delene vi har sjekket f\u00f8r frakt, s\u00e5 hvis du finner noen deler savnet eller skadet, ikke bekymre deg og bare kontakt oss, s\u00e5 kan vi sende dem til deg p\u00e5 nytt umiddelbart gratis.<\/p>\n<figure id=\"attachment_36681\" aria-describedby=\"caption-attachment-36681\" style=\"width: 800px\" class=\"wp-caption aligncenter\"><img fetchpriority=\"high\" decoding=\"async\" class=\"wp-image-36681 size-full\" src=\"https:\/\/mouldking.store\/wp-content\/uploads\/2022\/11\/PZX-8829-1-Darth-Vader-3.jpg\" alt=\"PZX 8829-1 Darth Vader With 3850 Pieces\" width=\"800\" height=\"800\" title=\"-\" srcset=\"https:\/\/mouldking.store\/wp-content\/uploads\/2022\/11\/PZX-8829-1-Darth-Vader-3.jpg 800w, https:\/\/mouldking.store\/wp-content\/uploads\/2022\/11\/PZX-8829-1-Darth-Vader-3-300x300.jpg 300w, https:\/\/mouldking.store\/wp-content\/uploads\/2022\/11\/PZX-8829-1-Darth-Vader-3-768x768.jpg 768w, https:\/\/mouldking.store\/wp-content\/uploads\/2022\/11\/PZX-8829-1-Darth-Vader-3-600x600.jpg 600w, https:\/\/mouldking.store\/wp-content\/uploads\/2022\/11\/PZX-8829-1-Darth-Vader-3-150x150.jpg 150w, https:\/\/mouldking.store\/wp-content\/uploads\/2022\/11\/PZX-8829-1-Darth-Vader-3-60x60.jpg 60w, https:\/\/mouldking.store\/wp-content\/uploads\/2022\/11\/PZX-8829-1-Darth-Vader-3-90x90.jpg 90w\" sizes=\"(max-width: 800px) 100vw, 800px\" \/><figcaption id=\"caption-attachment-36681\" class=\"wp-caption-text\">PZX 8829-1 Darth Vader med 3850 deler<\/figcaption><\/figure>\n<figure id=\"attachment_36682\" aria-describedby=\"caption-attachment-36682\" style=\"width: 800px\" class=\"wp-caption aligncenter\"><img decoding=\"async\" class=\"wp-image-36682 size-full\" src=\"https:\/\/mouldking.store\/wp-content\/uploads\/2022\/11\/PZX-8829-1-Darth-Vader-2.jpg\" alt=\"PZX 8829-1 Darth Vader With 3850 Pieces\" width=\"800\" height=\"800\" title=\"-\" srcset=\"https:\/\/mouldking.store\/wp-content\/uploads\/2022\/11\/PZX-8829-1-Darth-Vader-2.jpg 800w, https:\/\/mouldking.store\/wp-content\/uploads\/2022\/11\/PZX-8829-1-Darth-Vader-2-300x300.jpg 300w, https:\/\/mouldking.store\/wp-content\/uploads\/2022\/11\/PZX-8829-1-Darth-Vader-2-768x768.jpg 768w, https:\/\/mouldking.store\/wp-content\/uploads\/2022\/11\/PZX-8829-1-Darth-Vader-2-600x600.jpg 600w, https:\/\/mouldking.store\/wp-content\/uploads\/2022\/11\/PZX-8829-1-Darth-Vader-2-150x150.jpg 150w, https:\/\/mouldking.store\/wp-content\/uploads\/2022\/11\/PZX-8829-1-Darth-Vader-2-60x60.jpg 60w, https:\/\/mouldking.store\/wp-content\/uploads\/2022\/11\/PZX-8829-1-Darth-Vader-2-90x90.jpg 90w\" sizes=\"(max-width: 800px) 100vw, 800px\" \/><figcaption id=\"caption-attachment-36682\" class=\"wp-caption-text\">PZX 8829-1 Darth Vader med 3850 deler<\/figcaption><\/figure>\n<figure id=\"attachment_36683\" aria-describedby=\"caption-attachment-36683\" style=\"width: 800px\" class=\"wp-caption aligncenter\"><img decoding=\"async\" class=\"wp-image-36683 size-full\" src=\"https:\/\/mouldking.store\/wp-content\/uploads\/2022\/11\/PZX-8829-1-Darth-Vader-1.jpg\" alt=\"PZX 8829-1 Darth Vader With 3850 Pieces\" width=\"800\" height=\"800\" title=\"-\" srcset=\"https:\/\/mouldking.store\/wp-content\/uploads\/2022\/11\/PZX-8829-1-Darth-Vader-1.jpg 800w, https:\/\/mouldking.store\/wp-content\/uploads\/2022\/11\/PZX-8829-1-Darth-Vader-1-300x300.jpg 300w, https:\/\/mouldking.store\/wp-content\/uploads\/2022\/11\/PZX-8829-1-Darth-Vader-1-768x768.jpg 768w, https:\/\/mouldking.store\/wp-content\/uploads\/2022\/11\/PZX-8829-1-Darth-Vader-1-600x600.jpg 600w, https:\/\/mouldking.store\/wp-content\/uploads\/2022\/11\/PZX-8829-1-Darth-Vader-1-150x150.jpg 150w, https:\/\/mouldking.store\/wp-content\/uploads\/2022\/11\/PZX-8829-1-Darth-Vader-1-60x60.jpg 60w, https:\/\/mouldking.store\/wp-content\/uploads\/2022\/11\/PZX-8829-1-Darth-Vader-1-90x90.jpg 90w\" sizes=\"(max-width: 800px) 100vw, 800px\" \/><figcaption id=\"caption-attachment-36683\" class=\"wp-caption-text\">PZX 8829-1 Darth Vader med 3850 deler<\/figcaption><\/figure>","protected":false},"excerpt":{"rendered":"<p>Product information: Brand: PZX Gender: Unisex Name: Darth Vader Age Range: &gt; 6 years old Model Number: 8829-1 Classification: Assemblage Plastic Block Shape: Self-Locking Bricks Material: Plastic Plastic Type: ABS Bricks Blocks:3850PCS Contains detailed assembly instructions. Notice: 1. Without an original box, but we guarantee our products have quality assurance and nice packaging. 2. As [&hellip;]<\/p>","protected":false},"featured_media":36681,"comment_status":"closed","ping_status":"closed","template":"","meta":{"_acf_changed":false},"product_cat":[415],"product_tag":[8472,8473,8471,8474,8475,8470],"class_list":["product","first","instock","shipping-taxable","purchasable","product-type-simple"],"acf":[],"_links":{"self":[{"href":"https:\/\/mouldking.store\/nb\/wp-json\/wp\/v2\/product\/36680","targetHints":{"allow":["GET"]}}],"collection":[{"href":"https:\/\/mouldking.store\/nb\/wp-json\/wp\/v2\/product"}],"about":[{"href":"https:\/\/mouldking.store\/nb\/wp-json\/wp\/v2\/types\/product"}],"replies":[{"embeddable":true,"href":"https:\/\/mouldking.store\/nb\/wp-json\/wp\/v2\/comments?post=36680"}],"wp:featuredmedia":[{"embeddable":true,"href":"https:\/\/mouldking.store\/nb\/wp-json\/wp\/v2\/media\/36681"}],"wp:attachment":[{"href":"https:\/\/mouldking.store\/nb\/wp-json\/wp\/v2\/media?parent=36680"}],"wp:term":[{"taxonomy":"product_cat","embeddable":true,"href":"https:\/\/mouldking.store\/nb\/wp-json\/wp\/v2\/product_cat?post=36680"},{"taxonomy":"product_tag","embeddable":true,"href":"https:\/\/mouldking.store\/nb\/wp-json\/wp\/v2\/product_tag?post=36680"}],"curies":[{"name":"wp","href":"https:\/\/api.w.org\/{rel}","templated":true}]}}