{"id":36692,"date":"2022-11-28T12:16:48","date_gmt":"2022-11-28T05:16:48","guid":{"rendered":"https:\/\/mouldking.store\/?post_type=product&#038;p=36692"},"modified":"2023-01-30T18:24:11","modified_gmt":"2023-01-30T11:24:11","slug":"pzx-8801-1-super-mary-with-1500-pieces","status":"publish","type":"product","link":"https:\/\/mouldking.store\/nb\/shop\/pzx-8801-1-super-mary-with-1500-pieces\/","title":{"rendered":"PZX 8801-1 Super Mary med 1500 stykker"},"content":{"rendered":"<p>Produktinformasjon:<\/p>\n<ol>\n<li>Merke: PZX<\/li>\n<li>Kj\u00f8nn: Unisex<\/li>\n<li>Navn: Super Mary<\/li>\n<li>Aldersgruppe: &gt; 6 \u00e5r gammel<\/li>\n<li>Modellnummer: 8801-1<\/li>\n<li>Klassifisering: Montering<\/li>\n<li>Plastblokkform: Selvl\u00e5sende murstein<\/li>\n<li>Materiale: Plast<\/li>\n<li>Plasttype: ABS<\/li>\n<li>Mursteinblokker:1500 STK<\/li>\n<li>Inneholder detaljerte monteringsanvisninger.<\/li>\n<\/ol>\n<p>Legge merke til:<br \/>\n1. Uten original eske, men vi garanterer at v\u00e5re produkter har kvalitetssikring og pen emballasje.<br \/>\n2. Som alle delene vi har sjekket f\u00f8r frakt, s\u00e5 hvis du finner noen deler savnet eller skadet, ikke bekymre deg og bare kontakt oss, s\u00e5 kan vi sende dem til deg p\u00e5 nytt umiddelbart gratis.<\/p>\n<figure id=\"attachment_36693\" aria-describedby=\"caption-attachment-36693\" style=\"width: 800px\" class=\"wp-caption aligncenter\"><img fetchpriority=\"high\" decoding=\"async\" class=\"wp-image-36693 size-full\" src=\"https:\/\/mouldking.store\/wp-content\/uploads\/2022\/11\/PZX-8801-1-Super-Mary-2.jpg\" alt=\"PZX 8801-1 Super Mary With 1500 Pieces\" width=\"800\" height=\"800\" title=\"-\" srcset=\"https:\/\/mouldking.store\/wp-content\/uploads\/2022\/11\/PZX-8801-1-Super-Mary-2.jpg 800w, https:\/\/mouldking.store\/wp-content\/uploads\/2022\/11\/PZX-8801-1-Super-Mary-2-300x300.jpg 300w, https:\/\/mouldking.store\/wp-content\/uploads\/2022\/11\/PZX-8801-1-Super-Mary-2-768x768.jpg 768w, https:\/\/mouldking.store\/wp-content\/uploads\/2022\/11\/PZX-8801-1-Super-Mary-2-600x600.jpg 600w, https:\/\/mouldking.store\/wp-content\/uploads\/2022\/11\/PZX-8801-1-Super-Mary-2-150x150.jpg 150w, https:\/\/mouldking.store\/wp-content\/uploads\/2022\/11\/PZX-8801-1-Super-Mary-2-60x60.jpg 60w, https:\/\/mouldking.store\/wp-content\/uploads\/2022\/11\/PZX-8801-1-Super-Mary-2-90x90.jpg 90w\" sizes=\"(max-width: 800px) 100vw, 800px\" \/><figcaption id=\"caption-attachment-36693\" class=\"wp-caption-text\">PZX 8801-1 Super Mary med 1500 stykker<\/figcaption><\/figure>\n<figure id=\"attachment_36694\" aria-describedby=\"caption-attachment-36694\" style=\"width: 800px\" class=\"wp-caption aligncenter\"><img decoding=\"async\" class=\"wp-image-36694 size-full\" src=\"https:\/\/mouldking.store\/wp-content\/uploads\/2022\/11\/PZX-8801-1-Super-Mary-1.jpg\" alt=\"PZX 8801-1 Super Mary With 1500 Pieces\" width=\"800\" height=\"800\" title=\"-\" srcset=\"https:\/\/mouldking.store\/wp-content\/uploads\/2022\/11\/PZX-8801-1-Super-Mary-1.jpg 800w, https:\/\/mouldking.store\/wp-content\/uploads\/2022\/11\/PZX-8801-1-Super-Mary-1-300x300.jpg 300w, https:\/\/mouldking.store\/wp-content\/uploads\/2022\/11\/PZX-8801-1-Super-Mary-1-768x768.jpg 768w, https:\/\/mouldking.store\/wp-content\/uploads\/2022\/11\/PZX-8801-1-Super-Mary-1-600x600.jpg 600w, https:\/\/mouldking.store\/wp-content\/uploads\/2022\/11\/PZX-8801-1-Super-Mary-1-150x150.jpg 150w, https:\/\/mouldking.store\/wp-content\/uploads\/2022\/11\/PZX-8801-1-Super-Mary-1-60x60.jpg 60w, https:\/\/mouldking.store\/wp-content\/uploads\/2022\/11\/PZX-8801-1-Super-Mary-1-90x90.jpg 90w\" sizes=\"(max-width: 800px) 100vw, 800px\" \/><figcaption id=\"caption-attachment-36694\" class=\"wp-caption-text\">PZX 8801-1 Super Mary med 1500 stykker<\/figcaption><\/figure>","protected":false},"excerpt":{"rendered":"<p>Product information: Brand: PZX Gender: Unisex Name: Super Mary Age Range: &gt; 6 years old Model Number: 8801-1 Classification: Assemblage Plastic Block Shape: Self-Locking Bricks Material: Plastic Plastic Type: ABS Bricks Blocks:1500 PCS Contains detailed assembly instructions. Notice: 1. Without an original box, but we guarantee our products have quality assurance and nice packaging. 2. [&hellip;]<\/p>","protected":false},"featured_media":36693,"comment_status":"closed","ping_status":"closed","template":"","meta":{"_acf_changed":false},"product_cat":[1365],"product_tag":[8487,8471,8488,8489,8486,8483],"class_list":["product","first","outofstock","shipping-taxable","purchasable","product-type-simple"],"acf":[],"_links":{"self":[{"href":"https:\/\/mouldking.store\/nb\/wp-json\/wp\/v2\/product\/36692","targetHints":{"allow":["GET"]}}],"collection":[{"href":"https:\/\/mouldking.store\/nb\/wp-json\/wp\/v2\/product"}],"about":[{"href":"https:\/\/mouldking.store\/nb\/wp-json\/wp\/v2\/types\/product"}],"replies":[{"embeddable":true,"href":"https:\/\/mouldking.store\/nb\/wp-json\/wp\/v2\/comments?post=36692"}],"wp:featuredmedia":[{"embeddable":true,"href":"https:\/\/mouldking.store\/nb\/wp-json\/wp\/v2\/media\/36693"}],"wp:attachment":[{"href":"https:\/\/mouldking.store\/nb\/wp-json\/wp\/v2\/media?parent=36692"}],"wp:term":[{"taxonomy":"product_cat","embeddable":true,"href":"https:\/\/mouldking.store\/nb\/wp-json\/wp\/v2\/product_cat?post=36692"},{"taxonomy":"product_tag","embeddable":true,"href":"https:\/\/mouldking.store\/nb\/wp-json\/wp\/v2\/product_tag?post=36692"}],"curies":[{"name":"wp","href":"https:\/\/api.w.org\/{rel}","templated":true}]}}