{"id":36727,"date":"2022-11-28T14:37:18","date_gmt":"2022-11-28T07:37:18","guid":{"rendered":"https:\/\/mouldking.store\/?post_type=product&#038;p=36727"},"modified":"2022-11-28T14:37:18","modified_gmt":"2022-11-28T07:37:18","slug":"sembo-105768-hq-9-anti-aircraft-missiles-system-with-1048pcs","status":"publish","type":"product","link":"https:\/\/mouldking.store\/nb\/shop\/sembo-105768-hq-9-anti-aircraft-missiles-system-with-1048pcs\/","title":{"rendered":"SEMBO 105768 HQ-9 luftvernmissilsystem med 1048 stk"},"content":{"rendered":"<p>Produktinformasjon:<\/p>\n<ol>\n<li>Merke: SEMBO<\/li>\n<li>Kj\u00f8nn: Unisex<\/li>\n<li>Navn: HQ-9 Anti-Aircraft Missile System<\/li>\n<li>Aldersgruppe: &gt; 6 \u00e5r gammel<\/li>\n<li>Modellnummer: 105768<\/li>\n<li>Klassifisering: Montering<\/li>\n<li>Plastblokkform: Selvl\u00e5sende murstein<\/li>\n<li>Materiale: Plast<\/li>\n<li>Plasttype: ABS<\/li>\n<li>Mursteinsblokker: 1048 STK<\/li>\n<li>St\u00f8rrelse: 36,9 x 12,4 x 18,4 cm<\/li>\n<li>Inneholder detaljerte monteringsanvisninger.<\/li>\n<\/ol>\n<p>Legge merke til:<br \/>\n1. Uten original eske, men vi garanterer at v\u00e5re produkter har kvalitetssikring og pen emballasje.<br \/>\n2. Som alle delene vi har sjekket f\u00f8r frakt, s\u00e5 hvis du finner noen deler savnet eller skadet, ikke bekymre deg og bare kontakt oss, s\u00e5 kan vi sende dem til deg p\u00e5 nytt umiddelbart gratis.<\/p>\n<figure id=\"attachment_36728\" aria-describedby=\"caption-attachment-36728\" style=\"width: 800px\" class=\"wp-caption aligncenter\"><img fetchpriority=\"high\" decoding=\"async\" class=\"wp-image-36728 size-full\" src=\"https:\/\/mouldking.store\/wp-content\/uploads\/2022\/11\/HQ-9-Anti-Aircraft-Missiles-System-SEMBO-105768-5.jpg\" alt=\"SEMBO 105768 HQ-9 Anti-Aircraft Missiles System With 1048pcs\" width=\"800\" height=\"800\" title=\"-\" srcset=\"https:\/\/mouldking.store\/wp-content\/uploads\/2022\/11\/HQ-9-Anti-Aircraft-Missiles-System-SEMBO-105768-5.jpg 800w, https:\/\/mouldking.store\/wp-content\/uploads\/2022\/11\/HQ-9-Anti-Aircraft-Missiles-System-SEMBO-105768-5-300x300.jpg 300w, https:\/\/mouldking.store\/wp-content\/uploads\/2022\/11\/HQ-9-Anti-Aircraft-Missiles-System-SEMBO-105768-5-768x768.jpg 768w, https:\/\/mouldking.store\/wp-content\/uploads\/2022\/11\/HQ-9-Anti-Aircraft-Missiles-System-SEMBO-105768-5-600x600.jpg 600w, https:\/\/mouldking.store\/wp-content\/uploads\/2022\/11\/HQ-9-Anti-Aircraft-Missiles-System-SEMBO-105768-5-150x150.jpg 150w, https:\/\/mouldking.store\/wp-content\/uploads\/2022\/11\/HQ-9-Anti-Aircraft-Missiles-System-SEMBO-105768-5-60x60.jpg 60w, https:\/\/mouldking.store\/wp-content\/uploads\/2022\/11\/HQ-9-Anti-Aircraft-Missiles-System-SEMBO-105768-5-90x90.jpg 90w\" sizes=\"(max-width: 800px) 100vw, 800px\" \/><figcaption id=\"caption-attachment-36728\" class=\"wp-caption-text\">SEMBO 105768 HQ-9 luftvernmissilsystem med 1048 stk<\/figcaption><\/figure>\n<figure id=\"attachment_36729\" aria-describedby=\"caption-attachment-36729\" style=\"width: 800px\" class=\"wp-caption aligncenter\"><img decoding=\"async\" class=\"wp-image-36729 size-full\" src=\"https:\/\/mouldking.store\/wp-content\/uploads\/2022\/11\/HQ-9-Anti-Aircraft-Missiles-System-SEMBO-105768-4.jpg\" alt=\"SEMBO 105768 HQ-9 Anti-Aircraft Missiles System With 1048pcs\" width=\"800\" height=\"800\" title=\"-\" srcset=\"https:\/\/mouldking.store\/wp-content\/uploads\/2022\/11\/HQ-9-Anti-Aircraft-Missiles-System-SEMBO-105768-4.jpg 800w, https:\/\/mouldking.store\/wp-content\/uploads\/2022\/11\/HQ-9-Anti-Aircraft-Missiles-System-SEMBO-105768-4-300x300.jpg 300w, https:\/\/mouldking.store\/wp-content\/uploads\/2022\/11\/HQ-9-Anti-Aircraft-Missiles-System-SEMBO-105768-4-768x768.jpg 768w, https:\/\/mouldking.store\/wp-content\/uploads\/2022\/11\/HQ-9-Anti-Aircraft-Missiles-System-SEMBO-105768-4-600x600.jpg 600w, https:\/\/mouldking.store\/wp-content\/uploads\/2022\/11\/HQ-9-Anti-Aircraft-Missiles-System-SEMBO-105768-4-150x150.jpg 150w, https:\/\/mouldking.store\/wp-content\/uploads\/2022\/11\/HQ-9-Anti-Aircraft-Missiles-System-SEMBO-105768-4-60x60.jpg 60w, https:\/\/mouldking.store\/wp-content\/uploads\/2022\/11\/HQ-9-Anti-Aircraft-Missiles-System-SEMBO-105768-4-90x90.jpg 90w\" sizes=\"(max-width: 800px) 100vw, 800px\" \/><figcaption id=\"caption-attachment-36729\" class=\"wp-caption-text\">SEMBO 105768 HQ-9 luftvernmissilsystem med 1048 stk<\/figcaption><\/figure>\n<figure id=\"attachment_36730\" aria-describedby=\"caption-attachment-36730\" style=\"width: 800px\" class=\"wp-caption aligncenter\"><img decoding=\"async\" class=\"wp-image-36730 size-full\" src=\"https:\/\/mouldking.store\/wp-content\/uploads\/2022\/11\/HQ-9-Anti-Aircraft-Missiles-System-SEMBO-105768-3.jpg\" alt=\"SEMBO 105768 HQ-9 Anti-Aircraft Missiles System With 1048pcs\" width=\"800\" height=\"800\" title=\"-\" srcset=\"https:\/\/mouldking.store\/wp-content\/uploads\/2022\/11\/HQ-9-Anti-Aircraft-Missiles-System-SEMBO-105768-3.jpg 800w, https:\/\/mouldking.store\/wp-content\/uploads\/2022\/11\/HQ-9-Anti-Aircraft-Missiles-System-SEMBO-105768-3-300x300.jpg 300w, https:\/\/mouldking.store\/wp-content\/uploads\/2022\/11\/HQ-9-Anti-Aircraft-Missiles-System-SEMBO-105768-3-768x768.jpg 768w, https:\/\/mouldking.store\/wp-content\/uploads\/2022\/11\/HQ-9-Anti-Aircraft-Missiles-System-SEMBO-105768-3-600x600.jpg 600w, https:\/\/mouldking.store\/wp-content\/uploads\/2022\/11\/HQ-9-Anti-Aircraft-Missiles-System-SEMBO-105768-3-150x150.jpg 150w, https:\/\/mouldking.store\/wp-content\/uploads\/2022\/11\/HQ-9-Anti-Aircraft-Missiles-System-SEMBO-105768-3-60x60.jpg 60w, https:\/\/mouldking.store\/wp-content\/uploads\/2022\/11\/HQ-9-Anti-Aircraft-Missiles-System-SEMBO-105768-3-90x90.jpg 90w\" sizes=\"(max-width: 800px) 100vw, 800px\" \/><figcaption id=\"caption-attachment-36730\" class=\"wp-caption-text\">SEMBO 105768 HQ-9 luftvernmissilsystem med 1048 stk<\/figcaption><\/figure>\n<figure id=\"attachment_36731\" aria-describedby=\"caption-attachment-36731\" style=\"width: 800px\" class=\"wp-caption aligncenter\"><img loading=\"lazy\" decoding=\"async\" class=\"wp-image-36731 size-full\" src=\"https:\/\/mouldking.store\/wp-content\/uploads\/2022\/11\/HQ-9-Anti-Aircraft-Missiles-System-SEMBO-105768-2.jpg\" alt=\"SEMBO 105768 HQ-9 Anti-Aircraft Missiles System With 1048pcs\" width=\"800\" height=\"800\" title=\"-\" srcset=\"https:\/\/mouldking.store\/wp-content\/uploads\/2022\/11\/HQ-9-Anti-Aircraft-Missiles-System-SEMBO-105768-2.jpg 800w, https:\/\/mouldking.store\/wp-content\/uploads\/2022\/11\/HQ-9-Anti-Aircraft-Missiles-System-SEMBO-105768-2-300x300.jpg 300w, https:\/\/mouldking.store\/wp-content\/uploads\/2022\/11\/HQ-9-Anti-Aircraft-Missiles-System-SEMBO-105768-2-768x768.jpg 768w, https:\/\/mouldking.store\/wp-content\/uploads\/2022\/11\/HQ-9-Anti-Aircraft-Missiles-System-SEMBO-105768-2-600x600.jpg 600w, https:\/\/mouldking.store\/wp-content\/uploads\/2022\/11\/HQ-9-Anti-Aircraft-Missiles-System-SEMBO-105768-2-150x150.jpg 150w, https:\/\/mouldking.store\/wp-content\/uploads\/2022\/11\/HQ-9-Anti-Aircraft-Missiles-System-SEMBO-105768-2-60x60.jpg 60w, https:\/\/mouldking.store\/wp-content\/uploads\/2022\/11\/HQ-9-Anti-Aircraft-Missiles-System-SEMBO-105768-2-90x90.jpg 90w\" sizes=\"(max-width: 800px) 100vw, 800px\" \/><figcaption id=\"caption-attachment-36731\" class=\"wp-caption-text\">SEMBO 105768 HQ-9 luftvernmissilsystem med 1048 stk<\/figcaption><\/figure>\n<figure id=\"attachment_36732\" aria-describedby=\"caption-attachment-36732\" style=\"width: 800px\" class=\"wp-caption aligncenter\"><img loading=\"lazy\" decoding=\"async\" class=\"wp-image-36732 size-full\" src=\"https:\/\/mouldking.store\/wp-content\/uploads\/2022\/11\/HQ-9-Anti-Aircraft-Missiles-System-SEMBO-105768-1.jpg\" alt=\"SEMBO 105768 HQ-9 Anti-Aircraft Missiles System With 1048pcs\" width=\"800\" height=\"800\" title=\"-\" srcset=\"https:\/\/mouldking.store\/wp-content\/uploads\/2022\/11\/HQ-9-Anti-Aircraft-Missiles-System-SEMBO-105768-1.jpg 800w, https:\/\/mouldking.store\/wp-content\/uploads\/2022\/11\/HQ-9-Anti-Aircraft-Missiles-System-SEMBO-105768-1-300x300.jpg 300w, https:\/\/mouldking.store\/wp-content\/uploads\/2022\/11\/HQ-9-Anti-Aircraft-Missiles-System-SEMBO-105768-1-768x768.jpg 768w, https:\/\/mouldking.store\/wp-content\/uploads\/2022\/11\/HQ-9-Anti-Aircraft-Missiles-System-SEMBO-105768-1-600x600.jpg 600w, https:\/\/mouldking.store\/wp-content\/uploads\/2022\/11\/HQ-9-Anti-Aircraft-Missiles-System-SEMBO-105768-1-150x150.jpg 150w, https:\/\/mouldking.store\/wp-content\/uploads\/2022\/11\/HQ-9-Anti-Aircraft-Missiles-System-SEMBO-105768-1-60x60.jpg 60w, https:\/\/mouldking.store\/wp-content\/uploads\/2022\/11\/HQ-9-Anti-Aircraft-Missiles-System-SEMBO-105768-1-90x90.jpg 90w\" sizes=\"(max-width: 800px) 100vw, 800px\" \/><figcaption id=\"caption-attachment-36732\" class=\"wp-caption-text\">SEMBO 105768 HQ-9 luftvernmissilsystem med 1048 stk<\/figcaption><\/figure>","protected":false},"excerpt":{"rendered":"<p>Ingen minifigurer<\/p>","protected":false},"featured_media":36729,"comment_status":"closed","ping_status":"closed","template":"","meta":{"_acf_changed":false},"product_cat":[1350],"product_tag":[8514,8516,8515,8519,8517,1491,8520,8521,8513,8518],"class_list":["product","first","instock","shipping-taxable","purchasable","product-type-simple"],"acf":[],"_links":{"self":[{"href":"https:\/\/mouldking.store\/nb\/wp-json\/wp\/v2\/product\/36727","targetHints":{"allow":["GET"]}}],"collection":[{"href":"https:\/\/mouldking.store\/nb\/wp-json\/wp\/v2\/product"}],"about":[{"href":"https:\/\/mouldking.store\/nb\/wp-json\/wp\/v2\/types\/product"}],"replies":[{"embeddable":true,"href":"https:\/\/mouldking.store\/nb\/wp-json\/wp\/v2\/comments?post=36727"}],"wp:featuredmedia":[{"embeddable":true,"href":"https:\/\/mouldking.store\/nb\/wp-json\/wp\/v2\/media\/36729"}],"wp:attachment":[{"href":"https:\/\/mouldking.store\/nb\/wp-json\/wp\/v2\/media?parent=36727"}],"wp:term":[{"taxonomy":"product_cat","embeddable":true,"href":"https:\/\/mouldking.store\/nb\/wp-json\/wp\/v2\/product_cat?post=36727"},{"taxonomy":"product_tag","embeddable":true,"href":"https:\/\/mouldking.store\/nb\/wp-json\/wp\/v2\/product_tag?post=36727"}],"curies":[{"name":"wp","href":"https:\/\/api.w.org\/{rel}","templated":true}]}}