{"id":36733,"date":"2022-11-28T15:06:15","date_gmt":"2022-11-28T08:06:15","guid":{"rendered":"https:\/\/mouldking.store\/?post_type=product&#038;p=36733"},"modified":"2023-09-07T17:29:33","modified_gmt":"2023-09-07T10:29:33","slug":"rihio-animacha-01-06-jetiger-gozillong-pigun-shibacle-dm-express-hamstero","status":"publish","type":"product","link":"https:\/\/mouldking.store\/nb\/shop\/rihio-animacha-01-06-jetiger-gozillong-pigun-shibacle-dm-express-hamstero\/","title":{"rendered":"RIHIO ANIMACHA 01-06 Jetiger Gozillong Pigun Shibacle DM Express Hamstero"},"content":{"rendered":"<p>Produktinformasjon:<\/p>\n<ol>\n<li>Merke: RIHIO<\/li>\n<li>Kj\u00f8nn: Unisex<\/li>\n<li>Name: Jetiger Gozillong Pigun Shibacle DM Express Hamstero<\/li>\n<li>Aldersgruppe: &gt; 6 \u00e5r gammel<\/li>\n<li>Model Number: ANIMACHA 01-06<\/li>\n<li>Klassifisering: Montering<\/li>\n<li>Plastblokkform: Selvl\u00e5sende murstein<\/li>\n<li>Materiale: Plast<\/li>\n<li>Plasttype: ABS<\/li>\n<li>Size: 12 x 9 cm *6<\/li>\n<li>Inneholder detaljerte monteringsanvisninger.<\/li>\n<\/ol>\n<p>Legge merke til:<br \/>\n1. Uten original eske, men vi garanterer at v\u00e5re produkter har kvalitetssikring og pen emballasje.<br \/>\n2. Som alle delene vi har sjekket f\u00f8r frakt, s\u00e5 hvis du finner noen deler savnet eller skadet, ikke bekymre deg og bare kontakt oss, s\u00e5 kan vi sende dem til deg p\u00e5 nytt umiddelbart gratis.<\/p>\n<figure id=\"attachment_36734\" aria-describedby=\"caption-attachment-36734\" style=\"width: 800px\" class=\"wp-caption aligncenter\"><img fetchpriority=\"high\" decoding=\"async\" class=\"wp-image-36734 size-full\" src=\"https:\/\/mouldking.store\/wp-content\/uploads\/2022\/11\/RIHIO-ANIMACHA-18.jpg\" alt=\"RIHIO ANIMACHA 01-06 Jetiger Gozillong Pigun Shibacle DM Express Hamstero\" width=\"800\" height=\"800\" title=\"-\" srcset=\"https:\/\/mouldking.store\/wp-content\/uploads\/2022\/11\/RIHIO-ANIMACHA-18.jpg 800w, https:\/\/mouldking.store\/wp-content\/uploads\/2022\/11\/RIHIO-ANIMACHA-18-300x300.jpg 300w, https:\/\/mouldking.store\/wp-content\/uploads\/2022\/11\/RIHIO-ANIMACHA-18-768x768.jpg 768w, https:\/\/mouldking.store\/wp-content\/uploads\/2022\/11\/RIHIO-ANIMACHA-18-600x600.jpg 600w, https:\/\/mouldking.store\/wp-content\/uploads\/2022\/11\/RIHIO-ANIMACHA-18-150x150.jpg 150w, https:\/\/mouldking.store\/wp-content\/uploads\/2022\/11\/RIHIO-ANIMACHA-18-60x60.jpg 60w, https:\/\/mouldking.store\/wp-content\/uploads\/2022\/11\/RIHIO-ANIMACHA-18-90x90.jpg 90w\" sizes=\"(max-width: 800px) 100vw, 800px\" \/><figcaption id=\"caption-attachment-36734\" class=\"wp-caption-text\">RIHIO ANIMACHA 01-06 Jetiger Gozillong Pigun Shibacle DM Express Hamstero<\/figcaption><\/figure>\n<figure id=\"attachment_36735\" aria-describedby=\"caption-attachment-36735\" style=\"width: 800px\" class=\"wp-caption aligncenter\"><img decoding=\"async\" class=\"wp-image-36735 size-full\" src=\"https:\/\/mouldking.store\/wp-content\/uploads\/2022\/11\/RIHIO-ANIMACHA-17.jpg\" alt=\"RIHIO ANIMACHA 01-06 Jetiger Gozillong Pigun Shibacle DM Express Hamstero\" width=\"800\" height=\"800\" title=\"-\" srcset=\"https:\/\/mouldking.store\/wp-content\/uploads\/2022\/11\/RIHIO-ANIMACHA-17.jpg 800w, https:\/\/mouldking.store\/wp-content\/uploads\/2022\/11\/RIHIO-ANIMACHA-17-300x300.jpg 300w, https:\/\/mouldking.store\/wp-content\/uploads\/2022\/11\/RIHIO-ANIMACHA-17-768x768.jpg 768w, https:\/\/mouldking.store\/wp-content\/uploads\/2022\/11\/RIHIO-ANIMACHA-17-600x600.jpg 600w, https:\/\/mouldking.store\/wp-content\/uploads\/2022\/11\/RIHIO-ANIMACHA-17-150x150.jpg 150w, https:\/\/mouldking.store\/wp-content\/uploads\/2022\/11\/RIHIO-ANIMACHA-17-60x60.jpg 60w, https:\/\/mouldking.store\/wp-content\/uploads\/2022\/11\/RIHIO-ANIMACHA-17-90x90.jpg 90w\" sizes=\"(max-width: 800px) 100vw, 800px\" \/><figcaption id=\"caption-attachment-36735\" class=\"wp-caption-text\">RIHIO ANIMACHA 01-06 Jetiger Gozillong Pigun Shibacle DM Express Hamstero<\/figcaption><\/figure>\n<figure id=\"attachment_36736\" aria-describedby=\"caption-attachment-36736\" style=\"width: 1024px\" class=\"wp-caption aligncenter\"><img decoding=\"async\" class=\"wp-image-36736 size-full\" src=\"https:\/\/mouldking.store\/wp-content\/uploads\/2022\/11\/RIHIO-ANIMACHA-16.jpg\" alt=\"RIHIO ANIMACHA 01-06 Jetiger Gozillong Pigun Shibacle DM Express Hamstero\" width=\"1024\" height=\"1024\" title=\"-\" srcset=\"https:\/\/mouldking.store\/wp-content\/uploads\/2022\/11\/RIHIO-ANIMACHA-16.jpg 1024w, https:\/\/mouldking.store\/wp-content\/uploads\/2022\/11\/RIHIO-ANIMACHA-16-300x300.jpg 300w, https:\/\/mouldking.store\/wp-content\/uploads\/2022\/11\/RIHIO-ANIMACHA-16-768x768.jpg 768w, https:\/\/mouldking.store\/wp-content\/uploads\/2022\/11\/RIHIO-ANIMACHA-16-600x600.jpg 600w, https:\/\/mouldking.store\/wp-content\/uploads\/2022\/11\/RIHIO-ANIMACHA-16-150x150.jpg 150w, https:\/\/mouldking.store\/wp-content\/uploads\/2022\/11\/RIHIO-ANIMACHA-16-60x60.jpg 60w, https:\/\/mouldking.store\/wp-content\/uploads\/2022\/11\/RIHIO-ANIMACHA-16-90x90.jpg 90w\" sizes=\"(max-width: 1024px) 100vw, 1024px\" \/><figcaption id=\"caption-attachment-36736\" class=\"wp-caption-text\">RIHIO ANIMACHA 01-06 Jetiger Gozillong Pigun Shibacle DM Express Hamstero<\/figcaption><\/figure>\n<figure id=\"attachment_36737\" aria-describedby=\"caption-attachment-36737\" style=\"width: 851px\" class=\"wp-caption aligncenter\"><img loading=\"lazy\" decoding=\"async\" class=\"wp-image-36737 size-full\" src=\"https:\/\/mouldking.store\/wp-content\/uploads\/2022\/11\/RIHIO-ANIMACHA-15.jpg\" alt=\"RIHIO ANIMACHA 01-06 Jetiger Gozillong Pigun Shibacle DM Express Hamstero\" width=\"851\" height=\"1024\" title=\"-\" srcset=\"https:\/\/mouldking.store\/wp-content\/uploads\/2022\/11\/RIHIO-ANIMACHA-15.jpg 851w, https:\/\/mouldking.store\/wp-content\/uploads\/2022\/11\/RIHIO-ANIMACHA-15-249x300.jpg 249w, https:\/\/mouldking.store\/wp-content\/uploads\/2022\/11\/RIHIO-ANIMACHA-15-768x924.jpg 768w, https:\/\/mouldking.store\/wp-content\/uploads\/2022\/11\/RIHIO-ANIMACHA-15-300x361.jpg 300w, https:\/\/mouldking.store\/wp-content\/uploads\/2022\/11\/RIHIO-ANIMACHA-15-600x722.jpg 600w, https:\/\/mouldking.store\/wp-content\/uploads\/2022\/11\/RIHIO-ANIMACHA-15-125x150.jpg 125w, https:\/\/mouldking.store\/wp-content\/uploads\/2022\/11\/RIHIO-ANIMACHA-15-50x60.jpg 50w, https:\/\/mouldking.store\/wp-content\/uploads\/2022\/11\/RIHIO-ANIMACHA-15-75x90.jpg 75w\" sizes=\"(max-width: 851px) 100vw, 851px\" \/><figcaption id=\"caption-attachment-36737\" class=\"wp-caption-text\">RIHIO ANIMACHA 01-06 Jetiger Gozillong Pigun Shibacle DM Express Hamstero<\/figcaption><\/figure>\n<figure id=\"attachment_36738\" aria-describedby=\"caption-attachment-36738\" style=\"width: 1024px\" class=\"wp-caption aligncenter\"><img loading=\"lazy\" decoding=\"async\" class=\"wp-image-36738 size-full\" src=\"https:\/\/mouldking.store\/wp-content\/uploads\/2022\/11\/RIHIO-ANIMACHA-14.jpg\" alt=\"RIHIO ANIMACHA 01-06 Jetiger Gozillong Pigun Shibacle DM Express Hamstero\" width=\"1024\" height=\"876\" title=\"-\" srcset=\"https:\/\/mouldking.store\/wp-content\/uploads\/2022\/11\/RIHIO-ANIMACHA-14.jpg 1024w, https:\/\/mouldking.store\/wp-content\/uploads\/2022\/11\/RIHIO-ANIMACHA-14-300x257.jpg 300w, https:\/\/mouldking.store\/wp-content\/uploads\/2022\/11\/RIHIO-ANIMACHA-14-768x657.jpg 768w, https:\/\/mouldking.store\/wp-content\/uploads\/2022\/11\/RIHIO-ANIMACHA-14-600x513.jpg 600w, https:\/\/mouldking.store\/wp-content\/uploads\/2022\/11\/RIHIO-ANIMACHA-14-150x128.jpg 150w, https:\/\/mouldking.store\/wp-content\/uploads\/2022\/11\/RIHIO-ANIMACHA-14-70x60.jpg 70w, https:\/\/mouldking.store\/wp-content\/uploads\/2022\/11\/RIHIO-ANIMACHA-14-105x90.jpg 105w\" sizes=\"(max-width: 1024px) 100vw, 1024px\" \/><figcaption id=\"caption-attachment-36738\" class=\"wp-caption-text\">RIHIO ANIMACHA 01-06 Jetiger Gozillong Pigun Shibacle DM Express Hamstero<\/figcaption><\/figure>\n<figure id=\"attachment_36739\" aria-describedby=\"caption-attachment-36739\" style=\"width: 790px\" class=\"wp-caption aligncenter\"><img loading=\"lazy\" decoding=\"async\" class=\"wp-image-36739 size-full\" src=\"https:\/\/mouldking.store\/wp-content\/uploads\/2022\/11\/RIHIO-ANIMACHA-13.jpg\" alt=\"RIHIO ANIMACHA 01-06 Jetiger Gozillong Pigun Shibacle DM Express Hamstero\" width=\"790\" height=\"724\" title=\"-\" srcset=\"https:\/\/mouldking.store\/wp-content\/uploads\/2022\/11\/RIHIO-ANIMACHA-13.jpg 790w, https:\/\/mouldking.store\/wp-content\/uploads\/2022\/11\/RIHIO-ANIMACHA-13-300x275.jpg 300w, https:\/\/mouldking.store\/wp-content\/uploads\/2022\/11\/RIHIO-ANIMACHA-13-768x704.jpg 768w, https:\/\/mouldking.store\/wp-content\/uploads\/2022\/11\/RIHIO-ANIMACHA-13-600x550.jpg 600w, https:\/\/mouldking.store\/wp-content\/uploads\/2022\/11\/RIHIO-ANIMACHA-13-150x137.jpg 150w, https:\/\/mouldking.store\/wp-content\/uploads\/2022\/11\/RIHIO-ANIMACHA-13-65x60.jpg 65w, https:\/\/mouldking.store\/wp-content\/uploads\/2022\/11\/RIHIO-ANIMACHA-13-98x90.jpg 98w\" sizes=\"(max-width: 790px) 100vw, 790px\" \/><figcaption id=\"caption-attachment-36739\" class=\"wp-caption-text\">RIHIO ANIMACHA 01-06 Jetiger Gozillong Pigun Shibacle DM Express Hamstero<\/figcaption><\/figure>\n<figure id=\"attachment_36740\" aria-describedby=\"caption-attachment-36740\" style=\"width: 1024px\" class=\"wp-caption aligncenter\"><img loading=\"lazy\" decoding=\"async\" class=\"wp-image-36740 size-full\" src=\"https:\/\/mouldking.store\/wp-content\/uploads\/2022\/11\/RIHIO-ANIMACHA-12.jpg\" alt=\"RIHIO ANIMACHA 01-06 Jetiger Gozillong Pigun Shibacle DM Express Hamstero\" width=\"1024\" height=\"1024\" title=\"-\" srcset=\"https:\/\/mouldking.store\/wp-content\/uploads\/2022\/11\/RIHIO-ANIMACHA-12.jpg 1024w, https:\/\/mouldking.store\/wp-content\/uploads\/2022\/11\/RIHIO-ANIMACHA-12-300x300.jpg 300w, https:\/\/mouldking.store\/wp-content\/uploads\/2022\/11\/RIHIO-ANIMACHA-12-768x768.jpg 768w, https:\/\/mouldking.store\/wp-content\/uploads\/2022\/11\/RIHIO-ANIMACHA-12-600x600.jpg 600w, https:\/\/mouldking.store\/wp-content\/uploads\/2022\/11\/RIHIO-ANIMACHA-12-150x150.jpg 150w, https:\/\/mouldking.store\/wp-content\/uploads\/2022\/11\/RIHIO-ANIMACHA-12-60x60.jpg 60w, https:\/\/mouldking.store\/wp-content\/uploads\/2022\/11\/RIHIO-ANIMACHA-12-90x90.jpg 90w\" sizes=\"(max-width: 1024px) 100vw, 1024px\" \/><figcaption id=\"caption-attachment-36740\" class=\"wp-caption-text\">RIHIO ANIMACHA 01-06 Jetiger Gozillong Pigun Shibacle DM Express Hamstero<\/figcaption><\/figure>\n<figure id=\"attachment_36741\" aria-describedby=\"caption-attachment-36741\" style=\"width: 944px\" class=\"wp-caption aligncenter\"><img loading=\"lazy\" decoding=\"async\" class=\"wp-image-36741 size-full\" src=\"https:\/\/mouldking.store\/wp-content\/uploads\/2022\/11\/RIHIO-ANIMACHA-11.jpg\" alt=\"RIHIO ANIMACHA 01-06 Jetiger Gozillong Pigun Shibacle DM Express Hamstero\" width=\"944\" height=\"1024\" title=\"-\" srcset=\"https:\/\/mouldking.store\/wp-content\/uploads\/2022\/11\/RIHIO-ANIMACHA-11.jpg 944w, https:\/\/mouldking.store\/wp-content\/uploads\/2022\/11\/RIHIO-ANIMACHA-11-277x300.jpg 277w, https:\/\/mouldking.store\/wp-content\/uploads\/2022\/11\/RIHIO-ANIMACHA-11-768x833.jpg 768w, https:\/\/mouldking.store\/wp-content\/uploads\/2022\/11\/RIHIO-ANIMACHA-11-300x325.jpg 300w, https:\/\/mouldking.store\/wp-content\/uploads\/2022\/11\/RIHIO-ANIMACHA-11-600x651.jpg 600w, https:\/\/mouldking.store\/wp-content\/uploads\/2022\/11\/RIHIO-ANIMACHA-11-138x150.jpg 138w, https:\/\/mouldking.store\/wp-content\/uploads\/2022\/11\/RIHIO-ANIMACHA-11-55x60.jpg 55w, https:\/\/mouldking.store\/wp-content\/uploads\/2022\/11\/RIHIO-ANIMACHA-11-83x90.jpg 83w\" sizes=\"(max-width: 944px) 100vw, 944px\" \/><figcaption id=\"caption-attachment-36741\" class=\"wp-caption-text\">RIHIO ANIMACHA 01-06 Jetiger Gozillong Pigun Shibacle DM Express Hamstero<\/figcaption><\/figure>\n<figure id=\"attachment_36742\" aria-describedby=\"caption-attachment-36742\" style=\"width: 1024px\" class=\"wp-caption aligncenter\"><img loading=\"lazy\" decoding=\"async\" class=\"wp-image-36742 size-full\" src=\"https:\/\/mouldking.store\/wp-content\/uploads\/2022\/11\/RIHIO-ANIMACHA-10.jpg\" alt=\"RIHIO ANIMACHA 01-06 Jetiger Gozillong Pigun Shibacle DM Express Hamstero\" width=\"1024\" height=\"1024\" title=\"-\" srcset=\"https:\/\/mouldking.store\/wp-content\/uploads\/2022\/11\/RIHIO-ANIMACHA-10.jpg 1024w, https:\/\/mouldking.store\/wp-content\/uploads\/2022\/11\/RIHIO-ANIMACHA-10-300x300.jpg 300w, https:\/\/mouldking.store\/wp-content\/uploads\/2022\/11\/RIHIO-ANIMACHA-10-768x768.jpg 768w, https:\/\/mouldking.store\/wp-content\/uploads\/2022\/11\/RIHIO-ANIMACHA-10-600x600.jpg 600w, https:\/\/mouldking.store\/wp-content\/uploads\/2022\/11\/RIHIO-ANIMACHA-10-150x150.jpg 150w, https:\/\/mouldking.store\/wp-content\/uploads\/2022\/11\/RIHIO-ANIMACHA-10-60x60.jpg 60w, https:\/\/mouldking.store\/wp-content\/uploads\/2022\/11\/RIHIO-ANIMACHA-10-90x90.jpg 90w\" sizes=\"(max-width: 1024px) 100vw, 1024px\" \/><figcaption id=\"caption-attachment-36742\" class=\"wp-caption-text\">RIHIO ANIMACHA 01-06 Jetiger Gozillong Pigun Shibacle DM Express Hamstero<\/figcaption><\/figure>\n<figure id=\"attachment_36743\" aria-describedby=\"caption-attachment-36743\" style=\"width: 1024px\" class=\"wp-caption aligncenter\"><img loading=\"lazy\" decoding=\"async\" class=\"wp-image-36743 size-full\" src=\"https:\/\/mouldking.store\/wp-content\/uploads\/2022\/11\/RIHIO-ANIMACHA-9.jpg\" alt=\"RIHIO ANIMACHA 01-06 Jetiger Gozillong Pigun Shibacle DM Express Hamstero\" width=\"1024\" height=\"1024\" title=\"-\" srcset=\"https:\/\/mouldking.store\/wp-content\/uploads\/2022\/11\/RIHIO-ANIMACHA-9.jpg 1024w, https:\/\/mouldking.store\/wp-content\/uploads\/2022\/11\/RIHIO-ANIMACHA-9-300x300.jpg 300w, https:\/\/mouldking.store\/wp-content\/uploads\/2022\/11\/RIHIO-ANIMACHA-9-768x768.jpg 768w, https:\/\/mouldking.store\/wp-content\/uploads\/2022\/11\/RIHIO-ANIMACHA-9-600x600.jpg 600w, https:\/\/mouldking.store\/wp-content\/uploads\/2022\/11\/RIHIO-ANIMACHA-9-150x150.jpg 150w, https:\/\/mouldking.store\/wp-content\/uploads\/2022\/11\/RIHIO-ANIMACHA-9-60x60.jpg 60w, https:\/\/mouldking.store\/wp-content\/uploads\/2022\/11\/RIHIO-ANIMACHA-9-90x90.jpg 90w\" sizes=\"(max-width: 1024px) 100vw, 1024px\" \/><figcaption id=\"caption-attachment-36743\" class=\"wp-caption-text\">RIHIO ANIMACHA 01-06 Jetiger Gozillong Pigun Shibacle DM Express Hamstero<\/figcaption><\/figure>\n<figure id=\"attachment_36744\" aria-describedby=\"caption-attachment-36744\" style=\"width: 1024px\" class=\"wp-caption aligncenter\"><img loading=\"lazy\" decoding=\"async\" class=\"wp-image-36744 size-full\" src=\"https:\/\/mouldking.store\/wp-content\/uploads\/2022\/11\/RIHIO-ANIMACHA-8.jpg\" alt=\"RIHIO ANIMACHA 01-06 Jetiger Gozillong Pigun Shibacle DM Express Hamstero\" width=\"1024\" height=\"1022\" title=\"-\" srcset=\"https:\/\/mouldking.store\/wp-content\/uploads\/2022\/11\/RIHIO-ANIMACHA-8.jpg 1024w, https:\/\/mouldking.store\/wp-content\/uploads\/2022\/11\/RIHIO-ANIMACHA-8-300x299.jpg 300w, https:\/\/mouldking.store\/wp-content\/uploads\/2022\/11\/RIHIO-ANIMACHA-8-768x767.jpg 768w, https:\/\/mouldking.store\/wp-content\/uploads\/2022\/11\/RIHIO-ANIMACHA-8-600x599.jpg 600w, https:\/\/mouldking.store\/wp-content\/uploads\/2022\/11\/RIHIO-ANIMACHA-8-150x150.jpg 150w, https:\/\/mouldking.store\/wp-content\/uploads\/2022\/11\/RIHIO-ANIMACHA-8-60x60.jpg 60w, https:\/\/mouldking.store\/wp-content\/uploads\/2022\/11\/RIHIO-ANIMACHA-8-90x90.jpg 90w\" sizes=\"(max-width: 1024px) 100vw, 1024px\" \/><figcaption id=\"caption-attachment-36744\" class=\"wp-caption-text\">RIHIO ANIMACHA 01-06 Jetiger Gozillong Pigun Shibacle DM Express Hamstero<\/figcaption><\/figure>\n<figure id=\"attachment_36745\" aria-describedby=\"caption-attachment-36745\" style=\"width: 1024px\" class=\"wp-caption aligncenter\"><img loading=\"lazy\" decoding=\"async\" class=\"wp-image-36745 size-full\" src=\"https:\/\/mouldking.store\/wp-content\/uploads\/2022\/11\/RIHIO-ANIMACHA-7.jpg\" alt=\"RIHIO ANIMACHA 01-06 Jetiger Gozillong Pigun Shibacle DM Express Hamstero\" width=\"1024\" height=\"1024\" title=\"-\" srcset=\"https:\/\/mouldking.store\/wp-content\/uploads\/2022\/11\/RIHIO-ANIMACHA-7.jpg 1024w, https:\/\/mouldking.store\/wp-content\/uploads\/2022\/11\/RIHIO-ANIMACHA-7-300x300.jpg 300w, https:\/\/mouldking.store\/wp-content\/uploads\/2022\/11\/RIHIO-ANIMACHA-7-768x768.jpg 768w, https:\/\/mouldking.store\/wp-content\/uploads\/2022\/11\/RIHIO-ANIMACHA-7-600x600.jpg 600w, https:\/\/mouldking.store\/wp-content\/uploads\/2022\/11\/RIHIO-ANIMACHA-7-150x150.jpg 150w, https:\/\/mouldking.store\/wp-content\/uploads\/2022\/11\/RIHIO-ANIMACHA-7-60x60.jpg 60w, https:\/\/mouldking.store\/wp-content\/uploads\/2022\/11\/RIHIO-ANIMACHA-7-90x90.jpg 90w\" sizes=\"(max-width: 1024px) 100vw, 1024px\" \/><figcaption id=\"caption-attachment-36745\" class=\"wp-caption-text\">RIHIO ANIMACHA 01-06 Jetiger Gozillong Pigun Shibacle DM Express Hamstero<\/figcaption><\/figure>\n<figure id=\"attachment_36746\" aria-describedby=\"caption-attachment-36746\" style=\"width: 1024px\" class=\"wp-caption aligncenter\"><img loading=\"lazy\" decoding=\"async\" class=\"wp-image-36746 size-full\" src=\"https:\/\/mouldking.store\/wp-content\/uploads\/2022\/11\/RIHIO-ANIMACHA-6.jpg\" alt=\"RIHIO ANIMACHA 01-06 Jetiger Gozillong Pigun Shibacle DM Express Hamstero\" width=\"1024\" height=\"1024\" title=\"-\" srcset=\"https:\/\/mouldking.store\/wp-content\/uploads\/2022\/11\/RIHIO-ANIMACHA-6.jpg 1024w, https:\/\/mouldking.store\/wp-content\/uploads\/2022\/11\/RIHIO-ANIMACHA-6-300x300.jpg 300w, https:\/\/mouldking.store\/wp-content\/uploads\/2022\/11\/RIHIO-ANIMACHA-6-768x768.jpg 768w, https:\/\/mouldking.store\/wp-content\/uploads\/2022\/11\/RIHIO-ANIMACHA-6-600x600.jpg 600w, https:\/\/mouldking.store\/wp-content\/uploads\/2022\/11\/RIHIO-ANIMACHA-6-150x150.jpg 150w, https:\/\/mouldking.store\/wp-content\/uploads\/2022\/11\/RIHIO-ANIMACHA-6-60x60.jpg 60w, https:\/\/mouldking.store\/wp-content\/uploads\/2022\/11\/RIHIO-ANIMACHA-6-90x90.jpg 90w\" sizes=\"(max-width: 1024px) 100vw, 1024px\" \/><figcaption id=\"caption-attachment-36746\" class=\"wp-caption-text\">RIHIO ANIMACHA 01-06 Jetiger Gozillong Pigun Shibacle DM Express Hamstero<\/figcaption><\/figure>\n<figure id=\"attachment_36747\" aria-describedby=\"caption-attachment-36747\" style=\"width: 1024px\" class=\"wp-caption aligncenter\"><img loading=\"lazy\" decoding=\"async\" class=\"wp-image-36747 size-full\" src=\"https:\/\/mouldking.store\/wp-content\/uploads\/2022\/11\/RIHIO-ANIMACHA-5.jpg\" alt=\"RIHIO ANIMACHA 01-06 Jetiger Gozillong Pigun Shibacle DM Express Hamstero\" width=\"1024\" height=\"1024\" title=\"-\" srcset=\"https:\/\/mouldking.store\/wp-content\/uploads\/2022\/11\/RIHIO-ANIMACHA-5.jpg 1024w, https:\/\/mouldking.store\/wp-content\/uploads\/2022\/11\/RIHIO-ANIMACHA-5-300x300.jpg 300w, https:\/\/mouldking.store\/wp-content\/uploads\/2022\/11\/RIHIO-ANIMACHA-5-768x768.jpg 768w, https:\/\/mouldking.store\/wp-content\/uploads\/2022\/11\/RIHIO-ANIMACHA-5-600x600.jpg 600w, https:\/\/mouldking.store\/wp-content\/uploads\/2022\/11\/RIHIO-ANIMACHA-5-150x150.jpg 150w, https:\/\/mouldking.store\/wp-content\/uploads\/2022\/11\/RIHIO-ANIMACHA-5-60x60.jpg 60w, https:\/\/mouldking.store\/wp-content\/uploads\/2022\/11\/RIHIO-ANIMACHA-5-90x90.jpg 90w\" sizes=\"(max-width: 1024px) 100vw, 1024px\" \/><figcaption id=\"caption-attachment-36747\" class=\"wp-caption-text\">RIHIO ANIMACHA 01-06 Jetiger Gozillong Pigun Shibacle DM Express Hamstero<\/figcaption><\/figure>\n<figure id=\"attachment_36748\" aria-describedby=\"caption-attachment-36748\" style=\"width: 1024px\" class=\"wp-caption aligncenter\"><img loading=\"lazy\" decoding=\"async\" class=\"wp-image-36748 size-full\" src=\"https:\/\/mouldking.store\/wp-content\/uploads\/2022\/11\/RIHIO-ANIMACHA-4.jpg\" alt=\"RIHIO ANIMACHA 01-06 Jetiger Gozillong Pigun Shibacle DM Express Hamstero\" width=\"1024\" height=\"1024\" title=\"-\" srcset=\"https:\/\/mouldking.store\/wp-content\/uploads\/2022\/11\/RIHIO-ANIMACHA-4.jpg 1024w, https:\/\/mouldking.store\/wp-content\/uploads\/2022\/11\/RIHIO-ANIMACHA-4-300x300.jpg 300w, https:\/\/mouldking.store\/wp-content\/uploads\/2022\/11\/RIHIO-ANIMACHA-4-768x768.jpg 768w, https:\/\/mouldking.store\/wp-content\/uploads\/2022\/11\/RIHIO-ANIMACHA-4-600x600.jpg 600w, https:\/\/mouldking.store\/wp-content\/uploads\/2022\/11\/RIHIO-ANIMACHA-4-150x150.jpg 150w, https:\/\/mouldking.store\/wp-content\/uploads\/2022\/11\/RIHIO-ANIMACHA-4-60x60.jpg 60w, https:\/\/mouldking.store\/wp-content\/uploads\/2022\/11\/RIHIO-ANIMACHA-4-90x90.jpg 90w\" sizes=\"(max-width: 1024px) 100vw, 1024px\" \/><figcaption id=\"caption-attachment-36748\" class=\"wp-caption-text\">RIHIO ANIMACHA 01-06 Jetiger Gozillong Pigun Shibacle DM Express Hamstero<\/figcaption><\/figure>\n<figure id=\"attachment_36749\" aria-describedby=\"caption-attachment-36749\" style=\"width: 1024px\" class=\"wp-caption aligncenter\"><img loading=\"lazy\" decoding=\"async\" class=\"wp-image-36749 size-full\" src=\"https:\/\/mouldking.store\/wp-content\/uploads\/2022\/11\/RIHIO-ANIMACHA-3.jpg\" alt=\"RIHIO ANIMACHA 01-06 Jetiger Gozillong Pigun Shibacle DM Express Hamstero\" width=\"1024\" height=\"1024\" title=\"-\" srcset=\"https:\/\/mouldking.store\/wp-content\/uploads\/2022\/11\/RIHIO-ANIMACHA-3.jpg 1024w, https:\/\/mouldking.store\/wp-content\/uploads\/2022\/11\/RIHIO-ANIMACHA-3-300x300.jpg 300w, https:\/\/mouldking.store\/wp-content\/uploads\/2022\/11\/RIHIO-ANIMACHA-3-768x768.jpg 768w, https:\/\/mouldking.store\/wp-content\/uploads\/2022\/11\/RIHIO-ANIMACHA-3-600x600.jpg 600w, https:\/\/mouldking.store\/wp-content\/uploads\/2022\/11\/RIHIO-ANIMACHA-3-150x150.jpg 150w, https:\/\/mouldking.store\/wp-content\/uploads\/2022\/11\/RIHIO-ANIMACHA-3-60x60.jpg 60w, https:\/\/mouldking.store\/wp-content\/uploads\/2022\/11\/RIHIO-ANIMACHA-3-90x90.jpg 90w\" sizes=\"(max-width: 1024px) 100vw, 1024px\" \/><figcaption id=\"caption-attachment-36749\" class=\"wp-caption-text\">RIHIO ANIMACHA 01-06 Jetiger Gozillong Pigun Shibacle DM Express Hamstero<\/figcaption><\/figure>\n<figure id=\"attachment_36750\" aria-describedby=\"caption-attachment-36750\" style=\"width: 1024px\" class=\"wp-caption aligncenter\"><img loading=\"lazy\" decoding=\"async\" class=\"wp-image-36750 size-full\" src=\"https:\/\/mouldking.store\/wp-content\/uploads\/2022\/11\/RIHIO-ANIMACHA-2.jpg\" alt=\"RIHIO ANIMACHA 01-06 Jetiger Gozillong Pigun Shibacle DM Express Hamstero\" width=\"1024\" height=\"1024\" title=\"-\" srcset=\"https:\/\/mouldking.store\/wp-content\/uploads\/2022\/11\/RIHIO-ANIMACHA-2.jpg 1024w, https:\/\/mouldking.store\/wp-content\/uploads\/2022\/11\/RIHIO-ANIMACHA-2-300x300.jpg 300w, https:\/\/mouldking.store\/wp-content\/uploads\/2022\/11\/RIHIO-ANIMACHA-2-768x768.jpg 768w, https:\/\/mouldking.store\/wp-content\/uploads\/2022\/11\/RIHIO-ANIMACHA-2-600x600.jpg 600w, https:\/\/mouldking.store\/wp-content\/uploads\/2022\/11\/RIHIO-ANIMACHA-2-150x150.jpg 150w, https:\/\/mouldking.store\/wp-content\/uploads\/2022\/11\/RIHIO-ANIMACHA-2-60x60.jpg 60w, https:\/\/mouldking.store\/wp-content\/uploads\/2022\/11\/RIHIO-ANIMACHA-2-90x90.jpg 90w\" sizes=\"(max-width: 1024px) 100vw, 1024px\" \/><figcaption id=\"caption-attachment-36750\" class=\"wp-caption-text\">RIHIO ANIMACHA 01-06 Jetiger Gozillong Pigun Shibacle DM Express Hamstero<\/figcaption><\/figure>\n<figure id=\"attachment_36751\" aria-describedby=\"caption-attachment-36751\" style=\"width: 942px\" class=\"wp-caption aligncenter\"><img loading=\"lazy\" decoding=\"async\" class=\"wp-image-36751 size-full\" src=\"https:\/\/mouldking.store\/wp-content\/uploads\/2022\/11\/RIHIO-ANIMACHA-1.jpg\" alt=\"RIHIO ANIMACHA 01-06 Jetiger Gozillong Pigun Shibacle DM Express Hamstero\" width=\"942\" height=\"1024\" title=\"-\" srcset=\"https:\/\/mouldking.store\/wp-content\/uploads\/2022\/11\/RIHIO-ANIMACHA-1.jpg 942w, https:\/\/mouldking.store\/wp-content\/uploads\/2022\/11\/RIHIO-ANIMACHA-1-276x300.jpg 276w, https:\/\/mouldking.store\/wp-content\/uploads\/2022\/11\/RIHIO-ANIMACHA-1-768x835.jpg 768w, https:\/\/mouldking.store\/wp-content\/uploads\/2022\/11\/RIHIO-ANIMACHA-1-300x326.jpg 300w, https:\/\/mouldking.store\/wp-content\/uploads\/2022\/11\/RIHIO-ANIMACHA-1-600x652.jpg 600w, https:\/\/mouldking.store\/wp-content\/uploads\/2022\/11\/RIHIO-ANIMACHA-1-138x150.jpg 138w, https:\/\/mouldking.store\/wp-content\/uploads\/2022\/11\/RIHIO-ANIMACHA-1-55x60.jpg 55w, https:\/\/mouldking.store\/wp-content\/uploads\/2022\/11\/RIHIO-ANIMACHA-1-83x90.jpg 83w\" sizes=\"(max-width: 942px) 100vw, 942px\" \/><figcaption id=\"caption-attachment-36751\" class=\"wp-caption-text\">RIHIO ANIMACHA 01-06 Jetiger Gozillong Pigun Shibacle DM Express Hamstero<\/figcaption><\/figure>","protected":false},"excerpt":{"rendered":"<p>Product information: Brand: RIHIO Gender: Unisex Name: Jetiger Gozillong Pigun Shibacle DM Express Hamstero Age Range: &gt; 6 years old Model Number: ANIMACHA 01-06 Classification: Assemblage Plastic Block Shape: Self-Locking Bricks Material: Plastic Plastic Type: ABS Size: 12 x 9 cm *6 Contains detailed assembly instructions. Notice: 1. Without an original box, but we guarantee [&hellip;]<\/p>","protected":false},"featured_media":36734,"comment_status":"closed","ping_status":"closed","template":"","meta":{"_acf_changed":false},"product_cat":[1365],"product_tag":[8524,8523,8531,8529,8526,8530,8525,8533,8527,8373,8532,8522,8528],"class_list":["product","first","outofstock","shipping-taxable","purchasable","product-type-variable"],"acf":[],"_links":{"self":[{"href":"https:\/\/mouldking.store\/nb\/wp-json\/wp\/v2\/product\/36733","targetHints":{"allow":["GET"]}}],"collection":[{"href":"https:\/\/mouldking.store\/nb\/wp-json\/wp\/v2\/product"}],"about":[{"href":"https:\/\/mouldking.store\/nb\/wp-json\/wp\/v2\/types\/product"}],"replies":[{"embeddable":true,"href":"https:\/\/mouldking.store\/nb\/wp-json\/wp\/v2\/comments?post=36733"}],"wp:featuredmedia":[{"embeddable":true,"href":"https:\/\/mouldking.store\/nb\/wp-json\/wp\/v2\/media\/36734"}],"wp:attachment":[{"href":"https:\/\/mouldking.store\/nb\/wp-json\/wp\/v2\/media?parent=36733"}],"wp:term":[{"taxonomy":"product_cat","embeddable":true,"href":"https:\/\/mouldking.store\/nb\/wp-json\/wp\/v2\/product_cat?post=36733"},{"taxonomy":"product_tag","embeddable":true,"href":"https:\/\/mouldking.store\/nb\/wp-json\/wp\/v2\/product_tag?post=36733"}],"curies":[{"name":"wp","href":"https:\/\/api.w.org\/{rel}","templated":true}]}}