{"id":36792,"date":"2022-11-28T15:54:23","date_gmt":"2022-11-28T08:54:23","guid":{"rendered":"https:\/\/mouldking.store\/?post_type=product&#038;p=36792"},"modified":"2022-11-28T15:54:23","modified_gmt":"2022-11-28T08:54:23","slug":"cenzelon-5708-mammothus-primigenius","status":"publish","type":"product","link":"https:\/\/mouldking.store\/nb\/shop\/cenzelon-5708-mammothus-primigenius\/","title":{"rendered":"CENZELON 5708 Mammothus Primigenius"},"content":{"rendered":"<p>Produktinformasjon:<\/p>\n<ol>\n<li>Merke: CENZELON<\/li>\n<li>Kj\u00f8nn: Unisex<\/li>\n<li>Name: Mammothus Primigenius<\/li>\n<li>Aldersgruppe: &gt; 6 \u00e5r gammel<\/li>\n<li>Model Number: 5708<\/li>\n<li>Klassifisering: Montering<\/li>\n<li>Plastblokkform: Selvl\u00e5sende murstein<\/li>\n<li>Materiale: Plast<\/li>\n<li>Plasttype: ABS<\/li>\n<li>Inneholder detaljerte monteringsanvisninger.<\/li>\n<\/ol>\n<p>Legge merke til:<br \/>\n1. Uten original eske, men vi garanterer at v\u00e5re produkter har kvalitetssikring og pen emballasje.<br \/>\n2. Som alle delene vi har sjekket f\u00f8r frakt, s\u00e5 hvis du finner noen deler savnet eller skadet, ikke bekymre deg og bare kontakt oss, s\u00e5 kan vi sende dem til deg p\u00e5 nytt umiddelbart gratis.<\/p>\n<figure id=\"attachment_36793\" aria-describedby=\"caption-attachment-36793\" style=\"width: 1024px\" class=\"wp-caption aligncenter\"><img fetchpriority=\"high\" decoding=\"async\" class=\"wp-image-36793 size-full\" src=\"https:\/\/mouldking.store\/wp-content\/uploads\/2022\/11\/CENZELON-5708-Mammothus-Primigenius-5.jpg\" alt=\"CENZELON 5708 Mammothus Primigenius\" width=\"1024\" height=\"1024\" title=\"-\" srcset=\"https:\/\/mouldking.store\/wp-content\/uploads\/2022\/11\/CENZELON-5708-Mammothus-Primigenius-5.jpg 1024w, https:\/\/mouldking.store\/wp-content\/uploads\/2022\/11\/CENZELON-5708-Mammothus-Primigenius-5-300x300.jpg 300w, https:\/\/mouldking.store\/wp-content\/uploads\/2022\/11\/CENZELON-5708-Mammothus-Primigenius-5-768x768.jpg 768w, https:\/\/mouldking.store\/wp-content\/uploads\/2022\/11\/CENZELON-5708-Mammothus-Primigenius-5-600x600.jpg 600w, https:\/\/mouldking.store\/wp-content\/uploads\/2022\/11\/CENZELON-5708-Mammothus-Primigenius-5-150x150.jpg 150w, https:\/\/mouldking.store\/wp-content\/uploads\/2022\/11\/CENZELON-5708-Mammothus-Primigenius-5-60x60.jpg 60w, https:\/\/mouldking.store\/wp-content\/uploads\/2022\/11\/CENZELON-5708-Mammothus-Primigenius-5-90x90.jpg 90w\" sizes=\"(max-width: 1024px) 100vw, 1024px\" \/><figcaption id=\"caption-attachment-36793\" class=\"wp-caption-text\">CENZELON 5708 Mammothus Primigenius<\/figcaption><\/figure>\n<figure id=\"attachment_36795\" aria-describedby=\"caption-attachment-36795\" style=\"width: 1024px\" class=\"wp-caption aligncenter\"><img decoding=\"async\" class=\"wp-image-36795 size-full\" src=\"https:\/\/mouldking.store\/wp-content\/uploads\/2022\/11\/CENZELON-5708-Mammothus-Primigenius-2.jpg\" alt=\"CENZELON 5708 Mammothus Primigenius\" width=\"1024\" height=\"857\" title=\"-\" srcset=\"https:\/\/mouldking.store\/wp-content\/uploads\/2022\/11\/CENZELON-5708-Mammothus-Primigenius-2.jpg 1024w, https:\/\/mouldking.store\/wp-content\/uploads\/2022\/11\/CENZELON-5708-Mammothus-Primigenius-2-300x251.jpg 300w, https:\/\/mouldking.store\/wp-content\/uploads\/2022\/11\/CENZELON-5708-Mammothus-Primigenius-2-768x643.jpg 768w, https:\/\/mouldking.store\/wp-content\/uploads\/2022\/11\/CENZELON-5708-Mammothus-Primigenius-2-600x502.jpg 600w, https:\/\/mouldking.store\/wp-content\/uploads\/2022\/11\/CENZELON-5708-Mammothus-Primigenius-2-150x126.jpg 150w, https:\/\/mouldking.store\/wp-content\/uploads\/2022\/11\/CENZELON-5708-Mammothus-Primigenius-2-72x60.jpg 72w, https:\/\/mouldking.store\/wp-content\/uploads\/2022\/11\/CENZELON-5708-Mammothus-Primigenius-2-108x90.jpg 108w\" sizes=\"(max-width: 1024px) 100vw, 1024px\" \/><figcaption id=\"caption-attachment-36795\" class=\"wp-caption-text\">CENZELON 5708 Mammothus Primigenius<\/figcaption><\/figure>\n<figure id=\"attachment_36796\" aria-describedby=\"caption-attachment-36796\" style=\"width: 744px\" class=\"wp-caption aligncenter\"><img decoding=\"async\" class=\"wp-image-36796 size-full\" src=\"https:\/\/mouldking.store\/wp-content\/uploads\/2022\/11\/CENZELON-5708-Mammothus-Primigenius-3.jpg\" alt=\"CENZELON 5708 Mammothus Primigenius\" width=\"744\" height=\"744\" title=\"-\" srcset=\"https:\/\/mouldking.store\/wp-content\/uploads\/2022\/11\/CENZELON-5708-Mammothus-Primigenius-3.jpg 744w, https:\/\/mouldking.store\/wp-content\/uploads\/2022\/11\/CENZELON-5708-Mammothus-Primigenius-3-300x300.jpg 300w, https:\/\/mouldking.store\/wp-content\/uploads\/2022\/11\/CENZELON-5708-Mammothus-Primigenius-3-600x600.jpg 600w, https:\/\/mouldking.store\/wp-content\/uploads\/2022\/11\/CENZELON-5708-Mammothus-Primigenius-3-150x150.jpg 150w, https:\/\/mouldking.store\/wp-content\/uploads\/2022\/11\/CENZELON-5708-Mammothus-Primigenius-3-60x60.jpg 60w, https:\/\/mouldking.store\/wp-content\/uploads\/2022\/11\/CENZELON-5708-Mammothus-Primigenius-3-90x90.jpg 90w\" sizes=\"(max-width: 744px) 100vw, 744px\" \/><figcaption id=\"caption-attachment-36796\" class=\"wp-caption-text\">CENZELON 5708 Mammothus Primigenius<\/figcaption><\/figure>\n<figure id=\"attachment_36797\" aria-describedby=\"caption-attachment-36797\" style=\"width: 896px\" class=\"wp-caption aligncenter\"><img loading=\"lazy\" decoding=\"async\" class=\"wp-image-36797 size-full\" src=\"https:\/\/mouldking.store\/wp-content\/uploads\/2022\/11\/CENZELON-5708-Mammothus-Primigenius-1.jpg\" alt=\"CENZELON 5708 Mammothus Primigenius\" width=\"896\" height=\"1024\" title=\"-\" srcset=\"https:\/\/mouldking.store\/wp-content\/uploads\/2022\/11\/CENZELON-5708-Mammothus-Primigenius-1.jpg 896w, https:\/\/mouldking.store\/wp-content\/uploads\/2022\/11\/CENZELON-5708-Mammothus-Primigenius-1-263x300.jpg 263w, https:\/\/mouldking.store\/wp-content\/uploads\/2022\/11\/CENZELON-5708-Mammothus-Primigenius-1-768x878.jpg 768w, https:\/\/mouldking.store\/wp-content\/uploads\/2022\/11\/CENZELON-5708-Mammothus-Primigenius-1-300x343.jpg 300w, https:\/\/mouldking.store\/wp-content\/uploads\/2022\/11\/CENZELON-5708-Mammothus-Primigenius-1-600x686.jpg 600w, https:\/\/mouldking.store\/wp-content\/uploads\/2022\/11\/CENZELON-5708-Mammothus-Primigenius-1-131x150.jpg 131w, https:\/\/mouldking.store\/wp-content\/uploads\/2022\/11\/CENZELON-5708-Mammothus-Primigenius-1-53x60.jpg 53w, https:\/\/mouldking.store\/wp-content\/uploads\/2022\/11\/CENZELON-5708-Mammothus-Primigenius-1-79x90.jpg 79w\" sizes=\"(max-width: 896px) 100vw, 896px\" \/><figcaption id=\"caption-attachment-36797\" class=\"wp-caption-text\">CENZELON 5708 Mammothus Primigenius<\/figcaption><\/figure>","protected":false},"excerpt":{"rendered":"<p>Product information: Brand: CENZELON Gender: Unisex Name: Mammothus Primigenius Age Range: &gt; 6 years old Model Number: 5708 Classification: Assemblage Plastic Block Shape: Self-Locking Bricks Material: Plastic Plastic Type: ABS Contains detailed assembly instructions. Notice: 1. Without an original box, but we guarantee our products have quality assurance and nice packaging. 2. As all the [&hellip;]<\/p>","protected":false},"featured_media":36793,"comment_status":"closed","ping_status":"closed","template":"","meta":{"_acf_changed":false},"product_cat":[1365],"product_tag":[8547,8543,8551,8546,8548,8550,8549],"class_list":["product","first","instock","shipping-taxable","purchasable","product-type-simple"],"acf":[],"_links":{"self":[{"href":"https:\/\/mouldking.store\/nb\/wp-json\/wp\/v2\/product\/36792","targetHints":{"allow":["GET"]}}],"collection":[{"href":"https:\/\/mouldking.store\/nb\/wp-json\/wp\/v2\/product"}],"about":[{"href":"https:\/\/mouldking.store\/nb\/wp-json\/wp\/v2\/types\/product"}],"replies":[{"embeddable":true,"href":"https:\/\/mouldking.store\/nb\/wp-json\/wp\/v2\/comments?post=36792"}],"wp:featuredmedia":[{"embeddable":true,"href":"https:\/\/mouldking.store\/nb\/wp-json\/wp\/v2\/media\/36793"}],"wp:attachment":[{"href":"https:\/\/mouldking.store\/nb\/wp-json\/wp\/v2\/media?parent=36792"}],"wp:term":[{"taxonomy":"product_cat","embeddable":true,"href":"https:\/\/mouldking.store\/nb\/wp-json\/wp\/v2\/product_cat?post=36792"},{"taxonomy":"product_tag","embeddable":true,"href":"https:\/\/mouldking.store\/nb\/wp-json\/wp\/v2\/product_tag?post=36792"}],"curies":[{"name":"wp","href":"https:\/\/api.w.org\/{rel}","templated":true}]}}