{"id":36798,"date":"2022-11-28T16:03:03","date_gmt":"2022-11-28T09:03:03","guid":{"rendered":"https:\/\/mouldking.store\/?post_type=product&#038;p=36798"},"modified":"2022-11-28T16:03:03","modified_gmt":"2022-11-28T09:03:03","slug":"cenzelon-5706-mosasaur","status":"publish","type":"product","link":"https:\/\/mouldking.store\/nb\/shop\/cenzelon-5706-mosasaur\/","title":{"rendered":"CENZELON 5706 Mosasaur"},"content":{"rendered":"<p>Produktinformasjon:<\/p>\n<ol>\n<li>Merke: CENZELON<\/li>\n<li>Kj\u00f8nn: Unisex<\/li>\n<li>Name: Mosasaur<\/li>\n<li>Aldersgruppe: &gt; 6 \u00e5r gammel<\/li>\n<li>Model Number: 5706<\/li>\n<li>Klassifisering: Montering<\/li>\n<li>Plastblokkform: Selvl\u00e5sende murstein<\/li>\n<li>Materiale: Plast<\/li>\n<li>Plasttype: ABS<\/li>\n<li>Size: 35 x 11.5 x 10 cm<\/li>\n<li>Inneholder detaljerte monteringsanvisninger.<\/li>\n<\/ol>\n<p>Legge merke til:<br \/>\n1. Uten original eske, men vi garanterer at v\u00e5re produkter har kvalitetssikring og pen emballasje.<br \/>\n2. Som alle delene vi har sjekket f\u00f8r frakt, s\u00e5 hvis du finner noen deler savnet eller skadet, ikke bekymre deg og bare kontakt oss, s\u00e5 kan vi sende dem til deg p\u00e5 nytt umiddelbart gratis.<\/p>\n<figure id=\"attachment_36799\" aria-describedby=\"caption-attachment-36799\" style=\"width: 800px\" class=\"wp-caption aligncenter\"><img fetchpriority=\"high\" decoding=\"async\" class=\"wp-image-36799 size-full\" src=\"https:\/\/mouldking.store\/wp-content\/uploads\/2022\/11\/CENZELON-5706-Mosasaur-4.jpg\" alt=\"CENZELON 5706 Mosasaur \" width=\"800\" height=\"800\" title=\"-\" srcset=\"https:\/\/mouldking.store\/wp-content\/uploads\/2022\/11\/CENZELON-5706-Mosasaur-4.jpg 800w, https:\/\/mouldking.store\/wp-content\/uploads\/2022\/11\/CENZELON-5706-Mosasaur-4-300x300.jpg 300w, https:\/\/mouldking.store\/wp-content\/uploads\/2022\/11\/CENZELON-5706-Mosasaur-4-768x768.jpg 768w, https:\/\/mouldking.store\/wp-content\/uploads\/2022\/11\/CENZELON-5706-Mosasaur-4-600x600.jpg 600w, https:\/\/mouldking.store\/wp-content\/uploads\/2022\/11\/CENZELON-5706-Mosasaur-4-150x150.jpg 150w, https:\/\/mouldking.store\/wp-content\/uploads\/2022\/11\/CENZELON-5706-Mosasaur-4-60x60.jpg 60w, https:\/\/mouldking.store\/wp-content\/uploads\/2022\/11\/CENZELON-5706-Mosasaur-4-90x90.jpg 90w\" sizes=\"(max-width: 800px) 100vw, 800px\" \/><figcaption id=\"caption-attachment-36799\" class=\"wp-caption-text\">CENZELON 5706 Mosasaur<\/figcaption><\/figure>\n<figure id=\"attachment_36800\" aria-describedby=\"caption-attachment-36800\" style=\"width: 788px\" class=\"wp-caption aligncenter\"><img decoding=\"async\" class=\"wp-image-36800 size-full\" src=\"https:\/\/mouldking.store\/wp-content\/uploads\/2022\/11\/CENZELON-5706-Mosasaur-3.jpg\" alt=\"CENZELON 5706 Mosasaur \" width=\"788\" height=\"788\" title=\"-\" srcset=\"https:\/\/mouldking.store\/wp-content\/uploads\/2022\/11\/CENZELON-5706-Mosasaur-3.jpg 788w, https:\/\/mouldking.store\/wp-content\/uploads\/2022\/11\/CENZELON-5706-Mosasaur-3-300x300.jpg 300w, https:\/\/mouldking.store\/wp-content\/uploads\/2022\/11\/CENZELON-5706-Mosasaur-3-768x768.jpg 768w, https:\/\/mouldking.store\/wp-content\/uploads\/2022\/11\/CENZELON-5706-Mosasaur-3-600x600.jpg 600w, https:\/\/mouldking.store\/wp-content\/uploads\/2022\/11\/CENZELON-5706-Mosasaur-3-150x150.jpg 150w, https:\/\/mouldking.store\/wp-content\/uploads\/2022\/11\/CENZELON-5706-Mosasaur-3-60x60.jpg 60w, https:\/\/mouldking.store\/wp-content\/uploads\/2022\/11\/CENZELON-5706-Mosasaur-3-90x90.jpg 90w\" sizes=\"(max-width: 788px) 100vw, 788px\" \/><figcaption id=\"caption-attachment-36800\" class=\"wp-caption-text\">CENZELON 5706 Mosasaur<\/figcaption><\/figure>\n<figure id=\"attachment_36801\" aria-describedby=\"caption-attachment-36801\" style=\"width: 947px\" class=\"wp-caption aligncenter\"><img decoding=\"async\" class=\"wp-image-36801 size-full\" src=\"https:\/\/mouldking.store\/wp-content\/uploads\/2022\/11\/CENZELON-5706-Mosasaur-2.jpg\" alt=\"CENZELON 5706 Mosasaur \" width=\"947\" height=\"1024\" title=\"-\" srcset=\"https:\/\/mouldking.store\/wp-content\/uploads\/2022\/11\/CENZELON-5706-Mosasaur-2.jpg 947w, https:\/\/mouldking.store\/wp-content\/uploads\/2022\/11\/CENZELON-5706-Mosasaur-2-277x300.jpg 277w, https:\/\/mouldking.store\/wp-content\/uploads\/2022\/11\/CENZELON-5706-Mosasaur-2-768x830.jpg 768w, https:\/\/mouldking.store\/wp-content\/uploads\/2022\/11\/CENZELON-5706-Mosasaur-2-300x324.jpg 300w, https:\/\/mouldking.store\/wp-content\/uploads\/2022\/11\/CENZELON-5706-Mosasaur-2-600x649.jpg 600w, https:\/\/mouldking.store\/wp-content\/uploads\/2022\/11\/CENZELON-5706-Mosasaur-2-139x150.jpg 139w, https:\/\/mouldking.store\/wp-content\/uploads\/2022\/11\/CENZELON-5706-Mosasaur-2-55x60.jpg 55w, https:\/\/mouldking.store\/wp-content\/uploads\/2022\/11\/CENZELON-5706-Mosasaur-2-83x90.jpg 83w\" sizes=\"(max-width: 947px) 100vw, 947px\" \/><figcaption id=\"caption-attachment-36801\" class=\"wp-caption-text\">CENZELON 5706 Mosasaur<\/figcaption><\/figure>\n<figure id=\"attachment_36802\" aria-describedby=\"caption-attachment-36802\" style=\"width: 784px\" class=\"wp-caption aligncenter\"><img loading=\"lazy\" decoding=\"async\" class=\"wp-image-36802 size-full\" src=\"https:\/\/mouldking.store\/wp-content\/uploads\/2022\/11\/CENZELON-5706-Mosasaur-1.jpg\" alt=\"CENZELON 5706 Mosasaur \" width=\"784\" height=\"924\" title=\"-\" srcset=\"https:\/\/mouldking.store\/wp-content\/uploads\/2022\/11\/CENZELON-5706-Mosasaur-1.jpg 784w, https:\/\/mouldking.store\/wp-content\/uploads\/2022\/11\/CENZELON-5706-Mosasaur-1-255x300.jpg 255w, https:\/\/mouldking.store\/wp-content\/uploads\/2022\/11\/CENZELON-5706-Mosasaur-1-768x905.jpg 768w, https:\/\/mouldking.store\/wp-content\/uploads\/2022\/11\/CENZELON-5706-Mosasaur-1-300x354.jpg 300w, https:\/\/mouldking.store\/wp-content\/uploads\/2022\/11\/CENZELON-5706-Mosasaur-1-600x707.jpg 600w, https:\/\/mouldking.store\/wp-content\/uploads\/2022\/11\/CENZELON-5706-Mosasaur-1-127x150.jpg 127w, https:\/\/mouldking.store\/wp-content\/uploads\/2022\/11\/CENZELON-5706-Mosasaur-1-51x60.jpg 51w, https:\/\/mouldking.store\/wp-content\/uploads\/2022\/11\/CENZELON-5706-Mosasaur-1-76x90.jpg 76w\" sizes=\"(max-width: 784px) 100vw, 784px\" \/><figcaption id=\"caption-attachment-36802\" class=\"wp-caption-text\">CENZELON 5706 Mosasaur<\/figcaption><\/figure>","protected":false},"excerpt":{"rendered":"<p>Product information: Brand: CENZELON Gender: Unisex Name: Mosasaur Age Range: &gt; 6 years old Model Number: 5706 Classification: Assemblage Plastic Block Shape: Self-Locking Bricks Material: Plastic Plastic Type: ABS Size: 35 x 11.5 x 10 cm Contains detailed assembly instructions. Notice: 1. Without an original box, but we guarantee our products have quality assurance and [&hellip;]<\/p>","protected":false},"featured_media":36799,"comment_status":"closed","ping_status":"closed","template":"","meta":{"_acf_changed":false},"product_cat":[1365],"product_tag":[8553,8543,8555,8552,8554],"class_list":["product","first","instock","shipping-taxable","purchasable","product-type-simple"],"acf":[],"_links":{"self":[{"href":"https:\/\/mouldking.store\/nb\/wp-json\/wp\/v2\/product\/36798","targetHints":{"allow":["GET"]}}],"collection":[{"href":"https:\/\/mouldking.store\/nb\/wp-json\/wp\/v2\/product"}],"about":[{"href":"https:\/\/mouldking.store\/nb\/wp-json\/wp\/v2\/types\/product"}],"replies":[{"embeddable":true,"href":"https:\/\/mouldking.store\/nb\/wp-json\/wp\/v2\/comments?post=36798"}],"wp:featuredmedia":[{"embeddable":true,"href":"https:\/\/mouldking.store\/nb\/wp-json\/wp\/v2\/media\/36799"}],"wp:attachment":[{"href":"https:\/\/mouldking.store\/nb\/wp-json\/wp\/v2\/media?parent=36798"}],"wp:term":[{"taxonomy":"product_cat","embeddable":true,"href":"https:\/\/mouldking.store\/nb\/wp-json\/wp\/v2\/product_cat?post=36798"},{"taxonomy":"product_tag","embeddable":true,"href":"https:\/\/mouldking.store\/nb\/wp-json\/wp\/v2\/product_tag?post=36798"}],"curies":[{"name":"wp","href":"https:\/\/api.w.org\/{rel}","templated":true}]}}