{"id":36803,"date":"2022-11-28T16:12:41","date_gmt":"2022-11-28T09:12:41","guid":{"rendered":"https:\/\/mouldking.store\/?post_type=product&#038;p=36803"},"modified":"2022-11-28T16:12:41","modified_gmt":"2022-11-28T09:12:41","slug":"cenzelon-5705-bayonet-parasaurolophus","status":"publish","type":"product","link":"https:\/\/mouldking.store\/nb\/shop\/cenzelon-5705-bayonet-parasaurolophus\/","title":{"rendered":"CENZELON 5705 Bajonett Parasaurolophus"},"content":{"rendered":"<p>Produktinformasjon:<\/p>\n<ol>\n<li>Merke: CENZELON<\/li>\n<li>Kj\u00f8nn: Unisex<\/li>\n<li>Navn: Bajonett Parasaurolophus<\/li>\n<li>Aldersgruppe: &gt; 6 \u00e5r gammel<\/li>\n<li>Modellnummer: 5705<\/li>\n<li>Klassifisering: Montering<\/li>\n<li>Plastblokkform: Selvl\u00e5sende murstein<\/li>\n<li>Materiale: Plast<\/li>\n<li>Plasttype: ABS<\/li>\n<li>St\u00f8rrelse: 8,5 x 18 x 14 cm<\/li>\n<li>Inneholder detaljerte monteringsanvisninger.<\/li>\n<\/ol>\n<p>Legge merke til:<br \/>\n1. Uten original eske, men vi garanterer at v\u00e5re produkter har kvalitetssikring og pen emballasje.<br \/>\n2. Som alle delene vi har sjekket f\u00f8r frakt, s\u00e5 hvis du finner noen deler savnet eller skadet, ikke bekymre deg og bare kontakt oss, s\u00e5 kan vi sende dem til deg p\u00e5 nytt umiddelbart gratis.<\/p>\n<figure id=\"attachment_36804\" aria-describedby=\"caption-attachment-36804\" style=\"width: 800px\" class=\"wp-caption aligncenter\"><img fetchpriority=\"high\" decoding=\"async\" class=\"wp-image-36804 size-full\" src=\"https:\/\/mouldking.store\/wp-content\/uploads\/2022\/11\/CENZELON-5705-Bayonet-Parasaurolophus-5.jpg\" alt=\"CENZELON 5705 Bayonet Parasaurolophus \" width=\"800\" height=\"800\" title=\"-\" srcset=\"https:\/\/mouldking.store\/wp-content\/uploads\/2022\/11\/CENZELON-5705-Bayonet-Parasaurolophus-5.jpg 800w, https:\/\/mouldking.store\/wp-content\/uploads\/2022\/11\/CENZELON-5705-Bayonet-Parasaurolophus-5-300x300.jpg 300w, https:\/\/mouldking.store\/wp-content\/uploads\/2022\/11\/CENZELON-5705-Bayonet-Parasaurolophus-5-768x768.jpg 768w, https:\/\/mouldking.store\/wp-content\/uploads\/2022\/11\/CENZELON-5705-Bayonet-Parasaurolophus-5-600x600.jpg 600w, https:\/\/mouldking.store\/wp-content\/uploads\/2022\/11\/CENZELON-5705-Bayonet-Parasaurolophus-5-150x150.jpg 150w, https:\/\/mouldking.store\/wp-content\/uploads\/2022\/11\/CENZELON-5705-Bayonet-Parasaurolophus-5-60x60.jpg 60w, https:\/\/mouldking.store\/wp-content\/uploads\/2022\/11\/CENZELON-5705-Bayonet-Parasaurolophus-5-90x90.jpg 90w\" sizes=\"(max-width: 800px) 100vw, 800px\" \/><figcaption id=\"caption-attachment-36804\" class=\"wp-caption-text\">CENZELON 5705 Bajonett Parasaurolophus<\/figcaption><\/figure>\n<figure id=\"attachment_36805\" aria-describedby=\"caption-attachment-36805\" style=\"width: 788px\" class=\"wp-caption aligncenter\"><img decoding=\"async\" class=\"wp-image-36805 size-full\" src=\"https:\/\/mouldking.store\/wp-content\/uploads\/2022\/11\/CENZELON-5705-Bayonet-Parasaurolophus-4.jpg\" alt=\"CENZELON 5705 Bayonet Parasaurolophus \" width=\"788\" height=\"788\" title=\"-\" srcset=\"https:\/\/mouldking.store\/wp-content\/uploads\/2022\/11\/CENZELON-5705-Bayonet-Parasaurolophus-4.jpg 788w, https:\/\/mouldking.store\/wp-content\/uploads\/2022\/11\/CENZELON-5705-Bayonet-Parasaurolophus-4-300x300.jpg 300w, https:\/\/mouldking.store\/wp-content\/uploads\/2022\/11\/CENZELON-5705-Bayonet-Parasaurolophus-4-768x768.jpg 768w, https:\/\/mouldking.store\/wp-content\/uploads\/2022\/11\/CENZELON-5705-Bayonet-Parasaurolophus-4-600x600.jpg 600w, https:\/\/mouldking.store\/wp-content\/uploads\/2022\/11\/CENZELON-5705-Bayonet-Parasaurolophus-4-150x150.jpg 150w, https:\/\/mouldking.store\/wp-content\/uploads\/2022\/11\/CENZELON-5705-Bayonet-Parasaurolophus-4-60x60.jpg 60w, https:\/\/mouldking.store\/wp-content\/uploads\/2022\/11\/CENZELON-5705-Bayonet-Parasaurolophus-4-90x90.jpg 90w\" sizes=\"(max-width: 788px) 100vw, 788px\" \/><figcaption id=\"caption-attachment-36805\" class=\"wp-caption-text\">CENZELON 5705 Bajonett Parasaurolophus<\/figcaption><\/figure>\n<figure id=\"attachment_36806\" aria-describedby=\"caption-attachment-36806\" style=\"width: 788px\" class=\"wp-caption aligncenter\"><img decoding=\"async\" class=\"wp-image-36806 size-full\" src=\"https:\/\/mouldking.store\/wp-content\/uploads\/2022\/11\/CENZELON-5705-Bayonet-Parasaurolophus-3.jpg\" alt=\"CENZELON 5705 Bayonet Parasaurolophus \" width=\"788\" height=\"812\" title=\"-\" srcset=\"https:\/\/mouldking.store\/wp-content\/uploads\/2022\/11\/CENZELON-5705-Bayonet-Parasaurolophus-3.jpg 788w, https:\/\/mouldking.store\/wp-content\/uploads\/2022\/11\/CENZELON-5705-Bayonet-Parasaurolophus-3-291x300.jpg 291w, https:\/\/mouldking.store\/wp-content\/uploads\/2022\/11\/CENZELON-5705-Bayonet-Parasaurolophus-3-768x791.jpg 768w, https:\/\/mouldking.store\/wp-content\/uploads\/2022\/11\/CENZELON-5705-Bayonet-Parasaurolophus-3-300x309.jpg 300w, https:\/\/mouldking.store\/wp-content\/uploads\/2022\/11\/CENZELON-5705-Bayonet-Parasaurolophus-3-600x618.jpg 600w, https:\/\/mouldking.store\/wp-content\/uploads\/2022\/11\/CENZELON-5705-Bayonet-Parasaurolophus-3-146x150.jpg 146w, https:\/\/mouldking.store\/wp-content\/uploads\/2022\/11\/CENZELON-5705-Bayonet-Parasaurolophus-3-58x60.jpg 58w, https:\/\/mouldking.store\/wp-content\/uploads\/2022\/11\/CENZELON-5705-Bayonet-Parasaurolophus-3-87x90.jpg 87w\" sizes=\"(max-width: 788px) 100vw, 788px\" \/><figcaption id=\"caption-attachment-36806\" class=\"wp-caption-text\">CENZELON 5705 Bajonett Parasaurolophus<\/figcaption><\/figure>\n<figure id=\"attachment_36807\" aria-describedby=\"caption-attachment-36807\" style=\"width: 790px\" class=\"wp-caption aligncenter\"><img loading=\"lazy\" decoding=\"async\" class=\"wp-image-36807 size-full\" src=\"https:\/\/mouldking.store\/wp-content\/uploads\/2022\/11\/CENZELON-5705-Bayonet-Parasaurolophus-2.jpg\" alt=\"CENZELON 5705 Bayonet Parasaurolophus \" width=\"790\" height=\"1003\" title=\"-\" srcset=\"https:\/\/mouldking.store\/wp-content\/uploads\/2022\/11\/CENZELON-5705-Bayonet-Parasaurolophus-2.jpg 790w, https:\/\/mouldking.store\/wp-content\/uploads\/2022\/11\/CENZELON-5705-Bayonet-Parasaurolophus-2-236x300.jpg 236w, https:\/\/mouldking.store\/wp-content\/uploads\/2022\/11\/CENZELON-5705-Bayonet-Parasaurolophus-2-768x975.jpg 768w, https:\/\/mouldking.store\/wp-content\/uploads\/2022\/11\/CENZELON-5705-Bayonet-Parasaurolophus-2-300x381.jpg 300w, https:\/\/mouldking.store\/wp-content\/uploads\/2022\/11\/CENZELON-5705-Bayonet-Parasaurolophus-2-600x762.jpg 600w, https:\/\/mouldking.store\/wp-content\/uploads\/2022\/11\/CENZELON-5705-Bayonet-Parasaurolophus-2-118x150.jpg 118w, https:\/\/mouldking.store\/wp-content\/uploads\/2022\/11\/CENZELON-5705-Bayonet-Parasaurolophus-2-47x60.jpg 47w, https:\/\/mouldking.store\/wp-content\/uploads\/2022\/11\/CENZELON-5705-Bayonet-Parasaurolophus-2-71x90.jpg 71w\" sizes=\"(max-width: 790px) 100vw, 790px\" \/><figcaption id=\"caption-attachment-36807\" class=\"wp-caption-text\">CENZELON 5705 Bajonett Parasaurolophus<\/figcaption><\/figure>\n<figure id=\"attachment_36808\" aria-describedby=\"caption-attachment-36808\" style=\"width: 800px\" class=\"wp-caption aligncenter\"><img loading=\"lazy\" decoding=\"async\" class=\"wp-image-36808 size-full\" src=\"https:\/\/mouldking.store\/wp-content\/uploads\/2022\/11\/CENZELON-5705-Bayonet-Parasaurolophus-1.jpg\" alt=\"CENZELON 5705 Bayonet Parasaurolophus \" width=\"800\" height=\"800\" title=\"-\" srcset=\"https:\/\/mouldking.store\/wp-content\/uploads\/2022\/11\/CENZELON-5705-Bayonet-Parasaurolophus-1.jpg 800w, https:\/\/mouldking.store\/wp-content\/uploads\/2022\/11\/CENZELON-5705-Bayonet-Parasaurolophus-1-300x300.jpg 300w, https:\/\/mouldking.store\/wp-content\/uploads\/2022\/11\/CENZELON-5705-Bayonet-Parasaurolophus-1-768x768.jpg 768w, https:\/\/mouldking.store\/wp-content\/uploads\/2022\/11\/CENZELON-5705-Bayonet-Parasaurolophus-1-600x600.jpg 600w, https:\/\/mouldking.store\/wp-content\/uploads\/2022\/11\/CENZELON-5705-Bayonet-Parasaurolophus-1-150x150.jpg 150w, https:\/\/mouldking.store\/wp-content\/uploads\/2022\/11\/CENZELON-5705-Bayonet-Parasaurolophus-1-60x60.jpg 60w, https:\/\/mouldking.store\/wp-content\/uploads\/2022\/11\/CENZELON-5705-Bayonet-Parasaurolophus-1-90x90.jpg 90w\" sizes=\"(max-width: 800px) 100vw, 800px\" \/><figcaption id=\"caption-attachment-36808\" class=\"wp-caption-text\">CENZELON 5705 Bajonett Parasaurolophus<\/figcaption><\/figure>","protected":false},"excerpt":{"rendered":"<p>Product information: Brand: CENZELON Gender: Unisex Name: Bayonet Parasaurolophus Age Range: &gt; 6 years old Model Number: 5705 Classification: Assemblage Plastic Block Shape: Self-Locking Bricks Material: Plastic Plastic Type: ABS Size: \u00a08.5 x 18 x 14 cm Contains detailed assembly instructions. Notice: 1. Without an original box, but we guarantee our products have quality assurance [&hellip;]<\/p>","protected":false},"author":1145,"featured_media":36804,"comment_status":"closed","ping_status":"closed","template":"","meta":{"_acf_changed":false},"product_cat":[1365],"product_tag":[8557,8558,8561,8543,8560,8556,8559],"class_list":["product","first","instock","shipping-taxable","purchasable","product-type-simple"],"acf":[],"_links":{"self":[{"href":"https:\/\/mouldking.store\/nb\/wp-json\/wp\/v2\/product\/36803","targetHints":{"allow":["GET"]}}],"collection":[{"href":"https:\/\/mouldking.store\/nb\/wp-json\/wp\/v2\/product"}],"about":[{"href":"https:\/\/mouldking.store\/nb\/wp-json\/wp\/v2\/types\/product"}],"author":[{"embeddable":true,"href":"https:\/\/mouldking.store\/nb\/wp-json\/wp\/v2\/users\/1145"}],"replies":[{"embeddable":true,"href":"https:\/\/mouldking.store\/nb\/wp-json\/wp\/v2\/comments?post=36803"}],"wp:featuredmedia":[{"embeddable":true,"href":"https:\/\/mouldking.store\/nb\/wp-json\/wp\/v2\/media\/36804"}],"wp:attachment":[{"href":"https:\/\/mouldking.store\/nb\/wp-json\/wp\/v2\/media?parent=36803"}],"wp:term":[{"taxonomy":"product_cat","embeddable":true,"href":"https:\/\/mouldking.store\/nb\/wp-json\/wp\/v2\/product_cat?post=36803"},{"taxonomy":"product_tag","embeddable":true,"href":"https:\/\/mouldking.store\/nb\/wp-json\/wp\/v2\/product_tag?post=36803"}],"curies":[{"name":"wp","href":"https:\/\/api.w.org\/{rel}","templated":true}]}}