{"id":36809,"date":"2022-11-28T16:25:35","date_gmt":"2022-11-28T09:25:35","guid":{"rendered":"https:\/\/mouldking.store\/?post_type=product&#038;p=36809"},"modified":"2022-11-28T16:25:35","modified_gmt":"2022-11-28T09:25:35","slug":"cenzelon-5701-sword-suit-tyrannosaurus-rex","status":"publish","type":"product","link":"https:\/\/mouldking.store\/nb\/shop\/cenzelon-5701-sword-suit-tyrannosaurus-rex\/","title":{"rendered":"CENZELON 5701 Sverddrakt Tyrannosaurus Rex"},"content":{"rendered":"<p>Produktinformasjon:<\/p>\n<ol>\n<li>Merke: CENZELON<\/li>\n<li>Kj\u00f8nn: Unisex<\/li>\n<li>Name: Sword Suit Tyrannosaurus Rex<\/li>\n<li>Aldersgruppe: &gt; 6 \u00e5r gammel<\/li>\n<li>Model Number: 5701<\/li>\n<li>Klassifisering: Montering<\/li>\n<li>Plastblokkform: Selvl\u00e5sende murstein<\/li>\n<li>Materiale: Plast<\/li>\n<li>Plasttype: ABS<\/li>\n<li>Inneholder detaljerte monteringsanvisninger.<\/li>\n<\/ol>\n<p>Legge merke til:<br \/>\n1. Uten original eske, men vi garanterer at v\u00e5re produkter har kvalitetssikring og pen emballasje.<br \/>\n2. Som alle delene vi har sjekket f\u00f8r frakt, s\u00e5 hvis du finner noen deler savnet eller skadet, ikke bekymre deg og bare kontakt oss, s\u00e5 kan vi sende dem til deg p\u00e5 nytt umiddelbart gratis.<\/p>\n<figure id=\"attachment_36810\" aria-describedby=\"caption-attachment-36810\" style=\"width: 800px\" class=\"wp-caption aligncenter\"><img fetchpriority=\"high\" decoding=\"async\" class=\"wp-image-36810 size-full\" src=\"https:\/\/mouldking.store\/wp-content\/uploads\/2022\/11\/CENZELON-5701-Sword-Suit-Tyrannosaurus-Rex-10.jpg\" alt=\"CENZELON 5701 Sword Suit Tyrannosaurus Rex \" width=\"800\" height=\"800\" title=\"-\" srcset=\"https:\/\/mouldking.store\/wp-content\/uploads\/2022\/11\/CENZELON-5701-Sword-Suit-Tyrannosaurus-Rex-10.jpg 800w, https:\/\/mouldking.store\/wp-content\/uploads\/2022\/11\/CENZELON-5701-Sword-Suit-Tyrannosaurus-Rex-10-300x300.jpg 300w, https:\/\/mouldking.store\/wp-content\/uploads\/2022\/11\/CENZELON-5701-Sword-Suit-Tyrannosaurus-Rex-10-768x768.jpg 768w, https:\/\/mouldking.store\/wp-content\/uploads\/2022\/11\/CENZELON-5701-Sword-Suit-Tyrannosaurus-Rex-10-600x600.jpg 600w, https:\/\/mouldking.store\/wp-content\/uploads\/2022\/11\/CENZELON-5701-Sword-Suit-Tyrannosaurus-Rex-10-150x150.jpg 150w, https:\/\/mouldking.store\/wp-content\/uploads\/2022\/11\/CENZELON-5701-Sword-Suit-Tyrannosaurus-Rex-10-60x60.jpg 60w, https:\/\/mouldking.store\/wp-content\/uploads\/2022\/11\/CENZELON-5701-Sword-Suit-Tyrannosaurus-Rex-10-90x90.jpg 90w\" sizes=\"(max-width: 800px) 100vw, 800px\" \/><figcaption id=\"caption-attachment-36810\" class=\"wp-caption-text\">CENZELON 5701 Sverddrakt Tyrannosaurus Rex<\/figcaption><\/figure>\n<figure id=\"attachment_36811\" aria-describedby=\"caption-attachment-36811\" style=\"width: 750px\" class=\"wp-caption aligncenter\"><img decoding=\"async\" class=\"wp-image-36811 size-full\" src=\"https:\/\/mouldking.store\/wp-content\/uploads\/2022\/11\/CENZELON-5701-Sword-Suit-Tyrannosaurus-Rex-9.jpg\" alt=\"CENZELON 5701 Sword Suit Tyrannosaurus Rex \" width=\"750\" height=\"1000\" title=\"-\" srcset=\"https:\/\/mouldking.store\/wp-content\/uploads\/2022\/11\/CENZELON-5701-Sword-Suit-Tyrannosaurus-Rex-9.jpg 750w, https:\/\/mouldking.store\/wp-content\/uploads\/2022\/11\/CENZELON-5701-Sword-Suit-Tyrannosaurus-Rex-9-225x300.jpg 225w, https:\/\/mouldking.store\/wp-content\/uploads\/2022\/11\/CENZELON-5701-Sword-Suit-Tyrannosaurus-Rex-9-300x400.jpg 300w, https:\/\/mouldking.store\/wp-content\/uploads\/2022\/11\/CENZELON-5701-Sword-Suit-Tyrannosaurus-Rex-9-600x800.jpg 600w, https:\/\/mouldking.store\/wp-content\/uploads\/2022\/11\/CENZELON-5701-Sword-Suit-Tyrannosaurus-Rex-9-113x150.jpg 113w, https:\/\/mouldking.store\/wp-content\/uploads\/2022\/11\/CENZELON-5701-Sword-Suit-Tyrannosaurus-Rex-9-45x60.jpg 45w, https:\/\/mouldking.store\/wp-content\/uploads\/2022\/11\/CENZELON-5701-Sword-Suit-Tyrannosaurus-Rex-9-68x90.jpg 68w\" sizes=\"(max-width: 750px) 100vw, 750px\" \/><figcaption id=\"caption-attachment-36811\" class=\"wp-caption-text\">CENZELON 5701 Sverddrakt Tyrannosaurus Rex<\/figcaption><\/figure>\n<figure id=\"attachment_36812\" aria-describedby=\"caption-attachment-36812\" style=\"width: 750px\" class=\"wp-caption aligncenter\"><img decoding=\"async\" class=\"wp-image-36812 size-full\" src=\"https:\/\/mouldking.store\/wp-content\/uploads\/2022\/11\/CENZELON-5701-Sword-Suit-Tyrannosaurus-Rex-8.jpg\" alt=\"CENZELON 5701 Sword Suit Tyrannosaurus Rex \" width=\"750\" height=\"1000\" title=\"-\" srcset=\"https:\/\/mouldking.store\/wp-content\/uploads\/2022\/11\/CENZELON-5701-Sword-Suit-Tyrannosaurus-Rex-8.jpg 750w, https:\/\/mouldking.store\/wp-content\/uploads\/2022\/11\/CENZELON-5701-Sword-Suit-Tyrannosaurus-Rex-8-225x300.jpg 225w, https:\/\/mouldking.store\/wp-content\/uploads\/2022\/11\/CENZELON-5701-Sword-Suit-Tyrannosaurus-Rex-8-300x400.jpg 300w, https:\/\/mouldking.store\/wp-content\/uploads\/2022\/11\/CENZELON-5701-Sword-Suit-Tyrannosaurus-Rex-8-600x800.jpg 600w, https:\/\/mouldking.store\/wp-content\/uploads\/2022\/11\/CENZELON-5701-Sword-Suit-Tyrannosaurus-Rex-8-113x150.jpg 113w, https:\/\/mouldking.store\/wp-content\/uploads\/2022\/11\/CENZELON-5701-Sword-Suit-Tyrannosaurus-Rex-8-45x60.jpg 45w, https:\/\/mouldking.store\/wp-content\/uploads\/2022\/11\/CENZELON-5701-Sword-Suit-Tyrannosaurus-Rex-8-68x90.jpg 68w\" sizes=\"(max-width: 750px) 100vw, 750px\" \/><figcaption id=\"caption-attachment-36812\" class=\"wp-caption-text\">CENZELON 5701 Sverddrakt Tyrannosaurus Rex<\/figcaption><\/figure>\n<figure id=\"attachment_36813\" aria-describedby=\"caption-attachment-36813\" style=\"width: 750px\" class=\"wp-caption aligncenter\"><img loading=\"lazy\" decoding=\"async\" class=\"wp-image-36813 size-full\" src=\"https:\/\/mouldking.store\/wp-content\/uploads\/2022\/11\/CENZELON-5701-Sword-Suit-Tyrannosaurus-Rex-7.jpg\" alt=\"CENZELON 5701 Sword Suit Tyrannosaurus Rex \" width=\"750\" height=\"1000\" title=\"-\" srcset=\"https:\/\/mouldking.store\/wp-content\/uploads\/2022\/11\/CENZELON-5701-Sword-Suit-Tyrannosaurus-Rex-7.jpg 750w, https:\/\/mouldking.store\/wp-content\/uploads\/2022\/11\/CENZELON-5701-Sword-Suit-Tyrannosaurus-Rex-7-225x300.jpg 225w, https:\/\/mouldking.store\/wp-content\/uploads\/2022\/11\/CENZELON-5701-Sword-Suit-Tyrannosaurus-Rex-7-300x400.jpg 300w, https:\/\/mouldking.store\/wp-content\/uploads\/2022\/11\/CENZELON-5701-Sword-Suit-Tyrannosaurus-Rex-7-600x800.jpg 600w, https:\/\/mouldking.store\/wp-content\/uploads\/2022\/11\/CENZELON-5701-Sword-Suit-Tyrannosaurus-Rex-7-113x150.jpg 113w, https:\/\/mouldking.store\/wp-content\/uploads\/2022\/11\/CENZELON-5701-Sword-Suit-Tyrannosaurus-Rex-7-45x60.jpg 45w, https:\/\/mouldking.store\/wp-content\/uploads\/2022\/11\/CENZELON-5701-Sword-Suit-Tyrannosaurus-Rex-7-68x90.jpg 68w\" sizes=\"(max-width: 750px) 100vw, 750px\" \/><figcaption id=\"caption-attachment-36813\" class=\"wp-caption-text\">CENZELON 5701 Sverddrakt Tyrannosaurus Rex<\/figcaption><\/figure>\n<figure id=\"attachment_36814\" aria-describedby=\"caption-attachment-36814\" style=\"width: 750px\" class=\"wp-caption aligncenter\"><img loading=\"lazy\" decoding=\"async\" class=\"wp-image-36814 size-full\" src=\"https:\/\/mouldking.store\/wp-content\/uploads\/2022\/11\/CENZELON-5701-Sword-Suit-Tyrannosaurus-Rex-6.jpg\" alt=\"CENZELON 5701 Sword Suit Tyrannosaurus Rex \" width=\"750\" height=\"750\" title=\"-\" srcset=\"https:\/\/mouldking.store\/wp-content\/uploads\/2022\/11\/CENZELON-5701-Sword-Suit-Tyrannosaurus-Rex-6.jpg 750w, https:\/\/mouldking.store\/wp-content\/uploads\/2022\/11\/CENZELON-5701-Sword-Suit-Tyrannosaurus-Rex-6-300x300.jpg 300w, https:\/\/mouldking.store\/wp-content\/uploads\/2022\/11\/CENZELON-5701-Sword-Suit-Tyrannosaurus-Rex-6-600x600.jpg 600w, https:\/\/mouldking.store\/wp-content\/uploads\/2022\/11\/CENZELON-5701-Sword-Suit-Tyrannosaurus-Rex-6-150x150.jpg 150w, https:\/\/mouldking.store\/wp-content\/uploads\/2022\/11\/CENZELON-5701-Sword-Suit-Tyrannosaurus-Rex-6-60x60.jpg 60w, https:\/\/mouldking.store\/wp-content\/uploads\/2022\/11\/CENZELON-5701-Sword-Suit-Tyrannosaurus-Rex-6-90x90.jpg 90w\" sizes=\"(max-width: 750px) 100vw, 750px\" \/><figcaption id=\"caption-attachment-36814\" class=\"wp-caption-text\">CENZELON 5701 Sverddrakt Tyrannosaurus Rex<\/figcaption><\/figure>\n<figure id=\"attachment_36815\" aria-describedby=\"caption-attachment-36815\" style=\"width: 750px\" class=\"wp-caption aligncenter\"><img loading=\"lazy\" decoding=\"async\" class=\"wp-image-36815 size-full\" src=\"https:\/\/mouldking.store\/wp-content\/uploads\/2022\/11\/CENZELON-5701-Sword-Suit-Tyrannosaurus-Rex-5.jpg\" alt=\"CENZELON 5701 Sword Suit Tyrannosaurus Rex \" width=\"750\" height=\"1000\" title=\"-\" srcset=\"https:\/\/mouldking.store\/wp-content\/uploads\/2022\/11\/CENZELON-5701-Sword-Suit-Tyrannosaurus-Rex-5.jpg 750w, https:\/\/mouldking.store\/wp-content\/uploads\/2022\/11\/CENZELON-5701-Sword-Suit-Tyrannosaurus-Rex-5-225x300.jpg 225w, https:\/\/mouldking.store\/wp-content\/uploads\/2022\/11\/CENZELON-5701-Sword-Suit-Tyrannosaurus-Rex-5-300x400.jpg 300w, https:\/\/mouldking.store\/wp-content\/uploads\/2022\/11\/CENZELON-5701-Sword-Suit-Tyrannosaurus-Rex-5-600x800.jpg 600w, https:\/\/mouldking.store\/wp-content\/uploads\/2022\/11\/CENZELON-5701-Sword-Suit-Tyrannosaurus-Rex-5-113x150.jpg 113w, https:\/\/mouldking.store\/wp-content\/uploads\/2022\/11\/CENZELON-5701-Sword-Suit-Tyrannosaurus-Rex-5-45x60.jpg 45w, https:\/\/mouldking.store\/wp-content\/uploads\/2022\/11\/CENZELON-5701-Sword-Suit-Tyrannosaurus-Rex-5-68x90.jpg 68w\" sizes=\"(max-width: 750px) 100vw, 750px\" \/><figcaption id=\"caption-attachment-36815\" class=\"wp-caption-text\">CENZELON 5701 Sverddrakt Tyrannosaurus Rex<\/figcaption><\/figure>\n<figure id=\"attachment_36816\" aria-describedby=\"caption-attachment-36816\" style=\"width: 750px\" class=\"wp-caption aligncenter\"><img loading=\"lazy\" decoding=\"async\" class=\"wp-image-36816 size-full\" src=\"https:\/\/mouldking.store\/wp-content\/uploads\/2022\/11\/CENZELON-5701-Sword-Suit-Tyrannosaurus-Rex-4.jpg\" alt=\"CENZELON 5701 Sword Suit Tyrannosaurus Rex \" width=\"750\" height=\"1000\" title=\"-\" srcset=\"https:\/\/mouldking.store\/wp-content\/uploads\/2022\/11\/CENZELON-5701-Sword-Suit-Tyrannosaurus-Rex-4.jpg 750w, https:\/\/mouldking.store\/wp-content\/uploads\/2022\/11\/CENZELON-5701-Sword-Suit-Tyrannosaurus-Rex-4-225x300.jpg 225w, https:\/\/mouldking.store\/wp-content\/uploads\/2022\/11\/CENZELON-5701-Sword-Suit-Tyrannosaurus-Rex-4-300x400.jpg 300w, https:\/\/mouldking.store\/wp-content\/uploads\/2022\/11\/CENZELON-5701-Sword-Suit-Tyrannosaurus-Rex-4-600x800.jpg 600w, https:\/\/mouldking.store\/wp-content\/uploads\/2022\/11\/CENZELON-5701-Sword-Suit-Tyrannosaurus-Rex-4-113x150.jpg 113w, https:\/\/mouldking.store\/wp-content\/uploads\/2022\/11\/CENZELON-5701-Sword-Suit-Tyrannosaurus-Rex-4-45x60.jpg 45w, https:\/\/mouldking.store\/wp-content\/uploads\/2022\/11\/CENZELON-5701-Sword-Suit-Tyrannosaurus-Rex-4-68x90.jpg 68w\" sizes=\"(max-width: 750px) 100vw, 750px\" \/><figcaption id=\"caption-attachment-36816\" class=\"wp-caption-text\">CENZELON 5701 Sverddrakt Tyrannosaurus Rex<\/figcaption><\/figure>\n<figure id=\"attachment_36817\" aria-describedby=\"caption-attachment-36817\" style=\"width: 566px\" class=\"wp-caption aligncenter\"><img loading=\"lazy\" decoding=\"async\" class=\"wp-image-36817 size-full\" src=\"https:\/\/mouldking.store\/wp-content\/uploads\/2022\/11\/CENZELON-5701-Sword-Suit-Tyrannosaurus-Rex-3.jpg\" alt=\"CENZELON 5701 Sword Suit Tyrannosaurus Rex \" width=\"566\" height=\"1024\" title=\"-\" srcset=\"https:\/\/mouldking.store\/wp-content\/uploads\/2022\/11\/CENZELON-5701-Sword-Suit-Tyrannosaurus-Rex-3.jpg 566w, https:\/\/mouldking.store\/wp-content\/uploads\/2022\/11\/CENZELON-5701-Sword-Suit-Tyrannosaurus-Rex-3-166x300.jpg 166w, https:\/\/mouldking.store\/wp-content\/uploads\/2022\/11\/CENZELON-5701-Sword-Suit-Tyrannosaurus-Rex-3-300x543.jpg 300w, https:\/\/mouldking.store\/wp-content\/uploads\/2022\/11\/CENZELON-5701-Sword-Suit-Tyrannosaurus-Rex-3-83x150.jpg 83w, https:\/\/mouldking.store\/wp-content\/uploads\/2022\/11\/CENZELON-5701-Sword-Suit-Tyrannosaurus-Rex-3-33x60.jpg 33w, https:\/\/mouldking.store\/wp-content\/uploads\/2022\/11\/CENZELON-5701-Sword-Suit-Tyrannosaurus-Rex-3-50x90.jpg 50w\" sizes=\"(max-width: 566px) 100vw, 566px\" \/><figcaption id=\"caption-attachment-36817\" class=\"wp-caption-text\">CENZELON 5701 Sverddrakt Tyrannosaurus Rex<\/figcaption><\/figure>\n<figure id=\"attachment_36818\" aria-describedby=\"caption-attachment-36818\" style=\"width: 533px\" class=\"wp-caption aligncenter\"><img loading=\"lazy\" decoding=\"async\" class=\"wp-image-36818 size-full\" src=\"https:\/\/mouldking.store\/wp-content\/uploads\/2022\/11\/CENZELON-5701-Sword-Suit-Tyrannosaurus-Rex-2.jpg\" alt=\"CENZELON 5701 Sword Suit Tyrannosaurus Rex \" width=\"533\" height=\"1024\" title=\"-\" srcset=\"https:\/\/mouldking.store\/wp-content\/uploads\/2022\/11\/CENZELON-5701-Sword-Suit-Tyrannosaurus-Rex-2.jpg 533w, https:\/\/mouldking.store\/wp-content\/uploads\/2022\/11\/CENZELON-5701-Sword-Suit-Tyrannosaurus-Rex-2-156x300.jpg 156w, https:\/\/mouldking.store\/wp-content\/uploads\/2022\/11\/CENZELON-5701-Sword-Suit-Tyrannosaurus-Rex-2-300x576.jpg 300w, https:\/\/mouldking.store\/wp-content\/uploads\/2022\/11\/CENZELON-5701-Sword-Suit-Tyrannosaurus-Rex-2-78x150.jpg 78w, https:\/\/mouldking.store\/wp-content\/uploads\/2022\/11\/CENZELON-5701-Sword-Suit-Tyrannosaurus-Rex-2-31x60.jpg 31w, https:\/\/mouldking.store\/wp-content\/uploads\/2022\/11\/CENZELON-5701-Sword-Suit-Tyrannosaurus-Rex-2-47x90.jpg 47w\" sizes=\"(max-width: 533px) 100vw, 533px\" \/><figcaption id=\"caption-attachment-36818\" class=\"wp-caption-text\">CENZELON 5701 Sverddrakt Tyrannosaurus Rex<\/figcaption><\/figure>\n<figure id=\"attachment_36819\" aria-describedby=\"caption-attachment-36819\" style=\"width: 536px\" class=\"wp-caption aligncenter\"><img loading=\"lazy\" decoding=\"async\" class=\"wp-image-36819 size-full\" src=\"https:\/\/mouldking.store\/wp-content\/uploads\/2022\/11\/CENZELON-5701-Sword-Suit-Tyrannosaurus-Rex-1.jpg\" alt=\"CENZELON 5701 Sword Suit Tyrannosaurus Rex \" width=\"536\" height=\"1024\" title=\"-\" srcset=\"https:\/\/mouldking.store\/wp-content\/uploads\/2022\/11\/CENZELON-5701-Sword-Suit-Tyrannosaurus-Rex-1.jpg 536w, https:\/\/mouldking.store\/wp-content\/uploads\/2022\/11\/CENZELON-5701-Sword-Suit-Tyrannosaurus-Rex-1-157x300.jpg 157w, https:\/\/mouldking.store\/wp-content\/uploads\/2022\/11\/CENZELON-5701-Sword-Suit-Tyrannosaurus-Rex-1-300x573.jpg 300w, https:\/\/mouldking.store\/wp-content\/uploads\/2022\/11\/CENZELON-5701-Sword-Suit-Tyrannosaurus-Rex-1-79x150.jpg 79w, https:\/\/mouldking.store\/wp-content\/uploads\/2022\/11\/CENZELON-5701-Sword-Suit-Tyrannosaurus-Rex-1-31x60.jpg 31w, https:\/\/mouldking.store\/wp-content\/uploads\/2022\/11\/CENZELON-5701-Sword-Suit-Tyrannosaurus-Rex-1-47x90.jpg 47w\" sizes=\"(max-width: 536px) 100vw, 536px\" \/><figcaption id=\"caption-attachment-36819\" class=\"wp-caption-text\">CENZELON 5701 Sverddrakt Tyrannosaurus Rex<\/figcaption><\/figure>","protected":false},"excerpt":{"rendered":"<p>Product information: Brand: CENZELON Gender: Unisex Name: Sword Suit Tyrannosaurus Rex Age Range: &gt; 6 years old Model Number: 5701 Classification: Assemblage Plastic Block Shape: Self-Locking Bricks Material: Plastic Plastic Type: ABS Contains detailed assembly instructions. Notice: 1. Without an original box, but we guarantee our products have quality assurance and nice packaging. 2. As [&hellip;]<\/p>","protected":false},"author":1145,"featured_media":36810,"comment_status":"closed","ping_status":"closed","template":"","meta":{"_acf_changed":false},"product_cat":[1365],"product_tag":[8563,8543,8567,8562,8565,8564,2981,8566,8568,5185,5184],"class_list":["product","first","instock","shipping-taxable","purchasable","product-type-simple"],"acf":[],"_links":{"self":[{"href":"https:\/\/mouldking.store\/nb\/wp-json\/wp\/v2\/product\/36809","targetHints":{"allow":["GET"]}}],"collection":[{"href":"https:\/\/mouldking.store\/nb\/wp-json\/wp\/v2\/product"}],"about":[{"href":"https:\/\/mouldking.store\/nb\/wp-json\/wp\/v2\/types\/product"}],"author":[{"embeddable":true,"href":"https:\/\/mouldking.store\/nb\/wp-json\/wp\/v2\/users\/1145"}],"replies":[{"embeddable":true,"href":"https:\/\/mouldking.store\/nb\/wp-json\/wp\/v2\/comments?post=36809"}],"wp:featuredmedia":[{"embeddable":true,"href":"https:\/\/mouldking.store\/nb\/wp-json\/wp\/v2\/media\/36810"}],"wp:attachment":[{"href":"https:\/\/mouldking.store\/nb\/wp-json\/wp\/v2\/media?parent=36809"}],"wp:term":[{"taxonomy":"product_cat","embeddable":true,"href":"https:\/\/mouldking.store\/nb\/wp-json\/wp\/v2\/product_cat?post=36809"},{"taxonomy":"product_tag","embeddable":true,"href":"https:\/\/mouldking.store\/nb\/wp-json\/wp\/v2\/product_tag?post=36809"}],"curies":[{"name":"wp","href":"https:\/\/api.w.org\/{rel}","templated":true}]}}