{"id":36820,"date":"2022-11-28T16:34:04","date_gmt":"2022-11-28T09:34:04","guid":{"rendered":"https:\/\/mouldking.store\/?post_type=product&#038;p=36820"},"modified":"2022-11-28T16:34:04","modified_gmt":"2022-11-28T09:34:04","slug":"cenzelon-5703-cryptovolans","status":"publish","type":"product","link":"https:\/\/mouldking.store\/nb\/shop\/cenzelon-5703-cryptovolans\/","title":{"rendered":"CENZELON 5703 Cryptovolans"},"content":{"rendered":"<p>Produktinformasjon:<\/p>\n<ol>\n<li>Merke: CENZELON<\/li>\n<li>Kj\u00f8nn: Unisex<\/li>\n<li>Name: Cryptovolans<\/li>\n<li>Aldersgruppe: &gt; 6 \u00e5r gammel<\/li>\n<li>Model Number: 5703<\/li>\n<li>Klassifisering: Montering<\/li>\n<li>Plastblokkform: Selvl\u00e5sende murstein<\/li>\n<li>Materiale: Plast<\/li>\n<li>Plasttype: ABS<\/li>\n<li>Inneholder detaljerte monteringsanvisninger.<\/li>\n<\/ol>\n<p>Legge merke til:<br \/>\n1. Uten original eske, men vi garanterer at v\u00e5re produkter har kvalitetssikring og pen emballasje.<br \/>\n2. Som alle delene vi har sjekket f\u00f8r frakt, s\u00e5 hvis du finner noen deler savnet eller skadet, ikke bekymre deg og bare kontakt oss, s\u00e5 kan vi sende dem til deg p\u00e5 nytt umiddelbart gratis.<\/p>\n<figure id=\"attachment_36821\" aria-describedby=\"caption-attachment-36821\" style=\"width: 800px\" class=\"wp-caption aligncenter\"><img fetchpriority=\"high\" decoding=\"async\" class=\"wp-image-36821 size-full\" src=\"https:\/\/mouldking.store\/wp-content\/uploads\/2022\/11\/CENZELON-5703-Cryptovolans-5.jpg\" alt=\"CENZELON 5703 Cryptovolans \" width=\"800\" height=\"800\" title=\"-\" srcset=\"https:\/\/mouldking.store\/wp-content\/uploads\/2022\/11\/CENZELON-5703-Cryptovolans-5.jpg 800w, https:\/\/mouldking.store\/wp-content\/uploads\/2022\/11\/CENZELON-5703-Cryptovolans-5-300x300.jpg 300w, https:\/\/mouldking.store\/wp-content\/uploads\/2022\/11\/CENZELON-5703-Cryptovolans-5-768x768.jpg 768w, https:\/\/mouldking.store\/wp-content\/uploads\/2022\/11\/CENZELON-5703-Cryptovolans-5-600x600.jpg 600w, https:\/\/mouldking.store\/wp-content\/uploads\/2022\/11\/CENZELON-5703-Cryptovolans-5-150x150.jpg 150w, https:\/\/mouldking.store\/wp-content\/uploads\/2022\/11\/CENZELON-5703-Cryptovolans-5-60x60.jpg 60w, https:\/\/mouldking.store\/wp-content\/uploads\/2022\/11\/CENZELON-5703-Cryptovolans-5-90x90.jpg 90w\" sizes=\"(max-width: 800px) 100vw, 800px\" \/><figcaption id=\"caption-attachment-36821\" class=\"wp-caption-text\">CENZELON 5703 Cryptovolans<\/figcaption><\/figure>\n<figure id=\"attachment_36822\" aria-describedby=\"caption-attachment-36822\" style=\"width: 800px\" class=\"wp-caption aligncenter\"><img decoding=\"async\" class=\"wp-image-36822 size-full\" src=\"https:\/\/mouldking.store\/wp-content\/uploads\/2022\/11\/CENZELON-5703-Cryptovolans-4.jpg\" alt=\"CENZELON 5703 Cryptovolans \" width=\"800\" height=\"800\" title=\"-\" srcset=\"https:\/\/mouldking.store\/wp-content\/uploads\/2022\/11\/CENZELON-5703-Cryptovolans-4.jpg 800w, https:\/\/mouldking.store\/wp-content\/uploads\/2022\/11\/CENZELON-5703-Cryptovolans-4-300x300.jpg 300w, https:\/\/mouldking.store\/wp-content\/uploads\/2022\/11\/CENZELON-5703-Cryptovolans-4-768x768.jpg 768w, https:\/\/mouldking.store\/wp-content\/uploads\/2022\/11\/CENZELON-5703-Cryptovolans-4-600x600.jpg 600w, https:\/\/mouldking.store\/wp-content\/uploads\/2022\/11\/CENZELON-5703-Cryptovolans-4-150x150.jpg 150w, https:\/\/mouldking.store\/wp-content\/uploads\/2022\/11\/CENZELON-5703-Cryptovolans-4-60x60.jpg 60w, https:\/\/mouldking.store\/wp-content\/uploads\/2022\/11\/CENZELON-5703-Cryptovolans-4-90x90.jpg 90w\" sizes=\"(max-width: 800px) 100vw, 800px\" \/><figcaption id=\"caption-attachment-36822\" class=\"wp-caption-text\">CENZELON 5703 Cryptovolans<\/figcaption><\/figure>\n<figure id=\"attachment_36823\" aria-describedby=\"caption-attachment-36823\" style=\"width: 800px\" class=\"wp-caption aligncenter\"><img decoding=\"async\" class=\"wp-image-36823 size-full\" src=\"https:\/\/mouldking.store\/wp-content\/uploads\/2022\/11\/CENZELON-5703-Cryptovolans-1.jpg\" alt=\"CENZELON 5703 Cryptovolans \" width=\"800\" height=\"800\" title=\"-\" srcset=\"https:\/\/mouldking.store\/wp-content\/uploads\/2022\/11\/CENZELON-5703-Cryptovolans-1.jpg 800w, https:\/\/mouldking.store\/wp-content\/uploads\/2022\/11\/CENZELON-5703-Cryptovolans-1-300x300.jpg 300w, https:\/\/mouldking.store\/wp-content\/uploads\/2022\/11\/CENZELON-5703-Cryptovolans-1-768x768.jpg 768w, https:\/\/mouldking.store\/wp-content\/uploads\/2022\/11\/CENZELON-5703-Cryptovolans-1-600x600.jpg 600w, https:\/\/mouldking.store\/wp-content\/uploads\/2022\/11\/CENZELON-5703-Cryptovolans-1-150x150.jpg 150w, https:\/\/mouldking.store\/wp-content\/uploads\/2022\/11\/CENZELON-5703-Cryptovolans-1-60x60.jpg 60w, https:\/\/mouldking.store\/wp-content\/uploads\/2022\/11\/CENZELON-5703-Cryptovolans-1-90x90.jpg 90w\" sizes=\"(max-width: 800px) 100vw, 800px\" \/><figcaption id=\"caption-attachment-36823\" class=\"wp-caption-text\">CENZELON 5703 Cryptovolans<\/figcaption><\/figure>\n<figure id=\"attachment_36824\" aria-describedby=\"caption-attachment-36824\" style=\"width: 800px\" class=\"wp-caption alignnone\"><img loading=\"lazy\" decoding=\"async\" class=\"wp-image-36824 size-full\" src=\"https:\/\/mouldking.store\/wp-content\/uploads\/2022\/11\/CENZELON-5703-Cryptovolans-3.jpg\" alt=\"CENZELON 5703 Cryptovolans \" width=\"800\" height=\"800\" title=\"-\" srcset=\"https:\/\/mouldking.store\/wp-content\/uploads\/2022\/11\/CENZELON-5703-Cryptovolans-3.jpg 800w, https:\/\/mouldking.store\/wp-content\/uploads\/2022\/11\/CENZELON-5703-Cryptovolans-3-300x300.jpg 300w, https:\/\/mouldking.store\/wp-content\/uploads\/2022\/11\/CENZELON-5703-Cryptovolans-3-768x768.jpg 768w, https:\/\/mouldking.store\/wp-content\/uploads\/2022\/11\/CENZELON-5703-Cryptovolans-3-600x600.jpg 600w, https:\/\/mouldking.store\/wp-content\/uploads\/2022\/11\/CENZELON-5703-Cryptovolans-3-150x150.jpg 150w, https:\/\/mouldking.store\/wp-content\/uploads\/2022\/11\/CENZELON-5703-Cryptovolans-3-60x60.jpg 60w, https:\/\/mouldking.store\/wp-content\/uploads\/2022\/11\/CENZELON-5703-Cryptovolans-3-90x90.jpg 90w\" sizes=\"(max-width: 800px) 100vw, 800px\" \/><figcaption id=\"caption-attachment-36824\" class=\"wp-caption-text\">CENZELON 5703 Cryptovolans<\/figcaption><\/figure>\n<figure id=\"attachment_36825\" aria-describedby=\"caption-attachment-36825\" style=\"width: 800px\" class=\"wp-caption aligncenter\"><img loading=\"lazy\" decoding=\"async\" class=\"wp-image-36825 size-full\" src=\"https:\/\/mouldking.store\/wp-content\/uploads\/2022\/11\/CENZELON-5703-Cryptovolans-2.jpg\" alt=\"CENZELON 5703 Cryptovolans \" width=\"800\" height=\"800\" title=\"-\" srcset=\"https:\/\/mouldking.store\/wp-content\/uploads\/2022\/11\/CENZELON-5703-Cryptovolans-2.jpg 800w, https:\/\/mouldking.store\/wp-content\/uploads\/2022\/11\/CENZELON-5703-Cryptovolans-2-300x300.jpg 300w, https:\/\/mouldking.store\/wp-content\/uploads\/2022\/11\/CENZELON-5703-Cryptovolans-2-768x768.jpg 768w, https:\/\/mouldking.store\/wp-content\/uploads\/2022\/11\/CENZELON-5703-Cryptovolans-2-600x600.jpg 600w, https:\/\/mouldking.store\/wp-content\/uploads\/2022\/11\/CENZELON-5703-Cryptovolans-2-150x150.jpg 150w, https:\/\/mouldking.store\/wp-content\/uploads\/2022\/11\/CENZELON-5703-Cryptovolans-2-60x60.jpg 60w, https:\/\/mouldking.store\/wp-content\/uploads\/2022\/11\/CENZELON-5703-Cryptovolans-2-90x90.jpg 90w\" sizes=\"(max-width: 800px) 100vw, 800px\" \/><figcaption id=\"caption-attachment-36825\" class=\"wp-caption-text\">CENZELON 5703 Cryptovolans<\/figcaption><\/figure>","protected":false},"excerpt":{"rendered":"<p>Product information: Brand: CENZELON Gender: Unisex Name: Cryptovolans Age Range: &gt; 6 years old Model Number: 5703 Classification: Assemblage Plastic Block Shape: Self-Locking Bricks Material: Plastic Plastic Type: ABS Contains detailed assembly instructions. Notice: 1. Without an original box, but we guarantee our products have quality assurance and nice packaging. 2. As all the parts [&hellip;]<\/p>","protected":false},"featured_media":36821,"comment_status":"closed","ping_status":"closed","template":"","meta":{"_acf_changed":false},"product_cat":[1365],"product_tag":[8570,8543,8572,8569,8571],"class_list":["product","first","instock","shipping-taxable","purchasable","product-type-simple"],"acf":[],"_links":{"self":[{"href":"https:\/\/mouldking.store\/nb\/wp-json\/wp\/v2\/product\/36820","targetHints":{"allow":["GET"]}}],"collection":[{"href":"https:\/\/mouldking.store\/nb\/wp-json\/wp\/v2\/product"}],"about":[{"href":"https:\/\/mouldking.store\/nb\/wp-json\/wp\/v2\/types\/product"}],"replies":[{"embeddable":true,"href":"https:\/\/mouldking.store\/nb\/wp-json\/wp\/v2\/comments?post=36820"}],"wp:featuredmedia":[{"embeddable":true,"href":"https:\/\/mouldking.store\/nb\/wp-json\/wp\/v2\/media\/36821"}],"wp:attachment":[{"href":"https:\/\/mouldking.store\/nb\/wp-json\/wp\/v2\/media?parent=36820"}],"wp:term":[{"taxonomy":"product_cat","embeddable":true,"href":"https:\/\/mouldking.store\/nb\/wp-json\/wp\/v2\/product_cat?post=36820"},{"taxonomy":"product_tag","embeddable":true,"href":"https:\/\/mouldking.store\/nb\/wp-json\/wp\/v2\/product_tag?post=36820"}],"curies":[{"name":"wp","href":"https:\/\/api.w.org\/{rel}","templated":true}]}}