{"id":36892,"date":"2022-12-01T11:48:27","date_gmt":"2022-12-01T04:48:27","guid":{"rendered":"https:\/\/mouldking.store\/?post_type=product&#038;p=36892"},"modified":"2025-12-25T09:12:19","modified_gmt":"2025-12-25T02:12:19","slug":"moc-113969-arcade-bike-shop-street-view-with-1080pcs","status":"publish","type":"product","link":"https:\/\/mouldking.store\/nb\/shop\/moc-113969-arcade-bike-shop-street-view-with-1080pcs\/","title":{"rendered":"MOC-113969 Arkade- og sykkelbutikk Street View med 1080 STK"},"content":{"rendered":"<p>Produktinformasjon:<\/p>\n<ol>\n<li>Merke: MOC<\/li>\n<li>Kj\u00f8nn: Unisex<\/li>\n<li>Name: Arcade &amp; Bike Shop Street View<\/li>\n<li>Aldersgruppe: &gt; 6 \u00e5r gammel<\/li>\n<li>Model Number: 113969<\/li>\n<li>Klassifisering: Montering<\/li>\n<li>Plastblokkform: Selvl\u00e5sende murstein<\/li>\n<li>Materiale: Plast<\/li>\n<li>Plasttype: ABS<\/li>\n<li>Bricks Blocks:1080PCS<\/li>\n<li>Size: 19 x 15 x 24cm<\/li>\n<li>Vekt: 900g<\/li>\n<li>Inneholder detaljerte monteringsanvisninger.<\/li>\n<\/ol>\n<p>Legge merke til:<br \/>\n1. Uten original eske, men vi garanterer at v\u00e5re produkter har kvalitetssikring og pen emballasje.<br \/>\n2. Som alle delene vi har sjekket f\u00f8r frakt, s\u00e5 hvis du finner noen deler savnet eller skadet, ikke bekymre deg og bare kontakt oss, s\u00e5 kan vi sende dem til deg p\u00e5 nytt umiddelbart gratis.<\/p>\n<figure id=\"attachment_36893\" aria-describedby=\"caption-attachment-36893\" style=\"width: 1024px\" class=\"wp-caption aligncenter\"><img fetchpriority=\"high\" decoding=\"async\" class=\"wp-image-36893 size-large\" src=\"https:\/\/mouldking.store\/wp-content\/uploads\/2022\/12\/MOC-113969-Modular-Building-Arcade-Bike-Shop-Street-View-MOC-FACTORY-1024x1024.png\" alt=\"MOC-113969 Arcade &amp; Bike Shop Street View With 1080PCS \" width=\"1024\" height=\"1024\" title=\"-\" srcset=\"https:\/\/mouldking.store\/wp-content\/uploads\/2022\/12\/MOC-113969-Modular-Building-Arcade-Bike-Shop-Street-View-MOC-FACTORY-1024x1024.png 1024w, https:\/\/mouldking.store\/wp-content\/uploads\/2022\/12\/MOC-113969-Modular-Building-Arcade-Bike-Shop-Street-View-MOC-FACTORY-300x300.png 300w, https:\/\/mouldking.store\/wp-content\/uploads\/2022\/12\/MOC-113969-Modular-Building-Arcade-Bike-Shop-Street-View-MOC-FACTORY-768x768.png 768w, https:\/\/mouldking.store\/wp-content\/uploads\/2022\/12\/MOC-113969-Modular-Building-Arcade-Bike-Shop-Street-View-MOC-FACTORY-600x600.png 600w, https:\/\/mouldking.store\/wp-content\/uploads\/2022\/12\/MOC-113969-Modular-Building-Arcade-Bike-Shop-Street-View-MOC-FACTORY-150x150.png 150w, https:\/\/mouldking.store\/wp-content\/uploads\/2022\/12\/MOC-113969-Modular-Building-Arcade-Bike-Shop-Street-View-MOC-FACTORY-60x60.png 60w, https:\/\/mouldking.store\/wp-content\/uploads\/2022\/12\/MOC-113969-Modular-Building-Arcade-Bike-Shop-Street-View-MOC-FACTORY-90x90.png 90w, https:\/\/mouldking.store\/wp-content\/uploads\/2022\/12\/MOC-113969-Modular-Building-Arcade-Bike-Shop-Street-View-MOC-FACTORY.png 1095w\" sizes=\"(max-width: 1024px) 100vw, 1024px\" \/><figcaption id=\"caption-attachment-36893\" class=\"wp-caption-text\">MOC-113969 Arkade- og sykkelbutikk Street View med 1080 STK<\/figcaption><\/figure>\n<figure id=\"attachment_36894\" aria-describedby=\"caption-attachment-36894\" style=\"width: 1024px\" class=\"wp-caption aligncenter\"><img decoding=\"async\" class=\"wp-image-36894 size-large\" src=\"https:\/\/mouldking.store\/wp-content\/uploads\/2022\/12\/moc-113969-arcade-bike-shop-street-vie_main-3-1024x1024.jpg\" alt=\"MOC-113969 Arcade &amp; Bike Shop Street View With 1080PCS \" width=\"1024\" height=\"1024\" title=\"-\" srcset=\"https:\/\/mouldking.store\/wp-content\/uploads\/2022\/12\/moc-113969-arcade-bike-shop-street-vie_main-3-1024x1024.jpg 1024w, https:\/\/mouldking.store\/wp-content\/uploads\/2022\/12\/moc-113969-arcade-bike-shop-street-vie_main-3-300x300.jpg 300w, https:\/\/mouldking.store\/wp-content\/uploads\/2022\/12\/moc-113969-arcade-bike-shop-street-vie_main-3-768x768.jpg 768w, https:\/\/mouldking.store\/wp-content\/uploads\/2022\/12\/moc-113969-arcade-bike-shop-street-vie_main-3-600x600.jpg 600w, https:\/\/mouldking.store\/wp-content\/uploads\/2022\/12\/moc-113969-arcade-bike-shop-street-vie_main-3-150x150.jpg 150w, https:\/\/mouldking.store\/wp-content\/uploads\/2022\/12\/moc-113969-arcade-bike-shop-street-vie_main-3-60x60.jpg 60w, https:\/\/mouldking.store\/wp-content\/uploads\/2022\/12\/moc-113969-arcade-bike-shop-street-vie_main-3-90x90.jpg 90w, https:\/\/mouldking.store\/wp-content\/uploads\/2022\/12\/moc-113969-arcade-bike-shop-street-vie_main-3.jpg 1100w\" sizes=\"(max-width: 1024px) 100vw, 1024px\" \/><figcaption id=\"caption-attachment-36894\" class=\"wp-caption-text\">MOC-113969 Arkade- og sykkelbutikk Street View med 1080 STK<\/figcaption><\/figure>\n<figure id=\"attachment_36895\" aria-describedby=\"caption-attachment-36895\" style=\"width: 1024px\" class=\"wp-caption aligncenter\"><img decoding=\"async\" class=\"wp-image-36895 size-large\" src=\"https:\/\/mouldking.store\/wp-content\/uploads\/2022\/12\/moc-113969-arcade-bike-shop-street-vie_main-2-1024x1024.jpg\" alt=\"MOC-113969 Arcade &amp; Bike Shop Street View With 1080PCS \" width=\"1024\" height=\"1024\" title=\"-\" srcset=\"https:\/\/mouldking.store\/wp-content\/uploads\/2022\/12\/moc-113969-arcade-bike-shop-street-vie_main-2-1024x1024.jpg 1024w, https:\/\/mouldking.store\/wp-content\/uploads\/2022\/12\/moc-113969-arcade-bike-shop-street-vie_main-2-300x300.jpg 300w, https:\/\/mouldking.store\/wp-content\/uploads\/2022\/12\/moc-113969-arcade-bike-shop-street-vie_main-2-768x768.jpg 768w, https:\/\/mouldking.store\/wp-content\/uploads\/2022\/12\/moc-113969-arcade-bike-shop-street-vie_main-2-600x600.jpg 600w, https:\/\/mouldking.store\/wp-content\/uploads\/2022\/12\/moc-113969-arcade-bike-shop-street-vie_main-2-150x150.jpg 150w, https:\/\/mouldking.store\/wp-content\/uploads\/2022\/12\/moc-113969-arcade-bike-shop-street-vie_main-2-60x60.jpg 60w, https:\/\/mouldking.store\/wp-content\/uploads\/2022\/12\/moc-113969-arcade-bike-shop-street-vie_main-2-90x90.jpg 90w, https:\/\/mouldking.store\/wp-content\/uploads\/2022\/12\/moc-113969-arcade-bike-shop-street-vie_main-2.jpg 1100w\" sizes=\"(max-width: 1024px) 100vw, 1024px\" \/><figcaption id=\"caption-attachment-36895\" class=\"wp-caption-text\">MOC-113969 Arkade- og sykkelbutikk Street View med 1080 STK<\/figcaption><\/figure>\n<figure id=\"attachment_36896\" aria-describedby=\"caption-attachment-36896\" style=\"width: 1024px\" class=\"wp-caption aligncenter\"><img loading=\"lazy\" decoding=\"async\" class=\"wp-image-36896 size-large\" src=\"https:\/\/mouldking.store\/wp-content\/uploads\/2022\/12\/moc-113969-arcade-bike-shop-street-vie_main-1-1024x1024.jpg\" alt=\"MOC-113969 Arcade &amp; Bike Shop Street View With 1080PCS \" width=\"1024\" height=\"1024\" title=\"-\" srcset=\"https:\/\/mouldking.store\/wp-content\/uploads\/2022\/12\/moc-113969-arcade-bike-shop-street-vie_main-1-1024x1024.jpg 1024w, https:\/\/mouldking.store\/wp-content\/uploads\/2022\/12\/moc-113969-arcade-bike-shop-street-vie_main-1-300x300.jpg 300w, https:\/\/mouldking.store\/wp-content\/uploads\/2022\/12\/moc-113969-arcade-bike-shop-street-vie_main-1-768x768.jpg 768w, https:\/\/mouldking.store\/wp-content\/uploads\/2022\/12\/moc-113969-arcade-bike-shop-street-vie_main-1-600x600.jpg 600w, https:\/\/mouldking.store\/wp-content\/uploads\/2022\/12\/moc-113969-arcade-bike-shop-street-vie_main-1-150x150.jpg 150w, https:\/\/mouldking.store\/wp-content\/uploads\/2022\/12\/moc-113969-arcade-bike-shop-street-vie_main-1-60x60.jpg 60w, https:\/\/mouldking.store\/wp-content\/uploads\/2022\/12\/moc-113969-arcade-bike-shop-street-vie_main-1-90x90.jpg 90w, https:\/\/mouldking.store\/wp-content\/uploads\/2022\/12\/moc-113969-arcade-bike-shop-street-vie_main-1.jpg 1100w\" sizes=\"(max-width: 1024px) 100vw, 1024px\" \/><figcaption id=\"caption-attachment-36896\" class=\"wp-caption-text\">MOC-113969 Arkade- og sykkelbutikk Street View med 1080 STK<\/figcaption><\/figure>\n<figure id=\"attachment_36897\" aria-describedby=\"caption-attachment-36897\" style=\"width: 1024px\" class=\"wp-caption aligncenter\"><img loading=\"lazy\" decoding=\"async\" class=\"wp-image-36897 size-large\" src=\"https:\/\/mouldking.store\/wp-content\/uploads\/2022\/12\/moc-113969-arcade-bike-shop-street-vie_main-0-1024x1024.jpg\" alt=\"MOC-113969 Arcade &amp; Bike Shop Street View With 1080PCS \" width=\"1024\" height=\"1024\" title=\"-\" srcset=\"https:\/\/mouldking.store\/wp-content\/uploads\/2022\/12\/moc-113969-arcade-bike-shop-street-vie_main-0-1024x1024.jpg 1024w, https:\/\/mouldking.store\/wp-content\/uploads\/2022\/12\/moc-113969-arcade-bike-shop-street-vie_main-0-300x300.jpg 300w, https:\/\/mouldking.store\/wp-content\/uploads\/2022\/12\/moc-113969-arcade-bike-shop-street-vie_main-0-768x768.jpg 768w, https:\/\/mouldking.store\/wp-content\/uploads\/2022\/12\/moc-113969-arcade-bike-shop-street-vie_main-0-600x600.jpg 600w, https:\/\/mouldking.store\/wp-content\/uploads\/2022\/12\/moc-113969-arcade-bike-shop-street-vie_main-0-150x150.jpg 150w, https:\/\/mouldking.store\/wp-content\/uploads\/2022\/12\/moc-113969-arcade-bike-shop-street-vie_main-0-60x60.jpg 60w, https:\/\/mouldking.store\/wp-content\/uploads\/2022\/12\/moc-113969-arcade-bike-shop-street-vie_main-0-90x90.jpg 90w, https:\/\/mouldking.store\/wp-content\/uploads\/2022\/12\/moc-113969-arcade-bike-shop-street-vie_main-0.jpg 1100w\" sizes=\"(max-width: 1024px) 100vw, 1024px\" \/><figcaption id=\"caption-attachment-36897\" class=\"wp-caption-text\">MOC-113969 Arkade- og sykkelbutikk Street View med 1080 STK<\/figcaption><\/figure>","protected":false},"excerpt":{"rendered":"<p>Tidsbestemt: 4-8 uker<\/p>","protected":false},"featured_media":36893,"comment_status":"closed","ping_status":"closed","template":"","meta":{"_acf_changed":false},"product_cat":[1395,1406,390],"product_tag":[8605,8607,8606,8604,8608,8603,4727],"class_list":["product","first","instock","shipping-taxable","purchasable","product-type-simple"],"acf":[],"_links":{"self":[{"href":"https:\/\/mouldking.store\/nb\/wp-json\/wp\/v2\/product\/36892","targetHints":{"allow":["GET"]}}],"collection":[{"href":"https:\/\/mouldking.store\/nb\/wp-json\/wp\/v2\/product"}],"about":[{"href":"https:\/\/mouldking.store\/nb\/wp-json\/wp\/v2\/types\/product"}],"replies":[{"embeddable":true,"href":"https:\/\/mouldking.store\/nb\/wp-json\/wp\/v2\/comments?post=36892"}],"wp:featuredmedia":[{"embeddable":true,"href":"https:\/\/mouldking.store\/nb\/wp-json\/wp\/v2\/media\/36893"}],"wp:attachment":[{"href":"https:\/\/mouldking.store\/nb\/wp-json\/wp\/v2\/media?parent=36892"}],"wp:term":[{"taxonomy":"product_cat","embeddable":true,"href":"https:\/\/mouldking.store\/nb\/wp-json\/wp\/v2\/product_cat?post=36892"},{"taxonomy":"product_tag","embeddable":true,"href":"https:\/\/mouldking.store\/nb\/wp-json\/wp\/v2\/product_tag?post=36892"}],"curies":[{"name":"wp","href":"https:\/\/api.w.org\/{rel}","templated":true}]}}