{"id":37138,"date":"2022-12-01T17:49:06","date_gmt":"2022-12-01T10:49:06","guid":{"rendered":"https:\/\/mouldking.store\/?post_type=product&#038;p=37138"},"modified":"2025-12-25T09:12:16","modified_gmt":"2025-12-25T02:12:16","slug":"moc-124630-iron-throne-diorama-with-695-pieces","status":"publish","type":"product","link":"https:\/\/mouldking.store\/nb\/shop\/moc-124630-iron-throne-diorama-with-695-pieces\/","title":{"rendered":"MOC-124630 Iron Throne Diorama med 695 deler"},"content":{"rendered":"<p>Produktinformasjon:<\/p>\n<ol>\n<li>Merke: MOC<\/li>\n<li>Kj\u00f8nn: Unisex<\/li>\n<li>Name: Iron Throne Diorama<\/li>\n<li>Aldersgruppe: &gt; 6 \u00e5r gammel<\/li>\n<li>Model Number: 124630<\/li>\n<li>Klassifisering: Montering<\/li>\n<li>Plastblokkform: Selvl\u00e5sende murstein<\/li>\n<li>Materiale: Plast<\/li>\n<li>Plasttype: ABS<\/li>\n<li>Bricks Blocks:695 PCS<\/li>\n<li>Size: 24 x 19.7 x 7cm<\/li>\n<li>Vekt: 600g<\/li>\n<li>Inneholder detaljerte monteringsanvisninger.<\/li>\n<\/ol>\n<p>Legge merke til:<br \/>\n1. Uten original eske, men vi garanterer at v\u00e5re produkter har kvalitetssikring og pen emballasje.<br \/>\n2. Som alle delene vi har sjekket f\u00f8r frakt, s\u00e5 hvis du finner noen deler savnet eller skadet, ikke bekymre deg og bare kontakt oss, s\u00e5 kan vi sende dem til deg p\u00e5 nytt umiddelbart gratis.<\/p>\n<figure id=\"attachment_37141\" aria-describedby=\"caption-attachment-37141\" style=\"width: 1024px\" class=\"wp-caption aligncenter\"><img fetchpriority=\"high\" decoding=\"async\" class=\"wp-image-37141 size-large\" src=\"https:\/\/mouldking.store\/wp-content\/uploads\/2022\/12\/MOC-124630-Movie-Iron-Throne-Diorama-MOC-FACTORY-1024x1024.png\" alt=\"MOC-124630 Iron Throne Diorama With 695 Pieces\" width=\"1024\" height=\"1024\" title=\"-\" srcset=\"https:\/\/mouldking.store\/wp-content\/uploads\/2022\/12\/MOC-124630-Movie-Iron-Throne-Diorama-MOC-FACTORY-1024x1024.png 1024w, https:\/\/mouldking.store\/wp-content\/uploads\/2022\/12\/MOC-124630-Movie-Iron-Throne-Diorama-MOC-FACTORY-300x300.png 300w, https:\/\/mouldking.store\/wp-content\/uploads\/2022\/12\/MOC-124630-Movie-Iron-Throne-Diorama-MOC-FACTORY-768x768.png 768w, https:\/\/mouldking.store\/wp-content\/uploads\/2022\/12\/MOC-124630-Movie-Iron-Throne-Diorama-MOC-FACTORY-600x600.png 600w, https:\/\/mouldking.store\/wp-content\/uploads\/2022\/12\/MOC-124630-Movie-Iron-Throne-Diorama-MOC-FACTORY-150x150.png 150w, https:\/\/mouldking.store\/wp-content\/uploads\/2022\/12\/MOC-124630-Movie-Iron-Throne-Diorama-MOC-FACTORY-60x60.png 60w, https:\/\/mouldking.store\/wp-content\/uploads\/2022\/12\/MOC-124630-Movie-Iron-Throne-Diorama-MOC-FACTORY-90x90.png 90w, https:\/\/mouldking.store\/wp-content\/uploads\/2022\/12\/MOC-124630-Movie-Iron-Throne-Diorama-MOC-FACTORY.png 1095w\" sizes=\"(max-width: 1024px) 100vw, 1024px\" \/><figcaption id=\"caption-attachment-37141\" class=\"wp-caption-text\">MOC-124630 Iron Throne Diorama med 695 deler<\/figcaption><\/figure>\n<figure id=\"attachment_37142\" aria-describedby=\"caption-attachment-37142\" style=\"width: 1024px\" class=\"wp-caption aligncenter\"><img decoding=\"async\" class=\"wp-image-37142 size-large\" src=\"https:\/\/mouldking.store\/wp-content\/uploads\/2022\/12\/authorized-moc-124630-film-throne-model_main-2-1024x1024.jpg\" alt=\"MOC-124630 Iron Throne Diorama With 695 Pieces\" width=\"1024\" height=\"1024\" title=\"-\" srcset=\"https:\/\/mouldking.store\/wp-content\/uploads\/2022\/12\/authorized-moc-124630-film-throne-model_main-2-1024x1024.jpg 1024w, https:\/\/mouldking.store\/wp-content\/uploads\/2022\/12\/authorized-moc-124630-film-throne-model_main-2-300x300.jpg 300w, https:\/\/mouldking.store\/wp-content\/uploads\/2022\/12\/authorized-moc-124630-film-throne-model_main-2-768x768.jpg 768w, https:\/\/mouldking.store\/wp-content\/uploads\/2022\/12\/authorized-moc-124630-film-throne-model_main-2-600x600.jpg 600w, https:\/\/mouldking.store\/wp-content\/uploads\/2022\/12\/authorized-moc-124630-film-throne-model_main-2-150x150.jpg 150w, https:\/\/mouldking.store\/wp-content\/uploads\/2022\/12\/authorized-moc-124630-film-throne-model_main-2-60x60.jpg 60w, https:\/\/mouldking.store\/wp-content\/uploads\/2022\/12\/authorized-moc-124630-film-throne-model_main-2-90x90.jpg 90w, https:\/\/mouldking.store\/wp-content\/uploads\/2022\/12\/authorized-moc-124630-film-throne-model_main-2.jpg 1100w\" sizes=\"(max-width: 1024px) 100vw, 1024px\" \/><figcaption id=\"caption-attachment-37142\" class=\"wp-caption-text\">MOC-124630 Iron Throne Diorama med 695 deler<\/figcaption><\/figure>\n<figure id=\"attachment_37140\" aria-describedby=\"caption-attachment-37140\" style=\"width: 1024px\" class=\"wp-caption aligncenter\"><img decoding=\"async\" class=\"wp-image-37140 size-large\" src=\"https:\/\/mouldking.store\/wp-content\/uploads\/2022\/12\/authorized-moc-124630-film-throne-model_main-0-1024x1024.jpg\" alt=\"MOC-124630 Iron Throne Diorama With 695 Pieces\" width=\"1024\" height=\"1024\" title=\"-\" srcset=\"https:\/\/mouldking.store\/wp-content\/uploads\/2022\/12\/authorized-moc-124630-film-throne-model_main-0-1024x1024.jpg 1024w, https:\/\/mouldking.store\/wp-content\/uploads\/2022\/12\/authorized-moc-124630-film-throne-model_main-0-300x300.jpg 300w, https:\/\/mouldking.store\/wp-content\/uploads\/2022\/12\/authorized-moc-124630-film-throne-model_main-0-768x768.jpg 768w, https:\/\/mouldking.store\/wp-content\/uploads\/2022\/12\/authorized-moc-124630-film-throne-model_main-0-600x600.jpg 600w, https:\/\/mouldking.store\/wp-content\/uploads\/2022\/12\/authorized-moc-124630-film-throne-model_main-0-150x150.jpg 150w, https:\/\/mouldking.store\/wp-content\/uploads\/2022\/12\/authorized-moc-124630-film-throne-model_main-0-60x60.jpg 60w, https:\/\/mouldking.store\/wp-content\/uploads\/2022\/12\/authorized-moc-124630-film-throne-model_main-0-90x90.jpg 90w, https:\/\/mouldking.store\/wp-content\/uploads\/2022\/12\/authorized-moc-124630-film-throne-model_main-0.jpg 1100w\" sizes=\"(max-width: 1024px) 100vw, 1024px\" \/><figcaption id=\"caption-attachment-37140\" class=\"wp-caption-text\">MOC-124630 Iron Throne Diorama med 695 deler<\/figcaption><\/figure>\n<figure id=\"attachment_37139\" aria-describedby=\"caption-attachment-37139\" style=\"width: 1024px\" class=\"wp-caption aligncenter\"><img loading=\"lazy\" decoding=\"async\" class=\"wp-image-37139 size-large\" src=\"https:\/\/mouldking.store\/wp-content\/uploads\/2022\/12\/authorized-moc-124630-film-throne-model_main-1-1024x1024.jpg\" alt=\"MOC-124630 Iron Throne Diorama With 695 Pieces\" width=\"1024\" height=\"1024\" title=\"-\" srcset=\"https:\/\/mouldking.store\/wp-content\/uploads\/2022\/12\/authorized-moc-124630-film-throne-model_main-1-1024x1024.jpg 1024w, https:\/\/mouldking.store\/wp-content\/uploads\/2022\/12\/authorized-moc-124630-film-throne-model_main-1-300x300.jpg 300w, https:\/\/mouldking.store\/wp-content\/uploads\/2022\/12\/authorized-moc-124630-film-throne-model_main-1-768x768.jpg 768w, https:\/\/mouldking.store\/wp-content\/uploads\/2022\/12\/authorized-moc-124630-film-throne-model_main-1-600x600.jpg 600w, https:\/\/mouldking.store\/wp-content\/uploads\/2022\/12\/authorized-moc-124630-film-throne-model_main-1-150x150.jpg 150w, https:\/\/mouldking.store\/wp-content\/uploads\/2022\/12\/authorized-moc-124630-film-throne-model_main-1-60x60.jpg 60w, https:\/\/mouldking.store\/wp-content\/uploads\/2022\/12\/authorized-moc-124630-film-throne-model_main-1-90x90.jpg 90w, https:\/\/mouldking.store\/wp-content\/uploads\/2022\/12\/authorized-moc-124630-film-throne-model_main-1.jpg 1100w\" sizes=\"(max-width: 1024px) 100vw, 1024px\" \/><figcaption id=\"caption-attachment-37139\" class=\"wp-caption-text\">MOC-124630 Iron Throne Diorama med 695 deler<\/figcaption><\/figure>","protected":false},"excerpt":{"rendered":"<p>Tidsbestemt: 4-8 uker<\/p>","protected":false},"featured_media":37141,"comment_status":"closed","ping_status":"closed","template":"","meta":{"_acf_changed":false},"product_cat":[1406,581],"product_tag":[8784,8789,8790,8788,8791,8787,8778],"class_list":["product","first","instock","shipping-taxable","purchasable","product-type-simple"],"acf":[],"_links":{"self":[{"href":"https:\/\/mouldking.store\/nb\/wp-json\/wp\/v2\/product\/37138","targetHints":{"allow":["GET"]}}],"collection":[{"href":"https:\/\/mouldking.store\/nb\/wp-json\/wp\/v2\/product"}],"about":[{"href":"https:\/\/mouldking.store\/nb\/wp-json\/wp\/v2\/types\/product"}],"replies":[{"embeddable":true,"href":"https:\/\/mouldking.store\/nb\/wp-json\/wp\/v2\/comments?post=37138"}],"wp:featuredmedia":[{"embeddable":true,"href":"https:\/\/mouldking.store\/nb\/wp-json\/wp\/v2\/media\/37141"}],"wp:attachment":[{"href":"https:\/\/mouldking.store\/nb\/wp-json\/wp\/v2\/media?parent=37138"}],"wp:term":[{"taxonomy":"product_cat","embeddable":true,"href":"https:\/\/mouldking.store\/nb\/wp-json\/wp\/v2\/product_cat?post=37138"},{"taxonomy":"product_tag","embeddable":true,"href":"https:\/\/mouldking.store\/nb\/wp-json\/wp\/v2\/product_tag?post=37138"}],"curies":[{"name":"wp","href":"https:\/\/api.w.org\/{rel}","templated":true}]}}