{"id":37388,"date":"2022-12-06T17:34:59","date_gmt":"2022-12-06T10:34:59","guid":{"rendered":"https:\/\/mouldking.store\/?post_type=product&#038;p=37388"},"modified":"2025-12-25T09:12:13","modified_gmt":"2025-12-25T02:12:13","slug":"moc-124102-horizon-forbidden-west-slitherfang-with-1431-pieces","status":"publish","type":"product","link":"https:\/\/mouldking.store\/nb\/shop\/moc-124102-horizon-forbidden-west-slitherfang-with-1431-pieces\/","title":{"rendered":"MOC-124102 Horizon Forbidden West Slitherfang Med 1431 stykker"},"content":{"rendered":"<p>Produktinformasjon:<\/p>\n<ol>\n<li>Merke: MOC<\/li>\n<li>Kj\u00f8nn: Unisex<\/li>\n<li>Name: Horizon Forbidden West Slitherfang<\/li>\n<li>Aldersgruppe: &gt; 6 \u00e5r gammel<\/li>\n<li>Model Number: 124102<\/li>\n<li>Klassifisering: Montering<\/li>\n<li>Plastblokkform: Selvl\u00e5sende murstein<\/li>\n<li>Materiale: Plast<\/li>\n<li>Plasttype: ABS<\/li>\n<li>Bricks Blocks:1431 PCS<\/li>\n<li>Size: 52.8 x 28.7 x 44.2 cm<\/li>\n<li>Vekt: 0,93 kg<\/li>\n<li>Inneholder detaljerte monteringsanvisninger.<\/li>\n<\/ol>\n<p>Legge merke til:<br \/>\n1. Uten original eske, men vi garanterer at v\u00e5re produkter har kvalitetssikring og pen emballasje.<br \/>\n2. Som alle delene vi har sjekket f\u00f8r frakt, s\u00e5 hvis du finner noen deler savnet eller skadet, ikke bekymre deg og bare kontakt oss, s\u00e5 kan vi sende dem til deg p\u00e5 nytt umiddelbart gratis.<\/p>\n<figure id=\"attachment_37389\" aria-describedby=\"caption-attachment-37389\" style=\"width: 1004px\" class=\"wp-caption aligncenter\"><img fetchpriority=\"high\" decoding=\"async\" class=\"wp-image-37389 size-full\" src=\"https:\/\/mouldking.store\/wp-content\/uploads\/2022\/12\/MOC-124102-Creator-Horizon-Forbidden-West-Slitherfang-MOC-FACTORY.png\" alt=\"MOC-124102 Horizon Forbidden West Slitherfang With 1431 Pieces\" width=\"1004\" height=\"1004\" title=\"-\" srcset=\"https:\/\/mouldking.store\/wp-content\/uploads\/2022\/12\/MOC-124102-Creator-Horizon-Forbidden-West-Slitherfang-MOC-FACTORY.png 1004w, https:\/\/mouldking.store\/wp-content\/uploads\/2022\/12\/MOC-124102-Creator-Horizon-Forbidden-West-Slitherfang-MOC-FACTORY-300x300.png 300w, https:\/\/mouldking.store\/wp-content\/uploads\/2022\/12\/MOC-124102-Creator-Horizon-Forbidden-West-Slitherfang-MOC-FACTORY-768x768.png 768w, https:\/\/mouldking.store\/wp-content\/uploads\/2022\/12\/MOC-124102-Creator-Horizon-Forbidden-West-Slitherfang-MOC-FACTORY-600x600.png 600w, https:\/\/mouldking.store\/wp-content\/uploads\/2022\/12\/MOC-124102-Creator-Horizon-Forbidden-West-Slitherfang-MOC-FACTORY-150x150.png 150w, https:\/\/mouldking.store\/wp-content\/uploads\/2022\/12\/MOC-124102-Creator-Horizon-Forbidden-West-Slitherfang-MOC-FACTORY-60x60.png 60w, https:\/\/mouldking.store\/wp-content\/uploads\/2022\/12\/MOC-124102-Creator-Horizon-Forbidden-West-Slitherfang-MOC-FACTORY-90x90.png 90w\" sizes=\"(max-width: 1004px) 100vw, 1004px\" \/><figcaption id=\"caption-attachment-37389\" class=\"wp-caption-text\">MOC-124102 Horizon Forbidden West Slitherfang Med 1431 stykker<\/figcaption><\/figure>\n<figure id=\"attachment_37390\" aria-describedby=\"caption-attachment-37390\" style=\"width: 1000px\" class=\"wp-caption aligncenter\"><img decoding=\"async\" class=\"wp-image-37390 size-full\" src=\"https:\/\/mouldking.store\/wp-content\/uploads\/2022\/12\/MOC-124102-Horizon-Forbidden-West-Slitherfang-7.jpg\" alt=\"MOC-124102 Horizon Forbidden West Slitherfang With 1431 Pieces\" width=\"1000\" height=\"1000\" title=\"-\" srcset=\"https:\/\/mouldking.store\/wp-content\/uploads\/2022\/12\/MOC-124102-Horizon-Forbidden-West-Slitherfang-7.jpg 1000w, https:\/\/mouldking.store\/wp-content\/uploads\/2022\/12\/MOC-124102-Horizon-Forbidden-West-Slitherfang-7-300x300.jpg 300w, https:\/\/mouldking.store\/wp-content\/uploads\/2022\/12\/MOC-124102-Horizon-Forbidden-West-Slitherfang-7-768x768.jpg 768w, https:\/\/mouldking.store\/wp-content\/uploads\/2022\/12\/MOC-124102-Horizon-Forbidden-West-Slitherfang-7-600x600.jpg 600w, https:\/\/mouldking.store\/wp-content\/uploads\/2022\/12\/MOC-124102-Horizon-Forbidden-West-Slitherfang-7-150x150.jpg 150w, https:\/\/mouldking.store\/wp-content\/uploads\/2022\/12\/MOC-124102-Horizon-Forbidden-West-Slitherfang-7-60x60.jpg 60w, https:\/\/mouldking.store\/wp-content\/uploads\/2022\/12\/MOC-124102-Horizon-Forbidden-West-Slitherfang-7-90x90.jpg 90w\" sizes=\"(max-width: 1000px) 100vw, 1000px\" \/><figcaption id=\"caption-attachment-37390\" class=\"wp-caption-text\">MOC-124102 Horizon Forbidden West Slitherfang Med 1431 stykker<\/figcaption><\/figure>\n<figure id=\"attachment_37391\" aria-describedby=\"caption-attachment-37391\" style=\"width: 1000px\" class=\"wp-caption aligncenter\"><img decoding=\"async\" class=\"wp-image-37391 size-full\" src=\"https:\/\/mouldking.store\/wp-content\/uploads\/2022\/12\/MOC-124102-Horizon-Forbidden-West-Slitherfang-6.jpg\" alt=\"MOC-124102 Horizon Forbidden West Slitherfang With 1431 Pieces\" width=\"1000\" height=\"1000\" title=\"-\" srcset=\"https:\/\/mouldking.store\/wp-content\/uploads\/2022\/12\/MOC-124102-Horizon-Forbidden-West-Slitherfang-6.jpg 1000w, https:\/\/mouldking.store\/wp-content\/uploads\/2022\/12\/MOC-124102-Horizon-Forbidden-West-Slitherfang-6-300x300.jpg 300w, https:\/\/mouldking.store\/wp-content\/uploads\/2022\/12\/MOC-124102-Horizon-Forbidden-West-Slitherfang-6-768x768.jpg 768w, https:\/\/mouldking.store\/wp-content\/uploads\/2022\/12\/MOC-124102-Horizon-Forbidden-West-Slitherfang-6-600x600.jpg 600w, https:\/\/mouldking.store\/wp-content\/uploads\/2022\/12\/MOC-124102-Horizon-Forbidden-West-Slitherfang-6-150x150.jpg 150w, https:\/\/mouldking.store\/wp-content\/uploads\/2022\/12\/MOC-124102-Horizon-Forbidden-West-Slitherfang-6-60x60.jpg 60w, https:\/\/mouldking.store\/wp-content\/uploads\/2022\/12\/MOC-124102-Horizon-Forbidden-West-Slitherfang-6-90x90.jpg 90w\" sizes=\"(max-width: 1000px) 100vw, 1000px\" \/><figcaption id=\"caption-attachment-37391\" class=\"wp-caption-text\">MOC-124102 Horizon Forbidden West Slitherfang Med 1431 stykker<\/figcaption><\/figure>\n<figure id=\"attachment_37392\" aria-describedby=\"caption-attachment-37392\" style=\"width: 1000px\" class=\"wp-caption aligncenter\"><img loading=\"lazy\" decoding=\"async\" class=\"wp-image-37392 size-full\" src=\"https:\/\/mouldking.store\/wp-content\/uploads\/2022\/12\/MOC-124102-Horizon-Forbidden-West-Slitherfang-5.jpg\" alt=\"MOC-124102 Horizon Forbidden West Slitherfang With 1431 Pieces\" width=\"1000\" height=\"1000\" title=\"-\" srcset=\"https:\/\/mouldking.store\/wp-content\/uploads\/2022\/12\/MOC-124102-Horizon-Forbidden-West-Slitherfang-5.jpg 1000w, https:\/\/mouldking.store\/wp-content\/uploads\/2022\/12\/MOC-124102-Horizon-Forbidden-West-Slitherfang-5-300x300.jpg 300w, https:\/\/mouldking.store\/wp-content\/uploads\/2022\/12\/MOC-124102-Horizon-Forbidden-West-Slitherfang-5-768x768.jpg 768w, https:\/\/mouldking.store\/wp-content\/uploads\/2022\/12\/MOC-124102-Horizon-Forbidden-West-Slitherfang-5-600x600.jpg 600w, https:\/\/mouldking.store\/wp-content\/uploads\/2022\/12\/MOC-124102-Horizon-Forbidden-West-Slitherfang-5-150x150.jpg 150w, https:\/\/mouldking.store\/wp-content\/uploads\/2022\/12\/MOC-124102-Horizon-Forbidden-West-Slitherfang-5-60x60.jpg 60w, https:\/\/mouldking.store\/wp-content\/uploads\/2022\/12\/MOC-124102-Horizon-Forbidden-West-Slitherfang-5-90x90.jpg 90w\" sizes=\"(max-width: 1000px) 100vw, 1000px\" \/><figcaption id=\"caption-attachment-37392\" class=\"wp-caption-text\">MOC-124102 Horizon Forbidden West Slitherfang Med 1431 stykker<\/figcaption><\/figure>\n<figure id=\"attachment_37393\" aria-describedby=\"caption-attachment-37393\" style=\"width: 1000px\" class=\"wp-caption aligncenter\"><img loading=\"lazy\" decoding=\"async\" class=\"wp-image-37393 size-full\" src=\"https:\/\/mouldking.store\/wp-content\/uploads\/2022\/12\/MOC-124102-Horizon-Forbidden-West-Slitherfang-4.jpg\" alt=\"MOC-124102 Horizon Forbidden West Slitherfang With 1431 Pieces\" width=\"1000\" height=\"1000\" title=\"-\" srcset=\"https:\/\/mouldking.store\/wp-content\/uploads\/2022\/12\/MOC-124102-Horizon-Forbidden-West-Slitherfang-4.jpg 1000w, https:\/\/mouldking.store\/wp-content\/uploads\/2022\/12\/MOC-124102-Horizon-Forbidden-West-Slitherfang-4-300x300.jpg 300w, https:\/\/mouldking.store\/wp-content\/uploads\/2022\/12\/MOC-124102-Horizon-Forbidden-West-Slitherfang-4-768x768.jpg 768w, https:\/\/mouldking.store\/wp-content\/uploads\/2022\/12\/MOC-124102-Horizon-Forbidden-West-Slitherfang-4-600x600.jpg 600w, https:\/\/mouldking.store\/wp-content\/uploads\/2022\/12\/MOC-124102-Horizon-Forbidden-West-Slitherfang-4-150x150.jpg 150w, https:\/\/mouldking.store\/wp-content\/uploads\/2022\/12\/MOC-124102-Horizon-Forbidden-West-Slitherfang-4-60x60.jpg 60w, https:\/\/mouldking.store\/wp-content\/uploads\/2022\/12\/MOC-124102-Horizon-Forbidden-West-Slitherfang-4-90x90.jpg 90w\" sizes=\"(max-width: 1000px) 100vw, 1000px\" \/><figcaption id=\"caption-attachment-37393\" class=\"wp-caption-text\">MOC-124102 Horizon Forbidden West Slitherfang Med 1431 stykker<\/figcaption><\/figure>\n<figure id=\"attachment_37394\" aria-describedby=\"caption-attachment-37394\" style=\"width: 1000px\" class=\"wp-caption aligncenter\"><img loading=\"lazy\" decoding=\"async\" class=\"wp-image-37394 size-full\" src=\"https:\/\/mouldking.store\/wp-content\/uploads\/2022\/12\/MOC-124102-Horizon-Forbidden-West-Slitherfang-3.jpg\" alt=\"MOC-124102 Horizon Forbidden West Slitherfang With 1431 Pieces\" width=\"1000\" height=\"1000\" title=\"-\" srcset=\"https:\/\/mouldking.store\/wp-content\/uploads\/2022\/12\/MOC-124102-Horizon-Forbidden-West-Slitherfang-3.jpg 1000w, https:\/\/mouldking.store\/wp-content\/uploads\/2022\/12\/MOC-124102-Horizon-Forbidden-West-Slitherfang-3-300x300.jpg 300w, https:\/\/mouldking.store\/wp-content\/uploads\/2022\/12\/MOC-124102-Horizon-Forbidden-West-Slitherfang-3-768x768.jpg 768w, https:\/\/mouldking.store\/wp-content\/uploads\/2022\/12\/MOC-124102-Horizon-Forbidden-West-Slitherfang-3-600x600.jpg 600w, https:\/\/mouldking.store\/wp-content\/uploads\/2022\/12\/MOC-124102-Horizon-Forbidden-West-Slitherfang-3-150x150.jpg 150w, https:\/\/mouldking.store\/wp-content\/uploads\/2022\/12\/MOC-124102-Horizon-Forbidden-West-Slitherfang-3-60x60.jpg 60w, https:\/\/mouldking.store\/wp-content\/uploads\/2022\/12\/MOC-124102-Horizon-Forbidden-West-Slitherfang-3-90x90.jpg 90w\" sizes=\"(max-width: 1000px) 100vw, 1000px\" \/><figcaption id=\"caption-attachment-37394\" class=\"wp-caption-text\">MOC-124102 Horizon Forbidden West Slitherfang Med 1431 stykker<\/figcaption><\/figure>\n<figure id=\"attachment_37395\" aria-describedby=\"caption-attachment-37395\" style=\"width: 1000px\" class=\"wp-caption aligncenter\"><img loading=\"lazy\" decoding=\"async\" class=\"wp-image-37395 size-full\" src=\"https:\/\/mouldking.store\/wp-content\/uploads\/2022\/12\/MOC-124102-Horizon-Forbidden-West-Slitherfang-2.jpg\" alt=\"MOC-124102 Horizon Forbidden West Slitherfang With 1431 Pieces\" width=\"1000\" height=\"1000\" title=\"-\" srcset=\"https:\/\/mouldking.store\/wp-content\/uploads\/2022\/12\/MOC-124102-Horizon-Forbidden-West-Slitherfang-2.jpg 1000w, https:\/\/mouldking.store\/wp-content\/uploads\/2022\/12\/MOC-124102-Horizon-Forbidden-West-Slitherfang-2-300x300.jpg 300w, https:\/\/mouldking.store\/wp-content\/uploads\/2022\/12\/MOC-124102-Horizon-Forbidden-West-Slitherfang-2-768x768.jpg 768w, https:\/\/mouldking.store\/wp-content\/uploads\/2022\/12\/MOC-124102-Horizon-Forbidden-West-Slitherfang-2-600x600.jpg 600w, https:\/\/mouldking.store\/wp-content\/uploads\/2022\/12\/MOC-124102-Horizon-Forbidden-West-Slitherfang-2-150x150.jpg 150w, https:\/\/mouldking.store\/wp-content\/uploads\/2022\/12\/MOC-124102-Horizon-Forbidden-West-Slitherfang-2-60x60.jpg 60w, https:\/\/mouldking.store\/wp-content\/uploads\/2022\/12\/MOC-124102-Horizon-Forbidden-West-Slitherfang-2-90x90.jpg 90w\" sizes=\"(max-width: 1000px) 100vw, 1000px\" \/><figcaption id=\"caption-attachment-37395\" class=\"wp-caption-text\">MOC-124102 Horizon Forbidden West Slitherfang Med 1431 stykker<\/figcaption><\/figure>\n<figure id=\"attachment_37396\" aria-describedby=\"caption-attachment-37396\" style=\"width: 1000px\" class=\"wp-caption aligncenter\"><img loading=\"lazy\" decoding=\"async\" class=\"wp-image-37396 size-full\" src=\"https:\/\/mouldking.store\/wp-content\/uploads\/2022\/12\/MOC-124102-Horizon-Forbidden-West-Slitherfang-1.jpg\" alt=\"MOC-124102 Horizon Forbidden West Slitherfang With 1431 Pieces\" width=\"1000\" height=\"1000\" title=\"-\" srcset=\"https:\/\/mouldking.store\/wp-content\/uploads\/2022\/12\/MOC-124102-Horizon-Forbidden-West-Slitherfang-1.jpg 1000w, https:\/\/mouldking.store\/wp-content\/uploads\/2022\/12\/MOC-124102-Horizon-Forbidden-West-Slitherfang-1-300x300.jpg 300w, https:\/\/mouldking.store\/wp-content\/uploads\/2022\/12\/MOC-124102-Horizon-Forbidden-West-Slitherfang-1-768x768.jpg 768w, https:\/\/mouldking.store\/wp-content\/uploads\/2022\/12\/MOC-124102-Horizon-Forbidden-West-Slitherfang-1-600x600.jpg 600w, https:\/\/mouldking.store\/wp-content\/uploads\/2022\/12\/MOC-124102-Horizon-Forbidden-West-Slitherfang-1-150x150.jpg 150w, https:\/\/mouldking.store\/wp-content\/uploads\/2022\/12\/MOC-124102-Horizon-Forbidden-West-Slitherfang-1-60x60.jpg 60w, https:\/\/mouldking.store\/wp-content\/uploads\/2022\/12\/MOC-124102-Horizon-Forbidden-West-Slitherfang-1-90x90.jpg 90w\" sizes=\"(max-width: 1000px) 100vw, 1000px\" \/><figcaption id=\"caption-attachment-37396\" class=\"wp-caption-text\">MOC-124102 Horizon Forbidden West Slitherfang Med 1431 stykker<\/figcaption><\/figure>","protected":false},"excerpt":{"rendered":"<p>Product information: Brand: MOC Gender: Unisex Name: Horizon Forbidden West Slitherfang Age Range: &gt; 6 years old Model Number: 124102 Classification: Assemblage Plastic Block Shape: Self-Locking Bricks Material: Plastic Plastic Type: ABS Bricks Blocks:1431 PCS Size: 52.8 x 28.7 x 44.2 cm Weight: 0.93 kg Contains detailed assembly instructions. Notice: 1. Without an original box, [&hellip;]<\/p>","protected":false},"featured_media":37389,"comment_status":"closed","ping_status":"closed","template":"","meta":{"_acf_changed":false},"product_cat":[1365,1406,371],"product_tag":[8964,8957,8967,5606,430,8968,8969,8963,8966,8965],"class_list":["product","first","instock","shipping-taxable","purchasable","product-type-simple"],"acf":[],"_links":{"self":[{"href":"https:\/\/mouldking.store\/nb\/wp-json\/wp\/v2\/product\/37388","targetHints":{"allow":["GET"]}}],"collection":[{"href":"https:\/\/mouldking.store\/nb\/wp-json\/wp\/v2\/product"}],"about":[{"href":"https:\/\/mouldking.store\/nb\/wp-json\/wp\/v2\/types\/product"}],"replies":[{"embeddable":true,"href":"https:\/\/mouldking.store\/nb\/wp-json\/wp\/v2\/comments?post=37388"}],"wp:featuredmedia":[{"embeddable":true,"href":"https:\/\/mouldking.store\/nb\/wp-json\/wp\/v2\/media\/37389"}],"wp:attachment":[{"href":"https:\/\/mouldking.store\/nb\/wp-json\/wp\/v2\/media?parent=37388"}],"wp:term":[{"taxonomy":"product_cat","embeddable":true,"href":"https:\/\/mouldking.store\/nb\/wp-json\/wp\/v2\/product_cat?post=37388"},{"taxonomy":"product_tag","embeddable":true,"href":"https:\/\/mouldking.store\/nb\/wp-json\/wp\/v2\/product_tag?post=37388"}],"curies":[{"name":"wp","href":"https:\/\/api.w.org\/{rel}","templated":true}]}}