{"id":37397,"date":"2022-12-06T17:43:49","date_gmt":"2022-12-06T10:43:49","guid":{"rendered":"https:\/\/mouldking.store\/?post_type=product&#038;p=37397"},"modified":"2025-12-25T09:12:13","modified_gmt":"2025-12-25T02:12:13","slug":"moc-124664-goauld-hatak-mothership-sg1-with-686-pieces","status":"publish","type":"product","link":"https:\/\/mouldking.store\/nb\/shop\/moc-124664-goauld-hatak-mothership-sg1-with-686-pieces\/","title":{"rendered":"MOC-124664 Goa&#039;uld Ha&#039;Tak Mothership \u2013 SG1 med 686 stykker"},"content":{"rendered":"<p>Produktinformasjon:<\/p>\n<ol>\n<li>Merke: MOC<\/li>\n<li>Kj\u00f8nn: Unisex<\/li>\n<li>Name: Goa\u2019uld Ha\u2019Tak Mothership \u2013 SG1<\/li>\n<li>Aldersgruppe: &gt; 6 \u00e5r gammel<\/li>\n<li>Model Number: 124664<\/li>\n<li>Klassifisering: Montering<\/li>\n<li>Plastblokkform: Selvl\u00e5sende murstein<\/li>\n<li>Materiale: Plast<\/li>\n<li>Plasttype: ABS<\/li>\n<li>Bricks Blocks:686 PCS<\/li>\n<li>Size: 32 x 32 x 15 cm<\/li>\n<li>Vekt: 0,72 kg<\/li>\n<li>Inneholder detaljerte monteringsanvisninger.<\/li>\n<\/ol>\n<p>Legge merke til:<br \/>\n1. Uten original eske, men vi garanterer at v\u00e5re produkter har kvalitetssikring og pen emballasje.<br \/>\n2. Som alle delene vi har sjekket f\u00f8r frakt, s\u00e5 hvis du finner noen deler savnet eller skadet, ikke bekymre deg og bare kontakt oss, s\u00e5 kan vi sende dem til deg p\u00e5 nytt umiddelbart gratis.<\/p>\n<figure id=\"attachment_37398\" aria-describedby=\"caption-attachment-37398\" style=\"width: 1004px\" class=\"wp-caption aligncenter\"><img fetchpriority=\"high\" decoding=\"async\" class=\"wp-image-37398 size-full\" src=\"https:\/\/mouldking.store\/wp-content\/uploads\/2022\/12\/MOC-124664-Space-Goauld-HaTak-Mothership-\u2013-SG1-MOC-FACTORY.png\" alt=\"MOC-124664 Goa\u2019uld Ha\u2019Tak Mothership \u2013 SG1 With 686 Pieces\" width=\"1004\" height=\"1004\" title=\"-\" srcset=\"https:\/\/mouldking.store\/wp-content\/uploads\/2022\/12\/MOC-124664-Space-Goauld-HaTak-Mothership-\u2013-SG1-MOC-FACTORY.png 1004w, https:\/\/mouldking.store\/wp-content\/uploads\/2022\/12\/MOC-124664-Space-Goauld-HaTak-Mothership-\u2013-SG1-MOC-FACTORY-300x300.png 300w, https:\/\/mouldking.store\/wp-content\/uploads\/2022\/12\/MOC-124664-Space-Goauld-HaTak-Mothership-\u2013-SG1-MOC-FACTORY-768x768.png 768w, https:\/\/mouldking.store\/wp-content\/uploads\/2022\/12\/MOC-124664-Space-Goauld-HaTak-Mothership-\u2013-SG1-MOC-FACTORY-600x600.png 600w, https:\/\/mouldking.store\/wp-content\/uploads\/2022\/12\/MOC-124664-Space-Goauld-HaTak-Mothership-\u2013-SG1-MOC-FACTORY-150x150.png 150w, https:\/\/mouldking.store\/wp-content\/uploads\/2022\/12\/MOC-124664-Space-Goauld-HaTak-Mothership-\u2013-SG1-MOC-FACTORY-60x60.png 60w, https:\/\/mouldking.store\/wp-content\/uploads\/2022\/12\/MOC-124664-Space-Goauld-HaTak-Mothership-\u2013-SG1-MOC-FACTORY-90x90.png 90w\" sizes=\"(max-width: 1004px) 100vw, 1004px\" \/><figcaption id=\"caption-attachment-37398\" class=\"wp-caption-text\">MOC-124664 Goa&#039;uld Ha&#039;Tak Mothership \u2013 SG1 med 686 stykker<\/figcaption><\/figure>\n<figure id=\"attachment_37399\" aria-describedby=\"caption-attachment-37399\" style=\"width: 1000px\" class=\"wp-caption aligncenter\"><img decoding=\"async\" class=\"wp-image-37399 size-full\" src=\"https:\/\/mouldking.store\/wp-content\/uploads\/2022\/12\/MOC-124664-Goauld-HaTak-Mothership-SG1-5.jpg\" alt=\"MOC-124664 Goa\u2019uld Ha\u2019Tak Mothership \u2013 SG1 With 686 Pieces\" width=\"1000\" height=\"1000\" title=\"-\" srcset=\"https:\/\/mouldking.store\/wp-content\/uploads\/2022\/12\/MOC-124664-Goauld-HaTak-Mothership-SG1-5.jpg 1000w, https:\/\/mouldking.store\/wp-content\/uploads\/2022\/12\/MOC-124664-Goauld-HaTak-Mothership-SG1-5-300x300.jpg 300w, https:\/\/mouldking.store\/wp-content\/uploads\/2022\/12\/MOC-124664-Goauld-HaTak-Mothership-SG1-5-768x768.jpg 768w, https:\/\/mouldking.store\/wp-content\/uploads\/2022\/12\/MOC-124664-Goauld-HaTak-Mothership-SG1-5-600x600.jpg 600w, https:\/\/mouldking.store\/wp-content\/uploads\/2022\/12\/MOC-124664-Goauld-HaTak-Mothership-SG1-5-150x150.jpg 150w, https:\/\/mouldking.store\/wp-content\/uploads\/2022\/12\/MOC-124664-Goauld-HaTak-Mothership-SG1-5-60x60.jpg 60w, https:\/\/mouldking.store\/wp-content\/uploads\/2022\/12\/MOC-124664-Goauld-HaTak-Mothership-SG1-5-90x90.jpg 90w\" sizes=\"(max-width: 1000px) 100vw, 1000px\" \/><figcaption id=\"caption-attachment-37399\" class=\"wp-caption-text\">MOC-124664 Goa&#039;uld Ha&#039;Tak Mothership \u2013 SG1 med 686 stykker<\/figcaption><\/figure>\n<figure id=\"attachment_37400\" aria-describedby=\"caption-attachment-37400\" style=\"width: 1000px\" class=\"wp-caption aligncenter\"><img decoding=\"async\" class=\"wp-image-37400 size-full\" src=\"https:\/\/mouldking.store\/wp-content\/uploads\/2022\/12\/MOC-124664-Goauld-HaTak-Mothership-SG1-4.jpg\" alt=\"MOC-124664 Goa\u2019uld Ha\u2019Tak Mothership \u2013 SG1 With 686 Pieces\" width=\"1000\" height=\"1000\" title=\"-\" srcset=\"https:\/\/mouldking.store\/wp-content\/uploads\/2022\/12\/MOC-124664-Goauld-HaTak-Mothership-SG1-4.jpg 1000w, https:\/\/mouldking.store\/wp-content\/uploads\/2022\/12\/MOC-124664-Goauld-HaTak-Mothership-SG1-4-300x300.jpg 300w, https:\/\/mouldking.store\/wp-content\/uploads\/2022\/12\/MOC-124664-Goauld-HaTak-Mothership-SG1-4-768x768.jpg 768w, https:\/\/mouldking.store\/wp-content\/uploads\/2022\/12\/MOC-124664-Goauld-HaTak-Mothership-SG1-4-600x600.jpg 600w, https:\/\/mouldking.store\/wp-content\/uploads\/2022\/12\/MOC-124664-Goauld-HaTak-Mothership-SG1-4-150x150.jpg 150w, https:\/\/mouldking.store\/wp-content\/uploads\/2022\/12\/MOC-124664-Goauld-HaTak-Mothership-SG1-4-60x60.jpg 60w, https:\/\/mouldking.store\/wp-content\/uploads\/2022\/12\/MOC-124664-Goauld-HaTak-Mothership-SG1-4-90x90.jpg 90w\" sizes=\"(max-width: 1000px) 100vw, 1000px\" \/><figcaption id=\"caption-attachment-37400\" class=\"wp-caption-text\">MOC-124664 Goa&#039;uld Ha&#039;Tak Mothership \u2013 SG1 med 686 stykker<\/figcaption><\/figure>\n<figure id=\"attachment_37401\" aria-describedby=\"caption-attachment-37401\" style=\"width: 1000px\" class=\"wp-caption aligncenter\"><img loading=\"lazy\" decoding=\"async\" class=\"wp-image-37401 size-full\" src=\"https:\/\/mouldking.store\/wp-content\/uploads\/2022\/12\/MOC-124664-Goauld-HaTak-Mothership-SG1-3.jpg\" alt=\"MOC-124664 Goa\u2019uld Ha\u2019Tak Mothership \u2013 SG1 With 686 Pieces\" width=\"1000\" height=\"1000\" title=\"-\" srcset=\"https:\/\/mouldking.store\/wp-content\/uploads\/2022\/12\/MOC-124664-Goauld-HaTak-Mothership-SG1-3.jpg 1000w, https:\/\/mouldking.store\/wp-content\/uploads\/2022\/12\/MOC-124664-Goauld-HaTak-Mothership-SG1-3-300x300.jpg 300w, https:\/\/mouldking.store\/wp-content\/uploads\/2022\/12\/MOC-124664-Goauld-HaTak-Mothership-SG1-3-768x768.jpg 768w, https:\/\/mouldking.store\/wp-content\/uploads\/2022\/12\/MOC-124664-Goauld-HaTak-Mothership-SG1-3-600x600.jpg 600w, https:\/\/mouldking.store\/wp-content\/uploads\/2022\/12\/MOC-124664-Goauld-HaTak-Mothership-SG1-3-150x150.jpg 150w, https:\/\/mouldking.store\/wp-content\/uploads\/2022\/12\/MOC-124664-Goauld-HaTak-Mothership-SG1-3-60x60.jpg 60w, https:\/\/mouldking.store\/wp-content\/uploads\/2022\/12\/MOC-124664-Goauld-HaTak-Mothership-SG1-3-90x90.jpg 90w\" sizes=\"(max-width: 1000px) 100vw, 1000px\" \/><figcaption id=\"caption-attachment-37401\" class=\"wp-caption-text\">MOC-124664 Goa&#039;uld Ha&#039;Tak Mothership \u2013 SG1 med 686 stykker<\/figcaption><\/figure>\n<figure id=\"attachment_37402\" aria-describedby=\"caption-attachment-37402\" style=\"width: 1000px\" class=\"wp-caption aligncenter\"><img loading=\"lazy\" decoding=\"async\" class=\"wp-image-37402 size-full\" src=\"https:\/\/mouldking.store\/wp-content\/uploads\/2022\/12\/MOC-124664-Goauld-HaTak-Mothership-SG1-2.jpg\" alt=\"MOC-124664 Goa\u2019uld Ha\u2019Tak Mothership \u2013 SG1 With 686 Pieces\" width=\"1000\" height=\"1000\" title=\"-\" srcset=\"https:\/\/mouldking.store\/wp-content\/uploads\/2022\/12\/MOC-124664-Goauld-HaTak-Mothership-SG1-2.jpg 1000w, https:\/\/mouldking.store\/wp-content\/uploads\/2022\/12\/MOC-124664-Goauld-HaTak-Mothership-SG1-2-300x300.jpg 300w, https:\/\/mouldking.store\/wp-content\/uploads\/2022\/12\/MOC-124664-Goauld-HaTak-Mothership-SG1-2-768x768.jpg 768w, https:\/\/mouldking.store\/wp-content\/uploads\/2022\/12\/MOC-124664-Goauld-HaTak-Mothership-SG1-2-600x600.jpg 600w, https:\/\/mouldking.store\/wp-content\/uploads\/2022\/12\/MOC-124664-Goauld-HaTak-Mothership-SG1-2-150x150.jpg 150w, https:\/\/mouldking.store\/wp-content\/uploads\/2022\/12\/MOC-124664-Goauld-HaTak-Mothership-SG1-2-60x60.jpg 60w, https:\/\/mouldking.store\/wp-content\/uploads\/2022\/12\/MOC-124664-Goauld-HaTak-Mothership-SG1-2-90x90.jpg 90w\" sizes=\"(max-width: 1000px) 100vw, 1000px\" \/><figcaption id=\"caption-attachment-37402\" class=\"wp-caption-text\">MOC-124664 Goa&#039;uld Ha&#039;Tak Mothership \u2013 SG1 med 686 stykker<\/figcaption><\/figure>\n<figure id=\"attachment_37403\" aria-describedby=\"caption-attachment-37403\" style=\"width: 799px\" class=\"wp-caption aligncenter\"><img loading=\"lazy\" decoding=\"async\" class=\"wp-image-37403 size-full\" src=\"https:\/\/mouldking.store\/wp-content\/uploads\/2022\/12\/MOC-124664-Goauld-HaTak-Mothership-SG1-1.jpg\" alt=\"MOC-124664 Goa\u2019uld Ha\u2019Tak Mothership \u2013 SG1 With 686 Pieces\" width=\"799\" height=\"1200\" title=\"-\" srcset=\"https:\/\/mouldking.store\/wp-content\/uploads\/2022\/12\/MOC-124664-Goauld-HaTak-Mothership-SG1-1.jpg 799w, https:\/\/mouldking.store\/wp-content\/uploads\/2022\/12\/MOC-124664-Goauld-HaTak-Mothership-SG1-1-200x300.jpg 200w, https:\/\/mouldking.store\/wp-content\/uploads\/2022\/12\/MOC-124664-Goauld-HaTak-Mothership-SG1-1-682x1024.jpg 682w, https:\/\/mouldking.store\/wp-content\/uploads\/2022\/12\/MOC-124664-Goauld-HaTak-Mothership-SG1-1-768x1153.jpg 768w, https:\/\/mouldking.store\/wp-content\/uploads\/2022\/12\/MOC-124664-Goauld-HaTak-Mothership-SG1-1-300x451.jpg 300w, https:\/\/mouldking.store\/wp-content\/uploads\/2022\/12\/MOC-124664-Goauld-HaTak-Mothership-SG1-1-600x901.jpg 600w, https:\/\/mouldking.store\/wp-content\/uploads\/2022\/12\/MOC-124664-Goauld-HaTak-Mothership-SG1-1-100x150.jpg 100w, https:\/\/mouldking.store\/wp-content\/uploads\/2022\/12\/MOC-124664-Goauld-HaTak-Mothership-SG1-1-40x60.jpg 40w, https:\/\/mouldking.store\/wp-content\/uploads\/2022\/12\/MOC-124664-Goauld-HaTak-Mothership-SG1-1-60x90.jpg 60w\" sizes=\"(max-width: 799px) 100vw, 799px\" \/><figcaption id=\"caption-attachment-37403\" class=\"wp-caption-text\">MOC-124664 Goa&#039;uld Ha&#039;Tak Mothership \u2013 SG1 med 686 stykker<\/figcaption><\/figure>","protected":false},"excerpt":{"rendered":"<p>Product information: Brand: MOC Gender: Unisex Name: Goa\u2019uld Ha\u2019Tak Mothership \u2013 SG1 Age Range: &gt; 6 years old Model Number: 124664 Classification: Assemblage Plastic Block Shape: Self-Locking Bricks Material: Plastic Plastic Type: ABS Bricks Blocks:686 PCS Size: 32 x 32 x 15 cm Weight: 0.72 kg Contains detailed assembly instructions. Notice: 1. Without an original [&hellip;]<\/p>","protected":false},"featured_media":37398,"comment_status":"closed","ping_status":"closed","template":"","meta":{"_acf_changed":false},"product_cat":[1406,6016],"product_tag":[8971,8972,8975,8976,8977,8973,430,8978,8979,8970,8974],"class_list":["product","first","instock","shipping-taxable","purchasable","product-type-simple"],"acf":[],"_links":{"self":[{"href":"https:\/\/mouldking.store\/nb\/wp-json\/wp\/v2\/product\/37397","targetHints":{"allow":["GET"]}}],"collection":[{"href":"https:\/\/mouldking.store\/nb\/wp-json\/wp\/v2\/product"}],"about":[{"href":"https:\/\/mouldking.store\/nb\/wp-json\/wp\/v2\/types\/product"}],"replies":[{"embeddable":true,"href":"https:\/\/mouldking.store\/nb\/wp-json\/wp\/v2\/comments?post=37397"}],"wp:featuredmedia":[{"embeddable":true,"href":"https:\/\/mouldking.store\/nb\/wp-json\/wp\/v2\/media\/37398"}],"wp:attachment":[{"href":"https:\/\/mouldking.store\/nb\/wp-json\/wp\/v2\/media?parent=37397"}],"wp:term":[{"taxonomy":"product_cat","embeddable":true,"href":"https:\/\/mouldking.store\/nb\/wp-json\/wp\/v2\/product_cat?post=37397"},{"taxonomy":"product_tag","embeddable":true,"href":"https:\/\/mouldking.store\/nb\/wp-json\/wp\/v2\/product_tag?post=37397"}],"curies":[{"name":"wp","href":"https:\/\/api.w.org\/{rel}","templated":true}]}}