{"id":37434,"date":"2022-12-06T18:23:58","date_gmt":"2022-12-06T11:23:58","guid":{"rendered":"https:\/\/mouldking.store\/?post_type=product&#038;p=37434"},"modified":"2025-12-25T09:12:12","modified_gmt":"2025-12-25T02:12:12","slug":"moc-89531-horizon-zero-dawn-grazer-with-210-pieces","status":"publish","type":"product","link":"https:\/\/mouldking.store\/nb\/shop\/moc-89531-horizon-zero-dawn-grazer-with-210-pieces\/","title":{"rendered":"MOC-89531 Horizon Zero Dawn Grazer med 210 stk"},"content":{"rendered":"<p>Produktinformasjon:<\/p>\n<ol>\n<li>Merke: MOC<\/li>\n<li>Kj\u00f8nn: Unisex<\/li>\n<li>Name: Horizon Zero Dawn Grazer<\/li>\n<li>Aldersgruppe: &gt; 6 \u00e5r gammel<\/li>\n<li>Model Number: 89531<\/li>\n<li>Klassifisering: Montering<\/li>\n<li>Plastblokkform: Selvl\u00e5sende murstein<\/li>\n<li>Materiale: Plast<\/li>\n<li>Plasttype: ABS<\/li>\n<li>Bricks Blocks:210 PCS<\/li>\n<li>Size: 15 x 9.7 x 16 cm<\/li>\n<li>Weight: 0.08 kg<\/li>\n<li>Inneholder detaljerte monteringsanvisninger.<\/li>\n<\/ol>\n<p>Legge merke til:<br \/>\n1. Uten original eske, men vi garanterer at v\u00e5re produkter har kvalitetssikring og pen emballasje.<br \/>\n2. Som alle delene vi har sjekket f\u00f8r frakt, s\u00e5 hvis du finner noen deler savnet eller skadet, ikke bekymre deg og bare kontakt oss, s\u00e5 kan vi sende dem til deg p\u00e5 nytt umiddelbart gratis.<\/p>\n<figure id=\"attachment_37435\" aria-describedby=\"caption-attachment-37435\" style=\"width: 1004px\" class=\"wp-caption aligncenter\"><img fetchpriority=\"high\" decoding=\"async\" class=\"wp-image-37435 size-full\" src=\"https:\/\/mouldking.store\/wp-content\/uploads\/2022\/12\/MOC-89531-Creator-Horizon-Zero-Dawn-Grazer-MOC-FACTORY.png\" alt=\"MOC-89531 Horizon Zero Dawn Grazer With 210 Pieces\" width=\"1004\" height=\"1004\" title=\"-\" srcset=\"https:\/\/mouldking.store\/wp-content\/uploads\/2022\/12\/MOC-89531-Creator-Horizon-Zero-Dawn-Grazer-MOC-FACTORY.png 1004w, https:\/\/mouldking.store\/wp-content\/uploads\/2022\/12\/MOC-89531-Creator-Horizon-Zero-Dawn-Grazer-MOC-FACTORY-300x300.png 300w, https:\/\/mouldking.store\/wp-content\/uploads\/2022\/12\/MOC-89531-Creator-Horizon-Zero-Dawn-Grazer-MOC-FACTORY-768x768.png 768w, https:\/\/mouldking.store\/wp-content\/uploads\/2022\/12\/MOC-89531-Creator-Horizon-Zero-Dawn-Grazer-MOC-FACTORY-600x600.png 600w, https:\/\/mouldking.store\/wp-content\/uploads\/2022\/12\/MOC-89531-Creator-Horizon-Zero-Dawn-Grazer-MOC-FACTORY-150x150.png 150w, https:\/\/mouldking.store\/wp-content\/uploads\/2022\/12\/MOC-89531-Creator-Horizon-Zero-Dawn-Grazer-MOC-FACTORY-60x60.png 60w, https:\/\/mouldking.store\/wp-content\/uploads\/2022\/12\/MOC-89531-Creator-Horizon-Zero-Dawn-Grazer-MOC-FACTORY-90x90.png 90w\" sizes=\"(max-width: 1004px) 100vw, 1004px\" \/><figcaption id=\"caption-attachment-37435\" class=\"wp-caption-text\">MOC-89531 Horizon Zero Dawn Grazer med 210 stk<\/figcaption><\/figure>\n<figure id=\"attachment_37436\" aria-describedby=\"caption-attachment-37436\" style=\"width: 1000px\" class=\"wp-caption aligncenter\"><img decoding=\"async\" class=\"wp-image-37436 size-full\" src=\"https:\/\/mouldking.store\/wp-content\/uploads\/2022\/12\/MOC-Horizon-Zero-Dawn-Grazer-9.jpg\" alt=\"MOC-89531 Horizon Zero Dawn Grazer With 210 Pieces\" width=\"1000\" height=\"1000\" title=\"-\" srcset=\"https:\/\/mouldking.store\/wp-content\/uploads\/2022\/12\/MOC-Horizon-Zero-Dawn-Grazer-9.jpg 1000w, https:\/\/mouldking.store\/wp-content\/uploads\/2022\/12\/MOC-Horizon-Zero-Dawn-Grazer-9-300x300.jpg 300w, https:\/\/mouldking.store\/wp-content\/uploads\/2022\/12\/MOC-Horizon-Zero-Dawn-Grazer-9-768x768.jpg 768w, https:\/\/mouldking.store\/wp-content\/uploads\/2022\/12\/MOC-Horizon-Zero-Dawn-Grazer-9-600x600.jpg 600w, https:\/\/mouldking.store\/wp-content\/uploads\/2022\/12\/MOC-Horizon-Zero-Dawn-Grazer-9-150x150.jpg 150w, https:\/\/mouldking.store\/wp-content\/uploads\/2022\/12\/MOC-Horizon-Zero-Dawn-Grazer-9-60x60.jpg 60w, https:\/\/mouldking.store\/wp-content\/uploads\/2022\/12\/MOC-Horizon-Zero-Dawn-Grazer-9-90x90.jpg 90w\" sizes=\"(max-width: 1000px) 100vw, 1000px\" \/><figcaption id=\"caption-attachment-37436\" class=\"wp-caption-text\">MOC-89531 Horizon Zero Dawn Grazer med 210 stk<\/figcaption><\/figure>\n<figure id=\"attachment_37437\" aria-describedby=\"caption-attachment-37437\" style=\"width: 1000px\" class=\"wp-caption aligncenter\"><img decoding=\"async\" class=\"wp-image-37437 size-full\" src=\"https:\/\/mouldking.store\/wp-content\/uploads\/2022\/12\/MOC-Horizon-Zero-Dawn-Grazer-8.jpg\" alt=\"MOC-89531 Horizon Zero Dawn Grazer With 210 Pieces\" width=\"1000\" height=\"1000\" title=\"-\" srcset=\"https:\/\/mouldking.store\/wp-content\/uploads\/2022\/12\/MOC-Horizon-Zero-Dawn-Grazer-8.jpg 1000w, https:\/\/mouldking.store\/wp-content\/uploads\/2022\/12\/MOC-Horizon-Zero-Dawn-Grazer-8-300x300.jpg 300w, https:\/\/mouldking.store\/wp-content\/uploads\/2022\/12\/MOC-Horizon-Zero-Dawn-Grazer-8-768x768.jpg 768w, https:\/\/mouldking.store\/wp-content\/uploads\/2022\/12\/MOC-Horizon-Zero-Dawn-Grazer-8-600x600.jpg 600w, https:\/\/mouldking.store\/wp-content\/uploads\/2022\/12\/MOC-Horizon-Zero-Dawn-Grazer-8-150x150.jpg 150w, https:\/\/mouldking.store\/wp-content\/uploads\/2022\/12\/MOC-Horizon-Zero-Dawn-Grazer-8-60x60.jpg 60w, https:\/\/mouldking.store\/wp-content\/uploads\/2022\/12\/MOC-Horizon-Zero-Dawn-Grazer-8-90x90.jpg 90w\" sizes=\"(max-width: 1000px) 100vw, 1000px\" \/><figcaption id=\"caption-attachment-37437\" class=\"wp-caption-text\">MOC-89531 Horizon Zero Dawn Grazer med 210 stk<\/figcaption><\/figure>\n<figure id=\"attachment_37438\" aria-describedby=\"caption-attachment-37438\" style=\"width: 1000px\" class=\"wp-caption aligncenter\"><img loading=\"lazy\" decoding=\"async\" class=\"wp-image-37438 size-full\" src=\"https:\/\/mouldking.store\/wp-content\/uploads\/2022\/12\/MOC-Horizon-Zero-Dawn-Grazer-7.jpg\" alt=\"MOC-89531 Horizon Zero Dawn Grazer With 210 Pieces\" width=\"1000\" height=\"1000\" title=\"-\" srcset=\"https:\/\/mouldking.store\/wp-content\/uploads\/2022\/12\/MOC-Horizon-Zero-Dawn-Grazer-7.jpg 1000w, https:\/\/mouldking.store\/wp-content\/uploads\/2022\/12\/MOC-Horizon-Zero-Dawn-Grazer-7-300x300.jpg 300w, https:\/\/mouldking.store\/wp-content\/uploads\/2022\/12\/MOC-Horizon-Zero-Dawn-Grazer-7-768x768.jpg 768w, https:\/\/mouldking.store\/wp-content\/uploads\/2022\/12\/MOC-Horizon-Zero-Dawn-Grazer-7-600x600.jpg 600w, https:\/\/mouldking.store\/wp-content\/uploads\/2022\/12\/MOC-Horizon-Zero-Dawn-Grazer-7-150x150.jpg 150w, https:\/\/mouldking.store\/wp-content\/uploads\/2022\/12\/MOC-Horizon-Zero-Dawn-Grazer-7-60x60.jpg 60w, https:\/\/mouldking.store\/wp-content\/uploads\/2022\/12\/MOC-Horizon-Zero-Dawn-Grazer-7-90x90.jpg 90w\" sizes=\"(max-width: 1000px) 100vw, 1000px\" \/><figcaption id=\"caption-attachment-37438\" class=\"wp-caption-text\">MOC-89531 Horizon Zero Dawn Grazer med 210 stk<\/figcaption><\/figure>\n<figure id=\"attachment_37439\" aria-describedby=\"caption-attachment-37439\" style=\"width: 1000px\" class=\"wp-caption aligncenter\"><img loading=\"lazy\" decoding=\"async\" class=\"wp-image-37439 size-full\" src=\"https:\/\/mouldking.store\/wp-content\/uploads\/2022\/12\/MOC-Horizon-Zero-Dawn-Grazer-6.jpg\" alt=\"MOC-89531 Horizon Zero Dawn Grazer With 210 Pieces\" width=\"1000\" height=\"1000\" title=\"-\" srcset=\"https:\/\/mouldking.store\/wp-content\/uploads\/2022\/12\/MOC-Horizon-Zero-Dawn-Grazer-6.jpg 1000w, https:\/\/mouldking.store\/wp-content\/uploads\/2022\/12\/MOC-Horizon-Zero-Dawn-Grazer-6-300x300.jpg 300w, https:\/\/mouldking.store\/wp-content\/uploads\/2022\/12\/MOC-Horizon-Zero-Dawn-Grazer-6-768x768.jpg 768w, https:\/\/mouldking.store\/wp-content\/uploads\/2022\/12\/MOC-Horizon-Zero-Dawn-Grazer-6-600x600.jpg 600w, https:\/\/mouldking.store\/wp-content\/uploads\/2022\/12\/MOC-Horizon-Zero-Dawn-Grazer-6-150x150.jpg 150w, https:\/\/mouldking.store\/wp-content\/uploads\/2022\/12\/MOC-Horizon-Zero-Dawn-Grazer-6-60x60.jpg 60w, https:\/\/mouldking.store\/wp-content\/uploads\/2022\/12\/MOC-Horizon-Zero-Dawn-Grazer-6-90x90.jpg 90w\" sizes=\"(max-width: 1000px) 100vw, 1000px\" \/><figcaption id=\"caption-attachment-37439\" class=\"wp-caption-text\">MOC-89531 Horizon Zero Dawn Grazer med 210 stk<\/figcaption><\/figure>\n<figure id=\"attachment_37440\" aria-describedby=\"caption-attachment-37440\" style=\"width: 1000px\" class=\"wp-caption aligncenter\"><img loading=\"lazy\" decoding=\"async\" class=\"wp-image-37440 size-full\" src=\"https:\/\/mouldking.store\/wp-content\/uploads\/2022\/12\/MOC-Horizon-Zero-Dawn-Grazer-5.jpg\" alt=\"MOC-89531 Horizon Zero Dawn Grazer With 210 Pieces\" width=\"1000\" height=\"1000\" title=\"-\" srcset=\"https:\/\/mouldking.store\/wp-content\/uploads\/2022\/12\/MOC-Horizon-Zero-Dawn-Grazer-5.jpg 1000w, https:\/\/mouldking.store\/wp-content\/uploads\/2022\/12\/MOC-Horizon-Zero-Dawn-Grazer-5-300x300.jpg 300w, https:\/\/mouldking.store\/wp-content\/uploads\/2022\/12\/MOC-Horizon-Zero-Dawn-Grazer-5-768x768.jpg 768w, https:\/\/mouldking.store\/wp-content\/uploads\/2022\/12\/MOC-Horizon-Zero-Dawn-Grazer-5-600x600.jpg 600w, https:\/\/mouldking.store\/wp-content\/uploads\/2022\/12\/MOC-Horizon-Zero-Dawn-Grazer-5-150x150.jpg 150w, https:\/\/mouldking.store\/wp-content\/uploads\/2022\/12\/MOC-Horizon-Zero-Dawn-Grazer-5-60x60.jpg 60w, https:\/\/mouldking.store\/wp-content\/uploads\/2022\/12\/MOC-Horizon-Zero-Dawn-Grazer-5-90x90.jpg 90w\" sizes=\"(max-width: 1000px) 100vw, 1000px\" \/><figcaption id=\"caption-attachment-37440\" class=\"wp-caption-text\">MOC-89531 Horizon Zero Dawn Grazer med 210 stk<\/figcaption><\/figure>\n<figure id=\"attachment_37441\" aria-describedby=\"caption-attachment-37441\" style=\"width: 1000px\" class=\"wp-caption aligncenter\"><img loading=\"lazy\" decoding=\"async\" class=\"wp-image-37441 size-full\" src=\"https:\/\/mouldking.store\/wp-content\/uploads\/2022\/12\/MOC-Horizon-Zero-Dawn-Grazer-4.jpg\" alt=\"MOC-89531 Horizon Zero Dawn Grazer With 210 Pieces\" width=\"1000\" height=\"1000\" title=\"-\" srcset=\"https:\/\/mouldking.store\/wp-content\/uploads\/2022\/12\/MOC-Horizon-Zero-Dawn-Grazer-4.jpg 1000w, https:\/\/mouldking.store\/wp-content\/uploads\/2022\/12\/MOC-Horizon-Zero-Dawn-Grazer-4-300x300.jpg 300w, https:\/\/mouldking.store\/wp-content\/uploads\/2022\/12\/MOC-Horizon-Zero-Dawn-Grazer-4-768x768.jpg 768w, https:\/\/mouldking.store\/wp-content\/uploads\/2022\/12\/MOC-Horizon-Zero-Dawn-Grazer-4-600x600.jpg 600w, https:\/\/mouldking.store\/wp-content\/uploads\/2022\/12\/MOC-Horizon-Zero-Dawn-Grazer-4-150x150.jpg 150w, https:\/\/mouldking.store\/wp-content\/uploads\/2022\/12\/MOC-Horizon-Zero-Dawn-Grazer-4-60x60.jpg 60w, https:\/\/mouldking.store\/wp-content\/uploads\/2022\/12\/MOC-Horizon-Zero-Dawn-Grazer-4-90x90.jpg 90w\" sizes=\"(max-width: 1000px) 100vw, 1000px\" \/><figcaption id=\"caption-attachment-37441\" class=\"wp-caption-text\">MOC-89531 Horizon Zero Dawn Grazer med 210 stk<\/figcaption><\/figure>\n<figure id=\"attachment_37442\" aria-describedby=\"caption-attachment-37442\" style=\"width: 1000px\" class=\"wp-caption aligncenter\"><img loading=\"lazy\" decoding=\"async\" class=\"wp-image-37442 size-full\" src=\"https:\/\/mouldking.store\/wp-content\/uploads\/2022\/12\/MOC-Horizon-Zero-Dawn-Grazer-3.jpg\" alt=\"MOC-89531 Horizon Zero Dawn Grazer With 210 Pieces\" width=\"1000\" height=\"1000\" title=\"-\" srcset=\"https:\/\/mouldking.store\/wp-content\/uploads\/2022\/12\/MOC-Horizon-Zero-Dawn-Grazer-3.jpg 1000w, https:\/\/mouldking.store\/wp-content\/uploads\/2022\/12\/MOC-Horizon-Zero-Dawn-Grazer-3-300x300.jpg 300w, https:\/\/mouldking.store\/wp-content\/uploads\/2022\/12\/MOC-Horizon-Zero-Dawn-Grazer-3-768x768.jpg 768w, https:\/\/mouldking.store\/wp-content\/uploads\/2022\/12\/MOC-Horizon-Zero-Dawn-Grazer-3-600x600.jpg 600w, https:\/\/mouldking.store\/wp-content\/uploads\/2022\/12\/MOC-Horizon-Zero-Dawn-Grazer-3-150x150.jpg 150w, https:\/\/mouldking.store\/wp-content\/uploads\/2022\/12\/MOC-Horizon-Zero-Dawn-Grazer-3-60x60.jpg 60w, https:\/\/mouldking.store\/wp-content\/uploads\/2022\/12\/MOC-Horizon-Zero-Dawn-Grazer-3-90x90.jpg 90w\" sizes=\"(max-width: 1000px) 100vw, 1000px\" \/><figcaption id=\"caption-attachment-37442\" class=\"wp-caption-text\">MOC-89531 Horizon Zero Dawn Grazer med 210 stk<\/figcaption><\/figure>\n<figure id=\"attachment_37443\" aria-describedby=\"caption-attachment-37443\" style=\"width: 1000px\" class=\"wp-caption aligncenter\"><img loading=\"lazy\" decoding=\"async\" class=\"wp-image-37443 size-full\" src=\"https:\/\/mouldking.store\/wp-content\/uploads\/2022\/12\/MOC-Horizon-Zero-Dawn-Grazer-2.jpg\" alt=\"MOC-89531 Horizon Zero Dawn Grazer With 210 Pieces\" width=\"1000\" height=\"1000\" title=\"-\" srcset=\"https:\/\/mouldking.store\/wp-content\/uploads\/2022\/12\/MOC-Horizon-Zero-Dawn-Grazer-2.jpg 1000w, https:\/\/mouldking.store\/wp-content\/uploads\/2022\/12\/MOC-Horizon-Zero-Dawn-Grazer-2-300x300.jpg 300w, https:\/\/mouldking.store\/wp-content\/uploads\/2022\/12\/MOC-Horizon-Zero-Dawn-Grazer-2-768x768.jpg 768w, https:\/\/mouldking.store\/wp-content\/uploads\/2022\/12\/MOC-Horizon-Zero-Dawn-Grazer-2-600x600.jpg 600w, https:\/\/mouldking.store\/wp-content\/uploads\/2022\/12\/MOC-Horizon-Zero-Dawn-Grazer-2-150x150.jpg 150w, https:\/\/mouldking.store\/wp-content\/uploads\/2022\/12\/MOC-Horizon-Zero-Dawn-Grazer-2-60x60.jpg 60w, https:\/\/mouldking.store\/wp-content\/uploads\/2022\/12\/MOC-Horizon-Zero-Dawn-Grazer-2-90x90.jpg 90w\" sizes=\"(max-width: 1000px) 100vw, 1000px\" \/><figcaption id=\"caption-attachment-37443\" class=\"wp-caption-text\">MOC-89531 Horizon Zero Dawn Grazer med 210 stk<\/figcaption><\/figure>\n<figure id=\"attachment_37444\" aria-describedby=\"caption-attachment-37444\" style=\"width: 1000px\" class=\"wp-caption aligncenter\"><img loading=\"lazy\" decoding=\"async\" class=\"wp-image-37444 size-full\" src=\"https:\/\/mouldking.store\/wp-content\/uploads\/2022\/12\/MOC-Horizon-Zero-Dawn-Grazer-1.jpg\" alt=\"MOC-89531 Horizon Zero Dawn Grazer With 210 Pieces\" width=\"1000\" height=\"1000\" title=\"-\" srcset=\"https:\/\/mouldking.store\/wp-content\/uploads\/2022\/12\/MOC-Horizon-Zero-Dawn-Grazer-1.jpg 1000w, https:\/\/mouldking.store\/wp-content\/uploads\/2022\/12\/MOC-Horizon-Zero-Dawn-Grazer-1-300x300.jpg 300w, https:\/\/mouldking.store\/wp-content\/uploads\/2022\/12\/MOC-Horizon-Zero-Dawn-Grazer-1-768x768.jpg 768w, https:\/\/mouldking.store\/wp-content\/uploads\/2022\/12\/MOC-Horizon-Zero-Dawn-Grazer-1-600x600.jpg 600w, https:\/\/mouldking.store\/wp-content\/uploads\/2022\/12\/MOC-Horizon-Zero-Dawn-Grazer-1-150x150.jpg 150w, https:\/\/mouldking.store\/wp-content\/uploads\/2022\/12\/MOC-Horizon-Zero-Dawn-Grazer-1-60x60.jpg 60w, https:\/\/mouldking.store\/wp-content\/uploads\/2022\/12\/MOC-Horizon-Zero-Dawn-Grazer-1-90x90.jpg 90w\" sizes=\"(max-width: 1000px) 100vw, 1000px\" \/><figcaption id=\"caption-attachment-37444\" class=\"wp-caption-text\">MOC-89531 Horizon Zero Dawn Grazer med 210 stk<\/figcaption><\/figure>","protected":false},"excerpt":{"rendered":"<p>Product information: Brand: MOC Gender: Unisex Name: Horizon Zero Dawn Grazer Age Range: &gt; 6 years old Model Number: 89531 Classification: Assemblage Plastic Block Shape: Self-Locking Bricks Material: Plastic Plastic Type: ABS Bricks Blocks:210 PCS Size: 15 x 9.7 x 16 cm Weight: 0.08 kg Contains detailed assembly instructions. Notice: 1. Without an original box, [&hellip;]<\/p>","protected":false},"featured_media":37435,"comment_status":"closed","ping_status":"closed","template":"","meta":{"_acf_changed":false},"product_cat":[1365,1406,371],"product_tag":[9007,9009,9010,8168,5808,9011,430,9012,9013,9006,9008,8169],"class_list":["product","first","instock","shipping-taxable","purchasable","product-type-simple"],"acf":[],"_links":{"self":[{"href":"https:\/\/mouldking.store\/nb\/wp-json\/wp\/v2\/product\/37434","targetHints":{"allow":["GET"]}}],"collection":[{"href":"https:\/\/mouldking.store\/nb\/wp-json\/wp\/v2\/product"}],"about":[{"href":"https:\/\/mouldking.store\/nb\/wp-json\/wp\/v2\/types\/product"}],"replies":[{"embeddable":true,"href":"https:\/\/mouldking.store\/nb\/wp-json\/wp\/v2\/comments?post=37434"}],"wp:featuredmedia":[{"embeddable":true,"href":"https:\/\/mouldking.store\/nb\/wp-json\/wp\/v2\/media\/37435"}],"wp:attachment":[{"href":"https:\/\/mouldking.store\/nb\/wp-json\/wp\/v2\/media?parent=37434"}],"wp:term":[{"taxonomy":"product_cat","embeddable":true,"href":"https:\/\/mouldking.store\/nb\/wp-json\/wp\/v2\/product_cat?post=37434"},{"taxonomy":"product_tag","embeddable":true,"href":"https:\/\/mouldking.store\/nb\/wp-json\/wp\/v2\/product_tag?post=37434"}],"curies":[{"name":"wp","href":"https:\/\/api.w.org\/{rel}","templated":true}]}}