{"id":37521,"date":"2022-12-07T10:13:14","date_gmt":"2022-12-07T03:13:14","guid":{"rendered":"https:\/\/mouldking.store\/?post_type=product&#038;p=37521"},"modified":"2022-12-07T10:13:15","modified_gmt":"2022-12-07T03:13:15","slug":"fiftyseven-no-57-6-oni-flame","status":"publish","type":"product","link":"https:\/\/mouldking.store\/nb\/shop\/fiftyseven-no-57-6-oni-flame\/","title":{"rendered":"FIFTYSEVEN No 57 6 ONI FLAMME"},"content":{"rendered":"<p>Produktinformasjon:<\/p>\n<ol>\n<li>Merke: FIFTYSEVEN<\/li>\n<li>Kj\u00f8nn: Unisex<\/li>\n<li>Name: ONI FLAME<\/li>\n<li>Aldersgruppe: &gt; 6 \u00e5r gammel<\/li>\n<li>Model Number: No 57 6<\/li>\n<li>Klassifisering: Montering<\/li>\n<li>Plastblokkform: Selvl\u00e5sende murstein<\/li>\n<li>Materiale: Plast<\/li>\n<li>Plasttype: ABS<\/li>\n<li>Inneholder detaljerte monteringsanvisninger.<\/li>\n<\/ol>\n<p>Legge merke til:<br \/>\n1. Uten original eske, men vi garanterer at v\u00e5re produkter har kvalitetssikring og pen emballasje.<br \/>\n2. Som alle delene vi har sjekket f\u00f8r frakt, s\u00e5 hvis du finner noen deler savnet eller skadet, ikke bekymre deg og bare kontakt oss, s\u00e5 kan vi sende dem til deg p\u00e5 nytt umiddelbart gratis.<\/p>\n<figure id=\"attachment_37522\" aria-describedby=\"caption-attachment-37522\" style=\"width: 800px\" class=\"wp-caption aligncenter\"><img fetchpriority=\"high\" decoding=\"async\" class=\"wp-image-37522 size-full\" src=\"https:\/\/mouldking.store\/wp-content\/uploads\/2022\/12\/FIFTYSEVEN-No-57-ONI-FLAME-3.jpg\" alt=\"FIFTYSEVEN No 57 6 ONI FLAME\" width=\"800\" height=\"800\" title=\"-\" srcset=\"https:\/\/mouldking.store\/wp-content\/uploads\/2022\/12\/FIFTYSEVEN-No-57-ONI-FLAME-3.jpg 800w, https:\/\/mouldking.store\/wp-content\/uploads\/2022\/12\/FIFTYSEVEN-No-57-ONI-FLAME-3-300x300.jpg 300w, https:\/\/mouldking.store\/wp-content\/uploads\/2022\/12\/FIFTYSEVEN-No-57-ONI-FLAME-3-768x768.jpg 768w, https:\/\/mouldking.store\/wp-content\/uploads\/2022\/12\/FIFTYSEVEN-No-57-ONI-FLAME-3-600x600.jpg 600w, https:\/\/mouldking.store\/wp-content\/uploads\/2022\/12\/FIFTYSEVEN-No-57-ONI-FLAME-3-150x150.jpg 150w, https:\/\/mouldking.store\/wp-content\/uploads\/2022\/12\/FIFTYSEVEN-No-57-ONI-FLAME-3-60x60.jpg 60w, https:\/\/mouldking.store\/wp-content\/uploads\/2022\/12\/FIFTYSEVEN-No-57-ONI-FLAME-3-90x90.jpg 90w\" sizes=\"(max-width: 800px) 100vw, 800px\" \/><figcaption id=\"caption-attachment-37522\" class=\"wp-caption-text\">FIFTYSEVEN No 57 6 ONI FLAMME<\/figcaption><\/figure>\n<figure id=\"attachment_37523\" aria-describedby=\"caption-attachment-37523\" style=\"width: 800px\" class=\"wp-caption aligncenter\"><img decoding=\"async\" class=\"wp-image-37523 size-full\" src=\"https:\/\/mouldking.store\/wp-content\/uploads\/2022\/12\/FIFTYSEVEN-No-57-ONI-FLAME-2.jpg\" alt=\"FIFTYSEVEN No 57 6 ONI FLAME\" width=\"800\" height=\"800\" title=\"-\" srcset=\"https:\/\/mouldking.store\/wp-content\/uploads\/2022\/12\/FIFTYSEVEN-No-57-ONI-FLAME-2.jpg 800w, https:\/\/mouldking.store\/wp-content\/uploads\/2022\/12\/FIFTYSEVEN-No-57-ONI-FLAME-2-300x300.jpg 300w, https:\/\/mouldking.store\/wp-content\/uploads\/2022\/12\/FIFTYSEVEN-No-57-ONI-FLAME-2-768x768.jpg 768w, https:\/\/mouldking.store\/wp-content\/uploads\/2022\/12\/FIFTYSEVEN-No-57-ONI-FLAME-2-600x600.jpg 600w, https:\/\/mouldking.store\/wp-content\/uploads\/2022\/12\/FIFTYSEVEN-No-57-ONI-FLAME-2-150x150.jpg 150w, https:\/\/mouldking.store\/wp-content\/uploads\/2022\/12\/FIFTYSEVEN-No-57-ONI-FLAME-2-60x60.jpg 60w, https:\/\/mouldking.store\/wp-content\/uploads\/2022\/12\/FIFTYSEVEN-No-57-ONI-FLAME-2-90x90.jpg 90w\" sizes=\"(max-width: 800px) 100vw, 800px\" \/><figcaption id=\"caption-attachment-37523\" class=\"wp-caption-text\">FIFTYSEVEN No 57 6 ONI FLAMME<\/figcaption><\/figure>\n<figure id=\"attachment_37524\" aria-describedby=\"caption-attachment-37524\" style=\"width: 790px\" class=\"wp-caption aligncenter\"><img decoding=\"async\" class=\"wp-image-37524 size-full\" src=\"https:\/\/mouldking.store\/wp-content\/uploads\/2022\/12\/FIFTYSEVEN-No-57-ONI-FLAME-1.jpg\" alt=\"FIFTYSEVEN No 57 6 ONI FLAME\" width=\"790\" height=\"789\" title=\"-\" srcset=\"https:\/\/mouldking.store\/wp-content\/uploads\/2022\/12\/FIFTYSEVEN-No-57-ONI-FLAME-1.jpg 790w, https:\/\/mouldking.store\/wp-content\/uploads\/2022\/12\/FIFTYSEVEN-No-57-ONI-FLAME-1-300x300.jpg 300w, https:\/\/mouldking.store\/wp-content\/uploads\/2022\/12\/FIFTYSEVEN-No-57-ONI-FLAME-1-768x767.jpg 768w, https:\/\/mouldking.store\/wp-content\/uploads\/2022\/12\/FIFTYSEVEN-No-57-ONI-FLAME-1-600x599.jpg 600w, https:\/\/mouldking.store\/wp-content\/uploads\/2022\/12\/FIFTYSEVEN-No-57-ONI-FLAME-1-150x150.jpg 150w, https:\/\/mouldking.store\/wp-content\/uploads\/2022\/12\/FIFTYSEVEN-No-57-ONI-FLAME-1-60x60.jpg 60w, https:\/\/mouldking.store\/wp-content\/uploads\/2022\/12\/FIFTYSEVEN-No-57-ONI-FLAME-1-90x90.jpg 90w\" sizes=\"(max-width: 790px) 100vw, 790px\" \/><figcaption id=\"caption-attachment-37524\" class=\"wp-caption-text\">FIFTYSEVEN No 57 6 ONI FLAMME<\/figcaption><\/figure>","protected":false},"excerpt":{"rendered":"<p>Product information: Brand: FIFTYSEVEN Gender: Unisex Name: ONI FLAME Age Range: &gt; 6 years old Model Number: No 57 6 Classification: Assemblage Plastic Block Shape: Self-Locking Bricks Material: Plastic Plastic Type: ABS Contains detailed assembly instructions. Notice: 1. Without an original box, but we guarantee our products have quality assurance and nice packaging. 2. As [&hellip;]<\/p>","protected":false},"featured_media":37522,"comment_status":"closed","ping_status":"closed","template":"","meta":{"_acf_changed":false},"product_cat":[1365],"product_tag":[9056,9061,9089,9087,9057,9090,9088],"class_list":["product","first","instock","shipping-taxable","purchasable","product-type-simple"],"acf":[],"_links":{"self":[{"href":"https:\/\/mouldking.store\/nb\/wp-json\/wp\/v2\/product\/37521","targetHints":{"allow":["GET"]}}],"collection":[{"href":"https:\/\/mouldking.store\/nb\/wp-json\/wp\/v2\/product"}],"about":[{"href":"https:\/\/mouldking.store\/nb\/wp-json\/wp\/v2\/types\/product"}],"replies":[{"embeddable":true,"href":"https:\/\/mouldking.store\/nb\/wp-json\/wp\/v2\/comments?post=37521"}],"wp:featuredmedia":[{"embeddable":true,"href":"https:\/\/mouldking.store\/nb\/wp-json\/wp\/v2\/media\/37522"}],"wp:attachment":[{"href":"https:\/\/mouldking.store\/nb\/wp-json\/wp\/v2\/media?parent=37521"}],"wp:term":[{"taxonomy":"product_cat","embeddable":true,"href":"https:\/\/mouldking.store\/nb\/wp-json\/wp\/v2\/product_cat?post=37521"},{"taxonomy":"product_tag","embeddable":true,"href":"https:\/\/mouldking.store\/nb\/wp-json\/wp\/v2\/product_tag?post=37521"}],"curies":[{"name":"wp","href":"https:\/\/api.w.org\/{rel}","templated":true}]}}