{"id":37535,"date":"2022-12-08T11:48:09","date_gmt":"2022-12-08T04:48:09","guid":{"rendered":"https:\/\/mouldking.store\/?post_type=product&#038;p=37535"},"modified":"2025-12-25T09:12:12","modified_gmt":"2025-12-25T02:12:12","slug":"moc-126926-western-gare-train-station-bahnhof-with-3901-pieces","status":"publish","type":"product","link":"https:\/\/mouldking.store\/nb\/shop\/moc-126926-western-gare-train-station-bahnhof-with-3901-pieces\/","title":{"rendered":"MOC-126926 Western \u2013 Gare \u2013 Togstasjon \u2013 Bahnhof med 3901 stykker"},"content":{"rendered":"<p>Produktinformasjon:<\/p>\n<ol>\n<li>Merke: MOC<\/li>\n<li>Kj\u00f8nn: Unisex<\/li>\n<li>Name: Western \u2013 Gare \u2013 Train Station \u2013 Bahnhof<\/li>\n<li>Aldersgruppe: &gt; 6 \u00e5r gammel<\/li>\n<li>Model Number: 126926<\/li>\n<li>Klassifisering: Montering<\/li>\n<li>Plastblokkform: Selvl\u00e5sende murstein<\/li>\n<li>Materiale: Plast<\/li>\n<li>Plasttype: ABS<\/li>\n<li>Bricks Blocks:3901 PCS<\/li>\n<li>Inneholder detaljerte monteringsanvisninger.<\/li>\n<li>Tidsbestemt: 4-8 uker<\/li>\n<\/ol>\n<p>Legge merke til:<br \/>\n1. Uten original eske, men vi garanterer at v\u00e5re produkter har kvalitetssikring og pen emballasje.<br \/>\n2. Som alle delene vi har sjekket f\u00f8r frakt, s\u00e5 hvis du finner noen deler savnet eller skadet, ikke bekymre deg og bare kontakt oss, s\u00e5 kan vi sende dem til deg p\u00e5 nytt umiddelbart gratis.<\/p>\n<figure id=\"attachment_37536\" aria-describedby=\"caption-attachment-37536\" style=\"width: 1004px\" class=\"wp-caption aligncenter\"><img fetchpriority=\"high\" decoding=\"async\" class=\"wp-image-37536 size-full\" src=\"https:\/\/mouldking.store\/wp-content\/uploads\/2022\/12\/MOC-126926-Modular-Building-Western-\u2013-Gare-\u2013-Train-Station-\u2013-Bahnhof-MOC-FACTORY.png\" alt=\"MOC-126926 Western \u2013 Gare \u2013 Train Station \u2013 Bahnhof With 3901 Pieces\" width=\"1004\" height=\"1004\" title=\"-\" srcset=\"https:\/\/mouldking.store\/wp-content\/uploads\/2022\/12\/MOC-126926-Modular-Building-Western-\u2013-Gare-\u2013-Train-Station-\u2013-Bahnhof-MOC-FACTORY.png 1004w, https:\/\/mouldking.store\/wp-content\/uploads\/2022\/12\/MOC-126926-Modular-Building-Western-\u2013-Gare-\u2013-Train-Station-\u2013-Bahnhof-MOC-FACTORY-300x300.png 300w, https:\/\/mouldking.store\/wp-content\/uploads\/2022\/12\/MOC-126926-Modular-Building-Western-\u2013-Gare-\u2013-Train-Station-\u2013-Bahnhof-MOC-FACTORY-768x768.png 768w, https:\/\/mouldking.store\/wp-content\/uploads\/2022\/12\/MOC-126926-Modular-Building-Western-\u2013-Gare-\u2013-Train-Station-\u2013-Bahnhof-MOC-FACTORY-600x600.png 600w, https:\/\/mouldking.store\/wp-content\/uploads\/2022\/12\/MOC-126926-Modular-Building-Western-\u2013-Gare-\u2013-Train-Station-\u2013-Bahnhof-MOC-FACTORY-150x150.png 150w, https:\/\/mouldking.store\/wp-content\/uploads\/2022\/12\/MOC-126926-Modular-Building-Western-\u2013-Gare-\u2013-Train-Station-\u2013-Bahnhof-MOC-FACTORY-60x60.png 60w, https:\/\/mouldking.store\/wp-content\/uploads\/2022\/12\/MOC-126926-Modular-Building-Western-\u2013-Gare-\u2013-Train-Station-\u2013-Bahnhof-MOC-FACTORY-90x90.png 90w\" sizes=\"(max-width: 1004px) 100vw, 1004px\" \/><figcaption id=\"caption-attachment-37536\" class=\"wp-caption-text\">MOC-126926 Western \u2013 Gare \u2013 Togstasjon \u2013 Bahnhof med 3901 stykker<\/figcaption><\/figure>","protected":false},"excerpt":{"rendered":"<p>Product information: Brand: MOC Gender: Unisex Name: Western \u2013 Gare \u2013 Train Station \u2013 Bahnhof Age Range: &gt; 6 years old Model Number: 126926 Classification: Assemblage Plastic Block Shape: Self-Locking Bricks Material: Plastic Plastic Type: ABS Bricks Blocks:3901 PCS Contains detailed assembly instructions. Time arrange: 4-8 weeks Notice: 1. Without an original box, but we [&hellip;]<\/p>","protected":false},"featured_media":37536,"comment_status":"closed","ping_status":"closed","template":"","meta":{"_acf_changed":false},"product_cat":[1395,1406,390],"product_tag":[9103,9101,430,9104,9106,9099,9102,9100,9105],"class_list":["product","first","instock","shipping-taxable","purchasable","product-type-simple"],"acf":[],"_links":{"self":[{"href":"https:\/\/mouldking.store\/nb\/wp-json\/wp\/v2\/product\/37535","targetHints":{"allow":["GET"]}}],"collection":[{"href":"https:\/\/mouldking.store\/nb\/wp-json\/wp\/v2\/product"}],"about":[{"href":"https:\/\/mouldking.store\/nb\/wp-json\/wp\/v2\/types\/product"}],"replies":[{"embeddable":true,"href":"https:\/\/mouldking.store\/nb\/wp-json\/wp\/v2\/comments?post=37535"}],"wp:featuredmedia":[{"embeddable":true,"href":"https:\/\/mouldking.store\/nb\/wp-json\/wp\/v2\/media\/37536"}],"wp:attachment":[{"href":"https:\/\/mouldking.store\/nb\/wp-json\/wp\/v2\/media?parent=37535"}],"wp:term":[{"taxonomy":"product_cat","embeddable":true,"href":"https:\/\/mouldking.store\/nb\/wp-json\/wp\/v2\/product_cat?post=37535"},{"taxonomy":"product_tag","embeddable":true,"href":"https:\/\/mouldking.store\/nb\/wp-json\/wp\/v2\/product_tag?post=37535"}],"curies":[{"name":"wp","href":"https:\/\/api.w.org\/{rel}","templated":true}]}}