{"id":37537,"date":"2022-12-08T11:57:15","date_gmt":"2022-12-08T04:57:15","guid":{"rendered":"https:\/\/mouldking.store\/?post_type=product&#038;p=37537"},"modified":"2025-12-25T09:12:11","modified_gmt":"2025-12-25T02:12:11","slug":"moc-2909-citroen-2cv-charleston-convertible-model-with-2237-pieces","status":"publish","type":"product","link":"https:\/\/mouldking.store\/nb\/shop\/moc-2909-citroen-2cv-charleston-convertible-model-with-2237-pieces\/","title":{"rendered":"MOC-2909 Citroen 2CV Charleston Cabriolet modell med 2237 deler"},"content":{"rendered":"<p>Produktinformasjon:<\/p>\n<ol>\n<li>Merke: MOC<\/li>\n<li>Kj\u00f8nn: Unisex<\/li>\n<li>Name: Citroen 2CV Charleston Convertible Model<\/li>\n<li>Aldersgruppe: &gt; 6 \u00e5r gammel<\/li>\n<li>Model Number: 2909<\/li>\n<li>Klassifisering: Montering<\/li>\n<li>Plastblokkform: Selvl\u00e5sende murstein<\/li>\n<li>Materiale: Plast<\/li>\n<li>Plasttype: ABS<\/li>\n<li>Bricks Blocks:2237 PCS<\/li>\n<li>Size:\u00a0 \u00a050cm (L) x 20cm (W) x 22cm (H)<\/li>\n<li>Inneholder detaljerte monteringsanvisninger.<\/li>\n<li>Tidsbestemt: 4-8 uker<\/li>\n<\/ol>\n<p>Legge merke til:<br \/>\n1. Uten original eske, men vi garanterer at v\u00e5re produkter har kvalitetssikring og pen emballasje.<br \/>\n2. Som alle delene vi har sjekket f\u00f8r frakt, s\u00e5 hvis du finner noen deler savnet eller skadet, ikke bekymre deg og bare kontakt oss, s\u00e5 kan vi sende dem til deg p\u00e5 nytt umiddelbart gratis.<\/p>\n<figure id=\"attachment_37538\" aria-describedby=\"caption-attachment-37538\" style=\"width: 1004px\" class=\"wp-caption aligncenter\"><img fetchpriority=\"high\" decoding=\"async\" class=\"wp-image-37538 size-full\" src=\"https:\/\/mouldking.store\/wp-content\/uploads\/2022\/12\/MOC-2909-Technic-Citroen-2CV-Charleston-Convertible-Model-MOC-FACTORY.png\" alt=\"MOC-2909 Citroen 2CV Charleston Convertible Model With 2237 Pieces\" width=\"1004\" height=\"1004\" title=\"-\" srcset=\"https:\/\/mouldking.store\/wp-content\/uploads\/2022\/12\/MOC-2909-Technic-Citroen-2CV-Charleston-Convertible-Model-MOC-FACTORY.png 1004w, https:\/\/mouldking.store\/wp-content\/uploads\/2022\/12\/MOC-2909-Technic-Citroen-2CV-Charleston-Convertible-Model-MOC-FACTORY-300x300.png 300w, https:\/\/mouldking.store\/wp-content\/uploads\/2022\/12\/MOC-2909-Technic-Citroen-2CV-Charleston-Convertible-Model-MOC-FACTORY-768x768.png 768w, https:\/\/mouldking.store\/wp-content\/uploads\/2022\/12\/MOC-2909-Technic-Citroen-2CV-Charleston-Convertible-Model-MOC-FACTORY-600x600.png 600w, https:\/\/mouldking.store\/wp-content\/uploads\/2022\/12\/MOC-2909-Technic-Citroen-2CV-Charleston-Convertible-Model-MOC-FACTORY-150x150.png 150w, https:\/\/mouldking.store\/wp-content\/uploads\/2022\/12\/MOC-2909-Technic-Citroen-2CV-Charleston-Convertible-Model-MOC-FACTORY-60x60.png 60w, https:\/\/mouldking.store\/wp-content\/uploads\/2022\/12\/MOC-2909-Technic-Citroen-2CV-Charleston-Convertible-Model-MOC-FACTORY-90x90.png 90w\" sizes=\"(max-width: 1004px) 100vw, 1004px\" \/><figcaption id=\"caption-attachment-37538\" class=\"wp-caption-text\">MOC-2909 Citroen 2CV Charleston Cabriolet modell med 2237 deler<\/figcaption><\/figure>\n<figure id=\"attachment_37539\" aria-describedby=\"caption-attachment-37539\" style=\"width: 1000px\" class=\"wp-caption aligncenter\"><img decoding=\"async\" class=\"wp-image-37539 size-full\" src=\"https:\/\/mouldking.store\/wp-content\/uploads\/2022\/12\/Citroen-2CV-Charleston-Convertible-Model-MOC-2909-7.png\" alt=\"MOC-2909 Citroen 2CV Charleston Convertible Model With 2237 Pieces\" width=\"1000\" height=\"1000\" title=\"-\" srcset=\"https:\/\/mouldking.store\/wp-content\/uploads\/2022\/12\/Citroen-2CV-Charleston-Convertible-Model-MOC-2909-7.png 1000w, https:\/\/mouldking.store\/wp-content\/uploads\/2022\/12\/Citroen-2CV-Charleston-Convertible-Model-MOC-2909-7-300x300.png 300w, https:\/\/mouldking.store\/wp-content\/uploads\/2022\/12\/Citroen-2CV-Charleston-Convertible-Model-MOC-2909-7-768x768.png 768w, https:\/\/mouldking.store\/wp-content\/uploads\/2022\/12\/Citroen-2CV-Charleston-Convertible-Model-MOC-2909-7-600x600.png 600w, https:\/\/mouldking.store\/wp-content\/uploads\/2022\/12\/Citroen-2CV-Charleston-Convertible-Model-MOC-2909-7-150x150.png 150w, https:\/\/mouldking.store\/wp-content\/uploads\/2022\/12\/Citroen-2CV-Charleston-Convertible-Model-MOC-2909-7-60x60.png 60w, https:\/\/mouldking.store\/wp-content\/uploads\/2022\/12\/Citroen-2CV-Charleston-Convertible-Model-MOC-2909-7-90x90.png 90w\" sizes=\"(max-width: 1000px) 100vw, 1000px\" \/><figcaption id=\"caption-attachment-37539\" class=\"wp-caption-text\">MOC-2909 Citroen 2CV Charleston Cabriolet modell med 2237 deler<\/figcaption><\/figure>\n<figure id=\"attachment_37540\" aria-describedby=\"caption-attachment-37540\" style=\"width: 1000px\" class=\"wp-caption aligncenter\"><img decoding=\"async\" class=\"wp-image-37540 size-full\" src=\"https:\/\/mouldking.store\/wp-content\/uploads\/2022\/12\/Citroen-2CV-Charleston-Convertible-Model-MOC-2909-6.png\" alt=\"MOC-2909 Citroen 2CV Charleston Convertible Model With 2237 Pieces\" width=\"1000\" height=\"1000\" title=\"-\" srcset=\"https:\/\/mouldking.store\/wp-content\/uploads\/2022\/12\/Citroen-2CV-Charleston-Convertible-Model-MOC-2909-6.png 1000w, https:\/\/mouldking.store\/wp-content\/uploads\/2022\/12\/Citroen-2CV-Charleston-Convertible-Model-MOC-2909-6-300x300.png 300w, https:\/\/mouldking.store\/wp-content\/uploads\/2022\/12\/Citroen-2CV-Charleston-Convertible-Model-MOC-2909-6-768x768.png 768w, https:\/\/mouldking.store\/wp-content\/uploads\/2022\/12\/Citroen-2CV-Charleston-Convertible-Model-MOC-2909-6-600x600.png 600w, https:\/\/mouldking.store\/wp-content\/uploads\/2022\/12\/Citroen-2CV-Charleston-Convertible-Model-MOC-2909-6-150x150.png 150w, https:\/\/mouldking.store\/wp-content\/uploads\/2022\/12\/Citroen-2CV-Charleston-Convertible-Model-MOC-2909-6-60x60.png 60w, https:\/\/mouldking.store\/wp-content\/uploads\/2022\/12\/Citroen-2CV-Charleston-Convertible-Model-MOC-2909-6-90x90.png 90w\" sizes=\"(max-width: 1000px) 100vw, 1000px\" \/><figcaption id=\"caption-attachment-37540\" class=\"wp-caption-text\">MOC-2909 Citroen 2CV Charleston Cabriolet modell med 2237 deler<\/figcaption><\/figure>\n<figure id=\"attachment_37541\" aria-describedby=\"caption-attachment-37541\" style=\"width: 1000px\" class=\"wp-caption alignnone\"><img loading=\"lazy\" decoding=\"async\" class=\"wp-image-37541 size-full\" src=\"https:\/\/mouldking.store\/wp-content\/uploads\/2022\/12\/Citroen-2CV-Charleston-Convertible-Model-MOC-2909-5.png\" alt=\"MOC-2909 Citroen 2CV Charleston Convertible Model With 2237 Pieces\" width=\"1000\" height=\"1000\" title=\"-\" srcset=\"https:\/\/mouldking.store\/wp-content\/uploads\/2022\/12\/Citroen-2CV-Charleston-Convertible-Model-MOC-2909-5.png 1000w, https:\/\/mouldking.store\/wp-content\/uploads\/2022\/12\/Citroen-2CV-Charleston-Convertible-Model-MOC-2909-5-300x300.png 300w, https:\/\/mouldking.store\/wp-content\/uploads\/2022\/12\/Citroen-2CV-Charleston-Convertible-Model-MOC-2909-5-768x768.png 768w, https:\/\/mouldking.store\/wp-content\/uploads\/2022\/12\/Citroen-2CV-Charleston-Convertible-Model-MOC-2909-5-600x600.png 600w, https:\/\/mouldking.store\/wp-content\/uploads\/2022\/12\/Citroen-2CV-Charleston-Convertible-Model-MOC-2909-5-150x150.png 150w, https:\/\/mouldking.store\/wp-content\/uploads\/2022\/12\/Citroen-2CV-Charleston-Convertible-Model-MOC-2909-5-60x60.png 60w, https:\/\/mouldking.store\/wp-content\/uploads\/2022\/12\/Citroen-2CV-Charleston-Convertible-Model-MOC-2909-5-90x90.png 90w\" sizes=\"(max-width: 1000px) 100vw, 1000px\" \/><figcaption id=\"caption-attachment-37541\" class=\"wp-caption-text\">MOC-2909 Citroen 2CV Charleston Cabriolet modell med 2237 deler<\/figcaption><\/figure>\n<figure id=\"attachment_37542\" aria-describedby=\"caption-attachment-37542\" style=\"width: 1000px\" class=\"wp-caption aligncenter\"><img loading=\"lazy\" decoding=\"async\" class=\"wp-image-37542 size-full\" src=\"https:\/\/mouldking.store\/wp-content\/uploads\/2022\/12\/Citroen-2CV-Charleston-Convertible-Model-MOC-2909-4.png\" alt=\"MOC-2909 Citroen 2CV Charleston Convertible Model With 2237 Pieces\" width=\"1000\" height=\"1000\" title=\"-\" srcset=\"https:\/\/mouldking.store\/wp-content\/uploads\/2022\/12\/Citroen-2CV-Charleston-Convertible-Model-MOC-2909-4.png 1000w, https:\/\/mouldking.store\/wp-content\/uploads\/2022\/12\/Citroen-2CV-Charleston-Convertible-Model-MOC-2909-4-300x300.png 300w, https:\/\/mouldking.store\/wp-content\/uploads\/2022\/12\/Citroen-2CV-Charleston-Convertible-Model-MOC-2909-4-768x768.png 768w, https:\/\/mouldking.store\/wp-content\/uploads\/2022\/12\/Citroen-2CV-Charleston-Convertible-Model-MOC-2909-4-600x600.png 600w, https:\/\/mouldking.store\/wp-content\/uploads\/2022\/12\/Citroen-2CV-Charleston-Convertible-Model-MOC-2909-4-150x150.png 150w, https:\/\/mouldking.store\/wp-content\/uploads\/2022\/12\/Citroen-2CV-Charleston-Convertible-Model-MOC-2909-4-60x60.png 60w, https:\/\/mouldking.store\/wp-content\/uploads\/2022\/12\/Citroen-2CV-Charleston-Convertible-Model-MOC-2909-4-90x90.png 90w\" sizes=\"(max-width: 1000px) 100vw, 1000px\" \/><figcaption id=\"caption-attachment-37542\" class=\"wp-caption-text\">MOC-2909 Citroen 2CV Charleston Cabriolet modell med 2237 deler<\/figcaption><\/figure>\n<figure id=\"attachment_37543\" aria-describedby=\"caption-attachment-37543\" style=\"width: 1000px\" class=\"wp-caption aligncenter\"><img loading=\"lazy\" decoding=\"async\" class=\"wp-image-37543 size-full\" src=\"https:\/\/mouldking.store\/wp-content\/uploads\/2022\/12\/Citroen-2CV-Charleston-Convertible-Model-MOC-2909-3.png\" alt=\"MOC-2909 Citroen 2CV Charleston Convertible Model With 2237 Pieces\" width=\"1000\" height=\"1000\" title=\"-\" srcset=\"https:\/\/mouldking.store\/wp-content\/uploads\/2022\/12\/Citroen-2CV-Charleston-Convertible-Model-MOC-2909-3.png 1000w, https:\/\/mouldking.store\/wp-content\/uploads\/2022\/12\/Citroen-2CV-Charleston-Convertible-Model-MOC-2909-3-300x300.png 300w, https:\/\/mouldking.store\/wp-content\/uploads\/2022\/12\/Citroen-2CV-Charleston-Convertible-Model-MOC-2909-3-768x768.png 768w, https:\/\/mouldking.store\/wp-content\/uploads\/2022\/12\/Citroen-2CV-Charleston-Convertible-Model-MOC-2909-3-600x600.png 600w, https:\/\/mouldking.store\/wp-content\/uploads\/2022\/12\/Citroen-2CV-Charleston-Convertible-Model-MOC-2909-3-150x150.png 150w, https:\/\/mouldking.store\/wp-content\/uploads\/2022\/12\/Citroen-2CV-Charleston-Convertible-Model-MOC-2909-3-60x60.png 60w, https:\/\/mouldking.store\/wp-content\/uploads\/2022\/12\/Citroen-2CV-Charleston-Convertible-Model-MOC-2909-3-90x90.png 90w\" sizes=\"(max-width: 1000px) 100vw, 1000px\" \/><figcaption id=\"caption-attachment-37543\" class=\"wp-caption-text\">MOC-2909 Citroen 2CV Charleston Cabriolet modell med 2237 deler<\/figcaption><\/figure>\n<figure id=\"attachment_37544\" aria-describedby=\"caption-attachment-37544\" style=\"width: 1000px\" class=\"wp-caption aligncenter\"><img loading=\"lazy\" decoding=\"async\" class=\"wp-image-37544 size-full\" src=\"https:\/\/mouldking.store\/wp-content\/uploads\/2022\/12\/Citroen-2CV-Charleston-Convertible-Model-MOC-2909-2.png\" alt=\"MOC-2909 Citroen 2CV Charleston Convertible Model With 2237 Pieces\" width=\"1000\" height=\"1000\" title=\"-\" srcset=\"https:\/\/mouldking.store\/wp-content\/uploads\/2022\/12\/Citroen-2CV-Charleston-Convertible-Model-MOC-2909-2.png 1000w, https:\/\/mouldking.store\/wp-content\/uploads\/2022\/12\/Citroen-2CV-Charleston-Convertible-Model-MOC-2909-2-300x300.png 300w, https:\/\/mouldking.store\/wp-content\/uploads\/2022\/12\/Citroen-2CV-Charleston-Convertible-Model-MOC-2909-2-768x768.png 768w, https:\/\/mouldking.store\/wp-content\/uploads\/2022\/12\/Citroen-2CV-Charleston-Convertible-Model-MOC-2909-2-600x600.png 600w, https:\/\/mouldking.store\/wp-content\/uploads\/2022\/12\/Citroen-2CV-Charleston-Convertible-Model-MOC-2909-2-150x150.png 150w, https:\/\/mouldking.store\/wp-content\/uploads\/2022\/12\/Citroen-2CV-Charleston-Convertible-Model-MOC-2909-2-60x60.png 60w, https:\/\/mouldking.store\/wp-content\/uploads\/2022\/12\/Citroen-2CV-Charleston-Convertible-Model-MOC-2909-2-90x90.png 90w\" sizes=\"(max-width: 1000px) 100vw, 1000px\" \/><figcaption id=\"caption-attachment-37544\" class=\"wp-caption-text\">MOC-2909 Citroen 2CV Charleston Cabriolet modell med 2237 deler<\/figcaption><\/figure>","protected":false},"excerpt":{"rendered":"<p>Product information: Brand: MOC Gender: Unisex Name: Citroen 2CV Charleston Convertible Model Age Range: &gt; 6 years old Model Number: 2909 Classification: Assemblage Plastic Block Shape: Self-Locking Bricks Material: Plastic Plastic Type: ABS Bricks Blocks:2237 PCS Size:\u00a0 \u00a050cm (L) x 20cm (W) x 22cm (H) Contains detailed assembly instructions. Time arrange: 4-8 weeks Notice: 1. [&hellip;]<\/p>","protected":false},"featured_media":37538,"comment_status":"closed","ping_status":"closed","template":"","meta":{"_acf_changed":false},"product_cat":[1357,1406,364],"product_tag":[9109,9110,9108,9112,9114,9111,430,9113,9115,9107],"class_list":["product","first","instock","shipping-taxable","purchasable","product-type-simple"],"acf":[],"_links":{"self":[{"href":"https:\/\/mouldking.store\/nb\/wp-json\/wp\/v2\/product\/37537","targetHints":{"allow":["GET"]}}],"collection":[{"href":"https:\/\/mouldking.store\/nb\/wp-json\/wp\/v2\/product"}],"about":[{"href":"https:\/\/mouldking.store\/nb\/wp-json\/wp\/v2\/types\/product"}],"replies":[{"embeddable":true,"href":"https:\/\/mouldking.store\/nb\/wp-json\/wp\/v2\/comments?post=37537"}],"wp:featuredmedia":[{"embeddable":true,"href":"https:\/\/mouldking.store\/nb\/wp-json\/wp\/v2\/media\/37538"}],"wp:attachment":[{"href":"https:\/\/mouldking.store\/nb\/wp-json\/wp\/v2\/media?parent=37537"}],"wp:term":[{"taxonomy":"product_cat","embeddable":true,"href":"https:\/\/mouldking.store\/nb\/wp-json\/wp\/v2\/product_cat?post=37537"},{"taxonomy":"product_tag","embeddable":true,"href":"https:\/\/mouldking.store\/nb\/wp-json\/wp\/v2\/product_tag?post=37537"}],"curies":[{"name":"wp","href":"https:\/\/api.w.org\/{rel}","templated":true}]}}