{"id":37554,"date":"2022-12-08T12:19:50","date_gmt":"2022-12-08T05:19:50","guid":{"rendered":"https:\/\/mouldking.store\/?post_type=product&#038;p=37554"},"modified":"2025-12-25T09:12:11","modified_gmt":"2025-12-25T02:12:11","slug":"moc-127127-universal-mils-playset-2-roads-with-3036-pieces","status":"publish","type":"product","link":"https:\/\/mouldking.store\/nb\/shop\/moc-127127-universal-mils-playset-2-roads-with-3036-pieces\/","title":{"rendered":"MOC-127127 Universal MILS Playset 2: Roads With 3036 Pieces"},"content":{"rendered":"<p>Produktinformasjon:<\/p>\n<ol>\n<li>Merke: MOC<\/li>\n<li>Kj\u00f8nn: Unisex<\/li>\n<li>Name: Universal MILS Playset 2: Roads<\/li>\n<li>Aldersgruppe: &gt; 6 \u00e5r gammel<\/li>\n<li>Model Number: 127127<\/li>\n<li>Klassifisering: Montering<\/li>\n<li>Plastblokkform: Selvl\u00e5sende murstein<\/li>\n<li>Materiale: Plast<\/li>\n<li>Plasttype: ABS<\/li>\n<li>Bricks Blocks:3036 PCS<\/li>\n<li>Inneholder detaljerte monteringsanvisninger.<\/li>\n<li>Tidsbestemt: 4-8 uker<\/li>\n<\/ol>\n<p>Legge merke til:<br \/>\n1. Uten original eske, men vi garanterer at v\u00e5re produkter har kvalitetssikring og pen emballasje.<br \/>\n2. Som alle delene vi har sjekket f\u00f8r frakt, s\u00e5 hvis du finner noen deler savnet eller skadet, ikke bekymre deg og bare kontakt oss, s\u00e5 kan vi sende dem til deg p\u00e5 nytt umiddelbart gratis.<\/p>\n<figure id=\"attachment_37555\" aria-describedby=\"caption-attachment-37555\" style=\"width: 1004px\" class=\"wp-caption aligncenter\"><img fetchpriority=\"high\" decoding=\"async\" class=\"wp-image-37555 size-full\" src=\"https:\/\/mouldking.store\/wp-content\/uploads\/2022\/12\/MOC-127127-Creator-Universal-MILS-Playset-2-Roads-MOC-FACTORY.png\" alt=\"MOC-127127 Universal MILS Playset 2: Roads With 3036 Pieces\" width=\"1004\" height=\"1004\" title=\"-\" srcset=\"https:\/\/mouldking.store\/wp-content\/uploads\/2022\/12\/MOC-127127-Creator-Universal-MILS-Playset-2-Roads-MOC-FACTORY.png 1004w, https:\/\/mouldking.store\/wp-content\/uploads\/2022\/12\/MOC-127127-Creator-Universal-MILS-Playset-2-Roads-MOC-FACTORY-300x300.png 300w, https:\/\/mouldking.store\/wp-content\/uploads\/2022\/12\/MOC-127127-Creator-Universal-MILS-Playset-2-Roads-MOC-FACTORY-768x768.png 768w, https:\/\/mouldking.store\/wp-content\/uploads\/2022\/12\/MOC-127127-Creator-Universal-MILS-Playset-2-Roads-MOC-FACTORY-600x600.png 600w, https:\/\/mouldking.store\/wp-content\/uploads\/2022\/12\/MOC-127127-Creator-Universal-MILS-Playset-2-Roads-MOC-FACTORY-150x150.png 150w, https:\/\/mouldking.store\/wp-content\/uploads\/2022\/12\/MOC-127127-Creator-Universal-MILS-Playset-2-Roads-MOC-FACTORY-60x60.png 60w, https:\/\/mouldking.store\/wp-content\/uploads\/2022\/12\/MOC-127127-Creator-Universal-MILS-Playset-2-Roads-MOC-FACTORY-90x90.png 90w\" sizes=\"(max-width: 1004px) 100vw, 1004px\" \/><figcaption id=\"caption-attachment-37555\" class=\"wp-caption-text\">MOC-127127 Universal MILS Playset 2: Roads With 3036 Pieces<\/figcaption><\/figure>\n<figure id=\"attachment_37556\" aria-describedby=\"caption-attachment-37556\" style=\"width: 1000px\" class=\"wp-caption aligncenter\"><img decoding=\"async\" class=\"wp-image-37556 size-full\" src=\"https:\/\/mouldking.store\/wp-content\/uploads\/2022\/12\/Universal-MILS-Playset-2-Roads-MOC-127127-2.png\" alt=\"MOC-127127 Universal MILS Playset 2: Roads With 3036 Pieces\" width=\"1000\" height=\"1000\" title=\"-\" srcset=\"https:\/\/mouldking.store\/wp-content\/uploads\/2022\/12\/Universal-MILS-Playset-2-Roads-MOC-127127-2.png 1000w, https:\/\/mouldking.store\/wp-content\/uploads\/2022\/12\/Universal-MILS-Playset-2-Roads-MOC-127127-2-300x300.png 300w, https:\/\/mouldking.store\/wp-content\/uploads\/2022\/12\/Universal-MILS-Playset-2-Roads-MOC-127127-2-768x768.png 768w, https:\/\/mouldking.store\/wp-content\/uploads\/2022\/12\/Universal-MILS-Playset-2-Roads-MOC-127127-2-600x600.png 600w, https:\/\/mouldking.store\/wp-content\/uploads\/2022\/12\/Universal-MILS-Playset-2-Roads-MOC-127127-2-150x150.png 150w, https:\/\/mouldking.store\/wp-content\/uploads\/2022\/12\/Universal-MILS-Playset-2-Roads-MOC-127127-2-60x60.png 60w, https:\/\/mouldking.store\/wp-content\/uploads\/2022\/12\/Universal-MILS-Playset-2-Roads-MOC-127127-2-90x90.png 90w\" sizes=\"(max-width: 1000px) 100vw, 1000px\" \/><figcaption id=\"caption-attachment-37556\" class=\"wp-caption-text\">MOC-127127 Universal MILS Playset 2: Roads With 3036 Pieces<\/figcaption><\/figure>\n<figure id=\"attachment_37557\" aria-describedby=\"caption-attachment-37557\" style=\"width: 1000px\" class=\"wp-caption aligncenter\"><img decoding=\"async\" class=\"wp-image-37557 size-full\" src=\"https:\/\/mouldking.store\/wp-content\/uploads\/2022\/12\/Universal-MILS-Playset-2-Roads-MOC-127127-3.png\" alt=\"MOC-127127 Universal MILS Playset 2: Roads With 3036 Pieces\" width=\"1000\" height=\"1000\" title=\"-\" srcset=\"https:\/\/mouldking.store\/wp-content\/uploads\/2022\/12\/Universal-MILS-Playset-2-Roads-MOC-127127-3.png 1000w, https:\/\/mouldking.store\/wp-content\/uploads\/2022\/12\/Universal-MILS-Playset-2-Roads-MOC-127127-3-300x300.png 300w, https:\/\/mouldking.store\/wp-content\/uploads\/2022\/12\/Universal-MILS-Playset-2-Roads-MOC-127127-3-768x768.png 768w, https:\/\/mouldking.store\/wp-content\/uploads\/2022\/12\/Universal-MILS-Playset-2-Roads-MOC-127127-3-600x600.png 600w, https:\/\/mouldking.store\/wp-content\/uploads\/2022\/12\/Universal-MILS-Playset-2-Roads-MOC-127127-3-150x150.png 150w, https:\/\/mouldking.store\/wp-content\/uploads\/2022\/12\/Universal-MILS-Playset-2-Roads-MOC-127127-3-60x60.png 60w, https:\/\/mouldking.store\/wp-content\/uploads\/2022\/12\/Universal-MILS-Playset-2-Roads-MOC-127127-3-90x90.png 90w\" sizes=\"(max-width: 1000px) 100vw, 1000px\" \/><figcaption id=\"caption-attachment-37557\" class=\"wp-caption-text\">MOC-127127 Universal MILS Playset 2: Roads With 3036 Pieces<\/figcaption><\/figure>\n<figure id=\"attachment_37558\" aria-describedby=\"caption-attachment-37558\" style=\"width: 1000px\" class=\"wp-caption aligncenter\"><img loading=\"lazy\" decoding=\"async\" class=\"wp-image-37558 size-full\" src=\"https:\/\/mouldking.store\/wp-content\/uploads\/2022\/12\/Universal-MILS-Playset-2-Roads-MOC-127127-4.png\" alt=\"MOC-127127 Universal MILS Playset 2: Roads With 3036 Pieces\" width=\"1000\" height=\"1000\" title=\"-\" srcset=\"https:\/\/mouldking.store\/wp-content\/uploads\/2022\/12\/Universal-MILS-Playset-2-Roads-MOC-127127-4.png 1000w, https:\/\/mouldking.store\/wp-content\/uploads\/2022\/12\/Universal-MILS-Playset-2-Roads-MOC-127127-4-300x300.png 300w, https:\/\/mouldking.store\/wp-content\/uploads\/2022\/12\/Universal-MILS-Playset-2-Roads-MOC-127127-4-768x768.png 768w, https:\/\/mouldking.store\/wp-content\/uploads\/2022\/12\/Universal-MILS-Playset-2-Roads-MOC-127127-4-600x600.png 600w, https:\/\/mouldking.store\/wp-content\/uploads\/2022\/12\/Universal-MILS-Playset-2-Roads-MOC-127127-4-150x150.png 150w, https:\/\/mouldking.store\/wp-content\/uploads\/2022\/12\/Universal-MILS-Playset-2-Roads-MOC-127127-4-60x60.png 60w, https:\/\/mouldking.store\/wp-content\/uploads\/2022\/12\/Universal-MILS-Playset-2-Roads-MOC-127127-4-90x90.png 90w\" sizes=\"(max-width: 1000px) 100vw, 1000px\" \/><figcaption id=\"caption-attachment-37558\" class=\"wp-caption-text\">MOC-127127 Universal MILS Playset 2: Roads With 3036 Pieces<\/figcaption><\/figure>\n<figure id=\"attachment_37559\" aria-describedby=\"caption-attachment-37559\" style=\"width: 1000px\" class=\"wp-caption aligncenter\"><img loading=\"lazy\" decoding=\"async\" class=\"wp-image-37559 size-full\" src=\"https:\/\/mouldking.store\/wp-content\/uploads\/2022\/12\/Universal-MILS-Playset-2-Roads-MOC-127127-5.png\" alt=\"MOC-127127 Universal MILS Playset 2: Roads With 3036 Pieces\" width=\"1000\" height=\"1000\" title=\"-\" srcset=\"https:\/\/mouldking.store\/wp-content\/uploads\/2022\/12\/Universal-MILS-Playset-2-Roads-MOC-127127-5.png 1000w, https:\/\/mouldking.store\/wp-content\/uploads\/2022\/12\/Universal-MILS-Playset-2-Roads-MOC-127127-5-300x300.png 300w, https:\/\/mouldking.store\/wp-content\/uploads\/2022\/12\/Universal-MILS-Playset-2-Roads-MOC-127127-5-768x768.png 768w, https:\/\/mouldking.store\/wp-content\/uploads\/2022\/12\/Universal-MILS-Playset-2-Roads-MOC-127127-5-600x600.png 600w, https:\/\/mouldking.store\/wp-content\/uploads\/2022\/12\/Universal-MILS-Playset-2-Roads-MOC-127127-5-150x150.png 150w, https:\/\/mouldking.store\/wp-content\/uploads\/2022\/12\/Universal-MILS-Playset-2-Roads-MOC-127127-5-60x60.png 60w, https:\/\/mouldking.store\/wp-content\/uploads\/2022\/12\/Universal-MILS-Playset-2-Roads-MOC-127127-5-90x90.png 90w\" sizes=\"(max-width: 1000px) 100vw, 1000px\" \/><figcaption id=\"caption-attachment-37559\" class=\"wp-caption-text\">MOC-127127 Universal MILS Playset 2: Roads With 3036 Pieces<\/figcaption><\/figure>\n<figure id=\"attachment_37560\" aria-describedby=\"caption-attachment-37560\" style=\"width: 1000px\" class=\"wp-caption aligncenter\"><img loading=\"lazy\" decoding=\"async\" class=\"wp-image-37560 size-full\" src=\"https:\/\/mouldking.store\/wp-content\/uploads\/2022\/12\/Universal-MILS-Playset-2-Roads-MOC-127127-6.png\" alt=\"MOC-127127 Universal MILS Playset 2: Roads With 3036 Pieces\" width=\"1000\" height=\"1000\" title=\"-\" srcset=\"https:\/\/mouldking.store\/wp-content\/uploads\/2022\/12\/Universal-MILS-Playset-2-Roads-MOC-127127-6.png 1000w, https:\/\/mouldking.store\/wp-content\/uploads\/2022\/12\/Universal-MILS-Playset-2-Roads-MOC-127127-6-300x300.png 300w, https:\/\/mouldking.store\/wp-content\/uploads\/2022\/12\/Universal-MILS-Playset-2-Roads-MOC-127127-6-768x768.png 768w, https:\/\/mouldking.store\/wp-content\/uploads\/2022\/12\/Universal-MILS-Playset-2-Roads-MOC-127127-6-600x600.png 600w, https:\/\/mouldking.store\/wp-content\/uploads\/2022\/12\/Universal-MILS-Playset-2-Roads-MOC-127127-6-150x150.png 150w, https:\/\/mouldking.store\/wp-content\/uploads\/2022\/12\/Universal-MILS-Playset-2-Roads-MOC-127127-6-60x60.png 60w, https:\/\/mouldking.store\/wp-content\/uploads\/2022\/12\/Universal-MILS-Playset-2-Roads-MOC-127127-6-90x90.png 90w\" sizes=\"(max-width: 1000px) 100vw, 1000px\" \/><figcaption id=\"caption-attachment-37560\" class=\"wp-caption-text\">MOC-127127 Universal MILS Playset 2: Roads With 3036 Pieces<\/figcaption><\/figure>","protected":false},"excerpt":{"rendered":"<p>Product information: Brand: MOC Gender: Unisex Name: Universal MILS Playset 2: Roads Age Range: &gt; 6 years old Model Number: 127127 Classification: Assemblage Plastic Block Shape: Self-Locking Bricks Material: Plastic Plastic Type: ABS Bricks Blocks:3036 PCS Contains detailed assembly instructions. Time arrange: 4-8 weeks Notice: 1. Without an original box, but we guarantee our products [&hellip;]<\/p>","protected":false},"featured_media":37555,"comment_status":"closed","ping_status":"closed","template":"","meta":{"_acf_changed":false},"product_cat":[1365,1406,371],"product_tag":[9131,430,9129,9136,9128,9132,9133,9130,9134,9135],"class_list":["product","first","instock","shipping-taxable","purchasable","product-type-simple"],"acf":[],"_links":{"self":[{"href":"https:\/\/mouldking.store\/nb\/wp-json\/wp\/v2\/product\/37554","targetHints":{"allow":["GET"]}}],"collection":[{"href":"https:\/\/mouldking.store\/nb\/wp-json\/wp\/v2\/product"}],"about":[{"href":"https:\/\/mouldking.store\/nb\/wp-json\/wp\/v2\/types\/product"}],"replies":[{"embeddable":true,"href":"https:\/\/mouldking.store\/nb\/wp-json\/wp\/v2\/comments?post=37554"}],"wp:featuredmedia":[{"embeddable":true,"href":"https:\/\/mouldking.store\/nb\/wp-json\/wp\/v2\/media\/37555"}],"wp:attachment":[{"href":"https:\/\/mouldking.store\/nb\/wp-json\/wp\/v2\/media?parent=37554"}],"wp:term":[{"taxonomy":"product_cat","embeddable":true,"href":"https:\/\/mouldking.store\/nb\/wp-json\/wp\/v2\/product_cat?post=37554"},{"taxonomy":"product_tag","embeddable":true,"href":"https:\/\/mouldking.store\/nb\/wp-json\/wp\/v2\/product_tag?post=37554"}],"curies":[{"name":"wp","href":"https:\/\/api.w.org\/{rel}","templated":true}]}}