{"id":37578,"date":"2022-12-08T14:58:38","date_gmt":"2022-12-08T07:58:38","guid":{"rendered":"https:\/\/mouldking.store\/?post_type=product&#038;p=37578"},"modified":"2025-12-25T09:12:11","modified_gmt":"2025-12-25T02:12:11","slug":"moc-126448-universal-mils-playset-1starter-pack-with-1871-pieces","status":"publish","type":"product","link":"https:\/\/mouldking.store\/nb\/shop\/moc-126448-universal-mils-playset-1starter-pack-with-1871-pieces\/","title":{"rendered":"MOC-126448 Universal MILS lekesett 1:Startpakke med 1871 deler"},"content":{"rendered":"<p>Produktinformasjon:<\/p>\n<ol>\n<li>Merke: MOC<\/li>\n<li>Kj\u00f8nn: Unisex<\/li>\n<li>Name:Universal MILS Playset 1:Starter Pack<\/li>\n<li>Aldersgruppe: &gt; 6 \u00e5r gammel<\/li>\n<li>Model Number: 126448<\/li>\n<li>Klassifisering: Montering<\/li>\n<li>Plastblokkform: Selvl\u00e5sende murstein<\/li>\n<li>Materiale: Plast<\/li>\n<li>Plasttype: ABS<\/li>\n<li>Bricks Blocks:1871 PCS<\/li>\n<li>Inneholder detaljerte monteringsanvisninger.<\/li>\n<li>Tidsbestemt: 4-8 uker<\/li>\n<\/ol>\n<p>Legge merke til:<br \/>\n1. Uten original eske, men vi garanterer at v\u00e5re produkter har kvalitetssikring og pen emballasje.<br \/>\n2. Som alle delene vi har sjekket f\u00f8r frakt, s\u00e5 hvis du finner noen deler savnet eller skadet, ikke bekymre deg og bare kontakt oss, s\u00e5 kan vi sende dem til deg p\u00e5 nytt umiddelbart gratis.<\/p>\n<figure id=\"attachment_37579\" aria-describedby=\"caption-attachment-37579\" style=\"width: 1004px\" class=\"wp-caption aligncenter\"><img fetchpriority=\"high\" decoding=\"async\" class=\"wp-image-37579 size-full\" src=\"https:\/\/mouldking.store\/wp-content\/uploads\/2022\/12\/MOC-126448-Creator-Universal-MILS-Playset-1Starter-Pack-MOC-FACTORY.png\" alt=\"MOC-126448 Universal MILS Playset 1:Starter Pack With 1871 Pieces\" width=\"1004\" height=\"1004\" title=\"-\" srcset=\"https:\/\/mouldking.store\/wp-content\/uploads\/2022\/12\/MOC-126448-Creator-Universal-MILS-Playset-1Starter-Pack-MOC-FACTORY.png 1004w, https:\/\/mouldking.store\/wp-content\/uploads\/2022\/12\/MOC-126448-Creator-Universal-MILS-Playset-1Starter-Pack-MOC-FACTORY-300x300.png 300w, https:\/\/mouldking.store\/wp-content\/uploads\/2022\/12\/MOC-126448-Creator-Universal-MILS-Playset-1Starter-Pack-MOC-FACTORY-768x768.png 768w, https:\/\/mouldking.store\/wp-content\/uploads\/2022\/12\/MOC-126448-Creator-Universal-MILS-Playset-1Starter-Pack-MOC-FACTORY-600x600.png 600w, https:\/\/mouldking.store\/wp-content\/uploads\/2022\/12\/MOC-126448-Creator-Universal-MILS-Playset-1Starter-Pack-MOC-FACTORY-150x150.png 150w, https:\/\/mouldking.store\/wp-content\/uploads\/2022\/12\/MOC-126448-Creator-Universal-MILS-Playset-1Starter-Pack-MOC-FACTORY-60x60.png 60w, https:\/\/mouldking.store\/wp-content\/uploads\/2022\/12\/MOC-126448-Creator-Universal-MILS-Playset-1Starter-Pack-MOC-FACTORY-90x90.png 90w\" sizes=\"(max-width: 1004px) 100vw, 1004px\" \/><figcaption id=\"caption-attachment-37579\" class=\"wp-caption-text\">MOC-126448 Universal MILS lekesett 1:Startpakke med 1871 deler<\/figcaption><\/figure>\n<figure id=\"attachment_37580\" aria-describedby=\"caption-attachment-37580\" style=\"width: 1000px\" class=\"wp-caption aligncenter\"><img decoding=\"async\" class=\"wp-image-37580 size-full\" src=\"https:\/\/mouldking.store\/wp-content\/uploads\/2022\/12\/Universal-MILS-Playset-1Starter-Pack-MOC-126448-1.png\" alt=\"MOC-126448 Universal MILS Playset 1:Starter Pack With 1871 Pieces\" width=\"1000\" height=\"1000\" title=\"-\" srcset=\"https:\/\/mouldking.store\/wp-content\/uploads\/2022\/12\/Universal-MILS-Playset-1Starter-Pack-MOC-126448-1.png 1000w, https:\/\/mouldking.store\/wp-content\/uploads\/2022\/12\/Universal-MILS-Playset-1Starter-Pack-MOC-126448-1-300x300.png 300w, https:\/\/mouldking.store\/wp-content\/uploads\/2022\/12\/Universal-MILS-Playset-1Starter-Pack-MOC-126448-1-768x768.png 768w, https:\/\/mouldking.store\/wp-content\/uploads\/2022\/12\/Universal-MILS-Playset-1Starter-Pack-MOC-126448-1-600x600.png 600w, https:\/\/mouldking.store\/wp-content\/uploads\/2022\/12\/Universal-MILS-Playset-1Starter-Pack-MOC-126448-1-150x150.png 150w, https:\/\/mouldking.store\/wp-content\/uploads\/2022\/12\/Universal-MILS-Playset-1Starter-Pack-MOC-126448-1-60x60.png 60w, https:\/\/mouldking.store\/wp-content\/uploads\/2022\/12\/Universal-MILS-Playset-1Starter-Pack-MOC-126448-1-90x90.png 90w\" sizes=\"(max-width: 1000px) 100vw, 1000px\" \/><figcaption id=\"caption-attachment-37580\" class=\"wp-caption-text\">MOC-126448 Universal MILS lekesett 1:Startpakke med 1871 deler<\/figcaption><\/figure>\n<figure id=\"attachment_37581\" aria-describedby=\"caption-attachment-37581\" style=\"width: 1000px\" class=\"wp-caption aligncenter\"><img decoding=\"async\" class=\"wp-image-37581 size-full\" src=\"https:\/\/mouldking.store\/wp-content\/uploads\/2022\/12\/Universal-MILS-Playset-1Starter-Pack-MOC-126448-2.png\" alt=\"MOC-126448 Universal MILS Playset 1:Starter Pack With 1871 Pieces\" width=\"1000\" height=\"1000\" title=\"-\" srcset=\"https:\/\/mouldking.store\/wp-content\/uploads\/2022\/12\/Universal-MILS-Playset-1Starter-Pack-MOC-126448-2.png 1000w, https:\/\/mouldking.store\/wp-content\/uploads\/2022\/12\/Universal-MILS-Playset-1Starter-Pack-MOC-126448-2-300x300.png 300w, https:\/\/mouldking.store\/wp-content\/uploads\/2022\/12\/Universal-MILS-Playset-1Starter-Pack-MOC-126448-2-768x768.png 768w, https:\/\/mouldking.store\/wp-content\/uploads\/2022\/12\/Universal-MILS-Playset-1Starter-Pack-MOC-126448-2-600x600.png 600w, https:\/\/mouldking.store\/wp-content\/uploads\/2022\/12\/Universal-MILS-Playset-1Starter-Pack-MOC-126448-2-150x150.png 150w, https:\/\/mouldking.store\/wp-content\/uploads\/2022\/12\/Universal-MILS-Playset-1Starter-Pack-MOC-126448-2-60x60.png 60w, https:\/\/mouldking.store\/wp-content\/uploads\/2022\/12\/Universal-MILS-Playset-1Starter-Pack-MOC-126448-2-90x90.png 90w\" sizes=\"(max-width: 1000px) 100vw, 1000px\" \/><figcaption id=\"caption-attachment-37581\" class=\"wp-caption-text\">MOC-126448 Universal MILS lekesett 1:Startpakke med 1871 deler<\/figcaption><\/figure>\n<figure id=\"attachment_37582\" aria-describedby=\"caption-attachment-37582\" style=\"width: 1000px\" class=\"wp-caption aligncenter\"><img loading=\"lazy\" decoding=\"async\" class=\"wp-image-37582 size-full\" src=\"https:\/\/mouldking.store\/wp-content\/uploads\/2022\/12\/Universal-MILS-Playset-1Starter-Pack-MOC-126448-3.png\" alt=\"MOC-126448 Universal MILS Playset 1:Starter Pack With 1871 Pieces\" width=\"1000\" height=\"1000\" title=\"-\" srcset=\"https:\/\/mouldking.store\/wp-content\/uploads\/2022\/12\/Universal-MILS-Playset-1Starter-Pack-MOC-126448-3.png 1000w, https:\/\/mouldking.store\/wp-content\/uploads\/2022\/12\/Universal-MILS-Playset-1Starter-Pack-MOC-126448-3-300x300.png 300w, https:\/\/mouldking.store\/wp-content\/uploads\/2022\/12\/Universal-MILS-Playset-1Starter-Pack-MOC-126448-3-768x768.png 768w, https:\/\/mouldking.store\/wp-content\/uploads\/2022\/12\/Universal-MILS-Playset-1Starter-Pack-MOC-126448-3-600x600.png 600w, https:\/\/mouldking.store\/wp-content\/uploads\/2022\/12\/Universal-MILS-Playset-1Starter-Pack-MOC-126448-3-150x150.png 150w, https:\/\/mouldking.store\/wp-content\/uploads\/2022\/12\/Universal-MILS-Playset-1Starter-Pack-MOC-126448-3-60x60.png 60w, https:\/\/mouldking.store\/wp-content\/uploads\/2022\/12\/Universal-MILS-Playset-1Starter-Pack-MOC-126448-3-90x90.png 90w\" sizes=\"(max-width: 1000px) 100vw, 1000px\" \/><figcaption id=\"caption-attachment-37582\" class=\"wp-caption-text\">MOC-126448 Universal MILS lekesett 1:Startpakke med 1871 deler<\/figcaption><\/figure>\n<figure id=\"attachment_37583\" aria-describedby=\"caption-attachment-37583\" style=\"width: 1000px\" class=\"wp-caption aligncenter\"><img loading=\"lazy\" decoding=\"async\" class=\"wp-image-37583 size-full\" src=\"https:\/\/mouldking.store\/wp-content\/uploads\/2022\/12\/Universal-MILS-Playset-1Starter-Pack-MOC-126448-4.png\" alt=\"MOC-126448 Universal MILS Playset 1:Starter Pack With 1871 Pieces\" width=\"1000\" height=\"1000\" title=\"-\" srcset=\"https:\/\/mouldking.store\/wp-content\/uploads\/2022\/12\/Universal-MILS-Playset-1Starter-Pack-MOC-126448-4.png 1000w, https:\/\/mouldking.store\/wp-content\/uploads\/2022\/12\/Universal-MILS-Playset-1Starter-Pack-MOC-126448-4-300x300.png 300w, https:\/\/mouldking.store\/wp-content\/uploads\/2022\/12\/Universal-MILS-Playset-1Starter-Pack-MOC-126448-4-768x768.png 768w, https:\/\/mouldking.store\/wp-content\/uploads\/2022\/12\/Universal-MILS-Playset-1Starter-Pack-MOC-126448-4-600x600.png 600w, https:\/\/mouldking.store\/wp-content\/uploads\/2022\/12\/Universal-MILS-Playset-1Starter-Pack-MOC-126448-4-150x150.png 150w, https:\/\/mouldking.store\/wp-content\/uploads\/2022\/12\/Universal-MILS-Playset-1Starter-Pack-MOC-126448-4-60x60.png 60w, https:\/\/mouldking.store\/wp-content\/uploads\/2022\/12\/Universal-MILS-Playset-1Starter-Pack-MOC-126448-4-90x90.png 90w\" sizes=\"(max-width: 1000px) 100vw, 1000px\" \/><figcaption id=\"caption-attachment-37583\" class=\"wp-caption-text\">MOC-126448 Universal MILS lekesett 1:Startpakke med 1871 deler<\/figcaption><\/figure>\n<figure id=\"attachment_37584\" aria-describedby=\"caption-attachment-37584\" style=\"width: 1000px\" class=\"wp-caption aligncenter\"><img loading=\"lazy\" decoding=\"async\" class=\"wp-image-37584 size-full\" src=\"https:\/\/mouldking.store\/wp-content\/uploads\/2022\/12\/Universal-MILS-Playset-1Starter-Pack-MOC-126448-5.png\" alt=\"MOC-126448 Universal MILS Playset 1:Starter Pack With 1871 Pieces\" width=\"1000\" height=\"1000\" title=\"-\" srcset=\"https:\/\/mouldking.store\/wp-content\/uploads\/2022\/12\/Universal-MILS-Playset-1Starter-Pack-MOC-126448-5.png 1000w, https:\/\/mouldking.store\/wp-content\/uploads\/2022\/12\/Universal-MILS-Playset-1Starter-Pack-MOC-126448-5-300x300.png 300w, https:\/\/mouldking.store\/wp-content\/uploads\/2022\/12\/Universal-MILS-Playset-1Starter-Pack-MOC-126448-5-768x768.png 768w, https:\/\/mouldking.store\/wp-content\/uploads\/2022\/12\/Universal-MILS-Playset-1Starter-Pack-MOC-126448-5-600x600.png 600w, https:\/\/mouldking.store\/wp-content\/uploads\/2022\/12\/Universal-MILS-Playset-1Starter-Pack-MOC-126448-5-150x150.png 150w, https:\/\/mouldking.store\/wp-content\/uploads\/2022\/12\/Universal-MILS-Playset-1Starter-Pack-MOC-126448-5-60x60.png 60w, https:\/\/mouldking.store\/wp-content\/uploads\/2022\/12\/Universal-MILS-Playset-1Starter-Pack-MOC-126448-5-90x90.png 90w\" sizes=\"(max-width: 1000px) 100vw, 1000px\" \/><figcaption id=\"caption-attachment-37584\" class=\"wp-caption-text\">MOC-126448 Universal MILS lekesett 1:Startpakke med 1871 deler<\/figcaption><\/figure>","protected":false},"excerpt":{"rendered":"<p>Product information: Brand: MOC Gender: Unisex Name:Universal MILS Playset 1:Starter Pack Age Range: &gt; 6 years old Model Number: 126448 Classification: Assemblage Plastic Block Shape: Self-Locking Bricks Material: Plastic Plastic Type: ABS Bricks Blocks:1871 PCS Contains detailed assembly instructions. Time arrange: 4-8 weeks Notice: 1. Without an original box, but we guarantee our products have [&hellip;]<\/p>","protected":false},"featured_media":37579,"comment_status":"closed","ping_status":"closed","template":"","meta":{"_acf_changed":false},"product_cat":[1365,1406,371],"product_tag":[9131,430,9165,9170,9164,9166,9167,9130,9168,9169],"class_list":["product","first","instock","shipping-taxable","purchasable","product-type-simple"],"acf":[],"_links":{"self":[{"href":"https:\/\/mouldking.store\/nb\/wp-json\/wp\/v2\/product\/37578","targetHints":{"allow":["GET"]}}],"collection":[{"href":"https:\/\/mouldking.store\/nb\/wp-json\/wp\/v2\/product"}],"about":[{"href":"https:\/\/mouldking.store\/nb\/wp-json\/wp\/v2\/types\/product"}],"replies":[{"embeddable":true,"href":"https:\/\/mouldking.store\/nb\/wp-json\/wp\/v2\/comments?post=37578"}],"wp:featuredmedia":[{"embeddable":true,"href":"https:\/\/mouldking.store\/nb\/wp-json\/wp\/v2\/media\/37579"}],"wp:attachment":[{"href":"https:\/\/mouldking.store\/nb\/wp-json\/wp\/v2\/media?parent=37578"}],"wp:term":[{"taxonomy":"product_cat","embeddable":true,"href":"https:\/\/mouldking.store\/nb\/wp-json\/wp\/v2\/product_cat?post=37578"},{"taxonomy":"product_tag","embeddable":true,"href":"https:\/\/mouldking.store\/nb\/wp-json\/wp\/v2\/product_tag?post=37578"}],"curies":[{"name":"wp","href":"https:\/\/api.w.org\/{rel}","templated":true}]}}