{"id":37585,"date":"2022-12-08T15:08:12","date_gmt":"2022-12-08T08:08:12","guid":{"rendered":"https:\/\/mouldking.store\/?post_type=product&#038;p=37585"},"modified":"2025-12-25T09:12:11","modified_gmt":"2025-12-25T02:12:11","slug":"moc-1228-train-construction-site-with-3762-pieces","status":"publish","type":"product","link":"https:\/\/mouldking.store\/nb\/shop\/moc-1228-train-construction-site-with-3762-pieces\/","title":{"rendered":"MOC-1228 Train Construction Site With 3762 Pieces"},"content":{"rendered":"<p>Produktinformasjon:<\/p>\n<ol>\n<li>Merke: MOC<\/li>\n<li>Kj\u00f8nn: Unisex<\/li>\n<li>Name: Train Construction Site<\/li>\n<li>Aldersgruppe: &gt; 6 \u00e5r gammel<\/li>\n<li>Model Number: 1228<\/li>\n<li>Klassifisering: Montering<\/li>\n<li>Plastblokkform: Selvl\u00e5sende murstein<\/li>\n<li>Materiale: Plast<\/li>\n<li>Plasttype: ABS<\/li>\n<li>Bricks Blocks:3762 PCS<\/li>\n<li>Inneholder detaljerte monteringsanvisninger.<\/li>\n<li>Tidsbestemt: 4-8 uker<\/li>\n<\/ol>\n<p>Legge merke til:<br \/>\n1. Uten original eske, men vi garanterer at v\u00e5re produkter har kvalitetssikring og pen emballasje.<br \/>\n2. Som alle delene vi har sjekket f\u00f8r frakt, s\u00e5 hvis du finner noen deler savnet eller skadet, ikke bekymre deg og bare kontakt oss, s\u00e5 kan vi sende dem til deg p\u00e5 nytt umiddelbart gratis.<\/p>\n<figure id=\"attachment_37586\" aria-describedby=\"caption-attachment-37586\" style=\"width: 1004px\" class=\"wp-caption aligncenter\"><img fetchpriority=\"high\" decoding=\"async\" class=\"wp-image-37586 size-full\" src=\"https:\/\/mouldking.store\/wp-content\/uploads\/2022\/12\/MOC-1228-Modular-Building-Train-Construction-Site-MOC-FACTORY.png\" alt=\"MOC-1228 Train Construction Site With 3762 Pieces\" width=\"1004\" height=\"1004\" title=\"-\" srcset=\"https:\/\/mouldking.store\/wp-content\/uploads\/2022\/12\/MOC-1228-Modular-Building-Train-Construction-Site-MOC-FACTORY.png 1004w, https:\/\/mouldking.store\/wp-content\/uploads\/2022\/12\/MOC-1228-Modular-Building-Train-Construction-Site-MOC-FACTORY-300x300.png 300w, https:\/\/mouldking.store\/wp-content\/uploads\/2022\/12\/MOC-1228-Modular-Building-Train-Construction-Site-MOC-FACTORY-768x768.png 768w, https:\/\/mouldking.store\/wp-content\/uploads\/2022\/12\/MOC-1228-Modular-Building-Train-Construction-Site-MOC-FACTORY-600x600.png 600w, https:\/\/mouldking.store\/wp-content\/uploads\/2022\/12\/MOC-1228-Modular-Building-Train-Construction-Site-MOC-FACTORY-150x150.png 150w, https:\/\/mouldking.store\/wp-content\/uploads\/2022\/12\/MOC-1228-Modular-Building-Train-Construction-Site-MOC-FACTORY-60x60.png 60w, https:\/\/mouldking.store\/wp-content\/uploads\/2022\/12\/MOC-1228-Modular-Building-Train-Construction-Site-MOC-FACTORY-90x90.png 90w\" sizes=\"(max-width: 1004px) 100vw, 1004px\" \/><figcaption id=\"caption-attachment-37586\" class=\"wp-caption-text\">MOC-1228 Train Construction Site With 3762 Pieces<\/figcaption><\/figure>\n<figure id=\"attachment_37587\" aria-describedby=\"caption-attachment-37587\" style=\"width: 1000px\" class=\"wp-caption aligncenter\"><img decoding=\"async\" class=\"wp-image-37587 size-full\" src=\"https:\/\/mouldking.store\/wp-content\/uploads\/2022\/12\/Train-Construction-Site-MOC-1228-2.png\" alt=\"MOC-1228 Train Construction Site With 3762 Pieces\" width=\"1000\" height=\"1000\" title=\"-\" srcset=\"https:\/\/mouldking.store\/wp-content\/uploads\/2022\/12\/Train-Construction-Site-MOC-1228-2.png 1000w, https:\/\/mouldking.store\/wp-content\/uploads\/2022\/12\/Train-Construction-Site-MOC-1228-2-300x300.png 300w, https:\/\/mouldking.store\/wp-content\/uploads\/2022\/12\/Train-Construction-Site-MOC-1228-2-768x768.png 768w, https:\/\/mouldking.store\/wp-content\/uploads\/2022\/12\/Train-Construction-Site-MOC-1228-2-600x600.png 600w, https:\/\/mouldking.store\/wp-content\/uploads\/2022\/12\/Train-Construction-Site-MOC-1228-2-150x150.png 150w, https:\/\/mouldking.store\/wp-content\/uploads\/2022\/12\/Train-Construction-Site-MOC-1228-2-60x60.png 60w, https:\/\/mouldking.store\/wp-content\/uploads\/2022\/12\/Train-Construction-Site-MOC-1228-2-90x90.png 90w\" sizes=\"(max-width: 1000px) 100vw, 1000px\" \/><figcaption id=\"caption-attachment-37587\" class=\"wp-caption-text\">MOC-1228 Train Construction Site With 3762 Pieces<\/figcaption><\/figure>\n<figure id=\"attachment_37588\" aria-describedby=\"caption-attachment-37588\" style=\"width: 1000px\" class=\"wp-caption aligncenter\"><img decoding=\"async\" class=\"wp-image-37588 size-full\" src=\"https:\/\/mouldking.store\/wp-content\/uploads\/2022\/12\/Train-Construction-Site-MOC-1228-3.png\" alt=\"MOC-1228 Train Construction Site With 3762 Pieces\" width=\"1000\" height=\"1000\" title=\"-\" srcset=\"https:\/\/mouldking.store\/wp-content\/uploads\/2022\/12\/Train-Construction-Site-MOC-1228-3.png 1000w, https:\/\/mouldking.store\/wp-content\/uploads\/2022\/12\/Train-Construction-Site-MOC-1228-3-300x300.png 300w, https:\/\/mouldking.store\/wp-content\/uploads\/2022\/12\/Train-Construction-Site-MOC-1228-3-768x768.png 768w, https:\/\/mouldking.store\/wp-content\/uploads\/2022\/12\/Train-Construction-Site-MOC-1228-3-600x600.png 600w, https:\/\/mouldking.store\/wp-content\/uploads\/2022\/12\/Train-Construction-Site-MOC-1228-3-150x150.png 150w, https:\/\/mouldking.store\/wp-content\/uploads\/2022\/12\/Train-Construction-Site-MOC-1228-3-60x60.png 60w, https:\/\/mouldking.store\/wp-content\/uploads\/2022\/12\/Train-Construction-Site-MOC-1228-3-90x90.png 90w\" sizes=\"(max-width: 1000px) 100vw, 1000px\" \/><figcaption id=\"caption-attachment-37588\" class=\"wp-caption-text\">MOC-1228 Train Construction Site With 3762 Pieces<\/figcaption><\/figure>\n<figure id=\"attachment_37589\" aria-describedby=\"caption-attachment-37589\" style=\"width: 1000px\" class=\"wp-caption aligncenter\"><img loading=\"lazy\" decoding=\"async\" class=\"wp-image-37589 size-full\" src=\"https:\/\/mouldking.store\/wp-content\/uploads\/2022\/12\/Train-Construction-Site-MOC-1228-4.png\" alt=\"MOC-1228 Train Construction Site With 3762 Pieces\" width=\"1000\" height=\"1000\" title=\"-\" srcset=\"https:\/\/mouldking.store\/wp-content\/uploads\/2022\/12\/Train-Construction-Site-MOC-1228-4.png 1000w, https:\/\/mouldking.store\/wp-content\/uploads\/2022\/12\/Train-Construction-Site-MOC-1228-4-300x300.png 300w, https:\/\/mouldking.store\/wp-content\/uploads\/2022\/12\/Train-Construction-Site-MOC-1228-4-768x768.png 768w, https:\/\/mouldking.store\/wp-content\/uploads\/2022\/12\/Train-Construction-Site-MOC-1228-4-600x600.png 600w, https:\/\/mouldking.store\/wp-content\/uploads\/2022\/12\/Train-Construction-Site-MOC-1228-4-150x150.png 150w, https:\/\/mouldking.store\/wp-content\/uploads\/2022\/12\/Train-Construction-Site-MOC-1228-4-60x60.png 60w, https:\/\/mouldking.store\/wp-content\/uploads\/2022\/12\/Train-Construction-Site-MOC-1228-4-90x90.png 90w\" sizes=\"(max-width: 1000px) 100vw, 1000px\" \/><figcaption id=\"caption-attachment-37589\" class=\"wp-caption-text\">MOC-1228 Train Construction Site With 3762 Pieces<\/figcaption><\/figure>","protected":false},"excerpt":{"rendered":"<p>Product information: Brand: MOC Gender: Unisex Name: Train Construction Site Age Range: &gt; 6 years old Model Number: 1228 Classification: Assemblage Plastic Block Shape: Self-Locking Bricks Material: Plastic Plastic Type: ABS Bricks Blocks:3762 PCS Contains detailed assembly instructions. Time arrange: 4-8 weeks Notice: 1. Without an original box, but we guarantee our products have quality [&hellip;]<\/p>","protected":false},"featured_media":37586,"comment_status":"closed","ping_status":"closed","template":"","meta":{"_acf_changed":false},"product_cat":[1395,1406,390],"product_tag":[9173,430,9172,9175,9171,300,9174],"class_list":["product","first","instock","shipping-taxable","purchasable","product-type-simple"],"acf":[],"_links":{"self":[{"href":"https:\/\/mouldking.store\/nb\/wp-json\/wp\/v2\/product\/37585","targetHints":{"allow":["GET"]}}],"collection":[{"href":"https:\/\/mouldking.store\/nb\/wp-json\/wp\/v2\/product"}],"about":[{"href":"https:\/\/mouldking.store\/nb\/wp-json\/wp\/v2\/types\/product"}],"replies":[{"embeddable":true,"href":"https:\/\/mouldking.store\/nb\/wp-json\/wp\/v2\/comments?post=37585"}],"wp:featuredmedia":[{"embeddable":true,"href":"https:\/\/mouldking.store\/nb\/wp-json\/wp\/v2\/media\/37586"}],"wp:attachment":[{"href":"https:\/\/mouldking.store\/nb\/wp-json\/wp\/v2\/media?parent=37585"}],"wp:term":[{"taxonomy":"product_cat","embeddable":true,"href":"https:\/\/mouldking.store\/nb\/wp-json\/wp\/v2\/product_cat?post=37585"},{"taxonomy":"product_tag","embeddable":true,"href":"https:\/\/mouldking.store\/nb\/wp-json\/wp\/v2\/product_tag?post=37585"}],"curies":[{"name":"wp","href":"https:\/\/api.w.org\/{rel}","templated":true}]}}