{"id":37601,"date":"2022-12-08T15:28:24","date_gmt":"2022-12-08T08:28:24","guid":{"rendered":"https:\/\/mouldking.store\/?post_type=product&#038;p=37601"},"modified":"2025-12-25T09:12:11","modified_gmt":"2025-12-25T02:12:11","slug":"moc-59230-gbc-chairlift-detachable-car-with-8314-pieces","status":"publish","type":"product","link":"https:\/\/mouldking.store\/nb\/shop\/moc-59230-gbc-chairlift-detachable-car-with-8314-pieces\/","title":{"rendered":"MOC-59230 GBC Chairlift Detachable Car With 8314 Pieces"},"content":{"rendered":"<p>Produktinformasjon:<\/p>\n<ol>\n<li>Merke: MOC<\/li>\n<li>Kj\u00f8nn: Unisex<\/li>\n<li>Name: GBC Chairlift Detachable Car<\/li>\n<li>Aldersgruppe: &gt; 6 \u00e5r gammel<\/li>\n<li>Model Number: 59230<\/li>\n<li>Klassifisering: Montering<\/li>\n<li>Plastblokkform: Selvl\u00e5sende murstein<\/li>\n<li>Materiale: Plast<\/li>\n<li>Plasttype: ABS<\/li>\n<li>Bricks Blocks:8314PCS<\/li>\n<li>Inneholder detaljerte monteringsanvisninger.<\/li>\n<li>Tidsbestemt: 4-8 uker<\/li>\n<\/ol>\n<p>Legge merke til:<br \/>\n1. Uten original eske, men vi garanterer at v\u00e5re produkter har kvalitetssikring og pen emballasje.<br \/>\n2. Som alle delene vi har sjekket f\u00f8r frakt, s\u00e5 hvis du finner noen deler savnet eller skadet, ikke bekymre deg og bare kontakt oss, s\u00e5 kan vi sende dem til deg p\u00e5 nytt umiddelbart gratis.<\/p>\n<figure id=\"attachment_37602\" aria-describedby=\"caption-attachment-37602\" style=\"width: 1004px\" class=\"wp-caption aligncenter\"><img fetchpriority=\"high\" decoding=\"async\" class=\"wp-image-37602 size-full\" src=\"https:\/\/mouldking.store\/wp-content\/uploads\/2022\/12\/MOC-59230-Technic-GBC-Chairlift-Detachable-Car-MOC-FACTORY.png\" alt=\"MOC-59230 GBC Chairlift Detachable Car With 8314 Pieces\" width=\"1004\" height=\"1004\" title=\"-\" srcset=\"https:\/\/mouldking.store\/wp-content\/uploads\/2022\/12\/MOC-59230-Technic-GBC-Chairlift-Detachable-Car-MOC-FACTORY.png 1004w, https:\/\/mouldking.store\/wp-content\/uploads\/2022\/12\/MOC-59230-Technic-GBC-Chairlift-Detachable-Car-MOC-FACTORY-300x300.png 300w, https:\/\/mouldking.store\/wp-content\/uploads\/2022\/12\/MOC-59230-Technic-GBC-Chairlift-Detachable-Car-MOC-FACTORY-768x768.png 768w, https:\/\/mouldking.store\/wp-content\/uploads\/2022\/12\/MOC-59230-Technic-GBC-Chairlift-Detachable-Car-MOC-FACTORY-600x600.png 600w, https:\/\/mouldking.store\/wp-content\/uploads\/2022\/12\/MOC-59230-Technic-GBC-Chairlift-Detachable-Car-MOC-FACTORY-150x150.png 150w, https:\/\/mouldking.store\/wp-content\/uploads\/2022\/12\/MOC-59230-Technic-GBC-Chairlift-Detachable-Car-MOC-FACTORY-60x60.png 60w, https:\/\/mouldking.store\/wp-content\/uploads\/2022\/12\/MOC-59230-Technic-GBC-Chairlift-Detachable-Car-MOC-FACTORY-90x90.png 90w\" sizes=\"(max-width: 1004px) 100vw, 1004px\" \/><figcaption id=\"caption-attachment-37602\" class=\"wp-caption-text\">MOC-59230 GBC Chairlift Detachable Car With 8314 Pieces<\/figcaption><\/figure>\n<figure id=\"attachment_37603\" aria-describedby=\"caption-attachment-37603\" style=\"width: 1000px\" class=\"wp-caption aligncenter\"><img decoding=\"async\" class=\"wp-image-37603 size-full\" src=\"https:\/\/mouldking.store\/wp-content\/uploads\/2022\/12\/GBC-Chairlift-Detachable-Cable-Car-MOC-59230-2.png\" alt=\"MOC-59230 GBC Chairlift Detachable Car With 8314 Pieces\" width=\"1000\" height=\"1000\" title=\"-\" srcset=\"https:\/\/mouldking.store\/wp-content\/uploads\/2022\/12\/GBC-Chairlift-Detachable-Cable-Car-MOC-59230-2.png 1000w, https:\/\/mouldking.store\/wp-content\/uploads\/2022\/12\/GBC-Chairlift-Detachable-Cable-Car-MOC-59230-2-300x300.png 300w, https:\/\/mouldking.store\/wp-content\/uploads\/2022\/12\/GBC-Chairlift-Detachable-Cable-Car-MOC-59230-2-768x768.png 768w, https:\/\/mouldking.store\/wp-content\/uploads\/2022\/12\/GBC-Chairlift-Detachable-Cable-Car-MOC-59230-2-600x600.png 600w, https:\/\/mouldking.store\/wp-content\/uploads\/2022\/12\/GBC-Chairlift-Detachable-Cable-Car-MOC-59230-2-150x150.png 150w, https:\/\/mouldking.store\/wp-content\/uploads\/2022\/12\/GBC-Chairlift-Detachable-Cable-Car-MOC-59230-2-60x60.png 60w, https:\/\/mouldking.store\/wp-content\/uploads\/2022\/12\/GBC-Chairlift-Detachable-Cable-Car-MOC-59230-2-90x90.png 90w\" sizes=\"(max-width: 1000px) 100vw, 1000px\" \/><figcaption id=\"caption-attachment-37603\" class=\"wp-caption-text\">MOC-59230 GBC Chairlift Detachable Car With 8314 Pieces<\/figcaption><\/figure>","protected":false},"excerpt":{"rendered":"<p>Product information: Brand: MOC Gender: Unisex Name: GBC Chairlift Detachable Car Age Range: &gt; 6 years old Model Number: 59230 Classification: Assemblage Plastic Block Shape: Self-Locking Bricks Material: Plastic Plastic Type: ABS Bricks Blocks:8314PCS Contains detailed assembly instructions. Time arrange: 4-8 weeks Notice: 1. Without an original box, but we guarantee our products have quality [&hellip;]<\/p>","protected":false},"featured_media":37602,"comment_status":"closed","ping_status":"closed","template":"","meta":{"_acf_changed":false},"product_cat":[1406,364],"product_tag":[9189,9190,9188,9191,430,9187,9192,9186],"class_list":["product","first","instock","shipping-taxable","purchasable","product-type-simple"],"acf":[],"_links":{"self":[{"href":"https:\/\/mouldking.store\/nb\/wp-json\/wp\/v2\/product\/37601","targetHints":{"allow":["GET"]}}],"collection":[{"href":"https:\/\/mouldking.store\/nb\/wp-json\/wp\/v2\/product"}],"about":[{"href":"https:\/\/mouldking.store\/nb\/wp-json\/wp\/v2\/types\/product"}],"replies":[{"embeddable":true,"href":"https:\/\/mouldking.store\/nb\/wp-json\/wp\/v2\/comments?post=37601"}],"wp:featuredmedia":[{"embeddable":true,"href":"https:\/\/mouldking.store\/nb\/wp-json\/wp\/v2\/media\/37602"}],"wp:attachment":[{"href":"https:\/\/mouldking.store\/nb\/wp-json\/wp\/v2\/media?parent=37601"}],"wp:term":[{"taxonomy":"product_cat","embeddable":true,"href":"https:\/\/mouldking.store\/nb\/wp-json\/wp\/v2\/product_cat?post=37601"},{"taxonomy":"product_tag","embeddable":true,"href":"https:\/\/mouldking.store\/nb\/wp-json\/wp\/v2\/product_tag?post=37601"}],"curies":[{"name":"wp","href":"https:\/\/api.w.org\/{rel}","templated":true}]}}