{"id":37627,"date":"2022-12-08T16:02:32","date_gmt":"2022-12-08T09:02:32","guid":{"rendered":"https:\/\/mouldking.store\/?post_type=product&#038;p=37627"},"modified":"2025-12-25T09:12:10","modified_gmt":"2025-12-25T02:12:10","slug":"moc-124771-ferrari-daytona-sp3-with-966-pieces","status":"publish","type":"product","link":"https:\/\/mouldking.store\/nb\/shop\/moc-124771-ferrari-daytona-sp3-with-966-pieces\/","title":{"rendered":"MOC-124771 Ferrari Daytona SP3 Med 966 stk"},"content":{"rendered":"<p>Produktinformasjon:<\/p>\n<ol>\n<li>Merke: MOC<\/li>\n<li>Kj\u00f8nn: Unisex<\/li>\n<li>Name: Ferrari Daytona SP3<\/li>\n<li>Aldersgruppe: &gt; 6 \u00e5r gammel<\/li>\n<li>Model Number: 124771<\/li>\n<li>Klassifisering: Montering<\/li>\n<li>Plastblokkform: Selvl\u00e5sende murstein<\/li>\n<li>Materiale: Plast<\/li>\n<li>Plasttype: ABS<\/li>\n<li>Bricks Blocks:966 PCS<\/li>\n<li>Size: \u00a013.5 inches long, 5.5 inches wide, and 3.5 inches high<\/li>\n<li>Inneholder detaljerte monteringsanvisninger.<\/li>\n<li>Tidsbestemt: 4-8 uker<\/li>\n<\/ol>\n<p>Legge merke til:<br \/>\n1. Uten original eske, men vi garanterer at v\u00e5re produkter har kvalitetssikring og pen emballasje.<br \/>\n2. Som alle delene vi har sjekket f\u00f8r frakt, s\u00e5 hvis du finner noen deler savnet eller skadet, ikke bekymre deg og bare kontakt oss, s\u00e5 kan vi sende dem til deg p\u00e5 nytt umiddelbart gratis.<\/p>\n<figure id=\"attachment_37628\" aria-describedby=\"caption-attachment-37628\" style=\"width: 1004px\" class=\"wp-caption aligncenter\"><img fetchpriority=\"high\" decoding=\"async\" class=\"wp-image-37628 size-full\" src=\"https:\/\/mouldking.store\/wp-content\/uploads\/2022\/12\/MOC-124771-Technic-Ferrari-Daytona-SP3-MOC-FACTORY.png\" alt=\"MOC-124771 Ferrari Daytona SP3 With 966 Pieces\" width=\"1004\" height=\"1004\" title=\"-\" srcset=\"https:\/\/mouldking.store\/wp-content\/uploads\/2022\/12\/MOC-124771-Technic-Ferrari-Daytona-SP3-MOC-FACTORY.png 1004w, https:\/\/mouldking.store\/wp-content\/uploads\/2022\/12\/MOC-124771-Technic-Ferrari-Daytona-SP3-MOC-FACTORY-300x300.png 300w, https:\/\/mouldking.store\/wp-content\/uploads\/2022\/12\/MOC-124771-Technic-Ferrari-Daytona-SP3-MOC-FACTORY-768x768.png 768w, https:\/\/mouldking.store\/wp-content\/uploads\/2022\/12\/MOC-124771-Technic-Ferrari-Daytona-SP3-MOC-FACTORY-600x600.png 600w, https:\/\/mouldking.store\/wp-content\/uploads\/2022\/12\/MOC-124771-Technic-Ferrari-Daytona-SP3-MOC-FACTORY-150x150.png 150w, https:\/\/mouldking.store\/wp-content\/uploads\/2022\/12\/MOC-124771-Technic-Ferrari-Daytona-SP3-MOC-FACTORY-60x60.png 60w, https:\/\/mouldking.store\/wp-content\/uploads\/2022\/12\/MOC-124771-Technic-Ferrari-Daytona-SP3-MOC-FACTORY-90x90.png 90w\" sizes=\"(max-width: 1004px) 100vw, 1004px\" \/><figcaption id=\"caption-attachment-37628\" class=\"wp-caption-text\">MOC-124771 Ferrari Daytona SP3 Med 966 stk<\/figcaption><\/figure>\n<figure id=\"attachment_37629\" aria-describedby=\"caption-attachment-37629\" style=\"width: 1000px\" class=\"wp-caption aligncenter\"><img decoding=\"async\" class=\"wp-image-37629 size-full\" src=\"https:\/\/mouldking.store\/wp-content\/uploads\/2022\/12\/Ferrari-Daytona-SP3-MOC-124771-2.png\" alt=\"MOC-124771 Ferrari Daytona SP3 With 966 Pieces\" width=\"1000\" height=\"1000\" title=\"-\" srcset=\"https:\/\/mouldking.store\/wp-content\/uploads\/2022\/12\/Ferrari-Daytona-SP3-MOC-124771-2.png 1000w, https:\/\/mouldking.store\/wp-content\/uploads\/2022\/12\/Ferrari-Daytona-SP3-MOC-124771-2-300x300.png 300w, https:\/\/mouldking.store\/wp-content\/uploads\/2022\/12\/Ferrari-Daytona-SP3-MOC-124771-2-768x768.png 768w, https:\/\/mouldking.store\/wp-content\/uploads\/2022\/12\/Ferrari-Daytona-SP3-MOC-124771-2-600x600.png 600w, https:\/\/mouldking.store\/wp-content\/uploads\/2022\/12\/Ferrari-Daytona-SP3-MOC-124771-2-150x150.png 150w, https:\/\/mouldking.store\/wp-content\/uploads\/2022\/12\/Ferrari-Daytona-SP3-MOC-124771-2-60x60.png 60w, https:\/\/mouldking.store\/wp-content\/uploads\/2022\/12\/Ferrari-Daytona-SP3-MOC-124771-2-90x90.png 90w\" sizes=\"(max-width: 1000px) 100vw, 1000px\" \/><figcaption id=\"caption-attachment-37629\" class=\"wp-caption-text\">MOC-124771 Ferrari Daytona SP3 Med 966 stk<\/figcaption><\/figure>\n<figure id=\"attachment_37630\" aria-describedby=\"caption-attachment-37630\" style=\"width: 1000px\" class=\"wp-caption aligncenter\"><img decoding=\"async\" class=\"wp-image-37630 size-full\" src=\"https:\/\/mouldking.store\/wp-content\/uploads\/2022\/12\/Ferrari-Daytona-SP3-MOC-124771-3.png\" alt=\"MOC-124771 Ferrari Daytona SP3 With 966 Pieces\" width=\"1000\" height=\"1000\" title=\"-\" srcset=\"https:\/\/mouldking.store\/wp-content\/uploads\/2022\/12\/Ferrari-Daytona-SP3-MOC-124771-3.png 1000w, https:\/\/mouldking.store\/wp-content\/uploads\/2022\/12\/Ferrari-Daytona-SP3-MOC-124771-3-300x300.png 300w, https:\/\/mouldking.store\/wp-content\/uploads\/2022\/12\/Ferrari-Daytona-SP3-MOC-124771-3-768x768.png 768w, https:\/\/mouldking.store\/wp-content\/uploads\/2022\/12\/Ferrari-Daytona-SP3-MOC-124771-3-600x600.png 600w, https:\/\/mouldking.store\/wp-content\/uploads\/2022\/12\/Ferrari-Daytona-SP3-MOC-124771-3-150x150.png 150w, https:\/\/mouldking.store\/wp-content\/uploads\/2022\/12\/Ferrari-Daytona-SP3-MOC-124771-3-60x60.png 60w, https:\/\/mouldking.store\/wp-content\/uploads\/2022\/12\/Ferrari-Daytona-SP3-MOC-124771-3-90x90.png 90w\" sizes=\"(max-width: 1000px) 100vw, 1000px\" \/><figcaption id=\"caption-attachment-37630\" class=\"wp-caption-text\">MOC-124771 Ferrari Daytona SP3 Med 966 stk<\/figcaption><\/figure>\n<figure id=\"attachment_37631\" aria-describedby=\"caption-attachment-37631\" style=\"width: 1000px\" class=\"wp-caption aligncenter\"><img loading=\"lazy\" decoding=\"async\" class=\"wp-image-37631 size-full\" src=\"https:\/\/mouldking.store\/wp-content\/uploads\/2022\/12\/Ferrari-Daytona-SP3-MOC-124771-4.png\" alt=\"MOC-124771 Ferrari Daytona SP3 With 966 Pieces\" width=\"1000\" height=\"1000\" title=\"-\" srcset=\"https:\/\/mouldking.store\/wp-content\/uploads\/2022\/12\/Ferrari-Daytona-SP3-MOC-124771-4.png 1000w, https:\/\/mouldking.store\/wp-content\/uploads\/2022\/12\/Ferrari-Daytona-SP3-MOC-124771-4-300x300.png 300w, https:\/\/mouldking.store\/wp-content\/uploads\/2022\/12\/Ferrari-Daytona-SP3-MOC-124771-4-768x768.png 768w, https:\/\/mouldking.store\/wp-content\/uploads\/2022\/12\/Ferrari-Daytona-SP3-MOC-124771-4-600x600.png 600w, https:\/\/mouldking.store\/wp-content\/uploads\/2022\/12\/Ferrari-Daytona-SP3-MOC-124771-4-150x150.png 150w, https:\/\/mouldking.store\/wp-content\/uploads\/2022\/12\/Ferrari-Daytona-SP3-MOC-124771-4-60x60.png 60w, https:\/\/mouldking.store\/wp-content\/uploads\/2022\/12\/Ferrari-Daytona-SP3-MOC-124771-4-90x90.png 90w\" sizes=\"(max-width: 1000px) 100vw, 1000px\" \/><figcaption id=\"caption-attachment-37631\" class=\"wp-caption-text\">MOC-124771 Ferrari Daytona SP3 Med 966 stk<\/figcaption><\/figure>\n<figure id=\"attachment_37632\" aria-describedby=\"caption-attachment-37632\" style=\"width: 1000px\" class=\"wp-caption aligncenter\"><img loading=\"lazy\" decoding=\"async\" class=\"wp-image-37632 size-full\" src=\"https:\/\/mouldking.store\/wp-content\/uploads\/2022\/12\/Ferrari-Daytona-SP3-MOC-124771-5.png\" alt=\"MOC-124771 Ferrari Daytona SP3 With 966 Pieces\" width=\"1000\" height=\"1000\" title=\"-\" srcset=\"https:\/\/mouldking.store\/wp-content\/uploads\/2022\/12\/Ferrari-Daytona-SP3-MOC-124771-5.png 1000w, https:\/\/mouldking.store\/wp-content\/uploads\/2022\/12\/Ferrari-Daytona-SP3-MOC-124771-5-300x300.png 300w, https:\/\/mouldking.store\/wp-content\/uploads\/2022\/12\/Ferrari-Daytona-SP3-MOC-124771-5-768x768.png 768w, https:\/\/mouldking.store\/wp-content\/uploads\/2022\/12\/Ferrari-Daytona-SP3-MOC-124771-5-600x600.png 600w, https:\/\/mouldking.store\/wp-content\/uploads\/2022\/12\/Ferrari-Daytona-SP3-MOC-124771-5-150x150.png 150w, https:\/\/mouldking.store\/wp-content\/uploads\/2022\/12\/Ferrari-Daytona-SP3-MOC-124771-5-60x60.png 60w, https:\/\/mouldking.store\/wp-content\/uploads\/2022\/12\/Ferrari-Daytona-SP3-MOC-124771-5-90x90.png 90w\" sizes=\"(max-width: 1000px) 100vw, 1000px\" \/><figcaption id=\"caption-attachment-37632\" class=\"wp-caption-text\">MOC-124771 Ferrari Daytona SP3 Med 966 stk<\/figcaption><\/figure>","protected":false},"excerpt":{"rendered":"<p>Product information: Brand: MOC Gender: Unisex Name: Ferrari Daytona SP3 Age Range: &gt; 6 years old Model Number: 124771 Classification: Assemblage Plastic Block Shape: Self-Locking Bricks Material: Plastic Plastic Type: ABS Bricks Blocks:966 PCS Size: \u00a013.5 inches long, 5.5 inches wide, and 3.5 inches high Contains detailed assembly instructions. Time arrange: 4-8 weeks Notice: 1. [&hellip;]<\/p>","protected":false},"featured_media":37628,"comment_status":"closed","ping_status":"closed","template":"","meta":{"_acf_changed":false},"product_cat":[1360,1406,364],"product_tag":[7380,1585,7381,430,9219,9221,9218,9220],"class_list":["product","first","instock","shipping-taxable","purchasable","product-type-simple"],"acf":[],"_links":{"self":[{"href":"https:\/\/mouldking.store\/nb\/wp-json\/wp\/v2\/product\/37627","targetHints":{"allow":["GET"]}}],"collection":[{"href":"https:\/\/mouldking.store\/nb\/wp-json\/wp\/v2\/product"}],"about":[{"href":"https:\/\/mouldking.store\/nb\/wp-json\/wp\/v2\/types\/product"}],"replies":[{"embeddable":true,"href":"https:\/\/mouldking.store\/nb\/wp-json\/wp\/v2\/comments?post=37627"}],"wp:featuredmedia":[{"embeddable":true,"href":"https:\/\/mouldking.store\/nb\/wp-json\/wp\/v2\/media\/37628"}],"wp:attachment":[{"href":"https:\/\/mouldking.store\/nb\/wp-json\/wp\/v2\/media?parent=37627"}],"wp:term":[{"taxonomy":"product_cat","embeddable":true,"href":"https:\/\/mouldking.store\/nb\/wp-json\/wp\/v2\/product_cat?post=37627"},{"taxonomy":"product_tag","embeddable":true,"href":"https:\/\/mouldking.store\/nb\/wp-json\/wp\/v2\/product_tag?post=37627"}],"curies":[{"name":"wp","href":"https:\/\/api.w.org\/{rel}","templated":true}]}}