{"id":37667,"date":"2022-12-09T09:34:04","date_gmt":"2022-12-09T02:34:04","guid":{"rendered":"https:\/\/mouldking.store\/?post_type=product&#038;p=37667"},"modified":"2022-12-09T09:34:05","modified_gmt":"2022-12-09T02:34:05","slug":"jiestar-89154-station-lobby-welcome-the-meeting-point-with-2720pcs","status":"publish","type":"product","link":"https:\/\/mouldking.store\/nb\/shop\/jiestar-89154-station-lobby-welcome-the-meeting-point-with-2720pcs\/","title":{"rendered":"JIESTAR 89154 Station Lobby Velkommen M\u00f8tepunktet Med 2720 stk"},"content":{"rendered":"<p>Produktinformasjon:<\/p>\n<ol>\n<li>Merke: JIESTAR<\/li>\n<li>Kj\u00f8nn: Unisex<\/li>\n<li>Navn: Stasjonslobby Velkommen til m\u00f8tepunktet<\/li>\n<li>Aldersgruppe: &gt; 6 \u00e5r gammel<\/li>\n<li>Modellnummer: 89154<\/li>\n<li>Klassifisering: Montering<\/li>\n<li>Plastblokkform: Selvl\u00e5sende murstein<\/li>\n<li>Materiale: Plast<\/li>\n<li>Plasttype: ABS<\/li>\n<li>Mursteinsblokker:2720 STK<\/li>\n<li>St\u00f8rrelse: 38 \u00d7 26 \u00d7 30 cm<\/li>\n<li>Inneholder detaljerte monteringsanvisninger.<\/li>\n<\/ol>\n<p>Legge merke til:<br \/>\n1. Uten original eske, men vi garanterer at v\u00e5re produkter har kvalitetssikring og pen emballasje.<br \/>\n2. Som alle delene vi har sjekket f\u00f8r frakt, s\u00e5 hvis du finner noen deler savnet eller skadet, ikke bekymre deg og bare kontakt oss, s\u00e5 kan vi sende dem til deg p\u00e5 nytt umiddelbart gratis.<\/p>\n<figure id=\"attachment_37668\" aria-describedby=\"caption-attachment-37668\" style=\"width: 1024px\" class=\"wp-caption alignnone\"><img fetchpriority=\"high\" decoding=\"async\" class=\"wp-image-37668 size-large\" src=\"https:\/\/mouldking.store\/wp-content\/uploads\/2022\/12\/Station-Lobby-Welcome-The-Meeting-Point-JIESTAR-89154-6-1024x737.jpg\" alt=\"JIESTAR 89154 Station Lobby Welcome The Meeting Point With 2720pcs\" width=\"1024\" height=\"737\" title=\"-\" srcset=\"https:\/\/mouldking.store\/wp-content\/uploads\/2022\/12\/Station-Lobby-Welcome-The-Meeting-Point-JIESTAR-89154-6-1024x737.jpg 1024w, https:\/\/mouldking.store\/wp-content\/uploads\/2022\/12\/Station-Lobby-Welcome-The-Meeting-Point-JIESTAR-89154-6-300x216.jpg 300w, https:\/\/mouldking.store\/wp-content\/uploads\/2022\/12\/Station-Lobby-Welcome-The-Meeting-Point-JIESTAR-89154-6-768x552.jpg 768w, https:\/\/mouldking.store\/wp-content\/uploads\/2022\/12\/Station-Lobby-Welcome-The-Meeting-Point-JIESTAR-89154-6-1536x1105.jpg 1536w, https:\/\/mouldking.store\/wp-content\/uploads\/2022\/12\/Station-Lobby-Welcome-The-Meeting-Point-JIESTAR-89154-6-2048x1473.jpg 2048w, https:\/\/mouldking.store\/wp-content\/uploads\/2022\/12\/Station-Lobby-Welcome-The-Meeting-Point-JIESTAR-89154-6-600x432.jpg 600w, https:\/\/mouldking.store\/wp-content\/uploads\/2022\/12\/Station-Lobby-Welcome-The-Meeting-Point-JIESTAR-89154-6-150x108.jpg 150w, https:\/\/mouldking.store\/wp-content\/uploads\/2022\/12\/Station-Lobby-Welcome-The-Meeting-Point-JIESTAR-89154-6-83x60.jpg 83w, https:\/\/mouldking.store\/wp-content\/uploads\/2022\/12\/Station-Lobby-Welcome-The-Meeting-Point-JIESTAR-89154-6-125x90.jpg 125w\" sizes=\"(max-width: 1024px) 100vw, 1024px\" \/><figcaption id=\"caption-attachment-37668\" class=\"wp-caption-text\">JIESTAR 89154 Station Lobby Velkommen M\u00f8tepunktet Med 2720 stk<\/figcaption><\/figure>\n<figure id=\"attachment_37669\" aria-describedby=\"caption-attachment-37669\" style=\"width: 1080px\" class=\"wp-caption aligncenter\"><img decoding=\"async\" class=\"wp-image-37669 size-full\" src=\"https:\/\/mouldking.store\/wp-content\/uploads\/2022\/12\/Station-Lobby-Welcome-The-Meeting-Point-JIESTAR-89154-5.jpeg\" alt=\"JIESTAR 89154 Station Lobby Welcome The Meeting Point With 2720pcs\" width=\"1080\" height=\"720\" title=\"-\" srcset=\"https:\/\/mouldking.store\/wp-content\/uploads\/2022\/12\/Station-Lobby-Welcome-The-Meeting-Point-JIESTAR-89154-5.jpeg 1080w, https:\/\/mouldking.store\/wp-content\/uploads\/2022\/12\/Station-Lobby-Welcome-The-Meeting-Point-JIESTAR-89154-5-300x200.jpeg 300w, https:\/\/mouldking.store\/wp-content\/uploads\/2022\/12\/Station-Lobby-Welcome-The-Meeting-Point-JIESTAR-89154-5-1024x683.jpeg 1024w, https:\/\/mouldking.store\/wp-content\/uploads\/2022\/12\/Station-Lobby-Welcome-The-Meeting-Point-JIESTAR-89154-5-768x512.jpeg 768w, https:\/\/mouldking.store\/wp-content\/uploads\/2022\/12\/Station-Lobby-Welcome-The-Meeting-Point-JIESTAR-89154-5-600x400.jpeg 600w, https:\/\/mouldking.store\/wp-content\/uploads\/2022\/12\/Station-Lobby-Welcome-The-Meeting-Point-JIESTAR-89154-5-150x100.jpeg 150w, https:\/\/mouldking.store\/wp-content\/uploads\/2022\/12\/Station-Lobby-Welcome-The-Meeting-Point-JIESTAR-89154-5-90x60.jpeg 90w, https:\/\/mouldking.store\/wp-content\/uploads\/2022\/12\/Station-Lobby-Welcome-The-Meeting-Point-JIESTAR-89154-5-135x90.jpeg 135w\" sizes=\"(max-width: 1080px) 100vw, 1080px\" \/><figcaption id=\"caption-attachment-37669\" class=\"wp-caption-text\">JIESTAR 89154 Station Lobby Velkommen M\u00f8tepunktet Med 2720 stk<\/figcaption><\/figure>\n<figure id=\"attachment_37670\" aria-describedby=\"caption-attachment-37670\" style=\"width: 1024px\" class=\"wp-caption aligncenter\"><img decoding=\"async\" class=\"wp-image-37670 size-large\" src=\"https:\/\/mouldking.store\/wp-content\/uploads\/2022\/12\/Station-Lobby-Welcome-The-Meeting-Point-JIESTAR-89154-4-1024x768.jpeg\" alt=\"JIESTAR 89154 Station Lobby Welcome The Meeting Point With 2720pcs\" width=\"1024\" height=\"768\" title=\"-\" srcset=\"https:\/\/mouldking.store\/wp-content\/uploads\/2022\/12\/Station-Lobby-Welcome-The-Meeting-Point-JIESTAR-89154-4-1024x768.jpeg 1024w, https:\/\/mouldking.store\/wp-content\/uploads\/2022\/12\/Station-Lobby-Welcome-The-Meeting-Point-JIESTAR-89154-4-300x225.jpeg 300w, https:\/\/mouldking.store\/wp-content\/uploads\/2022\/12\/Station-Lobby-Welcome-The-Meeting-Point-JIESTAR-89154-4-768x576.jpeg 768w, https:\/\/mouldking.store\/wp-content\/uploads\/2022\/12\/Station-Lobby-Welcome-The-Meeting-Point-JIESTAR-89154-4-600x450.jpeg 600w, https:\/\/mouldking.store\/wp-content\/uploads\/2022\/12\/Station-Lobby-Welcome-The-Meeting-Point-JIESTAR-89154-4-150x113.jpeg 150w, https:\/\/mouldking.store\/wp-content\/uploads\/2022\/12\/Station-Lobby-Welcome-The-Meeting-Point-JIESTAR-89154-4-80x60.jpeg 80w, https:\/\/mouldking.store\/wp-content\/uploads\/2022\/12\/Station-Lobby-Welcome-The-Meeting-Point-JIESTAR-89154-4-120x90.jpeg 120w, https:\/\/mouldking.store\/wp-content\/uploads\/2022\/12\/Station-Lobby-Welcome-The-Meeting-Point-JIESTAR-89154-4.jpeg 1080w\" sizes=\"(max-width: 1024px) 100vw, 1024px\" \/><figcaption id=\"caption-attachment-37670\" class=\"wp-caption-text\">JIESTAR 89154 Station Lobby Velkommen M\u00f8tepunktet Med 2720 stk<\/figcaption><\/figure>\n<figure id=\"attachment_37671\" aria-describedby=\"caption-attachment-37671\" style=\"width: 1024px\" class=\"wp-caption aligncenter\"><img loading=\"lazy\" decoding=\"async\" class=\"wp-image-37671 size-large\" src=\"https:\/\/mouldking.store\/wp-content\/uploads\/2022\/12\/Station-Lobby-Welcome-The-Meeting-Point-JIESTAR-89154-3-1024x684.jpeg\" alt=\"JIESTAR 89154 Station Lobby Welcome The Meeting Point With 2720pcs\" width=\"1024\" height=\"684\" title=\"-\" srcset=\"https:\/\/mouldking.store\/wp-content\/uploads\/2022\/12\/Station-Lobby-Welcome-The-Meeting-Point-JIESTAR-89154-3-1024x684.jpeg 1024w, https:\/\/mouldking.store\/wp-content\/uploads\/2022\/12\/Station-Lobby-Welcome-The-Meeting-Point-JIESTAR-89154-3-300x200.jpeg 300w, https:\/\/mouldking.store\/wp-content\/uploads\/2022\/12\/Station-Lobby-Welcome-The-Meeting-Point-JIESTAR-89154-3-768x513.jpeg 768w, https:\/\/mouldking.store\/wp-content\/uploads\/2022\/12\/Station-Lobby-Welcome-The-Meeting-Point-JIESTAR-89154-3-600x401.jpeg 600w, https:\/\/mouldking.store\/wp-content\/uploads\/2022\/12\/Station-Lobby-Welcome-The-Meeting-Point-JIESTAR-89154-3-150x100.jpeg 150w, https:\/\/mouldking.store\/wp-content\/uploads\/2022\/12\/Station-Lobby-Welcome-The-Meeting-Point-JIESTAR-89154-3-90x60.jpeg 90w, https:\/\/mouldking.store\/wp-content\/uploads\/2022\/12\/Station-Lobby-Welcome-The-Meeting-Point-JIESTAR-89154-3-135x90.jpeg 135w, https:\/\/mouldking.store\/wp-content\/uploads\/2022\/12\/Station-Lobby-Welcome-The-Meeting-Point-JIESTAR-89154-3.jpeg 1080w\" sizes=\"(max-width: 1024px) 100vw, 1024px\" \/><figcaption id=\"caption-attachment-37671\" class=\"wp-caption-text\">JIESTAR 89154 Station Lobby Velkommen M\u00f8tepunktet Med 2720 stk<\/figcaption><\/figure>\n<figure id=\"attachment_37672\" aria-describedby=\"caption-attachment-37672\" style=\"width: 1024px\" class=\"wp-caption aligncenter\"><img loading=\"lazy\" decoding=\"async\" class=\"wp-image-37672 size-large\" src=\"https:\/\/mouldking.store\/wp-content\/uploads\/2022\/12\/Station-Lobby-Welcome-The-Meeting-Point-JIESTAR-89154-2-1024x683.jpeg\" alt=\"JIESTAR 89154 Station Lobby Welcome The Meeting Point With 2720pcs\" width=\"1024\" height=\"683\" title=\"-\" srcset=\"https:\/\/mouldking.store\/wp-content\/uploads\/2022\/12\/Station-Lobby-Welcome-The-Meeting-Point-JIESTAR-89154-2-1024x683.jpeg 1024w, https:\/\/mouldking.store\/wp-content\/uploads\/2022\/12\/Station-Lobby-Welcome-The-Meeting-Point-JIESTAR-89154-2-300x200.jpeg 300w, https:\/\/mouldking.store\/wp-content\/uploads\/2022\/12\/Station-Lobby-Welcome-The-Meeting-Point-JIESTAR-89154-2-768x512.jpeg 768w, https:\/\/mouldking.store\/wp-content\/uploads\/2022\/12\/Station-Lobby-Welcome-The-Meeting-Point-JIESTAR-89154-2-600x400.jpeg 600w, https:\/\/mouldking.store\/wp-content\/uploads\/2022\/12\/Station-Lobby-Welcome-The-Meeting-Point-JIESTAR-89154-2-150x100.jpeg 150w, https:\/\/mouldking.store\/wp-content\/uploads\/2022\/12\/Station-Lobby-Welcome-The-Meeting-Point-JIESTAR-89154-2-90x60.jpeg 90w, https:\/\/mouldking.store\/wp-content\/uploads\/2022\/12\/Station-Lobby-Welcome-The-Meeting-Point-JIESTAR-89154-2-135x90.jpeg 135w, https:\/\/mouldking.store\/wp-content\/uploads\/2022\/12\/Station-Lobby-Welcome-The-Meeting-Point-JIESTAR-89154-2.jpeg 1080w\" sizes=\"(max-width: 1024px) 100vw, 1024px\" \/><figcaption id=\"caption-attachment-37672\" class=\"wp-caption-text\">JIESTAR 89154 Station Lobby Velkommen M\u00f8tepunktet Med 2720 stk<\/figcaption><\/figure>\n<figure id=\"attachment_37673\" aria-describedby=\"caption-attachment-37673\" style=\"width: 1024px\" class=\"wp-caption aligncenter\"><img loading=\"lazy\" decoding=\"async\" class=\"wp-image-37673 size-large\" src=\"https:\/\/mouldking.store\/wp-content\/uploads\/2022\/12\/Station-Lobby-Welcome-The-Meeting-Point-JIESTAR-89154-1-1024x685.jpeg\" alt=\"JIESTAR 89154 Station Lobby Welcome The Meeting Point With 2720pcs\" width=\"1024\" height=\"685\" title=\"-\" srcset=\"https:\/\/mouldking.store\/wp-content\/uploads\/2022\/12\/Station-Lobby-Welcome-The-Meeting-Point-JIESTAR-89154-1-1024x685.jpeg 1024w, https:\/\/mouldking.store\/wp-content\/uploads\/2022\/12\/Station-Lobby-Welcome-The-Meeting-Point-JIESTAR-89154-1-300x201.jpeg 300w, https:\/\/mouldking.store\/wp-content\/uploads\/2022\/12\/Station-Lobby-Welcome-The-Meeting-Point-JIESTAR-89154-1-768x513.jpeg 768w, https:\/\/mouldking.store\/wp-content\/uploads\/2022\/12\/Station-Lobby-Welcome-The-Meeting-Point-JIESTAR-89154-1-600x401.jpeg 600w, https:\/\/mouldking.store\/wp-content\/uploads\/2022\/12\/Station-Lobby-Welcome-The-Meeting-Point-JIESTAR-89154-1-150x100.jpeg 150w, https:\/\/mouldking.store\/wp-content\/uploads\/2022\/12\/Station-Lobby-Welcome-The-Meeting-Point-JIESTAR-89154-1-90x60.jpeg 90w, https:\/\/mouldking.store\/wp-content\/uploads\/2022\/12\/Station-Lobby-Welcome-The-Meeting-Point-JIESTAR-89154-1-135x90.jpeg 135w, https:\/\/mouldking.store\/wp-content\/uploads\/2022\/12\/Station-Lobby-Welcome-The-Meeting-Point-JIESTAR-89154-1.jpeg 1080w\" sizes=\"(max-width: 1024px) 100vw, 1024px\" \/><figcaption id=\"caption-attachment-37673\" class=\"wp-caption-text\">JIESTAR 89154 Station Lobby Velkommen M\u00f8tepunktet Med 2720 stk<\/figcaption><\/figure>","protected":false},"excerpt":{"rendered":"<p>Product information: Brand: JIESTAR Gender: Unisex Name: Station Lobby Welcome The Meeting Point Age Range: &gt; 6 years old Model Number: 89154 Classification: Assemblage Plastic Block Shape: Self-Locking Bricks Material: Plastic Plastic Type: ABS Bricks Blocks:2720 PCS Size: 38 \u00d7 26 \u00d7 30 cm Contains detailed assembly instructions. Notice: 1. Without an original box, but [&hellip;]<\/p>","protected":false},"featured_media":37668,"comment_status":"closed","ping_status":"closed","template":"","meta":{"_acf_changed":false},"product_cat":[1365],"product_tag":[9263,3075,9268,9269,9262,9264,2309,9266,9267,9265],"class_list":["product","first","instock","shipping-taxable","purchasable","product-type-simple"],"acf":[],"_links":{"self":[{"href":"https:\/\/mouldking.store\/nb\/wp-json\/wp\/v2\/product\/37667","targetHints":{"allow":["GET"]}}],"collection":[{"href":"https:\/\/mouldking.store\/nb\/wp-json\/wp\/v2\/product"}],"about":[{"href":"https:\/\/mouldking.store\/nb\/wp-json\/wp\/v2\/types\/product"}],"replies":[{"embeddable":true,"href":"https:\/\/mouldking.store\/nb\/wp-json\/wp\/v2\/comments?post=37667"}],"wp:featuredmedia":[{"embeddable":true,"href":"https:\/\/mouldking.store\/nb\/wp-json\/wp\/v2\/media\/37668"}],"wp:attachment":[{"href":"https:\/\/mouldking.store\/nb\/wp-json\/wp\/v2\/media?parent=37667"}],"wp:term":[{"taxonomy":"product_cat","embeddable":true,"href":"https:\/\/mouldking.store\/nb\/wp-json\/wp\/v2\/product_cat?post=37667"},{"taxonomy":"product_tag","embeddable":true,"href":"https:\/\/mouldking.store\/nb\/wp-json\/wp\/v2\/product_tag?post=37667"}],"curies":[{"name":"wp","href":"https:\/\/api.w.org\/{rel}","templated":true}]}}