{"id":37708,"date":"2022-12-09T10:10:45","date_gmt":"2022-12-09T03:10:45","guid":{"rendered":"https:\/\/mouldking.store\/?post_type=product&#038;p=37708"},"modified":"2022-12-09T10:10:45","modified_gmt":"2022-12-09T03:10:45","slug":"im-master-9809-2-apollo-mecha-high-speed-stunt-drift-supercar-with-2737-pieces","status":"publish","type":"product","link":"https:\/\/mouldking.store\/nb\/shop\/im-master-9809-2-apollo-mecha-high-speed-stunt-drift-supercar-with-2737-pieces\/","title":{"rendered":"IM.Master 9809-2 Apollo Mecha H\u00f8yhastighets Stunt Drift Supercar med 2737 deler"},"content":{"rendered":"<p>Produktinformasjon:<\/p>\n<ol>\n<li>Brand: IM.Master<\/li>\n<li>Kj\u00f8nn: Unisex<\/li>\n<li>Name: Apollo Mecha High-speed Stunt Drift Supercar<\/li>\n<li>Aldersgruppe: &gt; 6 \u00e5r gammel<\/li>\n<li>Model Number: 9809-2<\/li>\n<li>Klassifisering: Montering<\/li>\n<li>Plastblokkform: Selvl\u00e5sende murstein<\/li>\n<li>Materiale: Plast<\/li>\n<li>Plasttype: ABS<\/li>\n<li>Bricks Blocks:2737 PCS<\/li>\n<li>Size: 51 \u00d7 23 \u00d7 13 cm<\/li>\n<li>Inneholder detaljerte monteringsanvisninger.<\/li>\n<\/ol>\n<p>Legge merke til:<br \/>\n1. Uten original eske, men vi garanterer at v\u00e5re produkter har kvalitetssikring og pen emballasje.<br \/>\n2. Som alle delene vi har sjekket f\u00f8r frakt, s\u00e5 hvis du finner noen deler savnet eller skadet, ikke bekymre deg og bare kontakt oss, s\u00e5 kan vi sende dem til deg p\u00e5 nytt umiddelbart gratis.<\/p>\n<figure id=\"attachment_37709\" aria-describedby=\"caption-attachment-37709\" style=\"width: 800px\" class=\"wp-caption aligncenter\"><img fetchpriority=\"high\" decoding=\"async\" class=\"wp-image-37709 size-full\" src=\"https:\/\/mouldking.store\/wp-content\/uploads\/2022\/12\/IM.Master-9809-2-RC-Apollo-15.jpg\" alt=\"IM.Master 9809-2 Apollo Mecha High-speed Stunt Drift Supercar With 2737 Pieces\" width=\"800\" height=\"800\" title=\"-\" srcset=\"https:\/\/mouldking.store\/wp-content\/uploads\/2022\/12\/IM.Master-9809-2-RC-Apollo-15.jpg 800w, https:\/\/mouldking.store\/wp-content\/uploads\/2022\/12\/IM.Master-9809-2-RC-Apollo-15-300x300.jpg 300w, https:\/\/mouldking.store\/wp-content\/uploads\/2022\/12\/IM.Master-9809-2-RC-Apollo-15-768x768.jpg 768w, https:\/\/mouldking.store\/wp-content\/uploads\/2022\/12\/IM.Master-9809-2-RC-Apollo-15-600x600.jpg 600w, https:\/\/mouldking.store\/wp-content\/uploads\/2022\/12\/IM.Master-9809-2-RC-Apollo-15-150x150.jpg 150w, https:\/\/mouldking.store\/wp-content\/uploads\/2022\/12\/IM.Master-9809-2-RC-Apollo-15-60x60.jpg 60w, https:\/\/mouldking.store\/wp-content\/uploads\/2022\/12\/IM.Master-9809-2-RC-Apollo-15-90x90.jpg 90w\" sizes=\"(max-width: 800px) 100vw, 800px\" \/><figcaption id=\"caption-attachment-37709\" class=\"wp-caption-text\">IM.Master 9809-2 Apollo Mecha H\u00f8yhastighets Stunt Drift Supercar med 2737 deler<\/figcaption><\/figure>\n<figure id=\"attachment_37710\" aria-describedby=\"caption-attachment-37710\" style=\"width: 800px\" class=\"wp-caption aligncenter\"><img decoding=\"async\" class=\"wp-image-37710 size-full\" src=\"https:\/\/mouldking.store\/wp-content\/uploads\/2022\/12\/IM.Master-9809-2-RC-Apollo-14.jpg\" alt=\"IM.Master 9809-2 Apollo Mecha High-speed Stunt Drift Supercar With 2737 Pieces\" width=\"800\" height=\"800\" title=\"-\" srcset=\"https:\/\/mouldking.store\/wp-content\/uploads\/2022\/12\/IM.Master-9809-2-RC-Apollo-14.jpg 800w, https:\/\/mouldking.store\/wp-content\/uploads\/2022\/12\/IM.Master-9809-2-RC-Apollo-14-300x300.jpg 300w, https:\/\/mouldking.store\/wp-content\/uploads\/2022\/12\/IM.Master-9809-2-RC-Apollo-14-768x768.jpg 768w, https:\/\/mouldking.store\/wp-content\/uploads\/2022\/12\/IM.Master-9809-2-RC-Apollo-14-600x600.jpg 600w, https:\/\/mouldking.store\/wp-content\/uploads\/2022\/12\/IM.Master-9809-2-RC-Apollo-14-150x150.jpg 150w, https:\/\/mouldking.store\/wp-content\/uploads\/2022\/12\/IM.Master-9809-2-RC-Apollo-14-60x60.jpg 60w, https:\/\/mouldking.store\/wp-content\/uploads\/2022\/12\/IM.Master-9809-2-RC-Apollo-14-90x90.jpg 90w\" sizes=\"(max-width: 800px) 100vw, 800px\" \/><figcaption id=\"caption-attachment-37710\" class=\"wp-caption-text\">IM.Master 9809-2 Apollo Mecha H\u00f8yhastighets Stunt Drift Supercar med 2737 deler<\/figcaption><\/figure>\n<figure id=\"attachment_37711\" aria-describedby=\"caption-attachment-37711\" style=\"width: 800px\" class=\"wp-caption aligncenter\"><img decoding=\"async\" class=\"wp-image-37711 size-full\" src=\"https:\/\/mouldking.store\/wp-content\/uploads\/2022\/12\/IM.Master-9809-2-RC-Apollo-13.jpg\" alt=\"IM.Master 9809-2 Apollo Mecha High-speed Stunt Drift Supercar With 2737 Pieces\" width=\"800\" height=\"800\" title=\"-\" srcset=\"https:\/\/mouldking.store\/wp-content\/uploads\/2022\/12\/IM.Master-9809-2-RC-Apollo-13.jpg 800w, https:\/\/mouldking.store\/wp-content\/uploads\/2022\/12\/IM.Master-9809-2-RC-Apollo-13-300x300.jpg 300w, https:\/\/mouldking.store\/wp-content\/uploads\/2022\/12\/IM.Master-9809-2-RC-Apollo-13-768x768.jpg 768w, https:\/\/mouldking.store\/wp-content\/uploads\/2022\/12\/IM.Master-9809-2-RC-Apollo-13-600x600.jpg 600w, https:\/\/mouldking.store\/wp-content\/uploads\/2022\/12\/IM.Master-9809-2-RC-Apollo-13-150x150.jpg 150w, https:\/\/mouldking.store\/wp-content\/uploads\/2022\/12\/IM.Master-9809-2-RC-Apollo-13-60x60.jpg 60w, https:\/\/mouldking.store\/wp-content\/uploads\/2022\/12\/IM.Master-9809-2-RC-Apollo-13-90x90.jpg 90w\" sizes=\"(max-width: 800px) 100vw, 800px\" \/><figcaption id=\"caption-attachment-37711\" class=\"wp-caption-text\">IM.Master 9809-2 Apollo Mecha H\u00f8yhastighets Stunt Drift Supercar med 2737 deler<\/figcaption><\/figure>\n<figure id=\"attachment_37712\" aria-describedby=\"caption-attachment-37712\" style=\"width: 800px\" class=\"wp-caption aligncenter\"><img loading=\"lazy\" decoding=\"async\" class=\"wp-image-37712 size-full\" src=\"https:\/\/mouldking.store\/wp-content\/uploads\/2022\/12\/IM.Master-9809-2-RC-Apollo-12.jpg\" alt=\"IM.Master 9809-2 Apollo Mecha High-speed Stunt Drift Supercar With 2737 Pieces\" width=\"800\" height=\"800\" title=\"-\" srcset=\"https:\/\/mouldking.store\/wp-content\/uploads\/2022\/12\/IM.Master-9809-2-RC-Apollo-12.jpg 800w, https:\/\/mouldking.store\/wp-content\/uploads\/2022\/12\/IM.Master-9809-2-RC-Apollo-12-300x300.jpg 300w, https:\/\/mouldking.store\/wp-content\/uploads\/2022\/12\/IM.Master-9809-2-RC-Apollo-12-768x768.jpg 768w, https:\/\/mouldking.store\/wp-content\/uploads\/2022\/12\/IM.Master-9809-2-RC-Apollo-12-600x600.jpg 600w, https:\/\/mouldking.store\/wp-content\/uploads\/2022\/12\/IM.Master-9809-2-RC-Apollo-12-150x150.jpg 150w, https:\/\/mouldking.store\/wp-content\/uploads\/2022\/12\/IM.Master-9809-2-RC-Apollo-12-60x60.jpg 60w, https:\/\/mouldking.store\/wp-content\/uploads\/2022\/12\/IM.Master-9809-2-RC-Apollo-12-90x90.jpg 90w\" sizes=\"(max-width: 800px) 100vw, 800px\" \/><figcaption id=\"caption-attachment-37712\" class=\"wp-caption-text\">IM.Master 9809-2 Apollo Mecha H\u00f8yhastighets Stunt Drift Supercar med 2737 deler<\/figcaption><\/figure>\n<figure id=\"attachment_37713\" aria-describedby=\"caption-attachment-37713\" style=\"width: 575px\" class=\"wp-caption aligncenter\"><img loading=\"lazy\" decoding=\"async\" class=\"wp-image-37713 size-full\" src=\"https:\/\/mouldking.store\/wp-content\/uploads\/2022\/12\/IM.Master-9809-2-RC-Apollo-11.jpg\" alt=\"IM.Master 9809-2 Apollo Mecha High-speed Stunt Drift Supercar With 2737 Pieces\" width=\"575\" height=\"1024\" title=\"-\" srcset=\"https:\/\/mouldking.store\/wp-content\/uploads\/2022\/12\/IM.Master-9809-2-RC-Apollo-11.jpg 575w, https:\/\/mouldking.store\/wp-content\/uploads\/2022\/12\/IM.Master-9809-2-RC-Apollo-11-168x300.jpg 168w, https:\/\/mouldking.store\/wp-content\/uploads\/2022\/12\/IM.Master-9809-2-RC-Apollo-11-300x534.jpg 300w, https:\/\/mouldking.store\/wp-content\/uploads\/2022\/12\/IM.Master-9809-2-RC-Apollo-11-84x150.jpg 84w, https:\/\/mouldking.store\/wp-content\/uploads\/2022\/12\/IM.Master-9809-2-RC-Apollo-11-34x60.jpg 34w, https:\/\/mouldking.store\/wp-content\/uploads\/2022\/12\/IM.Master-9809-2-RC-Apollo-11-51x90.jpg 51w\" sizes=\"(max-width: 575px) 100vw, 575px\" \/><figcaption id=\"caption-attachment-37713\" class=\"wp-caption-text\">IM.Master 9809-2 Apollo Mecha H\u00f8yhastighets Stunt Drift Supercar med 2737 deler<\/figcaption><\/figure>\n<figure id=\"attachment_37714\" aria-describedby=\"caption-attachment-37714\" style=\"width: 575px\" class=\"wp-caption aligncenter\"><img loading=\"lazy\" decoding=\"async\" class=\"wp-image-37714 size-full\" src=\"https:\/\/mouldking.store\/wp-content\/uploads\/2022\/12\/IM.Master-9809-2-RC-Apollo-10.jpg\" alt=\"IM.Master 9809-2 Apollo Mecha High-speed Stunt Drift Supercar With 2737 Pieces\" width=\"575\" height=\"1024\" title=\"-\" srcset=\"https:\/\/mouldking.store\/wp-content\/uploads\/2022\/12\/IM.Master-9809-2-RC-Apollo-10.jpg 575w, https:\/\/mouldking.store\/wp-content\/uploads\/2022\/12\/IM.Master-9809-2-RC-Apollo-10-168x300.jpg 168w, https:\/\/mouldking.store\/wp-content\/uploads\/2022\/12\/IM.Master-9809-2-RC-Apollo-10-300x534.jpg 300w, https:\/\/mouldking.store\/wp-content\/uploads\/2022\/12\/IM.Master-9809-2-RC-Apollo-10-84x150.jpg 84w, https:\/\/mouldking.store\/wp-content\/uploads\/2022\/12\/IM.Master-9809-2-RC-Apollo-10-34x60.jpg 34w, https:\/\/mouldking.store\/wp-content\/uploads\/2022\/12\/IM.Master-9809-2-RC-Apollo-10-51x90.jpg 51w\" sizes=\"(max-width: 575px) 100vw, 575px\" \/><figcaption id=\"caption-attachment-37714\" class=\"wp-caption-text\">IM.Master 9809-2 Apollo Mecha H\u00f8yhastighets Stunt Drift Supercar med 2737 deler<\/figcaption><\/figure>\n<figure id=\"attachment_37715\" aria-describedby=\"caption-attachment-37715\" style=\"width: 547px\" class=\"wp-caption aligncenter\"><img loading=\"lazy\" decoding=\"async\" class=\"wp-image-37715 size-full\" src=\"https:\/\/mouldking.store\/wp-content\/uploads\/2022\/12\/IM.Master-9809-2-RC-Apollo-9.jpg\" alt=\"IM.Master 9809-2 Apollo Mecha High-speed Stunt Drift Supercar With 2737 Pieces\" width=\"547\" height=\"1024\" title=\"-\" srcset=\"https:\/\/mouldking.store\/wp-content\/uploads\/2022\/12\/IM.Master-9809-2-RC-Apollo-9.jpg 547w, https:\/\/mouldking.store\/wp-content\/uploads\/2022\/12\/IM.Master-9809-2-RC-Apollo-9-160x300.jpg 160w, https:\/\/mouldking.store\/wp-content\/uploads\/2022\/12\/IM.Master-9809-2-RC-Apollo-9-300x562.jpg 300w, https:\/\/mouldking.store\/wp-content\/uploads\/2022\/12\/IM.Master-9809-2-RC-Apollo-9-80x150.jpg 80w, https:\/\/mouldking.store\/wp-content\/uploads\/2022\/12\/IM.Master-9809-2-RC-Apollo-9-32x60.jpg 32w, https:\/\/mouldking.store\/wp-content\/uploads\/2022\/12\/IM.Master-9809-2-RC-Apollo-9-48x90.jpg 48w\" sizes=\"(max-width: 547px) 100vw, 547px\" \/><figcaption id=\"caption-attachment-37715\" class=\"wp-caption-text\">IM.Master 9809-2 Apollo Mecha H\u00f8yhastighets Stunt Drift Supercar med 2737 deler<\/figcaption><\/figure>\n<figure id=\"attachment_37716\" aria-describedby=\"caption-attachment-37716\" style=\"width: 727px\" class=\"wp-caption aligncenter\"><img loading=\"lazy\" decoding=\"async\" class=\"wp-image-37716 size-full\" src=\"https:\/\/mouldking.store\/wp-content\/uploads\/2022\/12\/IM.Master-9809-2-RC-Apollo-8.jpg\" alt=\"IM.Master 9809-2 Apollo Mecha High-speed Stunt Drift Supercar With 2737 Pieces\" width=\"727\" height=\"1024\" title=\"-\" srcset=\"https:\/\/mouldking.store\/wp-content\/uploads\/2022\/12\/IM.Master-9809-2-RC-Apollo-8.jpg 727w, https:\/\/mouldking.store\/wp-content\/uploads\/2022\/12\/IM.Master-9809-2-RC-Apollo-8-213x300.jpg 213w, https:\/\/mouldking.store\/wp-content\/uploads\/2022\/12\/IM.Master-9809-2-RC-Apollo-8-300x423.jpg 300w, https:\/\/mouldking.store\/wp-content\/uploads\/2022\/12\/IM.Master-9809-2-RC-Apollo-8-600x845.jpg 600w, https:\/\/mouldking.store\/wp-content\/uploads\/2022\/12\/IM.Master-9809-2-RC-Apollo-8-106x150.jpg 106w, https:\/\/mouldking.store\/wp-content\/uploads\/2022\/12\/IM.Master-9809-2-RC-Apollo-8-43x60.jpg 43w, https:\/\/mouldking.store\/wp-content\/uploads\/2022\/12\/IM.Master-9809-2-RC-Apollo-8-64x90.jpg 64w\" sizes=\"(max-width: 727px) 100vw, 727px\" \/><figcaption id=\"caption-attachment-37716\" class=\"wp-caption-text\">IM.Master 9809-2 Apollo Mecha H\u00f8yhastighets Stunt Drift Supercar med 2737 deler<\/figcaption><\/figure>\n<figure id=\"attachment_37717\" aria-describedby=\"caption-attachment-37717\" style=\"width: 721px\" class=\"wp-caption aligncenter\"><img loading=\"lazy\" decoding=\"async\" class=\"wp-image-37717 size-full\" src=\"https:\/\/mouldking.store\/wp-content\/uploads\/2022\/12\/IM.Master-9809-2-RC-Apollo-7.jpg\" alt=\"IM.Master 9809-2 Apollo Mecha High-speed Stunt Drift Supercar With 2737 Pieces\" width=\"721\" height=\"1024\" title=\"-\" srcset=\"https:\/\/mouldking.store\/wp-content\/uploads\/2022\/12\/IM.Master-9809-2-RC-Apollo-7.jpg 721w, https:\/\/mouldking.store\/wp-content\/uploads\/2022\/12\/IM.Master-9809-2-RC-Apollo-7-211x300.jpg 211w, https:\/\/mouldking.store\/wp-content\/uploads\/2022\/12\/IM.Master-9809-2-RC-Apollo-7-300x426.jpg 300w, https:\/\/mouldking.store\/wp-content\/uploads\/2022\/12\/IM.Master-9809-2-RC-Apollo-7-600x852.jpg 600w, https:\/\/mouldking.store\/wp-content\/uploads\/2022\/12\/IM.Master-9809-2-RC-Apollo-7-106x150.jpg 106w, https:\/\/mouldking.store\/wp-content\/uploads\/2022\/12\/IM.Master-9809-2-RC-Apollo-7-42x60.jpg 42w, https:\/\/mouldking.store\/wp-content\/uploads\/2022\/12\/IM.Master-9809-2-RC-Apollo-7-63x90.jpg 63w\" sizes=\"(max-width: 721px) 100vw, 721px\" \/><figcaption id=\"caption-attachment-37717\" class=\"wp-caption-text\">IM.Master 9809-2 Apollo Mecha H\u00f8yhastighets Stunt Drift Supercar med 2737 deler<\/figcaption><\/figure>\n<figure id=\"attachment_37718\" aria-describedby=\"caption-attachment-37718\" style=\"width: 790px\" class=\"wp-caption aligncenter\"><img loading=\"lazy\" decoding=\"async\" class=\"wp-image-37718 size-full\" src=\"https:\/\/mouldking.store\/wp-content\/uploads\/2022\/12\/IM.Master-9809-2-RC-Apollo-6.jpg\" alt=\"IM.Master 9809-2 Apollo Mecha High-speed Stunt Drift Supercar With 2737 Pieces\" width=\"790\" height=\"972\" title=\"-\" srcset=\"https:\/\/mouldking.store\/wp-content\/uploads\/2022\/12\/IM.Master-9809-2-RC-Apollo-6.jpg 790w, https:\/\/mouldking.store\/wp-content\/uploads\/2022\/12\/IM.Master-9809-2-RC-Apollo-6-244x300.jpg 244w, https:\/\/mouldking.store\/wp-content\/uploads\/2022\/12\/IM.Master-9809-2-RC-Apollo-6-768x945.jpg 768w, https:\/\/mouldking.store\/wp-content\/uploads\/2022\/12\/IM.Master-9809-2-RC-Apollo-6-300x369.jpg 300w, https:\/\/mouldking.store\/wp-content\/uploads\/2022\/12\/IM.Master-9809-2-RC-Apollo-6-600x738.jpg 600w, https:\/\/mouldking.store\/wp-content\/uploads\/2022\/12\/IM.Master-9809-2-RC-Apollo-6-122x150.jpg 122w, https:\/\/mouldking.store\/wp-content\/uploads\/2022\/12\/IM.Master-9809-2-RC-Apollo-6-49x60.jpg 49w, https:\/\/mouldking.store\/wp-content\/uploads\/2022\/12\/IM.Master-9809-2-RC-Apollo-6-73x90.jpg 73w\" sizes=\"(max-width: 790px) 100vw, 790px\" \/><figcaption id=\"caption-attachment-37718\" class=\"wp-caption-text\">IM.Master 9809-2 Apollo Mecha H\u00f8yhastighets Stunt Drift Supercar med 2737 deler<\/figcaption><\/figure>\n<figure id=\"attachment_37719\" aria-describedby=\"caption-attachment-37719\" style=\"width: 790px\" class=\"wp-caption aligncenter\"><img loading=\"lazy\" decoding=\"async\" class=\"wp-image-37719 size-full\" src=\"https:\/\/mouldking.store\/wp-content\/uploads\/2022\/12\/IM.Master-9809-2-RC-Apollo-5.jpg\" alt=\"IM.Master 9809-2 Apollo Mecha High-speed Stunt Drift Supercar With 2737 Pieces\" width=\"790\" height=\"783\" title=\"-\" srcset=\"https:\/\/mouldking.store\/wp-content\/uploads\/2022\/12\/IM.Master-9809-2-RC-Apollo-5.jpg 790w, https:\/\/mouldking.store\/wp-content\/uploads\/2022\/12\/IM.Master-9809-2-RC-Apollo-5-300x297.jpg 300w, https:\/\/mouldking.store\/wp-content\/uploads\/2022\/12\/IM.Master-9809-2-RC-Apollo-5-768x761.jpg 768w, https:\/\/mouldking.store\/wp-content\/uploads\/2022\/12\/IM.Master-9809-2-RC-Apollo-5-600x595.jpg 600w, https:\/\/mouldking.store\/wp-content\/uploads\/2022\/12\/IM.Master-9809-2-RC-Apollo-5-150x150.jpg 150w, https:\/\/mouldking.store\/wp-content\/uploads\/2022\/12\/IM.Master-9809-2-RC-Apollo-5-61x60.jpg 61w, https:\/\/mouldking.store\/wp-content\/uploads\/2022\/12\/IM.Master-9809-2-RC-Apollo-5-91x90.jpg 91w\" sizes=\"(max-width: 790px) 100vw, 790px\" \/><figcaption id=\"caption-attachment-37719\" class=\"wp-caption-text\">IM.Master 9809-2 Apollo Mecha H\u00f8yhastighets Stunt Drift Supercar med 2737 deler<\/figcaption><\/figure>\n<figure id=\"attachment_37720\" aria-describedby=\"caption-attachment-37720\" style=\"width: 707px\" class=\"wp-caption aligncenter\"><img loading=\"lazy\" decoding=\"async\" class=\"wp-image-37720 size-full\" src=\"https:\/\/mouldking.store\/wp-content\/uploads\/2022\/12\/IM.Master-9809-2-RC-Apollo-4.jpg\" alt=\"IM.Master 9809-2 Apollo Mecha High-speed Stunt Drift Supercar With 2737 Pieces\" width=\"707\" height=\"1024\" title=\"-\" srcset=\"https:\/\/mouldking.store\/wp-content\/uploads\/2022\/12\/IM.Master-9809-2-RC-Apollo-4.jpg 707w, https:\/\/mouldking.store\/wp-content\/uploads\/2022\/12\/IM.Master-9809-2-RC-Apollo-4-207x300.jpg 207w, https:\/\/mouldking.store\/wp-content\/uploads\/2022\/12\/IM.Master-9809-2-RC-Apollo-4-300x435.jpg 300w, https:\/\/mouldking.store\/wp-content\/uploads\/2022\/12\/IM.Master-9809-2-RC-Apollo-4-600x869.jpg 600w, https:\/\/mouldking.store\/wp-content\/uploads\/2022\/12\/IM.Master-9809-2-RC-Apollo-4-104x150.jpg 104w, https:\/\/mouldking.store\/wp-content\/uploads\/2022\/12\/IM.Master-9809-2-RC-Apollo-4-41x60.jpg 41w, https:\/\/mouldking.store\/wp-content\/uploads\/2022\/12\/IM.Master-9809-2-RC-Apollo-4-62x90.jpg 62w\" sizes=\"(max-width: 707px) 100vw, 707px\" \/><figcaption id=\"caption-attachment-37720\" class=\"wp-caption-text\">IM.Master 9809-2 Apollo Mecha H\u00f8yhastighets Stunt Drift Supercar med 2737 deler<\/figcaption><\/figure>\n<figure id=\"attachment_37721\" aria-describedby=\"caption-attachment-37721\" style=\"width: 762px\" class=\"wp-caption aligncenter\"><img loading=\"lazy\" decoding=\"async\" class=\"wp-image-37721 size-full\" src=\"https:\/\/mouldking.store\/wp-content\/uploads\/2022\/12\/IM.Master-9809-2-RC-Apollo-3.jpg\" alt=\"IM.Master 9809-2 Apollo Mecha High-speed Stunt Drift Supercar With 2737 Pieces\" width=\"762\" height=\"1024\" title=\"-\" srcset=\"https:\/\/mouldking.store\/wp-content\/uploads\/2022\/12\/IM.Master-9809-2-RC-Apollo-3.jpg 762w, https:\/\/mouldking.store\/wp-content\/uploads\/2022\/12\/IM.Master-9809-2-RC-Apollo-3-223x300.jpg 223w, https:\/\/mouldking.store\/wp-content\/uploads\/2022\/12\/IM.Master-9809-2-RC-Apollo-3-300x403.jpg 300w, https:\/\/mouldking.store\/wp-content\/uploads\/2022\/12\/IM.Master-9809-2-RC-Apollo-3-600x806.jpg 600w, https:\/\/mouldking.store\/wp-content\/uploads\/2022\/12\/IM.Master-9809-2-RC-Apollo-3-112x150.jpg 112w, https:\/\/mouldking.store\/wp-content\/uploads\/2022\/12\/IM.Master-9809-2-RC-Apollo-3-45x60.jpg 45w, https:\/\/mouldking.store\/wp-content\/uploads\/2022\/12\/IM.Master-9809-2-RC-Apollo-3-67x90.jpg 67w\" sizes=\"(max-width: 762px) 100vw, 762px\" \/><figcaption id=\"caption-attachment-37721\" class=\"wp-caption-text\">IM.Master 9809-2 Apollo Mecha H\u00f8yhastighets Stunt Drift Supercar med 2737 deler<\/figcaption><\/figure>\n<figure id=\"attachment_37722\" aria-describedby=\"caption-attachment-37722\" style=\"width: 744px\" class=\"wp-caption aligncenter\"><img loading=\"lazy\" decoding=\"async\" class=\"wp-image-37722 size-full\" src=\"https:\/\/mouldking.store\/wp-content\/uploads\/2022\/12\/IM.Master-9809-2-RC-Apollo-2.jpg\" alt=\"IM.Master 9809-2 Apollo Mecha High-speed Stunt Drift Supercar With 2737 Pieces\" width=\"744\" height=\"1024\" title=\"-\" srcset=\"https:\/\/mouldking.store\/wp-content\/uploads\/2022\/12\/IM.Master-9809-2-RC-Apollo-2.jpg 744w, https:\/\/mouldking.store\/wp-content\/uploads\/2022\/12\/IM.Master-9809-2-RC-Apollo-2-218x300.jpg 218w, https:\/\/mouldking.store\/wp-content\/uploads\/2022\/12\/IM.Master-9809-2-RC-Apollo-2-300x413.jpg 300w, https:\/\/mouldking.store\/wp-content\/uploads\/2022\/12\/IM.Master-9809-2-RC-Apollo-2-600x826.jpg 600w, https:\/\/mouldking.store\/wp-content\/uploads\/2022\/12\/IM.Master-9809-2-RC-Apollo-2-109x150.jpg 109w, https:\/\/mouldking.store\/wp-content\/uploads\/2022\/12\/IM.Master-9809-2-RC-Apollo-2-44x60.jpg 44w, https:\/\/mouldking.store\/wp-content\/uploads\/2022\/12\/IM.Master-9809-2-RC-Apollo-2-65x90.jpg 65w\" sizes=\"(max-width: 744px) 100vw, 744px\" \/><figcaption id=\"caption-attachment-37722\" class=\"wp-caption-text\">IM.Master 9809-2 Apollo Mecha H\u00f8yhastighets Stunt Drift Supercar med 2737 deler<\/figcaption><\/figure>\n<figure id=\"attachment_37723\" aria-describedby=\"caption-attachment-37723\" style=\"width: 607px\" class=\"wp-caption aligncenter\"><img loading=\"lazy\" decoding=\"async\" class=\"wp-image-37723 size-full\" src=\"https:\/\/mouldking.store\/wp-content\/uploads\/2022\/12\/IM.Master-9809-2-RC-Apollo-1.jpg\" alt=\"IM.Master 9809-2 Apollo Mecha High-speed Stunt Drift Supercar With 2737 Pieces\" width=\"607\" height=\"1024\" title=\"-\" srcset=\"https:\/\/mouldking.store\/wp-content\/uploads\/2022\/12\/IM.Master-9809-2-RC-Apollo-1.jpg 607w, https:\/\/mouldking.store\/wp-content\/uploads\/2022\/12\/IM.Master-9809-2-RC-Apollo-1-178x300.jpg 178w, https:\/\/mouldking.store\/wp-content\/uploads\/2022\/12\/IM.Master-9809-2-RC-Apollo-1-300x506.jpg 300w, https:\/\/mouldking.store\/wp-content\/uploads\/2022\/12\/IM.Master-9809-2-RC-Apollo-1-600x1012.jpg 600w, https:\/\/mouldking.store\/wp-content\/uploads\/2022\/12\/IM.Master-9809-2-RC-Apollo-1-89x150.jpg 89w, https:\/\/mouldking.store\/wp-content\/uploads\/2022\/12\/IM.Master-9809-2-RC-Apollo-1-36x60.jpg 36w, https:\/\/mouldking.store\/wp-content\/uploads\/2022\/12\/IM.Master-9809-2-RC-Apollo-1-53x90.jpg 53w\" sizes=\"(max-width: 607px) 100vw, 607px\" \/><figcaption id=\"caption-attachment-37723\" class=\"wp-caption-text\">IM.Master 9809-2 Apollo Mecha H\u00f8yhastighets Stunt Drift Supercar med 2737 deler<\/figcaption><\/figure>","protected":false},"excerpt":{"rendered":"<p>Product information: Brand: IM.Master Gender: Unisex Name: Apollo Mecha High-speed Stunt Drift Supercar Age Range: &gt; 6 years old Model Number: 9809-2 Classification: Assemblage Plastic Block Shape: Self-Locking Bricks Material: Plastic Plastic Type: ABS Bricks Blocks:2737 PCS Size: 51 \u00d7 23 \u00d7 13 cm Contains detailed assembly instructions. Notice: 1. Without an original box, but [&hellip;]<\/p>","protected":false},"featured_media":37709,"comment_status":"closed","ping_status":"closed","template":"","meta":{"_acf_changed":false},"product_cat":[1360,1357],"product_tag":[9301,5173,9307,9303,9306,7229,9308,9309,9300,9302,9305,9304],"class_list":["product","first","instock","shipping-taxable","purchasable","product-type-simple"],"acf":[],"_links":{"self":[{"href":"https:\/\/mouldking.store\/nb\/wp-json\/wp\/v2\/product\/37708","targetHints":{"allow":["GET"]}}],"collection":[{"href":"https:\/\/mouldking.store\/nb\/wp-json\/wp\/v2\/product"}],"about":[{"href":"https:\/\/mouldking.store\/nb\/wp-json\/wp\/v2\/types\/product"}],"replies":[{"embeddable":true,"href":"https:\/\/mouldking.store\/nb\/wp-json\/wp\/v2\/comments?post=37708"}],"wp:featuredmedia":[{"embeddable":true,"href":"https:\/\/mouldking.store\/nb\/wp-json\/wp\/v2\/media\/37709"}],"wp:attachment":[{"href":"https:\/\/mouldking.store\/nb\/wp-json\/wp\/v2\/media?parent=37708"}],"wp:term":[{"taxonomy":"product_cat","embeddable":true,"href":"https:\/\/mouldking.store\/nb\/wp-json\/wp\/v2\/product_cat?post=37708"},{"taxonomy":"product_tag","embeddable":true,"href":"https:\/\/mouldking.store\/nb\/wp-json\/wp\/v2\/product_tag?post=37708"}],"curies":[{"name":"wp","href":"https:\/\/api.w.org\/{rel}","templated":true}]}}