{"id":37735,"date":"2022-12-09T10:36:22","date_gmt":"2022-12-09T03:36:22","guid":{"rendered":"https:\/\/mouldking.store\/?post_type=product&#038;p=37735"},"modified":"2025-12-25T09:12:09","modified_gmt":"2025-12-25T02:12:09","slug":"moc-89527-rainbow-friends-yellow-flower-with-261-pieces","status":"publish","type":"product","link":"https:\/\/mouldking.store\/nb\/shop\/moc-89527-rainbow-friends-yellow-flower-with-261-pieces\/","title":{"rendered":"MOC-89527 Rainbow Friends Gul blomst med 261 stk"},"content":{"rendered":"<p>Produktinformasjon:<\/p>\n<ol>\n<li>Merke: MOC<\/li>\n<li>Kj\u00f8nn: Unisex<\/li>\n<li>Name: Rainbow Friends Yellow Flower<\/li>\n<li>Aldersgruppe: &gt; 6 \u00e5r gammel<\/li>\n<li>Model Number: 89527<\/li>\n<li>Klassifisering: Montering<\/li>\n<li>Plastblokkform: Selvl\u00e5sende murstein<\/li>\n<li>Materiale: Plast<\/li>\n<li>Plasttype: ABS<\/li>\n<li>Bricks Blocks:261 PCS<\/li>\n<li>Size: 28.4 x 11.7 x 18.6 cm<\/li>\n<li>Weight: 0.12 kg<\/li>\n<li>Inneholder detaljerte monteringsanvisninger.<\/li>\n<\/ol>\n<p>Legge merke til:<br \/>\n1. Uten original eske, men vi garanterer at v\u00e5re produkter har kvalitetssikring og pen emballasje.<br \/>\n2. Som alle delene vi har sjekket f\u00f8r frakt, s\u00e5 hvis du finner noen deler savnet eller skadet, ikke bekymre deg og bare kontakt oss, s\u00e5 kan vi sende dem til deg p\u00e5 nytt umiddelbart gratis.<\/p>\n<figure id=\"attachment_37736\" aria-describedby=\"caption-attachment-37736\" style=\"width: 1004px\" class=\"wp-caption aligncenter\"><img fetchpriority=\"high\" decoding=\"async\" class=\"wp-image-37736 size-full\" src=\"https:\/\/mouldking.store\/wp-content\/uploads\/2022\/12\/MOC-89527-Creator-Rainbow-Friends-Yellow-Flower-MOC-FACTORY.png\" alt=\"MOC-89527 Rainbow Friends Yellow Flower With 261 Pieces\" width=\"1004\" height=\"1004\" title=\"-\" srcset=\"https:\/\/mouldking.store\/wp-content\/uploads\/2022\/12\/MOC-89527-Creator-Rainbow-Friends-Yellow-Flower-MOC-FACTORY.png 1004w, https:\/\/mouldking.store\/wp-content\/uploads\/2022\/12\/MOC-89527-Creator-Rainbow-Friends-Yellow-Flower-MOC-FACTORY-300x300.png 300w, https:\/\/mouldking.store\/wp-content\/uploads\/2022\/12\/MOC-89527-Creator-Rainbow-Friends-Yellow-Flower-MOC-FACTORY-768x768.png 768w, https:\/\/mouldking.store\/wp-content\/uploads\/2022\/12\/MOC-89527-Creator-Rainbow-Friends-Yellow-Flower-MOC-FACTORY-600x600.png 600w, https:\/\/mouldking.store\/wp-content\/uploads\/2022\/12\/MOC-89527-Creator-Rainbow-Friends-Yellow-Flower-MOC-FACTORY-150x150.png 150w, https:\/\/mouldking.store\/wp-content\/uploads\/2022\/12\/MOC-89527-Creator-Rainbow-Friends-Yellow-Flower-MOC-FACTORY-60x60.png 60w, https:\/\/mouldking.store\/wp-content\/uploads\/2022\/12\/MOC-89527-Creator-Rainbow-Friends-Yellow-Flower-MOC-FACTORY-90x90.png 90w\" sizes=\"(max-width: 1004px) 100vw, 1004px\" \/><figcaption id=\"caption-attachment-37736\" class=\"wp-caption-text\">MOC-89527 Rainbow Friends Gul blomst med 261 stk<\/figcaption><\/figure>\n<figure id=\"attachment_37737\" aria-describedby=\"caption-attachment-37737\" style=\"width: 1000px\" class=\"wp-caption aligncenter\"><img decoding=\"async\" class=\"wp-image-37737 size-full\" src=\"https:\/\/mouldking.store\/wp-content\/uploads\/2022\/12\/Rainbow-Friends-Yellow-Flower-MOC-89527-9.jpg\" alt=\"MOC-89527 Rainbow Friends Yellow Flower With 261 Pieces\" width=\"1000\" height=\"1000\" title=\"-\" srcset=\"https:\/\/mouldking.store\/wp-content\/uploads\/2022\/12\/Rainbow-Friends-Yellow-Flower-MOC-89527-9.jpg 1000w, https:\/\/mouldking.store\/wp-content\/uploads\/2022\/12\/Rainbow-Friends-Yellow-Flower-MOC-89527-9-300x300.jpg 300w, https:\/\/mouldking.store\/wp-content\/uploads\/2022\/12\/Rainbow-Friends-Yellow-Flower-MOC-89527-9-768x768.jpg 768w, https:\/\/mouldking.store\/wp-content\/uploads\/2022\/12\/Rainbow-Friends-Yellow-Flower-MOC-89527-9-600x600.jpg 600w, https:\/\/mouldking.store\/wp-content\/uploads\/2022\/12\/Rainbow-Friends-Yellow-Flower-MOC-89527-9-150x150.jpg 150w, https:\/\/mouldking.store\/wp-content\/uploads\/2022\/12\/Rainbow-Friends-Yellow-Flower-MOC-89527-9-60x60.jpg 60w, https:\/\/mouldking.store\/wp-content\/uploads\/2022\/12\/Rainbow-Friends-Yellow-Flower-MOC-89527-9-90x90.jpg 90w\" sizes=\"(max-width: 1000px) 100vw, 1000px\" \/><figcaption id=\"caption-attachment-37737\" class=\"wp-caption-text\">MOC-89527 Rainbow Friends Gul blomst med 261 stk<\/figcaption><\/figure>\n<figure id=\"attachment_37738\" aria-describedby=\"caption-attachment-37738\" style=\"width: 1000px\" class=\"wp-caption aligncenter\"><img decoding=\"async\" class=\"wp-image-37738 size-full\" src=\"https:\/\/mouldking.store\/wp-content\/uploads\/2022\/12\/Rainbow-Friends-Yellow-Flower-MOC-89527-8.jpg\" alt=\"MOC-89527 Rainbow Friends Yellow Flower With 261 Pieces\" width=\"1000\" height=\"1000\" title=\"-\" srcset=\"https:\/\/mouldking.store\/wp-content\/uploads\/2022\/12\/Rainbow-Friends-Yellow-Flower-MOC-89527-8.jpg 1000w, https:\/\/mouldking.store\/wp-content\/uploads\/2022\/12\/Rainbow-Friends-Yellow-Flower-MOC-89527-8-300x300.jpg 300w, https:\/\/mouldking.store\/wp-content\/uploads\/2022\/12\/Rainbow-Friends-Yellow-Flower-MOC-89527-8-768x768.jpg 768w, https:\/\/mouldking.store\/wp-content\/uploads\/2022\/12\/Rainbow-Friends-Yellow-Flower-MOC-89527-8-600x600.jpg 600w, https:\/\/mouldking.store\/wp-content\/uploads\/2022\/12\/Rainbow-Friends-Yellow-Flower-MOC-89527-8-150x150.jpg 150w, https:\/\/mouldking.store\/wp-content\/uploads\/2022\/12\/Rainbow-Friends-Yellow-Flower-MOC-89527-8-60x60.jpg 60w, https:\/\/mouldking.store\/wp-content\/uploads\/2022\/12\/Rainbow-Friends-Yellow-Flower-MOC-89527-8-90x90.jpg 90w\" sizes=\"(max-width: 1000px) 100vw, 1000px\" \/><figcaption id=\"caption-attachment-37738\" class=\"wp-caption-text\">MOC-89527 Rainbow Friends Gul blomst med 261 stk<\/figcaption><\/figure>\n<figure id=\"attachment_37739\" aria-describedby=\"caption-attachment-37739\" style=\"width: 1000px\" class=\"wp-caption aligncenter\"><img loading=\"lazy\" decoding=\"async\" class=\"wp-image-37739 size-full\" src=\"https:\/\/mouldking.store\/wp-content\/uploads\/2022\/12\/Rainbow-Friends-Yellow-Flower-MOC-89527-7.jpg\" alt=\"MOC-89527 Rainbow Friends Yellow Flower With 261 Pieces\" width=\"1000\" height=\"1000\" title=\"-\" srcset=\"https:\/\/mouldking.store\/wp-content\/uploads\/2022\/12\/Rainbow-Friends-Yellow-Flower-MOC-89527-7.jpg 1000w, https:\/\/mouldking.store\/wp-content\/uploads\/2022\/12\/Rainbow-Friends-Yellow-Flower-MOC-89527-7-300x300.jpg 300w, https:\/\/mouldking.store\/wp-content\/uploads\/2022\/12\/Rainbow-Friends-Yellow-Flower-MOC-89527-7-768x768.jpg 768w, https:\/\/mouldking.store\/wp-content\/uploads\/2022\/12\/Rainbow-Friends-Yellow-Flower-MOC-89527-7-600x600.jpg 600w, https:\/\/mouldking.store\/wp-content\/uploads\/2022\/12\/Rainbow-Friends-Yellow-Flower-MOC-89527-7-150x150.jpg 150w, https:\/\/mouldking.store\/wp-content\/uploads\/2022\/12\/Rainbow-Friends-Yellow-Flower-MOC-89527-7-60x60.jpg 60w, https:\/\/mouldking.store\/wp-content\/uploads\/2022\/12\/Rainbow-Friends-Yellow-Flower-MOC-89527-7-90x90.jpg 90w\" sizes=\"(max-width: 1000px) 100vw, 1000px\" \/><figcaption id=\"caption-attachment-37739\" class=\"wp-caption-text\">MOC-89527 Rainbow Friends Gul blomst med 261 stk<\/figcaption><\/figure>\n<figure id=\"attachment_37740\" aria-describedby=\"caption-attachment-37740\" style=\"width: 1000px\" class=\"wp-caption aligncenter\"><img loading=\"lazy\" decoding=\"async\" class=\"wp-image-37740 size-full\" src=\"https:\/\/mouldking.store\/wp-content\/uploads\/2022\/12\/Rainbow-Friends-Yellow-Flower-MOC-89527-6.jpg\" alt=\"MOC-89527 Rainbow Friends Yellow Flower With 261 Pieces\" width=\"1000\" height=\"1000\" title=\"-\" srcset=\"https:\/\/mouldking.store\/wp-content\/uploads\/2022\/12\/Rainbow-Friends-Yellow-Flower-MOC-89527-6.jpg 1000w, https:\/\/mouldking.store\/wp-content\/uploads\/2022\/12\/Rainbow-Friends-Yellow-Flower-MOC-89527-6-300x300.jpg 300w, https:\/\/mouldking.store\/wp-content\/uploads\/2022\/12\/Rainbow-Friends-Yellow-Flower-MOC-89527-6-768x768.jpg 768w, https:\/\/mouldking.store\/wp-content\/uploads\/2022\/12\/Rainbow-Friends-Yellow-Flower-MOC-89527-6-600x600.jpg 600w, https:\/\/mouldking.store\/wp-content\/uploads\/2022\/12\/Rainbow-Friends-Yellow-Flower-MOC-89527-6-150x150.jpg 150w, https:\/\/mouldking.store\/wp-content\/uploads\/2022\/12\/Rainbow-Friends-Yellow-Flower-MOC-89527-6-60x60.jpg 60w, https:\/\/mouldking.store\/wp-content\/uploads\/2022\/12\/Rainbow-Friends-Yellow-Flower-MOC-89527-6-90x90.jpg 90w\" sizes=\"(max-width: 1000px) 100vw, 1000px\" \/><figcaption id=\"caption-attachment-37740\" class=\"wp-caption-text\">MOC-89527 Rainbow Friends Gul blomst med 261 stk<\/figcaption><\/figure>\n<figure id=\"attachment_37741\" aria-describedby=\"caption-attachment-37741\" style=\"width: 1000px\" class=\"wp-caption aligncenter\"><img loading=\"lazy\" decoding=\"async\" class=\"wp-image-37741 size-full\" src=\"https:\/\/mouldking.store\/wp-content\/uploads\/2022\/12\/Rainbow-Friends-Yellow-Flower-MOC-89527-5.jpg\" alt=\"MOC-89527 Rainbow Friends Yellow Flower With 261 Pieces\" width=\"1000\" height=\"1000\" title=\"-\" srcset=\"https:\/\/mouldking.store\/wp-content\/uploads\/2022\/12\/Rainbow-Friends-Yellow-Flower-MOC-89527-5.jpg 1000w, https:\/\/mouldking.store\/wp-content\/uploads\/2022\/12\/Rainbow-Friends-Yellow-Flower-MOC-89527-5-300x300.jpg 300w, https:\/\/mouldking.store\/wp-content\/uploads\/2022\/12\/Rainbow-Friends-Yellow-Flower-MOC-89527-5-768x768.jpg 768w, https:\/\/mouldking.store\/wp-content\/uploads\/2022\/12\/Rainbow-Friends-Yellow-Flower-MOC-89527-5-600x600.jpg 600w, https:\/\/mouldking.store\/wp-content\/uploads\/2022\/12\/Rainbow-Friends-Yellow-Flower-MOC-89527-5-150x150.jpg 150w, https:\/\/mouldking.store\/wp-content\/uploads\/2022\/12\/Rainbow-Friends-Yellow-Flower-MOC-89527-5-60x60.jpg 60w, https:\/\/mouldking.store\/wp-content\/uploads\/2022\/12\/Rainbow-Friends-Yellow-Flower-MOC-89527-5-90x90.jpg 90w\" sizes=\"(max-width: 1000px) 100vw, 1000px\" \/><figcaption id=\"caption-attachment-37741\" class=\"wp-caption-text\">MOC-89527 Rainbow Friends Gul blomst med 261 stk<\/figcaption><\/figure>\n<figure id=\"attachment_37742\" aria-describedby=\"caption-attachment-37742\" style=\"width: 1000px\" class=\"wp-caption aligncenter\"><img loading=\"lazy\" decoding=\"async\" class=\"wp-image-37742 size-full\" src=\"https:\/\/mouldking.store\/wp-content\/uploads\/2022\/12\/Rainbow-Friends-Yellow-Flower-MOC-89527-4.jpg\" alt=\"MOC-89527 Rainbow Friends Yellow Flower With 261 Pieces\" width=\"1000\" height=\"1000\" title=\"-\" srcset=\"https:\/\/mouldking.store\/wp-content\/uploads\/2022\/12\/Rainbow-Friends-Yellow-Flower-MOC-89527-4.jpg 1000w, https:\/\/mouldking.store\/wp-content\/uploads\/2022\/12\/Rainbow-Friends-Yellow-Flower-MOC-89527-4-300x300.jpg 300w, https:\/\/mouldking.store\/wp-content\/uploads\/2022\/12\/Rainbow-Friends-Yellow-Flower-MOC-89527-4-768x768.jpg 768w, https:\/\/mouldking.store\/wp-content\/uploads\/2022\/12\/Rainbow-Friends-Yellow-Flower-MOC-89527-4-600x600.jpg 600w, https:\/\/mouldking.store\/wp-content\/uploads\/2022\/12\/Rainbow-Friends-Yellow-Flower-MOC-89527-4-150x150.jpg 150w, https:\/\/mouldking.store\/wp-content\/uploads\/2022\/12\/Rainbow-Friends-Yellow-Flower-MOC-89527-4-60x60.jpg 60w, https:\/\/mouldking.store\/wp-content\/uploads\/2022\/12\/Rainbow-Friends-Yellow-Flower-MOC-89527-4-90x90.jpg 90w\" sizes=\"(max-width: 1000px) 100vw, 1000px\" \/><figcaption id=\"caption-attachment-37742\" class=\"wp-caption-text\">MOC-89527 Rainbow Friends Gul blomst med 261 stk<\/figcaption><\/figure>\n<figure id=\"attachment_37743\" aria-describedby=\"caption-attachment-37743\" style=\"width: 1000px\" class=\"wp-caption aligncenter\"><img loading=\"lazy\" decoding=\"async\" class=\"wp-image-37743 size-full\" src=\"https:\/\/mouldking.store\/wp-content\/uploads\/2022\/12\/Rainbow-Friends-Yellow-Flower-MOC-89527-3.jpg\" alt=\"MOC-89527 Rainbow Friends Yellow Flower With 261 Pieces\" width=\"1000\" height=\"1000\" title=\"-\" srcset=\"https:\/\/mouldking.store\/wp-content\/uploads\/2022\/12\/Rainbow-Friends-Yellow-Flower-MOC-89527-3.jpg 1000w, https:\/\/mouldking.store\/wp-content\/uploads\/2022\/12\/Rainbow-Friends-Yellow-Flower-MOC-89527-3-300x300.jpg 300w, https:\/\/mouldking.store\/wp-content\/uploads\/2022\/12\/Rainbow-Friends-Yellow-Flower-MOC-89527-3-768x768.jpg 768w, https:\/\/mouldking.store\/wp-content\/uploads\/2022\/12\/Rainbow-Friends-Yellow-Flower-MOC-89527-3-600x600.jpg 600w, https:\/\/mouldking.store\/wp-content\/uploads\/2022\/12\/Rainbow-Friends-Yellow-Flower-MOC-89527-3-150x150.jpg 150w, https:\/\/mouldking.store\/wp-content\/uploads\/2022\/12\/Rainbow-Friends-Yellow-Flower-MOC-89527-3-60x60.jpg 60w, https:\/\/mouldking.store\/wp-content\/uploads\/2022\/12\/Rainbow-Friends-Yellow-Flower-MOC-89527-3-90x90.jpg 90w\" sizes=\"(max-width: 1000px) 100vw, 1000px\" \/><figcaption id=\"caption-attachment-37743\" class=\"wp-caption-text\">MOC-89527 Rainbow Friends Gul blomst med 261 stk<\/figcaption><\/figure>\n<figure id=\"attachment_37744\" aria-describedby=\"caption-attachment-37744\" style=\"width: 1000px\" class=\"wp-caption aligncenter\"><img loading=\"lazy\" decoding=\"async\" class=\"wp-image-37744 size-full\" src=\"https:\/\/mouldking.store\/wp-content\/uploads\/2022\/12\/Rainbow-Friends-Yellow-Flower-MOC-89527-2.jpg\" alt=\"MOC-89527 Rainbow Friends Yellow Flower With 261 Pieces\" width=\"1000\" height=\"1000\" title=\"-\" srcset=\"https:\/\/mouldking.store\/wp-content\/uploads\/2022\/12\/Rainbow-Friends-Yellow-Flower-MOC-89527-2.jpg 1000w, https:\/\/mouldking.store\/wp-content\/uploads\/2022\/12\/Rainbow-Friends-Yellow-Flower-MOC-89527-2-300x300.jpg 300w, https:\/\/mouldking.store\/wp-content\/uploads\/2022\/12\/Rainbow-Friends-Yellow-Flower-MOC-89527-2-768x768.jpg 768w, https:\/\/mouldking.store\/wp-content\/uploads\/2022\/12\/Rainbow-Friends-Yellow-Flower-MOC-89527-2-600x600.jpg 600w, https:\/\/mouldking.store\/wp-content\/uploads\/2022\/12\/Rainbow-Friends-Yellow-Flower-MOC-89527-2-150x150.jpg 150w, https:\/\/mouldking.store\/wp-content\/uploads\/2022\/12\/Rainbow-Friends-Yellow-Flower-MOC-89527-2-60x60.jpg 60w, https:\/\/mouldking.store\/wp-content\/uploads\/2022\/12\/Rainbow-Friends-Yellow-Flower-MOC-89527-2-90x90.jpg 90w\" sizes=\"(max-width: 1000px) 100vw, 1000px\" \/><figcaption id=\"caption-attachment-37744\" class=\"wp-caption-text\">MOC-89527 Rainbow Friends Gul blomst med 261 stk<\/figcaption><\/figure>\n<figure id=\"attachment_37745\" aria-describedby=\"caption-attachment-37745\" style=\"width: 1000px\" class=\"wp-caption aligncenter\"><img loading=\"lazy\" decoding=\"async\" class=\"wp-image-37745 size-full\" src=\"https:\/\/mouldking.store\/wp-content\/uploads\/2022\/12\/Rainbow-Friends-Yellow-Flower-MOC-89527-1.jpg\" alt=\"MOC-89527 Rainbow Friends Yellow Flower With 261 Pieces\" width=\"1000\" height=\"1000\" title=\"-\" srcset=\"https:\/\/mouldking.store\/wp-content\/uploads\/2022\/12\/Rainbow-Friends-Yellow-Flower-MOC-89527-1.jpg 1000w, https:\/\/mouldking.store\/wp-content\/uploads\/2022\/12\/Rainbow-Friends-Yellow-Flower-MOC-89527-1-300x300.jpg 300w, https:\/\/mouldking.store\/wp-content\/uploads\/2022\/12\/Rainbow-Friends-Yellow-Flower-MOC-89527-1-768x768.jpg 768w, https:\/\/mouldking.store\/wp-content\/uploads\/2022\/12\/Rainbow-Friends-Yellow-Flower-MOC-89527-1-600x600.jpg 600w, https:\/\/mouldking.store\/wp-content\/uploads\/2022\/12\/Rainbow-Friends-Yellow-Flower-MOC-89527-1-150x150.jpg 150w, https:\/\/mouldking.store\/wp-content\/uploads\/2022\/12\/Rainbow-Friends-Yellow-Flower-MOC-89527-1-60x60.jpg 60w, https:\/\/mouldking.store\/wp-content\/uploads\/2022\/12\/Rainbow-Friends-Yellow-Flower-MOC-89527-1-90x90.jpg 90w\" sizes=\"(max-width: 1000px) 100vw, 1000px\" \/><figcaption id=\"caption-attachment-37745\" class=\"wp-caption-text\">MOC-89527 Rainbow Friends Gul blomst med 261 stk<\/figcaption><\/figure>","protected":false},"excerpt":{"rendered":"<p>Product information: Brand: MOC Gender: Unisex Name: Rainbow Friends Yellow Flower Age Range: &gt; 6 years old Model Number: 89527 Classification: Assemblage Plastic Block Shape: Self-Locking Bricks Material: Plastic Plastic Type: ABS Bricks Blocks:261 PCS Size: 28.4 x 11.7 x 18.6 cm Weight: 0.12 kg Contains detailed assembly instructions. Notice: 1. Without an original box, [&hellip;]<\/p>","protected":false},"featured_media":37736,"comment_status":"closed","ping_status":"closed","template":"","meta":{"_acf_changed":false},"product_cat":[1365,1406,371],"product_tag":[6444,430,9318,9321,9317,6690,9320,7070,9319],"class_list":["product","first","instock","shipping-taxable","purchasable","product-type-simple"],"acf":[],"_links":{"self":[{"href":"https:\/\/mouldking.store\/nb\/wp-json\/wp\/v2\/product\/37735","targetHints":{"allow":["GET"]}}],"collection":[{"href":"https:\/\/mouldking.store\/nb\/wp-json\/wp\/v2\/product"}],"about":[{"href":"https:\/\/mouldking.store\/nb\/wp-json\/wp\/v2\/types\/product"}],"replies":[{"embeddable":true,"href":"https:\/\/mouldking.store\/nb\/wp-json\/wp\/v2\/comments?post=37735"}],"wp:featuredmedia":[{"embeddable":true,"href":"https:\/\/mouldking.store\/nb\/wp-json\/wp\/v2\/media\/37736"}],"wp:attachment":[{"href":"https:\/\/mouldking.store\/nb\/wp-json\/wp\/v2\/media?parent=37735"}],"wp:term":[{"taxonomy":"product_cat","embeddable":true,"href":"https:\/\/mouldking.store\/nb\/wp-json\/wp\/v2\/product_cat?post=37735"},{"taxonomy":"product_tag","embeddable":true,"href":"https:\/\/mouldking.store\/nb\/wp-json\/wp\/v2\/product_tag?post=37735"}],"curies":[{"name":"wp","href":"https:\/\/api.w.org\/{rel}","templated":true}]}}