{"id":37753,"date":"2022-12-09T10:50:56","date_gmt":"2022-12-09T03:50:56","guid":{"rendered":"https:\/\/mouldking.store\/?post_type=product&#038;p=37753"},"modified":"2025-12-25T09:12:09","modified_gmt":"2025-12-25T02:12:09","slug":"moc-124685-wing-knight-mech-suite-with-259-pieces","status":"publish","type":"product","link":"https:\/\/mouldking.store\/nb\/shop\/moc-124685-wing-knight-mech-suite-with-259-pieces\/","title":{"rendered":"MOC-124685 Wing Knight Mech Suite With 259 Pieces"},"content":{"rendered":"<p>Produktinformasjon:<\/p>\n<ol>\n<li>Merke: MOC<\/li>\n<li>Kj\u00f8nn: Unisex<\/li>\n<li>Name: Wing Knight Mech Suite<\/li>\n<li>Aldersgruppe: &gt; 6 \u00e5r gammel<\/li>\n<li>Model Number: 124685<\/li>\n<li>Klassifisering: Montering<\/li>\n<li>Plastblokkform: Selvl\u00e5sende murstein<\/li>\n<li>Materiale: Plast<\/li>\n<li>Plasttype: ABS<\/li>\n<li>Bricks Blocks:259 PCS<\/li>\n<li>Size: 10 x 10 x 14 cm<\/li>\n<li>Weight: 0.11 kg<\/li>\n<li>Inneholder detaljerte monteringsanvisninger.<\/li>\n<\/ol>\n<p>Legge merke til:<br \/>\n1. Uten original eske, men vi garanterer at v\u00e5re produkter har kvalitetssikring og pen emballasje.<br \/>\n2. Som alle delene vi har sjekket f\u00f8r frakt, s\u00e5 hvis du finner noen deler savnet eller skadet, ikke bekymre deg og bare kontakt oss, s\u00e5 kan vi sende dem til deg p\u00e5 nytt umiddelbart gratis.<\/p>\n<figure id=\"attachment_37754\" aria-describedby=\"caption-attachment-37754\" style=\"width: 1004px\" class=\"wp-caption aligncenter\"><img fetchpriority=\"high\" decoding=\"async\" class=\"wp-image-37754 size-full\" src=\"https:\/\/mouldking.store\/wp-content\/uploads\/2022\/12\/MOC-124685-Movie-Wing-Knight-Mech-Suite-MOC-FACTORY.png\" alt=\"MOC-124685 Wing Knight Mech Suite With 259 Pieces\" width=\"1004\" height=\"1004\" title=\"-\" srcset=\"https:\/\/mouldking.store\/wp-content\/uploads\/2022\/12\/MOC-124685-Movie-Wing-Knight-Mech-Suite-MOC-FACTORY.png 1004w, https:\/\/mouldking.store\/wp-content\/uploads\/2022\/12\/MOC-124685-Movie-Wing-Knight-Mech-Suite-MOC-FACTORY-300x300.png 300w, https:\/\/mouldking.store\/wp-content\/uploads\/2022\/12\/MOC-124685-Movie-Wing-Knight-Mech-Suite-MOC-FACTORY-768x768.png 768w, https:\/\/mouldking.store\/wp-content\/uploads\/2022\/12\/MOC-124685-Movie-Wing-Knight-Mech-Suite-MOC-FACTORY-600x600.png 600w, https:\/\/mouldking.store\/wp-content\/uploads\/2022\/12\/MOC-124685-Movie-Wing-Knight-Mech-Suite-MOC-FACTORY-150x150.png 150w, https:\/\/mouldking.store\/wp-content\/uploads\/2022\/12\/MOC-124685-Movie-Wing-Knight-Mech-Suite-MOC-FACTORY-60x60.png 60w, https:\/\/mouldking.store\/wp-content\/uploads\/2022\/12\/MOC-124685-Movie-Wing-Knight-Mech-Suite-MOC-FACTORY-90x90.png 90w\" sizes=\"(max-width: 1004px) 100vw, 1004px\" \/><figcaption id=\"caption-attachment-37754\" class=\"wp-caption-text\">MOC-124685 Wing Knight Mech Suite With 259 Pieces<\/figcaption><\/figure>\n<figure id=\"attachment_37755\" aria-describedby=\"caption-attachment-37755\" style=\"width: 1000px\" class=\"wp-caption aligncenter\"><img decoding=\"async\" class=\"wp-image-37755 size-full\" src=\"https:\/\/mouldking.store\/wp-content\/uploads\/2022\/12\/Wing-Knight-Mech-Suite-MOC-124685-4.jpg\" alt=\"MOC-124685 Wing Knight Mech Suite With 259 Pieces\" width=\"1000\" height=\"1000\" title=\"-\" srcset=\"https:\/\/mouldking.store\/wp-content\/uploads\/2022\/12\/Wing-Knight-Mech-Suite-MOC-124685-4.jpg 1000w, https:\/\/mouldking.store\/wp-content\/uploads\/2022\/12\/Wing-Knight-Mech-Suite-MOC-124685-4-300x300.jpg 300w, https:\/\/mouldking.store\/wp-content\/uploads\/2022\/12\/Wing-Knight-Mech-Suite-MOC-124685-4-768x768.jpg 768w, https:\/\/mouldking.store\/wp-content\/uploads\/2022\/12\/Wing-Knight-Mech-Suite-MOC-124685-4-600x600.jpg 600w, https:\/\/mouldking.store\/wp-content\/uploads\/2022\/12\/Wing-Knight-Mech-Suite-MOC-124685-4-150x150.jpg 150w, https:\/\/mouldking.store\/wp-content\/uploads\/2022\/12\/Wing-Knight-Mech-Suite-MOC-124685-4-60x60.jpg 60w, https:\/\/mouldking.store\/wp-content\/uploads\/2022\/12\/Wing-Knight-Mech-Suite-MOC-124685-4-90x90.jpg 90w\" sizes=\"(max-width: 1000px) 100vw, 1000px\" \/><figcaption id=\"caption-attachment-37755\" class=\"wp-caption-text\">MOC-124685 Wing Knight Mech Suite With 259 Pieces<\/figcaption><\/figure>\n<figure id=\"attachment_37756\" aria-describedby=\"caption-attachment-37756\" style=\"width: 1000px\" class=\"wp-caption aligncenter\"><img decoding=\"async\" class=\"wp-image-37756 size-full\" src=\"https:\/\/mouldking.store\/wp-content\/uploads\/2022\/12\/Wing-Knight-Mech-Suite-MOC-124685-3.jpg\" alt=\"MOC-124685 Wing Knight Mech Suite With 259 Pieces\" width=\"1000\" height=\"1000\" title=\"-\" srcset=\"https:\/\/mouldking.store\/wp-content\/uploads\/2022\/12\/Wing-Knight-Mech-Suite-MOC-124685-3.jpg 1000w, https:\/\/mouldking.store\/wp-content\/uploads\/2022\/12\/Wing-Knight-Mech-Suite-MOC-124685-3-300x300.jpg 300w, https:\/\/mouldking.store\/wp-content\/uploads\/2022\/12\/Wing-Knight-Mech-Suite-MOC-124685-3-768x768.jpg 768w, https:\/\/mouldking.store\/wp-content\/uploads\/2022\/12\/Wing-Knight-Mech-Suite-MOC-124685-3-600x600.jpg 600w, https:\/\/mouldking.store\/wp-content\/uploads\/2022\/12\/Wing-Knight-Mech-Suite-MOC-124685-3-150x150.jpg 150w, https:\/\/mouldking.store\/wp-content\/uploads\/2022\/12\/Wing-Knight-Mech-Suite-MOC-124685-3-60x60.jpg 60w, https:\/\/mouldking.store\/wp-content\/uploads\/2022\/12\/Wing-Knight-Mech-Suite-MOC-124685-3-90x90.jpg 90w\" sizes=\"(max-width: 1000px) 100vw, 1000px\" \/><figcaption id=\"caption-attachment-37756\" class=\"wp-caption-text\">MOC-124685 Wing Knight Mech Suite With 259 Pieces<\/figcaption><\/figure>\n<figure id=\"attachment_37757\" aria-describedby=\"caption-attachment-37757\" style=\"width: 1000px\" class=\"wp-caption aligncenter\"><img loading=\"lazy\" decoding=\"async\" class=\"wp-image-37757 size-full\" src=\"https:\/\/mouldking.store\/wp-content\/uploads\/2022\/12\/Wing-Knight-Mech-Suite-MOC-124685-2.jpg\" alt=\"MOC-124685 Wing Knight Mech Suite With 259 Pieces\" width=\"1000\" height=\"1000\" title=\"-\" srcset=\"https:\/\/mouldking.store\/wp-content\/uploads\/2022\/12\/Wing-Knight-Mech-Suite-MOC-124685-2.jpg 1000w, https:\/\/mouldking.store\/wp-content\/uploads\/2022\/12\/Wing-Knight-Mech-Suite-MOC-124685-2-300x300.jpg 300w, https:\/\/mouldking.store\/wp-content\/uploads\/2022\/12\/Wing-Knight-Mech-Suite-MOC-124685-2-768x768.jpg 768w, https:\/\/mouldking.store\/wp-content\/uploads\/2022\/12\/Wing-Knight-Mech-Suite-MOC-124685-2-600x600.jpg 600w, https:\/\/mouldking.store\/wp-content\/uploads\/2022\/12\/Wing-Knight-Mech-Suite-MOC-124685-2-150x150.jpg 150w, https:\/\/mouldking.store\/wp-content\/uploads\/2022\/12\/Wing-Knight-Mech-Suite-MOC-124685-2-60x60.jpg 60w, https:\/\/mouldking.store\/wp-content\/uploads\/2022\/12\/Wing-Knight-Mech-Suite-MOC-124685-2-90x90.jpg 90w\" sizes=\"(max-width: 1000px) 100vw, 1000px\" \/><figcaption id=\"caption-attachment-37757\" class=\"wp-caption-text\">MOC-124685 Wing Knight Mech Suite With 259 Pieces<\/figcaption><\/figure>\n<figure id=\"attachment_37758\" aria-describedby=\"caption-attachment-37758\" style=\"width: 669px\" class=\"wp-caption aligncenter\"><img loading=\"lazy\" decoding=\"async\" class=\"wp-image-37758 size-large\" src=\"https:\/\/mouldking.store\/wp-content\/uploads\/2022\/12\/Wing-Knight-Mech-Suite-MOC-124685-1-669x1024.jpg\" alt=\"MOC-124685 Wing Knight Mech Suite With 259 Pieces\" width=\"669\" height=\"1024\" title=\"-\" srcset=\"https:\/\/mouldking.store\/wp-content\/uploads\/2022\/12\/Wing-Knight-Mech-Suite-MOC-124685-1-669x1024.jpg 669w, https:\/\/mouldking.store\/wp-content\/uploads\/2022\/12\/Wing-Knight-Mech-Suite-MOC-124685-1-196x300.jpg 196w, https:\/\/mouldking.store\/wp-content\/uploads\/2022\/12\/Wing-Knight-Mech-Suite-MOC-124685-1-768x1176.jpg 768w, https:\/\/mouldking.store\/wp-content\/uploads\/2022\/12\/Wing-Knight-Mech-Suite-MOC-124685-1-300x459.jpg 300w, https:\/\/mouldking.store\/wp-content\/uploads\/2022\/12\/Wing-Knight-Mech-Suite-MOC-124685-1-600x918.jpg 600w, https:\/\/mouldking.store\/wp-content\/uploads\/2022\/12\/Wing-Knight-Mech-Suite-MOC-124685-1-98x150.jpg 98w, https:\/\/mouldking.store\/wp-content\/uploads\/2022\/12\/Wing-Knight-Mech-Suite-MOC-124685-1-39x60.jpg 39w, https:\/\/mouldking.store\/wp-content\/uploads\/2022\/12\/Wing-Knight-Mech-Suite-MOC-124685-1-59x90.jpg 59w, https:\/\/mouldking.store\/wp-content\/uploads\/2022\/12\/Wing-Knight-Mech-Suite-MOC-124685-1.jpg 784w\" sizes=\"(max-width: 669px) 100vw, 669px\" \/><figcaption id=\"caption-attachment-37758\" class=\"wp-caption-text\">MOC-124685 Wing Knight Mech Suite With 259 Pieces<\/figcaption><\/figure>","protected":false},"excerpt":{"rendered":"<p>Product information: Brand: MOC Gender: Unisex Name: Wing Knight Mech Suite Age Range: &gt; 6 years old Model Number: 124685 Classification: Assemblage Plastic Block Shape: Self-Locking Bricks Material: Plastic Plastic Type: ABS Bricks Blocks:259 PCS Size: 10 x 10 x 14 cm Weight: 0.11 kg Contains detailed assembly instructions. Notice: 1. Without an original box, [&hellip;]<\/p>","protected":false},"featured_media":37754,"comment_status":"closed","ping_status":"closed","template":"","meta":{"_acf_changed":false},"product_cat":[1406,581,1408],"product_tag":[9331,9332,430,9330,9335,9329,745,9333,9334],"class_list":["product","first","instock","shipping-taxable","purchasable","product-type-simple"],"acf":[],"_links":{"self":[{"href":"https:\/\/mouldking.store\/nb\/wp-json\/wp\/v2\/product\/37753","targetHints":{"allow":["GET"]}}],"collection":[{"href":"https:\/\/mouldking.store\/nb\/wp-json\/wp\/v2\/product"}],"about":[{"href":"https:\/\/mouldking.store\/nb\/wp-json\/wp\/v2\/types\/product"}],"replies":[{"embeddable":true,"href":"https:\/\/mouldking.store\/nb\/wp-json\/wp\/v2\/comments?post=37753"}],"wp:featuredmedia":[{"embeddable":true,"href":"https:\/\/mouldking.store\/nb\/wp-json\/wp\/v2\/media\/37754"}],"wp:attachment":[{"href":"https:\/\/mouldking.store\/nb\/wp-json\/wp\/v2\/media?parent=37753"}],"wp:term":[{"taxonomy":"product_cat","embeddable":true,"href":"https:\/\/mouldking.store\/nb\/wp-json\/wp\/v2\/product_cat?post=37753"},{"taxonomy":"product_tag","embeddable":true,"href":"https:\/\/mouldking.store\/nb\/wp-json\/wp\/v2\/product_tag?post=37753"}],"curies":[{"name":"wp","href":"https:\/\/api.w.org\/{rel}","templated":true}]}}