{"id":37779,"date":"2022-12-09T11:22:28","date_gmt":"2022-12-09T04:22:28","guid":{"rendered":"https:\/\/mouldking.store\/?post_type=product&#038;p=37779"},"modified":"2025-12-25T09:12:09","modified_gmt":"2025-12-25T02:12:09","slug":"moc-109418-dungeons-and-dragons-beholder-with-513-pieces","status":"publish","type":"product","link":"https:\/\/mouldking.store\/nb\/shop\/moc-109418-dungeons-and-dragons-beholder-with-513-pieces\/","title":{"rendered":"MOC-109418 Fangehull og drager \u2013 Betrakter med 513 deler"},"content":{"rendered":"<p>Produktinformasjon:<\/p>\n<ol>\n<li>Merke: MOC<\/li>\n<li>Kj\u00f8nn: Unisex<\/li>\n<li>Name: Dungeons and Dragons \u2013 Beholder<\/li>\n<li>Aldersgruppe: &gt; 6 \u00e5r gammel<\/li>\n<li>Model Number: 109418<\/li>\n<li>Klassifisering: Montering<\/li>\n<li>Plastblokkform: Selvl\u00e5sende murstein<\/li>\n<li>Materiale: Plast<\/li>\n<li>Plasttype: ABS<\/li>\n<li>Bricks Blocks:513 PCS<\/li>\n<li>Size: \u00a021.2 x 16.3 x 22.5 cm<\/li>\n<li>Weight: 0.35 kg<\/li>\n<li>Inneholder detaljerte monteringsanvisninger.<\/li>\n<\/ol>\n<p>Legge merke til:<br \/>\n1. Uten original eske, men vi garanterer at v\u00e5re produkter har kvalitetssikring og pen emballasje.<br \/>\n2. Som alle delene vi har sjekket f\u00f8r frakt, s\u00e5 hvis du finner noen deler savnet eller skadet, ikke bekymre deg og bare kontakt oss, s\u00e5 kan vi sende dem til deg p\u00e5 nytt umiddelbart gratis.<\/p>\n<figure id=\"attachment_37780\" aria-describedby=\"caption-attachment-37780\" style=\"width: 1004px\" class=\"wp-caption aligncenter\"><img fetchpriority=\"high\" decoding=\"async\" class=\"wp-image-37780 size-full\" src=\"https:\/\/mouldking.store\/wp-content\/uploads\/2022\/12\/MOC-109418-Creator-Dungeons-and-Dragons-\u2013-Beholder-MOC-FACTORY.png\" alt=\"MOC-109418 Dungeons and Dragons \u2013 Beholder With 513 Pieces\" width=\"1004\" height=\"1004\" title=\"-\" srcset=\"https:\/\/mouldking.store\/wp-content\/uploads\/2022\/12\/MOC-109418-Creator-Dungeons-and-Dragons-\u2013-Beholder-MOC-FACTORY.png 1004w, https:\/\/mouldking.store\/wp-content\/uploads\/2022\/12\/MOC-109418-Creator-Dungeons-and-Dragons-\u2013-Beholder-MOC-FACTORY-300x300.png 300w, https:\/\/mouldking.store\/wp-content\/uploads\/2022\/12\/MOC-109418-Creator-Dungeons-and-Dragons-\u2013-Beholder-MOC-FACTORY-768x768.png 768w, https:\/\/mouldking.store\/wp-content\/uploads\/2022\/12\/MOC-109418-Creator-Dungeons-and-Dragons-\u2013-Beholder-MOC-FACTORY-600x600.png 600w, https:\/\/mouldking.store\/wp-content\/uploads\/2022\/12\/MOC-109418-Creator-Dungeons-and-Dragons-\u2013-Beholder-MOC-FACTORY-150x150.png 150w, https:\/\/mouldking.store\/wp-content\/uploads\/2022\/12\/MOC-109418-Creator-Dungeons-and-Dragons-\u2013-Beholder-MOC-FACTORY-60x60.png 60w, https:\/\/mouldking.store\/wp-content\/uploads\/2022\/12\/MOC-109418-Creator-Dungeons-and-Dragons-\u2013-Beholder-MOC-FACTORY-90x90.png 90w\" sizes=\"(max-width: 1004px) 100vw, 1004px\" \/><figcaption id=\"caption-attachment-37780\" class=\"wp-caption-text\">MOC-109418 Fangehull og drager \u2013 Betrakter med 513 deler<\/figcaption><\/figure>\n<figure id=\"attachment_37781\" aria-describedby=\"caption-attachment-37781\" style=\"width: 1000px\" class=\"wp-caption aligncenter\"><img decoding=\"async\" class=\"wp-image-37781 size-full\" src=\"https:\/\/mouldking.store\/wp-content\/uploads\/2022\/12\/MOC-109418-Dungeons-and-Dragons-Beholder-9-Copy.jpg\" alt=\"MOC-109418 Dungeons and Dragons \u2013 Beholder With 513 Pieces\" width=\"1000\" height=\"1000\" title=\"-\" srcset=\"https:\/\/mouldking.store\/wp-content\/uploads\/2022\/12\/MOC-109418-Dungeons-and-Dragons-Beholder-9-Copy.jpg 1000w, https:\/\/mouldking.store\/wp-content\/uploads\/2022\/12\/MOC-109418-Dungeons-and-Dragons-Beholder-9-Copy-300x300.jpg 300w, https:\/\/mouldking.store\/wp-content\/uploads\/2022\/12\/MOC-109418-Dungeons-and-Dragons-Beholder-9-Copy-768x768.jpg 768w, https:\/\/mouldking.store\/wp-content\/uploads\/2022\/12\/MOC-109418-Dungeons-and-Dragons-Beholder-9-Copy-600x600.jpg 600w, https:\/\/mouldking.store\/wp-content\/uploads\/2022\/12\/MOC-109418-Dungeons-and-Dragons-Beholder-9-Copy-150x150.jpg 150w, https:\/\/mouldking.store\/wp-content\/uploads\/2022\/12\/MOC-109418-Dungeons-and-Dragons-Beholder-9-Copy-60x60.jpg 60w, https:\/\/mouldking.store\/wp-content\/uploads\/2022\/12\/MOC-109418-Dungeons-and-Dragons-Beholder-9-Copy-90x90.jpg 90w\" sizes=\"(max-width: 1000px) 100vw, 1000px\" \/><figcaption id=\"caption-attachment-37781\" class=\"wp-caption-text\">MOC-109418 Fangehull og drager \u2013 Betrakter med 513 deler<\/figcaption><\/figure>\n<figure id=\"attachment_37782\" aria-describedby=\"caption-attachment-37782\" style=\"width: 1000px\" class=\"wp-caption aligncenter\"><img decoding=\"async\" class=\"wp-image-37782 size-full\" src=\"https:\/\/mouldking.store\/wp-content\/uploads\/2022\/12\/MOC-109418-Dungeons-and-Dragons-Beholder-9.jpg\" alt=\"MOC-109418 Dungeons and Dragons \u2013 Beholder With 513 Pieces\" width=\"1000\" height=\"1000\" title=\"-\" srcset=\"https:\/\/mouldking.store\/wp-content\/uploads\/2022\/12\/MOC-109418-Dungeons-and-Dragons-Beholder-9.jpg 1000w, https:\/\/mouldking.store\/wp-content\/uploads\/2022\/12\/MOC-109418-Dungeons-and-Dragons-Beholder-9-300x300.jpg 300w, https:\/\/mouldking.store\/wp-content\/uploads\/2022\/12\/MOC-109418-Dungeons-and-Dragons-Beholder-9-768x768.jpg 768w, https:\/\/mouldking.store\/wp-content\/uploads\/2022\/12\/MOC-109418-Dungeons-and-Dragons-Beholder-9-600x600.jpg 600w, https:\/\/mouldking.store\/wp-content\/uploads\/2022\/12\/MOC-109418-Dungeons-and-Dragons-Beholder-9-150x150.jpg 150w, https:\/\/mouldking.store\/wp-content\/uploads\/2022\/12\/MOC-109418-Dungeons-and-Dragons-Beholder-9-60x60.jpg 60w, https:\/\/mouldking.store\/wp-content\/uploads\/2022\/12\/MOC-109418-Dungeons-and-Dragons-Beholder-9-90x90.jpg 90w\" sizes=\"(max-width: 1000px) 100vw, 1000px\" \/><figcaption id=\"caption-attachment-37782\" class=\"wp-caption-text\">MOC-109418 Fangehull og drager \u2013 Betrakter med 513 deler<\/figcaption><\/figure>\n<figure id=\"attachment_37783\" aria-describedby=\"caption-attachment-37783\" style=\"width: 1000px\" class=\"wp-caption aligncenter\"><img loading=\"lazy\" decoding=\"async\" class=\"wp-image-37783 size-full\" src=\"https:\/\/mouldking.store\/wp-content\/uploads\/2022\/12\/MOC-109418-Dungeons-and-Dragons-Beholder-8.jpg\" alt=\"MOC-109418 Dungeons and Dragons \u2013 Beholder With 513 Pieces\" width=\"1000\" height=\"1000\" title=\"-\" srcset=\"https:\/\/mouldking.store\/wp-content\/uploads\/2022\/12\/MOC-109418-Dungeons-and-Dragons-Beholder-8.jpg 1000w, https:\/\/mouldking.store\/wp-content\/uploads\/2022\/12\/MOC-109418-Dungeons-and-Dragons-Beholder-8-300x300.jpg 300w, https:\/\/mouldking.store\/wp-content\/uploads\/2022\/12\/MOC-109418-Dungeons-and-Dragons-Beholder-8-768x768.jpg 768w, https:\/\/mouldking.store\/wp-content\/uploads\/2022\/12\/MOC-109418-Dungeons-and-Dragons-Beholder-8-600x600.jpg 600w, https:\/\/mouldking.store\/wp-content\/uploads\/2022\/12\/MOC-109418-Dungeons-and-Dragons-Beholder-8-150x150.jpg 150w, https:\/\/mouldking.store\/wp-content\/uploads\/2022\/12\/MOC-109418-Dungeons-and-Dragons-Beholder-8-60x60.jpg 60w, https:\/\/mouldking.store\/wp-content\/uploads\/2022\/12\/MOC-109418-Dungeons-and-Dragons-Beholder-8-90x90.jpg 90w\" sizes=\"(max-width: 1000px) 100vw, 1000px\" \/><figcaption id=\"caption-attachment-37783\" class=\"wp-caption-text\">MOC-109418 Fangehull og drager \u2013 Betrakter med 513 deler<\/figcaption><\/figure>\n<figure id=\"attachment_37784\" aria-describedby=\"caption-attachment-37784\" style=\"width: 1000px\" class=\"wp-caption aligncenter\"><img loading=\"lazy\" decoding=\"async\" class=\"wp-image-37784 size-full\" src=\"https:\/\/mouldking.store\/wp-content\/uploads\/2022\/12\/MOC-109418-Dungeons-and-Dragons-Beholder-7.jpg\" alt=\"MOC-109418 Dungeons and Dragons \u2013 Beholder With 513 Pieces\" width=\"1000\" height=\"1000\" title=\"-\" srcset=\"https:\/\/mouldking.store\/wp-content\/uploads\/2022\/12\/MOC-109418-Dungeons-and-Dragons-Beholder-7.jpg 1000w, https:\/\/mouldking.store\/wp-content\/uploads\/2022\/12\/MOC-109418-Dungeons-and-Dragons-Beholder-7-300x300.jpg 300w, https:\/\/mouldking.store\/wp-content\/uploads\/2022\/12\/MOC-109418-Dungeons-and-Dragons-Beholder-7-768x768.jpg 768w, https:\/\/mouldking.store\/wp-content\/uploads\/2022\/12\/MOC-109418-Dungeons-and-Dragons-Beholder-7-600x600.jpg 600w, https:\/\/mouldking.store\/wp-content\/uploads\/2022\/12\/MOC-109418-Dungeons-and-Dragons-Beholder-7-150x150.jpg 150w, https:\/\/mouldking.store\/wp-content\/uploads\/2022\/12\/MOC-109418-Dungeons-and-Dragons-Beholder-7-60x60.jpg 60w, https:\/\/mouldking.store\/wp-content\/uploads\/2022\/12\/MOC-109418-Dungeons-and-Dragons-Beholder-7-90x90.jpg 90w\" sizes=\"(max-width: 1000px) 100vw, 1000px\" \/><figcaption id=\"caption-attachment-37784\" class=\"wp-caption-text\">MOC-109418 Fangehull og drager \u2013 Betrakter med 513 deler<\/figcaption><\/figure>\n<figure id=\"attachment_37785\" aria-describedby=\"caption-attachment-37785\" style=\"width: 1000px\" class=\"wp-caption aligncenter\"><img loading=\"lazy\" decoding=\"async\" class=\"wp-image-37785 size-full\" src=\"https:\/\/mouldking.store\/wp-content\/uploads\/2022\/12\/MOC-109418-Dungeons-and-Dragons-Beholder-6.jpg\" alt=\"MOC-109418 Dungeons and Dragons \u2013 Beholder With 513 Pieces\" width=\"1000\" height=\"1000\" title=\"-\" srcset=\"https:\/\/mouldking.store\/wp-content\/uploads\/2022\/12\/MOC-109418-Dungeons-and-Dragons-Beholder-6.jpg 1000w, https:\/\/mouldking.store\/wp-content\/uploads\/2022\/12\/MOC-109418-Dungeons-and-Dragons-Beholder-6-300x300.jpg 300w, https:\/\/mouldking.store\/wp-content\/uploads\/2022\/12\/MOC-109418-Dungeons-and-Dragons-Beholder-6-768x768.jpg 768w, https:\/\/mouldking.store\/wp-content\/uploads\/2022\/12\/MOC-109418-Dungeons-and-Dragons-Beholder-6-600x600.jpg 600w, https:\/\/mouldking.store\/wp-content\/uploads\/2022\/12\/MOC-109418-Dungeons-and-Dragons-Beholder-6-150x150.jpg 150w, https:\/\/mouldking.store\/wp-content\/uploads\/2022\/12\/MOC-109418-Dungeons-and-Dragons-Beholder-6-60x60.jpg 60w, https:\/\/mouldking.store\/wp-content\/uploads\/2022\/12\/MOC-109418-Dungeons-and-Dragons-Beholder-6-90x90.jpg 90w\" sizes=\"(max-width: 1000px) 100vw, 1000px\" \/><figcaption id=\"caption-attachment-37785\" class=\"wp-caption-text\">MOC-109418 Fangehull og drager \u2013 Betrakter med 513 deler<\/figcaption><\/figure>\n<figure id=\"attachment_37786\" aria-describedby=\"caption-attachment-37786\" style=\"width: 1000px\" class=\"wp-caption aligncenter\"><img loading=\"lazy\" decoding=\"async\" class=\"wp-image-37786 size-full\" src=\"https:\/\/mouldking.store\/wp-content\/uploads\/2022\/12\/MOC-109418-Dungeons-and-Dragons-Beholder-5.jpg\" alt=\"MOC-109418 Dungeons and Dragons \u2013 Beholder With 513 Pieces\" width=\"1000\" height=\"1000\" title=\"-\" srcset=\"https:\/\/mouldking.store\/wp-content\/uploads\/2022\/12\/MOC-109418-Dungeons-and-Dragons-Beholder-5.jpg 1000w, https:\/\/mouldking.store\/wp-content\/uploads\/2022\/12\/MOC-109418-Dungeons-and-Dragons-Beholder-5-300x300.jpg 300w, https:\/\/mouldking.store\/wp-content\/uploads\/2022\/12\/MOC-109418-Dungeons-and-Dragons-Beholder-5-768x768.jpg 768w, https:\/\/mouldking.store\/wp-content\/uploads\/2022\/12\/MOC-109418-Dungeons-and-Dragons-Beholder-5-600x600.jpg 600w, https:\/\/mouldking.store\/wp-content\/uploads\/2022\/12\/MOC-109418-Dungeons-and-Dragons-Beholder-5-150x150.jpg 150w, https:\/\/mouldking.store\/wp-content\/uploads\/2022\/12\/MOC-109418-Dungeons-and-Dragons-Beholder-5-60x60.jpg 60w, https:\/\/mouldking.store\/wp-content\/uploads\/2022\/12\/MOC-109418-Dungeons-and-Dragons-Beholder-5-90x90.jpg 90w\" sizes=\"(max-width: 1000px) 100vw, 1000px\" \/><figcaption id=\"caption-attachment-37786\" class=\"wp-caption-text\">MOC-109418 Fangehull og drager \u2013 Betrakter med 513 deler<\/figcaption><\/figure>\n<figure id=\"attachment_37787\" aria-describedby=\"caption-attachment-37787\" style=\"width: 1000px\" class=\"wp-caption aligncenter\"><img loading=\"lazy\" decoding=\"async\" class=\"wp-image-37787 size-full\" src=\"https:\/\/mouldking.store\/wp-content\/uploads\/2022\/12\/MOC-109418-Dungeons-and-Dragons-Beholder-4.jpg\" alt=\"MOC-109418 Dungeons and Dragons \u2013 Beholder With 513 Pieces\" width=\"1000\" height=\"1000\" title=\"-\" srcset=\"https:\/\/mouldking.store\/wp-content\/uploads\/2022\/12\/MOC-109418-Dungeons-and-Dragons-Beholder-4.jpg 1000w, https:\/\/mouldking.store\/wp-content\/uploads\/2022\/12\/MOC-109418-Dungeons-and-Dragons-Beholder-4-300x300.jpg 300w, https:\/\/mouldking.store\/wp-content\/uploads\/2022\/12\/MOC-109418-Dungeons-and-Dragons-Beholder-4-768x768.jpg 768w, https:\/\/mouldking.store\/wp-content\/uploads\/2022\/12\/MOC-109418-Dungeons-and-Dragons-Beholder-4-600x600.jpg 600w, https:\/\/mouldking.store\/wp-content\/uploads\/2022\/12\/MOC-109418-Dungeons-and-Dragons-Beholder-4-150x150.jpg 150w, https:\/\/mouldking.store\/wp-content\/uploads\/2022\/12\/MOC-109418-Dungeons-and-Dragons-Beholder-4-60x60.jpg 60w, https:\/\/mouldking.store\/wp-content\/uploads\/2022\/12\/MOC-109418-Dungeons-and-Dragons-Beholder-4-90x90.jpg 90w\" sizes=\"(max-width: 1000px) 100vw, 1000px\" \/><figcaption id=\"caption-attachment-37787\" class=\"wp-caption-text\">MOC-109418 Fangehull og drager \u2013 Betrakter med 513 deler<\/figcaption><\/figure>\n<figure id=\"attachment_37788\" aria-describedby=\"caption-attachment-37788\" style=\"width: 1000px\" class=\"wp-caption aligncenter\"><img loading=\"lazy\" decoding=\"async\" class=\"wp-image-37788 size-full\" src=\"https:\/\/mouldking.store\/wp-content\/uploads\/2022\/12\/MOC-109418-Dungeons-and-Dragons-Beholder-3.jpg\" alt=\"MOC-109418 Dungeons and Dragons \u2013 Beholder With 513 Pieces\" width=\"1000\" height=\"1000\" title=\"-\" srcset=\"https:\/\/mouldking.store\/wp-content\/uploads\/2022\/12\/MOC-109418-Dungeons-and-Dragons-Beholder-3.jpg 1000w, https:\/\/mouldking.store\/wp-content\/uploads\/2022\/12\/MOC-109418-Dungeons-and-Dragons-Beholder-3-300x300.jpg 300w, https:\/\/mouldking.store\/wp-content\/uploads\/2022\/12\/MOC-109418-Dungeons-and-Dragons-Beholder-3-768x768.jpg 768w, https:\/\/mouldking.store\/wp-content\/uploads\/2022\/12\/MOC-109418-Dungeons-and-Dragons-Beholder-3-600x600.jpg 600w, https:\/\/mouldking.store\/wp-content\/uploads\/2022\/12\/MOC-109418-Dungeons-and-Dragons-Beholder-3-150x150.jpg 150w, https:\/\/mouldking.store\/wp-content\/uploads\/2022\/12\/MOC-109418-Dungeons-and-Dragons-Beholder-3-60x60.jpg 60w, https:\/\/mouldking.store\/wp-content\/uploads\/2022\/12\/MOC-109418-Dungeons-and-Dragons-Beholder-3-90x90.jpg 90w\" sizes=\"(max-width: 1000px) 100vw, 1000px\" \/><figcaption id=\"caption-attachment-37788\" class=\"wp-caption-text\">MOC-109418 Fangehull og drager \u2013 Betrakter med 513 deler<\/figcaption><\/figure>\n<figure id=\"attachment_37789\" aria-describedby=\"caption-attachment-37789\" style=\"width: 1000px\" class=\"wp-caption aligncenter\"><img loading=\"lazy\" decoding=\"async\" class=\"wp-image-37789 size-full\" src=\"https:\/\/mouldking.store\/wp-content\/uploads\/2022\/12\/MOC-109418-Dungeons-and-Dragons-Beholder-2.jpg\" alt=\"MOC-109418 Dungeons and Dragons \u2013 Beholder With 513 Pieces\" width=\"1000\" height=\"1000\" title=\"-\" srcset=\"https:\/\/mouldking.store\/wp-content\/uploads\/2022\/12\/MOC-109418-Dungeons-and-Dragons-Beholder-2.jpg 1000w, https:\/\/mouldking.store\/wp-content\/uploads\/2022\/12\/MOC-109418-Dungeons-and-Dragons-Beholder-2-300x300.jpg 300w, https:\/\/mouldking.store\/wp-content\/uploads\/2022\/12\/MOC-109418-Dungeons-and-Dragons-Beholder-2-768x768.jpg 768w, https:\/\/mouldking.store\/wp-content\/uploads\/2022\/12\/MOC-109418-Dungeons-and-Dragons-Beholder-2-600x600.jpg 600w, https:\/\/mouldking.store\/wp-content\/uploads\/2022\/12\/MOC-109418-Dungeons-and-Dragons-Beholder-2-150x150.jpg 150w, https:\/\/mouldking.store\/wp-content\/uploads\/2022\/12\/MOC-109418-Dungeons-and-Dragons-Beholder-2-60x60.jpg 60w, https:\/\/mouldking.store\/wp-content\/uploads\/2022\/12\/MOC-109418-Dungeons-and-Dragons-Beholder-2-90x90.jpg 90w\" sizes=\"(max-width: 1000px) 100vw, 1000px\" \/><figcaption id=\"caption-attachment-37789\" class=\"wp-caption-text\">MOC-109418 Fangehull og drager \u2013 Betrakter med 513 deler<\/figcaption><\/figure>\n<figure id=\"attachment_37790\" aria-describedby=\"caption-attachment-37790\" style=\"width: 1000px\" class=\"wp-caption aligncenter\"><img loading=\"lazy\" decoding=\"async\" class=\"wp-image-37790 size-full\" src=\"https:\/\/mouldking.store\/wp-content\/uploads\/2022\/12\/MOC-109418-Dungeons-and-Dragons-Beholder-1.jpg\" alt=\"MOC-109418 Dungeons and Dragons \u2013 Beholder With 513 Pieces\" width=\"1000\" height=\"1000\" title=\"-\" srcset=\"https:\/\/mouldking.store\/wp-content\/uploads\/2022\/12\/MOC-109418-Dungeons-and-Dragons-Beholder-1.jpg 1000w, https:\/\/mouldking.store\/wp-content\/uploads\/2022\/12\/MOC-109418-Dungeons-and-Dragons-Beholder-1-300x300.jpg 300w, https:\/\/mouldking.store\/wp-content\/uploads\/2022\/12\/MOC-109418-Dungeons-and-Dragons-Beholder-1-768x768.jpg 768w, https:\/\/mouldking.store\/wp-content\/uploads\/2022\/12\/MOC-109418-Dungeons-and-Dragons-Beholder-1-600x600.jpg 600w, https:\/\/mouldking.store\/wp-content\/uploads\/2022\/12\/MOC-109418-Dungeons-and-Dragons-Beholder-1-150x150.jpg 150w, https:\/\/mouldking.store\/wp-content\/uploads\/2022\/12\/MOC-109418-Dungeons-and-Dragons-Beholder-1-60x60.jpg 60w, https:\/\/mouldking.store\/wp-content\/uploads\/2022\/12\/MOC-109418-Dungeons-and-Dragons-Beholder-1-90x90.jpg 90w\" sizes=\"(max-width: 1000px) 100vw, 1000px\" \/><figcaption id=\"caption-attachment-37790\" class=\"wp-caption-text\">MOC-109418 Fangehull og drager \u2013 Betrakter med 513 deler<\/figcaption><\/figure>","protected":false},"excerpt":{"rendered":"<p>Product information: Brand: MOC Gender: Unisex Name: Dungeons and Dragons \u2013 Beholder Age Range: &gt; 6 years old Model Number: 109418 Classification: Assemblage Plastic Block Shape: Self-Locking Bricks Material: Plastic Plastic Type: ABS Bricks Blocks:513 PCS Size: \u00a021.2 x 16.3 x 22.5 cm Weight: 0.35 kg Contains detailed assembly instructions. Notice: 1. Without an original [&hellip;]<\/p>","protected":false},"featured_media":37780,"comment_status":"closed","ping_status":"closed","template":"","meta":{"_acf_changed":false},"product_cat":[1365,1406,371],"product_tag":[9350,9349,9348,5768,9351,430,9347,9352,9346],"class_list":["product","first","instock","shipping-taxable","purchasable","product-type-simple"],"acf":[],"_links":{"self":[{"href":"https:\/\/mouldking.store\/nb\/wp-json\/wp\/v2\/product\/37779","targetHints":{"allow":["GET"]}}],"collection":[{"href":"https:\/\/mouldking.store\/nb\/wp-json\/wp\/v2\/product"}],"about":[{"href":"https:\/\/mouldking.store\/nb\/wp-json\/wp\/v2\/types\/product"}],"replies":[{"embeddable":true,"href":"https:\/\/mouldking.store\/nb\/wp-json\/wp\/v2\/comments?post=37779"}],"wp:featuredmedia":[{"embeddable":true,"href":"https:\/\/mouldking.store\/nb\/wp-json\/wp\/v2\/media\/37780"}],"wp:attachment":[{"href":"https:\/\/mouldking.store\/nb\/wp-json\/wp\/v2\/media?parent=37779"}],"wp:term":[{"taxonomy":"product_cat","embeddable":true,"href":"https:\/\/mouldking.store\/nb\/wp-json\/wp\/v2\/product_cat?post=37779"},{"taxonomy":"product_tag","embeddable":true,"href":"https:\/\/mouldking.store\/nb\/wp-json\/wp\/v2\/product_tag?post=37779"}],"curies":[{"name":"wp","href":"https:\/\/api.w.org\/{rel}","templated":true}]}}