{"id":37850,"date":"2022-12-14T10:20:19","date_gmt":"2022-12-14T03:20:19","guid":{"rendered":"https:\/\/mouldking.store\/?post_type=product&#038;p=37850"},"modified":"2022-12-14T10:20:19","modified_gmt":"2022-12-14T03:20:19","slug":"cada-c66010-japanese-wabi-sabi-tea-house-with-1200pcs","status":"publish","type":"product","link":"https:\/\/mouldking.store\/nb\/shop\/cada-c66010-japanese-wabi-sabi-tea-house-with-1200pcs\/","title":{"rendered":"CaDa C66010 Japansk Wabi-sabi tehus med 1200 STK"},"content":{"rendered":"<p>Produktinformasjon:<\/p>\n<ol>\n<li>Merke: CaDa<\/li>\n<li>Kj\u00f8nn: Unisex<\/li>\n<li>Name: Japanese Wabi-sabi Tea House<\/li>\n<li>Aldersgruppe: &gt; 6 \u00e5r gammel<\/li>\n<li>Model Number: C66010<\/li>\n<li>Klassifisering: Montering<\/li>\n<li>Plastblokkform: Selvl\u00e5sende murstein<\/li>\n<li>Materiale: Plast<\/li>\n<li>Plasttype: ABS<\/li>\n<li>Bricks Blocks:1200PCS<\/li>\n<li>Size: 20 \u00d7 13 \u00d7 23 cm<\/li>\n<li>Inneholder detaljerte monteringsanvisninger.<\/li>\n<\/ol>\n<p>Legge merke til:<br \/>\n1. Uten original eske, men vi garanterer at v\u00e5re produkter har kvalitetssikring og pen emballasje.<br \/>\n2. Som alle delene vi har sjekket f\u00f8r frakt, s\u00e5 hvis du finner noen deler savnet eller skadet, ikke bekymre deg og bare kontakt oss, s\u00e5 kan vi sende dem til deg p\u00e5 nytt umiddelbart gratis.<\/p>\n<figure id=\"attachment_37851\" aria-describedby=\"caption-attachment-37851\" style=\"width: 800px\" class=\"wp-caption aligncenter\"><img fetchpriority=\"high\" decoding=\"async\" class=\"wp-image-37851 size-full\" src=\"https:\/\/mouldking.store\/wp-content\/uploads\/2022\/12\/Japanese-Wabi-sabi-Tea-House-CaDa-C66010-7.jpg\" alt=\"CaDa C66010 Japanese Wabi-sabi Tea House With 1200PCS\" width=\"800\" height=\"800\" title=\"-\" srcset=\"https:\/\/mouldking.store\/wp-content\/uploads\/2022\/12\/Japanese-Wabi-sabi-Tea-House-CaDa-C66010-7.jpg 800w, https:\/\/mouldking.store\/wp-content\/uploads\/2022\/12\/Japanese-Wabi-sabi-Tea-House-CaDa-C66010-7-300x300.jpg 300w, https:\/\/mouldking.store\/wp-content\/uploads\/2022\/12\/Japanese-Wabi-sabi-Tea-House-CaDa-C66010-7-768x768.jpg 768w, https:\/\/mouldking.store\/wp-content\/uploads\/2022\/12\/Japanese-Wabi-sabi-Tea-House-CaDa-C66010-7-600x600.jpg 600w, https:\/\/mouldking.store\/wp-content\/uploads\/2022\/12\/Japanese-Wabi-sabi-Tea-House-CaDa-C66010-7-150x150.jpg 150w, https:\/\/mouldking.store\/wp-content\/uploads\/2022\/12\/Japanese-Wabi-sabi-Tea-House-CaDa-C66010-7-60x60.jpg 60w, https:\/\/mouldking.store\/wp-content\/uploads\/2022\/12\/Japanese-Wabi-sabi-Tea-House-CaDa-C66010-7-90x90.jpg 90w\" sizes=\"(max-width: 800px) 100vw, 800px\" \/><figcaption id=\"caption-attachment-37851\" class=\"wp-caption-text\">CaDa C66010 Japansk Wabi-sabi tehus med 1200 STK<\/figcaption><\/figure>\n<figure id=\"attachment_37852\" aria-describedby=\"caption-attachment-37852\" style=\"width: 800px\" class=\"wp-caption aligncenter\"><img decoding=\"async\" class=\"wp-image-37852 size-full\" src=\"https:\/\/mouldking.store\/wp-content\/uploads\/2022\/12\/Japanese-Wabi-sabi-Tea-House-CaDa-C66010-6.jpg\" alt=\"CaDa C66010 Japanese Wabi-sabi Tea House With 1200PCS\" width=\"800\" height=\"800\" title=\"-\" srcset=\"https:\/\/mouldking.store\/wp-content\/uploads\/2022\/12\/Japanese-Wabi-sabi-Tea-House-CaDa-C66010-6.jpg 800w, https:\/\/mouldking.store\/wp-content\/uploads\/2022\/12\/Japanese-Wabi-sabi-Tea-House-CaDa-C66010-6-300x300.jpg 300w, https:\/\/mouldking.store\/wp-content\/uploads\/2022\/12\/Japanese-Wabi-sabi-Tea-House-CaDa-C66010-6-768x768.jpg 768w, https:\/\/mouldking.store\/wp-content\/uploads\/2022\/12\/Japanese-Wabi-sabi-Tea-House-CaDa-C66010-6-600x600.jpg 600w, https:\/\/mouldking.store\/wp-content\/uploads\/2022\/12\/Japanese-Wabi-sabi-Tea-House-CaDa-C66010-6-150x150.jpg 150w, https:\/\/mouldking.store\/wp-content\/uploads\/2022\/12\/Japanese-Wabi-sabi-Tea-House-CaDa-C66010-6-60x60.jpg 60w, https:\/\/mouldking.store\/wp-content\/uploads\/2022\/12\/Japanese-Wabi-sabi-Tea-House-CaDa-C66010-6-90x90.jpg 90w\" sizes=\"(max-width: 800px) 100vw, 800px\" \/><figcaption id=\"caption-attachment-37852\" class=\"wp-caption-text\">CaDa C66010 Japansk Wabi-sabi tehus med 1200 STK<\/figcaption><\/figure>\n<figure id=\"attachment_37853\" aria-describedby=\"caption-attachment-37853\" style=\"width: 800px\" class=\"wp-caption aligncenter\"><img decoding=\"async\" class=\"wp-image-37853 size-full\" src=\"https:\/\/mouldking.store\/wp-content\/uploads\/2022\/12\/Japanese-Wabi-sabi-Tea-House-CaDa-C66010-5.jpg\" alt=\"CaDa C66010 Japanese Wabi-sabi Tea House With 1200PCS\" width=\"800\" height=\"800\" title=\"-\" srcset=\"https:\/\/mouldking.store\/wp-content\/uploads\/2022\/12\/Japanese-Wabi-sabi-Tea-House-CaDa-C66010-5.jpg 800w, https:\/\/mouldking.store\/wp-content\/uploads\/2022\/12\/Japanese-Wabi-sabi-Tea-House-CaDa-C66010-5-300x300.jpg 300w, https:\/\/mouldking.store\/wp-content\/uploads\/2022\/12\/Japanese-Wabi-sabi-Tea-House-CaDa-C66010-5-768x768.jpg 768w, https:\/\/mouldking.store\/wp-content\/uploads\/2022\/12\/Japanese-Wabi-sabi-Tea-House-CaDa-C66010-5-600x600.jpg 600w, https:\/\/mouldking.store\/wp-content\/uploads\/2022\/12\/Japanese-Wabi-sabi-Tea-House-CaDa-C66010-5-150x150.jpg 150w, https:\/\/mouldking.store\/wp-content\/uploads\/2022\/12\/Japanese-Wabi-sabi-Tea-House-CaDa-C66010-5-60x60.jpg 60w, https:\/\/mouldking.store\/wp-content\/uploads\/2022\/12\/Japanese-Wabi-sabi-Tea-House-CaDa-C66010-5-90x90.jpg 90w\" sizes=\"(max-width: 800px) 100vw, 800px\" \/><figcaption id=\"caption-attachment-37853\" class=\"wp-caption-text\">CaDa C66010 Japansk Wabi-sabi tehus med 1200 STK<\/figcaption><\/figure>\n<figure id=\"attachment_37854\" aria-describedby=\"caption-attachment-37854\" style=\"width: 800px\" class=\"wp-caption aligncenter\"><img loading=\"lazy\" decoding=\"async\" class=\"wp-image-37854 size-full\" src=\"https:\/\/mouldking.store\/wp-content\/uploads\/2022\/12\/Japanese-Wabi-sabi-Tea-House-CaDa-C66010-4.jpg\" alt=\"CaDa C66010 Japanese Wabi-sabi Tea House With 1200PCS\" width=\"800\" height=\"800\" title=\"-\" srcset=\"https:\/\/mouldking.store\/wp-content\/uploads\/2022\/12\/Japanese-Wabi-sabi-Tea-House-CaDa-C66010-4.jpg 800w, https:\/\/mouldking.store\/wp-content\/uploads\/2022\/12\/Japanese-Wabi-sabi-Tea-House-CaDa-C66010-4-300x300.jpg 300w, https:\/\/mouldking.store\/wp-content\/uploads\/2022\/12\/Japanese-Wabi-sabi-Tea-House-CaDa-C66010-4-768x768.jpg 768w, https:\/\/mouldking.store\/wp-content\/uploads\/2022\/12\/Japanese-Wabi-sabi-Tea-House-CaDa-C66010-4-600x600.jpg 600w, https:\/\/mouldking.store\/wp-content\/uploads\/2022\/12\/Japanese-Wabi-sabi-Tea-House-CaDa-C66010-4-150x150.jpg 150w, https:\/\/mouldking.store\/wp-content\/uploads\/2022\/12\/Japanese-Wabi-sabi-Tea-House-CaDa-C66010-4-60x60.jpg 60w, https:\/\/mouldking.store\/wp-content\/uploads\/2022\/12\/Japanese-Wabi-sabi-Tea-House-CaDa-C66010-4-90x90.jpg 90w\" sizes=\"(max-width: 800px) 100vw, 800px\" \/><figcaption id=\"caption-attachment-37854\" class=\"wp-caption-text\">CaDa C66010 Japansk Wabi-sabi tehus med 1200 STK<\/figcaption><\/figure>\n<figure id=\"attachment_37855\" aria-describedby=\"caption-attachment-37855\" style=\"width: 800px\" class=\"wp-caption aligncenter\"><img loading=\"lazy\" decoding=\"async\" class=\"wp-image-37855 size-full\" src=\"https:\/\/mouldking.store\/wp-content\/uploads\/2022\/12\/Japanese-Wabi-sabi-Tea-House-CaDa-C66010-3.jpg\" alt=\"CaDa C66010 Japanese Wabi-sabi Tea House With 1200PCS\" width=\"800\" height=\"800\" title=\"-\" srcset=\"https:\/\/mouldking.store\/wp-content\/uploads\/2022\/12\/Japanese-Wabi-sabi-Tea-House-CaDa-C66010-3.jpg 800w, https:\/\/mouldking.store\/wp-content\/uploads\/2022\/12\/Japanese-Wabi-sabi-Tea-House-CaDa-C66010-3-300x300.jpg 300w, https:\/\/mouldking.store\/wp-content\/uploads\/2022\/12\/Japanese-Wabi-sabi-Tea-House-CaDa-C66010-3-768x768.jpg 768w, https:\/\/mouldking.store\/wp-content\/uploads\/2022\/12\/Japanese-Wabi-sabi-Tea-House-CaDa-C66010-3-600x600.jpg 600w, https:\/\/mouldking.store\/wp-content\/uploads\/2022\/12\/Japanese-Wabi-sabi-Tea-House-CaDa-C66010-3-150x150.jpg 150w, https:\/\/mouldking.store\/wp-content\/uploads\/2022\/12\/Japanese-Wabi-sabi-Tea-House-CaDa-C66010-3-60x60.jpg 60w, https:\/\/mouldking.store\/wp-content\/uploads\/2022\/12\/Japanese-Wabi-sabi-Tea-House-CaDa-C66010-3-90x90.jpg 90w\" sizes=\"(max-width: 800px) 100vw, 800px\" \/><figcaption id=\"caption-attachment-37855\" class=\"wp-caption-text\">CaDa C66010 Japansk Wabi-sabi tehus med 1200 STK<\/figcaption><\/figure>\n<figure id=\"attachment_37856\" aria-describedby=\"caption-attachment-37856\" style=\"width: 800px\" class=\"wp-caption aligncenter\"><img loading=\"lazy\" decoding=\"async\" class=\"wp-image-37856 size-full\" src=\"https:\/\/mouldking.store\/wp-content\/uploads\/2022\/12\/Japanese-Wabi-sabi-Tea-House-CaDa-C66010-2.jpg\" alt=\"CaDa C66010 Japanese Wabi-sabi Tea House With 1200PCS\" width=\"800\" height=\"800\" title=\"-\" srcset=\"https:\/\/mouldking.store\/wp-content\/uploads\/2022\/12\/Japanese-Wabi-sabi-Tea-House-CaDa-C66010-2.jpg 800w, https:\/\/mouldking.store\/wp-content\/uploads\/2022\/12\/Japanese-Wabi-sabi-Tea-House-CaDa-C66010-2-300x300.jpg 300w, https:\/\/mouldking.store\/wp-content\/uploads\/2022\/12\/Japanese-Wabi-sabi-Tea-House-CaDa-C66010-2-768x768.jpg 768w, https:\/\/mouldking.store\/wp-content\/uploads\/2022\/12\/Japanese-Wabi-sabi-Tea-House-CaDa-C66010-2-600x600.jpg 600w, https:\/\/mouldking.store\/wp-content\/uploads\/2022\/12\/Japanese-Wabi-sabi-Tea-House-CaDa-C66010-2-150x150.jpg 150w, https:\/\/mouldking.store\/wp-content\/uploads\/2022\/12\/Japanese-Wabi-sabi-Tea-House-CaDa-C66010-2-60x60.jpg 60w, https:\/\/mouldking.store\/wp-content\/uploads\/2022\/12\/Japanese-Wabi-sabi-Tea-House-CaDa-C66010-2-90x90.jpg 90w\" sizes=\"(max-width: 800px) 100vw, 800px\" \/><figcaption id=\"caption-attachment-37856\" class=\"wp-caption-text\">CaDa C66010 Japansk Wabi-sabi tehus med 1200 STK<\/figcaption><\/figure>\n<figure id=\"attachment_37857\" aria-describedby=\"caption-attachment-37857\" style=\"width: 800px\" class=\"wp-caption aligncenter\"><img loading=\"lazy\" decoding=\"async\" class=\"wp-image-37857 size-full\" src=\"https:\/\/mouldking.store\/wp-content\/uploads\/2022\/12\/Japanese-Wabi-sabi-Tea-House-CaDa-C66010-1.jpg\" alt=\"CaDa C66010 Japanese Wabi-sabi Tea House With 1200PCS\" width=\"800\" height=\"800\" title=\"-\" srcset=\"https:\/\/mouldking.store\/wp-content\/uploads\/2022\/12\/Japanese-Wabi-sabi-Tea-House-CaDa-C66010-1.jpg 800w, https:\/\/mouldking.store\/wp-content\/uploads\/2022\/12\/Japanese-Wabi-sabi-Tea-House-CaDa-C66010-1-300x300.jpg 300w, https:\/\/mouldking.store\/wp-content\/uploads\/2022\/12\/Japanese-Wabi-sabi-Tea-House-CaDa-C66010-1-768x768.jpg 768w, https:\/\/mouldking.store\/wp-content\/uploads\/2022\/12\/Japanese-Wabi-sabi-Tea-House-CaDa-C66010-1-600x600.jpg 600w, https:\/\/mouldking.store\/wp-content\/uploads\/2022\/12\/Japanese-Wabi-sabi-Tea-House-CaDa-C66010-1-150x150.jpg 150w, https:\/\/mouldking.store\/wp-content\/uploads\/2022\/12\/Japanese-Wabi-sabi-Tea-House-CaDa-C66010-1-60x60.jpg 60w, https:\/\/mouldking.store\/wp-content\/uploads\/2022\/12\/Japanese-Wabi-sabi-Tea-House-CaDa-C66010-1-90x90.jpg 90w\" sizes=\"(max-width: 800px) 100vw, 800px\" \/><figcaption id=\"caption-attachment-37857\" class=\"wp-caption-text\">CaDa C66010 Japansk Wabi-sabi tehus med 1200 STK<\/figcaption><\/figure>","protected":false},"excerpt":{"rendered":"<p>Product information: Brand: CaDa Gender: Unisex Name: Japanese Wabi-sabi Tea House Age Range: &gt; 6 years old Model Number: C66010 Classification: Assemblage Plastic Block Shape: Self-Locking Bricks Material: Plastic Plastic Type: ABS Bricks Blocks:1200PCS Size: 20 \u00d7 13 \u00d7 23 cm Contains detailed assembly instructions. Notice: 1. Without an original box, but we guarantee our [&hellip;]<\/p>","protected":false},"featured_media":37851,"comment_status":"closed","ping_status":"closed","template":"","meta":{"_acf_changed":false},"product_cat":[1365],"product_tag":[9368,1916,9371,9374,9367,5434,9373,9370,9369,9372],"class_list":["product","first","instock","shipping-taxable","purchasable","product-type-simple"],"acf":[],"_links":{"self":[{"href":"https:\/\/mouldking.store\/nb\/wp-json\/wp\/v2\/product\/37850","targetHints":{"allow":["GET"]}}],"collection":[{"href":"https:\/\/mouldking.store\/nb\/wp-json\/wp\/v2\/product"}],"about":[{"href":"https:\/\/mouldking.store\/nb\/wp-json\/wp\/v2\/types\/product"}],"replies":[{"embeddable":true,"href":"https:\/\/mouldking.store\/nb\/wp-json\/wp\/v2\/comments?post=37850"}],"wp:featuredmedia":[{"embeddable":true,"href":"https:\/\/mouldking.store\/nb\/wp-json\/wp\/v2\/media\/37851"}],"wp:attachment":[{"href":"https:\/\/mouldking.store\/nb\/wp-json\/wp\/v2\/media?parent=37850"}],"wp:term":[{"taxonomy":"product_cat","embeddable":true,"href":"https:\/\/mouldking.store\/nb\/wp-json\/wp\/v2\/product_cat?post=37850"},{"taxonomy":"product_tag","embeddable":true,"href":"https:\/\/mouldking.store\/nb\/wp-json\/wp\/v2\/product_tag?post=37850"}],"curies":[{"name":"wp","href":"https:\/\/api.w.org\/{rel}","templated":true}]}}