{"id":37863,"date":"2022-12-14T10:32:15","date_gmt":"2022-12-14T03:32:15","guid":{"rendered":"https:\/\/mouldking.store\/?post_type=product&#038;p=37863"},"modified":"2025-12-25T09:12:09","modified_gmt":"2025-12-25T02:12:09","slug":"moc-t006-2-black-ferrari-daytona-sp3-sports-car-with-3778pcs","status":"publish","type":"product","link":"https:\/\/mouldking.store\/nb\/shop\/moc-t006-2-black-ferrari-daytona-sp3-sports-car-with-3778pcs\/","title":{"rendered":"MOC-T006-2 svart &quot;Ferrari&quot; Daytona SP3 sportsbil med 3778 stk"},"content":{"rendered":"<p>Produktinformasjon:<\/p>\n<ol>\n<li>Merke: MOC<\/li>\n<li>Kj\u00f8nn: Unisex<\/li>\n<li>Name: Black \u201cFerrari \u201cDaytona SP3 Sports Car<\/li>\n<li>Aldersgruppe: &gt; 6 \u00e5r gammel<\/li>\n<li>Model Number: T006-2<\/li>\n<li>Klassifisering: Montering<\/li>\n<li>Plastblokkform: Selvl\u00e5sende murstein<\/li>\n<li>Materiale: Plast<\/li>\n<li>Plasttype: ABS<\/li>\n<li>Bricks Blocks:3778PCS<\/li>\n<li>Size: 59 x 24 x 15 cm<\/li>\n<li>Inneholder detaljerte monteringsanvisninger.<\/li>\n<\/ol>\n<p>Legge merke til:<br \/>\n1. Uten original eske, men vi garanterer at v\u00e5re produkter har kvalitetssikring og pen emballasje.<br \/>\n2. Som alle delene vi har sjekket f\u00f8r frakt, s\u00e5 hvis du finner noen deler savnet eller skadet, ikke bekymre deg og bare kontakt oss, s\u00e5 kan vi sende dem til deg p\u00e5 nytt umiddelbart gratis.<\/p>\n<figure id=\"attachment_37864\" aria-describedby=\"caption-attachment-37864\" style=\"width: 800px\" class=\"wp-caption aligncenter\"><img fetchpriority=\"high\" decoding=\"async\" class=\"wp-image-37864 size-full\" src=\"https:\/\/mouldking.store\/wp-content\/uploads\/2022\/12\/Black-Ferrari-Daytona-SP3-Sports-Car-MOC-T006-2-8.jpg\" alt=\"MOC-T006-2 Black \u201cFerrari \u201cDaytona SP3 Sports Car With 3778pcs\" width=\"800\" height=\"800\" title=\"-\" srcset=\"https:\/\/mouldking.store\/wp-content\/uploads\/2022\/12\/Black-Ferrari-Daytona-SP3-Sports-Car-MOC-T006-2-8.jpg 800w, https:\/\/mouldking.store\/wp-content\/uploads\/2022\/12\/Black-Ferrari-Daytona-SP3-Sports-Car-MOC-T006-2-8-300x300.jpg 300w, https:\/\/mouldking.store\/wp-content\/uploads\/2022\/12\/Black-Ferrari-Daytona-SP3-Sports-Car-MOC-T006-2-8-768x768.jpg 768w, https:\/\/mouldking.store\/wp-content\/uploads\/2022\/12\/Black-Ferrari-Daytona-SP3-Sports-Car-MOC-T006-2-8-600x600.jpg 600w, https:\/\/mouldking.store\/wp-content\/uploads\/2022\/12\/Black-Ferrari-Daytona-SP3-Sports-Car-MOC-T006-2-8-150x150.jpg 150w, https:\/\/mouldking.store\/wp-content\/uploads\/2022\/12\/Black-Ferrari-Daytona-SP3-Sports-Car-MOC-T006-2-8-60x60.jpg 60w, https:\/\/mouldking.store\/wp-content\/uploads\/2022\/12\/Black-Ferrari-Daytona-SP3-Sports-Car-MOC-T006-2-8-90x90.jpg 90w\" sizes=\"(max-width: 800px) 100vw, 800px\" \/><figcaption id=\"caption-attachment-37864\" class=\"wp-caption-text\">MOC-T006-2 svart &quot;Ferrari&quot; Daytona SP3 sportsbil med 3778 stk<\/figcaption><\/figure>\n<figure id=\"attachment_37865\" aria-describedby=\"caption-attachment-37865\" style=\"width: 800px\" class=\"wp-caption aligncenter\"><img decoding=\"async\" class=\"wp-image-37865 size-full\" src=\"https:\/\/mouldking.store\/wp-content\/uploads\/2022\/12\/Black-Ferrari-Daytona-SP3-Sports-Car-MOC-T006-2-7.jpg\" alt=\"MOC-T006-2 Black \u201cFerrari \u201cDaytona SP3 Sports Car With 3778pcs\" width=\"800\" height=\"800\" title=\"-\" srcset=\"https:\/\/mouldking.store\/wp-content\/uploads\/2022\/12\/Black-Ferrari-Daytona-SP3-Sports-Car-MOC-T006-2-7.jpg 800w, https:\/\/mouldking.store\/wp-content\/uploads\/2022\/12\/Black-Ferrari-Daytona-SP3-Sports-Car-MOC-T006-2-7-300x300.jpg 300w, https:\/\/mouldking.store\/wp-content\/uploads\/2022\/12\/Black-Ferrari-Daytona-SP3-Sports-Car-MOC-T006-2-7-768x768.jpg 768w, https:\/\/mouldking.store\/wp-content\/uploads\/2022\/12\/Black-Ferrari-Daytona-SP3-Sports-Car-MOC-T006-2-7-600x600.jpg 600w, https:\/\/mouldking.store\/wp-content\/uploads\/2022\/12\/Black-Ferrari-Daytona-SP3-Sports-Car-MOC-T006-2-7-150x150.jpg 150w, https:\/\/mouldking.store\/wp-content\/uploads\/2022\/12\/Black-Ferrari-Daytona-SP3-Sports-Car-MOC-T006-2-7-60x60.jpg 60w, https:\/\/mouldking.store\/wp-content\/uploads\/2022\/12\/Black-Ferrari-Daytona-SP3-Sports-Car-MOC-T006-2-7-90x90.jpg 90w\" sizes=\"(max-width: 800px) 100vw, 800px\" \/><figcaption id=\"caption-attachment-37865\" class=\"wp-caption-text\">MOC-T006-2 svart &quot;Ferrari&quot; Daytona SP3 sportsbil med 3778 stk<\/figcaption><\/figure>\n<figure id=\"attachment_37866\" aria-describedby=\"caption-attachment-37866\" style=\"width: 800px\" class=\"wp-caption aligncenter\"><img decoding=\"async\" class=\"wp-image-37866 size-full\" src=\"https:\/\/mouldking.store\/wp-content\/uploads\/2022\/12\/Black-Ferrari-Daytona-SP3-Sports-Car-MOC-T006-2-6.jpg\" alt=\"MOC-T006-2 Black \u201cFerrari \u201cDaytona SP3 Sports Car With 3778pcs\" width=\"800\" height=\"800\" title=\"-\" srcset=\"https:\/\/mouldking.store\/wp-content\/uploads\/2022\/12\/Black-Ferrari-Daytona-SP3-Sports-Car-MOC-T006-2-6.jpg 800w, https:\/\/mouldking.store\/wp-content\/uploads\/2022\/12\/Black-Ferrari-Daytona-SP3-Sports-Car-MOC-T006-2-6-300x300.jpg 300w, https:\/\/mouldking.store\/wp-content\/uploads\/2022\/12\/Black-Ferrari-Daytona-SP3-Sports-Car-MOC-T006-2-6-768x768.jpg 768w, https:\/\/mouldking.store\/wp-content\/uploads\/2022\/12\/Black-Ferrari-Daytona-SP3-Sports-Car-MOC-T006-2-6-600x600.jpg 600w, https:\/\/mouldking.store\/wp-content\/uploads\/2022\/12\/Black-Ferrari-Daytona-SP3-Sports-Car-MOC-T006-2-6-150x150.jpg 150w, https:\/\/mouldking.store\/wp-content\/uploads\/2022\/12\/Black-Ferrari-Daytona-SP3-Sports-Car-MOC-T006-2-6-60x60.jpg 60w, https:\/\/mouldking.store\/wp-content\/uploads\/2022\/12\/Black-Ferrari-Daytona-SP3-Sports-Car-MOC-T006-2-6-90x90.jpg 90w\" sizes=\"(max-width: 800px) 100vw, 800px\" \/><figcaption id=\"caption-attachment-37866\" class=\"wp-caption-text\">MOC-T006-2 svart &quot;Ferrari&quot; Daytona SP3 sportsbil med 3778 stk<\/figcaption><\/figure>\n<figure id=\"attachment_37867\" aria-describedby=\"caption-attachment-37867\" style=\"width: 800px\" class=\"wp-caption aligncenter\"><img loading=\"lazy\" decoding=\"async\" class=\"wp-image-37867 size-full\" src=\"https:\/\/mouldking.store\/wp-content\/uploads\/2022\/12\/Black-Ferrari-Daytona-SP3-Sports-Car-MOC-T006-2-5.jpg\" alt=\"MOC-T006-2 Black \u201cFerrari \u201cDaytona SP3 Sports Car With 3778pcs\" width=\"800\" height=\"800\" title=\"-\" srcset=\"https:\/\/mouldking.store\/wp-content\/uploads\/2022\/12\/Black-Ferrari-Daytona-SP3-Sports-Car-MOC-T006-2-5.jpg 800w, https:\/\/mouldking.store\/wp-content\/uploads\/2022\/12\/Black-Ferrari-Daytona-SP3-Sports-Car-MOC-T006-2-5-300x300.jpg 300w, https:\/\/mouldking.store\/wp-content\/uploads\/2022\/12\/Black-Ferrari-Daytona-SP3-Sports-Car-MOC-T006-2-5-768x768.jpg 768w, https:\/\/mouldking.store\/wp-content\/uploads\/2022\/12\/Black-Ferrari-Daytona-SP3-Sports-Car-MOC-T006-2-5-600x600.jpg 600w, https:\/\/mouldking.store\/wp-content\/uploads\/2022\/12\/Black-Ferrari-Daytona-SP3-Sports-Car-MOC-T006-2-5-150x150.jpg 150w, https:\/\/mouldking.store\/wp-content\/uploads\/2022\/12\/Black-Ferrari-Daytona-SP3-Sports-Car-MOC-T006-2-5-60x60.jpg 60w, https:\/\/mouldking.store\/wp-content\/uploads\/2022\/12\/Black-Ferrari-Daytona-SP3-Sports-Car-MOC-T006-2-5-90x90.jpg 90w\" sizes=\"(max-width: 800px) 100vw, 800px\" \/><figcaption id=\"caption-attachment-37867\" class=\"wp-caption-text\">MOC-T006-2 svart &quot;Ferrari&quot; Daytona SP3 sportsbil med 3778 stk<\/figcaption><\/figure>\n<figure id=\"attachment_37868\" aria-describedby=\"caption-attachment-37868\" style=\"width: 800px\" class=\"wp-caption aligncenter\"><img loading=\"lazy\" decoding=\"async\" class=\"wp-image-37868 size-full\" src=\"https:\/\/mouldking.store\/wp-content\/uploads\/2022\/12\/Black-Ferrari-Daytona-SP3-Sports-Car-MOC-T006-2-4.jpg\" alt=\"MOC-T006-2 Black \u201cFerrari \u201cDaytona SP3 Sports Car With 3778pcs\" width=\"800\" height=\"800\" title=\"-\" srcset=\"https:\/\/mouldking.store\/wp-content\/uploads\/2022\/12\/Black-Ferrari-Daytona-SP3-Sports-Car-MOC-T006-2-4.jpg 800w, https:\/\/mouldking.store\/wp-content\/uploads\/2022\/12\/Black-Ferrari-Daytona-SP3-Sports-Car-MOC-T006-2-4-300x300.jpg 300w, https:\/\/mouldking.store\/wp-content\/uploads\/2022\/12\/Black-Ferrari-Daytona-SP3-Sports-Car-MOC-T006-2-4-768x768.jpg 768w, https:\/\/mouldking.store\/wp-content\/uploads\/2022\/12\/Black-Ferrari-Daytona-SP3-Sports-Car-MOC-T006-2-4-600x600.jpg 600w, https:\/\/mouldking.store\/wp-content\/uploads\/2022\/12\/Black-Ferrari-Daytona-SP3-Sports-Car-MOC-T006-2-4-150x150.jpg 150w, https:\/\/mouldking.store\/wp-content\/uploads\/2022\/12\/Black-Ferrari-Daytona-SP3-Sports-Car-MOC-T006-2-4-60x60.jpg 60w, https:\/\/mouldking.store\/wp-content\/uploads\/2022\/12\/Black-Ferrari-Daytona-SP3-Sports-Car-MOC-T006-2-4-90x90.jpg 90w\" sizes=\"(max-width: 800px) 100vw, 800px\" \/><figcaption id=\"caption-attachment-37868\" class=\"wp-caption-text\">MOC-T006-2 svart &quot;Ferrari&quot; Daytona SP3 sportsbil med 3778 stk<\/figcaption><\/figure>\n<figure id=\"attachment_37869\" aria-describedby=\"caption-attachment-37869\" style=\"width: 800px\" class=\"wp-caption aligncenter\"><img loading=\"lazy\" decoding=\"async\" class=\"wp-image-37869 size-full\" src=\"https:\/\/mouldking.store\/wp-content\/uploads\/2022\/12\/Black-Ferrari-Daytona-SP3-Sports-Car-MOC-T006-2-3.jpg\" alt=\"MOC-T006-2 Black \u201cFerrari \u201cDaytona SP3 Sports Car With 3778pcs\" width=\"800\" height=\"800\" title=\"-\" srcset=\"https:\/\/mouldking.store\/wp-content\/uploads\/2022\/12\/Black-Ferrari-Daytona-SP3-Sports-Car-MOC-T006-2-3.jpg 800w, https:\/\/mouldking.store\/wp-content\/uploads\/2022\/12\/Black-Ferrari-Daytona-SP3-Sports-Car-MOC-T006-2-3-300x300.jpg 300w, https:\/\/mouldking.store\/wp-content\/uploads\/2022\/12\/Black-Ferrari-Daytona-SP3-Sports-Car-MOC-T006-2-3-768x768.jpg 768w, https:\/\/mouldking.store\/wp-content\/uploads\/2022\/12\/Black-Ferrari-Daytona-SP3-Sports-Car-MOC-T006-2-3-600x600.jpg 600w, https:\/\/mouldking.store\/wp-content\/uploads\/2022\/12\/Black-Ferrari-Daytona-SP3-Sports-Car-MOC-T006-2-3-150x150.jpg 150w, https:\/\/mouldking.store\/wp-content\/uploads\/2022\/12\/Black-Ferrari-Daytona-SP3-Sports-Car-MOC-T006-2-3-60x60.jpg 60w, https:\/\/mouldking.store\/wp-content\/uploads\/2022\/12\/Black-Ferrari-Daytona-SP3-Sports-Car-MOC-T006-2-3-90x90.jpg 90w\" sizes=\"(max-width: 800px) 100vw, 800px\" \/><figcaption id=\"caption-attachment-37869\" class=\"wp-caption-text\">MOC-T006-2 svart &quot;Ferrari&quot; Daytona SP3 sportsbil med 3778 stk<\/figcaption><\/figure>\n<figure id=\"attachment_37870\" aria-describedby=\"caption-attachment-37870\" style=\"width: 800px\" class=\"wp-caption aligncenter\"><img loading=\"lazy\" decoding=\"async\" class=\"wp-image-37870 size-full\" src=\"https:\/\/mouldking.store\/wp-content\/uploads\/2022\/12\/Black-Ferrari-Daytona-SP3-Sports-Car-MOC-T006-2-2.jpg\" alt=\"MOC-T006-2 Black \u201cFerrari \u201cDaytona SP3 Sports Car With 3778pcs\" width=\"800\" height=\"800\" title=\"-\" srcset=\"https:\/\/mouldking.store\/wp-content\/uploads\/2022\/12\/Black-Ferrari-Daytona-SP3-Sports-Car-MOC-T006-2-2.jpg 800w, https:\/\/mouldking.store\/wp-content\/uploads\/2022\/12\/Black-Ferrari-Daytona-SP3-Sports-Car-MOC-T006-2-2-300x300.jpg 300w, https:\/\/mouldking.store\/wp-content\/uploads\/2022\/12\/Black-Ferrari-Daytona-SP3-Sports-Car-MOC-T006-2-2-768x768.jpg 768w, https:\/\/mouldking.store\/wp-content\/uploads\/2022\/12\/Black-Ferrari-Daytona-SP3-Sports-Car-MOC-T006-2-2-600x600.jpg 600w, https:\/\/mouldking.store\/wp-content\/uploads\/2022\/12\/Black-Ferrari-Daytona-SP3-Sports-Car-MOC-T006-2-2-150x150.jpg 150w, https:\/\/mouldking.store\/wp-content\/uploads\/2022\/12\/Black-Ferrari-Daytona-SP3-Sports-Car-MOC-T006-2-2-60x60.jpg 60w, https:\/\/mouldking.store\/wp-content\/uploads\/2022\/12\/Black-Ferrari-Daytona-SP3-Sports-Car-MOC-T006-2-2-90x90.jpg 90w\" sizes=\"(max-width: 800px) 100vw, 800px\" \/><figcaption id=\"caption-attachment-37870\" class=\"wp-caption-text\">MOC-T006-2 svart &quot;Ferrari&quot; Daytona SP3 sportsbil med 3778 stk<\/figcaption><\/figure>\n<figure id=\"attachment_37871\" aria-describedby=\"caption-attachment-37871\" style=\"width: 800px\" class=\"wp-caption aligncenter\"><img loading=\"lazy\" decoding=\"async\" class=\"wp-image-37871 size-full\" src=\"https:\/\/mouldking.store\/wp-content\/uploads\/2022\/12\/Black-Ferrari-Daytona-SP3-Sports-Car-MOC-T006-2-1.jpg\" alt=\"MOC-T006-2 Black \u201cFerrari \u201cDaytona SP3 Sports Car With 3778pcs\" width=\"800\" height=\"800\" title=\"-\" srcset=\"https:\/\/mouldking.store\/wp-content\/uploads\/2022\/12\/Black-Ferrari-Daytona-SP3-Sports-Car-MOC-T006-2-1.jpg 800w, https:\/\/mouldking.store\/wp-content\/uploads\/2022\/12\/Black-Ferrari-Daytona-SP3-Sports-Car-MOC-T006-2-1-300x300.jpg 300w, https:\/\/mouldking.store\/wp-content\/uploads\/2022\/12\/Black-Ferrari-Daytona-SP3-Sports-Car-MOC-T006-2-1-768x768.jpg 768w, https:\/\/mouldking.store\/wp-content\/uploads\/2022\/12\/Black-Ferrari-Daytona-SP3-Sports-Car-MOC-T006-2-1-600x600.jpg 600w, https:\/\/mouldking.store\/wp-content\/uploads\/2022\/12\/Black-Ferrari-Daytona-SP3-Sports-Car-MOC-T006-2-1-150x150.jpg 150w, https:\/\/mouldking.store\/wp-content\/uploads\/2022\/12\/Black-Ferrari-Daytona-SP3-Sports-Car-MOC-T006-2-1-60x60.jpg 60w, https:\/\/mouldking.store\/wp-content\/uploads\/2022\/12\/Black-Ferrari-Daytona-SP3-Sports-Car-MOC-T006-2-1-90x90.jpg 90w\" sizes=\"(max-width: 800px) 100vw, 800px\" \/><figcaption id=\"caption-attachment-37871\" class=\"wp-caption-text\">MOC-T006-2 svart &quot;Ferrari&quot; Daytona SP3 sportsbil med 3778 stk<\/figcaption><\/figure>","protected":false},"excerpt":{"rendered":"<p>Product information: Brand: MOC Gender: Unisex Name: Black \u201cFerrari \u201cDaytona SP3 Sports Car Age Range: &gt; 6 years old Model Number: T006-2 Classification: Assemblage Plastic Block Shape: Self-Locking Bricks Material: Plastic Plastic Type: ABS Bricks Blocks:3778PCS Size: 59 x 24 x 15 cm Contains detailed assembly instructions. Notice: 1. Without an original box, but we [&hellip;]<\/p>","protected":false},"author":1145,"featured_media":37864,"comment_status":"closed","ping_status":"closed","template":"","meta":{"_acf_changed":false},"product_cat":[1360,1357],"product_tag":[9383,9384,7380,1585,7381,430,9382,9385,9381,9220,5166],"class_list":["product","first","instock","shipping-taxable","purchasable","product-type-simple"],"acf":[],"_links":{"self":[{"href":"https:\/\/mouldking.store\/nb\/wp-json\/wp\/v2\/product\/37863","targetHints":{"allow":["GET"]}}],"collection":[{"href":"https:\/\/mouldking.store\/nb\/wp-json\/wp\/v2\/product"}],"about":[{"href":"https:\/\/mouldking.store\/nb\/wp-json\/wp\/v2\/types\/product"}],"author":[{"embeddable":true,"href":"https:\/\/mouldking.store\/nb\/wp-json\/wp\/v2\/users\/1145"}],"replies":[{"embeddable":true,"href":"https:\/\/mouldking.store\/nb\/wp-json\/wp\/v2\/comments?post=37863"}],"wp:featuredmedia":[{"embeddable":true,"href":"https:\/\/mouldking.store\/nb\/wp-json\/wp\/v2\/media\/37864"}],"wp:attachment":[{"href":"https:\/\/mouldking.store\/nb\/wp-json\/wp\/v2\/media?parent=37863"}],"wp:term":[{"taxonomy":"product_cat","embeddable":true,"href":"https:\/\/mouldking.store\/nb\/wp-json\/wp\/v2\/product_cat?post=37863"},{"taxonomy":"product_tag","embeddable":true,"href":"https:\/\/mouldking.store\/nb\/wp-json\/wp\/v2\/product_tag?post=37863"}],"curies":[{"name":"wp","href":"https:\/\/api.w.org\/{rel}","templated":true}]}}