{"id":37880,"date":"2022-12-14T10:52:34","date_gmt":"2022-12-14T03:52:34","guid":{"rendered":"https:\/\/mouldking.store\/?post_type=product&#038;p=37880"},"modified":"2022-12-14T10:52:34","modified_gmt":"2022-12-14T03:52:34","slug":"reobrix-22020-rc-telescopic-arm-forklift-with-2260pcs","status":"publish","type":"product","link":"https:\/\/mouldking.store\/nb\/shop\/reobrix-22020-rc-telescopic-arm-forklift-with-2260pcs\/","title":{"rendered":"Reobrix 22020 RC teleskoparmsgaffeltruck med 2260 stk"},"content":{"rendered":"<p>Produktinformasjon:<\/p>\n<ol>\n<li>Merke: Reobrix<\/li>\n<li>Kj\u00f8nn: Unisex<\/li>\n<li>Name: RC Telescopic Arm Forklift<\/li>\n<li>Aldersgruppe: &gt; 6 \u00e5r gammel<\/li>\n<li>Model Number: 22020<\/li>\n<li>Klassifisering: Montering<\/li>\n<li>Plastblokkform: Selvl\u00e5sende murstein<\/li>\n<li>Materiale: Plast<\/li>\n<li>Plasttype: ABS<\/li>\n<li>Bricks Blocks:2260PCS<\/li>\n<li>Size: 51 \u00d7 21 \u00d7 34.5 cm<\/li>\n<li>Inneholder detaljerte monteringsanvisninger.<\/li>\n<\/ol>\n<p>Legge merke til:<br \/>\n1. Uten original eske, men vi garanterer at v\u00e5re produkter har kvalitetssikring og pen emballasje.<br \/>\n2. Som alle delene vi har sjekket f\u00f8r frakt, s\u00e5 hvis du finner noen deler savnet eller skadet, ikke bekymre deg og bare kontakt oss, s\u00e5 kan vi sende dem til deg p\u00e5 nytt umiddelbart gratis.<\/p>\n<figure id=\"attachment_37881\" aria-describedby=\"caption-attachment-37881\" style=\"width: 800px\" class=\"wp-caption aligncenter\"><img fetchpriority=\"high\" decoding=\"async\" class=\"wp-image-37881 size-full\" src=\"https:\/\/mouldking.store\/wp-content\/uploads\/2022\/12\/Reobrix-22020-RC-Telescopic-Arm-Forklift-9.jpg\" alt=\"Reobrix 22020 RC Telescopic Arm Forklift With 2260pcs\" width=\"800\" height=\"800\" title=\"-\" srcset=\"https:\/\/mouldking.store\/wp-content\/uploads\/2022\/12\/Reobrix-22020-RC-Telescopic-Arm-Forklift-9.jpg 800w, https:\/\/mouldking.store\/wp-content\/uploads\/2022\/12\/Reobrix-22020-RC-Telescopic-Arm-Forklift-9-300x300.jpg 300w, https:\/\/mouldking.store\/wp-content\/uploads\/2022\/12\/Reobrix-22020-RC-Telescopic-Arm-Forklift-9-768x768.jpg 768w, https:\/\/mouldking.store\/wp-content\/uploads\/2022\/12\/Reobrix-22020-RC-Telescopic-Arm-Forklift-9-600x600.jpg 600w, https:\/\/mouldking.store\/wp-content\/uploads\/2022\/12\/Reobrix-22020-RC-Telescopic-Arm-Forklift-9-150x150.jpg 150w, https:\/\/mouldking.store\/wp-content\/uploads\/2022\/12\/Reobrix-22020-RC-Telescopic-Arm-Forklift-9-60x60.jpg 60w, https:\/\/mouldking.store\/wp-content\/uploads\/2022\/12\/Reobrix-22020-RC-Telescopic-Arm-Forklift-9-90x90.jpg 90w\" sizes=\"(max-width: 800px) 100vw, 800px\" \/><figcaption id=\"caption-attachment-37881\" class=\"wp-caption-text\">Reobrix 22020 RC teleskoparmsgaffeltruck med 2260 stk<\/figcaption><\/figure>\n<figure id=\"attachment_37882\" aria-describedby=\"caption-attachment-37882\" style=\"width: 800px\" class=\"wp-caption aligncenter\"><img decoding=\"async\" class=\"wp-image-37882 size-full\" src=\"https:\/\/mouldking.store\/wp-content\/uploads\/2022\/12\/Reobrix-22020-RC-Telescopic-Arm-Forklift-8.jpg\" alt=\"Reobrix 22020 RC Telescopic Arm Forklift With 2260pcs\" width=\"800\" height=\"800\" title=\"-\" srcset=\"https:\/\/mouldking.store\/wp-content\/uploads\/2022\/12\/Reobrix-22020-RC-Telescopic-Arm-Forklift-8.jpg 800w, https:\/\/mouldking.store\/wp-content\/uploads\/2022\/12\/Reobrix-22020-RC-Telescopic-Arm-Forklift-8-300x300.jpg 300w, https:\/\/mouldking.store\/wp-content\/uploads\/2022\/12\/Reobrix-22020-RC-Telescopic-Arm-Forklift-8-768x768.jpg 768w, https:\/\/mouldking.store\/wp-content\/uploads\/2022\/12\/Reobrix-22020-RC-Telescopic-Arm-Forklift-8-600x600.jpg 600w, https:\/\/mouldking.store\/wp-content\/uploads\/2022\/12\/Reobrix-22020-RC-Telescopic-Arm-Forklift-8-150x150.jpg 150w, https:\/\/mouldking.store\/wp-content\/uploads\/2022\/12\/Reobrix-22020-RC-Telescopic-Arm-Forklift-8-60x60.jpg 60w, https:\/\/mouldking.store\/wp-content\/uploads\/2022\/12\/Reobrix-22020-RC-Telescopic-Arm-Forklift-8-90x90.jpg 90w\" sizes=\"(max-width: 800px) 100vw, 800px\" \/><figcaption id=\"caption-attachment-37882\" class=\"wp-caption-text\">Reobrix 22020 RC teleskoparmsgaffeltruck med 2260 stk<\/figcaption><\/figure>\n<figure id=\"attachment_37883\" aria-describedby=\"caption-attachment-37883\" style=\"width: 800px\" class=\"wp-caption aligncenter\"><img decoding=\"async\" class=\"wp-image-37883 size-full\" src=\"https:\/\/mouldking.store\/wp-content\/uploads\/2022\/12\/Reobrix-22020-RC-Telescopic-Arm-Forklift-7.jpg\" alt=\"Reobrix 22020 RC Telescopic Arm Forklift With 2260pcs\" width=\"800\" height=\"800\" title=\"-\" srcset=\"https:\/\/mouldking.store\/wp-content\/uploads\/2022\/12\/Reobrix-22020-RC-Telescopic-Arm-Forklift-7.jpg 800w, https:\/\/mouldking.store\/wp-content\/uploads\/2022\/12\/Reobrix-22020-RC-Telescopic-Arm-Forklift-7-300x300.jpg 300w, https:\/\/mouldking.store\/wp-content\/uploads\/2022\/12\/Reobrix-22020-RC-Telescopic-Arm-Forklift-7-768x768.jpg 768w, https:\/\/mouldking.store\/wp-content\/uploads\/2022\/12\/Reobrix-22020-RC-Telescopic-Arm-Forklift-7-600x600.jpg 600w, https:\/\/mouldking.store\/wp-content\/uploads\/2022\/12\/Reobrix-22020-RC-Telescopic-Arm-Forklift-7-150x150.jpg 150w, https:\/\/mouldking.store\/wp-content\/uploads\/2022\/12\/Reobrix-22020-RC-Telescopic-Arm-Forklift-7-60x60.jpg 60w, https:\/\/mouldking.store\/wp-content\/uploads\/2022\/12\/Reobrix-22020-RC-Telescopic-Arm-Forklift-7-90x90.jpg 90w\" sizes=\"(max-width: 800px) 100vw, 800px\" \/><figcaption id=\"caption-attachment-37883\" class=\"wp-caption-text\">Reobrix 22020 RC teleskoparmsgaffeltruck med 2260 stk<\/figcaption><\/figure>\n<figure id=\"attachment_37884\" aria-describedby=\"caption-attachment-37884\" style=\"width: 800px\" class=\"wp-caption aligncenter\"><img loading=\"lazy\" decoding=\"async\" class=\"wp-image-37884 size-full\" src=\"https:\/\/mouldking.store\/wp-content\/uploads\/2022\/12\/Reobrix-22020-RC-Telescopic-Arm-Forklift-6.jpg\" alt=\"Reobrix 22020 RC Telescopic Arm Forklift With 2260pcs\" width=\"800\" height=\"800\" title=\"-\" srcset=\"https:\/\/mouldking.store\/wp-content\/uploads\/2022\/12\/Reobrix-22020-RC-Telescopic-Arm-Forklift-6.jpg 800w, https:\/\/mouldking.store\/wp-content\/uploads\/2022\/12\/Reobrix-22020-RC-Telescopic-Arm-Forklift-6-300x300.jpg 300w, https:\/\/mouldking.store\/wp-content\/uploads\/2022\/12\/Reobrix-22020-RC-Telescopic-Arm-Forklift-6-768x768.jpg 768w, https:\/\/mouldking.store\/wp-content\/uploads\/2022\/12\/Reobrix-22020-RC-Telescopic-Arm-Forklift-6-600x600.jpg 600w, https:\/\/mouldking.store\/wp-content\/uploads\/2022\/12\/Reobrix-22020-RC-Telescopic-Arm-Forklift-6-150x150.jpg 150w, https:\/\/mouldking.store\/wp-content\/uploads\/2022\/12\/Reobrix-22020-RC-Telescopic-Arm-Forklift-6-60x60.jpg 60w, https:\/\/mouldking.store\/wp-content\/uploads\/2022\/12\/Reobrix-22020-RC-Telescopic-Arm-Forklift-6-90x90.jpg 90w\" sizes=\"(max-width: 800px) 100vw, 800px\" \/><figcaption id=\"caption-attachment-37884\" class=\"wp-caption-text\">Reobrix 22020 RC teleskoparmsgaffeltruck med 2260 stk<\/figcaption><\/figure>\n<figure id=\"attachment_37885\" aria-describedby=\"caption-attachment-37885\" style=\"width: 800px\" class=\"wp-caption aligncenter\"><img loading=\"lazy\" decoding=\"async\" class=\"wp-image-37885 size-full\" src=\"https:\/\/mouldking.store\/wp-content\/uploads\/2022\/12\/Reobrix-22020-RC-Telescopic-Arm-Forklift-5.jpg\" alt=\"Reobrix 22020 RC Telescopic Arm Forklift With 2260pcs\" width=\"800\" height=\"800\" title=\"-\" srcset=\"https:\/\/mouldking.store\/wp-content\/uploads\/2022\/12\/Reobrix-22020-RC-Telescopic-Arm-Forklift-5.jpg 800w, https:\/\/mouldking.store\/wp-content\/uploads\/2022\/12\/Reobrix-22020-RC-Telescopic-Arm-Forklift-5-300x300.jpg 300w, https:\/\/mouldking.store\/wp-content\/uploads\/2022\/12\/Reobrix-22020-RC-Telescopic-Arm-Forklift-5-768x768.jpg 768w, https:\/\/mouldking.store\/wp-content\/uploads\/2022\/12\/Reobrix-22020-RC-Telescopic-Arm-Forklift-5-600x600.jpg 600w, https:\/\/mouldking.store\/wp-content\/uploads\/2022\/12\/Reobrix-22020-RC-Telescopic-Arm-Forklift-5-150x150.jpg 150w, https:\/\/mouldking.store\/wp-content\/uploads\/2022\/12\/Reobrix-22020-RC-Telescopic-Arm-Forklift-5-60x60.jpg 60w, https:\/\/mouldking.store\/wp-content\/uploads\/2022\/12\/Reobrix-22020-RC-Telescopic-Arm-Forklift-5-90x90.jpg 90w\" sizes=\"(max-width: 800px) 100vw, 800px\" \/><figcaption id=\"caption-attachment-37885\" class=\"wp-caption-text\">Reobrix 22020 RC teleskoparmsgaffeltruck med 2260 stk<\/figcaption><\/figure>\n<figure id=\"attachment_37886\" aria-describedby=\"caption-attachment-37886\" style=\"width: 746px\" class=\"wp-caption aligncenter\"><img loading=\"lazy\" decoding=\"async\" class=\"wp-image-37886 size-full\" src=\"https:\/\/mouldking.store\/wp-content\/uploads\/2022\/12\/Reobrix-22020-RC-Telescopic-Arm-Forklift-4.jpg\" alt=\"Reobrix 22020 RC Telescopic Arm Forklift With 2260pcs\" width=\"746\" height=\"1024\" title=\"-\" srcset=\"https:\/\/mouldking.store\/wp-content\/uploads\/2022\/12\/Reobrix-22020-RC-Telescopic-Arm-Forklift-4.jpg 746w, https:\/\/mouldking.store\/wp-content\/uploads\/2022\/12\/Reobrix-22020-RC-Telescopic-Arm-Forklift-4-219x300.jpg 219w, https:\/\/mouldking.store\/wp-content\/uploads\/2022\/12\/Reobrix-22020-RC-Telescopic-Arm-Forklift-4-300x412.jpg 300w, https:\/\/mouldking.store\/wp-content\/uploads\/2022\/12\/Reobrix-22020-RC-Telescopic-Arm-Forklift-4-600x824.jpg 600w, https:\/\/mouldking.store\/wp-content\/uploads\/2022\/12\/Reobrix-22020-RC-Telescopic-Arm-Forklift-4-109x150.jpg 109w, https:\/\/mouldking.store\/wp-content\/uploads\/2022\/12\/Reobrix-22020-RC-Telescopic-Arm-Forklift-4-44x60.jpg 44w, https:\/\/mouldking.store\/wp-content\/uploads\/2022\/12\/Reobrix-22020-RC-Telescopic-Arm-Forklift-4-66x90.jpg 66w\" sizes=\"(max-width: 746px) 100vw, 746px\" \/><figcaption id=\"caption-attachment-37886\" class=\"wp-caption-text\">Reobrix 22020 RC teleskoparmsgaffeltruck med 2260 stk<\/figcaption><\/figure>\n<figure id=\"attachment_37887\" aria-describedby=\"caption-attachment-37887\" style=\"width: 1024px\" class=\"wp-caption aligncenter\"><img loading=\"lazy\" decoding=\"async\" class=\"wp-image-37887 size-full\" src=\"https:\/\/mouldking.store\/wp-content\/uploads\/2022\/12\/Reobrix-22020-RC-Telescopic-Arm-Forklift-3.jpg\" alt=\"Reobrix 22020 RC Telescopic Arm Forklift With 2260pcs\" width=\"1024\" height=\"857\" title=\"-\" srcset=\"https:\/\/mouldking.store\/wp-content\/uploads\/2022\/12\/Reobrix-22020-RC-Telescopic-Arm-Forklift-3.jpg 1024w, https:\/\/mouldking.store\/wp-content\/uploads\/2022\/12\/Reobrix-22020-RC-Telescopic-Arm-Forklift-3-300x251.jpg 300w, https:\/\/mouldking.store\/wp-content\/uploads\/2022\/12\/Reobrix-22020-RC-Telescopic-Arm-Forklift-3-768x643.jpg 768w, https:\/\/mouldking.store\/wp-content\/uploads\/2022\/12\/Reobrix-22020-RC-Telescopic-Arm-Forklift-3-600x502.jpg 600w, https:\/\/mouldking.store\/wp-content\/uploads\/2022\/12\/Reobrix-22020-RC-Telescopic-Arm-Forklift-3-150x126.jpg 150w, https:\/\/mouldking.store\/wp-content\/uploads\/2022\/12\/Reobrix-22020-RC-Telescopic-Arm-Forklift-3-72x60.jpg 72w, https:\/\/mouldking.store\/wp-content\/uploads\/2022\/12\/Reobrix-22020-RC-Telescopic-Arm-Forklift-3-108x90.jpg 108w\" sizes=\"(max-width: 1024px) 100vw, 1024px\" \/><figcaption id=\"caption-attachment-37887\" class=\"wp-caption-text\">Reobrix 22020 RC teleskoparmsgaffeltruck med 2260 stk<\/figcaption><\/figure>\n<figure id=\"attachment_37888\" aria-describedby=\"caption-attachment-37888\" style=\"width: 892px\" class=\"wp-caption aligncenter\"><img loading=\"lazy\" decoding=\"async\" class=\"wp-image-37888 size-full\" src=\"https:\/\/mouldking.store\/wp-content\/uploads\/2022\/12\/Reobrix-22020-RC-Telescopic-Arm-Forklift-2.jpg\" alt=\"Reobrix 22020 RC Telescopic Arm Forklift With 2260pcs\" width=\"892\" height=\"1024\" title=\"-\" srcset=\"https:\/\/mouldking.store\/wp-content\/uploads\/2022\/12\/Reobrix-22020-RC-Telescopic-Arm-Forklift-2.jpg 892w, https:\/\/mouldking.store\/wp-content\/uploads\/2022\/12\/Reobrix-22020-RC-Telescopic-Arm-Forklift-2-261x300.jpg 261w, https:\/\/mouldking.store\/wp-content\/uploads\/2022\/12\/Reobrix-22020-RC-Telescopic-Arm-Forklift-2-768x882.jpg 768w, https:\/\/mouldking.store\/wp-content\/uploads\/2022\/12\/Reobrix-22020-RC-Telescopic-Arm-Forklift-2-300x344.jpg 300w, https:\/\/mouldking.store\/wp-content\/uploads\/2022\/12\/Reobrix-22020-RC-Telescopic-Arm-Forklift-2-600x689.jpg 600w, https:\/\/mouldking.store\/wp-content\/uploads\/2022\/12\/Reobrix-22020-RC-Telescopic-Arm-Forklift-2-131x150.jpg 131w, https:\/\/mouldking.store\/wp-content\/uploads\/2022\/12\/Reobrix-22020-RC-Telescopic-Arm-Forklift-2-52x60.jpg 52w, https:\/\/mouldking.store\/wp-content\/uploads\/2022\/12\/Reobrix-22020-RC-Telescopic-Arm-Forklift-2-78x90.jpg 78w\" sizes=\"(max-width: 892px) 100vw, 892px\" \/><figcaption id=\"caption-attachment-37888\" class=\"wp-caption-text\">Reobrix 22020 RC teleskoparmsgaffeltruck med 2260 stk<\/figcaption><\/figure>\n<figure id=\"attachment_37889\" aria-describedby=\"caption-attachment-37889\" style=\"width: 719px\" class=\"wp-caption aligncenter\"><img loading=\"lazy\" decoding=\"async\" class=\"wp-image-37889 size-full\" src=\"https:\/\/mouldking.store\/wp-content\/uploads\/2022\/12\/Reobrix-22020-RC-Telescopic-Arm-Forklift-1.jpg\" alt=\"Reobrix 22020 RC Telescopic Arm Forklift With 2260pcs\" width=\"719\" height=\"1024\" title=\"-\" srcset=\"https:\/\/mouldking.store\/wp-content\/uploads\/2022\/12\/Reobrix-22020-RC-Telescopic-Arm-Forklift-1.jpg 719w, https:\/\/mouldking.store\/wp-content\/uploads\/2022\/12\/Reobrix-22020-RC-Telescopic-Arm-Forklift-1-211x300.jpg 211w, https:\/\/mouldking.store\/wp-content\/uploads\/2022\/12\/Reobrix-22020-RC-Telescopic-Arm-Forklift-1-300x427.jpg 300w, https:\/\/mouldking.store\/wp-content\/uploads\/2022\/12\/Reobrix-22020-RC-Telescopic-Arm-Forklift-1-600x855.jpg 600w, https:\/\/mouldking.store\/wp-content\/uploads\/2022\/12\/Reobrix-22020-RC-Telescopic-Arm-Forklift-1-105x150.jpg 105w, https:\/\/mouldking.store\/wp-content\/uploads\/2022\/12\/Reobrix-22020-RC-Telescopic-Arm-Forklift-1-42x60.jpg 42w, https:\/\/mouldking.store\/wp-content\/uploads\/2022\/12\/Reobrix-22020-RC-Telescopic-Arm-Forklift-1-63x90.jpg 63w\" sizes=\"(max-width: 719px) 100vw, 719px\" \/><figcaption id=\"caption-attachment-37889\" class=\"wp-caption-text\">Reobrix 22020 RC teleskoparmsgaffeltruck med 2260 stk<\/figcaption><\/figure>","protected":false},"excerpt":{"rendered":"<p>Product information: Brand: Reobrix Gender: Unisex Name: RC Telescopic Arm Forklift Age Range: &gt; 6 years old Model Number: 22020 Classification: Assemblage Plastic Block Shape: Self-Locking Bricks Material: Plastic Plastic Type: ABS Bricks Blocks:2260PCS Size: 51 \u00d7 21 \u00d7 34.5 cm Contains detailed assembly instructions. Notice: 1. Without an original box, but we guarantee our [&hellip;]<\/p>","protected":false},"featured_media":37881,"comment_status":"closed","ping_status":"closed","template":"","meta":{"_acf_changed":false},"product_cat":[1357],"product_tag":[9392,9394,2779,9397,2669,9395,9398,9391,9393,9396],"class_list":["product","first","instock","shipping-taxable","purchasable","product-type-simple"],"acf":[],"_links":{"self":[{"href":"https:\/\/mouldking.store\/nb\/wp-json\/wp\/v2\/product\/37880","targetHints":{"allow":["GET"]}}],"collection":[{"href":"https:\/\/mouldking.store\/nb\/wp-json\/wp\/v2\/product"}],"about":[{"href":"https:\/\/mouldking.store\/nb\/wp-json\/wp\/v2\/types\/product"}],"replies":[{"embeddable":true,"href":"https:\/\/mouldking.store\/nb\/wp-json\/wp\/v2\/comments?post=37880"}],"wp:featuredmedia":[{"embeddable":true,"href":"https:\/\/mouldking.store\/nb\/wp-json\/wp\/v2\/media\/37881"}],"wp:attachment":[{"href":"https:\/\/mouldking.store\/nb\/wp-json\/wp\/v2\/media?parent=37880"}],"wp:term":[{"taxonomy":"product_cat","embeddable":true,"href":"https:\/\/mouldking.store\/nb\/wp-json\/wp\/v2\/product_cat?post=37880"},{"taxonomy":"product_tag","embeddable":true,"href":"https:\/\/mouldking.store\/nb\/wp-json\/wp\/v2\/product_tag?post=37880"}],"curies":[{"name":"wp","href":"https:\/\/api.w.org\/{rel}","templated":true}]}}