{"id":37943,"date":"2022-12-14T12:08:43","date_gmt":"2022-12-14T05:08:43","guid":{"rendered":"https:\/\/mouldking.store\/?post_type=product&#038;p=37943"},"modified":"2025-12-25T09:12:08","modified_gmt":"2025-12-25T02:12:08","slug":"moc-125965-replicator-cruiser-with-2046-pieces","status":"publish","type":"product","link":"https:\/\/mouldking.store\/nb\/shop\/moc-125965-replicator-cruiser-with-2046-pieces\/","title":{"rendered":"MOC-125965 Replikator Cruiser med 2046 deler"},"content":{"rendered":"<ol>\n<li>Merke: MOC<\/li>\n<li>Kj\u00f8nn: Unisex<\/li>\n<li>Navn: Replicator Cruiser<\/li>\n<li>Aldersgruppe: &gt; 6 \u00e5r gammel<\/li>\n<li>Modellnummer: 125965<\/li>\n<li>Klassifisering: Montering<\/li>\n<li>Plastblokkform: Selvl\u00e5sende murstein<\/li>\n<li>Materiale: Plast<\/li>\n<li>Plasttype: ABS<\/li>\n<li>Mursteinsblokker:2046 STK<\/li>\n<li>Inneholder detaljerte monteringsanvisninger.<\/li>\n<\/ol>\n<p>Legge merke til:<br \/>\n1. Uten original eske, men vi garanterer at v\u00e5re produkter har kvalitetssikring og pen emballasje.<br \/>\n2. Som alle delene vi har sjekket f\u00f8r frakt, s\u00e5 hvis du finner noen deler savnet eller skadet, ikke bekymre deg og bare kontakt oss, s\u00e5 kan vi sende dem til deg p\u00e5 nytt umiddelbart gratis.<\/p>\n<figure id=\"attachment_37944\" aria-describedby=\"caption-attachment-37944\" style=\"width: 1004px\" class=\"wp-caption aligncenter\"><img fetchpriority=\"high\" decoding=\"async\" class=\"wp-image-37944 size-full\" src=\"https:\/\/mouldking.store\/wp-content\/uploads\/2022\/12\/MOC-125965-Space-Replicator-Cruiser-MOC-FACTORY.png\" alt=\"MOC-125965 Replicator Cruiser With 2046 Pieces\" width=\"1004\" height=\"1004\" title=\"-\" srcset=\"https:\/\/mouldking.store\/wp-content\/uploads\/2022\/12\/MOC-125965-Space-Replicator-Cruiser-MOC-FACTORY.png 1004w, https:\/\/mouldking.store\/wp-content\/uploads\/2022\/12\/MOC-125965-Space-Replicator-Cruiser-MOC-FACTORY-300x300.png 300w, https:\/\/mouldking.store\/wp-content\/uploads\/2022\/12\/MOC-125965-Space-Replicator-Cruiser-MOC-FACTORY-768x768.png 768w, https:\/\/mouldking.store\/wp-content\/uploads\/2022\/12\/MOC-125965-Space-Replicator-Cruiser-MOC-FACTORY-600x600.png 600w, https:\/\/mouldking.store\/wp-content\/uploads\/2022\/12\/MOC-125965-Space-Replicator-Cruiser-MOC-FACTORY-150x150.png 150w, https:\/\/mouldking.store\/wp-content\/uploads\/2022\/12\/MOC-125965-Space-Replicator-Cruiser-MOC-FACTORY-60x60.png 60w, https:\/\/mouldking.store\/wp-content\/uploads\/2022\/12\/MOC-125965-Space-Replicator-Cruiser-MOC-FACTORY-90x90.png 90w\" sizes=\"(max-width: 1004px) 100vw, 1004px\" \/><figcaption id=\"caption-attachment-37944\" class=\"wp-caption-text\">MOC-125965 Replikator Cruiser med 2046 deler<\/figcaption><\/figure>\n<figure id=\"attachment_37945\" aria-describedby=\"caption-attachment-37945\" style=\"width: 1024px\" class=\"wp-caption aligncenter\"><img decoding=\"async\" class=\"wp-image-37945 size-large\" src=\"https:\/\/mouldking.store\/wp-content\/uploads\/2022\/12\/moc-125965-replicator-cruiser-space-wars_main-5-1024x1024.jpg\" alt=\"MOC-125965 Replicator Cruiser With 2046 Pieces\" width=\"1024\" height=\"1024\" title=\"-\" srcset=\"https:\/\/mouldking.store\/wp-content\/uploads\/2022\/12\/moc-125965-replicator-cruiser-space-wars_main-5-1024x1024.jpg 1024w, https:\/\/mouldking.store\/wp-content\/uploads\/2022\/12\/moc-125965-replicator-cruiser-space-wars_main-5-300x300.jpg 300w, https:\/\/mouldking.store\/wp-content\/uploads\/2022\/12\/moc-125965-replicator-cruiser-space-wars_main-5-768x768.jpg 768w, https:\/\/mouldking.store\/wp-content\/uploads\/2022\/12\/moc-125965-replicator-cruiser-space-wars_main-5-600x600.jpg 600w, https:\/\/mouldking.store\/wp-content\/uploads\/2022\/12\/moc-125965-replicator-cruiser-space-wars_main-5-150x150.jpg 150w, https:\/\/mouldking.store\/wp-content\/uploads\/2022\/12\/moc-125965-replicator-cruiser-space-wars_main-5-60x60.jpg 60w, https:\/\/mouldking.store\/wp-content\/uploads\/2022\/12\/moc-125965-replicator-cruiser-space-wars_main-5-90x90.jpg 90w, https:\/\/mouldking.store\/wp-content\/uploads\/2022\/12\/moc-125965-replicator-cruiser-space-wars_main-5.jpg 1100w\" sizes=\"(max-width: 1024px) 100vw, 1024px\" \/><figcaption id=\"caption-attachment-37945\" class=\"wp-caption-text\">MOC-125965 Replikator Cruiser med 2046 deler<\/figcaption><\/figure>\n<figure id=\"attachment_37946\" aria-describedby=\"caption-attachment-37946\" style=\"width: 1024px\" class=\"wp-caption aligncenter\"><img decoding=\"async\" class=\"wp-image-37946 size-large\" src=\"https:\/\/mouldking.store\/wp-content\/uploads\/2022\/12\/moc-125965-replicator-cruiser-space-wars_main-4-1024x1024.jpg\" alt=\"MOC-125965 Replicator Cruiser With 2046 Pieces\" width=\"1024\" height=\"1024\" title=\"-\" srcset=\"https:\/\/mouldking.store\/wp-content\/uploads\/2022\/12\/moc-125965-replicator-cruiser-space-wars_main-4-1024x1024.jpg 1024w, https:\/\/mouldking.store\/wp-content\/uploads\/2022\/12\/moc-125965-replicator-cruiser-space-wars_main-4-300x300.jpg 300w, https:\/\/mouldking.store\/wp-content\/uploads\/2022\/12\/moc-125965-replicator-cruiser-space-wars_main-4-768x768.jpg 768w, https:\/\/mouldking.store\/wp-content\/uploads\/2022\/12\/moc-125965-replicator-cruiser-space-wars_main-4-600x600.jpg 600w, https:\/\/mouldking.store\/wp-content\/uploads\/2022\/12\/moc-125965-replicator-cruiser-space-wars_main-4-150x150.jpg 150w, https:\/\/mouldking.store\/wp-content\/uploads\/2022\/12\/moc-125965-replicator-cruiser-space-wars_main-4-60x60.jpg 60w, https:\/\/mouldking.store\/wp-content\/uploads\/2022\/12\/moc-125965-replicator-cruiser-space-wars_main-4-90x90.jpg 90w, https:\/\/mouldking.store\/wp-content\/uploads\/2022\/12\/moc-125965-replicator-cruiser-space-wars_main-4.jpg 1100w\" sizes=\"(max-width: 1024px) 100vw, 1024px\" \/><figcaption id=\"caption-attachment-37946\" class=\"wp-caption-text\">MOC-125965 Replikator Cruiser med 2046 deler<\/figcaption><\/figure>\n<figure id=\"attachment_37947\" aria-describedby=\"caption-attachment-37947\" style=\"width: 1024px\" class=\"wp-caption aligncenter\"><img loading=\"lazy\" decoding=\"async\" class=\"wp-image-37947 size-large\" src=\"https:\/\/mouldking.store\/wp-content\/uploads\/2022\/12\/moc-125965-replicator-cruiser-space-wars_main-3-1024x1024.jpg\" alt=\"MOC-125965 Replicator Cruiser With 2046 Pieces\" width=\"1024\" height=\"1024\" title=\"-\" srcset=\"https:\/\/mouldking.store\/wp-content\/uploads\/2022\/12\/moc-125965-replicator-cruiser-space-wars_main-3-1024x1024.jpg 1024w, https:\/\/mouldking.store\/wp-content\/uploads\/2022\/12\/moc-125965-replicator-cruiser-space-wars_main-3-300x300.jpg 300w, https:\/\/mouldking.store\/wp-content\/uploads\/2022\/12\/moc-125965-replicator-cruiser-space-wars_main-3-768x768.jpg 768w, https:\/\/mouldking.store\/wp-content\/uploads\/2022\/12\/moc-125965-replicator-cruiser-space-wars_main-3-600x600.jpg 600w, https:\/\/mouldking.store\/wp-content\/uploads\/2022\/12\/moc-125965-replicator-cruiser-space-wars_main-3-150x150.jpg 150w, https:\/\/mouldking.store\/wp-content\/uploads\/2022\/12\/moc-125965-replicator-cruiser-space-wars_main-3-60x60.jpg 60w, https:\/\/mouldking.store\/wp-content\/uploads\/2022\/12\/moc-125965-replicator-cruiser-space-wars_main-3-90x90.jpg 90w, https:\/\/mouldking.store\/wp-content\/uploads\/2022\/12\/moc-125965-replicator-cruiser-space-wars_main-3.jpg 1100w\" sizes=\"(max-width: 1024px) 100vw, 1024px\" \/><figcaption id=\"caption-attachment-37947\" class=\"wp-caption-text\">MOC-125965 Replikator Cruiser med 2046 deler<\/figcaption><\/figure>\n<figure id=\"attachment_37948\" aria-describedby=\"caption-attachment-37948\" style=\"width: 1024px\" class=\"wp-caption aligncenter\"><img loading=\"lazy\" decoding=\"async\" class=\"wp-image-37948 size-large\" src=\"https:\/\/mouldking.store\/wp-content\/uploads\/2022\/12\/moc-125965-replicator-cruiser-space-wars_main-2-1024x1024.jpg\" alt=\"MOC-125965 Replicator Cruiser With 2046 Pieces\" width=\"1024\" height=\"1024\" title=\"-\" srcset=\"https:\/\/mouldking.store\/wp-content\/uploads\/2022\/12\/moc-125965-replicator-cruiser-space-wars_main-2-1024x1024.jpg 1024w, https:\/\/mouldking.store\/wp-content\/uploads\/2022\/12\/moc-125965-replicator-cruiser-space-wars_main-2-300x300.jpg 300w, https:\/\/mouldking.store\/wp-content\/uploads\/2022\/12\/moc-125965-replicator-cruiser-space-wars_main-2-768x768.jpg 768w, https:\/\/mouldking.store\/wp-content\/uploads\/2022\/12\/moc-125965-replicator-cruiser-space-wars_main-2-600x600.jpg 600w, https:\/\/mouldking.store\/wp-content\/uploads\/2022\/12\/moc-125965-replicator-cruiser-space-wars_main-2-150x150.jpg 150w, https:\/\/mouldking.store\/wp-content\/uploads\/2022\/12\/moc-125965-replicator-cruiser-space-wars_main-2-60x60.jpg 60w, https:\/\/mouldking.store\/wp-content\/uploads\/2022\/12\/moc-125965-replicator-cruiser-space-wars_main-2-90x90.jpg 90w, https:\/\/mouldking.store\/wp-content\/uploads\/2022\/12\/moc-125965-replicator-cruiser-space-wars_main-2.jpg 1100w\" sizes=\"(max-width: 1024px) 100vw, 1024px\" \/><figcaption id=\"caption-attachment-37948\" class=\"wp-caption-text\">MOC-125965 Replikator Cruiser med 2046 deler<\/figcaption><\/figure>\n<figure id=\"attachment_37949\" aria-describedby=\"caption-attachment-37949\" style=\"width: 1024px\" class=\"wp-caption aligncenter\"><img loading=\"lazy\" decoding=\"async\" class=\"wp-image-37949 size-large\" src=\"https:\/\/mouldking.store\/wp-content\/uploads\/2022\/12\/moc-125965-replicator-cruiser-space-wars_main-1-1024x1024.jpg\" alt=\"MOC-125965 Replicator Cruiser With 2046 Pieces\" width=\"1024\" height=\"1024\" title=\"-\" srcset=\"https:\/\/mouldking.store\/wp-content\/uploads\/2022\/12\/moc-125965-replicator-cruiser-space-wars_main-1-1024x1024.jpg 1024w, https:\/\/mouldking.store\/wp-content\/uploads\/2022\/12\/moc-125965-replicator-cruiser-space-wars_main-1-300x300.jpg 300w, https:\/\/mouldking.store\/wp-content\/uploads\/2022\/12\/moc-125965-replicator-cruiser-space-wars_main-1-768x768.jpg 768w, https:\/\/mouldking.store\/wp-content\/uploads\/2022\/12\/moc-125965-replicator-cruiser-space-wars_main-1-600x600.jpg 600w, https:\/\/mouldking.store\/wp-content\/uploads\/2022\/12\/moc-125965-replicator-cruiser-space-wars_main-1-150x150.jpg 150w, https:\/\/mouldking.store\/wp-content\/uploads\/2022\/12\/moc-125965-replicator-cruiser-space-wars_main-1-60x60.jpg 60w, https:\/\/mouldking.store\/wp-content\/uploads\/2022\/12\/moc-125965-replicator-cruiser-space-wars_main-1-90x90.jpg 90w, https:\/\/mouldking.store\/wp-content\/uploads\/2022\/12\/moc-125965-replicator-cruiser-space-wars_main-1.jpg 1100w\" sizes=\"(max-width: 1024px) 100vw, 1024px\" \/><figcaption id=\"caption-attachment-37949\" class=\"wp-caption-text\">MOC-125965 Replikator Cruiser med 2046 deler<\/figcaption><\/figure>\n<figure id=\"attachment_37950\" aria-describedby=\"caption-attachment-37950\" style=\"width: 1024px\" class=\"wp-caption aligncenter\"><img loading=\"lazy\" decoding=\"async\" class=\"wp-image-37950 size-large\" src=\"https:\/\/mouldking.store\/wp-content\/uploads\/2022\/12\/moc-125965-replicator-cruiser-space-wars_main-0-1024x1024.jpg\" alt=\"MOC-125965 Replicator Cruiser With 2046 Pieces\" width=\"1024\" height=\"1024\" title=\"-\" srcset=\"https:\/\/mouldking.store\/wp-content\/uploads\/2022\/12\/moc-125965-replicator-cruiser-space-wars_main-0-1024x1024.jpg 1024w, https:\/\/mouldking.store\/wp-content\/uploads\/2022\/12\/moc-125965-replicator-cruiser-space-wars_main-0-300x300.jpg 300w, https:\/\/mouldking.store\/wp-content\/uploads\/2022\/12\/moc-125965-replicator-cruiser-space-wars_main-0-768x768.jpg 768w, https:\/\/mouldking.store\/wp-content\/uploads\/2022\/12\/moc-125965-replicator-cruiser-space-wars_main-0-600x600.jpg 600w, https:\/\/mouldking.store\/wp-content\/uploads\/2022\/12\/moc-125965-replicator-cruiser-space-wars_main-0-150x150.jpg 150w, https:\/\/mouldking.store\/wp-content\/uploads\/2022\/12\/moc-125965-replicator-cruiser-space-wars_main-0-60x60.jpg 60w, https:\/\/mouldking.store\/wp-content\/uploads\/2022\/12\/moc-125965-replicator-cruiser-space-wars_main-0-90x90.jpg 90w, https:\/\/mouldking.store\/wp-content\/uploads\/2022\/12\/moc-125965-replicator-cruiser-space-wars_main-0.jpg 1100w\" sizes=\"(max-width: 1024px) 100vw, 1024px\" \/><figcaption id=\"caption-attachment-37950\" class=\"wp-caption-text\">MOC-125965 Replikator Cruiser med 2046 deler<\/figcaption><\/figure>","protected":false},"excerpt":{"rendered":"<p>Byggeveiledning i pdf<\/p>\n<p>Uten originaleske<\/p>\n<p>Tidsbestemt: 4-8 uker<\/p>","protected":false},"featured_media":37944,"comment_status":"closed","ping_status":"closed","template":"","meta":{"_acf_changed":false},"product_cat":[1406,6016],"product_tag":[5541,430,9444,9446,9442,9443,9445],"class_list":["product","first","instock","shipping-taxable","purchasable","product-type-simple"],"acf":[],"_links":{"self":[{"href":"https:\/\/mouldking.store\/nb\/wp-json\/wp\/v2\/product\/37943","targetHints":{"allow":["GET"]}}],"collection":[{"href":"https:\/\/mouldking.store\/nb\/wp-json\/wp\/v2\/product"}],"about":[{"href":"https:\/\/mouldking.store\/nb\/wp-json\/wp\/v2\/types\/product"}],"replies":[{"embeddable":true,"href":"https:\/\/mouldking.store\/nb\/wp-json\/wp\/v2\/comments?post=37943"}],"wp:featuredmedia":[{"embeddable":true,"href":"https:\/\/mouldking.store\/nb\/wp-json\/wp\/v2\/media\/37944"}],"wp:attachment":[{"href":"https:\/\/mouldking.store\/nb\/wp-json\/wp\/v2\/media?parent=37943"}],"wp:term":[{"taxonomy":"product_cat","embeddable":true,"href":"https:\/\/mouldking.store\/nb\/wp-json\/wp\/v2\/product_cat?post=37943"},{"taxonomy":"product_tag","embeddable":true,"href":"https:\/\/mouldking.store\/nb\/wp-json\/wp\/v2\/product_tag?post=37943"}],"curies":[{"name":"wp","href":"https:\/\/api.w.org\/{rel}","templated":true}]}}