{"id":37966,"date":"2022-12-14T12:29:15","date_gmt":"2022-12-14T05:29:15","guid":{"rendered":"https:\/\/mouldking.store\/?post_type=product&#038;p=37966"},"modified":"2025-12-25T09:12:08","modified_gmt":"2025-12-25T02:12:08","slug":"moc-126363-ori-warship-with-1418-pieces","status":"publish","type":"product","link":"https:\/\/mouldking.store\/nb\/shop\/moc-126363-ori-warship-with-1418-pieces\/","title":{"rendered":"MOC-126363 Ori krigsskip med 1418 deler"},"content":{"rendered":"<ol>\n<li>Merke: MOC<\/li>\n<li>Kj\u00f8nn: Unisex<\/li>\n<li>Navn: Ori krigsskip<\/li>\n<li>Aldersgruppe: &gt; 6 \u00e5r gammel<\/li>\n<li>Modellnummer: 126363<\/li>\n<li>Klassifisering: Montering<\/li>\n<li>Plastblokkform: Selvl\u00e5sende murstein<\/li>\n<li>Materiale: Plast<\/li>\n<li>Plasttype: ABS<\/li>\n<li>Mursteinblokker: 1418 STK<\/li>\n<li>Inneholder detaljerte monteringsanvisninger.<\/li>\n<\/ol>\n<p>Legge merke til:<br \/>\n1. Uten original eske, men vi garanterer at v\u00e5re produkter har kvalitetssikring og pen emballasje.<br \/>\n2. Som alle delene vi har sjekket f\u00f8r frakt, s\u00e5 hvis du finner noen deler savnet eller skadet, ikke bekymre deg og bare kontakt oss, s\u00e5 kan vi sende dem til deg p\u00e5 nytt umiddelbart gratis.<\/p>\n<figure id=\"attachment_37967\" aria-describedby=\"caption-attachment-37967\" style=\"width: 1004px\" class=\"wp-caption aligncenter\"><img fetchpriority=\"high\" decoding=\"async\" class=\"wp-image-37967 size-full\" src=\"https:\/\/mouldking.store\/wp-content\/uploads\/2022\/12\/MOC-126363-Space-Ori-Warship-MOC-FACTORY.png\" alt=\"MOC-126363 Ori Warship With 1418 Pieces\" width=\"1004\" height=\"1004\" title=\"-\" srcset=\"https:\/\/mouldking.store\/wp-content\/uploads\/2022\/12\/MOC-126363-Space-Ori-Warship-MOC-FACTORY.png 1004w, https:\/\/mouldking.store\/wp-content\/uploads\/2022\/12\/MOC-126363-Space-Ori-Warship-MOC-FACTORY-300x300.png 300w, https:\/\/mouldking.store\/wp-content\/uploads\/2022\/12\/MOC-126363-Space-Ori-Warship-MOC-FACTORY-768x768.png 768w, https:\/\/mouldking.store\/wp-content\/uploads\/2022\/12\/MOC-126363-Space-Ori-Warship-MOC-FACTORY-600x600.png 600w, https:\/\/mouldking.store\/wp-content\/uploads\/2022\/12\/MOC-126363-Space-Ori-Warship-MOC-FACTORY-150x150.png 150w, https:\/\/mouldking.store\/wp-content\/uploads\/2022\/12\/MOC-126363-Space-Ori-Warship-MOC-FACTORY-60x60.png 60w, https:\/\/mouldking.store\/wp-content\/uploads\/2022\/12\/MOC-126363-Space-Ori-Warship-MOC-FACTORY-90x90.png 90w\" sizes=\"(max-width: 1004px) 100vw, 1004px\" \/><figcaption id=\"caption-attachment-37967\" class=\"wp-caption-text\">MOC-126363 Ori krigsskip med 1418 deler<\/figcaption><\/figure>\n<figure id=\"attachment_37968\" aria-describedby=\"caption-attachment-37968\" style=\"width: 1024px\" class=\"wp-caption aligncenter\"><img decoding=\"async\" class=\"wp-image-37968 size-large\" src=\"https:\/\/mouldking.store\/wp-content\/uploads\/2022\/12\/authorized-moc-126363-ori-warship-space_main-5-1024x1024.jpg\" alt=\"MOC-126363 Ori Warship With 1418 Pieces\" width=\"1024\" height=\"1024\" title=\"-\" srcset=\"https:\/\/mouldking.store\/wp-content\/uploads\/2022\/12\/authorized-moc-126363-ori-warship-space_main-5-1024x1024.jpg 1024w, https:\/\/mouldking.store\/wp-content\/uploads\/2022\/12\/authorized-moc-126363-ori-warship-space_main-5-300x300.jpg 300w, https:\/\/mouldking.store\/wp-content\/uploads\/2022\/12\/authorized-moc-126363-ori-warship-space_main-5-768x768.jpg 768w, https:\/\/mouldking.store\/wp-content\/uploads\/2022\/12\/authorized-moc-126363-ori-warship-space_main-5-600x600.jpg 600w, https:\/\/mouldking.store\/wp-content\/uploads\/2022\/12\/authorized-moc-126363-ori-warship-space_main-5-150x150.jpg 150w, https:\/\/mouldking.store\/wp-content\/uploads\/2022\/12\/authorized-moc-126363-ori-warship-space_main-5-60x60.jpg 60w, https:\/\/mouldking.store\/wp-content\/uploads\/2022\/12\/authorized-moc-126363-ori-warship-space_main-5-90x90.jpg 90w, https:\/\/mouldking.store\/wp-content\/uploads\/2022\/12\/authorized-moc-126363-ori-warship-space_main-5.jpg 1100w\" sizes=\"(max-width: 1024px) 100vw, 1024px\" \/><figcaption id=\"caption-attachment-37968\" class=\"wp-caption-text\">MOC-126363 Ori krigsskip med 1418 deler<\/figcaption><\/figure>\n<figure id=\"attachment_37969\" aria-describedby=\"caption-attachment-37969\" style=\"width: 1024px\" class=\"wp-caption aligncenter\"><img decoding=\"async\" class=\"wp-image-37969 size-large\" src=\"https:\/\/mouldking.store\/wp-content\/uploads\/2022\/12\/authorized-moc-126363-ori-warship-space_main-4-1024x1024.jpg\" alt=\"MOC-126363 Ori Warship With 1418 Pieces\" width=\"1024\" height=\"1024\" title=\"-\" srcset=\"https:\/\/mouldking.store\/wp-content\/uploads\/2022\/12\/authorized-moc-126363-ori-warship-space_main-4-1024x1024.jpg 1024w, https:\/\/mouldking.store\/wp-content\/uploads\/2022\/12\/authorized-moc-126363-ori-warship-space_main-4-300x300.jpg 300w, https:\/\/mouldking.store\/wp-content\/uploads\/2022\/12\/authorized-moc-126363-ori-warship-space_main-4-768x768.jpg 768w, https:\/\/mouldking.store\/wp-content\/uploads\/2022\/12\/authorized-moc-126363-ori-warship-space_main-4-600x600.jpg 600w, https:\/\/mouldking.store\/wp-content\/uploads\/2022\/12\/authorized-moc-126363-ori-warship-space_main-4-150x150.jpg 150w, https:\/\/mouldking.store\/wp-content\/uploads\/2022\/12\/authorized-moc-126363-ori-warship-space_main-4-60x60.jpg 60w, https:\/\/mouldking.store\/wp-content\/uploads\/2022\/12\/authorized-moc-126363-ori-warship-space_main-4-90x90.jpg 90w, https:\/\/mouldking.store\/wp-content\/uploads\/2022\/12\/authorized-moc-126363-ori-warship-space_main-4.jpg 1100w\" sizes=\"(max-width: 1024px) 100vw, 1024px\" \/><figcaption id=\"caption-attachment-37969\" class=\"wp-caption-text\">MOC-126363 Ori krigsskip med 1418 deler<\/figcaption><\/figure>\n<figure id=\"attachment_37970\" aria-describedby=\"caption-attachment-37970\" style=\"width: 1024px\" class=\"wp-caption aligncenter\"><img loading=\"lazy\" decoding=\"async\" class=\"wp-image-37970 size-large\" src=\"https:\/\/mouldking.store\/wp-content\/uploads\/2022\/12\/authorized-moc-126363-ori-warship-space_main-3-1024x1024.jpg\" alt=\"MOC-126363 Ori Warship With 1418 Pieces\" width=\"1024\" height=\"1024\" title=\"-\" srcset=\"https:\/\/mouldking.store\/wp-content\/uploads\/2022\/12\/authorized-moc-126363-ori-warship-space_main-3-1024x1024.jpg 1024w, https:\/\/mouldking.store\/wp-content\/uploads\/2022\/12\/authorized-moc-126363-ori-warship-space_main-3-300x300.jpg 300w, https:\/\/mouldking.store\/wp-content\/uploads\/2022\/12\/authorized-moc-126363-ori-warship-space_main-3-768x768.jpg 768w, https:\/\/mouldking.store\/wp-content\/uploads\/2022\/12\/authorized-moc-126363-ori-warship-space_main-3-600x600.jpg 600w, https:\/\/mouldking.store\/wp-content\/uploads\/2022\/12\/authorized-moc-126363-ori-warship-space_main-3-150x150.jpg 150w, https:\/\/mouldking.store\/wp-content\/uploads\/2022\/12\/authorized-moc-126363-ori-warship-space_main-3-60x60.jpg 60w, https:\/\/mouldking.store\/wp-content\/uploads\/2022\/12\/authorized-moc-126363-ori-warship-space_main-3-90x90.jpg 90w, https:\/\/mouldking.store\/wp-content\/uploads\/2022\/12\/authorized-moc-126363-ori-warship-space_main-3.jpg 1100w\" sizes=\"(max-width: 1024px) 100vw, 1024px\" \/><figcaption id=\"caption-attachment-37970\" class=\"wp-caption-text\">MOC-126363 Ori krigsskip med 1418 deler<\/figcaption><\/figure>\n<figure id=\"attachment_37971\" aria-describedby=\"caption-attachment-37971\" style=\"width: 1024px\" class=\"wp-caption aligncenter\"><img loading=\"lazy\" decoding=\"async\" class=\"wp-image-37971 size-large\" src=\"https:\/\/mouldking.store\/wp-content\/uploads\/2022\/12\/authorized-moc-126363-ori-warship-space_main-2-1024x1024.jpg\" alt=\"MOC-126363 Ori Warship With 1418 Pieces\" width=\"1024\" height=\"1024\" title=\"-\" srcset=\"https:\/\/mouldking.store\/wp-content\/uploads\/2022\/12\/authorized-moc-126363-ori-warship-space_main-2-1024x1024.jpg 1024w, https:\/\/mouldking.store\/wp-content\/uploads\/2022\/12\/authorized-moc-126363-ori-warship-space_main-2-300x300.jpg 300w, https:\/\/mouldking.store\/wp-content\/uploads\/2022\/12\/authorized-moc-126363-ori-warship-space_main-2-768x768.jpg 768w, https:\/\/mouldking.store\/wp-content\/uploads\/2022\/12\/authorized-moc-126363-ori-warship-space_main-2-600x600.jpg 600w, https:\/\/mouldking.store\/wp-content\/uploads\/2022\/12\/authorized-moc-126363-ori-warship-space_main-2-150x150.jpg 150w, https:\/\/mouldking.store\/wp-content\/uploads\/2022\/12\/authorized-moc-126363-ori-warship-space_main-2-60x60.jpg 60w, https:\/\/mouldking.store\/wp-content\/uploads\/2022\/12\/authorized-moc-126363-ori-warship-space_main-2-90x90.jpg 90w, https:\/\/mouldking.store\/wp-content\/uploads\/2022\/12\/authorized-moc-126363-ori-warship-space_main-2.jpg 1100w\" sizes=\"(max-width: 1024px) 100vw, 1024px\" \/><figcaption id=\"caption-attachment-37971\" class=\"wp-caption-text\">MOC-126363 Ori krigsskip med 1418 deler<\/figcaption><\/figure>\n<figure id=\"attachment_37972\" aria-describedby=\"caption-attachment-37972\" style=\"width: 1024px\" class=\"wp-caption aligncenter\"><img loading=\"lazy\" decoding=\"async\" class=\"wp-image-37972 size-large\" src=\"https:\/\/mouldking.store\/wp-content\/uploads\/2022\/12\/authorized-moc-126363-ori-warship-space_main-1-1024x1024.jpg\" alt=\"MOC-126363 Ori Warship With 1418 Pieces\" width=\"1024\" height=\"1024\" title=\"-\" srcset=\"https:\/\/mouldking.store\/wp-content\/uploads\/2022\/12\/authorized-moc-126363-ori-warship-space_main-1-1024x1024.jpg 1024w, https:\/\/mouldking.store\/wp-content\/uploads\/2022\/12\/authorized-moc-126363-ori-warship-space_main-1-300x300.jpg 300w, https:\/\/mouldking.store\/wp-content\/uploads\/2022\/12\/authorized-moc-126363-ori-warship-space_main-1-768x768.jpg 768w, https:\/\/mouldking.store\/wp-content\/uploads\/2022\/12\/authorized-moc-126363-ori-warship-space_main-1-600x600.jpg 600w, https:\/\/mouldking.store\/wp-content\/uploads\/2022\/12\/authorized-moc-126363-ori-warship-space_main-1-150x150.jpg 150w, https:\/\/mouldking.store\/wp-content\/uploads\/2022\/12\/authorized-moc-126363-ori-warship-space_main-1-60x60.jpg 60w, https:\/\/mouldking.store\/wp-content\/uploads\/2022\/12\/authorized-moc-126363-ori-warship-space_main-1-90x90.jpg 90w, https:\/\/mouldking.store\/wp-content\/uploads\/2022\/12\/authorized-moc-126363-ori-warship-space_main-1.jpg 1100w\" sizes=\"(max-width: 1024px) 100vw, 1024px\" \/><figcaption id=\"caption-attachment-37972\" class=\"wp-caption-text\">MOC-126363 Ori krigsskip med 1418 deler<\/figcaption><\/figure>\n<figure id=\"attachment_37973\" aria-describedby=\"caption-attachment-37973\" style=\"width: 1024px\" class=\"wp-caption aligncenter\"><img loading=\"lazy\" decoding=\"async\" class=\"wp-image-37973 size-large\" src=\"https:\/\/mouldking.store\/wp-content\/uploads\/2022\/12\/authorized-moc-126363-ori-warship-space_main-0-1024x1024.jpg\" alt=\"MOC-126363 Ori Warship With 1418 Pieces\" width=\"1024\" height=\"1024\" title=\"-\" srcset=\"https:\/\/mouldking.store\/wp-content\/uploads\/2022\/12\/authorized-moc-126363-ori-warship-space_main-0-1024x1024.jpg 1024w, https:\/\/mouldking.store\/wp-content\/uploads\/2022\/12\/authorized-moc-126363-ori-warship-space_main-0-300x300.jpg 300w, https:\/\/mouldking.store\/wp-content\/uploads\/2022\/12\/authorized-moc-126363-ori-warship-space_main-0-768x768.jpg 768w, https:\/\/mouldking.store\/wp-content\/uploads\/2022\/12\/authorized-moc-126363-ori-warship-space_main-0-600x600.jpg 600w, https:\/\/mouldking.store\/wp-content\/uploads\/2022\/12\/authorized-moc-126363-ori-warship-space_main-0-150x150.jpg 150w, https:\/\/mouldking.store\/wp-content\/uploads\/2022\/12\/authorized-moc-126363-ori-warship-space_main-0-60x60.jpg 60w, https:\/\/mouldking.store\/wp-content\/uploads\/2022\/12\/authorized-moc-126363-ori-warship-space_main-0-90x90.jpg 90w, https:\/\/mouldking.store\/wp-content\/uploads\/2022\/12\/authorized-moc-126363-ori-warship-space_main-0.jpg 1100w\" sizes=\"(max-width: 1024px) 100vw, 1024px\" \/><figcaption id=\"caption-attachment-37973\" class=\"wp-caption-text\">MOC-126363 Ori krigsskip med 1418 deler<\/figcaption><\/figure>","protected":false},"excerpt":{"rendered":"<p>Byggeveiledning i pdf<\/p>\n<p>Uten originaleske<\/p>\n<p>Tidsbestemt: 4-8 uker<\/p>","protected":false},"featured_media":37967,"comment_status":"closed","ping_status":"closed","template":"","meta":{"_acf_changed":false},"product_cat":[1406,6016],"product_tag":[430,9457,9461,9456,9458,9460,9459],"class_list":["product","first","instock","shipping-taxable","purchasable","product-type-simple"],"acf":[],"_links":{"self":[{"href":"https:\/\/mouldking.store\/nb\/wp-json\/wp\/v2\/product\/37966","targetHints":{"allow":["GET"]}}],"collection":[{"href":"https:\/\/mouldking.store\/nb\/wp-json\/wp\/v2\/product"}],"about":[{"href":"https:\/\/mouldking.store\/nb\/wp-json\/wp\/v2\/types\/product"}],"replies":[{"embeddable":true,"href":"https:\/\/mouldking.store\/nb\/wp-json\/wp\/v2\/comments?post=37966"}],"wp:featuredmedia":[{"embeddable":true,"href":"https:\/\/mouldking.store\/nb\/wp-json\/wp\/v2\/media\/37967"}],"wp:attachment":[{"href":"https:\/\/mouldking.store\/nb\/wp-json\/wp\/v2\/media?parent=37966"}],"wp:term":[{"taxonomy":"product_cat","embeddable":true,"href":"https:\/\/mouldking.store\/nb\/wp-json\/wp\/v2\/product_cat?post=37966"},{"taxonomy":"product_tag","embeddable":true,"href":"https:\/\/mouldking.store\/nb\/wp-json\/wp\/v2\/product_tag?post=37966"}],"curies":[{"name":"wp","href":"https:\/\/api.w.org\/{rel}","templated":true}]}}