{"id":38187,"date":"2022-12-21T10:55:58","date_gmt":"2022-12-21T03:55:58","guid":{"rendered":"https:\/\/mouldking.store\/?post_type=product&#038;p=38187"},"modified":"2025-12-25T09:12:05","modified_gmt":"2025-12-25T02:12:05","slug":"moc-92280-curved-roof-train-station-with-3348pcs","status":"publish","type":"product","link":"https:\/\/mouldking.store\/nb\/shop\/moc-92280-curved-roof-train-station-with-3348pcs\/","title":{"rendered":"MOC-92280 Togstasjon med kurvet tak med 3348 STK"},"content":{"rendered":"<ol>\n<li>Merke: MOC<\/li>\n<li>Kj\u00f8nn: Unisex<\/li>\n<li>Navn: Curved Roof Train Station<\/li>\n<li>Aldersgruppe: &gt; 6 \u00e5r gammel<\/li>\n<li>Modellnummer: 92280<\/li>\n<li>Klassifisering: Montering<\/li>\n<li>Plastblokkform: Selvl\u00e5sende murstein<\/li>\n<li>Materiale: Plast<\/li>\n<li>Plasttype: ABS<\/li>\n<li>Mursteinsblokker: 3348 STK<\/li>\n<li>Vekt: 3000g<\/li>\n<li>Inneholder detaljerte monteringsanvisninger.<\/li>\n<\/ol>\n<p>Legge merke til:<br \/>\n1. Uten original eske, men vi garanterer at v\u00e5re produkter har kvalitetssikring og pen emballasje.<br \/>\n2. Som alle delene vi har sjekket f\u00f8r frakt, s\u00e5 hvis du finner noen deler savnet eller skadet, ikke bekymre deg og bare kontakt oss, s\u00e5 kan vi sende dem til deg p\u00e5 nytt umiddelbart gratis.<\/p>\n<figure id=\"attachment_38192\" aria-describedby=\"caption-attachment-38192\" style=\"width: 1024px\" class=\"wp-caption aligncenter\"><img fetchpriority=\"high\" decoding=\"async\" class=\"wp-image-38192 size-large\" src=\"https:\/\/mouldking.store\/wp-content\/uploads\/2022\/12\/MOC-92280-Curved-Roof-Train-Station-1024x1024.png\" alt=\"MOC-92280 Curved Roof Train Station With 3348PCS\" width=\"1024\" height=\"1024\" title=\"-\" srcset=\"https:\/\/mouldking.store\/wp-content\/uploads\/2022\/12\/MOC-92280-Curved-Roof-Train-Station-1024x1024.png 1024w, https:\/\/mouldking.store\/wp-content\/uploads\/2022\/12\/MOC-92280-Curved-Roof-Train-Station-300x300.png 300w, https:\/\/mouldking.store\/wp-content\/uploads\/2022\/12\/MOC-92280-Curved-Roof-Train-Station-768x768.png 768w, https:\/\/mouldking.store\/wp-content\/uploads\/2022\/12\/MOC-92280-Curved-Roof-Train-Station-600x600.png 600w, https:\/\/mouldking.store\/wp-content\/uploads\/2022\/12\/MOC-92280-Curved-Roof-Train-Station-150x150.png 150w, https:\/\/mouldking.store\/wp-content\/uploads\/2022\/12\/MOC-92280-Curved-Roof-Train-Station-60x60.png 60w, https:\/\/mouldking.store\/wp-content\/uploads\/2022\/12\/MOC-92280-Curved-Roof-Train-Station-90x90.png 90w, https:\/\/mouldking.store\/wp-content\/uploads\/2022\/12\/MOC-92280-Curved-Roof-Train-Station.png 1095w\" sizes=\"(max-width: 1024px) 100vw, 1024px\" \/><figcaption id=\"caption-attachment-38192\" class=\"wp-caption-text\">MOC-92280 Togstasjon med kurvet tak med 3348 STK<\/figcaption><\/figure>\n<figure id=\"attachment_38193\" aria-describedby=\"caption-attachment-38193\" style=\"width: 1024px\" class=\"wp-caption aligncenter\"><img decoding=\"async\" class=\"wp-image-38193 size-large\" src=\"https:\/\/mouldking.store\/wp-content\/uploads\/2022\/12\/Curved-Roof-Train-Station-MOC-92280-3-1024x1024.jpg\" alt=\"MOC-92280 Curved Roof Train Station With 3348PCS\" width=\"1024\" height=\"1024\" title=\"-\" srcset=\"https:\/\/mouldking.store\/wp-content\/uploads\/2022\/12\/Curved-Roof-Train-Station-MOC-92280-3-1024x1024.jpg 1024w, https:\/\/mouldking.store\/wp-content\/uploads\/2022\/12\/Curved-Roof-Train-Station-MOC-92280-3-300x300.jpg 300w, https:\/\/mouldking.store\/wp-content\/uploads\/2022\/12\/Curved-Roof-Train-Station-MOC-92280-3-768x768.jpg 768w, https:\/\/mouldking.store\/wp-content\/uploads\/2022\/12\/Curved-Roof-Train-Station-MOC-92280-3-600x600.jpg 600w, https:\/\/mouldking.store\/wp-content\/uploads\/2022\/12\/Curved-Roof-Train-Station-MOC-92280-3-150x150.jpg 150w, https:\/\/mouldking.store\/wp-content\/uploads\/2022\/12\/Curved-Roof-Train-Station-MOC-92280-3-60x60.jpg 60w, https:\/\/mouldking.store\/wp-content\/uploads\/2022\/12\/Curved-Roof-Train-Station-MOC-92280-3-90x90.jpg 90w, https:\/\/mouldking.store\/wp-content\/uploads\/2022\/12\/Curved-Roof-Train-Station-MOC-92280-3.jpg 1100w\" sizes=\"(max-width: 1024px) 100vw, 1024px\" \/><figcaption id=\"caption-attachment-38193\" class=\"wp-caption-text\">MOC-92280 Togstasjon med kurvet tak med 3348 STK<\/figcaption><\/figure>\n<figure id=\"attachment_38194\" aria-describedby=\"caption-attachment-38194\" style=\"width: 1024px\" class=\"wp-caption aligncenter\"><img decoding=\"async\" class=\"wp-image-38194 size-large\" src=\"https:\/\/mouldking.store\/wp-content\/uploads\/2022\/12\/Curved-Roof-Train-Station-MOC-92280-2-1024x1024.jpg\" alt=\"MOC-92280 Curved Roof Train Station With 3348PCS\" width=\"1024\" height=\"1024\" title=\"-\" srcset=\"https:\/\/mouldking.store\/wp-content\/uploads\/2022\/12\/Curved-Roof-Train-Station-MOC-92280-2-1024x1024.jpg 1024w, https:\/\/mouldking.store\/wp-content\/uploads\/2022\/12\/Curved-Roof-Train-Station-MOC-92280-2-300x300.jpg 300w, https:\/\/mouldking.store\/wp-content\/uploads\/2022\/12\/Curved-Roof-Train-Station-MOC-92280-2-768x768.jpg 768w, https:\/\/mouldking.store\/wp-content\/uploads\/2022\/12\/Curved-Roof-Train-Station-MOC-92280-2-600x600.jpg 600w, https:\/\/mouldking.store\/wp-content\/uploads\/2022\/12\/Curved-Roof-Train-Station-MOC-92280-2-150x150.jpg 150w, https:\/\/mouldking.store\/wp-content\/uploads\/2022\/12\/Curved-Roof-Train-Station-MOC-92280-2-60x60.jpg 60w, https:\/\/mouldking.store\/wp-content\/uploads\/2022\/12\/Curved-Roof-Train-Station-MOC-92280-2-90x90.jpg 90w, https:\/\/mouldking.store\/wp-content\/uploads\/2022\/12\/Curved-Roof-Train-Station-MOC-92280-2.jpg 1100w\" sizes=\"(max-width: 1024px) 100vw, 1024px\" \/><figcaption id=\"caption-attachment-38194\" class=\"wp-caption-text\">MOC-92280 Togstasjon med kurvet tak med 3348 STK<\/figcaption><\/figure>\n<figure id=\"attachment_38195\" aria-describedby=\"caption-attachment-38195\" style=\"width: 1024px\" class=\"wp-caption aligncenter\"><img loading=\"lazy\" decoding=\"async\" class=\"wp-image-38195 size-large\" src=\"https:\/\/mouldking.store\/wp-content\/uploads\/2022\/12\/Curved-Roof-Train-Station-MOC-92280-1-1024x1024.jpg\" alt=\"MOC-92280 Curved Roof Train Station With 3348PCS\" width=\"1024\" height=\"1024\" title=\"-\" srcset=\"https:\/\/mouldking.store\/wp-content\/uploads\/2022\/12\/Curved-Roof-Train-Station-MOC-92280-1-1024x1024.jpg 1024w, https:\/\/mouldking.store\/wp-content\/uploads\/2022\/12\/Curved-Roof-Train-Station-MOC-92280-1-300x300.jpg 300w, https:\/\/mouldking.store\/wp-content\/uploads\/2022\/12\/Curved-Roof-Train-Station-MOC-92280-1-768x768.jpg 768w, https:\/\/mouldking.store\/wp-content\/uploads\/2022\/12\/Curved-Roof-Train-Station-MOC-92280-1-600x600.jpg 600w, https:\/\/mouldking.store\/wp-content\/uploads\/2022\/12\/Curved-Roof-Train-Station-MOC-92280-1-150x150.jpg 150w, https:\/\/mouldking.store\/wp-content\/uploads\/2022\/12\/Curved-Roof-Train-Station-MOC-92280-1-60x60.jpg 60w, https:\/\/mouldking.store\/wp-content\/uploads\/2022\/12\/Curved-Roof-Train-Station-MOC-92280-1-90x90.jpg 90w, https:\/\/mouldking.store\/wp-content\/uploads\/2022\/12\/Curved-Roof-Train-Station-MOC-92280-1.jpg 1100w\" sizes=\"(max-width: 1024px) 100vw, 1024px\" \/><figcaption id=\"caption-attachment-38195\" class=\"wp-caption-text\">MOC-92280 Togstasjon med kurvet tak med 3348 STK<\/figcaption><\/figure>\n<figure id=\"attachment_38196\" aria-describedby=\"caption-attachment-38196\" style=\"width: 1024px\" class=\"wp-caption aligncenter\"><img loading=\"lazy\" decoding=\"async\" class=\"wp-image-38196 size-large\" src=\"https:\/\/mouldking.store\/wp-content\/uploads\/2022\/12\/Curved-Roof-Train-Station-MOC-92280-4-1024x1024.jpg\" alt=\"MOC-92280 Curved Roof Train Station With 3348PCS\" width=\"1024\" height=\"1024\" title=\"-\" srcset=\"https:\/\/mouldking.store\/wp-content\/uploads\/2022\/12\/Curved-Roof-Train-Station-MOC-92280-4-1024x1024.jpg 1024w, https:\/\/mouldking.store\/wp-content\/uploads\/2022\/12\/Curved-Roof-Train-Station-MOC-92280-4-300x300.jpg 300w, https:\/\/mouldking.store\/wp-content\/uploads\/2022\/12\/Curved-Roof-Train-Station-MOC-92280-4-768x768.jpg 768w, https:\/\/mouldking.store\/wp-content\/uploads\/2022\/12\/Curved-Roof-Train-Station-MOC-92280-4-600x600.jpg 600w, https:\/\/mouldking.store\/wp-content\/uploads\/2022\/12\/Curved-Roof-Train-Station-MOC-92280-4-150x150.jpg 150w, https:\/\/mouldking.store\/wp-content\/uploads\/2022\/12\/Curved-Roof-Train-Station-MOC-92280-4-60x60.jpg 60w, https:\/\/mouldking.store\/wp-content\/uploads\/2022\/12\/Curved-Roof-Train-Station-MOC-92280-4-90x90.jpg 90w, https:\/\/mouldking.store\/wp-content\/uploads\/2022\/12\/Curved-Roof-Train-Station-MOC-92280-4.jpg 1100w\" sizes=\"(max-width: 1024px) 100vw, 1024px\" \/><figcaption id=\"caption-attachment-38196\" class=\"wp-caption-text\">MOC-92280 Togstasjon med kurvet tak med 3348 STK<\/figcaption><\/figure>\n<figure id=\"attachment_38197\" aria-describedby=\"caption-attachment-38197\" style=\"width: 1024px\" class=\"wp-caption aligncenter\"><img loading=\"lazy\" decoding=\"async\" class=\"wp-image-38197 size-large\" src=\"https:\/\/mouldking.store\/wp-content\/uploads\/2022\/12\/Curved-Roof-Train-Station-MOC-92280-5-1024x1024.jpg\" alt=\"MOC-92280 Curved Roof Train Station With 3348PCS\" width=\"1024\" height=\"1024\" title=\"-\" srcset=\"https:\/\/mouldking.store\/wp-content\/uploads\/2022\/12\/Curved-Roof-Train-Station-MOC-92280-5-1024x1024.jpg 1024w, https:\/\/mouldking.store\/wp-content\/uploads\/2022\/12\/Curved-Roof-Train-Station-MOC-92280-5-300x300.jpg 300w, https:\/\/mouldking.store\/wp-content\/uploads\/2022\/12\/Curved-Roof-Train-Station-MOC-92280-5-768x768.jpg 768w, https:\/\/mouldking.store\/wp-content\/uploads\/2022\/12\/Curved-Roof-Train-Station-MOC-92280-5-600x600.jpg 600w, https:\/\/mouldking.store\/wp-content\/uploads\/2022\/12\/Curved-Roof-Train-Station-MOC-92280-5-150x150.jpg 150w, https:\/\/mouldking.store\/wp-content\/uploads\/2022\/12\/Curved-Roof-Train-Station-MOC-92280-5-60x60.jpg 60w, https:\/\/mouldking.store\/wp-content\/uploads\/2022\/12\/Curved-Roof-Train-Station-MOC-92280-5-90x90.jpg 90w, https:\/\/mouldking.store\/wp-content\/uploads\/2022\/12\/Curved-Roof-Train-Station-MOC-92280-5.jpg 1100w\" sizes=\"(max-width: 1024px) 100vw, 1024px\" \/><figcaption id=\"caption-attachment-38197\" class=\"wp-caption-text\">MOC-92280 Togstasjon med kurvet tak med 3348 STK<\/figcaption><\/figure>","protected":false},"excerpt":{"rendered":"<p>Brand: MOC Gender: Unisex Name: Curved Roof Train Station Age Range: &gt; 6 years old Model Number: 92280 Classification: Assemblage Plastic Block Shape: Self-Locking Bricks Material: Plastic Plastic Type: ABS Bricks Blocks:3348PCS Weight:3000g Contains detailed assembly instructions. Notice: 1. Without an original box, but we guarantee our products have quality assurance and nice packaging. 2. [&hellip;]<\/p>","protected":false},"featured_media":38192,"comment_status":"closed","ping_status":"closed","template":"","meta":{"_acf_changed":false},"product_cat":[1395,1357,1406],"product_tag":[9609,9611,9612,430,9608,9613,9607,9610,2309,300,9102],"class_list":["product","first","instock","shipping-taxable","purchasable","product-type-simple"],"acf":[],"_links":{"self":[{"href":"https:\/\/mouldking.store\/nb\/wp-json\/wp\/v2\/product\/38187","targetHints":{"allow":["GET"]}}],"collection":[{"href":"https:\/\/mouldking.store\/nb\/wp-json\/wp\/v2\/product"}],"about":[{"href":"https:\/\/mouldking.store\/nb\/wp-json\/wp\/v2\/types\/product"}],"replies":[{"embeddable":true,"href":"https:\/\/mouldking.store\/nb\/wp-json\/wp\/v2\/comments?post=38187"}],"wp:featuredmedia":[{"embeddable":true,"href":"https:\/\/mouldking.store\/nb\/wp-json\/wp\/v2\/media\/38192"}],"wp:attachment":[{"href":"https:\/\/mouldking.store\/nb\/wp-json\/wp\/v2\/media?parent=38187"}],"wp:term":[{"taxonomy":"product_cat","embeddable":true,"href":"https:\/\/mouldking.store\/nb\/wp-json\/wp\/v2\/product_cat?post=38187"},{"taxonomy":"product_tag","embeddable":true,"href":"https:\/\/mouldking.store\/nb\/wp-json\/wp\/v2\/product_tag?post=38187"}],"curies":[{"name":"wp","href":"https:\/\/api.w.org\/{rel}","templated":true}]}}