{"id":38226,"date":"2022-12-21T11:29:33","date_gmt":"2022-12-21T04:29:33","guid":{"rendered":"https:\/\/mouldking.store\/?post_type=product&#038;p=38226"},"modified":"2025-12-25T09:12:05","modified_gmt":"2025-12-25T02:12:05","slug":"moc-40456-uss-constitution-ship-with-1392pcs","status":"publish","type":"product","link":"https:\/\/mouldking.store\/nb\/shop\/moc-40456-uss-constitution-ship-with-1392pcs\/","title":{"rendered":"MOC-40456 USS Constitution Ship With 1392PCS"},"content":{"rendered":"<ol>\n<li>Merke: MOC<\/li>\n<li>Kj\u00f8nn: Unisex<\/li>\n<li>Name: USS Constitution Ship<\/li>\n<li>Aldersgruppe: &gt; 6 \u00e5r gammel<\/li>\n<li>Model Number: 40456<\/li>\n<li>Klassifisering: Montering<\/li>\n<li>Plastblokkform: Selvl\u00e5sende murstein<\/li>\n<li>Materiale: Plast<\/li>\n<li>Plasttype: ABS<\/li>\n<li>Bricks Blocks:1392PCS<\/li>\n<li>Size: 40 cm<\/li>\n<li>Vekt: 1400g<\/li>\n<li>Inneholder detaljerte monteringsanvisninger.<\/li>\n<\/ol>\n<p>Legge merke til:<br \/>\n1. Uten original eske, men vi garanterer at v\u00e5re produkter har kvalitetssikring og pen emballasje.<br \/>\n2. Som alle delene vi har sjekket f\u00f8r frakt, s\u00e5 hvis du finner noen deler savnet eller skadet, ikke bekymre deg og bare kontakt oss, s\u00e5 kan vi sende dem til deg p\u00e5 nytt umiddelbart gratis.<\/p>\n<figure id=\"attachment_38234\" aria-describedby=\"caption-attachment-38234\" style=\"width: 1024px\" class=\"wp-caption aligncenter\"><img fetchpriority=\"high\" decoding=\"async\" class=\"wp-image-38234 size-large\" src=\"https:\/\/mouldking.store\/wp-content\/uploads\/2022\/12\/MOC-40456-USS-Constitution-Ship-1024x1024.png\" alt=\"MOC-40456 USS Constitution Ship With 1392PCS\" width=\"1024\" height=\"1024\" title=\"-\" srcset=\"https:\/\/mouldking.store\/wp-content\/uploads\/2022\/12\/MOC-40456-USS-Constitution-Ship-1024x1024.png 1024w, https:\/\/mouldking.store\/wp-content\/uploads\/2022\/12\/MOC-40456-USS-Constitution-Ship-300x300.png 300w, https:\/\/mouldking.store\/wp-content\/uploads\/2022\/12\/MOC-40456-USS-Constitution-Ship-768x768.png 768w, https:\/\/mouldking.store\/wp-content\/uploads\/2022\/12\/MOC-40456-USS-Constitution-Ship-600x600.png 600w, https:\/\/mouldking.store\/wp-content\/uploads\/2022\/12\/MOC-40456-USS-Constitution-Ship-150x150.png 150w, https:\/\/mouldking.store\/wp-content\/uploads\/2022\/12\/MOC-40456-USS-Constitution-Ship-60x60.png 60w, https:\/\/mouldking.store\/wp-content\/uploads\/2022\/12\/MOC-40456-USS-Constitution-Ship-90x90.png 90w, https:\/\/mouldking.store\/wp-content\/uploads\/2022\/12\/MOC-40456-USS-Constitution-Ship.png 1095w\" sizes=\"(max-width: 1024px) 100vw, 1024px\" \/><figcaption id=\"caption-attachment-38234\" class=\"wp-caption-text\">MOC-40456 USS Constitution Ship With 1392PCS<\/figcaption><\/figure>\n<figure id=\"attachment_38235\" aria-describedby=\"caption-attachment-38235\" style=\"width: 1024px\" class=\"wp-caption aligncenter\"><img decoding=\"async\" class=\"wp-image-38235 size-large\" src=\"https:\/\/mouldking.store\/wp-content\/uploads\/2022\/12\/USS-Constitution-Ship-MOC-40456-1-1024x1024.jpg\" alt=\"MOC-40456 USS Constitution Ship With 1392PCS\" width=\"1024\" height=\"1024\" title=\"-\" srcset=\"https:\/\/mouldking.store\/wp-content\/uploads\/2022\/12\/USS-Constitution-Ship-MOC-40456-1-1024x1024.jpg 1024w, https:\/\/mouldking.store\/wp-content\/uploads\/2022\/12\/USS-Constitution-Ship-MOC-40456-1-300x300.jpg 300w, https:\/\/mouldking.store\/wp-content\/uploads\/2022\/12\/USS-Constitution-Ship-MOC-40456-1-768x768.jpg 768w, https:\/\/mouldking.store\/wp-content\/uploads\/2022\/12\/USS-Constitution-Ship-MOC-40456-1-600x600.jpg 600w, https:\/\/mouldking.store\/wp-content\/uploads\/2022\/12\/USS-Constitution-Ship-MOC-40456-1-150x150.jpg 150w, https:\/\/mouldking.store\/wp-content\/uploads\/2022\/12\/USS-Constitution-Ship-MOC-40456-1-60x60.jpg 60w, https:\/\/mouldking.store\/wp-content\/uploads\/2022\/12\/USS-Constitution-Ship-MOC-40456-1-90x90.jpg 90w, https:\/\/mouldking.store\/wp-content\/uploads\/2022\/12\/USS-Constitution-Ship-MOC-40456-1.jpg 1100w\" sizes=\"(max-width: 1024px) 100vw, 1024px\" \/><figcaption id=\"caption-attachment-38235\" class=\"wp-caption-text\">MOC-40456 USS Constitution Ship With 1392PCS<\/figcaption><\/figure>\n<figure id=\"attachment_38236\" aria-describedby=\"caption-attachment-38236\" style=\"width: 1100px\" class=\"wp-caption aligncenter\"><img decoding=\"async\" class=\"wp-image-38236 size-full\" src=\"https:\/\/mouldking.store\/wp-content\/uploads\/2022\/12\/USS-Constitution-Ship-MOC-40456-2.jpg\" alt=\"MOC-40456 USS Constitution Ship With 1392PCS\" width=\"1100\" height=\"1100\" title=\"-\" srcset=\"https:\/\/mouldking.store\/wp-content\/uploads\/2022\/12\/USS-Constitution-Ship-MOC-40456-2.jpg 1100w, https:\/\/mouldking.store\/wp-content\/uploads\/2022\/12\/USS-Constitution-Ship-MOC-40456-2-300x300.jpg 300w, https:\/\/mouldking.store\/wp-content\/uploads\/2022\/12\/USS-Constitution-Ship-MOC-40456-2-1024x1024.jpg 1024w, https:\/\/mouldking.store\/wp-content\/uploads\/2022\/12\/USS-Constitution-Ship-MOC-40456-2-768x768.jpg 768w, https:\/\/mouldking.store\/wp-content\/uploads\/2022\/12\/USS-Constitution-Ship-MOC-40456-2-600x600.jpg 600w, https:\/\/mouldking.store\/wp-content\/uploads\/2022\/12\/USS-Constitution-Ship-MOC-40456-2-150x150.jpg 150w, https:\/\/mouldking.store\/wp-content\/uploads\/2022\/12\/USS-Constitution-Ship-MOC-40456-2-60x60.jpg 60w, https:\/\/mouldking.store\/wp-content\/uploads\/2022\/12\/USS-Constitution-Ship-MOC-40456-2-90x90.jpg 90w\" sizes=\"(max-width: 1100px) 100vw, 1100px\" \/><figcaption id=\"caption-attachment-38236\" class=\"wp-caption-text\">MOC-40456 USS Constitution Ship With 1392PCS<\/figcaption><\/figure>\n<figure id=\"attachment_38237\" aria-describedby=\"caption-attachment-38237\" style=\"width: 1024px\" class=\"wp-caption aligncenter\"><img loading=\"lazy\" decoding=\"async\" class=\"wp-image-38237 size-large\" src=\"https:\/\/mouldking.store\/wp-content\/uploads\/2022\/12\/USS-Constitution-Ship-MOC-40456-3-1024x1024.jpg\" alt=\"MOC-40456 USS Constitution Ship With 1392PCS\" width=\"1024\" height=\"1024\" title=\"-\" srcset=\"https:\/\/mouldking.store\/wp-content\/uploads\/2022\/12\/USS-Constitution-Ship-MOC-40456-3-1024x1024.jpg 1024w, https:\/\/mouldking.store\/wp-content\/uploads\/2022\/12\/USS-Constitution-Ship-MOC-40456-3-300x300.jpg 300w, https:\/\/mouldking.store\/wp-content\/uploads\/2022\/12\/USS-Constitution-Ship-MOC-40456-3-768x768.jpg 768w, https:\/\/mouldking.store\/wp-content\/uploads\/2022\/12\/USS-Constitution-Ship-MOC-40456-3-600x600.jpg 600w, https:\/\/mouldking.store\/wp-content\/uploads\/2022\/12\/USS-Constitution-Ship-MOC-40456-3-150x150.jpg 150w, https:\/\/mouldking.store\/wp-content\/uploads\/2022\/12\/USS-Constitution-Ship-MOC-40456-3-60x60.jpg 60w, https:\/\/mouldking.store\/wp-content\/uploads\/2022\/12\/USS-Constitution-Ship-MOC-40456-3-90x90.jpg 90w, https:\/\/mouldking.store\/wp-content\/uploads\/2022\/12\/USS-Constitution-Ship-MOC-40456-3.jpg 1100w\" sizes=\"(max-width: 1024px) 100vw, 1024px\" \/><figcaption id=\"caption-attachment-38237\" class=\"wp-caption-text\">MOC-40456 USS Constitution Ship With 1392PCS<\/figcaption><\/figure>\n<figure id=\"attachment_38238\" aria-describedby=\"caption-attachment-38238\" style=\"width: 1024px\" class=\"wp-caption aligncenter\"><img loading=\"lazy\" decoding=\"async\" class=\"wp-image-38238 size-large\" src=\"https:\/\/mouldking.store\/wp-content\/uploads\/2022\/12\/USS-Constitution-Ship-MOC-40456-4-1024x1024.jpg\" alt=\"MOC-40456 USS Constitution Ship With 1392PCS\" width=\"1024\" height=\"1024\" title=\"-\" srcset=\"https:\/\/mouldking.store\/wp-content\/uploads\/2022\/12\/USS-Constitution-Ship-MOC-40456-4-1024x1024.jpg 1024w, https:\/\/mouldking.store\/wp-content\/uploads\/2022\/12\/USS-Constitution-Ship-MOC-40456-4-300x300.jpg 300w, https:\/\/mouldking.store\/wp-content\/uploads\/2022\/12\/USS-Constitution-Ship-MOC-40456-4-768x768.jpg 768w, https:\/\/mouldking.store\/wp-content\/uploads\/2022\/12\/USS-Constitution-Ship-MOC-40456-4-600x600.jpg 600w, https:\/\/mouldking.store\/wp-content\/uploads\/2022\/12\/USS-Constitution-Ship-MOC-40456-4-150x150.jpg 150w, https:\/\/mouldking.store\/wp-content\/uploads\/2022\/12\/USS-Constitution-Ship-MOC-40456-4-60x60.jpg 60w, https:\/\/mouldking.store\/wp-content\/uploads\/2022\/12\/USS-Constitution-Ship-MOC-40456-4-90x90.jpg 90w, https:\/\/mouldking.store\/wp-content\/uploads\/2022\/12\/USS-Constitution-Ship-MOC-40456-4.jpg 1100w\" sizes=\"(max-width: 1024px) 100vw, 1024px\" \/><figcaption id=\"caption-attachment-38238\" class=\"wp-caption-text\">MOC-40456 USS Constitution Ship With 1392PCS<\/figcaption><\/figure>\n<figure id=\"attachment_38239\" aria-describedby=\"caption-attachment-38239\" style=\"width: 1024px\" class=\"wp-caption aligncenter\"><img loading=\"lazy\" decoding=\"async\" class=\"wp-image-38239 size-large\" src=\"https:\/\/mouldking.store\/wp-content\/uploads\/2022\/12\/USS-Constitution-Ship-MOC-40456-5-1024x1024.jpg\" alt=\"MOC-40456 USS Constitution Ship With 1392PCS\" width=\"1024\" height=\"1024\" title=\"-\" srcset=\"https:\/\/mouldking.store\/wp-content\/uploads\/2022\/12\/USS-Constitution-Ship-MOC-40456-5-1024x1024.jpg 1024w, https:\/\/mouldking.store\/wp-content\/uploads\/2022\/12\/USS-Constitution-Ship-MOC-40456-5-300x300.jpg 300w, https:\/\/mouldking.store\/wp-content\/uploads\/2022\/12\/USS-Constitution-Ship-MOC-40456-5-768x768.jpg 768w, https:\/\/mouldking.store\/wp-content\/uploads\/2022\/12\/USS-Constitution-Ship-MOC-40456-5-600x600.jpg 600w, https:\/\/mouldking.store\/wp-content\/uploads\/2022\/12\/USS-Constitution-Ship-MOC-40456-5-150x150.jpg 150w, https:\/\/mouldking.store\/wp-content\/uploads\/2022\/12\/USS-Constitution-Ship-MOC-40456-5-60x60.jpg 60w, https:\/\/mouldking.store\/wp-content\/uploads\/2022\/12\/USS-Constitution-Ship-MOC-40456-5-90x90.jpg 90w, https:\/\/mouldking.store\/wp-content\/uploads\/2022\/12\/USS-Constitution-Ship-MOC-40456-5.jpg 1100w\" sizes=\"(max-width: 1024px) 100vw, 1024px\" \/><figcaption id=\"caption-attachment-38239\" class=\"wp-caption-text\">MOC-40456 USS Constitution Ship With 1392PCS<\/figcaption><\/figure>","protected":false},"excerpt":{"rendered":"<p>Byggeveiledning i pdf<\/p>\n<p>Uten originaleske<\/p>\n<p>Tidsbestemt: 4-8 uker<\/p>","protected":false},"featured_media":38234,"comment_status":"closed","ping_status":"closed","template":"","meta":{"_acf_changed":false},"product_cat":[1365,1406],"product_tag":[9654,9655,430,9652,9657,9651,304,9653,9656],"class_list":["product","first","instock","shipping-taxable","purchasable","product-type-simple"],"acf":[],"_links":{"self":[{"href":"https:\/\/mouldking.store\/nb\/wp-json\/wp\/v2\/product\/38226","targetHints":{"allow":["GET"]}}],"collection":[{"href":"https:\/\/mouldking.store\/nb\/wp-json\/wp\/v2\/product"}],"about":[{"href":"https:\/\/mouldking.store\/nb\/wp-json\/wp\/v2\/types\/product"}],"replies":[{"embeddable":true,"href":"https:\/\/mouldking.store\/nb\/wp-json\/wp\/v2\/comments?post=38226"}],"wp:featuredmedia":[{"embeddable":true,"href":"https:\/\/mouldking.store\/nb\/wp-json\/wp\/v2\/media\/38234"}],"wp:attachment":[{"href":"https:\/\/mouldking.store\/nb\/wp-json\/wp\/v2\/media?parent=38226"}],"wp:term":[{"taxonomy":"product_cat","embeddable":true,"href":"https:\/\/mouldking.store\/nb\/wp-json\/wp\/v2\/product_cat?post=38226"},{"taxonomy":"product_tag","embeddable":true,"href":"https:\/\/mouldking.store\/nb\/wp-json\/wp\/v2\/product_tag?post=38226"}],"curies":[{"name":"wp","href":"https:\/\/api.w.org\/{rel}","templated":true}]}}