{"id":38276,"date":"2022-12-21T12:11:11","date_gmt":"2022-12-21T05:11:11","guid":{"rendered":"https:\/\/mouldking.store\/?post_type=product&#038;p=38276"},"modified":"2025-12-25T09:12:04","modified_gmt":"2025-12-25T02:12:04","slug":"moc-98621-f1-mclaren-mcl35m-abu-dhabi-with-262-pieces","status":"publish","type":"product","link":"https:\/\/mouldking.store\/nb\/shop\/moc-98621-f1-mclaren-mcl35m-abu-dhabi-with-262-pieces\/","title":{"rendered":"MOC-98621 F1 McLaren MCL35M \u2013 Abu Dhabi med 262 deler"},"content":{"rendered":"<ol>\n<li>Merke: MOC<\/li>\n<li>Kj\u00f8nn: Unisex<\/li>\n<li>Name: F1 McLaren MCL35M \u2013 Abu Dhabi<\/li>\n<li>Aldersgruppe: &gt; 6 \u00e5r gammel<\/li>\n<li>Model Number: 98621<\/li>\n<li>Klassifisering: Montering<\/li>\n<li>Plastblokkform: Selvl\u00e5sende murstein<\/li>\n<li>Materiale: Plast<\/li>\n<li>Plasttype: ABS<\/li>\n<li>Bricks Blocks:262 PCS<\/li>\n<li>Vekt: 300g<\/li>\n<li>Inneholder detaljerte monteringsanvisninger.<\/li>\n<\/ol>\n<p>Legge merke til:<br \/>\n1. Uten original eske, men vi garanterer at v\u00e5re produkter har kvalitetssikring og pen emballasje.<br \/>\n2. Som alle delene vi har sjekket f\u00f8r frakt, s\u00e5 hvis du finner noen deler savnet eller skadet, ikke bekymre deg og bare kontakt oss, s\u00e5 kan vi sende dem til deg p\u00e5 nytt umiddelbart gratis.<\/p>\n<figure id=\"attachment_38277\" aria-describedby=\"caption-attachment-38277\" style=\"width: 1095px\" class=\"wp-caption aligncenter\"><img fetchpriority=\"high\" decoding=\"async\" class=\"wp-image-38277 size-full\" src=\"https:\/\/mouldking.store\/wp-content\/uploads\/2022\/12\/MOC-98621-Technic-F1-McLaren-MCL35M-\u2013-Abu-Dhabi-MOC-FACTORY.png\" alt=\"MOC-98621 F1 McLaren MCL35M \u2013 Abu Dhabi With 262 Pieces \" width=\"1095\" height=\"1095\" title=\"-\" srcset=\"https:\/\/mouldking.store\/wp-content\/uploads\/2022\/12\/MOC-98621-Technic-F1-McLaren-MCL35M-\u2013-Abu-Dhabi-MOC-FACTORY.png 1095w, https:\/\/mouldking.store\/wp-content\/uploads\/2022\/12\/MOC-98621-Technic-F1-McLaren-MCL35M-\u2013-Abu-Dhabi-MOC-FACTORY-300x300.png 300w, https:\/\/mouldking.store\/wp-content\/uploads\/2022\/12\/MOC-98621-Technic-F1-McLaren-MCL35M-\u2013-Abu-Dhabi-MOC-FACTORY-1024x1024.png 1024w, https:\/\/mouldking.store\/wp-content\/uploads\/2022\/12\/MOC-98621-Technic-F1-McLaren-MCL35M-\u2013-Abu-Dhabi-MOC-FACTORY-768x768.png 768w, https:\/\/mouldking.store\/wp-content\/uploads\/2022\/12\/MOC-98621-Technic-F1-McLaren-MCL35M-\u2013-Abu-Dhabi-MOC-FACTORY-600x600.png 600w, https:\/\/mouldking.store\/wp-content\/uploads\/2022\/12\/MOC-98621-Technic-F1-McLaren-MCL35M-\u2013-Abu-Dhabi-MOC-FACTORY-150x150.png 150w, https:\/\/mouldking.store\/wp-content\/uploads\/2022\/12\/MOC-98621-Technic-F1-McLaren-MCL35M-\u2013-Abu-Dhabi-MOC-FACTORY-60x60.png 60w, https:\/\/mouldking.store\/wp-content\/uploads\/2022\/12\/MOC-98621-Technic-F1-McLaren-MCL35M-\u2013-Abu-Dhabi-MOC-FACTORY-90x90.png 90w\" sizes=\"(max-width: 1095px) 100vw, 1095px\" \/><figcaption id=\"caption-attachment-38277\" class=\"wp-caption-text\">MOC-98621 F1 McLaren MCL35M \u2013 Abu Dhabi med 262 deler<\/figcaption><\/figure>\n<figure id=\"attachment_38278\" aria-describedby=\"caption-attachment-38278\" style=\"width: 1100px\" class=\"wp-caption aligncenter\"><img decoding=\"async\" class=\"wp-image-38278 size-full\" src=\"https:\/\/mouldking.store\/wp-content\/uploads\/2022\/12\/F1-McLaren-MCL35M-Abu-Dhabi-MOC-98621-1.jpg\" alt=\"MOC-98621 F1 McLaren MCL35M \u2013 Abu Dhabi With 262 Pieces \" width=\"1100\" height=\"1100\" title=\"-\" srcset=\"https:\/\/mouldking.store\/wp-content\/uploads\/2022\/12\/F1-McLaren-MCL35M-Abu-Dhabi-MOC-98621-1.jpg 1100w, https:\/\/mouldking.store\/wp-content\/uploads\/2022\/12\/F1-McLaren-MCL35M-Abu-Dhabi-MOC-98621-1-300x300.jpg 300w, https:\/\/mouldking.store\/wp-content\/uploads\/2022\/12\/F1-McLaren-MCL35M-Abu-Dhabi-MOC-98621-1-1024x1024.jpg 1024w, https:\/\/mouldking.store\/wp-content\/uploads\/2022\/12\/F1-McLaren-MCL35M-Abu-Dhabi-MOC-98621-1-768x768.jpg 768w, https:\/\/mouldking.store\/wp-content\/uploads\/2022\/12\/F1-McLaren-MCL35M-Abu-Dhabi-MOC-98621-1-600x600.jpg 600w, https:\/\/mouldking.store\/wp-content\/uploads\/2022\/12\/F1-McLaren-MCL35M-Abu-Dhabi-MOC-98621-1-150x150.jpg 150w, https:\/\/mouldking.store\/wp-content\/uploads\/2022\/12\/F1-McLaren-MCL35M-Abu-Dhabi-MOC-98621-1-60x60.jpg 60w, https:\/\/mouldking.store\/wp-content\/uploads\/2022\/12\/F1-McLaren-MCL35M-Abu-Dhabi-MOC-98621-1-90x90.jpg 90w\" sizes=\"(max-width: 1100px) 100vw, 1100px\" \/><figcaption id=\"caption-attachment-38278\" class=\"wp-caption-text\">MOC-98621 F1 McLaren MCL35M \u2013 Abu Dhabi med 262 deler<\/figcaption><\/figure>\n<figure id=\"attachment_38279\" aria-describedby=\"caption-attachment-38279\" style=\"width: 1024px\" class=\"wp-caption aligncenter\"><img decoding=\"async\" class=\"wp-image-38279 size-large\" src=\"https:\/\/mouldking.store\/wp-content\/uploads\/2022\/12\/F1-McLaren-MCL35M-Abu-Dhabi-MOC-98621-2-1024x1024.jpg\" alt=\"MOC-98621 F1 McLaren MCL35M \u2013 Abu Dhabi With 262 Pieces \" width=\"1024\" height=\"1024\" title=\"-\" srcset=\"https:\/\/mouldking.store\/wp-content\/uploads\/2022\/12\/F1-McLaren-MCL35M-Abu-Dhabi-MOC-98621-2-1024x1024.jpg 1024w, https:\/\/mouldking.store\/wp-content\/uploads\/2022\/12\/F1-McLaren-MCL35M-Abu-Dhabi-MOC-98621-2-300x300.jpg 300w, https:\/\/mouldking.store\/wp-content\/uploads\/2022\/12\/F1-McLaren-MCL35M-Abu-Dhabi-MOC-98621-2-768x768.jpg 768w, https:\/\/mouldking.store\/wp-content\/uploads\/2022\/12\/F1-McLaren-MCL35M-Abu-Dhabi-MOC-98621-2-600x600.jpg 600w, https:\/\/mouldking.store\/wp-content\/uploads\/2022\/12\/F1-McLaren-MCL35M-Abu-Dhabi-MOC-98621-2-150x150.jpg 150w, https:\/\/mouldking.store\/wp-content\/uploads\/2022\/12\/F1-McLaren-MCL35M-Abu-Dhabi-MOC-98621-2-60x60.jpg 60w, https:\/\/mouldking.store\/wp-content\/uploads\/2022\/12\/F1-McLaren-MCL35M-Abu-Dhabi-MOC-98621-2-90x90.jpg 90w, https:\/\/mouldking.store\/wp-content\/uploads\/2022\/12\/F1-McLaren-MCL35M-Abu-Dhabi-MOC-98621-2.jpg 1100w\" sizes=\"(max-width: 1024px) 100vw, 1024px\" \/><figcaption id=\"caption-attachment-38279\" class=\"wp-caption-text\">MOC-98621 F1 McLaren MCL35M \u2013 Abu Dhabi med 262 deler<\/figcaption><\/figure>\n<figure id=\"attachment_38280\" aria-describedby=\"caption-attachment-38280\" style=\"width: 1100px\" class=\"wp-caption aligncenter\"><img loading=\"lazy\" decoding=\"async\" class=\"wp-image-38280 size-full\" src=\"https:\/\/mouldking.store\/wp-content\/uploads\/2022\/12\/F1-McLaren-MCL35M-Abu-Dhabi-MOC-98621-3.jpg\" alt=\"MOC-98621 F1 McLaren MCL35M \u2013 Abu Dhabi With 262 Pieces \" width=\"1100\" height=\"1100\" title=\"-\" srcset=\"https:\/\/mouldking.store\/wp-content\/uploads\/2022\/12\/F1-McLaren-MCL35M-Abu-Dhabi-MOC-98621-3.jpg 1100w, https:\/\/mouldking.store\/wp-content\/uploads\/2022\/12\/F1-McLaren-MCL35M-Abu-Dhabi-MOC-98621-3-300x300.jpg 300w, https:\/\/mouldking.store\/wp-content\/uploads\/2022\/12\/F1-McLaren-MCL35M-Abu-Dhabi-MOC-98621-3-1024x1024.jpg 1024w, https:\/\/mouldking.store\/wp-content\/uploads\/2022\/12\/F1-McLaren-MCL35M-Abu-Dhabi-MOC-98621-3-768x768.jpg 768w, https:\/\/mouldking.store\/wp-content\/uploads\/2022\/12\/F1-McLaren-MCL35M-Abu-Dhabi-MOC-98621-3-600x600.jpg 600w, https:\/\/mouldking.store\/wp-content\/uploads\/2022\/12\/F1-McLaren-MCL35M-Abu-Dhabi-MOC-98621-3-150x150.jpg 150w, https:\/\/mouldking.store\/wp-content\/uploads\/2022\/12\/F1-McLaren-MCL35M-Abu-Dhabi-MOC-98621-3-60x60.jpg 60w, https:\/\/mouldking.store\/wp-content\/uploads\/2022\/12\/F1-McLaren-MCL35M-Abu-Dhabi-MOC-98621-3-90x90.jpg 90w\" sizes=\"(max-width: 1100px) 100vw, 1100px\" \/><figcaption id=\"caption-attachment-38280\" class=\"wp-caption-text\">MOC-98621 F1 McLaren MCL35M \u2013 Abu Dhabi med 262 deler<\/figcaption><\/figure>\n<figure id=\"attachment_38281\" aria-describedby=\"caption-attachment-38281\" style=\"width: 1100px\" class=\"wp-caption aligncenter\"><img loading=\"lazy\" decoding=\"async\" class=\"wp-image-38281 size-full\" src=\"https:\/\/mouldking.store\/wp-content\/uploads\/2022\/12\/F1-McLaren-MCL35M-Abu-Dhabi-MOC-98621-4.jpg\" alt=\"MOC-98621 F1 McLaren MCL35M \u2013 Abu Dhabi With 262 Pieces \" width=\"1100\" height=\"1100\" title=\"-\" srcset=\"https:\/\/mouldking.store\/wp-content\/uploads\/2022\/12\/F1-McLaren-MCL35M-Abu-Dhabi-MOC-98621-4.jpg 1100w, https:\/\/mouldking.store\/wp-content\/uploads\/2022\/12\/F1-McLaren-MCL35M-Abu-Dhabi-MOC-98621-4-300x300.jpg 300w, https:\/\/mouldking.store\/wp-content\/uploads\/2022\/12\/F1-McLaren-MCL35M-Abu-Dhabi-MOC-98621-4-1024x1024.jpg 1024w, https:\/\/mouldking.store\/wp-content\/uploads\/2022\/12\/F1-McLaren-MCL35M-Abu-Dhabi-MOC-98621-4-768x768.jpg 768w, https:\/\/mouldking.store\/wp-content\/uploads\/2022\/12\/F1-McLaren-MCL35M-Abu-Dhabi-MOC-98621-4-600x600.jpg 600w, https:\/\/mouldking.store\/wp-content\/uploads\/2022\/12\/F1-McLaren-MCL35M-Abu-Dhabi-MOC-98621-4-150x150.jpg 150w, https:\/\/mouldking.store\/wp-content\/uploads\/2022\/12\/F1-McLaren-MCL35M-Abu-Dhabi-MOC-98621-4-60x60.jpg 60w, https:\/\/mouldking.store\/wp-content\/uploads\/2022\/12\/F1-McLaren-MCL35M-Abu-Dhabi-MOC-98621-4-90x90.jpg 90w\" sizes=\"(max-width: 1100px) 100vw, 1100px\" \/><figcaption id=\"caption-attachment-38281\" class=\"wp-caption-text\">MOC-98621 F1 McLaren MCL35M \u2013 Abu Dhabi med 262 deler<\/figcaption><\/figure>\n<figure id=\"attachment_38282\" aria-describedby=\"caption-attachment-38282\" style=\"width: 1024px\" class=\"wp-caption aligncenter\"><img loading=\"lazy\" decoding=\"async\" class=\"wp-image-38282 size-large\" src=\"https:\/\/mouldking.store\/wp-content\/uploads\/2022\/12\/F1-McLaren-MCL35M-Abu-Dhabi-MOC-98621-5-1024x1024.jpg\" alt=\"MOC-98621 F1 McLaren MCL35M \u2013 Abu Dhabi With 262 Pieces \" width=\"1024\" height=\"1024\" title=\"-\" srcset=\"https:\/\/mouldking.store\/wp-content\/uploads\/2022\/12\/F1-McLaren-MCL35M-Abu-Dhabi-MOC-98621-5-1024x1024.jpg 1024w, https:\/\/mouldking.store\/wp-content\/uploads\/2022\/12\/F1-McLaren-MCL35M-Abu-Dhabi-MOC-98621-5-300x300.jpg 300w, https:\/\/mouldking.store\/wp-content\/uploads\/2022\/12\/F1-McLaren-MCL35M-Abu-Dhabi-MOC-98621-5-768x768.jpg 768w, https:\/\/mouldking.store\/wp-content\/uploads\/2022\/12\/F1-McLaren-MCL35M-Abu-Dhabi-MOC-98621-5-600x600.jpg 600w, https:\/\/mouldking.store\/wp-content\/uploads\/2022\/12\/F1-McLaren-MCL35M-Abu-Dhabi-MOC-98621-5-150x150.jpg 150w, https:\/\/mouldking.store\/wp-content\/uploads\/2022\/12\/F1-McLaren-MCL35M-Abu-Dhabi-MOC-98621-5-60x60.jpg 60w, https:\/\/mouldking.store\/wp-content\/uploads\/2022\/12\/F1-McLaren-MCL35M-Abu-Dhabi-MOC-98621-5-90x90.jpg 90w, https:\/\/mouldking.store\/wp-content\/uploads\/2022\/12\/F1-McLaren-MCL35M-Abu-Dhabi-MOC-98621-5.jpg 1100w\" sizes=\"(max-width: 1024px) 100vw, 1024px\" \/><figcaption id=\"caption-attachment-38282\" class=\"wp-caption-text\">MOC-98621 F1 McLaren MCL35M \u2013 Abu Dhabi med 262 deler<\/figcaption><\/figure>","protected":false},"excerpt":{"rendered":"<p>Byggeveiledning i pdf<\/p>\n<p>Uten originaleske<\/p>\n<p>Tidsbestemt: 4-8 uker<\/p>","protected":false},"featured_media":38277,"comment_status":"closed","ping_status":"closed","template":"","meta":{"_acf_changed":false},"product_cat":[1360,1357,1406],"product_tag":[9693,9691,9692,9690,1744,9694,430,9689,9695,9688],"class_list":["product","first","instock","shipping-taxable","purchasable","product-type-simple"],"acf":[],"_links":{"self":[{"href":"https:\/\/mouldking.store\/nb\/wp-json\/wp\/v2\/product\/38276","targetHints":{"allow":["GET"]}}],"collection":[{"href":"https:\/\/mouldking.store\/nb\/wp-json\/wp\/v2\/product"}],"about":[{"href":"https:\/\/mouldking.store\/nb\/wp-json\/wp\/v2\/types\/product"}],"replies":[{"embeddable":true,"href":"https:\/\/mouldking.store\/nb\/wp-json\/wp\/v2\/comments?post=38276"}],"wp:featuredmedia":[{"embeddable":true,"href":"https:\/\/mouldking.store\/nb\/wp-json\/wp\/v2\/media\/38277"}],"wp:attachment":[{"href":"https:\/\/mouldking.store\/nb\/wp-json\/wp\/v2\/media?parent=38276"}],"wp:term":[{"taxonomy":"product_cat","embeddable":true,"href":"https:\/\/mouldking.store\/nb\/wp-json\/wp\/v2\/product_cat?post=38276"},{"taxonomy":"product_tag","embeddable":true,"href":"https:\/\/mouldking.store\/nb\/wp-json\/wp\/v2\/product_tag?post=38276"}],"curies":[{"name":"wp","href":"https:\/\/api.w.org\/{rel}","templated":true}]}}