{"id":38335,"date":"2022-12-21T14:54:48","date_gmt":"2022-12-21T07:54:48","guid":{"rendered":"https:\/\/mouldking.store\/?post_type=product&#038;p=38335"},"modified":"2025-12-25T09:12:03","modified_gmt":"2025-12-25T02:12:03","slug":"moc-89524-ruins-military-war-scene-with-400-pieces","status":"publish","type":"product","link":"https:\/\/mouldking.store\/nb\/shop\/moc-89524-ruins-military-war-scene-with-400-pieces\/","title":{"rendered":"MOC-89524 Ruins Military War Scene With 400 Pieces"},"content":{"rendered":"<ol>\n<li>Merke: MOC<\/li>\n<li>Kj\u00f8nn: Unisex<\/li>\n<li>Name: Ruins Military War Scene<\/li>\n<li>Aldersgruppe: &gt; 6 \u00e5r gammel<\/li>\n<li>Model Number: 89524<\/li>\n<li>Klassifisering: Montering<\/li>\n<li>Plastblokkform: Selvl\u00e5sende murstein<\/li>\n<li>Materiale: Plast<\/li>\n<li>Plasttype: ABS<\/li>\n<li>Bricks Blocks:400 PCS<\/li>\n<li>Dimensions: 19.2 x 19.2 x 13.5cm<\/li>\n<li>Weight:450g<\/li>\n<li>Inneholder detaljerte monteringsanvisninger.<\/li>\n<\/ol>\n<p>Legge merke til:<br \/>\n1. Uten original eske, men vi garanterer at v\u00e5re produkter har kvalitetssikring og pen emballasje.<br \/>\n2. Som alle delene vi har sjekket f\u00f8r frakt, s\u00e5 hvis du finner noen deler savnet eller skadet, ikke bekymre deg og bare kontakt oss, s\u00e5 kan vi sende dem til deg p\u00e5 nytt umiddelbart gratis.<\/p>\n<figure id=\"attachment_38336\" aria-describedby=\"caption-attachment-38336\" style=\"width: 1024px\" class=\"wp-caption aligncenter\"><img fetchpriority=\"high\" decoding=\"async\" class=\"wp-image-38336 size-large\" src=\"https:\/\/mouldking.store\/wp-content\/uploads\/2022\/12\/MOC-89524-Creator-Ruins-Military-War-Scene-MOC-FACTORY-1024x1024.png\" alt=\"MOC-89524 Ruins Military War Scene With 400 Pieces\" width=\"1024\" height=\"1024\" title=\"-\" srcset=\"https:\/\/mouldking.store\/wp-content\/uploads\/2022\/12\/MOC-89524-Creator-Ruins-Military-War-Scene-MOC-FACTORY-1024x1024.png 1024w, https:\/\/mouldking.store\/wp-content\/uploads\/2022\/12\/MOC-89524-Creator-Ruins-Military-War-Scene-MOC-FACTORY-300x300.png 300w, https:\/\/mouldking.store\/wp-content\/uploads\/2022\/12\/MOC-89524-Creator-Ruins-Military-War-Scene-MOC-FACTORY-768x768.png 768w, https:\/\/mouldking.store\/wp-content\/uploads\/2022\/12\/MOC-89524-Creator-Ruins-Military-War-Scene-MOC-FACTORY-600x600.png 600w, https:\/\/mouldking.store\/wp-content\/uploads\/2022\/12\/MOC-89524-Creator-Ruins-Military-War-Scene-MOC-FACTORY-150x150.png 150w, https:\/\/mouldking.store\/wp-content\/uploads\/2022\/12\/MOC-89524-Creator-Ruins-Military-War-Scene-MOC-FACTORY-60x60.png 60w, https:\/\/mouldking.store\/wp-content\/uploads\/2022\/12\/MOC-89524-Creator-Ruins-Military-War-Scene-MOC-FACTORY-90x90.png 90w, https:\/\/mouldking.store\/wp-content\/uploads\/2022\/12\/MOC-89524-Creator-Ruins-Military-War-Scene-MOC-FACTORY.png 1095w\" sizes=\"(max-width: 1024px) 100vw, 1024px\" \/><figcaption id=\"caption-attachment-38336\" class=\"wp-caption-text\">MOC-89524 Ruins Military War Scene With 400 Pieces<\/figcaption><\/figure>\n<figure id=\"attachment_38337\" aria-describedby=\"caption-attachment-38337\" style=\"width: 1024px\" class=\"wp-caption aligncenter\"><img decoding=\"async\" class=\"wp-image-38337 size-large\" src=\"https:\/\/mouldking.store\/wp-content\/uploads\/2022\/12\/Ruins-Military-War-Scene-MOC-89524-1-1024x1024.jpg\" alt=\"MOC-89524 Ruins Military War Scene With 400 Pieces\" width=\"1024\" height=\"1024\" title=\"-\" srcset=\"https:\/\/mouldking.store\/wp-content\/uploads\/2022\/12\/Ruins-Military-War-Scene-MOC-89524-1-1024x1024.jpg 1024w, https:\/\/mouldking.store\/wp-content\/uploads\/2022\/12\/Ruins-Military-War-Scene-MOC-89524-1-300x300.jpg 300w, https:\/\/mouldking.store\/wp-content\/uploads\/2022\/12\/Ruins-Military-War-Scene-MOC-89524-1-768x768.jpg 768w, https:\/\/mouldking.store\/wp-content\/uploads\/2022\/12\/Ruins-Military-War-Scene-MOC-89524-1-600x600.jpg 600w, https:\/\/mouldking.store\/wp-content\/uploads\/2022\/12\/Ruins-Military-War-Scene-MOC-89524-1-150x150.jpg 150w, https:\/\/mouldking.store\/wp-content\/uploads\/2022\/12\/Ruins-Military-War-Scene-MOC-89524-1-60x60.jpg 60w, https:\/\/mouldking.store\/wp-content\/uploads\/2022\/12\/Ruins-Military-War-Scene-MOC-89524-1-90x90.jpg 90w, https:\/\/mouldking.store\/wp-content\/uploads\/2022\/12\/Ruins-Military-War-Scene-MOC-89524-1.jpg 1100w\" sizes=\"(max-width: 1024px) 100vw, 1024px\" \/><figcaption id=\"caption-attachment-38337\" class=\"wp-caption-text\">MOC-89524 Ruins Military War Scene With 400 Pieces<\/figcaption><\/figure>\n<figure id=\"attachment_38338\" aria-describedby=\"caption-attachment-38338\" style=\"width: 1100px\" class=\"wp-caption aligncenter\"><img decoding=\"async\" class=\"wp-image-38338 size-full\" src=\"https:\/\/mouldking.store\/wp-content\/uploads\/2022\/12\/Ruins-Military-War-Scene-MOC-89524-2.jpg\" alt=\"MOC-89524 Ruins Military War Scene With 400 Pieces\" width=\"1100\" height=\"1100\" title=\"-\" srcset=\"https:\/\/mouldking.store\/wp-content\/uploads\/2022\/12\/Ruins-Military-War-Scene-MOC-89524-2.jpg 1100w, https:\/\/mouldking.store\/wp-content\/uploads\/2022\/12\/Ruins-Military-War-Scene-MOC-89524-2-300x300.jpg 300w, https:\/\/mouldking.store\/wp-content\/uploads\/2022\/12\/Ruins-Military-War-Scene-MOC-89524-2-1024x1024.jpg 1024w, https:\/\/mouldking.store\/wp-content\/uploads\/2022\/12\/Ruins-Military-War-Scene-MOC-89524-2-768x768.jpg 768w, https:\/\/mouldking.store\/wp-content\/uploads\/2022\/12\/Ruins-Military-War-Scene-MOC-89524-2-600x600.jpg 600w, https:\/\/mouldking.store\/wp-content\/uploads\/2022\/12\/Ruins-Military-War-Scene-MOC-89524-2-150x150.jpg 150w, https:\/\/mouldking.store\/wp-content\/uploads\/2022\/12\/Ruins-Military-War-Scene-MOC-89524-2-60x60.jpg 60w, https:\/\/mouldking.store\/wp-content\/uploads\/2022\/12\/Ruins-Military-War-Scene-MOC-89524-2-90x90.jpg 90w\" sizes=\"(max-width: 1100px) 100vw, 1100px\" \/><figcaption id=\"caption-attachment-38338\" class=\"wp-caption-text\">MOC-89524 Ruins Military War Scene With 400 Pieces<\/figcaption><\/figure>\n<figure id=\"attachment_38339\" aria-describedby=\"caption-attachment-38339\" style=\"width: 1024px\" class=\"wp-caption aligncenter\"><img loading=\"lazy\" decoding=\"async\" class=\"wp-image-38339 size-large\" src=\"https:\/\/mouldking.store\/wp-content\/uploads\/2022\/12\/Ruins-Military-War-Scene-MOC-89524-3-1024x1024.jpg\" alt=\"MOC-89524 Ruins Military War Scene With 400 Pieces\" width=\"1024\" height=\"1024\" title=\"-\" srcset=\"https:\/\/mouldking.store\/wp-content\/uploads\/2022\/12\/Ruins-Military-War-Scene-MOC-89524-3-1024x1024.jpg 1024w, https:\/\/mouldking.store\/wp-content\/uploads\/2022\/12\/Ruins-Military-War-Scene-MOC-89524-3-300x300.jpg 300w, https:\/\/mouldking.store\/wp-content\/uploads\/2022\/12\/Ruins-Military-War-Scene-MOC-89524-3-768x768.jpg 768w, https:\/\/mouldking.store\/wp-content\/uploads\/2022\/12\/Ruins-Military-War-Scene-MOC-89524-3-600x600.jpg 600w, https:\/\/mouldking.store\/wp-content\/uploads\/2022\/12\/Ruins-Military-War-Scene-MOC-89524-3-150x150.jpg 150w, https:\/\/mouldking.store\/wp-content\/uploads\/2022\/12\/Ruins-Military-War-Scene-MOC-89524-3-60x60.jpg 60w, https:\/\/mouldking.store\/wp-content\/uploads\/2022\/12\/Ruins-Military-War-Scene-MOC-89524-3-90x90.jpg 90w, https:\/\/mouldking.store\/wp-content\/uploads\/2022\/12\/Ruins-Military-War-Scene-MOC-89524-3.jpg 1100w\" sizes=\"(max-width: 1024px) 100vw, 1024px\" \/><figcaption id=\"caption-attachment-38339\" class=\"wp-caption-text\">MOC-89524 Ruins Military War Scene With 400 Pieces<\/figcaption><\/figure>\n<figure id=\"attachment_38340\" aria-describedby=\"caption-attachment-38340\" style=\"width: 1024px\" class=\"wp-caption aligncenter\"><img loading=\"lazy\" decoding=\"async\" class=\"wp-image-38340 size-large\" src=\"https:\/\/mouldking.store\/wp-content\/uploads\/2022\/12\/Ruins-Military-War-Scene-MOC-89524-4-1024x1024.jpg\" alt=\"MOC-89524 Ruins Military War Scene With 400 Pieces\" width=\"1024\" height=\"1024\" title=\"-\" srcset=\"https:\/\/mouldking.store\/wp-content\/uploads\/2022\/12\/Ruins-Military-War-Scene-MOC-89524-4-1024x1024.jpg 1024w, https:\/\/mouldking.store\/wp-content\/uploads\/2022\/12\/Ruins-Military-War-Scene-MOC-89524-4-300x300.jpg 300w, https:\/\/mouldking.store\/wp-content\/uploads\/2022\/12\/Ruins-Military-War-Scene-MOC-89524-4-768x768.jpg 768w, https:\/\/mouldking.store\/wp-content\/uploads\/2022\/12\/Ruins-Military-War-Scene-MOC-89524-4-600x600.jpg 600w, https:\/\/mouldking.store\/wp-content\/uploads\/2022\/12\/Ruins-Military-War-Scene-MOC-89524-4-150x150.jpg 150w, https:\/\/mouldking.store\/wp-content\/uploads\/2022\/12\/Ruins-Military-War-Scene-MOC-89524-4-60x60.jpg 60w, https:\/\/mouldking.store\/wp-content\/uploads\/2022\/12\/Ruins-Military-War-Scene-MOC-89524-4-90x90.jpg 90w, https:\/\/mouldking.store\/wp-content\/uploads\/2022\/12\/Ruins-Military-War-Scene-MOC-89524-4.jpg 1100w\" sizes=\"(max-width: 1024px) 100vw, 1024px\" \/><figcaption id=\"caption-attachment-38340\" class=\"wp-caption-text\">MOC-89524 Ruins Military War Scene With 400 Pieces<\/figcaption><\/figure>\n<figure id=\"attachment_38341\" aria-describedby=\"caption-attachment-38341\" style=\"width: 1024px\" class=\"wp-caption aligncenter\"><img loading=\"lazy\" decoding=\"async\" class=\"wp-image-38341 size-large\" src=\"https:\/\/mouldking.store\/wp-content\/uploads\/2022\/12\/Ruins-Military-War-Scene-MOC-89524-5-1024x1024.jpg\" alt=\"MOC-89524 Ruins Military War Scene With 400 Pieces\" width=\"1024\" height=\"1024\" title=\"-\" srcset=\"https:\/\/mouldking.store\/wp-content\/uploads\/2022\/12\/Ruins-Military-War-Scene-MOC-89524-5-1024x1024.jpg 1024w, https:\/\/mouldking.store\/wp-content\/uploads\/2022\/12\/Ruins-Military-War-Scene-MOC-89524-5-300x300.jpg 300w, https:\/\/mouldking.store\/wp-content\/uploads\/2022\/12\/Ruins-Military-War-Scene-MOC-89524-5-768x768.jpg 768w, https:\/\/mouldking.store\/wp-content\/uploads\/2022\/12\/Ruins-Military-War-Scene-MOC-89524-5-600x600.jpg 600w, https:\/\/mouldking.store\/wp-content\/uploads\/2022\/12\/Ruins-Military-War-Scene-MOC-89524-5-150x150.jpg 150w, https:\/\/mouldking.store\/wp-content\/uploads\/2022\/12\/Ruins-Military-War-Scene-MOC-89524-5-60x60.jpg 60w, https:\/\/mouldking.store\/wp-content\/uploads\/2022\/12\/Ruins-Military-War-Scene-MOC-89524-5-90x90.jpg 90w, https:\/\/mouldking.store\/wp-content\/uploads\/2022\/12\/Ruins-Military-War-Scene-MOC-89524-5.jpg 1100w\" sizes=\"(max-width: 1024px) 100vw, 1024px\" \/><figcaption id=\"caption-attachment-38341\" class=\"wp-caption-text\">MOC-89524 Ruins Military War Scene With 400 Pieces<\/figcaption><\/figure>\n<figure id=\"attachment_38342\" aria-describedby=\"caption-attachment-38342\" style=\"width: 1024px\" class=\"wp-caption aligncenter\"><img loading=\"lazy\" decoding=\"async\" class=\"wp-image-38342 size-large\" src=\"https:\/\/mouldking.store\/wp-content\/uploads\/2022\/12\/Ruins-Military-War-Scene-MOC-89524-6-1024x1024.jpg\" alt=\"MOC-89524 Ruins Military War Scene With 400 Pieces\" width=\"1024\" height=\"1024\" title=\"-\" srcset=\"https:\/\/mouldking.store\/wp-content\/uploads\/2022\/12\/Ruins-Military-War-Scene-MOC-89524-6-1024x1024.jpg 1024w, https:\/\/mouldking.store\/wp-content\/uploads\/2022\/12\/Ruins-Military-War-Scene-MOC-89524-6-300x300.jpg 300w, https:\/\/mouldking.store\/wp-content\/uploads\/2022\/12\/Ruins-Military-War-Scene-MOC-89524-6-768x768.jpg 768w, https:\/\/mouldking.store\/wp-content\/uploads\/2022\/12\/Ruins-Military-War-Scene-MOC-89524-6-600x600.jpg 600w, https:\/\/mouldking.store\/wp-content\/uploads\/2022\/12\/Ruins-Military-War-Scene-MOC-89524-6-150x150.jpg 150w, https:\/\/mouldking.store\/wp-content\/uploads\/2022\/12\/Ruins-Military-War-Scene-MOC-89524-6-60x60.jpg 60w, https:\/\/mouldking.store\/wp-content\/uploads\/2022\/12\/Ruins-Military-War-Scene-MOC-89524-6-90x90.jpg 90w, https:\/\/mouldking.store\/wp-content\/uploads\/2022\/12\/Ruins-Military-War-Scene-MOC-89524-6.jpg 1100w\" sizes=\"(max-width: 1024px) 100vw, 1024px\" \/><figcaption id=\"caption-attachment-38342\" class=\"wp-caption-text\">MOC-89524 Ruins Military War Scene With 400 Pieces<\/figcaption><\/figure>","protected":false},"excerpt":{"rendered":"<p>Byggeveiledning i pdf<\/p>\n<p>Uten originaleske<\/p>\n<p>Tidsbestemt: 4-8 uker<\/p>","protected":false},"featured_media":38336,"comment_status":"closed","ping_status":"closed","template":"","meta":{"_acf_changed":false},"product_cat":[1365,1395,1406],"product_tag":[374,430,9747,9750,9746,8589,9748,9749,8623],"class_list":["product","first","instock","shipping-taxable","purchasable","product-type-simple"],"acf":[],"_links":{"self":[{"href":"https:\/\/mouldking.store\/nb\/wp-json\/wp\/v2\/product\/38335","targetHints":{"allow":["GET"]}}],"collection":[{"href":"https:\/\/mouldking.store\/nb\/wp-json\/wp\/v2\/product"}],"about":[{"href":"https:\/\/mouldking.store\/nb\/wp-json\/wp\/v2\/types\/product"}],"replies":[{"embeddable":true,"href":"https:\/\/mouldking.store\/nb\/wp-json\/wp\/v2\/comments?post=38335"}],"wp:featuredmedia":[{"embeddable":true,"href":"https:\/\/mouldking.store\/nb\/wp-json\/wp\/v2\/media\/38336"}],"wp:attachment":[{"href":"https:\/\/mouldking.store\/nb\/wp-json\/wp\/v2\/media?parent=38335"}],"wp:term":[{"taxonomy":"product_cat","embeddable":true,"href":"https:\/\/mouldking.store\/nb\/wp-json\/wp\/v2\/product_cat?post=38335"},{"taxonomy":"product_tag","embeddable":true,"href":"https:\/\/mouldking.store\/nb\/wp-json\/wp\/v2\/product_tag?post=38335"}],"curies":[{"name":"wp","href":"https:\/\/api.w.org\/{rel}","templated":true}]}}