{"id":38393,"date":"2022-12-21T17:11:09","date_gmt":"2022-12-21T10:11:09","guid":{"rendered":"https:\/\/mouldking.store\/?post_type=product&#038;p=38393"},"modified":"2025-12-25T09:12:03","modified_gmt":"2025-12-25T02:12:03","slug":"moc-116990-ge-u-18b-nyc-with-1409-pieces","status":"publish","type":"product","link":"https:\/\/mouldking.store\/nb\/shop\/moc-116990-ge-u-18b-nyc-with-1409-pieces\/","title":{"rendered":"MOC-116990 GE U-18B NYC Med 1409 deler"},"content":{"rendered":"<ol>\n<li>Merke: MOC<\/li>\n<li>Kj\u00f8nn: Unisex<\/li>\n<li>Navn: GE U-18B NYC<\/li>\n<li>Aldersgruppe: &gt; 6 \u00e5r gammel<\/li>\n<li>Modellnummer: 116990<\/li>\n<li>Klassifisering: Montering<\/li>\n<li>Plastblokkform: Selvl\u00e5sende murstein<\/li>\n<li>Materiale: Plast<\/li>\n<li>Plasttype: ABS<\/li>\n<li>Mursteinsblokker:1409 STK<\/li>\n<li>St\u00f8rrelse: B:8,1 L:40,4 H:12,2 cm<\/li>\n<li>Vekt: 1400g<\/li>\n<li>Inneholder detaljerte monteringsanvisninger.<\/li>\n<\/ol>\n<p>Legge merke til:<br \/>\n1. Uten original eske, men vi garanterer at v\u00e5re produkter har kvalitetssikring og pen emballasje.<br \/>\n2. Som alle delene vi har sjekket f\u00f8r frakt, s\u00e5 hvis du finner noen deler savnet eller skadet, ikke bekymre deg og bare kontakt oss, s\u00e5 kan vi sende dem til deg p\u00e5 nytt umiddelbart gratis.<\/p>\n<figure id=\"attachment_38394\" aria-describedby=\"caption-attachment-38394\" style=\"width: 1024px\" class=\"wp-caption aligncenter\"><img fetchpriority=\"high\" decoding=\"async\" class=\"wp-image-38394 size-large\" src=\"https:\/\/mouldking.store\/wp-content\/uploads\/2022\/12\/MOC-116990-Technic-GE-U-18B-NYC-MOC-FACTORY-1024x1024.png\" alt=\"MOC-116990 GE U-18B NYC With 1409 Pieces\" width=\"1024\" height=\"1024\" title=\"-\" srcset=\"https:\/\/mouldking.store\/wp-content\/uploads\/2022\/12\/MOC-116990-Technic-GE-U-18B-NYC-MOC-FACTORY-1024x1024.png 1024w, https:\/\/mouldking.store\/wp-content\/uploads\/2022\/12\/MOC-116990-Technic-GE-U-18B-NYC-MOC-FACTORY-300x300.png 300w, https:\/\/mouldking.store\/wp-content\/uploads\/2022\/12\/MOC-116990-Technic-GE-U-18B-NYC-MOC-FACTORY-768x768.png 768w, https:\/\/mouldking.store\/wp-content\/uploads\/2022\/12\/MOC-116990-Technic-GE-U-18B-NYC-MOC-FACTORY-600x600.png 600w, https:\/\/mouldking.store\/wp-content\/uploads\/2022\/12\/MOC-116990-Technic-GE-U-18B-NYC-MOC-FACTORY-150x150.png 150w, https:\/\/mouldking.store\/wp-content\/uploads\/2022\/12\/MOC-116990-Technic-GE-U-18B-NYC-MOC-FACTORY-60x60.png 60w, https:\/\/mouldking.store\/wp-content\/uploads\/2022\/12\/MOC-116990-Technic-GE-U-18B-NYC-MOC-FACTORY-90x90.png 90w, https:\/\/mouldking.store\/wp-content\/uploads\/2022\/12\/MOC-116990-Technic-GE-U-18B-NYC-MOC-FACTORY.png 1095w\" sizes=\"(max-width: 1024px) 100vw, 1024px\" \/><figcaption id=\"caption-attachment-38394\" class=\"wp-caption-text\">MOC-116990 GE U-18B NYC Med 1409 deler<\/figcaption><\/figure>\n<figure id=\"attachment_38395\" aria-describedby=\"caption-attachment-38395\" style=\"width: 1024px\" class=\"wp-caption aligncenter\"><img decoding=\"async\" class=\"wp-image-38395 size-large\" src=\"https:\/\/mouldking.store\/wp-content\/uploads\/2022\/12\/GE-U-18B-NYC-MOC-116990-1-1024x1024.jpg\" alt=\"MOC-116990 GE U-18B NYC With 1409 Pieces\" width=\"1024\" height=\"1024\" title=\"-\" srcset=\"https:\/\/mouldking.store\/wp-content\/uploads\/2022\/12\/GE-U-18B-NYC-MOC-116990-1-1024x1024.jpg 1024w, https:\/\/mouldking.store\/wp-content\/uploads\/2022\/12\/GE-U-18B-NYC-MOC-116990-1-300x300.jpg 300w, https:\/\/mouldking.store\/wp-content\/uploads\/2022\/12\/GE-U-18B-NYC-MOC-116990-1-768x768.jpg 768w, https:\/\/mouldking.store\/wp-content\/uploads\/2022\/12\/GE-U-18B-NYC-MOC-116990-1-600x600.jpg 600w, https:\/\/mouldking.store\/wp-content\/uploads\/2022\/12\/GE-U-18B-NYC-MOC-116990-1-150x150.jpg 150w, https:\/\/mouldking.store\/wp-content\/uploads\/2022\/12\/GE-U-18B-NYC-MOC-116990-1-60x60.jpg 60w, https:\/\/mouldking.store\/wp-content\/uploads\/2022\/12\/GE-U-18B-NYC-MOC-116990-1-90x90.jpg 90w, https:\/\/mouldking.store\/wp-content\/uploads\/2022\/12\/GE-U-18B-NYC-MOC-116990-1.jpg 1100w\" sizes=\"(max-width: 1024px) 100vw, 1024px\" \/><figcaption id=\"caption-attachment-38395\" class=\"wp-caption-text\">MOC-116990 GE U-18B NYC Med 1409 deler<\/figcaption><\/figure>\n<figure id=\"attachment_38396\" aria-describedby=\"caption-attachment-38396\" style=\"width: 1024px\" class=\"wp-caption aligncenter\"><img decoding=\"async\" class=\"wp-image-38396 size-large\" src=\"https:\/\/mouldking.store\/wp-content\/uploads\/2022\/12\/GE-U-18B-NYC-MOC-116990-2-1024x1024.jpg\" alt=\"MOC-116990 GE U-18B NYC With 1409 Pieces\" width=\"1024\" height=\"1024\" title=\"-\" srcset=\"https:\/\/mouldking.store\/wp-content\/uploads\/2022\/12\/GE-U-18B-NYC-MOC-116990-2-1024x1024.jpg 1024w, https:\/\/mouldking.store\/wp-content\/uploads\/2022\/12\/GE-U-18B-NYC-MOC-116990-2-300x300.jpg 300w, https:\/\/mouldking.store\/wp-content\/uploads\/2022\/12\/GE-U-18B-NYC-MOC-116990-2-768x768.jpg 768w, https:\/\/mouldking.store\/wp-content\/uploads\/2022\/12\/GE-U-18B-NYC-MOC-116990-2-600x600.jpg 600w, https:\/\/mouldking.store\/wp-content\/uploads\/2022\/12\/GE-U-18B-NYC-MOC-116990-2-150x150.jpg 150w, https:\/\/mouldking.store\/wp-content\/uploads\/2022\/12\/GE-U-18B-NYC-MOC-116990-2-60x60.jpg 60w, https:\/\/mouldking.store\/wp-content\/uploads\/2022\/12\/GE-U-18B-NYC-MOC-116990-2-90x90.jpg 90w, https:\/\/mouldking.store\/wp-content\/uploads\/2022\/12\/GE-U-18B-NYC-MOC-116990-2.jpg 1100w\" sizes=\"(max-width: 1024px) 100vw, 1024px\" \/><figcaption id=\"caption-attachment-38396\" class=\"wp-caption-text\">MOC-116990 GE U-18B NYC Med 1409 deler<\/figcaption><\/figure>\n<figure id=\"attachment_38397\" aria-describedby=\"caption-attachment-38397\" style=\"width: 1024px\" class=\"wp-caption aligncenter\"><img loading=\"lazy\" decoding=\"async\" class=\"wp-image-38397 size-large\" src=\"https:\/\/mouldking.store\/wp-content\/uploads\/2022\/12\/GE-U-18B-NYC-MOC-116990-3-1024x1024.jpg\" alt=\"MOC-116990 GE U-18B NYC With 1409 Pieces\" width=\"1024\" height=\"1024\" title=\"-\" srcset=\"https:\/\/mouldking.store\/wp-content\/uploads\/2022\/12\/GE-U-18B-NYC-MOC-116990-3-1024x1024.jpg 1024w, https:\/\/mouldking.store\/wp-content\/uploads\/2022\/12\/GE-U-18B-NYC-MOC-116990-3-300x300.jpg 300w, https:\/\/mouldking.store\/wp-content\/uploads\/2022\/12\/GE-U-18B-NYC-MOC-116990-3-768x768.jpg 768w, https:\/\/mouldking.store\/wp-content\/uploads\/2022\/12\/GE-U-18B-NYC-MOC-116990-3-600x600.jpg 600w, https:\/\/mouldking.store\/wp-content\/uploads\/2022\/12\/GE-U-18B-NYC-MOC-116990-3-150x150.jpg 150w, https:\/\/mouldking.store\/wp-content\/uploads\/2022\/12\/GE-U-18B-NYC-MOC-116990-3-60x60.jpg 60w, https:\/\/mouldking.store\/wp-content\/uploads\/2022\/12\/GE-U-18B-NYC-MOC-116990-3-90x90.jpg 90w, https:\/\/mouldking.store\/wp-content\/uploads\/2022\/12\/GE-U-18B-NYC-MOC-116990-3.jpg 1100w\" sizes=\"(max-width: 1024px) 100vw, 1024px\" \/><figcaption id=\"caption-attachment-38397\" class=\"wp-caption-text\">MOC-116990 GE U-18B NYC Med 1409 deler<\/figcaption><\/figure>\n<figure id=\"attachment_38398\" aria-describedby=\"caption-attachment-38398\" style=\"width: 1024px\" class=\"wp-caption aligncenter\"><img loading=\"lazy\" decoding=\"async\" class=\"wp-image-38398 size-large\" src=\"https:\/\/mouldking.store\/wp-content\/uploads\/2022\/12\/GE-U-18B-NYC-MOC-116990-4-1024x1024.jpg\" alt=\"MOC-116990 GE U-18B NYC With 1409 Pieces\" width=\"1024\" height=\"1024\" title=\"-\" srcset=\"https:\/\/mouldking.store\/wp-content\/uploads\/2022\/12\/GE-U-18B-NYC-MOC-116990-4-1024x1024.jpg 1024w, https:\/\/mouldking.store\/wp-content\/uploads\/2022\/12\/GE-U-18B-NYC-MOC-116990-4-300x300.jpg 300w, https:\/\/mouldking.store\/wp-content\/uploads\/2022\/12\/GE-U-18B-NYC-MOC-116990-4-768x768.jpg 768w, https:\/\/mouldking.store\/wp-content\/uploads\/2022\/12\/GE-U-18B-NYC-MOC-116990-4-600x600.jpg 600w, https:\/\/mouldking.store\/wp-content\/uploads\/2022\/12\/GE-U-18B-NYC-MOC-116990-4-150x150.jpg 150w, https:\/\/mouldking.store\/wp-content\/uploads\/2022\/12\/GE-U-18B-NYC-MOC-116990-4-60x60.jpg 60w, https:\/\/mouldking.store\/wp-content\/uploads\/2022\/12\/GE-U-18B-NYC-MOC-116990-4-90x90.jpg 90w, https:\/\/mouldking.store\/wp-content\/uploads\/2022\/12\/GE-U-18B-NYC-MOC-116990-4.jpg 1100w\" sizes=\"(max-width: 1024px) 100vw, 1024px\" \/><figcaption id=\"caption-attachment-38398\" class=\"wp-caption-text\">MOC-116990 GE U-18B NYC Med 1409 deler<\/figcaption><\/figure>\n<figure id=\"attachment_38399\" aria-describedby=\"caption-attachment-38399\" style=\"width: 1024px\" class=\"wp-caption aligncenter\"><img loading=\"lazy\" decoding=\"async\" class=\"wp-image-38399 size-large\" src=\"https:\/\/mouldking.store\/wp-content\/uploads\/2022\/12\/GE-U-18B-NYC-MOC-116990-5-1024x1024.jpg\" alt=\"MOC-116990 GE U-18B NYC With 1409 Pieces\" width=\"1024\" height=\"1024\" title=\"-\" srcset=\"https:\/\/mouldking.store\/wp-content\/uploads\/2022\/12\/GE-U-18B-NYC-MOC-116990-5-1024x1024.jpg 1024w, https:\/\/mouldking.store\/wp-content\/uploads\/2022\/12\/GE-U-18B-NYC-MOC-116990-5-300x300.jpg 300w, https:\/\/mouldking.store\/wp-content\/uploads\/2022\/12\/GE-U-18B-NYC-MOC-116990-5-768x768.jpg 768w, https:\/\/mouldking.store\/wp-content\/uploads\/2022\/12\/GE-U-18B-NYC-MOC-116990-5-600x600.jpg 600w, https:\/\/mouldking.store\/wp-content\/uploads\/2022\/12\/GE-U-18B-NYC-MOC-116990-5-150x150.jpg 150w, https:\/\/mouldking.store\/wp-content\/uploads\/2022\/12\/GE-U-18B-NYC-MOC-116990-5-60x60.jpg 60w, https:\/\/mouldking.store\/wp-content\/uploads\/2022\/12\/GE-U-18B-NYC-MOC-116990-5-90x90.jpg 90w, https:\/\/mouldking.store\/wp-content\/uploads\/2022\/12\/GE-U-18B-NYC-MOC-116990-5.jpg 1100w\" sizes=\"(max-width: 1024px) 100vw, 1024px\" \/><figcaption id=\"caption-attachment-38399\" class=\"wp-caption-text\">MOC-116990 GE U-18B NYC Med 1409 deler<\/figcaption><\/figure>\n<figure id=\"attachment_38400\" aria-describedby=\"caption-attachment-38400\" style=\"width: 1024px\" class=\"wp-caption aligncenter\"><img loading=\"lazy\" decoding=\"async\" class=\"wp-image-38400 size-large\" src=\"https:\/\/mouldking.store\/wp-content\/uploads\/2022\/12\/GE-U-18B-NYC-MOC-116990-6-1024x1024.jpg\" alt=\"MOC-116990 GE U-18B NYC With 1409 Pieces\" width=\"1024\" height=\"1024\" title=\"-\" srcset=\"https:\/\/mouldking.store\/wp-content\/uploads\/2022\/12\/GE-U-18B-NYC-MOC-116990-6-1024x1024.jpg 1024w, https:\/\/mouldking.store\/wp-content\/uploads\/2022\/12\/GE-U-18B-NYC-MOC-116990-6-300x300.jpg 300w, https:\/\/mouldking.store\/wp-content\/uploads\/2022\/12\/GE-U-18B-NYC-MOC-116990-6-768x768.jpg 768w, https:\/\/mouldking.store\/wp-content\/uploads\/2022\/12\/GE-U-18B-NYC-MOC-116990-6-600x600.jpg 600w, https:\/\/mouldking.store\/wp-content\/uploads\/2022\/12\/GE-U-18B-NYC-MOC-116990-6-150x150.jpg 150w, https:\/\/mouldking.store\/wp-content\/uploads\/2022\/12\/GE-U-18B-NYC-MOC-116990-6-60x60.jpg 60w, https:\/\/mouldking.store\/wp-content\/uploads\/2022\/12\/GE-U-18B-NYC-MOC-116990-6-90x90.jpg 90w, https:\/\/mouldking.store\/wp-content\/uploads\/2022\/12\/GE-U-18B-NYC-MOC-116990-6.jpg 1100w\" sizes=\"(max-width: 1024px) 100vw, 1024px\" \/><figcaption id=\"caption-attachment-38400\" class=\"wp-caption-text\">MOC-116990 GE U-18B NYC Med 1409 deler<\/figcaption><\/figure>","protected":false},"excerpt":{"rendered":"<p>Byggeveiledning i pdf<\/p>\n<p>Uten originaleske<\/p>\n<p>Tidsbestemt: 4-8 uker<\/p>","protected":false},"featured_media":38394,"comment_status":"closed","ping_status":"closed","template":"","meta":{"_acf_changed":false},"product_cat":[1357,1406],"product_tag":[9800,9794,9801,430,9799,9802,9798],"class_list":["product","first","instock","shipping-taxable","purchasable","product-type-simple"],"acf":[],"_links":{"self":[{"href":"https:\/\/mouldking.store\/nb\/wp-json\/wp\/v2\/product\/38393","targetHints":{"allow":["GET"]}}],"collection":[{"href":"https:\/\/mouldking.store\/nb\/wp-json\/wp\/v2\/product"}],"about":[{"href":"https:\/\/mouldking.store\/nb\/wp-json\/wp\/v2\/types\/product"}],"replies":[{"embeddable":true,"href":"https:\/\/mouldking.store\/nb\/wp-json\/wp\/v2\/comments?post=38393"}],"wp:featuredmedia":[{"embeddable":true,"href":"https:\/\/mouldking.store\/nb\/wp-json\/wp\/v2\/media\/38394"}],"wp:attachment":[{"href":"https:\/\/mouldking.store\/nb\/wp-json\/wp\/v2\/media?parent=38393"}],"wp:term":[{"taxonomy":"product_cat","embeddable":true,"href":"https:\/\/mouldking.store\/nb\/wp-json\/wp\/v2\/product_cat?post=38393"},{"taxonomy":"product_tag","embeddable":true,"href":"https:\/\/mouldking.store\/nb\/wp-json\/wp\/v2\/product_tag?post=38393"}],"curies":[{"name":"wp","href":"https:\/\/api.w.org\/{rel}","templated":true}]}}