{"id":38415,"date":"2022-12-21T17:36:32","date_gmt":"2022-12-21T10:36:32","guid":{"rendered":"https:\/\/mouldking.store\/?post_type=product&#038;p=38415"},"modified":"2025-12-25T09:12:02","modified_gmt":"2025-12-25T02:12:02","slug":"moc-106121-tie-aethernight-tie-x8-with-1161-pieces","status":"publish","type":"product","link":"https:\/\/mouldking.store\/nb\/shop\/moc-106121-tie-aethernight-tie-x8-with-1161-pieces\/","title":{"rendered":"MOC-106121 TIE Aethernight (TIE\/x8) med 1161 stykker"},"content":{"rendered":"<ol>\n<li>Merke: MOC<\/li>\n<li>Kj\u00f8nn: Unisex<\/li>\n<li>Name: TIE Aethernight (TIE\/x8)<\/li>\n<li>Aldersgruppe: &gt; 6 \u00e5r gammel<\/li>\n<li>Model Number: 106121<\/li>\n<li>Klassifisering: Montering<\/li>\n<li>Plastblokkform: Selvl\u00e5sende murstein<\/li>\n<li>Materiale: Plast<\/li>\n<li>Plasttype: ABS<\/li>\n<li>Bricks Blocks:1161 PCS<\/li>\n<li>Dimensions: 32 x 31.6 x 15cm<\/li>\n<li>Vekt: 1200g<\/li>\n<li>Inneholder detaljerte monteringsanvisninger.<\/li>\n<\/ol>\n<p>Legge merke til:<br \/>\n1. Uten original eske, men vi garanterer at v\u00e5re produkter har kvalitetssikring og pen emballasje.<br \/>\n2. Som alle delene vi har sjekket f\u00f8r frakt, s\u00e5 hvis du finner noen deler savnet eller skadet, ikke bekymre deg og bare kontakt oss, s\u00e5 kan vi sende dem til deg p\u00e5 nytt umiddelbart gratis.<\/p>\n<figure id=\"attachment_38416\" aria-describedby=\"caption-attachment-38416\" style=\"width: 1024px\" class=\"wp-caption aligncenter\"><img fetchpriority=\"high\" decoding=\"async\" class=\"wp-image-38416 size-large\" src=\"https:\/\/mouldking.store\/wp-content\/uploads\/2022\/12\/MOC-106121-Star-Wars-TIE-Aethernight-TIEx8-MOC-FACTORY-1024x1024.png\" alt=\"MOC-106121 TIE Aethernight (TIE\/x8) With 1161 Pieces\" width=\"1024\" height=\"1024\" title=\"-\" srcset=\"https:\/\/mouldking.store\/wp-content\/uploads\/2022\/12\/MOC-106121-Star-Wars-TIE-Aethernight-TIEx8-MOC-FACTORY-1024x1024.png 1024w, https:\/\/mouldking.store\/wp-content\/uploads\/2022\/12\/MOC-106121-Star-Wars-TIE-Aethernight-TIEx8-MOC-FACTORY-300x300.png 300w, https:\/\/mouldking.store\/wp-content\/uploads\/2022\/12\/MOC-106121-Star-Wars-TIE-Aethernight-TIEx8-MOC-FACTORY-768x768.png 768w, https:\/\/mouldking.store\/wp-content\/uploads\/2022\/12\/MOC-106121-Star-Wars-TIE-Aethernight-TIEx8-MOC-FACTORY-600x600.png 600w, https:\/\/mouldking.store\/wp-content\/uploads\/2022\/12\/MOC-106121-Star-Wars-TIE-Aethernight-TIEx8-MOC-FACTORY-150x150.png 150w, https:\/\/mouldking.store\/wp-content\/uploads\/2022\/12\/MOC-106121-Star-Wars-TIE-Aethernight-TIEx8-MOC-FACTORY-60x60.png 60w, https:\/\/mouldking.store\/wp-content\/uploads\/2022\/12\/MOC-106121-Star-Wars-TIE-Aethernight-TIEx8-MOC-FACTORY-90x90.png 90w, https:\/\/mouldking.store\/wp-content\/uploads\/2022\/12\/MOC-106121-Star-Wars-TIE-Aethernight-TIEx8-MOC-FACTORY.png 1095w\" sizes=\"(max-width: 1024px) 100vw, 1024px\" \/><figcaption id=\"caption-attachment-38416\" class=\"wp-caption-text\">MOC-106121 TIE Aethernight (TIE\/x8) med 1161 stykker<\/figcaption><\/figure>\n<figure id=\"attachment_38417\" aria-describedby=\"caption-attachment-38417\" style=\"width: 1024px\" class=\"wp-caption aligncenter\"><img decoding=\"async\" class=\"wp-image-38417 size-large\" src=\"https:\/\/mouldking.store\/wp-content\/uploads\/2022\/12\/TIE-Aethernight-TIEx8-MOC-106121-1-1024x1024.jpg\" alt=\"MOC-106121 TIE Aethernight (TIE\/x8) With 1161 Pieces\" width=\"1024\" height=\"1024\" title=\"-\" srcset=\"https:\/\/mouldking.store\/wp-content\/uploads\/2022\/12\/TIE-Aethernight-TIEx8-MOC-106121-1-1024x1024.jpg 1024w, https:\/\/mouldking.store\/wp-content\/uploads\/2022\/12\/TIE-Aethernight-TIEx8-MOC-106121-1-300x300.jpg 300w, https:\/\/mouldking.store\/wp-content\/uploads\/2022\/12\/TIE-Aethernight-TIEx8-MOC-106121-1-768x768.jpg 768w, https:\/\/mouldking.store\/wp-content\/uploads\/2022\/12\/TIE-Aethernight-TIEx8-MOC-106121-1-600x600.jpg 600w, https:\/\/mouldking.store\/wp-content\/uploads\/2022\/12\/TIE-Aethernight-TIEx8-MOC-106121-1-150x150.jpg 150w, https:\/\/mouldking.store\/wp-content\/uploads\/2022\/12\/TIE-Aethernight-TIEx8-MOC-106121-1-60x60.jpg 60w, https:\/\/mouldking.store\/wp-content\/uploads\/2022\/12\/TIE-Aethernight-TIEx8-MOC-106121-1-90x90.jpg 90w, https:\/\/mouldking.store\/wp-content\/uploads\/2022\/12\/TIE-Aethernight-TIEx8-MOC-106121-1.jpg 1100w\" sizes=\"(max-width: 1024px) 100vw, 1024px\" \/><figcaption id=\"caption-attachment-38417\" class=\"wp-caption-text\">MOC-106121 TIE Aethernight (TIE\/x8) med 1161 stykker<\/figcaption><\/figure>\n<figure id=\"attachment_38418\" aria-describedby=\"caption-attachment-38418\" style=\"width: 1024px\" class=\"wp-caption aligncenter\"><img decoding=\"async\" class=\"wp-image-38418 size-large\" src=\"https:\/\/mouldking.store\/wp-content\/uploads\/2022\/12\/TIE-Aethernight-TIEx8-MOC-106121-2-1024x1024.jpg\" alt=\"MOC-106121 TIE Aethernight (TIE\/x8) With 1161 Pieces\" width=\"1024\" height=\"1024\" title=\"-\" srcset=\"https:\/\/mouldking.store\/wp-content\/uploads\/2022\/12\/TIE-Aethernight-TIEx8-MOC-106121-2-1024x1024.jpg 1024w, https:\/\/mouldking.store\/wp-content\/uploads\/2022\/12\/TIE-Aethernight-TIEx8-MOC-106121-2-300x300.jpg 300w, https:\/\/mouldking.store\/wp-content\/uploads\/2022\/12\/TIE-Aethernight-TIEx8-MOC-106121-2-768x768.jpg 768w, https:\/\/mouldking.store\/wp-content\/uploads\/2022\/12\/TIE-Aethernight-TIEx8-MOC-106121-2-600x600.jpg 600w, https:\/\/mouldking.store\/wp-content\/uploads\/2022\/12\/TIE-Aethernight-TIEx8-MOC-106121-2-150x150.jpg 150w, https:\/\/mouldking.store\/wp-content\/uploads\/2022\/12\/TIE-Aethernight-TIEx8-MOC-106121-2-60x60.jpg 60w, https:\/\/mouldking.store\/wp-content\/uploads\/2022\/12\/TIE-Aethernight-TIEx8-MOC-106121-2-90x90.jpg 90w, https:\/\/mouldking.store\/wp-content\/uploads\/2022\/12\/TIE-Aethernight-TIEx8-MOC-106121-2.jpg 1100w\" sizes=\"(max-width: 1024px) 100vw, 1024px\" \/><figcaption id=\"caption-attachment-38418\" class=\"wp-caption-text\">MOC-106121 TIE Aethernight (TIE\/x8) med 1161 stykker<\/figcaption><\/figure>\n<figure id=\"attachment_38419\" aria-describedby=\"caption-attachment-38419\" style=\"width: 1024px\" class=\"wp-caption aligncenter\"><img loading=\"lazy\" decoding=\"async\" class=\"wp-image-38419 size-large\" src=\"https:\/\/mouldking.store\/wp-content\/uploads\/2022\/12\/TIE-Aethernight-TIEx8-MOC-106121-3-1024x1024.jpg\" alt=\"MOC-106121 TIE Aethernight (TIE\/x8) With 1161 Pieces\" width=\"1024\" height=\"1024\" title=\"-\" srcset=\"https:\/\/mouldking.store\/wp-content\/uploads\/2022\/12\/TIE-Aethernight-TIEx8-MOC-106121-3-1024x1024.jpg 1024w, https:\/\/mouldking.store\/wp-content\/uploads\/2022\/12\/TIE-Aethernight-TIEx8-MOC-106121-3-300x300.jpg 300w, https:\/\/mouldking.store\/wp-content\/uploads\/2022\/12\/TIE-Aethernight-TIEx8-MOC-106121-3-768x768.jpg 768w, https:\/\/mouldking.store\/wp-content\/uploads\/2022\/12\/TIE-Aethernight-TIEx8-MOC-106121-3-600x600.jpg 600w, https:\/\/mouldking.store\/wp-content\/uploads\/2022\/12\/TIE-Aethernight-TIEx8-MOC-106121-3-150x150.jpg 150w, https:\/\/mouldking.store\/wp-content\/uploads\/2022\/12\/TIE-Aethernight-TIEx8-MOC-106121-3-60x60.jpg 60w, https:\/\/mouldking.store\/wp-content\/uploads\/2022\/12\/TIE-Aethernight-TIEx8-MOC-106121-3-90x90.jpg 90w, https:\/\/mouldking.store\/wp-content\/uploads\/2022\/12\/TIE-Aethernight-TIEx8-MOC-106121-3.jpg 1100w\" sizes=\"(max-width: 1024px) 100vw, 1024px\" \/><figcaption id=\"caption-attachment-38419\" class=\"wp-caption-text\">MOC-106121 TIE Aethernight (TIE\/x8) med 1161 stykker<\/figcaption><\/figure>\n<figure id=\"attachment_38420\" aria-describedby=\"caption-attachment-38420\" style=\"width: 1024px\" class=\"wp-caption aligncenter\"><img loading=\"lazy\" decoding=\"async\" class=\"wp-image-38420 size-large\" src=\"https:\/\/mouldking.store\/wp-content\/uploads\/2022\/12\/TIE-Aethernight-TIEx8-MOC-106121-4-1024x1024.jpg\" alt=\"MOC-106121 TIE Aethernight (TIE\/x8) With 1161 Pieces\" width=\"1024\" height=\"1024\" title=\"-\" srcset=\"https:\/\/mouldking.store\/wp-content\/uploads\/2022\/12\/TIE-Aethernight-TIEx8-MOC-106121-4-1024x1024.jpg 1024w, https:\/\/mouldking.store\/wp-content\/uploads\/2022\/12\/TIE-Aethernight-TIEx8-MOC-106121-4-300x300.jpg 300w, https:\/\/mouldking.store\/wp-content\/uploads\/2022\/12\/TIE-Aethernight-TIEx8-MOC-106121-4-768x768.jpg 768w, https:\/\/mouldking.store\/wp-content\/uploads\/2022\/12\/TIE-Aethernight-TIEx8-MOC-106121-4-600x600.jpg 600w, https:\/\/mouldking.store\/wp-content\/uploads\/2022\/12\/TIE-Aethernight-TIEx8-MOC-106121-4-150x150.jpg 150w, https:\/\/mouldking.store\/wp-content\/uploads\/2022\/12\/TIE-Aethernight-TIEx8-MOC-106121-4-60x60.jpg 60w, https:\/\/mouldking.store\/wp-content\/uploads\/2022\/12\/TIE-Aethernight-TIEx8-MOC-106121-4-90x90.jpg 90w, https:\/\/mouldking.store\/wp-content\/uploads\/2022\/12\/TIE-Aethernight-TIEx8-MOC-106121-4.jpg 1100w\" sizes=\"(max-width: 1024px) 100vw, 1024px\" \/><figcaption id=\"caption-attachment-38420\" class=\"wp-caption-text\">MOC-106121 TIE Aethernight (TIE\/x8) med 1161 stykker<\/figcaption><\/figure>\n<figure id=\"attachment_38421\" aria-describedby=\"caption-attachment-38421\" style=\"width: 1024px\" class=\"wp-caption aligncenter\"><img loading=\"lazy\" decoding=\"async\" class=\"wp-image-38421 size-large\" src=\"https:\/\/mouldking.store\/wp-content\/uploads\/2022\/12\/TIE-Aethernight-TIEx8-MOC-106121-5-1024x1024.jpg\" alt=\"MOC-106121 TIE Aethernight (TIE\/x8) With 1161 Pieces\" width=\"1024\" height=\"1024\" title=\"-\" srcset=\"https:\/\/mouldking.store\/wp-content\/uploads\/2022\/12\/TIE-Aethernight-TIEx8-MOC-106121-5-1024x1024.jpg 1024w, https:\/\/mouldking.store\/wp-content\/uploads\/2022\/12\/TIE-Aethernight-TIEx8-MOC-106121-5-300x300.jpg 300w, https:\/\/mouldking.store\/wp-content\/uploads\/2022\/12\/TIE-Aethernight-TIEx8-MOC-106121-5-768x768.jpg 768w, https:\/\/mouldking.store\/wp-content\/uploads\/2022\/12\/TIE-Aethernight-TIEx8-MOC-106121-5-600x600.jpg 600w, https:\/\/mouldking.store\/wp-content\/uploads\/2022\/12\/TIE-Aethernight-TIEx8-MOC-106121-5-150x150.jpg 150w, https:\/\/mouldking.store\/wp-content\/uploads\/2022\/12\/TIE-Aethernight-TIEx8-MOC-106121-5-60x60.jpg 60w, https:\/\/mouldking.store\/wp-content\/uploads\/2022\/12\/TIE-Aethernight-TIEx8-MOC-106121-5-90x90.jpg 90w, https:\/\/mouldking.store\/wp-content\/uploads\/2022\/12\/TIE-Aethernight-TIEx8-MOC-106121-5.jpg 1100w\" sizes=\"(max-width: 1024px) 100vw, 1024px\" \/><figcaption id=\"caption-attachment-38421\" class=\"wp-caption-text\">MOC-106121 TIE Aethernight (TIE\/x8) med 1161 stykker<\/figcaption><\/figure>\n<figure id=\"attachment_38422\" aria-describedby=\"caption-attachment-38422\" style=\"width: 1024px\" class=\"wp-caption aligncenter\"><img loading=\"lazy\" decoding=\"async\" class=\"wp-image-38422 size-large\" src=\"https:\/\/mouldking.store\/wp-content\/uploads\/2022\/12\/TIE-Aethernight-TIEx8-MOC-106121-6-1024x1024.jpg\" alt=\"MOC-106121 TIE Aethernight (TIE\/x8) With 1161 Pieces\" width=\"1024\" height=\"1024\" title=\"-\" srcset=\"https:\/\/mouldking.store\/wp-content\/uploads\/2022\/12\/TIE-Aethernight-TIEx8-MOC-106121-6-1024x1024.jpg 1024w, https:\/\/mouldking.store\/wp-content\/uploads\/2022\/12\/TIE-Aethernight-TIEx8-MOC-106121-6-300x300.jpg 300w, https:\/\/mouldking.store\/wp-content\/uploads\/2022\/12\/TIE-Aethernight-TIEx8-MOC-106121-6-768x768.jpg 768w, https:\/\/mouldking.store\/wp-content\/uploads\/2022\/12\/TIE-Aethernight-TIEx8-MOC-106121-6-600x600.jpg 600w, https:\/\/mouldking.store\/wp-content\/uploads\/2022\/12\/TIE-Aethernight-TIEx8-MOC-106121-6-150x150.jpg 150w, https:\/\/mouldking.store\/wp-content\/uploads\/2022\/12\/TIE-Aethernight-TIEx8-MOC-106121-6-60x60.jpg 60w, https:\/\/mouldking.store\/wp-content\/uploads\/2022\/12\/TIE-Aethernight-TIEx8-MOC-106121-6-90x90.jpg 90w, https:\/\/mouldking.store\/wp-content\/uploads\/2022\/12\/TIE-Aethernight-TIEx8-MOC-106121-6.jpg 1100w\" sizes=\"(max-width: 1024px) 100vw, 1024px\" \/><figcaption id=\"caption-attachment-38422\" class=\"wp-caption-text\">MOC-106121 TIE Aethernight (TIE\/x8) med 1161 stykker<\/figcaption><\/figure>","protected":false},"excerpt":{"rendered":"<p>Byggeveiledning i pdf<\/p>\n<p>Uten originaleske<\/p>\n<p>Tidsbestemt: 4-8 uker<\/p>","protected":false},"featured_media":38416,"comment_status":"closed","ping_status":"closed","template":"","meta":{"_acf_changed":false},"product_cat":[1406,415],"product_tag":[9821,430,9820,9825,9819,5532,9823,9824,9822],"class_list":["product","first","instock","shipping-taxable","purchasable","product-type-simple"],"acf":[],"_links":{"self":[{"href":"https:\/\/mouldking.store\/nb\/wp-json\/wp\/v2\/product\/38415","targetHints":{"allow":["GET"]}}],"collection":[{"href":"https:\/\/mouldking.store\/nb\/wp-json\/wp\/v2\/product"}],"about":[{"href":"https:\/\/mouldking.store\/nb\/wp-json\/wp\/v2\/types\/product"}],"replies":[{"embeddable":true,"href":"https:\/\/mouldking.store\/nb\/wp-json\/wp\/v2\/comments?post=38415"}],"wp:featuredmedia":[{"embeddable":true,"href":"https:\/\/mouldking.store\/nb\/wp-json\/wp\/v2\/media\/38416"}],"wp:attachment":[{"href":"https:\/\/mouldking.store\/nb\/wp-json\/wp\/v2\/media?parent=38415"}],"wp:term":[{"taxonomy":"product_cat","embeddable":true,"href":"https:\/\/mouldking.store\/nb\/wp-json\/wp\/v2\/product_cat?post=38415"},{"taxonomy":"product_tag","embeddable":true,"href":"https:\/\/mouldking.store\/nb\/wp-json\/wp\/v2\/product_tag?post=38415"}],"curies":[{"name":"wp","href":"https:\/\/api.w.org\/{rel}","templated":true}]}}