{"id":38435,"date":"2022-12-21T17:57:38","date_gmt":"2022-12-21T10:57:38","guid":{"rendered":"https:\/\/mouldking.store\/?post_type=product&#038;p=38435"},"modified":"2025-12-25T09:12:02","modified_gmt":"2025-12-25T02:12:02","slug":"moc-106890-tie-aggressor-tie-ag-with-1105-pieces","status":"publish","type":"product","link":"https:\/\/mouldking.store\/nb\/shop\/moc-106890-tie-aggressor-tie-ag-with-1105-pieces\/","title":{"rendered":"MOC-106890 TIE Aggressor (TIE\/ag) Med 1105 Brikker"},"content":{"rendered":"<ol>\n<li>Merke: MOC<\/li>\n<li>Kj\u00f8nn: Unisex<\/li>\n<li>Name: TIE Aggressor (TIE\/ag)<\/li>\n<li>Aldersgruppe: &gt; 6 \u00e5r gammel<\/li>\n<li>Model Number: 106890<\/li>\n<li>Klassifisering: Montering<\/li>\n<li>Plastblokkform: Selvl\u00e5sende murstein<\/li>\n<li>Materiale: Plast<\/li>\n<li>Plasttype: ABS<\/li>\n<li>Bricks Blocks:1105\u00a0PCS<\/li>\n<li>Dimensions: 27.2 x 22.5 x 15.7cm<\/li>\n<li>Vekt: 1100g<\/li>\n<li>Inneholder detaljerte monteringsanvisninger.<\/li>\n<\/ol>\n<p>Legge merke til:<br \/>\n1. Uten original eske, men vi garanterer at v\u00e5re produkter har kvalitetssikring og pen emballasje.<br \/>\n2. Som alle delene vi har sjekket f\u00f8r frakt, s\u00e5 hvis du finner noen deler savnet eller skadet, ikke bekymre deg og bare kontakt oss, s\u00e5 kan vi sende dem til deg p\u00e5 nytt umiddelbart gratis.<\/p>\n<figure id=\"attachment_38436\" aria-describedby=\"caption-attachment-38436\" style=\"width: 1024px\" class=\"wp-caption aligncenter\"><img fetchpriority=\"high\" decoding=\"async\" class=\"wp-image-38436 size-large\" src=\"https:\/\/mouldking.store\/wp-content\/uploads\/2022\/12\/MOC-106890-Star-Wars-TIE-Aggressor-TIEag-MOC-FACTORY-1024x1024.png\" alt=\"MOC-106890 TIE Aggressor (TIE\/ag) With 1105 Pieces\" width=\"1024\" height=\"1024\" title=\"-\" srcset=\"https:\/\/mouldking.store\/wp-content\/uploads\/2022\/12\/MOC-106890-Star-Wars-TIE-Aggressor-TIEag-MOC-FACTORY-1024x1024.png 1024w, https:\/\/mouldking.store\/wp-content\/uploads\/2022\/12\/MOC-106890-Star-Wars-TIE-Aggressor-TIEag-MOC-FACTORY-300x300.png 300w, https:\/\/mouldking.store\/wp-content\/uploads\/2022\/12\/MOC-106890-Star-Wars-TIE-Aggressor-TIEag-MOC-FACTORY-768x768.png 768w, https:\/\/mouldking.store\/wp-content\/uploads\/2022\/12\/MOC-106890-Star-Wars-TIE-Aggressor-TIEag-MOC-FACTORY-600x600.png 600w, https:\/\/mouldking.store\/wp-content\/uploads\/2022\/12\/MOC-106890-Star-Wars-TIE-Aggressor-TIEag-MOC-FACTORY-150x150.png 150w, https:\/\/mouldking.store\/wp-content\/uploads\/2022\/12\/MOC-106890-Star-Wars-TIE-Aggressor-TIEag-MOC-FACTORY-60x60.png 60w, https:\/\/mouldking.store\/wp-content\/uploads\/2022\/12\/MOC-106890-Star-Wars-TIE-Aggressor-TIEag-MOC-FACTORY-90x90.png 90w, https:\/\/mouldking.store\/wp-content\/uploads\/2022\/12\/MOC-106890-Star-Wars-TIE-Aggressor-TIEag-MOC-FACTORY.png 1095w\" sizes=\"(max-width: 1024px) 100vw, 1024px\" \/><figcaption id=\"caption-attachment-38436\" class=\"wp-caption-text\">MOC-106890 TIE Aggressor (TIE\/ag) Med 1105 Brikker<\/figcaption><\/figure>\n<figure id=\"attachment_38437\" aria-describedby=\"caption-attachment-38437\" style=\"width: 1024px\" class=\"wp-caption aligncenter\"><img decoding=\"async\" class=\"wp-image-38437 size-large\" src=\"https:\/\/mouldking.store\/wp-content\/uploads\/2022\/12\/TIE-Aggressor-TIEag-MOC-106890-1-1024x1024.jpg\" alt=\"MOC-106890 TIE Aggressor (TIE\/ag) With 1105 Pieces\" width=\"1024\" height=\"1024\" title=\"-\" srcset=\"https:\/\/mouldking.store\/wp-content\/uploads\/2022\/12\/TIE-Aggressor-TIEag-MOC-106890-1-1024x1024.jpg 1024w, https:\/\/mouldking.store\/wp-content\/uploads\/2022\/12\/TIE-Aggressor-TIEag-MOC-106890-1-300x300.jpg 300w, https:\/\/mouldking.store\/wp-content\/uploads\/2022\/12\/TIE-Aggressor-TIEag-MOC-106890-1-768x768.jpg 768w, https:\/\/mouldking.store\/wp-content\/uploads\/2022\/12\/TIE-Aggressor-TIEag-MOC-106890-1-600x600.jpg 600w, https:\/\/mouldking.store\/wp-content\/uploads\/2022\/12\/TIE-Aggressor-TIEag-MOC-106890-1-150x150.jpg 150w, https:\/\/mouldking.store\/wp-content\/uploads\/2022\/12\/TIE-Aggressor-TIEag-MOC-106890-1-60x60.jpg 60w, https:\/\/mouldking.store\/wp-content\/uploads\/2022\/12\/TIE-Aggressor-TIEag-MOC-106890-1-90x90.jpg 90w, https:\/\/mouldking.store\/wp-content\/uploads\/2022\/12\/TIE-Aggressor-TIEag-MOC-106890-1.jpg 1100w\" sizes=\"(max-width: 1024px) 100vw, 1024px\" \/><figcaption id=\"caption-attachment-38437\" class=\"wp-caption-text\">MOC-106890 TIE Aggressor (TIE\/ag) Med 1105 Brikker<\/figcaption><\/figure>\n<figure id=\"attachment_38438\" aria-describedby=\"caption-attachment-38438\" style=\"width: 1024px\" class=\"wp-caption aligncenter\"><img decoding=\"async\" class=\"wp-image-38438 size-large\" src=\"https:\/\/mouldking.store\/wp-content\/uploads\/2022\/12\/TIE-Aggressor-TIEag-MOC-106890-2-1024x1024.jpg\" alt=\"MOC-106890 TIE Aggressor (TIE\/ag) With 1105 Pieces\" width=\"1024\" height=\"1024\" title=\"-\" srcset=\"https:\/\/mouldking.store\/wp-content\/uploads\/2022\/12\/TIE-Aggressor-TIEag-MOC-106890-2-1024x1024.jpg 1024w, https:\/\/mouldking.store\/wp-content\/uploads\/2022\/12\/TIE-Aggressor-TIEag-MOC-106890-2-300x300.jpg 300w, https:\/\/mouldking.store\/wp-content\/uploads\/2022\/12\/TIE-Aggressor-TIEag-MOC-106890-2-768x768.jpg 768w, https:\/\/mouldking.store\/wp-content\/uploads\/2022\/12\/TIE-Aggressor-TIEag-MOC-106890-2-600x600.jpg 600w, https:\/\/mouldking.store\/wp-content\/uploads\/2022\/12\/TIE-Aggressor-TIEag-MOC-106890-2-150x150.jpg 150w, https:\/\/mouldking.store\/wp-content\/uploads\/2022\/12\/TIE-Aggressor-TIEag-MOC-106890-2-60x60.jpg 60w, https:\/\/mouldking.store\/wp-content\/uploads\/2022\/12\/TIE-Aggressor-TIEag-MOC-106890-2-90x90.jpg 90w, https:\/\/mouldking.store\/wp-content\/uploads\/2022\/12\/TIE-Aggressor-TIEag-MOC-106890-2.jpg 1100w\" sizes=\"(max-width: 1024px) 100vw, 1024px\" \/><figcaption id=\"caption-attachment-38438\" class=\"wp-caption-text\">MOC-106890 TIE Aggressor (TIE\/ag) Med 1105 Brikker<\/figcaption><\/figure>\n<figure id=\"attachment_38439\" aria-describedby=\"caption-attachment-38439\" style=\"width: 1100px\" class=\"wp-caption aligncenter\"><img loading=\"lazy\" decoding=\"async\" class=\"wp-image-38439 size-full\" src=\"https:\/\/mouldking.store\/wp-content\/uploads\/2022\/12\/TIE-Aggressor-TIEag-MOC-106890-3.jpg\" alt=\"MOC-106890 TIE Aggressor (TIE\/ag) With 1105 Pieces\" width=\"1100\" height=\"1100\" title=\"-\" srcset=\"https:\/\/mouldking.store\/wp-content\/uploads\/2022\/12\/TIE-Aggressor-TIEag-MOC-106890-3.jpg 1100w, https:\/\/mouldking.store\/wp-content\/uploads\/2022\/12\/TIE-Aggressor-TIEag-MOC-106890-3-300x300.jpg 300w, https:\/\/mouldking.store\/wp-content\/uploads\/2022\/12\/TIE-Aggressor-TIEag-MOC-106890-3-1024x1024.jpg 1024w, https:\/\/mouldking.store\/wp-content\/uploads\/2022\/12\/TIE-Aggressor-TIEag-MOC-106890-3-768x768.jpg 768w, https:\/\/mouldking.store\/wp-content\/uploads\/2022\/12\/TIE-Aggressor-TIEag-MOC-106890-3-600x600.jpg 600w, https:\/\/mouldking.store\/wp-content\/uploads\/2022\/12\/TIE-Aggressor-TIEag-MOC-106890-3-150x150.jpg 150w, https:\/\/mouldking.store\/wp-content\/uploads\/2022\/12\/TIE-Aggressor-TIEag-MOC-106890-3-60x60.jpg 60w, https:\/\/mouldking.store\/wp-content\/uploads\/2022\/12\/TIE-Aggressor-TIEag-MOC-106890-3-90x90.jpg 90w\" sizes=\"(max-width: 1100px) 100vw, 1100px\" \/><figcaption id=\"caption-attachment-38439\" class=\"wp-caption-text\">MOC-106890 TIE Aggressor (TIE\/ag) Med 1105 Brikker<\/figcaption><\/figure>\n<figure id=\"attachment_38440\" aria-describedby=\"caption-attachment-38440\" style=\"width: 1100px\" class=\"wp-caption aligncenter\"><img loading=\"lazy\" decoding=\"async\" class=\"wp-image-38440 size-full\" src=\"https:\/\/mouldking.store\/wp-content\/uploads\/2022\/12\/TIE-Aggressor-TIEag-MOC-106890-4.jpg\" alt=\"MOC-106890 TIE Aggressor (TIE\/ag) With 1105 Pieces\" width=\"1100\" height=\"1100\" title=\"-\" srcset=\"https:\/\/mouldking.store\/wp-content\/uploads\/2022\/12\/TIE-Aggressor-TIEag-MOC-106890-4.jpg 1100w, https:\/\/mouldking.store\/wp-content\/uploads\/2022\/12\/TIE-Aggressor-TIEag-MOC-106890-4-300x300.jpg 300w, https:\/\/mouldking.store\/wp-content\/uploads\/2022\/12\/TIE-Aggressor-TIEag-MOC-106890-4-1024x1024.jpg 1024w, https:\/\/mouldking.store\/wp-content\/uploads\/2022\/12\/TIE-Aggressor-TIEag-MOC-106890-4-768x768.jpg 768w, https:\/\/mouldking.store\/wp-content\/uploads\/2022\/12\/TIE-Aggressor-TIEag-MOC-106890-4-600x600.jpg 600w, https:\/\/mouldking.store\/wp-content\/uploads\/2022\/12\/TIE-Aggressor-TIEag-MOC-106890-4-150x150.jpg 150w, https:\/\/mouldking.store\/wp-content\/uploads\/2022\/12\/TIE-Aggressor-TIEag-MOC-106890-4-60x60.jpg 60w, https:\/\/mouldking.store\/wp-content\/uploads\/2022\/12\/TIE-Aggressor-TIEag-MOC-106890-4-90x90.jpg 90w\" sizes=\"(max-width: 1100px) 100vw, 1100px\" \/><figcaption id=\"caption-attachment-38440\" class=\"wp-caption-text\">MOC-106890 TIE Aggressor (TIE\/ag) Med 1105 Brikker<\/figcaption><\/figure>\n<figure id=\"attachment_38441\" aria-describedby=\"caption-attachment-38441\" style=\"width: 1100px\" class=\"wp-caption aligncenter\"><img loading=\"lazy\" decoding=\"async\" class=\"wp-image-38441 size-full\" src=\"https:\/\/mouldking.store\/wp-content\/uploads\/2022\/12\/TIE-Aggressor-TIEag-MOC-106890-5.jpg\" alt=\"MOC-106890 TIE Aggressor (TIE\/ag) With 1105 Pieces\" width=\"1100\" height=\"1100\" title=\"-\" srcset=\"https:\/\/mouldking.store\/wp-content\/uploads\/2022\/12\/TIE-Aggressor-TIEag-MOC-106890-5.jpg 1100w, https:\/\/mouldking.store\/wp-content\/uploads\/2022\/12\/TIE-Aggressor-TIEag-MOC-106890-5-300x300.jpg 300w, https:\/\/mouldking.store\/wp-content\/uploads\/2022\/12\/TIE-Aggressor-TIEag-MOC-106890-5-1024x1024.jpg 1024w, https:\/\/mouldking.store\/wp-content\/uploads\/2022\/12\/TIE-Aggressor-TIEag-MOC-106890-5-768x768.jpg 768w, https:\/\/mouldking.store\/wp-content\/uploads\/2022\/12\/TIE-Aggressor-TIEag-MOC-106890-5-600x600.jpg 600w, https:\/\/mouldking.store\/wp-content\/uploads\/2022\/12\/TIE-Aggressor-TIEag-MOC-106890-5-150x150.jpg 150w, https:\/\/mouldking.store\/wp-content\/uploads\/2022\/12\/TIE-Aggressor-TIEag-MOC-106890-5-60x60.jpg 60w, https:\/\/mouldking.store\/wp-content\/uploads\/2022\/12\/TIE-Aggressor-TIEag-MOC-106890-5-90x90.jpg 90w\" sizes=\"(max-width: 1100px) 100vw, 1100px\" \/><figcaption id=\"caption-attachment-38441\" class=\"wp-caption-text\">MOC-106890 TIE Aggressor (TIE\/ag) Med 1105 Brikker<\/figcaption><\/figure>\n<figure id=\"attachment_38442\" aria-describedby=\"caption-attachment-38442\" style=\"width: 1024px\" class=\"wp-caption aligncenter\"><img loading=\"lazy\" decoding=\"async\" class=\"wp-image-38442 size-large\" src=\"https:\/\/mouldking.store\/wp-content\/uploads\/2022\/12\/TIE-Aggressor-TIEag-MOC-106890-6-1024x1024.jpg\" alt=\"MOC-106890 TIE Aggressor (TIE\/ag) With 1105 Pieces\" width=\"1024\" height=\"1024\" title=\"-\" srcset=\"https:\/\/mouldking.store\/wp-content\/uploads\/2022\/12\/TIE-Aggressor-TIEag-MOC-106890-6-1024x1024.jpg 1024w, https:\/\/mouldking.store\/wp-content\/uploads\/2022\/12\/TIE-Aggressor-TIEag-MOC-106890-6-300x300.jpg 300w, https:\/\/mouldking.store\/wp-content\/uploads\/2022\/12\/TIE-Aggressor-TIEag-MOC-106890-6-768x768.jpg 768w, https:\/\/mouldking.store\/wp-content\/uploads\/2022\/12\/TIE-Aggressor-TIEag-MOC-106890-6-600x600.jpg 600w, https:\/\/mouldking.store\/wp-content\/uploads\/2022\/12\/TIE-Aggressor-TIEag-MOC-106890-6-150x150.jpg 150w, https:\/\/mouldking.store\/wp-content\/uploads\/2022\/12\/TIE-Aggressor-TIEag-MOC-106890-6-60x60.jpg 60w, https:\/\/mouldking.store\/wp-content\/uploads\/2022\/12\/TIE-Aggressor-TIEag-MOC-106890-6-90x90.jpg 90w, https:\/\/mouldking.store\/wp-content\/uploads\/2022\/12\/TIE-Aggressor-TIEag-MOC-106890-6.jpg 1100w\" sizes=\"(max-width: 1024px) 100vw, 1024px\" \/><figcaption id=\"caption-attachment-38442\" class=\"wp-caption-text\">MOC-106890 TIE Aggressor (TIE\/ag) Med 1105 Brikker<\/figcaption><\/figure>","protected":false},"excerpt":{"rendered":"<p>Byggeveiledning i pdf<\/p>\n<p>Uten originaleske<\/p>\n<p>Tidsbestemt: 4-8 uker<\/p>","protected":false},"featured_media":38436,"comment_status":"closed","ping_status":"closed","template":"","meta":{"_acf_changed":false},"product_cat":[1406,415],"product_tag":[9835,430,9834,9839,9833,5532,9836,9838,9837],"class_list":["product","first","instock","shipping-taxable","purchasable","product-type-simple"],"acf":[],"_links":{"self":[{"href":"https:\/\/mouldking.store\/nb\/wp-json\/wp\/v2\/product\/38435","targetHints":{"allow":["GET"]}}],"collection":[{"href":"https:\/\/mouldking.store\/nb\/wp-json\/wp\/v2\/product"}],"about":[{"href":"https:\/\/mouldking.store\/nb\/wp-json\/wp\/v2\/types\/product"}],"replies":[{"embeddable":true,"href":"https:\/\/mouldking.store\/nb\/wp-json\/wp\/v2\/comments?post=38435"}],"wp:featuredmedia":[{"embeddable":true,"href":"https:\/\/mouldking.store\/nb\/wp-json\/wp\/v2\/media\/38436"}],"wp:attachment":[{"href":"https:\/\/mouldking.store\/nb\/wp-json\/wp\/v2\/media?parent=38435"}],"wp:term":[{"taxonomy":"product_cat","embeddable":true,"href":"https:\/\/mouldking.store\/nb\/wp-json\/wp\/v2\/product_cat?post=38435"},{"taxonomy":"product_tag","embeddable":true,"href":"https:\/\/mouldking.store\/nb\/wp-json\/wp\/v2\/product_tag?post=38435"}],"curies":[{"name":"wp","href":"https:\/\/api.w.org\/{rel}","templated":true}]}}