{"id":38494,"date":"2022-12-22T10:42:53","date_gmt":"2022-12-22T03:42:53","guid":{"rendered":"https:\/\/mouldking.store\/?post_type=product&#038;p=38494"},"modified":"2025-12-25T09:11:59","modified_gmt":"2025-12-25T02:11:59","slug":"moc-106523-medieval-guard-house-by-the-river-version-2-0-with-2281-pieces","status":"publish","type":"product","link":"https:\/\/mouldking.store\/nb\/shop\/moc-106523-medieval-guard-house-by-the-river-version-2-0-with-2281-pieces\/","title":{"rendered":"MOC-106523 Middelaldervakthus ved elven Versjon 2.0 Med 2281 Brikker"},"content":{"rendered":"<ol>\n<li>Merke: MOC<\/li>\n<li>Kj\u00f8nn: Unisex<\/li>\n<li>Name: Medieval Guard House by the River Version 2.0<\/li>\n<li>Aldersgruppe: &gt; 6 \u00e5r gammel<\/li>\n<li>Model Number: 106523<\/li>\n<li>Klassifisering: Montering<\/li>\n<li>Plastblokkform: Selvl\u00e5sende murstein<\/li>\n<li>Materiale: Plast<\/li>\n<li>Plasttype: ABS<\/li>\n<li>Bricks Blocks:2281 PCS<\/li>\n<li>Weight:2600g<\/li>\n<li>Inneholder detaljerte monteringsanvisninger.<\/li>\n<\/ol>\n<p>Legge merke til:<br \/>\n1. Uten original eske, men vi garanterer at v\u00e5re produkter har kvalitetssikring og pen emballasje.<br \/>\n2. Som alle delene vi har sjekket f\u00f8r frakt, s\u00e5 hvis du finner noen deler savnet eller skadet, ikke bekymre deg og bare kontakt oss, s\u00e5 kan vi sende dem til deg p\u00e5 nytt umiddelbart gratis.<\/p>\n<figure id=\"attachment_38495\" aria-describedby=\"caption-attachment-38495\" style=\"width: 1024px\" class=\"wp-caption aligncenter\"><img fetchpriority=\"high\" decoding=\"async\" class=\"wp-image-38495 size-large\" src=\"https:\/\/mouldking.store\/wp-content\/uploads\/2022\/12\/MOC-106523-Creator-Medieval-Guard-House-by-the-River-Version-2.0-MOC-FACTORY-1024x1024.png\" alt=\"MOC-106523 Medieval Guard House by the River Version 2.0 With 2281 Pieces\" width=\"1024\" height=\"1024\" title=\"-\" srcset=\"https:\/\/mouldking.store\/wp-content\/uploads\/2022\/12\/MOC-106523-Creator-Medieval-Guard-House-by-the-River-Version-2.0-MOC-FACTORY-1024x1024.png 1024w, https:\/\/mouldking.store\/wp-content\/uploads\/2022\/12\/MOC-106523-Creator-Medieval-Guard-House-by-the-River-Version-2.0-MOC-FACTORY-300x300.png 300w, https:\/\/mouldking.store\/wp-content\/uploads\/2022\/12\/MOC-106523-Creator-Medieval-Guard-House-by-the-River-Version-2.0-MOC-FACTORY-768x768.png 768w, https:\/\/mouldking.store\/wp-content\/uploads\/2022\/12\/MOC-106523-Creator-Medieval-Guard-House-by-the-River-Version-2.0-MOC-FACTORY-600x600.png 600w, https:\/\/mouldking.store\/wp-content\/uploads\/2022\/12\/MOC-106523-Creator-Medieval-Guard-House-by-the-River-Version-2.0-MOC-FACTORY-150x150.png 150w, https:\/\/mouldking.store\/wp-content\/uploads\/2022\/12\/MOC-106523-Creator-Medieval-Guard-House-by-the-River-Version-2.0-MOC-FACTORY-60x60.png 60w, https:\/\/mouldking.store\/wp-content\/uploads\/2022\/12\/MOC-106523-Creator-Medieval-Guard-House-by-the-River-Version-2.0-MOC-FACTORY-90x90.png 90w, https:\/\/mouldking.store\/wp-content\/uploads\/2022\/12\/MOC-106523-Creator-Medieval-Guard-House-by-the-River-Version-2.0-MOC-FACTORY.png 1095w\" sizes=\"(max-width: 1024px) 100vw, 1024px\" \/><figcaption id=\"caption-attachment-38495\" class=\"wp-caption-text\">MOC-106523 Middelaldervakthus ved elven Versjon 2.0 Med 2281 Brikker<\/figcaption><\/figure>\n<figure id=\"attachment_38496\" aria-describedby=\"caption-attachment-38496\" style=\"width: 1024px\" class=\"wp-caption aligncenter\"><img decoding=\"async\" class=\"wp-image-38496 size-large\" src=\"https:\/\/mouldking.store\/wp-content\/uploads\/2022\/12\/Medieval-Guard-House-by-the-River-Version-2.0-MOC-106523-1-1024x1024.jpg\" alt=\"MOC-106523 Medieval Guard House by the River Version 2.0 With 2281 Pieces\" width=\"1024\" height=\"1024\" title=\"-\" srcset=\"https:\/\/mouldking.store\/wp-content\/uploads\/2022\/12\/Medieval-Guard-House-by-the-River-Version-2.0-MOC-106523-1-1024x1024.jpg 1024w, https:\/\/mouldking.store\/wp-content\/uploads\/2022\/12\/Medieval-Guard-House-by-the-River-Version-2.0-MOC-106523-1-300x300.jpg 300w, https:\/\/mouldking.store\/wp-content\/uploads\/2022\/12\/Medieval-Guard-House-by-the-River-Version-2.0-MOC-106523-1-768x768.jpg 768w, https:\/\/mouldking.store\/wp-content\/uploads\/2022\/12\/Medieval-Guard-House-by-the-River-Version-2.0-MOC-106523-1-600x600.jpg 600w, https:\/\/mouldking.store\/wp-content\/uploads\/2022\/12\/Medieval-Guard-House-by-the-River-Version-2.0-MOC-106523-1-150x150.jpg 150w, https:\/\/mouldking.store\/wp-content\/uploads\/2022\/12\/Medieval-Guard-House-by-the-River-Version-2.0-MOC-106523-1-60x60.jpg 60w, https:\/\/mouldking.store\/wp-content\/uploads\/2022\/12\/Medieval-Guard-House-by-the-River-Version-2.0-MOC-106523-1-90x90.jpg 90w, https:\/\/mouldking.store\/wp-content\/uploads\/2022\/12\/Medieval-Guard-House-by-the-River-Version-2.0-MOC-106523-1.jpg 1100w\" sizes=\"(max-width: 1024px) 100vw, 1024px\" \/><figcaption id=\"caption-attachment-38496\" class=\"wp-caption-text\">MOC-106523 Middelaldervakthus ved elven Versjon 2.0 Med 2281 Brikker<\/figcaption><\/figure>\n<figure id=\"attachment_38497\" aria-describedby=\"caption-attachment-38497\" style=\"width: 1024px\" class=\"wp-caption aligncenter\"><img decoding=\"async\" class=\"wp-image-38497 size-large\" src=\"https:\/\/mouldking.store\/wp-content\/uploads\/2022\/12\/Medieval-Guard-House-by-the-River-Version-2.0-MOC-106523-2-1024x1024.jpg\" alt=\"MOC-106523 Medieval Guard House by the River Version 2.0 With 2281 Pieces\" width=\"1024\" height=\"1024\" title=\"-\" srcset=\"https:\/\/mouldking.store\/wp-content\/uploads\/2022\/12\/Medieval-Guard-House-by-the-River-Version-2.0-MOC-106523-2-1024x1024.jpg 1024w, https:\/\/mouldking.store\/wp-content\/uploads\/2022\/12\/Medieval-Guard-House-by-the-River-Version-2.0-MOC-106523-2-300x300.jpg 300w, https:\/\/mouldking.store\/wp-content\/uploads\/2022\/12\/Medieval-Guard-House-by-the-River-Version-2.0-MOC-106523-2-768x768.jpg 768w, https:\/\/mouldking.store\/wp-content\/uploads\/2022\/12\/Medieval-Guard-House-by-the-River-Version-2.0-MOC-106523-2-600x600.jpg 600w, https:\/\/mouldking.store\/wp-content\/uploads\/2022\/12\/Medieval-Guard-House-by-the-River-Version-2.0-MOC-106523-2-150x150.jpg 150w, https:\/\/mouldking.store\/wp-content\/uploads\/2022\/12\/Medieval-Guard-House-by-the-River-Version-2.0-MOC-106523-2-60x60.jpg 60w, https:\/\/mouldking.store\/wp-content\/uploads\/2022\/12\/Medieval-Guard-House-by-the-River-Version-2.0-MOC-106523-2-90x90.jpg 90w, https:\/\/mouldking.store\/wp-content\/uploads\/2022\/12\/Medieval-Guard-House-by-the-River-Version-2.0-MOC-106523-2.jpg 1100w\" sizes=\"(max-width: 1024px) 100vw, 1024px\" \/><figcaption id=\"caption-attachment-38497\" class=\"wp-caption-text\">MOC-106523 Middelaldervakthus ved elven Versjon 2.0 Med 2281 Brikker<\/figcaption><\/figure>\n<figure id=\"attachment_38498\" aria-describedby=\"caption-attachment-38498\" style=\"width: 1024px\" class=\"wp-caption aligncenter\"><img loading=\"lazy\" decoding=\"async\" class=\"wp-image-38498 size-large\" src=\"https:\/\/mouldking.store\/wp-content\/uploads\/2022\/12\/Medieval-Guard-House-by-the-River-Version-2.0-MOC-106523-3-1024x1024.jpg\" alt=\"MOC-106523 Medieval Guard House by the River Version 2.0 With 2281 Pieces\" width=\"1024\" height=\"1024\" title=\"-\" srcset=\"https:\/\/mouldking.store\/wp-content\/uploads\/2022\/12\/Medieval-Guard-House-by-the-River-Version-2.0-MOC-106523-3-1024x1024.jpg 1024w, https:\/\/mouldking.store\/wp-content\/uploads\/2022\/12\/Medieval-Guard-House-by-the-River-Version-2.0-MOC-106523-3-300x300.jpg 300w, https:\/\/mouldking.store\/wp-content\/uploads\/2022\/12\/Medieval-Guard-House-by-the-River-Version-2.0-MOC-106523-3-768x768.jpg 768w, https:\/\/mouldking.store\/wp-content\/uploads\/2022\/12\/Medieval-Guard-House-by-the-River-Version-2.0-MOC-106523-3-600x600.jpg 600w, https:\/\/mouldking.store\/wp-content\/uploads\/2022\/12\/Medieval-Guard-House-by-the-River-Version-2.0-MOC-106523-3-150x150.jpg 150w, https:\/\/mouldking.store\/wp-content\/uploads\/2022\/12\/Medieval-Guard-House-by-the-River-Version-2.0-MOC-106523-3-60x60.jpg 60w, https:\/\/mouldking.store\/wp-content\/uploads\/2022\/12\/Medieval-Guard-House-by-the-River-Version-2.0-MOC-106523-3-90x90.jpg 90w, https:\/\/mouldking.store\/wp-content\/uploads\/2022\/12\/Medieval-Guard-House-by-the-River-Version-2.0-MOC-106523-3.jpg 1100w\" sizes=\"(max-width: 1024px) 100vw, 1024px\" \/><figcaption id=\"caption-attachment-38498\" class=\"wp-caption-text\">MOC-106523 Middelaldervakthus ved elven Versjon 2.0 Med 2281 Brikker<\/figcaption><\/figure>\n<figure id=\"attachment_38499\" aria-describedby=\"caption-attachment-38499\" style=\"width: 1024px\" class=\"wp-caption aligncenter\"><img loading=\"lazy\" decoding=\"async\" class=\"wp-image-38499 size-large\" src=\"https:\/\/mouldking.store\/wp-content\/uploads\/2022\/12\/Medieval-Guard-House-by-the-River-Version-2.0-MOC-106523-4-1024x1024.jpg\" alt=\"MOC-106523 Medieval Guard House by the River Version 2.0 With 2281 Pieces\" width=\"1024\" height=\"1024\" title=\"-\" srcset=\"https:\/\/mouldking.store\/wp-content\/uploads\/2022\/12\/Medieval-Guard-House-by-the-River-Version-2.0-MOC-106523-4-1024x1024.jpg 1024w, https:\/\/mouldking.store\/wp-content\/uploads\/2022\/12\/Medieval-Guard-House-by-the-River-Version-2.0-MOC-106523-4-300x300.jpg 300w, https:\/\/mouldking.store\/wp-content\/uploads\/2022\/12\/Medieval-Guard-House-by-the-River-Version-2.0-MOC-106523-4-768x768.jpg 768w, https:\/\/mouldking.store\/wp-content\/uploads\/2022\/12\/Medieval-Guard-House-by-the-River-Version-2.0-MOC-106523-4-600x600.jpg 600w, https:\/\/mouldking.store\/wp-content\/uploads\/2022\/12\/Medieval-Guard-House-by-the-River-Version-2.0-MOC-106523-4-150x150.jpg 150w, https:\/\/mouldking.store\/wp-content\/uploads\/2022\/12\/Medieval-Guard-House-by-the-River-Version-2.0-MOC-106523-4-60x60.jpg 60w, https:\/\/mouldking.store\/wp-content\/uploads\/2022\/12\/Medieval-Guard-House-by-the-River-Version-2.0-MOC-106523-4-90x90.jpg 90w, https:\/\/mouldking.store\/wp-content\/uploads\/2022\/12\/Medieval-Guard-House-by-the-River-Version-2.0-MOC-106523-4.jpg 1100w\" sizes=\"(max-width: 1024px) 100vw, 1024px\" \/><figcaption id=\"caption-attachment-38499\" class=\"wp-caption-text\">MOC-106523 Middelaldervakthus ved elven Versjon 2.0 Med 2281 Brikker<\/figcaption><\/figure>\n<figure id=\"attachment_38500\" aria-describedby=\"caption-attachment-38500\" style=\"width: 1024px\" class=\"wp-caption aligncenter\"><img loading=\"lazy\" decoding=\"async\" class=\"wp-image-38500 size-large\" src=\"https:\/\/mouldking.store\/wp-content\/uploads\/2022\/12\/Medieval-Guard-House-by-the-River-Version-2.0-MOC-106523-5-1024x1024.jpg\" alt=\"MOC-106523 Medieval Guard House by the River Version 2.0 With 2281 Pieces\" width=\"1024\" height=\"1024\" title=\"-\" srcset=\"https:\/\/mouldking.store\/wp-content\/uploads\/2022\/12\/Medieval-Guard-House-by-the-River-Version-2.0-MOC-106523-5-1024x1024.jpg 1024w, https:\/\/mouldking.store\/wp-content\/uploads\/2022\/12\/Medieval-Guard-House-by-the-River-Version-2.0-MOC-106523-5-300x300.jpg 300w, https:\/\/mouldking.store\/wp-content\/uploads\/2022\/12\/Medieval-Guard-House-by-the-River-Version-2.0-MOC-106523-5-768x768.jpg 768w, https:\/\/mouldking.store\/wp-content\/uploads\/2022\/12\/Medieval-Guard-House-by-the-River-Version-2.0-MOC-106523-5-600x600.jpg 600w, https:\/\/mouldking.store\/wp-content\/uploads\/2022\/12\/Medieval-Guard-House-by-the-River-Version-2.0-MOC-106523-5-150x150.jpg 150w, https:\/\/mouldking.store\/wp-content\/uploads\/2022\/12\/Medieval-Guard-House-by-the-River-Version-2.0-MOC-106523-5-60x60.jpg 60w, https:\/\/mouldking.store\/wp-content\/uploads\/2022\/12\/Medieval-Guard-House-by-the-River-Version-2.0-MOC-106523-5-90x90.jpg 90w, https:\/\/mouldking.store\/wp-content\/uploads\/2022\/12\/Medieval-Guard-House-by-the-River-Version-2.0-MOC-106523-5.jpg 1100w\" sizes=\"(max-width: 1024px) 100vw, 1024px\" \/><figcaption id=\"caption-attachment-38500\" class=\"wp-caption-text\">MOC-106523 Middelaldervakthus ved elven Versjon 2.0 Med 2281 Brikker<\/figcaption><\/figure>\n<figure id=\"attachment_38501\" aria-describedby=\"caption-attachment-38501\" style=\"width: 1100px\" class=\"wp-caption aligncenter\"><img loading=\"lazy\" decoding=\"async\" class=\"wp-image-38501 size-full\" src=\"https:\/\/mouldking.store\/wp-content\/uploads\/2022\/12\/Medieval-Guard-House-by-the-River-Version-2.0-MOC-106523-5-2.jpg\" alt=\"MOC-106523 Medieval Guard House by the River Version 2.0 With 2281 Pieces\" width=\"1100\" height=\"1100\" title=\"-\" srcset=\"https:\/\/mouldking.store\/wp-content\/uploads\/2022\/12\/Medieval-Guard-House-by-the-River-Version-2.0-MOC-106523-5-2.jpg 1100w, https:\/\/mouldking.store\/wp-content\/uploads\/2022\/12\/Medieval-Guard-House-by-the-River-Version-2.0-MOC-106523-5-2-300x300.jpg 300w, https:\/\/mouldking.store\/wp-content\/uploads\/2022\/12\/Medieval-Guard-House-by-the-River-Version-2.0-MOC-106523-5-2-1024x1024.jpg 1024w, https:\/\/mouldking.store\/wp-content\/uploads\/2022\/12\/Medieval-Guard-House-by-the-River-Version-2.0-MOC-106523-5-2-768x768.jpg 768w, https:\/\/mouldking.store\/wp-content\/uploads\/2022\/12\/Medieval-Guard-House-by-the-River-Version-2.0-MOC-106523-5-2-600x600.jpg 600w, https:\/\/mouldking.store\/wp-content\/uploads\/2022\/12\/Medieval-Guard-House-by-the-River-Version-2.0-MOC-106523-5-2-150x150.jpg 150w, https:\/\/mouldking.store\/wp-content\/uploads\/2022\/12\/Medieval-Guard-House-by-the-River-Version-2.0-MOC-106523-5-2-60x60.jpg 60w, https:\/\/mouldking.store\/wp-content\/uploads\/2022\/12\/Medieval-Guard-House-by-the-River-Version-2.0-MOC-106523-5-2-90x90.jpg 90w\" sizes=\"(max-width: 1100px) 100vw, 1100px\" \/><figcaption id=\"caption-attachment-38501\" class=\"wp-caption-text\">MOC-106523 Middelaldervakthus ved elven Versjon 2.0 Med 2281 Brikker<\/figcaption><\/figure>","protected":false},"excerpt":{"rendered":"<p>Byggeveiledning i pdf<\/p>\n<p>Uten originaleske<\/p>\n<p>Tidsbestemt: 4-8 uker<\/p>","protected":false},"featured_media":38495,"comment_status":"closed","ping_status":"closed","template":"","meta":{"_acf_changed":false},"product_cat":[1365,1406],"product_tag":[9889,9888,4996,9891,9892,9893,430,9887,9894,9886,9890],"class_list":["product","first","instock","shipping-taxable","purchasable","product-type-simple"],"acf":[],"_links":{"self":[{"href":"https:\/\/mouldking.store\/nb\/wp-json\/wp\/v2\/product\/38494","targetHints":{"allow":["GET"]}}],"collection":[{"href":"https:\/\/mouldking.store\/nb\/wp-json\/wp\/v2\/product"}],"about":[{"href":"https:\/\/mouldking.store\/nb\/wp-json\/wp\/v2\/types\/product"}],"replies":[{"embeddable":true,"href":"https:\/\/mouldking.store\/nb\/wp-json\/wp\/v2\/comments?post=38494"}],"wp:featuredmedia":[{"embeddable":true,"href":"https:\/\/mouldking.store\/nb\/wp-json\/wp\/v2\/media\/38495"}],"wp:attachment":[{"href":"https:\/\/mouldking.store\/nb\/wp-json\/wp\/v2\/media?parent=38494"}],"wp:term":[{"taxonomy":"product_cat","embeddable":true,"href":"https:\/\/mouldking.store\/nb\/wp-json\/wp\/v2\/product_cat?post=38494"},{"taxonomy":"product_tag","embeddable":true,"href":"https:\/\/mouldking.store\/nb\/wp-json\/wp\/v2\/product_tag?post=38494"}],"curies":[{"name":"wp","href":"https:\/\/api.w.org\/{rel}","templated":true}]}}