{"id":38510,"date":"2022-12-22T11:01:30","date_gmt":"2022-12-22T04:01:30","guid":{"rendered":"https:\/\/mouldking.store\/?post_type=product&#038;p=38510"},"modified":"2025-12-25T09:11:59","modified_gmt":"2025-12-25T02:11:59","slug":"moc-109831-medieval-execution-of-two-robber-knights-with-1527-pieces","status":"publish","type":"product","link":"https:\/\/mouldking.store\/nb\/shop\/moc-109831-medieval-execution-of-two-robber-knights-with-1527-pieces\/","title":{"rendered":"MOC-109831 Middelaldersk henrettelse av to r\u00f8verriddere med 1527 stykker"},"content":{"rendered":"<ol>\n<li>Merke: MOC<\/li>\n<li>Kj\u00f8nn: Unisex<\/li>\n<li>Name: Medieval Execution Of Two Robber Knights<\/li>\n<li>Aldersgruppe: &gt; 6 \u00e5r gammel<\/li>\n<li>Model Number: 109831<\/li>\n<li>Klassifisering: Montering<\/li>\n<li>Plastblokkform: Selvl\u00e5sende murstein<\/li>\n<li>Materiale: Plast<\/li>\n<li>Plasttype: ABS<\/li>\n<li>Bricks Blocks:1527 PCS<\/li>\n<li>Weight:2000g<\/li>\n<li>Inneholder detaljerte monteringsanvisninger.<\/li>\n<\/ol>\n<p>Legge merke til:<br \/>\n1. Uten original eske, men vi garanterer at v\u00e5re produkter har kvalitetssikring og pen emballasje.<br \/>\n2. Som alle delene vi har sjekket f\u00f8r frakt, s\u00e5 hvis du finner noen deler savnet eller skadet, ikke bekymre deg og bare kontakt oss, s\u00e5 kan vi sende dem til deg p\u00e5 nytt umiddelbart gratis.<\/p>\n<figure id=\"attachment_38511\" aria-describedby=\"caption-attachment-38511\" style=\"width: 1024px\" class=\"wp-caption aligncenter\"><img fetchpriority=\"high\" decoding=\"async\" class=\"wp-image-38511 size-large\" src=\"https:\/\/mouldking.store\/wp-content\/uploads\/2022\/12\/MOC-109831-Creator-Medieval-Execution-Of-Two-Robber-Knights-MOC-FACTORY-1024x1024.png\" alt=\"MOC-109831 Medieval Execution Of Two Robber Knights With 1527 Pieces\" width=\"1024\" height=\"1024\" title=\"-\" srcset=\"https:\/\/mouldking.store\/wp-content\/uploads\/2022\/12\/MOC-109831-Creator-Medieval-Execution-Of-Two-Robber-Knights-MOC-FACTORY-1024x1024.png 1024w, https:\/\/mouldking.store\/wp-content\/uploads\/2022\/12\/MOC-109831-Creator-Medieval-Execution-Of-Two-Robber-Knights-MOC-FACTORY-300x300.png 300w, https:\/\/mouldking.store\/wp-content\/uploads\/2022\/12\/MOC-109831-Creator-Medieval-Execution-Of-Two-Robber-Knights-MOC-FACTORY-768x768.png 768w, https:\/\/mouldking.store\/wp-content\/uploads\/2022\/12\/MOC-109831-Creator-Medieval-Execution-Of-Two-Robber-Knights-MOC-FACTORY-600x600.png 600w, https:\/\/mouldking.store\/wp-content\/uploads\/2022\/12\/MOC-109831-Creator-Medieval-Execution-Of-Two-Robber-Knights-MOC-FACTORY-150x150.png 150w, https:\/\/mouldking.store\/wp-content\/uploads\/2022\/12\/MOC-109831-Creator-Medieval-Execution-Of-Two-Robber-Knights-MOC-FACTORY-60x60.png 60w, https:\/\/mouldking.store\/wp-content\/uploads\/2022\/12\/MOC-109831-Creator-Medieval-Execution-Of-Two-Robber-Knights-MOC-FACTORY-90x90.png 90w, https:\/\/mouldking.store\/wp-content\/uploads\/2022\/12\/MOC-109831-Creator-Medieval-Execution-Of-Two-Robber-Knights-MOC-FACTORY.png 1095w\" sizes=\"(max-width: 1024px) 100vw, 1024px\" \/><figcaption id=\"caption-attachment-38511\" class=\"wp-caption-text\">MOC-109831 Middelaldersk henrettelse av to r\u00f8verriddere med 1527 stykker<\/figcaption><\/figure>\n<figure id=\"attachment_38512\" aria-describedby=\"caption-attachment-38512\" style=\"width: 1100px\" class=\"wp-caption aligncenter\"><img decoding=\"async\" class=\"wp-image-38512 size-full\" src=\"https:\/\/mouldking.store\/wp-content\/uploads\/2022\/12\/Medieval-Execution-Of-Two-Robber-Knights-MOC-109831-1.jpg\" alt=\"MOC-109831 Medieval Execution Of Two Robber Knights With 1527 Pieces\" width=\"1100\" height=\"1100\" title=\"-\" srcset=\"https:\/\/mouldking.store\/wp-content\/uploads\/2022\/12\/Medieval-Execution-Of-Two-Robber-Knights-MOC-109831-1.jpg 1100w, https:\/\/mouldking.store\/wp-content\/uploads\/2022\/12\/Medieval-Execution-Of-Two-Robber-Knights-MOC-109831-1-300x300.jpg 300w, https:\/\/mouldking.store\/wp-content\/uploads\/2022\/12\/Medieval-Execution-Of-Two-Robber-Knights-MOC-109831-1-1024x1024.jpg 1024w, https:\/\/mouldking.store\/wp-content\/uploads\/2022\/12\/Medieval-Execution-Of-Two-Robber-Knights-MOC-109831-1-768x768.jpg 768w, https:\/\/mouldking.store\/wp-content\/uploads\/2022\/12\/Medieval-Execution-Of-Two-Robber-Knights-MOC-109831-1-600x600.jpg 600w, https:\/\/mouldking.store\/wp-content\/uploads\/2022\/12\/Medieval-Execution-Of-Two-Robber-Knights-MOC-109831-1-150x150.jpg 150w, https:\/\/mouldking.store\/wp-content\/uploads\/2022\/12\/Medieval-Execution-Of-Two-Robber-Knights-MOC-109831-1-60x60.jpg 60w, https:\/\/mouldking.store\/wp-content\/uploads\/2022\/12\/Medieval-Execution-Of-Two-Robber-Knights-MOC-109831-1-90x90.jpg 90w\" sizes=\"(max-width: 1100px) 100vw, 1100px\" \/><figcaption id=\"caption-attachment-38512\" class=\"wp-caption-text\">MOC-109831 Middelaldersk henrettelse av to r\u00f8verriddere med 1527 stykker<\/figcaption><\/figure>\n<figure id=\"attachment_38513\" aria-describedby=\"caption-attachment-38513\" style=\"width: 1100px\" class=\"wp-caption aligncenter\"><img decoding=\"async\" class=\"wp-image-38513 size-full\" src=\"https:\/\/mouldking.store\/wp-content\/uploads\/2022\/12\/Medieval-Execution-Of-Two-Robber-Knights-MOC-109831-2.jpg\" alt=\"MOC-109831 Medieval Execution Of Two Robber Knights With 1527 Pieces\" width=\"1100\" height=\"1100\" title=\"-\" srcset=\"https:\/\/mouldking.store\/wp-content\/uploads\/2022\/12\/Medieval-Execution-Of-Two-Robber-Knights-MOC-109831-2.jpg 1100w, https:\/\/mouldking.store\/wp-content\/uploads\/2022\/12\/Medieval-Execution-Of-Two-Robber-Knights-MOC-109831-2-300x300.jpg 300w, https:\/\/mouldking.store\/wp-content\/uploads\/2022\/12\/Medieval-Execution-Of-Two-Robber-Knights-MOC-109831-2-1024x1024.jpg 1024w, https:\/\/mouldking.store\/wp-content\/uploads\/2022\/12\/Medieval-Execution-Of-Two-Robber-Knights-MOC-109831-2-768x768.jpg 768w, https:\/\/mouldking.store\/wp-content\/uploads\/2022\/12\/Medieval-Execution-Of-Two-Robber-Knights-MOC-109831-2-600x600.jpg 600w, https:\/\/mouldking.store\/wp-content\/uploads\/2022\/12\/Medieval-Execution-Of-Two-Robber-Knights-MOC-109831-2-150x150.jpg 150w, https:\/\/mouldking.store\/wp-content\/uploads\/2022\/12\/Medieval-Execution-Of-Two-Robber-Knights-MOC-109831-2-60x60.jpg 60w, https:\/\/mouldking.store\/wp-content\/uploads\/2022\/12\/Medieval-Execution-Of-Two-Robber-Knights-MOC-109831-2-90x90.jpg 90w\" sizes=\"(max-width: 1100px) 100vw, 1100px\" \/><figcaption id=\"caption-attachment-38513\" class=\"wp-caption-text\">MOC-109831 Middelaldersk henrettelse av to r\u00f8verriddere med 1527 stykker<\/figcaption><\/figure>\n<figure id=\"attachment_38514\" aria-describedby=\"caption-attachment-38514\" style=\"width: 1100px\" class=\"wp-caption aligncenter\"><img loading=\"lazy\" decoding=\"async\" class=\"wp-image-38514 size-full\" src=\"https:\/\/mouldking.store\/wp-content\/uploads\/2022\/12\/Medieval-Execution-Of-Two-Robber-Knights-MOC-109831-3.jpg\" alt=\"MOC-109831 Medieval Execution Of Two Robber Knights With 1527 Pieces\" width=\"1100\" height=\"1100\" title=\"-\" srcset=\"https:\/\/mouldking.store\/wp-content\/uploads\/2022\/12\/Medieval-Execution-Of-Two-Robber-Knights-MOC-109831-3.jpg 1100w, https:\/\/mouldking.store\/wp-content\/uploads\/2022\/12\/Medieval-Execution-Of-Two-Robber-Knights-MOC-109831-3-300x300.jpg 300w, https:\/\/mouldking.store\/wp-content\/uploads\/2022\/12\/Medieval-Execution-Of-Two-Robber-Knights-MOC-109831-3-1024x1024.jpg 1024w, https:\/\/mouldking.store\/wp-content\/uploads\/2022\/12\/Medieval-Execution-Of-Two-Robber-Knights-MOC-109831-3-768x768.jpg 768w, https:\/\/mouldking.store\/wp-content\/uploads\/2022\/12\/Medieval-Execution-Of-Two-Robber-Knights-MOC-109831-3-600x600.jpg 600w, https:\/\/mouldking.store\/wp-content\/uploads\/2022\/12\/Medieval-Execution-Of-Two-Robber-Knights-MOC-109831-3-150x150.jpg 150w, https:\/\/mouldking.store\/wp-content\/uploads\/2022\/12\/Medieval-Execution-Of-Two-Robber-Knights-MOC-109831-3-60x60.jpg 60w, https:\/\/mouldking.store\/wp-content\/uploads\/2022\/12\/Medieval-Execution-Of-Two-Robber-Knights-MOC-109831-3-90x90.jpg 90w\" sizes=\"(max-width: 1100px) 100vw, 1100px\" \/><figcaption id=\"caption-attachment-38514\" class=\"wp-caption-text\">MOC-109831 Middelaldersk henrettelse av to r\u00f8verriddere med 1527 stykker<\/figcaption><\/figure>\n<figure id=\"attachment_38515\" aria-describedby=\"caption-attachment-38515\" style=\"width: 1024px\" class=\"wp-caption aligncenter\"><img loading=\"lazy\" decoding=\"async\" class=\"wp-image-38515 size-large\" src=\"https:\/\/mouldking.store\/wp-content\/uploads\/2022\/12\/Medieval-Execution-Of-Two-Robber-Knights-MOC-109831-4-1024x1024.jpg\" alt=\"MOC-109831 Medieval Execution Of Two Robber Knights With 1527 Pieces\" width=\"1024\" height=\"1024\" title=\"-\" srcset=\"https:\/\/mouldking.store\/wp-content\/uploads\/2022\/12\/Medieval-Execution-Of-Two-Robber-Knights-MOC-109831-4-1024x1024.jpg 1024w, https:\/\/mouldking.store\/wp-content\/uploads\/2022\/12\/Medieval-Execution-Of-Two-Robber-Knights-MOC-109831-4-300x300.jpg 300w, https:\/\/mouldking.store\/wp-content\/uploads\/2022\/12\/Medieval-Execution-Of-Two-Robber-Knights-MOC-109831-4-768x768.jpg 768w, https:\/\/mouldking.store\/wp-content\/uploads\/2022\/12\/Medieval-Execution-Of-Two-Robber-Knights-MOC-109831-4-600x600.jpg 600w, https:\/\/mouldking.store\/wp-content\/uploads\/2022\/12\/Medieval-Execution-Of-Two-Robber-Knights-MOC-109831-4-150x150.jpg 150w, https:\/\/mouldking.store\/wp-content\/uploads\/2022\/12\/Medieval-Execution-Of-Two-Robber-Knights-MOC-109831-4-60x60.jpg 60w, https:\/\/mouldking.store\/wp-content\/uploads\/2022\/12\/Medieval-Execution-Of-Two-Robber-Knights-MOC-109831-4-90x90.jpg 90w, https:\/\/mouldking.store\/wp-content\/uploads\/2022\/12\/Medieval-Execution-Of-Two-Robber-Knights-MOC-109831-4.jpg 1100w\" sizes=\"(max-width: 1024px) 100vw, 1024px\" \/><figcaption id=\"caption-attachment-38515\" class=\"wp-caption-text\">MOC-109831 Middelaldersk henrettelse av to r\u00f8verriddere med 1527 stykker<\/figcaption><\/figure>\n<figure id=\"attachment_38516\" aria-describedby=\"caption-attachment-38516\" style=\"width: 1024px\" class=\"wp-caption aligncenter\"><img loading=\"lazy\" decoding=\"async\" class=\"wp-image-38516 size-large\" src=\"https:\/\/mouldking.store\/wp-content\/uploads\/2022\/12\/Medieval-Execution-Of-Two-Robber-Knights-MOC-109831-5-1024x1024.jpg\" alt=\"MOC-109831 Medieval Execution Of Two Robber Knights With 1527 Pieces\" width=\"1024\" height=\"1024\" title=\"-\" srcset=\"https:\/\/mouldking.store\/wp-content\/uploads\/2022\/12\/Medieval-Execution-Of-Two-Robber-Knights-MOC-109831-5-1024x1024.jpg 1024w, https:\/\/mouldking.store\/wp-content\/uploads\/2022\/12\/Medieval-Execution-Of-Two-Robber-Knights-MOC-109831-5-300x300.jpg 300w, https:\/\/mouldking.store\/wp-content\/uploads\/2022\/12\/Medieval-Execution-Of-Two-Robber-Knights-MOC-109831-5-768x768.jpg 768w, https:\/\/mouldking.store\/wp-content\/uploads\/2022\/12\/Medieval-Execution-Of-Two-Robber-Knights-MOC-109831-5-600x600.jpg 600w, https:\/\/mouldking.store\/wp-content\/uploads\/2022\/12\/Medieval-Execution-Of-Two-Robber-Knights-MOC-109831-5-150x150.jpg 150w, https:\/\/mouldking.store\/wp-content\/uploads\/2022\/12\/Medieval-Execution-Of-Two-Robber-Knights-MOC-109831-5-60x60.jpg 60w, https:\/\/mouldking.store\/wp-content\/uploads\/2022\/12\/Medieval-Execution-Of-Two-Robber-Knights-MOC-109831-5-90x90.jpg 90w, https:\/\/mouldking.store\/wp-content\/uploads\/2022\/12\/Medieval-Execution-Of-Two-Robber-Knights-MOC-109831-5.jpg 1100w\" sizes=\"(max-width: 1024px) 100vw, 1024px\" \/><figcaption id=\"caption-attachment-38516\" class=\"wp-caption-text\">MOC-109831 Middelaldersk henrettelse av to r\u00f8verriddere med 1527 stykker<\/figcaption><\/figure>\n<figure id=\"attachment_38517\" aria-describedby=\"caption-attachment-38517\" style=\"width: 1100px\" class=\"wp-caption aligncenter\"><img loading=\"lazy\" decoding=\"async\" class=\"wp-image-38517 size-full\" src=\"https:\/\/mouldking.store\/wp-content\/uploads\/2022\/12\/Medieval-Execution-Of-Two-Robber-Knights-MOC-109831-6.jpg\" alt=\"MOC-109831 Medieval Execution Of Two Robber Knights With 1527 Pieces\" width=\"1100\" height=\"1100\" title=\"-\" srcset=\"https:\/\/mouldking.store\/wp-content\/uploads\/2022\/12\/Medieval-Execution-Of-Two-Robber-Knights-MOC-109831-6.jpg 1100w, https:\/\/mouldking.store\/wp-content\/uploads\/2022\/12\/Medieval-Execution-Of-Two-Robber-Knights-MOC-109831-6-300x300.jpg 300w, https:\/\/mouldking.store\/wp-content\/uploads\/2022\/12\/Medieval-Execution-Of-Two-Robber-Knights-MOC-109831-6-1024x1024.jpg 1024w, https:\/\/mouldking.store\/wp-content\/uploads\/2022\/12\/Medieval-Execution-Of-Two-Robber-Knights-MOC-109831-6-768x768.jpg 768w, https:\/\/mouldking.store\/wp-content\/uploads\/2022\/12\/Medieval-Execution-Of-Two-Robber-Knights-MOC-109831-6-600x600.jpg 600w, https:\/\/mouldking.store\/wp-content\/uploads\/2022\/12\/Medieval-Execution-Of-Two-Robber-Knights-MOC-109831-6-150x150.jpg 150w, https:\/\/mouldking.store\/wp-content\/uploads\/2022\/12\/Medieval-Execution-Of-Two-Robber-Knights-MOC-109831-6-60x60.jpg 60w, https:\/\/mouldking.store\/wp-content\/uploads\/2022\/12\/Medieval-Execution-Of-Two-Robber-Knights-MOC-109831-6-90x90.jpg 90w\" sizes=\"(max-width: 1100px) 100vw, 1100px\" \/><figcaption id=\"caption-attachment-38517\" class=\"wp-caption-text\">MOC-109831 Middelaldersk henrettelse av to r\u00f8verriddere med 1527 stykker<\/figcaption><\/figure>","protected":false},"excerpt":{"rendered":"<p>Byggeveiledning i pdf<\/p>\n<p>Uten originaleske<\/p>\n<p>Tidsbestemt: 4-8 uker<\/p>","protected":false},"featured_media":38511,"comment_status":"closed","ping_status":"closed","template":"","meta":{"_acf_changed":false},"product_cat":[1365,1406],"product_tag":[9907,4996,9908,9911,430,9906,9912,9905,9909,9910],"class_list":["product","first","instock","shipping-taxable","purchasable","product-type-simple"],"acf":[],"_links":{"self":[{"href":"https:\/\/mouldking.store\/nb\/wp-json\/wp\/v2\/product\/38510","targetHints":{"allow":["GET"]}}],"collection":[{"href":"https:\/\/mouldking.store\/nb\/wp-json\/wp\/v2\/product"}],"about":[{"href":"https:\/\/mouldking.store\/nb\/wp-json\/wp\/v2\/types\/product"}],"replies":[{"embeddable":true,"href":"https:\/\/mouldking.store\/nb\/wp-json\/wp\/v2\/comments?post=38510"}],"wp:featuredmedia":[{"embeddable":true,"href":"https:\/\/mouldking.store\/nb\/wp-json\/wp\/v2\/media\/38511"}],"wp:attachment":[{"href":"https:\/\/mouldking.store\/nb\/wp-json\/wp\/v2\/media?parent=38510"}],"wp:term":[{"taxonomy":"product_cat","embeddable":true,"href":"https:\/\/mouldking.store\/nb\/wp-json\/wp\/v2\/product_cat?post=38510"},{"taxonomy":"product_tag","embeddable":true,"href":"https:\/\/mouldking.store\/nb\/wp-json\/wp\/v2\/product_tag?post=38510"}],"curies":[{"name":"wp","href":"https:\/\/api.w.org\/{rel}","templated":true}]}}