{"id":38553,"date":"2022-12-22T14:26:12","date_gmt":"2022-12-22T07:26:12","guid":{"rendered":"https:\/\/mouldking.store\/?post_type=product&#038;p=38553"},"modified":"2025-12-25T09:11:58","modified_gmt":"2025-12-25T02:11:58","slug":"moc-109507-viking-voyager-medieval-theme-sailing-boat-with-201-pieces","status":"publish","type":"product","link":"https:\/\/mouldking.store\/nb\/shop\/moc-109507-viking-voyager-medieval-theme-sailing-boat-with-201-pieces\/","title":{"rendered":"MOC-109507 VIKING VOYAGER seilb\u00e5t med middelaldertema med 201 deler"},"content":{"rendered":"<ol>\n<li>Merke: MOC<\/li>\n<li>Kj\u00f8nn: Unisex<\/li>\n<li>Name: VIKING VOYAGER Medieval Theme Sailing Boat<\/li>\n<li>Aldersgruppe: &gt; 6 \u00e5r gammel<\/li>\n<li>Model Number: 109507<\/li>\n<li>Klassifisering: Montering<\/li>\n<li>Plastblokkform: Selvl\u00e5sende murstein<\/li>\n<li>Materiale: Plast<\/li>\n<li>Plasttype: ABS<\/li>\n<li>Bricks Blocks:201 PCS<\/li>\n<li>Vekt: 200g<\/li>\n<li>Inneholder detaljerte monteringsanvisninger.<\/li>\n<\/ol>\n<p>Legge merke til:<br \/>\n1. Uten original eske, men vi garanterer at v\u00e5re produkter har kvalitetssikring og pen emballasje.<br \/>\n2. Som alle delene vi har sjekket f\u00f8r frakt, s\u00e5 hvis du finner noen deler savnet eller skadet, ikke bekymre deg og bare kontakt oss, s\u00e5 kan vi sende dem til deg p\u00e5 nytt umiddelbart gratis.<\/p>\n<figure id=\"attachment_38554\" aria-describedby=\"caption-attachment-38554\" style=\"width: 1004px\" class=\"wp-caption aligncenter\"><img fetchpriority=\"high\" decoding=\"async\" class=\"wp-image-38554 size-full\" src=\"https:\/\/mouldking.store\/wp-content\/uploads\/2022\/12\/MOC-109507-Creator-VIKING-VOYAGER-Medieval-Theme-Sailing-Boat-MOC-FACTORY.png\" alt=\"MOC-109507 VIKING VOYAGER Medieval Theme Sailing Boat With 201 Pieces\" width=\"1004\" height=\"1004\" title=\"-\" srcset=\"https:\/\/mouldking.store\/wp-content\/uploads\/2022\/12\/MOC-109507-Creator-VIKING-VOYAGER-Medieval-Theme-Sailing-Boat-MOC-FACTORY.png 1004w, https:\/\/mouldking.store\/wp-content\/uploads\/2022\/12\/MOC-109507-Creator-VIKING-VOYAGER-Medieval-Theme-Sailing-Boat-MOC-FACTORY-300x300.png 300w, https:\/\/mouldking.store\/wp-content\/uploads\/2022\/12\/MOC-109507-Creator-VIKING-VOYAGER-Medieval-Theme-Sailing-Boat-MOC-FACTORY-768x768.png 768w, https:\/\/mouldking.store\/wp-content\/uploads\/2022\/12\/MOC-109507-Creator-VIKING-VOYAGER-Medieval-Theme-Sailing-Boat-MOC-FACTORY-600x600.png 600w, https:\/\/mouldking.store\/wp-content\/uploads\/2022\/12\/MOC-109507-Creator-VIKING-VOYAGER-Medieval-Theme-Sailing-Boat-MOC-FACTORY-150x150.png 150w, https:\/\/mouldking.store\/wp-content\/uploads\/2022\/12\/MOC-109507-Creator-VIKING-VOYAGER-Medieval-Theme-Sailing-Boat-MOC-FACTORY-60x60.png 60w, https:\/\/mouldking.store\/wp-content\/uploads\/2022\/12\/MOC-109507-Creator-VIKING-VOYAGER-Medieval-Theme-Sailing-Boat-MOC-FACTORY-90x90.png 90w\" sizes=\"(max-width: 1004px) 100vw, 1004px\" \/><figcaption id=\"caption-attachment-38554\" class=\"wp-caption-text\">MOC-109507 VIKING VOYAGER seilb\u00e5t med middelaldertema med 201 deler<\/figcaption><\/figure>\n<figure id=\"attachment_38555\" aria-describedby=\"caption-attachment-38555\" style=\"width: 1024px\" class=\"wp-caption aligncenter\"><img decoding=\"async\" class=\"wp-image-38555 size-large\" src=\"https:\/\/mouldking.store\/wp-content\/uploads\/2022\/12\/VIKING-VOYAGER-Medieval-Theme-Sailing-Boat-MOC-109507-1-1024x1024.jpg\" alt=\"MOC-109507 VIKING VOYAGER Medieval Theme Sailing Boat With 201 Pieces\" width=\"1024\" height=\"1024\" title=\"-\" srcset=\"https:\/\/mouldking.store\/wp-content\/uploads\/2022\/12\/VIKING-VOYAGER-Medieval-Theme-Sailing-Boat-MOC-109507-1-1024x1024.jpg 1024w, https:\/\/mouldking.store\/wp-content\/uploads\/2022\/12\/VIKING-VOYAGER-Medieval-Theme-Sailing-Boat-MOC-109507-1-300x300.jpg 300w, https:\/\/mouldking.store\/wp-content\/uploads\/2022\/12\/VIKING-VOYAGER-Medieval-Theme-Sailing-Boat-MOC-109507-1-768x768.jpg 768w, https:\/\/mouldking.store\/wp-content\/uploads\/2022\/12\/VIKING-VOYAGER-Medieval-Theme-Sailing-Boat-MOC-109507-1-600x600.jpg 600w, https:\/\/mouldking.store\/wp-content\/uploads\/2022\/12\/VIKING-VOYAGER-Medieval-Theme-Sailing-Boat-MOC-109507-1-150x150.jpg 150w, https:\/\/mouldking.store\/wp-content\/uploads\/2022\/12\/VIKING-VOYAGER-Medieval-Theme-Sailing-Boat-MOC-109507-1-60x60.jpg 60w, https:\/\/mouldking.store\/wp-content\/uploads\/2022\/12\/VIKING-VOYAGER-Medieval-Theme-Sailing-Boat-MOC-109507-1-90x90.jpg 90w, https:\/\/mouldking.store\/wp-content\/uploads\/2022\/12\/VIKING-VOYAGER-Medieval-Theme-Sailing-Boat-MOC-109507-1.jpg 1100w\" sizes=\"(max-width: 1024px) 100vw, 1024px\" \/><figcaption id=\"caption-attachment-38555\" class=\"wp-caption-text\">MOC-109507 VIKING VOYAGER seilb\u00e5t med middelaldertema med 201 deler<\/figcaption><\/figure>\n<figure id=\"attachment_38556\" aria-describedby=\"caption-attachment-38556\" style=\"width: 1024px\" class=\"wp-caption aligncenter\"><img decoding=\"async\" class=\"wp-image-38556 size-large\" src=\"https:\/\/mouldking.store\/wp-content\/uploads\/2022\/12\/VIKING-VOYAGER-Medieval-Theme-Sailing-Boat-MOC-109507-3-1024x1024.jpg\" alt=\"MOC-109507 VIKING VOYAGER Medieval Theme Sailing Boat With 201 Pieces\" width=\"1024\" height=\"1024\" title=\"-\" srcset=\"https:\/\/mouldking.store\/wp-content\/uploads\/2022\/12\/VIKING-VOYAGER-Medieval-Theme-Sailing-Boat-MOC-109507-3-1024x1024.jpg 1024w, https:\/\/mouldking.store\/wp-content\/uploads\/2022\/12\/VIKING-VOYAGER-Medieval-Theme-Sailing-Boat-MOC-109507-3-300x300.jpg 300w, https:\/\/mouldking.store\/wp-content\/uploads\/2022\/12\/VIKING-VOYAGER-Medieval-Theme-Sailing-Boat-MOC-109507-3-768x768.jpg 768w, https:\/\/mouldking.store\/wp-content\/uploads\/2022\/12\/VIKING-VOYAGER-Medieval-Theme-Sailing-Boat-MOC-109507-3-600x600.jpg 600w, https:\/\/mouldking.store\/wp-content\/uploads\/2022\/12\/VIKING-VOYAGER-Medieval-Theme-Sailing-Boat-MOC-109507-3-150x150.jpg 150w, https:\/\/mouldking.store\/wp-content\/uploads\/2022\/12\/VIKING-VOYAGER-Medieval-Theme-Sailing-Boat-MOC-109507-3-60x60.jpg 60w, https:\/\/mouldking.store\/wp-content\/uploads\/2022\/12\/VIKING-VOYAGER-Medieval-Theme-Sailing-Boat-MOC-109507-3-90x90.jpg 90w, https:\/\/mouldking.store\/wp-content\/uploads\/2022\/12\/VIKING-VOYAGER-Medieval-Theme-Sailing-Boat-MOC-109507-3.jpg 1100w\" sizes=\"(max-width: 1024px) 100vw, 1024px\" \/><figcaption id=\"caption-attachment-38556\" class=\"wp-caption-text\">MOC-109507 VIKING VOYAGER seilb\u00e5t med middelaldertema med 201 deler<\/figcaption><\/figure>\n<figure id=\"attachment_38557\" aria-describedby=\"caption-attachment-38557\" style=\"width: 1024px\" class=\"wp-caption aligncenter\"><img loading=\"lazy\" decoding=\"async\" class=\"wp-image-38557 size-large\" src=\"https:\/\/mouldking.store\/wp-content\/uploads\/2022\/12\/VIKING-VOYAGER-Medieval-Theme-Sailing-Boat-MOC-109507-2-1024x1024.jpg\" alt=\"MOC-109507 VIKING VOYAGER Medieval Theme Sailing Boat With 201 Pieces\" width=\"1024\" height=\"1024\" title=\"-\" srcset=\"https:\/\/mouldking.store\/wp-content\/uploads\/2022\/12\/VIKING-VOYAGER-Medieval-Theme-Sailing-Boat-MOC-109507-2-1024x1024.jpg 1024w, https:\/\/mouldking.store\/wp-content\/uploads\/2022\/12\/VIKING-VOYAGER-Medieval-Theme-Sailing-Boat-MOC-109507-2-300x300.jpg 300w, https:\/\/mouldking.store\/wp-content\/uploads\/2022\/12\/VIKING-VOYAGER-Medieval-Theme-Sailing-Boat-MOC-109507-2-768x768.jpg 768w, https:\/\/mouldking.store\/wp-content\/uploads\/2022\/12\/VIKING-VOYAGER-Medieval-Theme-Sailing-Boat-MOC-109507-2-600x600.jpg 600w, https:\/\/mouldking.store\/wp-content\/uploads\/2022\/12\/VIKING-VOYAGER-Medieval-Theme-Sailing-Boat-MOC-109507-2-150x150.jpg 150w, https:\/\/mouldking.store\/wp-content\/uploads\/2022\/12\/VIKING-VOYAGER-Medieval-Theme-Sailing-Boat-MOC-109507-2-60x60.jpg 60w, https:\/\/mouldking.store\/wp-content\/uploads\/2022\/12\/VIKING-VOYAGER-Medieval-Theme-Sailing-Boat-MOC-109507-2-90x90.jpg 90w, https:\/\/mouldking.store\/wp-content\/uploads\/2022\/12\/VIKING-VOYAGER-Medieval-Theme-Sailing-Boat-MOC-109507-2.jpg 1100w\" sizes=\"(max-width: 1024px) 100vw, 1024px\" \/><figcaption id=\"caption-attachment-38557\" class=\"wp-caption-text\">MOC-109507 VIKING VOYAGER seilb\u00e5t med middelaldertema med 201 deler<\/figcaption><\/figure>","protected":false},"excerpt":{"rendered":"<p>Byggeveiledning i pdf<\/p>\n<p>Uten originaleske<\/p>\n<p>Tidsbestemt: 4-8 uker<\/p>","protected":false},"author":1145,"featured_media":38554,"comment_status":"closed","ping_status":"closed","template":"","meta":{"_acf_changed":false},"product_cat":[1365,1406],"product_tag":[6471,4996,9957,430,9951,9959,9950,9955,9956,9952,9954,9958,9953],"class_list":["product","first","instock","shipping-taxable","purchasable","product-type-simple"],"acf":[],"_links":{"self":[{"href":"https:\/\/mouldking.store\/nb\/wp-json\/wp\/v2\/product\/38553","targetHints":{"allow":["GET"]}}],"collection":[{"href":"https:\/\/mouldking.store\/nb\/wp-json\/wp\/v2\/product"}],"about":[{"href":"https:\/\/mouldking.store\/nb\/wp-json\/wp\/v2\/types\/product"}],"author":[{"embeddable":true,"href":"https:\/\/mouldking.store\/nb\/wp-json\/wp\/v2\/users\/1145"}],"replies":[{"embeddable":true,"href":"https:\/\/mouldking.store\/nb\/wp-json\/wp\/v2\/comments?post=38553"}],"wp:featuredmedia":[{"embeddable":true,"href":"https:\/\/mouldking.store\/nb\/wp-json\/wp\/v2\/media\/38554"}],"wp:attachment":[{"href":"https:\/\/mouldking.store\/nb\/wp-json\/wp\/v2\/media?parent=38553"}],"wp:term":[{"taxonomy":"product_cat","embeddable":true,"href":"https:\/\/mouldking.store\/nb\/wp-json\/wp\/v2\/product_cat?post=38553"},{"taxonomy":"product_tag","embeddable":true,"href":"https:\/\/mouldking.store\/nb\/wp-json\/wp\/v2\/product_tag?post=38553"}],"curies":[{"name":"wp","href":"https:\/\/api.w.org\/{rel}","templated":true}]}}